{"id":9868,"date":"2024-06-11T07:49:44","date_gmt":"2024-06-11T07:49:44","guid":{"rendered":"https:\/\/elfsight.com\/pl\/?page_id=9868"},"modified":"2025-06-17T14:08:24","modified_gmt":"2025-06-17T14:08:24","slug":"squarespace","status":"publish","type":"page","link":"https:\/\/elfsight.com\/pl\/timeline-widget\/squarespace\/","title":{"rendered":"Timeline &#8211; Squarespace"},"content":{"rendered":"<div class=\"application-platform-content-item-description application-platform-content-item\" id=\"description\" data-nav-section=\"description\"><h2>Wtyczka osi czasu Squarespace<\/h2><p>Dodaj interaktywny plan dzia\u0142ania do swojej strony internetowej Squarespace, aby wy\u015bwietla\u0107 wydarzenia, osi\u0105gni\u0119cia lub kroki zada\u0144. Utrzymuj zaanga\u017cowanie u\u017cytkownik\u00f3w dzi\u0119ki wizualnie dynamicznej i elastycznej osi czasu. Kreator osi czasu Squarespace firmy Elfsight umo\u017cliwia dodawanie dostosowywalnych znacznik\u00f3w kamieni milowych, kt\u00f3re anga\u017cuj\u0105 klient\u00f3w. Niezale\u017cnie od tego, czy prezentujesz histori\u0119 swojej firmy, monitorujesz fazy projektu czy demonstrujesz rozw\u00f3j produktu, ten widget u\u0142atwia utworzenie unikalnego planu dzia\u0142ania, kt\u00f3ry b\u0119dzie odpowiada\u0142 Twoim celom. <\/p><ul><li><b>Tw\u00f3rz interaktywne osie czasu bez kodu<\/b><br>Zbuduj w pe\u0142ni funkcjonaln\u0105 chronologi\u0119 w ci\u0105gu kilku minut, bez konieczno\u015bci posiadania specjalistycznej wiedzy technicznej, i od razu zacznij przyci\u0105ga\u0107 odwiedzaj\u0105cych. <\/li><li><b>Zaawansowane opcje dostosowywania<\/b><br>Spersonalizuj projekt i uk\u0142ad wid\u017cetu za pomoc\u0105 r\u00f3\u017cnych elastycznych szablon\u00f3w, odcieni, czcionek i ustawie\u0144, aby uzyska\u0107 wyj\u0105tkowe, niestandardowe wra\u017cenia. <\/li><li><b>P\u0142ynny proces osadzania<\/b><br>\u0141atwo osad\u017a swoj\u0105 unikaln\u0105 o\u015b czasu w swojej witrynie Squarespace za pomoc\u0105 prostego kodu HTML, bez \u017cadnych problem\u00f3w technicznych. <\/li><li><b>Elastyczna obs\u0142uga klienta<\/b><br>Nasz oddany zesp\u00f3\u0142 pomocy jest zawsze dost\u0119pny, aby pom\u00f3c w konfiguracji, zapewniaj\u0105c sprawne dzia\u0142anie osi czasu w Twojej witrynie. <\/li><\/ul><p><b>Wypr\u00f3buj o\u015b czasu Elfsight Squarespace, aby zaanga\u017cowa\u0107 odwiedzaj\u0105cych i podkre\u015bli\u0107 swoje osi\u0105gni\u0119cia w kreatywny i stylowy spos\u00f3b. <\/b><\/p><\/div><div class=\"application-platform-content-item-features application-platform-content-item\" id=\"features\" data-nav-section=\"features\"><h2>Co mo\u017cna zrobi\u0107 za pomoc\u0105 osi czasu Squarespace<\/h2><ul><li><strong>Zaanga\u017cuj odwiedzaj\u0105cych wizualnie<\/strong><br>Przyci\u0105gaj odbiorc\u00f3w za pomoc\u0105 dynamicznej osi czasu, kt\u00f3ra pomo\u017ce Ci przedstawi\u0107 najwa\u017cniejsze etapy w prostym formacie. Graficzna o\u015b czasu pomaga wy\u015bwietla\u0107 tre\u015b\u0107 w prostym formacie, kt\u00f3ry zach\u0119ca u\u017cytkownik\u00f3w do odkrywania. <\/li><li><strong>Pokazuj post\u0119p i wydarzenia<\/strong><br>Wy\u015bwietlaj osi\u0105gni\u0119cia swojej firmy i etapy zada\u0144 w uporz\u0105dkowany czasowo spos\u00f3b, aby utrzyma\u0107 zaanga\u017cowanie odwiedzaj\u0105cych. Pomaga to go\u015bciom zrozumie\u0107 Twoj\u0105 histori\u0119 i sprawia, \u017ce \u200b\u200bs\u0105 zainteresowani Twoimi wiadomo\u015bciami. <\/li><li><strong>Podkre\u015bl kluczowe osi\u0105gni\u0119cia<\/strong><br>Nadaj szczeg\u00f3ln\u0105 wag\u0119 najwa\u017cniejszym kamieniom milowym. Podkre\u015bl swoje najwa\u017cniejsze sukcesy w atrakcyjnej i \u0142atwej do zrozumienia formie. <\/li><\/ul><p><a href=\"#demo\">Sprawd\u017a edytor, aby zobaczy\u0107 wszystkie funkcje wtyczki O\u015b czasu. <\/a><\/p><\/div><div class=\"application-platform-content-item-installation application-platform-content-item\" id=\"installation\" data-nav-section=\"installation\"> <h2>Jak osadzi\u0107 o\u015b czasu w Squarespace<\/h2><p>Dodanie osi czasu Squarespace do swojej strony internetowej jest proste i nie wymaga kodowania. Aby rozpocz\u0105\u0107, wykonaj nast\u0119puj\u0105ce jasne kroki: <\/p><ol><li><b>Utw\u00f3rz w\u0142asn\u0105 o\u015b czasu Squarespace<\/b><br>Zacznij od wybrania regulowanego szablonu w edytorze i dostosuj go do swoich wymaga\u0144. Udoskonal struktur\u0119, dodaj kamienie milowe i zmodyfikuj projekt tak, aby pasowa\u0142 do stylu Twojej witryny. <\/li><li><b>Uzyskaj unikalny kod do umieszczenia na stronie<\/b><br>Po zako\u0144czeniu dostosowywania osi czasu otrzymasz spersonalizowany kod HTML. Skopiuj ten kod do p\u00f3\u017aniejszego wykorzystania. <\/li><li><b>Osad\u017a kod w swojej witrynie Squarespace<\/b><br>Wklej skopiowany kod HTML w \u017c\u0105danym obszarze strony internetowej Squarespace i zapisz zmiany. Twoja wci\u0105gaj\u0105ca o\u015b czasu b\u0119dzie teraz dost\u0119pna na Twojej stronie internetowej! <\/li><li><b>Ciesz si\u0119 now\u0105 interaktywn\u0105 osi\u0105 czasu! <\/b><br>Odwied\u017a swoj\u0105 witryn\u0119, aby zobaczy\u0107 o\u015b czasu w akcji i zacznij anga\u017cowa\u0107 odwiedzaj\u0105cych w atrakcyjny wizualnie spos\u00f3b! <\/li><\/ol><p>Wi\u0119cej informacji znajdziesz w naszym obszernym przewodniku na temat <a href=\"https:\/\/elfsight.com\/blog\/how-to-embed-timeline-to-website\/\" target=\"_blank\" rel=\"noopener\">jak utworzy\u0107 niestandardow\u0105 o\u015b czasu w witrynie<\/a>.<\/p><\/div><div class=\"faq\" data-component=\"FAQ\"><div class=\"faq-item\">\r\n\t\t\t\t\t<div class=\"faq-item-question\">\r\n\t\t\t\t\t\t<h3 class=\"faq-item-question-text\">Czy wid\u017cet O\u015b czasu dla Squarespace za darmo? <\/h3>\r\n\r\n\t\t\t\t\t\t<div class=\"faq-item-question-icon\"><\/div>\r\n\t\t\t\t\t<\/div>\r\n\r\n\t\t\t\t\t<div class=\"faq-item-answer\">\r\n\t\t\t\t\t\t<div class=\"faq-item-answer-text\">Tak, Elfsight zapewnia model subskrypcji z warstw\u0105 bezp\u0142atn\u0105. Uzyskaj bezp\u0142atny dost\u0119p do podstawowych funkcji wid\u017cetu O\u015b czasu, a plany premium umo\u017cliwiaj\u0105 wi\u0119ksz\u0105 personalizacj\u0119. <\/div>\r\n\t\t\t\t\t<\/div>\r\n\t\t\t\t<\/div><div class=\"faq-item\">\r\n\t\t\t\t\t<div class=\"faq-item-question\">\r\n\t\t\t\t\t\t<h3 class=\"faq-item-question-text\">Czy potrzebuj\u0119 umiej\u0119tno\u015bci kodowania, aby korzysta\u0107 z wid\u017cetu O\u015b czasu? <\/h3>\r\n\r\n\t\t\t\t\t\t<div class=\"faq-item-question-icon\"><\/div>\r\n\t\t\t\t\t<\/div>\r\n\r\n\t\t\t\t\t<div class=\"faq-item-answer\">\r\n\t\t\t\t\t\t<div class=\"faq-item-answer-text\">Nie, narz\u0119dzie do tworzenia osi czasu Squarespace firmy Elfsight nie wymaga wiedzy w zakresie kodowania. Utw\u00f3rz o\u015b czasu za pomoc\u0105 \u0142atwego w u\u017cyciu edytora. <\/div>\r\n\t\t\t\t\t<\/div>\r\n\t\t\t\t<\/div><div class=\"faq-item\">\r\n\t\t\t\t\t<div class=\"faq-item-question\">\r\n\t\t\t\t\t\t<h3 class=\"faq-item-question-text\">Jak utworzy\u0107 interaktywn\u0105 o\u015b czasu dla Squarespace? <\/h3>\r\n\r\n\t\t\t\t\t\t<div class=\"faq-item-question-icon\"><\/div>\r\n\t\t\t\t\t<\/div>\r\n\r\n\t\t\t\t\t<div class=\"faq-item-answer\">\r\n\t\t\t\t\t\t<div class=\"faq-item-answer-text\">Po prostu wybierz szablon w edytorze, dostosuj go w razie potrzeby i umie\u015b\u0107 na swojej witrynie za pomoc\u0105 unikalnego kodu. <\/div>\r\n\t\t\t\t\t<\/div>\r\n\t\t\t\t<\/div><div class=\"faq-item\">\r\n\t\t\t\t\t<div class=\"faq-item-question\">\r\n\t\t\t\t\t\t<h3 class=\"faq-item-question-text\">Jakie typy osi czasu mog\u0119 utworzy\u0107? <\/h3>\r\n\r\n\t\t\t\t\t\t<div class=\"faq-item-question-icon\"><\/div>\r\n\t\t\t\t\t<\/div>\r\n\r\n\t\t\t\t\t<div class=\"faq-item-answer\">\r\n\t\t\t\t\t\t<div class=\"faq-item-answer-text\">Mo\u017cesz utworzy\u0107 r\u00f3\u017cne osie czasu: historia firmy, rozw\u00f3j produktu, harmonogram zada\u0144, kalendarz wydarze\u0144 i inne. Widget O\u015b czasu Elfsight jest wystarczaj\u0105co elastyczny, aby dostosowa\u0107 si\u0119 do Twoich unikalnych potrzeb.<\/div>\r\n\t\t\t\t\t<\/div>\r\n\t\t\t\t<\/div><\/div>","protected":false},"excerpt":{"rendered":"","protected":false},"author":9,"featured_media":0,"parent":9819,"menu_order":0,"comment_status":"closed","ping_status":"closed","template":"templates\/template-application-platform.php","meta":{"publish_to_discourse":"","publish_post_category":"","wpdc_auto_publish_overridden":"","wpdc_topic_tags":"","wpdc_pin_topic":"","wpdc_pin_until":"","discourse_post_id":"","discourse_permalink":"","wpdc_publishing_response":"","wpdc_publishing_error":"","footnotes":""},"class_list":["post-9868","page","type-page","status-publish","hentry"],"yoast_head":"<!-- This site is optimized with the Yoast SEO plugin v25.3.1 - https:\/\/yoast.com\/wordpress\/plugins\/seo\/ -->\n<title>Wid\u017cet osi czasu Squarespace \u2014 dodaj bezp\u0142atn\u0105 o\u015b czasu do swojej strony<\/title>\n<meta name=\"description\" content=\"Utw\u00f3rz niestandardow\u0105 chronologi\u0119 dla swojej witryny. Z \u0142atwo\u015bci\u0105 prezentuj swoj\u0105 histori\u0119, znaczniki i post\u0119py dzi\u0119ki w pe\u0142ni konfigurowalnemu wid\u017cetowi Osi czasu w Squarespace.\" \/>\n<meta name=\"robots\" content=\"index, follow, max-snippet:-1, max-image-preview:large, max-video-preview:-1\" \/>\n<link rel=\"canonical\" href=\"https:\/\/elfsight.com\/pl\/timeline-widget\/squarespace\/\" \/>\n<meta property=\"og:locale\" content=\"pl_PL\" \/>\n<meta property=\"og:type\" content=\"article\" \/>\n<meta property=\"og:title\" content=\"Wid\u017cet osi czasu Squarespace \u2014 dodaj bezp\u0142atn\u0105 o\u015b czasu do swojej strony\" \/>\n<meta property=\"og:description\" content=\"Utw\u00f3rz niestandardow\u0105 chronologi\u0119 dla swojej witryny. Z \u0142atwo\u015bci\u0105 prezentuj swoj\u0105 histori\u0119, znaczniki i post\u0119py dzi\u0119ki w pe\u0142ni konfigurowalnemu wid\u017cetowi Osi czasu w Squarespace.\" \/>\n<meta property=\"og:url\" content=\"https:\/\/elfsight.com\/pl\/timeline-widget\/squarespace\/\" \/>\n<meta property=\"og:site_name\" content=\"Elfsight PL\" \/>\n<meta property=\"article:modified_time\" content=\"2025-06-17T14:08:24+00:00\" \/>\n<meta name=\"twitter:card\" content=\"summary_large_image\" \/>\n<meta name=\"twitter:label1\" content=\"Szacowany czas czytania\" \/>\n\t<meta name=\"twitter:data1\" content=\"4 minuty\" \/>\n<!-- \/ Yoast SEO plugin. -->","yoast_head_json":{"title":"Wid\u017cet osi czasu Squarespace \u2014 dodaj bezp\u0142atn\u0105 o\u015b czasu do swojej strony","description":"Utw\u00f3rz niestandardow\u0105 chronologi\u0119 dla swojej witryny. Z \u0142atwo\u015bci\u0105 prezentuj swoj\u0105 histori\u0119, znaczniki i post\u0119py dzi\u0119ki w pe\u0142ni konfigurowalnemu wid\u017cetowi Osi czasu w Squarespace.","robots":{"index":"index","follow":"follow","max-snippet":"max-snippet:-1","max-image-preview":"max-image-preview:large","max-video-preview":"max-video-preview:-1"},"canonical":"https:\/\/elfsight.com\/pl\/timeline-widget\/squarespace\/","og_locale":"pl_PL","og_type":"article","og_title":"Wid\u017cet osi czasu Squarespace \u2014 dodaj bezp\u0142atn\u0105 o\u015b czasu do swojej strony","og_description":"Utw\u00f3rz niestandardow\u0105 chronologi\u0119 dla swojej witryny. Z \u0142atwo\u015bci\u0105 prezentuj swoj\u0105 histori\u0119, znaczniki i post\u0119py dzi\u0119ki w pe\u0142ni konfigurowalnemu wid\u017cetowi Osi czasu w Squarespace.","og_url":"https:\/\/elfsight.com\/pl\/timeline-widget\/squarespace\/","og_site_name":"Elfsight PL","article_modified_time":"2025-06-17T14:08:24+00:00","twitter_card":"summary_large_image","twitter_misc":{"Szacowany czas czytania":"4 minuty"},"schema":{"@context":"https:\/\/schema.org","@graph":[{"@type":"WebPage","@id":"https:\/\/elfsight.com\/pl\/timeline-widget\/squarespace\/","url":"https:\/\/elfsight.com\/pl\/timeline-widget\/squarespace\/","name":"Wid\u017cet osi czasu Squarespace \u2014 dodaj bezp\u0142atn\u0105 o\u015b czasu do swojej strony","isPartOf":{"@id":"https:\/\/elfsight.com\/pl\/#website"},"datePublished":"2024-06-11T07:49:44+00:00","dateModified":"2025-06-17T14:08:24+00:00","description":"Utw\u00f3rz niestandardow\u0105 chronologi\u0119 dla swojej witryny. Z \u0142atwo\u015bci\u0105 prezentuj swoj\u0105 histori\u0119, znaczniki i post\u0119py dzi\u0119ki w pe\u0142ni konfigurowalnemu wid\u017cetowi Osi czasu w Squarespace.","breadcrumb":{"@id":"https:\/\/elfsight.com\/pl\/timeline-widget\/squarespace\/#breadcrumb"},"inLanguage":"pl-PL","potentialAction":[{"@type":"ReadAction","target":["https:\/\/elfsight.com\/pl\/timeline-widget\/squarespace\/"]}]},{"@type":"BreadcrumbList","@id":"https:\/\/elfsight.com\/pl\/timeline-widget\/squarespace\/#breadcrumb","itemListElement":[{"@type":"ListItem","position":1,"name":"Home","item":"https:\/\/elfsight.com\/pl\/"},{"@type":"ListItem","position":2,"name":"Timeline","item":"https:\/\/elfsight.com\/pl\/timeline-widget\/"},{"@type":"ListItem","position":3,"name":"Timeline &#8211; Squarespace"}]},{"@type":"WebSite","@id":"https:\/\/elfsight.com\/pl\/#website","url":"https:\/\/elfsight.com\/pl\/","name":"Elfsight PL","description":"Just another Elfsight Sites site","potentialAction":[{"@type":"SearchAction","target":{"@type":"EntryPoint","urlTemplate":"https:\/\/elfsight.com\/pl\/?s={search_term_string}"},"query-input":{"@type":"PropertyValueSpecification","valueRequired":true,"valueName":"search_term_string"}}],"inLanguage":"pl-PL"}]}},"meta_box":{"industry":"","seo_heading":"","heading":"","description":"","cta_heading":"","cta_description":"","application":"9818","h1":"Wtyczka osi czasu dla Squarespace","h1_caption":"Wy\u015bwietl wci\u0105gaj\u0105c\u0105 o\u015b czasu osi\u0105gni\u0119\u0107, aby zaprezentowa\u0107 swoj\u0105 narracj\u0119, post\u0119py, osi\u0105gni\u0119cia lub etapy za pomoc\u0105 interaktywnego planu dzia\u0142ania w Squarespace.","application_category":[],"applications_title":"","applications_request_title":"","applications_request_button_text":"","hero_text":"","hero_video":"","hero_video_schema_markup":"","selling_points_title":"","selling_points_caption":"","selling_points":[],"selling_points_cta_text":"","features_title":"","features":"","ed_cta_examples_text":"","ed_cta_examples_hidden":"","ed_cta_demo_text":"","ed_cta_demo_hidden":"","why_caption":"","why_editor_title":"","why_editor_text":"","why_team_title":"","why_team_text":"","why_service_title":"","why_service_text":"","template_catalog_visible":"0","template_catalog_title":"","template_catalog_text":"","template_catalog_categories_visible":"","demo_title":"Utw\u00f3rz wtyczk\u0119 osi czasu Squarespace","demo_caption":"Dostosuj o\u015b czasu i z \u0142atwo\u015bci\u0105 dodaj j\u0105 do swojej witryny!","default_faq_hidden":"","app_template_category":[],"platform":"7588","template_public_id":"","codecanyon_url":"","codecanyon_item_id":"","codecanyon_price":"","pricing_caption":"","pricing_elfsight_apps_hide_column":"","pricing_elfsight_apps_url":"","pricing_codecanyon_price_caption":"","integration_category":[],"integration_request_title":"","integration_request_cta":"","integration_platform":"","integrations":[],"platform_category":[],"video_schema_markup":"","price":"od 0 USD \/ miesi\u0105c","trial":"","benefits":[],"button_url":"#demo","button_target_blank":"0","button_nofollow":"0","attributes":[{"name":"Instaluje","content":"50,000 - 100,000","_state":"expanded"},{"name":"Czu\u0142y","content":"Tak","_state":"expanded"},{"name":"Kompatybilne przegl\u0105darki","content":"Firefox, Safari, Opera, Chrome, Edge","_state":"expanded"}],"tags":[],"tags_disable_links":"0","hide_more_platforms":"0","video_object":"","demo_hide_cta":"0","demo_hide_cloud_options":"0","pricing_title":"","pricing":[{"pricing_icon":"platform","pricing_title":"Elfsight Apps","pricing_title_caption":"Oprogramowanie wieloplatformowe, kt\u00f3re pasuje do ka\u017cdej witryny","pricing_price":"od 0 USD \/ miesi\u0105c","pricing_price_caption":"zacznij od darmowego planu","pricing_button_text":"Dodaj do witryny","pricing_button_url":"#demo"}],"related_apps_title":"","related_apps_hidden":"0","author":"","image":[],"title":"","job":"","social_networks":[]},"_links":{"self":[{"href":"https:\/\/elfsight.com\/pl\/wp-json\/wp\/v2\/pages\/9868","targetHints":{"allow":["GET"]}}],"collection":[{"href":"https:\/\/elfsight.com\/pl\/wp-json\/wp\/v2\/pages"}],"about":[{"href":"https:\/\/elfsight.com\/pl\/wp-json\/wp\/v2\/types\/page"}],"author":[{"embeddable":true,"href":"https:\/\/elfsight.com\/pl\/wp-json\/wp\/v2\/users\/9"}],"replies":[{"embeddable":true,"href":"https:\/\/elfsight.com\/pl\/wp-json\/wp\/v2\/comments?post=9868"}],"version-history":[{"count":1,"href":"https:\/\/elfsight.com\/pl\/wp-json\/wp\/v2\/pages\/9868\/revisions"}],"predecessor-version":[{"id":9872,"href":"https:\/\/elfsight.com\/pl\/wp-json\/wp\/v2\/pages\/9868\/revisions\/9872"}],"up":[{"embeddable":true,"href":"https:\/\/elfsight.com\/pl\/wp-json\/wp\/v2\/pages\/9819"}],"wp:attachment":[{"href":"https:\/\/elfsight.com\/pl\/wp-json\/wp\/v2\/media?parent=9868"}],"curies":[{"name":"wp","href":"https:\/\/api.w.org\/{rel}","templated":true}]}}