{"id":9867,"date":"2024-06-11T07:59:44","date_gmt":"2024-06-11T07:59:44","guid":{"rendered":"https:\/\/elfsight.com\/pl\/?page_id=9867"},"modified":"2025-06-17T14:08:24","modified_gmt":"2025-06-17T14:08:24","slug":"wix","status":"publish","type":"page","link":"https:\/\/elfsight.com\/pl\/timeline-widget\/wix\/","title":{"rendered":"Timeline &#8211; Wix"},"content":{"rendered":"<div class=\"application-platform-content-item-description application-platform-content-item\" id=\"description\" data-nav-section=\"description\"><h2>Kreator osi czasu dla Wix<\/h2><p><span style=\"font-weight: 400\">Utw\u00f3rz szczeg\u00f3\u0142ow\u0105, interaktywn\u0105 o\u015b czasu dla swojej witryny Wix bez konieczno\u015bci kodowania. Kreator osi czasu Wix firmy Elfsight umo\u017cliwia dodawanie dostosowywalnych wy\u015bwietlaczy kamieni milowych, kt\u00f3re przykuwaj\u0105 uwag\u0119 u\u017cytkownik\u00f3w. Niezale\u017cnie od tego, czy udost\u0119pniasz histori\u0119 swojej firmy, \u015bledzisz fazy projektu czy prezentujesz rozw\u00f3j produktu, ten wid\u017cet u\u0142atwia utworzenie unikalnej osi czasu odpowiadaj\u0105cej Twoim potrzebom.<\/span><\/p><ul><li><strong>Tw\u00f3rz interaktywne osie czasu bez kodu. <br \/><\/strong><span style=\"font-weight: 400\">Zbuduj w pe\u0142ni funkcjonaln\u0105 o\u015b czasu w ci\u0105gu kilku minut, bez konieczno\u015bci posiadania specjalistycznej wiedzy technicznej, i od razu zacznij anga\u017cowa\u0107 odwiedzaj\u0105cych.<\/span><\/li><li><p><b>Zaawansowane opcje dostosowywania<br \/><\/b><span style=\"font-weight: 400\">Spersonalizuj wygl\u0105d i uk\u0142ad wid\u017cetu za pomoc\u0105 r\u00f3\u017cnych dostosowywalnych szablon\u00f3w, kolor\u00f3w, czcionek i ustawie\u0144 dla unikalne do\u015bwiadczenie marki.<\/span><\/p><\/li><li><p><b>P\u0142ynny proces osadzania<br \/><\/b><span style=\"font-weight: 400\">Z \u0142atwo\u015bci\u0105 osadzaj niestandardow\u0105 o\u015b czasu na swojej stronie Wix za pomoc\u0105 prostego kodu HTML, bez \u017cadnych problem\u00f3w technicznych.<\/span><\/p><\/li><li><p><b>Elastyczna obs\u0142uga klienta<br \/><\/b><span style=\"font-weight: 400\">Nasz oddany zesp\u00f3\u0142 pomocy technicznej jest zawsze dost\u0119pny, aby pom\u00f3c w konfiguracji, zapewniaj\u0105c bezproblemowe dzia\u0142anie osi czasu w Twojej witrynie.<\/span><\/p><\/li><\/ul><p><b>Wypr\u00f3buj o\u015b czasu Elfsight Wix, aby anga\u017cowa\u0107 odwiedzaj\u0105cych i stylowo prezentowa\u0107 swoje kamienie milowe!<\/b><\/p><p><\/div><br \/><div class=\"application-platform-content-item-features application-platform-content-item\" id=\"features\" data-nav-section=\"features\"><\/p><h2><b>Co mo\u017cesz zrobi\u0107 z osi\u0105 czasu Wix <\/b><\/h2><ul><li><b>Zaanga\u017cuj odwiedzaj\u0105cych wizualnie<br \/><\/b>Przyci\u0105gnij uwag\u0119 odwiedzaj\u0105cych, wy\u015bwietlaj\u0105c swoj\u0105 histori\u0119, kamienie milowe lub post\u0119py w interaktywny i wci\u0105gaj\u0105cy spos\u00f3b. Wizualna o\u015b czasu pomaga prezentowa\u0107 tre\u015bci w prostym, przyst\u0119pnym formacie, kt\u00f3ry zach\u0119ca u\u017cytkownik\u00f3w do dalszej eksploracji.<\/li><li><b style=\"font-size: revert;color: pocz\u0105tkowe\">Pokazuj post\u0119p i wydarzenia<br \/><\/b>Od kamieni milowych firmy po \u015bledzenie projektu \u2014 u\u017cyj osi czasu, aby zapewni\u0107 chronologiczny przegl\u0105d wa\u017cnych wydarze\u0144 i etap\u00f3w. Pomaga to odwiedzaj\u0105cym zrozumie\u0107 Twoj\u0105 podr\u00f3\u017c i utrzymuje ich zainteresowanie Twoimi aktualizacjami.<\/li><li><b style=\"font-size: revert;color: Individual\">Podkre\u015bl najwa\u017cniejsze osi\u0105gni\u0119cia<br \/><\/b>Po\u0142\u00f3\u017c szczeg\u00f3lny nacisk na najwa\u017cniejsze kamienie milowe, wydarzenia i osi\u0105gni\u0119cia. Przedstaw swoje historie sukcesu w atrakcyjnym, \u0142atwym do zrozumienia formacie.<\/li><\/ul><p><a href=\"#demo\"><span style=\"font-weight: 400\">Wypr\u00f3buj edytor, aby uzyska\u0107 pe\u0142ny obraz.<\/span><\/a><\/p><p><\/div><br \/><div class=\"application-platform-content-item-installation application-platform-content-item\" id=\"installation\" data-nav-section=\"installation\"><\/p><h2><b>Jak osadzi\u0107 o\u015b czasu w Wix<\/b><\/h2><p><span style=\"font-weight: 400\">Dodanie osi czasu Wix do swojej witryny jest proste i nie wymaga kodowania. Aby rozpocz\u0105\u0107, wykonaj te proste kroki:<\/span><\/p><ol><li><b>Utw\u00f3rz w\u0142asn\u0105 o\u015b czasu Wix<\/b><b><br \/><\/b><span style=\"font-weight: 400\">Zacznij od wybrania szablonu z naszego edytora i spersonalizuj go zgodnie ze swoimi potrzebami. Dostosuj uk\u0142ad, dodaj kamienie milowe i dostosuj projekt, aby pasowa\u0142 do stylu Twojej witryny.<\/span><\/li><li><b>Uzyskaj sw\u00f3j unikalny kod do umieszczenia na stronie<\/b><b><br \/><\/b><span style=\"font-weight: 400\">Po zako\u0144czeniu dostosowywania osi czasu otrzymasz unikalny kod HTML. Skopiuj ten kod do p\u00f3\u017aniejszego wykorzystania.<\/span><\/li><li><b>Osad\u017a kod na swojej stronie Wix<\/b><b><br \/><\/b><span style=\"font-weight: 400\">Wklej skopiowany kod HTML do \u017c\u0105danej sekcji swojej strony Wix i zapisz zmiany. Twoja interaktywna o\u015b czasu b\u0119dzie teraz dost\u0119pna na Twojej stronie internetowej!<\/span><\/li><li style=\"font-weight: 400\"><b>Ciesz si\u0119 now\u0105 interaktywn\u0105 osi\u0105 czasu!<\/b><b><br \/><\/b><span style=\"font-weight: 400\">Odwied\u017a swoj\u0105 witryn\u0119, aby zobaczy\u0107 o\u015b czasu w akcji i zacz\u0105\u0107 anga\u017cowa\u0107 odwiedzaj\u0105cych w dynamiczny wizualnie spos\u00f3b!<\/span><\/li><li style=\"list-style-type: none\">\u00a0<\/li><\/ol><p><span style=\"font-weight: 400\">Bardziej szczeg\u00f3\u0142owe instrukcje znajdziesz w naszym przewodniku na temat <\/span><a href=\"https:\/\/elfsight.com\/blog\/how-to-embed-timeline-to-website\/\" target=\"_blank\" rel=\"noopener\"><span style=\"font-weight: 400\">jak doda\u0107 o\u015b czasu do swojego strona internetowa<\/span><\/a><span style=\"font-weight: 400\">.<\/span><\/p><p><\/div><\/p><div class=\"faq\" data-component=\"FAQ\"><div class=\"faq-item\">\r\n\t\t\t\t\t<div class=\"faq-item-question\">\r\n\t\t\t\t\t\t<h3 class=\"faq-item-question-text\">Czy wid\u017cet O\u015b czasu dla Wix jest bezp\u0142atny?<\/h3>\r\n\r\n\t\t\t\t\t\t<div class=\"faq-item-question-icon\"><\/div>\r\n\t\t\t\t\t<\/div>\r\n\r\n\t\t\t\t\t<div class=\"faq-item-answer\">\r\n\t\t\t\t\t\t<div class=\"faq-item-answer-text\">Tak, Elfsight oferuje wielowarstwow\u0105 struktur\u0119 subskrypcji, kt\u00f3ra obejmuje bezp\u0142atny plan. Mo\u017cesz korzysta\u0107 z wid\u017cetu O\u015b czasu Elfsight bez \u017cadnych koszt\u00f3w i uzyska\u0107 dost\u0119p do wszystkich niezb\u0119dnych funkcji. Aby odblokowa\u0107 jeszcze wi\u0119cej mo\u017cliwo\u015bci personalizacji, dost\u0119pne s\u0105 p\u0142atne plany.<\/div>\r\n\t\t\t\t\t<\/div>\r\n\t\t\t\t<\/div><div class=\"faq-item\">\r\n\t\t\t\t\t<div class=\"faq-item-question\">\r\n\t\t\t\t\t\t<h3 class=\"faq-item-question-text\">Czy potrzebuj\u0119 umiej\u0119tno\u015bci kodowania, aby korzysta\u0107 z wid\u017cetu Osi czasu?<\/h3>\r\n\r\n\t\t\t\t\t\t<div class=\"faq-item-question-icon\"><\/div>\r\n\t\t\t\t\t<\/div>\r\n\r\n\t\t\t\t\t<div class=\"faq-item-answer\">\r\n\t\t\t\t\t\t<div class=\"faq-item-answer-text\">Nie, kreator Osi czasu Wix firmy Elfsight nie wymaga umiej\u0119tno\u015bci kodowania. Mo\u017cesz z \u0142atwo\u015bci\u0105 tworzy\u0107 i dostosowywa\u0107 swoj\u0105 o\u015b czasu za pomoc\u0105 naszego edytora \u201eprzeci\u0105gnij i upu\u015b\u0107\u201d.<\/div>\r\n\t\t\t\t\t<\/div>\r\n\t\t\t\t<\/div><div class=\"faq-item\">\r\n\t\t\t\t\t<div class=\"faq-item-question\">\r\n\t\t\t\t\t\t<h3 class=\"faq-item-question-text\">Jak mog\u0119 stworzy\u0107 interaktywn\u0105 o\u015b czasu dla Wix?<\/h3>\r\n\r\n\t\t\t\t\t\t<div class=\"faq-item-question-icon\"><\/div>\r\n\t\t\t\t\t<\/div>\r\n\r\n\t\t\t\t\t<div class=\"faq-item-answer\">\r\n\t\t\t\t\t\t<div class=\"faq-item-answer-text\">Po prostu wybierz szablon w edytorze, dostosuj go do swoich potrzeb i osad\u017a o\u015b czasu na swojej witrynie Wix przy u\u017cyciu unikalnego kodu HTML.<\/div>\r\n\t\t\t\t\t<\/div>\r\n\t\t\t\t<\/div><div class=\"faq-item\">\r\n\t\t\t\t\t<div class=\"faq-item-question\">\r\n\t\t\t\t\t\t<h3 class=\"faq-item-question-text\">Jakie typy osi czasu mog\u0119 utworzy\u0107?<\/h3>\r\n\r\n\t\t\t\t\t\t<div class=\"faq-item-question-icon\"><\/div>\r\n\t\t\t\t\t<\/div>\r\n\r\n\t\t\t\t\t<div class=\"faq-item-answer\">\r\n\t\t\t\t\t\t<div class=\"faq-item-answer-text\"><p>Mo\u017cesz tworzy\u0107 r\u00f3\u017cne rodzaje osi czasu harmonogramy dla Twojej witryny Wix, takie jak:<\/p><ul><li><strong>Historia firmy<\/strong>: Podziel si\u0119 ewolucj\u0105 i rozwojem swojej firmy, podkre\u015blaj\u0105c kluczowe kamienie milowe i osi\u0105gni\u0119cia.<\/li><li><strong>Rozw\u00f3j produktu<\/strong>: Przedstaw post\u0119p swojego produktu od koncepcji do wprowadzenia na rynek, szczeg\u00f3\u0142owo opisuj\u0105c ka\u017cdy wa\u017cny etap.<\/li><li><strong>Post\u0119p projektu<\/strong>: \u015aled\u017a i wy\u015bwietlaj r\u00f3\u017cne fazy i etapy trwaj\u0105cych lub uko\u0144czonych projekt\u00f3w.<\/li><li><strong>Wydarzenie Harmonogramy<\/strong>: przedstawiaj harmonogramy wydarze\u0144, konferencji lub premier produkt\u00f3w, zapewniaj\u0105c odwiedzaj\u0105cym wszystkie niezb\u0119dne informacje w jednym miejscu.<\/li><\/ul><\/div>\r\n\t\t\t\t\t<\/div>\r\n\t\t\t\t<\/div><\/div>","protected":false},"excerpt":{"rendered":"","protected":false},"author":9,"featured_media":0,"parent":9819,"menu_order":0,"comment_status":"closed","ping_status":"closed","template":"templates\/template-application-platform.php","meta":{"publish_to_discourse":"","publish_post_category":"","wpdc_auto_publish_overridden":"","wpdc_topic_tags":"","wpdc_pin_topic":"","wpdc_pin_until":"","discourse_post_id":"","discourse_permalink":"","wpdc_publishing_response":"","wpdc_publishing_error":"","footnotes":""},"class_list":["post-9867","page","type-page","status-publish","hentry"],"yoast_head":"<!-- This site is optimized with the Yoast SEO plugin v25.3.1 - https:\/\/yoast.com\/wordpress\/plugins\/seo\/ -->\n<title>Wid\u017cet Osi czasu - Osad\u017a lini\u0119 historii na stronie Wix [BEZP\u0141ATNIE]<\/title>\n<meta name=\"description\" content=\"Dodaj niestandardow\u0105 o\u015b czasu do swojej witryny Wix. Z \u0142atwo\u015bci\u0105 prezentuj swoj\u0105 histori\u0119, kamienie milowe i post\u0119p projektu dzi\u0119ki w pe\u0142ni konfigurowalnemu wid\u017cetowi Osi Czasu Wix.\" \/>\n<meta name=\"robots\" content=\"index, follow, max-snippet:-1, max-image-preview:large, max-video-preview:-1\" \/>\n<link rel=\"canonical\" href=\"https:\/\/elfsight.com\/pl\/timeline-widget\/wix\/\" \/>\n<meta property=\"og:locale\" content=\"pl_PL\" \/>\n<meta property=\"og:type\" content=\"article\" \/>\n<meta property=\"og:title\" content=\"Wid\u017cet Osi czasu - Osad\u017a lini\u0119 historii na stronie Wix [BEZP\u0141ATNIE]\" \/>\n<meta property=\"og:description\" content=\"Dodaj niestandardow\u0105 o\u015b czasu do swojej witryny Wix. Z \u0142atwo\u015bci\u0105 prezentuj swoj\u0105 histori\u0119, kamienie milowe i post\u0119p projektu dzi\u0119ki w pe\u0142ni konfigurowalnemu wid\u017cetowi Osi Czasu Wix.\" \/>\n<meta property=\"og:url\" content=\"https:\/\/elfsight.com\/pl\/timeline-widget\/wix\/\" \/>\n<meta property=\"og:site_name\" content=\"Elfsight PL\" \/>\n<meta property=\"article:modified_time\" content=\"2025-06-17T14:08:24+00:00\" \/>\n<meta name=\"twitter:card\" content=\"summary_large_image\" \/>\n<meta name=\"twitter:label1\" content=\"Szacowany czas czytania\" \/>\n\t<meta name=\"twitter:data1\" content=\"4 minuty\" \/>\n<!-- \/ Yoast SEO plugin. -->","yoast_head_json":{"title":"Wid\u017cet Osi czasu - Osad\u017a lini\u0119 historii na stronie Wix [BEZP\u0141ATNIE]","description":"Dodaj niestandardow\u0105 o\u015b czasu do swojej witryny Wix. Z \u0142atwo\u015bci\u0105 prezentuj swoj\u0105 histori\u0119, kamienie milowe i post\u0119p projektu dzi\u0119ki w pe\u0142ni konfigurowalnemu wid\u017cetowi Osi Czasu Wix.","robots":{"index":"index","follow":"follow","max-snippet":"max-snippet:-1","max-image-preview":"max-image-preview:large","max-video-preview":"max-video-preview:-1"},"canonical":"https:\/\/elfsight.com\/pl\/timeline-widget\/wix\/","og_locale":"pl_PL","og_type":"article","og_title":"Wid\u017cet Osi czasu - Osad\u017a lini\u0119 historii na stronie Wix [BEZP\u0141ATNIE]","og_description":"Dodaj niestandardow\u0105 o\u015b czasu do swojej witryny Wix. Z \u0142atwo\u015bci\u0105 prezentuj swoj\u0105 histori\u0119, kamienie milowe i post\u0119p projektu dzi\u0119ki w pe\u0142ni konfigurowalnemu wid\u017cetowi Osi Czasu Wix.","og_url":"https:\/\/elfsight.com\/pl\/timeline-widget\/wix\/","og_site_name":"Elfsight PL","article_modified_time":"2025-06-17T14:08:24+00:00","twitter_card":"summary_large_image","twitter_misc":{"Szacowany czas czytania":"4 minuty"},"schema":{"@context":"https:\/\/schema.org","@graph":[{"@type":"WebPage","@id":"https:\/\/elfsight.com\/pl\/timeline-widget\/wix\/","url":"https:\/\/elfsight.com\/pl\/timeline-widget\/wix\/","name":"Wid\u017cet Osi czasu - Osad\u017a lini\u0119 historii na stronie Wix [BEZP\u0141ATNIE]","isPartOf":{"@id":"https:\/\/elfsight.com\/pl\/#website"},"datePublished":"2024-06-11T07:59:44+00:00","dateModified":"2025-06-17T14:08:24+00:00","description":"Dodaj niestandardow\u0105 o\u015b czasu do swojej witryny Wix. Z \u0142atwo\u015bci\u0105 prezentuj swoj\u0105 histori\u0119, kamienie milowe i post\u0119p projektu dzi\u0119ki w pe\u0142ni konfigurowalnemu wid\u017cetowi Osi Czasu Wix.","breadcrumb":{"@id":"https:\/\/elfsight.com\/pl\/timeline-widget\/wix\/#breadcrumb"},"inLanguage":"pl-PL","potentialAction":[{"@type":"ReadAction","target":["https:\/\/elfsight.com\/pl\/timeline-widget\/wix\/"]}]},{"@type":"BreadcrumbList","@id":"https:\/\/elfsight.com\/pl\/timeline-widget\/wix\/#breadcrumb","itemListElement":[{"@type":"ListItem","position":1,"name":"Home","item":"https:\/\/elfsight.com\/pl\/"},{"@type":"ListItem","position":2,"name":"Timeline","item":"https:\/\/elfsight.com\/pl\/timeline-widget\/"},{"@type":"ListItem","position":3,"name":"Timeline &#8211; Wix"}]},{"@type":"WebSite","@id":"https:\/\/elfsight.com\/pl\/#website","url":"https:\/\/elfsight.com\/pl\/","name":"Elfsight PL","description":"Just another Elfsight Sites site","potentialAction":[{"@type":"SearchAction","target":{"@type":"EntryPoint","urlTemplate":"https:\/\/elfsight.com\/pl\/?s={search_term_string}"},"query-input":{"@type":"PropertyValueSpecification","valueRequired":true,"valueName":"search_term_string"}}],"inLanguage":"pl-PL"}]}},"meta_box":{"industry":"","seo_heading":"","heading":"","description":"","cta_heading":"","cta_description":"","application":"9818","h1":"Aplikacja O\u015b czasu dla Wix","h1_caption":"Wy\u015bwietlaj anga\u017cuj\u0105c\u0105 o\u015b czasu wydarze\u0144, aby zaprezentowa\u0107 swoj\u0105 histori\u0119, kamienie milowe projektu lub wydarzenia za pomoc\u0105 interaktywnej osi czasu na Wix","application_category":[],"applications_title":"","applications_request_title":"","applications_request_button_text":"","hero_text":"","hero_video":"","hero_video_schema_markup":"","selling_points_title":"","selling_points_caption":"","selling_points":[],"selling_points_cta_text":"","features_title":"","features":"","ed_cta_examples_text":"","ed_cta_examples_hidden":"","ed_cta_demo_text":"","ed_cta_demo_hidden":"","why_caption":"","why_editor_title":"","why_editor_text":"","why_team_title":"","why_team_text":"","why_service_title":"","why_service_text":"","template_catalog_visible":"0","template_catalog_title":"","template_catalog_text":"","template_catalog_categories_visible":"","demo_title":"Utw\u00f3rz aplikacj\u0119 Osi czasu Wix","demo_caption":"Dostosuj o\u015b czasu i z \u0142atwo\u015bci\u0105 dodaj j\u0105 do swojej witryny!","default_faq_hidden":"","app_template_category":[],"platform":"30","template_public_id":"","codecanyon_url":"","codecanyon_item_id":"","codecanyon_price":"","pricing_caption":"","pricing_elfsight_apps_hide_column":"","pricing_elfsight_apps_url":"","pricing_codecanyon_price_caption":"","integration_category":[],"integration_request_title":"","integration_request_cta":"","integration_platform":"","integrations":[],"platform_category":[],"video_schema_markup":"","price":"od 0 USD \/ miesi\u0105c","trial":"","benefits":[],"button_url":"#demo","button_target_blank":"0","button_nofollow":"0","attributes":[{"name":"Instaluje","content":"50,000 - 100,000","_state":"expanded"},{"name":"Czu\u0142y","content":"Tak","_state":"expanded"},{"name":"Kompatybilne przegl\u0105darki","content":"Firefox, Safari, Opera, Chrome, Edge","_state":"expanded"}],"tags":[],"tags_disable_links":"0","hide_more_platforms":"0","video_object":"","demo_hide_cta":"0","demo_hide_cloud_options":"0","pricing_title":"","pricing":[{"pricing_icon":"platform","pricing_title":"Elfsight Apps","pricing_title_caption":"Oprogramowanie wieloplatformowe, kt\u00f3re pasuje do ka\u017cdej witryny","pricing_price":"od 0 USD \/ miesi\u0105c","pricing_price_caption":"zacznij od darmowego planu","pricing_button_text":"Dodaj do witryny","pricing_button_url":"#demo"}],"related_apps_title":"","related_apps_hidden":"0","author":"","image":[],"title":"","job":"","social_networks":[]},"_links":{"self":[{"href":"https:\/\/elfsight.com\/pl\/wp-json\/wp\/v2\/pages\/9867","targetHints":{"allow":["GET"]}}],"collection":[{"href":"https:\/\/elfsight.com\/pl\/wp-json\/wp\/v2\/pages"}],"about":[{"href":"https:\/\/elfsight.com\/pl\/wp-json\/wp\/v2\/types\/page"}],"author":[{"embeddable":true,"href":"https:\/\/elfsight.com\/pl\/wp-json\/wp\/v2\/users\/9"}],"replies":[{"embeddable":true,"href":"https:\/\/elfsight.com\/pl\/wp-json\/wp\/v2\/comments?post=9867"}],"version-history":[{"count":1,"href":"https:\/\/elfsight.com\/pl\/wp-json\/wp\/v2\/pages\/9867\/revisions"}],"predecessor-version":[{"id":9871,"href":"https:\/\/elfsight.com\/pl\/wp-json\/wp\/v2\/pages\/9867\/revisions\/9871"}],"up":[{"embeddable":true,"href":"https:\/\/elfsight.com\/pl\/wp-json\/wp\/v2\/pages\/9819"}],"wp:attachment":[{"href":"https:\/\/elfsight.com\/pl\/wp-json\/wp\/v2\/media?parent=9867"}],"curies":[{"name":"wp","href":"https:\/\/api.w.org\/{rel}","templated":true}]}}