{"id":9866,"date":"2024-06-11T08:19:44","date_gmt":"2024-06-11T08:19:44","guid":{"rendered":"https:\/\/elfsight.com\/pl\/?page_id=9866"},"modified":"2025-06-17T14:08:24","modified_gmt":"2025-06-17T14:08:24","slug":"html","status":"publish","type":"page","link":"https:\/\/elfsight.com\/pl\/timeline-widget\/html\/","title":{"rendered":"Timeline &#8211; HTML"},"content":{"rendered":"<div class=\"application-platform-content-item-description application-platform-content-item\" id=\"description\" data-nav-section=\"description\"><h2>Widget osi czasu HTML<\/h2> <p>Ulepsz swoj\u0105 stron\u0119 HTML, dodaj\u0105c interaktywn\u0105 o\u015b czasu, aby zaprezentowa\u0107 najwa\u017cniejsze wydarzenia, kamienie milowe lub etapy zada\u0144. Utrzymuj zaanga\u017cowanie odwiedzaj\u0105cych dzi\u0119ki wizualnie dynamicznej i elastycznej osi czasu. Kreator osi czasu HTML firmy Elfsight umo\u017cliwia dodawanie konfigurowalnych znacznik\u00f3w kamieni milowych, kt\u00f3re zachwyc\u0105 odbiorc\u00f3w. Niezale\u017cnie od tego, czy prezentujesz histori\u0119 swojej firmy, monitorujesz fazy projektu czy prezentujesz rozw\u00f3j produktu, ten widget umo\u017cliwia utworzenie unikalnej i funkcjonalnej osi czasu zgodnej z Twoimi celami.<\/p> <ul> <li><b>Tw\u00f3rz interaktywne osie czasu bez kodu.<\/b><br> Stw\u00f3rz w pe\u0142ni funkcjonaln\u0105 chronologi\u0119 w ci\u0105gu zaledwie kilku minut, nie jest wymagana \u017cadna wiedza techniczna, i natychmiast zacznij anga\u017cowa\u0107 odwiedzaj\u0105cych.<\/li> <li><b>Zaawansowane opcje dostosowywania.<\/b><br> Personalizuj swoj\u0105 stron\u0119 projekt i uk\u0142ad wid\u017cetu przy u\u017cyciu elastycznych szablon\u00f3w, kolor\u00f3w, czcionek i ustawie\u0144 w celu stworzenia dostosowanego, markowego do\u015bwiadczenia.<\/li> <li><b>P\u0142ynny proces osadzania.<\/b><br> Z \u0142atwo\u015bci\u0105 zintegruj dostosowan\u0105 o\u015b czasu ze swoj\u0105 witryn\u0105 HTML za pomoc\u0105 prostego kodu osadzania HTML, bez \u017cadnych problem\u00f3w technicznych.<\/li> <li><b>Elastyczna obs\u0142uga klienta.<\/b><br> Nasz oddany zesp\u00f3\u0142 wsparcia jest zawsze pod r\u0119k\u0105, aby pom\u00f3c w konfiguracji, zapewniaj\u0105c idealne dzia\u0142anie o\u015b czasu na Twojej witrynie witryny.<\/li> <\/ul> <p><b>Wypr\u00f3buj wid\u017cet O\u015b czasu HTML Elfsight, aby anga\u017cowa\u0107 odwiedzaj\u0105cych i podkre\u015bla\u0107 swoje osi\u0105gni\u0119cia w wizualnie dynamiczny spos\u00f3b!<\/b><\/p> <\/div><div class=\"application-platform-content-item-features application-platform-content-item\" id=\"features\" data-nav-section=\"features\"><h2>Co mo\u017cesz zrobi\u0107 z osi\u0105 czasu HTML<\/h2> <ul> <li><strong>Zaanga\u017cuj odwiedzaj\u0105cych wizualnie.<\/strong><br> Przyci\u0105gaj uwag\u0119 tw\u00f3rz widzom dynamiczn\u0105 o\u015b czasu, kt\u00f3ra przedstawia najwa\u017cniejsze etapy w prostym, wizualnym formacie. Graficzna o\u015b czasu umo\u017cliwia wy\u015bwietlanie tre\u015bci w \u0142atwo przyswajalny spos\u00f3b, zach\u0119caj\u0105c u\u017cytkownik\u00f3w do interakcji i dalszego odkrywania.<\/li> <li><strong>Pokazuj post\u0119py i wydarzenia.<\/strong><br> Przedstaw kamienie milowe i etapy projektu swojej firmy w porz\u0105dku chronologicznym, dbaj\u0105c o zainteresowanie odwiedzaj\u0105cych i informuj\u0105c ich o bie\u017c\u0105cej pracy i osi\u0105gni\u0119ciach.<\/li> <li><strong>Podkre\u015bl kluczowe osi\u0105gni\u0119cia.<\/strong><br> Po\u0142\u00f3\u017c nacisk na najwa\u017cniejsze kamienie milowe i osi\u0105gni\u0119cia. Przedstaw swoje historie sukcesu w przejrzystym, \u0142atwym do zrozumienia formacie, kt\u00f3ry przyci\u0105ga uwag\u0119 i zach\u0119ca do dalszego zaanga\u017cowania.<\/li> <\/ul> <p><a href=\"#demo\">Sprawd\u017a edytor, aby zobaczy\u0107 wszystkie funkcje wid\u017cetu O\u015b czasu.<\/a><\/p><\/div><div class=\"application-platform-content-item-installation application-platform-content-item\" id=\"installation\" data-nav-section=\"installation\"><h2>Jak osadzi\u0107 o\u015b czasu w formacie HTML<\/h2> <p>Dodanie wid\u017cetu O\u015b czasu do strony HTML jest szybkie i \u0142atwe i nie wymaga umiej\u0119tno\u015bci kodowania. Wykonaj nast\u0119puj\u0105ce proste kroki:<\/p> <ol> <li><b>Utw\u00f3rz w\u0142asn\u0105 o\u015b czasu w formacie HTML<\/b><br> Zacznij od wybrania szablonu w naszym edytorze i dostosuj go do swoich potrzeb. Zmodyfikuj uk\u0142ad, dodaj kamienie milowe i dostosuj projekt, aby pasowa\u0142 do wygl\u0105du Twojej witryny.<\/li> <li><b>Uzyskaj unikalny kod do umieszczenia na stronie<\/b><br> Po sfinalizowaniu dostosowywania osi czasu otrzymasz unikalny kod HTML. Skopiuj ten kod do wykorzystania w przysz\u0142o\u015bci.<\/li> <li><b>Osad\u017a kod na swojej stronie HTML<\/b><br> Wklej skopiowany kod HTML do odpowiedniej sekcji swojej strony internetowej i zapisz zmiany. Twoja interaktywna o\u015b czasu b\u0119dzie aktywna!<\/li> <li><b>Ciesz si\u0119 now\u0105 interaktywn\u0105 osi\u0105 czasu!<\/b><br> Odwied\u017a swoj\u0105 witryn\u0119, aby zobaczy\u0107 o\u015b czasu w akcji i zacznij anga\u017cowa\u0107 odwiedzaj\u0105cych w interaktywny i atrakcyjny wizualnie spos\u00f3b!<\/li> <\/ol> <p>Wi\u0119cej szczeg\u00f3\u0142\u00f3w znajdziesz w naszym obszernym przewodniku na stronie <a href=\"https:\/\/elfsight.com\/blog\/how-to-embed-timeline-to-website\/\" target=\"_blank\" rel=\"noopener\">jak utworzy\u0107 niestandardow\u0105 o\u015b czasu na stronie internetowej<\/a>.<\/p><\/div><div class=\"faq\" data-component=\"FAQ\"><div class=\"faq-item\">\r\n\t\t\t\t\t<div class=\"faq-item-question\">\r\n\t\t\t\t\t\t<h3 class=\"faq-item-question-text\">Czy wid\u017cet O\u015b czasu w formacie HTML jest bezp\u0142atny?<\/h3>\r\n\r\n\t\t\t\t\t\t<div class=\"faq-item-question-icon\"><\/div>\r\n\t\t\t\t\t<\/div>\r\n\r\n\t\t\t\t\t<div class=\"faq-item-answer\">\r\n\t\t\t\t\t\t<div class=\"faq-item-answer-text\">Tak, Elfsight oferuje model subskrypcji z planem bezp\u0142atnym. Uzyskaj dost\u0119p do podstawowych funkcji wid\u017cetu O\u015b czasu bez \u017cadnych koszt\u00f3w, z p\u0142atnymi opcjami umo\u017cliwiaj\u0105cymi dalsze dostosowywanie.<\/div>\r\n\t\t\t\t\t<\/div>\r\n\t\t\t\t<\/div><div class=\"faq-item\">\r\n\t\t\t\t\t<div class=\"faq-item-question\">\r\n\t\t\t\t\t\t<h3 class=\"faq-item-question-text\">Czy potrzebuj\u0119 umiej\u0119tno\u015bci kodowania, aby korzysta\u0107 z wid\u017cetu O\u015b czasu?<\/h3>\r\n\r\n\t\t\t\t\t\t<div class=\"faq-item-question-icon\"><\/div>\r\n\t\t\t\t\t<\/div>\r\n\r\n\t\t\t\t\t<div class=\"faq-item-answer\">\r\n\t\t\t\t\t\t<div class=\"faq-item-answer-text\">Nie, kreator Osi czasu w formacie HTML firmy Elfsight nie wymaga do\u015bwiadczenia w kodowaniu. Za pomoc\u0105 naszego intuicyjnego edytora mo\u017cesz \u0142atwo utworzy\u0107 i dostosowa\u0107 o\u015b czasu.<\/div>\r\n\t\t\t\t\t<\/div>\r\n\t\t\t\t<\/div><div class=\"faq-item\">\r\n\t\t\t\t\t<div class=\"faq-item-question\">\r\n\t\t\t\t\t\t<h3 class=\"faq-item-question-text\">Jak utworzy\u0107 interaktywn\u0105 o\u015b czasu w formacie HTML?<\/h3>\r\n\r\n\t\t\t\t\t\t<div class=\"faq-item-question-icon\"><\/div>\r\n\t\t\t\t\t<\/div>\r\n\r\n\t\t\t\t\t<div class=\"faq-item-answer\">\r\n\t\t\t\t\t\t<div class=\"faq-item-answer-text\">Po prostu wybierz szablon w edytorze, dostosuj go w razie potrzeby i osad\u017a na swojej stronie internetowej, u\u017cywaj\u0105c unikalnego kodu osadzania HTML.<\/div>\r\n\t\t\t\t\t<\/div>\r\n\t\t\t\t<\/div><div class=\"faq-item\">\r\n\t\t\t\t\t<div class=\"faq-item-question\">\r\n\t\t\t\t\t\t<h3 class=\"faq-item-question-text\">Jakie typy osi czasu mog\u0119 utworzy\u0107?<\/h3>\r\n\r\n\t\t\t\t\t\t<div class=\"faq-item-question-icon\"><\/div>\r\n\t\t\t\t\t<\/div>\r\n\r\n\t\t\t\t\t<div class=\"faq-item-answer\">\r\n\t\t\t\t\t\t<div class=\"faq-item-answer-text\"><p>Mo\u017cesz utworzy\u0107 r\u00f3\u017cne osie czasu dla swojej witryny HTML, np. jako:<\/p> <ul> <li><strong>Historia firmy<\/strong>: Wy\u015bwietl ewolucj\u0119 i rozw\u00f3j swojej firmy, podkre\u015blaj\u0105c kluczowe osi\u0105gni\u0119cia i kamienie milowe.<\/li> <li><strong>Rozw\u00f3j produktu<\/strong>: Przedstaw podr\u00f3\u017c swojego produktu od koncepcji do wprowadzenia na rynek, szczeg\u00f3\u0142owo opisuj\u0105c ka\u017cdy wa\u017cny krok.<\/li> <li><strong>Post\u0119p projektu<\/strong>: \u015aled\u017a i wy\u015bwietlaj r\u00f3\u017cne etapy trwaj\u0105cych lub uko\u0144czonych projekt\u00f3w.<\/li> <li><strong>Harmonogramy wydarze\u0144<\/strong>: Aktualne osie czasu na wydarzenia, konferencje lub premiery produkt\u00f3w, dzi\u0119ki czemu odwiedzaj\u0105cy mog\u0105 \u0142atwo znale\u017a\u0107 wszystkie niezb\u0119dne informacje w jednym miejscu.<\/li> <\/ul> <\/div>\r\n\t\t\t\t\t<\/div>\r\n\t\t\t\t<\/div><\/div>","protected":false},"excerpt":{"rendered":"","protected":false},"author":9,"featured_media":0,"parent":9819,"menu_order":0,"comment_status":"closed","ping_status":"closed","template":"templates\/template-application-platform.php","meta":{"publish_to_discourse":"","publish_post_category":"","wpdc_auto_publish_overridden":"","wpdc_topic_tags":"","wpdc_pin_topic":"","wpdc_pin_until":"","discourse_post_id":"","discourse_permalink":"","wpdc_publishing_response":"","wpdc_publishing_error":"","footnotes":""},"class_list":["post-9866","page","type-page","status-publish","hentry"],"yoast_head":"<!-- This site is optimized with the Yoast SEO plugin v25.3.1 - https:\/\/yoast.com\/wordpress\/plugins\/seo\/ -->\n<title>Widget O\u015b czasu - Dodaj responsywn\u0105 o\u015b czasu do swojej strony HTML<\/title>\n<meta name=\"description\" content=\"Ulepsz swoj\u0105 witryn\u0119 HTML za pomoc\u0105 dynamicznej osi czasu. Wy\u015bwietlaj swoje kamienie milowe, post\u0119py i wa\u017cne wydarzenia za pomoc\u0105 w pe\u0142ni konfigurowalnego wid\u017cetu Elfsight.\" \/>\n<meta name=\"robots\" content=\"index, follow, max-snippet:-1, max-image-preview:large, max-video-preview:-1\" \/>\n<link rel=\"canonical\" href=\"https:\/\/elfsight.com\/pl\/timeline-widget\/html\/\" \/>\n<meta property=\"og:locale\" content=\"pl_PL\" \/>\n<meta property=\"og:type\" content=\"article\" \/>\n<meta property=\"og:title\" content=\"Widget O\u015b czasu - Dodaj responsywn\u0105 o\u015b czasu do swojej strony HTML\" \/>\n<meta property=\"og:description\" content=\"Ulepsz swoj\u0105 witryn\u0119 HTML za pomoc\u0105 dynamicznej osi czasu. Wy\u015bwietlaj swoje kamienie milowe, post\u0119py i wa\u017cne wydarzenia za pomoc\u0105 w pe\u0142ni konfigurowalnego wid\u017cetu Elfsight.\" \/>\n<meta property=\"og:url\" content=\"https:\/\/elfsight.com\/pl\/timeline-widget\/html\/\" \/>\n<meta property=\"og:site_name\" content=\"Elfsight PL\" \/>\n<meta property=\"article:modified_time\" content=\"2025-06-17T14:08:24+00:00\" \/>\n<meta name=\"twitter:card\" content=\"summary_large_image\" \/>\n<meta name=\"twitter:label1\" content=\"Szacowany czas czytania\" \/>\n\t<meta name=\"twitter:data1\" content=\"4 minuty\" \/>\n<!-- \/ Yoast SEO plugin. -->","yoast_head_json":{"title":"Widget O\u015b czasu - Dodaj responsywn\u0105 o\u015b czasu do swojej strony HTML","description":"Ulepsz swoj\u0105 witryn\u0119 HTML za pomoc\u0105 dynamicznej osi czasu. Wy\u015bwietlaj swoje kamienie milowe, post\u0119py i wa\u017cne wydarzenia za pomoc\u0105 w pe\u0142ni konfigurowalnego wid\u017cetu Elfsight.","robots":{"index":"index","follow":"follow","max-snippet":"max-snippet:-1","max-image-preview":"max-image-preview:large","max-video-preview":"max-video-preview:-1"},"canonical":"https:\/\/elfsight.com\/pl\/timeline-widget\/html\/","og_locale":"pl_PL","og_type":"article","og_title":"Widget O\u015b czasu - Dodaj responsywn\u0105 o\u015b czasu do swojej strony HTML","og_description":"Ulepsz swoj\u0105 witryn\u0119 HTML za pomoc\u0105 dynamicznej osi czasu. Wy\u015bwietlaj swoje kamienie milowe, post\u0119py i wa\u017cne wydarzenia za pomoc\u0105 w pe\u0142ni konfigurowalnego wid\u017cetu Elfsight.","og_url":"https:\/\/elfsight.com\/pl\/timeline-widget\/html\/","og_site_name":"Elfsight PL","article_modified_time":"2025-06-17T14:08:24+00:00","twitter_card":"summary_large_image","twitter_misc":{"Szacowany czas czytania":"4 minuty"},"schema":{"@context":"https:\/\/schema.org","@graph":[{"@type":"WebPage","@id":"https:\/\/elfsight.com\/pl\/timeline-widget\/html\/","url":"https:\/\/elfsight.com\/pl\/timeline-widget\/html\/","name":"Widget O\u015b czasu - Dodaj responsywn\u0105 o\u015b czasu do swojej strony HTML","isPartOf":{"@id":"https:\/\/elfsight.com\/pl\/#website"},"datePublished":"2024-06-11T08:19:44+00:00","dateModified":"2025-06-17T14:08:24+00:00","description":"Ulepsz swoj\u0105 witryn\u0119 HTML za pomoc\u0105 dynamicznej osi czasu. Wy\u015bwietlaj swoje kamienie milowe, post\u0119py i wa\u017cne wydarzenia za pomoc\u0105 w pe\u0142ni konfigurowalnego wid\u017cetu Elfsight.","breadcrumb":{"@id":"https:\/\/elfsight.com\/pl\/timeline-widget\/html\/#breadcrumb"},"inLanguage":"pl-PL","potentialAction":[{"@type":"ReadAction","target":["https:\/\/elfsight.com\/pl\/timeline-widget\/html\/"]}]},{"@type":"BreadcrumbList","@id":"https:\/\/elfsight.com\/pl\/timeline-widget\/html\/#breadcrumb","itemListElement":[{"@type":"ListItem","position":1,"name":"Home","item":"https:\/\/elfsight.com\/pl\/"},{"@type":"ListItem","position":2,"name":"Timeline","item":"https:\/\/elfsight.com\/pl\/timeline-widget\/"},{"@type":"ListItem","position":3,"name":"Timeline &#8211; HTML"}]},{"@type":"WebSite","@id":"https:\/\/elfsight.com\/pl\/#website","url":"https:\/\/elfsight.com\/pl\/","name":"Elfsight PL","description":"Just another Elfsight Sites site","potentialAction":[{"@type":"SearchAction","target":{"@type":"EntryPoint","urlTemplate":"https:\/\/elfsight.com\/pl\/?s={search_term_string}"},"query-input":{"@type":"PropertyValueSpecification","valueRequired":true,"valueName":"search_term_string"}}],"inLanguage":"pl-PL"}]}},"meta_box":{"industry":"","seo_heading":"","heading":"","description":"","cta_heading":"","cta_description":"","application":"9818","h1":"Wtyczka osi czasu dla HTML","h1_caption":"Utw\u00f3rz interesuj\u0105c\u0105 o\u015b czasu, aby zaprezentowa\u0107 najwa\u017cniejsze kamienie milowe i osi\u0105gni\u0119cia w swojej witrynie HTML. Z \u0142atwo\u015bci\u0105 wy\u015bwietlaj najwa\u017cniejsze wydarzenia w atrakcyjnym wizualnie i interaktywnym formacie.","application_category":[],"applications_title":"","applications_request_title":"","applications_request_button_text":"","hero_text":"","hero_video":"","hero_video_schema_markup":"","selling_points_title":"","selling_points_caption":"","selling_points":[],"selling_points_cta_text":"","features_title":"","features":"","ed_cta_examples_text":"","ed_cta_examples_hidden":"","ed_cta_demo_text":"","ed_cta_demo_hidden":"","why_caption":"","why_editor_title":"","why_editor_text":"","why_team_title":"","why_team_text":"","why_service_title":"","why_service_text":"","template_catalog_visible":"0","template_catalog_title":"","template_catalog_text":"","template_catalog_categories_visible":"","demo_title":"Utw\u00f3rz wid\u017cet HTML osi czasu","demo_caption":"Dostosuj o\u015b czasu i z \u0142atwo\u015bci\u0105 dodaj j\u0105 do swojej witryny!","default_faq_hidden":"","app_template_category":[],"platform":"50","template_public_id":"","codecanyon_url":"","codecanyon_item_id":"","codecanyon_price":"","pricing_caption":"","pricing_elfsight_apps_hide_column":"","pricing_elfsight_apps_url":"","pricing_codecanyon_price_caption":"","integration_category":[],"integration_request_title":"","integration_request_cta":"","integration_platform":"","integrations":[],"platform_category":[],"video_schema_markup":"","price":"od 0 USD \/ miesi\u0105c","trial":"","benefits":[],"button_url":"#demo","button_target_blank":"0","button_nofollow":"0","attributes":[{"name":"Instaluje","content":"50,000 - 100,000","_state":"expanded"},{"name":"Czu\u0142y","content":"Tak","_state":"expanded"},{"name":"Kompatybilne przegl\u0105darki","content":"Firefox, Safari, Opera, Chrome, Edge","_state":"expanded"}],"tags":[],"tags_disable_links":"0","hide_more_platforms":"0","video_object":"","demo_hide_cta":"0","demo_hide_cloud_options":"0","pricing_title":"","pricing":[{"pricing_icon":"platform","pricing_title":"Elfsight Apps","pricing_title_caption":"Oprogramowanie wieloplatformowe, kt\u00f3re pasuje do ka\u017cdej witryny","pricing_price":"od 0 USD \/ miesi\u0105c","pricing_price_caption":"zacznij od darmowego planu","pricing_button_text":"Dodaj do witryny","pricing_button_url":"#demo"}],"related_apps_title":"","related_apps_hidden":"0","author":"","image":[],"title":"","job":"","social_networks":[]},"_links":{"self":[{"href":"https:\/\/elfsight.com\/pl\/wp-json\/wp\/v2\/pages\/9866","targetHints":{"allow":["GET"]}}],"collection":[{"href":"https:\/\/elfsight.com\/pl\/wp-json\/wp\/v2\/pages"}],"about":[{"href":"https:\/\/elfsight.com\/pl\/wp-json\/wp\/v2\/types\/page"}],"author":[{"embeddable":true,"href":"https:\/\/elfsight.com\/pl\/wp-json\/wp\/v2\/users\/9"}],"replies":[{"embeddable":true,"href":"https:\/\/elfsight.com\/pl\/wp-json\/wp\/v2\/comments?post=9866"}],"version-history":[{"count":1,"href":"https:\/\/elfsight.com\/pl\/wp-json\/wp\/v2\/pages\/9866\/revisions"}],"predecessor-version":[{"id":9870,"href":"https:\/\/elfsight.com\/pl\/wp-json\/wp\/v2\/pages\/9866\/revisions\/9870"}],"up":[{"embeddable":true,"href":"https:\/\/elfsight.com\/pl\/wp-json\/wp\/v2\/pages\/9819"}],"wp:attachment":[{"href":"https:\/\/elfsight.com\/pl\/wp-json\/wp\/v2\/media?parent=9866"}],"curies":[{"name":"wp","href":"https:\/\/api.w.org\/{rel}","templated":true}]}}