{"id":9865,"date":"2024-06-11T10:49:44","date_gmt":"2024-06-11T10:49:44","guid":{"rendered":"https:\/\/elfsight.com\/pl\/?page_id=9865"},"modified":"2025-06-17T14:08:24","modified_gmt":"2025-06-17T14:08:24","slug":"wordpress","status":"publish","type":"page","link":"https:\/\/elfsight.com\/pl\/timeline-widget\/wordpress\/","title":{"rendered":"Timeline &#8211; WordPress"},"content":{"rendered":"<div class=\"application-platform-content-item-description application-platform-content-item\" id=\"description\" data-nav-section=\"description\"><h2>Kreator osi czasu dla WordPress<\/h2><p>Utw\u00f3rz interaktywn\u0105 o\u015b czasu dla swojej strony internetowej WordPress bez potrzeby kodowania. Kreator osi czasu WordPress firmy Elfsight umo\u017cliwia dodawanie dostosowywalnych wska\u017anik\u00f3w kamieni milowych, kt\u00f3re przyci\u0105gaj\u0105 klient\u00f3w. Niezale\u017cnie od tego, czy prezentujesz histori\u0119 swojej firmy, \u015bledzisz fazy projektu czy przedstawiasz rozw\u00f3j produktu, ten widget u\u0142atwia stworzenie unikalnego planu dzia\u0142ania, kt\u00f3ry b\u0119dzie odpowiada\u0142 Twoim celom. <\/p><ul><li><b>Tw\u00f3rz interaktywne osie czasu bez kodu<\/b><br>Utw\u00f3rz w pe\u0142ni funkcjonalny plan dzia\u0142ania w ci\u0105gu kilku minut, bez konieczno\u015bci posiadania wiedzy z zakresu kodowania, i od razu rozpocznij interakcj\u0119 z odwiedzaj\u0105cymi. <\/li><li><b>Zaawansowane opcje dostosowywania<\/b><br>Dostosuj wygl\u0105d i uk\u0142ad wid\u017cetu, korzystaj\u0105c z szeregu regulowanych szablon\u00f3w, czcionek, schemat\u00f3w kolor\u00f3w i ustawie\u0144, aby zaprojektowa\u0107 unikalne, dostosowane do potrzeb do\u015bwiadczenie. <\/li><li><b>P\u0142ynny proces osadzania<\/b><br>\u0141atwo osad\u017a spersonalizowan\u0105 o\u015b czasu w swojej witrynie WordPress za pomoc\u0105 prostego kodu HTML, bez \u017cadnych problem\u00f3w technicznych.<\/li><li><b>Elastyczna obs\u0142uga klienta<\/b><br>Nasz niezawodny zesp\u00f3\u0142 wsparcia jest zawsze gotowy do pomocy w konfiguracji, zapewniaj\u0105c, \u017ce Twoja o\u015b czasu b\u0119dzie doskonale dzia\u0142a\u0107 w Twojej witrynie.<\/li><\/ul><p><b>Wypr\u00f3buj O\u015b czasu WordPress Elfsight, aby anga\u017cowa\u0107 odwiedzaj\u0105cych i prezentowa\u0107 swoje kamienie milowe w atrakcyjny, stylowy spos\u00f3b.<\/b><\/p><\/div><div class=\"application-platform-content-item-features application-platform-content-item\" id=\"features\" data-nav-section=\"features\"><h2>Co mo\u017cesz zrobi\u0107 za pomoc\u0105 osi czasu WordPress<\/h2><ul><li><strong>Zaanga\u017cuj go\u015bci wizualnie<\/strong><br>Przyci\u0105gnij uwag\u0119 go\u015bci, ujawniaj\u0105c swoj\u0105 podr\u00f3\u017c, punkty orientacyjne lub post\u0119py w dynamiczny i atrakcyjny spos\u00f3b. Interaktywna o\u015b czasu pomaga uporz\u0105dkowa\u0107 tre\u015b\u0107 w prostym formacie, kt\u00f3ry zach\u0119ca u\u017cytkownik\u00f3w do dalszego zaanga\u017cowania. <\/li><li><strong>Pokazuj post\u0119p i wydarzenia<\/strong><br>Od znacznik\u00f3w firmy po \u015bledzenie post\u0119p\u00f3w \u2014 u\u017cyj osi czasu, aby zapewni\u0107 uporz\u0105dkowany w czasie przegl\u0105d wa\u017cnych wydarze\u0144 i kamieni milowych. Pomaga to u\u017cytkownikom zrozumie\u0107 proces i anga\u017cuje ich w rozw\u00f3j. <\/li><li><strong>Podkre\u015bl najwa\u017cniejsze osi\u0105gni\u0119cia<\/strong><br>Po\u0142\u00f3\u017c szczeg\u00f3lny nacisk na swoje najbardziej godne uwagi osi\u0105gni\u0119cia. Zaprezentuj swoje najwa\u017cniejsze osi\u0105gni\u0119cia w atrakcyjnej i zrozumia\u0142ej formie. <\/li><\/ul><p><a href=\"#demo\">Sprawd\u017a edytor, aby uzyska\u0107 pe\u0142ny obraz.<\/a><\/p><\/div><div class=\"application-platform-content-item-installation application-platform-content-item\" id=\"installation\" data-nav-section=\"installation\"><h2>Jak osadzi\u0107 o\u015b czasu w WordPressie<\/h2><p>Dodanie osi czasu WordPress do swojej strony internetowej jest \u0142atwe i nie wymaga kodowania. Aby rozpocz\u0105\u0107, wykonaj nast\u0119puj\u0105ce podstawowe kroki: <\/p><ol><li><b>Utw\u00f3rz niestandardow\u0105 o\u015b czasu WordPress<\/b><br>Zacznij od wybrania stylu w naszym edytorze i dostosuj go zgodnie ze swoimi preferencjami. Dostosuj uk\u0142ad, dodaj kamienie milowe i dostosuj projekt, aby pasowa\u0142 do stylu Twojej platformy. <\/li><li><b>Uzyskaj unikalny kod do umieszczenia na stronie<\/b><br>Po zako\u0144czeniu dostosowywania osi czasu otrzymasz odr\u0119bny kod HTML. Skopiuj ten kod do p\u00f3\u017aniejszego wykorzystania. <\/li><li><b>Osad\u017a kod w swojej witrynie WordPress<\/b><br>Wklej skopiowany kod HTML w \u017c\u0105danej cz\u0119\u015bci strony WordPress i zapisz zmiany. Twoja wci\u0105gaj\u0105ca o\u015b czasu b\u0119dzie teraz dost\u0119pna na Twojej stronie internetowej! <\/li><li><b>Ciesz si\u0119 now\u0105 interaktywn\u0105 osi\u0105 czasu! <\/b><br>Odwied\u017a swoj\u0105 witryn\u0119, aby zobaczy\u0107 o\u015b czasu w akcji i natychmiast rozpocznij interakcj\u0119 z odwiedzaj\u0105cymi w atrakcyjny wizualnie spos\u00f3b! <\/li><\/ol><p>Wi\u0119cej szczeg\u00f3\u0142owych instrukcji znajdziesz w naszym podr\u0119czniku na temat <a href=\"https:\/\/elfsight.com\/blog\/how-to-embed-timeline-to-website\/\" target=\"_blank\" rel=\"noopener\">jak doda\u0107 o\u015b czasu do swojej witryny internetowej.<\/a><\/p><\/div><div class=\"faq\" data-component=\"FAQ\"><div class=\"faq-item\">\r\n\t\t\t\t\t<div class=\"faq-item-question\">\r\n\t\t\t\t\t\t<h3 class=\"faq-item-question-text\"><\/h3>\r\n\r\n\t\t\t\t\t\t<div class=\"faq-item-question-icon\"><\/div>\r\n\t\t\t\t\t<\/div>\r\n\r\n\t\t\t\t\t<div class=\"faq-item-answer\">\r\n\t\t\t\t\t\t<div class=\"faq-item-answer-text\"> Tak, Elfsight zapewnia model subskrypcji z warstw\u0105 bezp\u0142atn\u0105. Uzyskaj bezp\u0142atny dost\u0119p do podstawowych funkcji wid\u017cetu O\u015b czasu. Odblokuj wi\u0119cej opcji dzi\u0119ki planom premium. <\/div>\r\n\t\t\t\t\t<\/div>\r\n\t\t\t\t<\/div><div class=\"faq-item\">\r\n\t\t\t\t\t<div class=\"faq-item-question\">\r\n\t\t\t\t\t\t<h3 class=\"faq-item-question-text\">Czy potrzebuj\u0119 umiej\u0119tno\u015bci kodowania, aby korzysta\u0107 z wid\u017cetu O\u015b czasu?<\/h3>\r\n\r\n\t\t\t\t\t\t<div class=\"faq-item-question-icon\"><\/div>\r\n\t\t\t\t\t<\/div>\r\n\r\n\t\t\t\t\t<div class=\"faq-item-answer\">\r\n\t\t\t\t\t\t<div class=\"faq-item-answer-text\">Nie, wtyczka O\u015b czasu WordPress firmy Elfsight nie wymaga \u017cadnych umiej\u0119tno\u015bci kodowania. Mo\u017cesz dostosowa\u0107 o\u015b czasu bez \u017cadnego wysi\u0142ku, korzystaj\u0105c z naszego intuicyjnego edytora \u201eprzeci\u0105gnij i upu\u015b\u0107\u201d. <\/div>\r\n\t\t\t\t\t<\/div>\r\n\t\t\t\t<\/div><div class=\"faq-item\">\r\n\t\t\t\t\t<div class=\"faq-item-question\">\r\n\t\t\t\t\t\t<h3 class=\"faq-item-question-text\">Jak utworzy\u0107 interaktywn\u0105 o\u015b czasu dla WordPressa? <\/h3>\r\n\r\n\t\t\t\t\t\t<div class=\"faq-item-question-icon\"><\/div>\r\n\t\t\t\t\t<\/div>\r\n\r\n\t\t\t\t\t<div class=\"faq-item-answer\">\r\n\t\t\t\t\t\t<div class=\"faq-item-answer-text\">Po prostu wybierz szablon w edytorze, spersonalizuj go do swoich potrzeb i wstaw o\u015b czasu na swoj\u0105 witryn\u0119 WordPress, u\u017cywaj\u0105c unikalnego kodu HTML. <\/div>\r\n\t\t\t\t\t<\/div>\r\n\t\t\t\t<\/div><div class=\"faq-item\">\r\n\t\t\t\t\t<div class=\"faq-item-question\">\r\n\t\t\t\t\t\t<h3 class=\"faq-item-question-text\">Jakie typy osi czasu mog\u0119 utworzy\u0107<\/h3>\r\n\r\n\t\t\t\t\t\t<div class=\"faq-item-question-icon\"><\/div>\r\n\t\t\t\t\t<\/div>\r\n\r\n\t\t\t\t\t<div class=\"faq-item-answer\">\r\n\t\t\t\t\t\t<div class=\"faq-item-answer-text\">Mo\u017cesz utworzy\u0107 r\u00f3\u017cne osie czasu: histori\u0119 firmy, o\u015b czasu projektu, post\u0119p projektu, harmonogramy wydarze\u0144 i inne. Widget O\u015b czasu Elfsight jest wystarczaj\u0105co elastyczny, aby dostosowa\u0107 si\u0119 do Twoich unikalnych potrzeb. <\/div>\r\n\t\t\t\t\t<\/div>\r\n\t\t\t\t<\/div><\/div>","protected":false},"excerpt":{"rendered":"","protected":false},"author":9,"featured_media":0,"parent":9819,"menu_order":0,"comment_status":"closed","ping_status":"closed","template":"templates\/template-application-platform.php","meta":{"publish_to_discourse":"","publish_post_category":"","wpdc_auto_publish_overridden":"","wpdc_topic_tags":"","wpdc_pin_topic":"","wpdc_pin_until":"","discourse_post_id":"","discourse_permalink":"","wpdc_publishing_response":"","wpdc_publishing_error":"","footnotes":""},"class_list":["post-9865","page","type-page","status-publish","hentry"],"yoast_head":"<!-- This site is optimized with the Yoast SEO plugin v25.3.1 - https:\/\/yoast.com\/wordpress\/plugins\/seo\/ -->\n<title>Wid\u017cet osi czasu - Osad\u017a lini\u0119 historii na stronie WordPress [BEZP\u0141ATNIE]<\/title>\n<meta name=\"description\" content=\"Dodaj niestandardow\u0105 o\u015b czasu do swojej strony internetowej. Z \u0142atwo\u015bci\u0105 ujawniaj swoj\u0105 podr\u00f3\u017c, osi\u0105gni\u0119cia i etapy post\u0119pu dzi\u0119ki w pe\u0142ni konfigurowalnej wtyczce O\u015b czasu WordPress.\" \/>\n<meta name=\"robots\" content=\"index, follow, max-snippet:-1, max-image-preview:large, max-video-preview:-1\" \/>\n<link rel=\"canonical\" href=\"https:\/\/elfsight.com\/pl\/timeline-widget\/wordpress\/\" \/>\n<meta property=\"og:locale\" content=\"pl_PL\" \/>\n<meta property=\"og:type\" content=\"article\" \/>\n<meta property=\"og:title\" content=\"Wid\u017cet osi czasu - Osad\u017a lini\u0119 historii na stronie WordPress [BEZP\u0141ATNIE]\" \/>\n<meta property=\"og:description\" content=\"Dodaj niestandardow\u0105 o\u015b czasu do swojej strony internetowej. Z \u0142atwo\u015bci\u0105 ujawniaj swoj\u0105 podr\u00f3\u017c, osi\u0105gni\u0119cia i etapy post\u0119pu dzi\u0119ki w pe\u0142ni konfigurowalnej wtyczce O\u015b czasu WordPress.\" \/>\n<meta property=\"og:url\" content=\"https:\/\/elfsight.com\/pl\/timeline-widget\/wordpress\/\" \/>\n<meta property=\"og:site_name\" content=\"Elfsight PL\" \/>\n<meta property=\"article:modified_time\" content=\"2025-06-17T14:08:24+00:00\" \/>\n<meta name=\"twitter:card\" content=\"summary_large_image\" \/>\n<meta name=\"twitter:label1\" content=\"Szacowany czas czytania\" \/>\n\t<meta name=\"twitter:data1\" content=\"4 minuty\" \/>\n<!-- \/ Yoast SEO plugin. -->","yoast_head_json":{"title":"Wid\u017cet osi czasu - Osad\u017a lini\u0119 historii na stronie WordPress [BEZP\u0141ATNIE]","description":"Dodaj niestandardow\u0105 o\u015b czasu do swojej strony internetowej. Z \u0142atwo\u015bci\u0105 ujawniaj swoj\u0105 podr\u00f3\u017c, osi\u0105gni\u0119cia i etapy post\u0119pu dzi\u0119ki w pe\u0142ni konfigurowalnej wtyczce O\u015b czasu WordPress.","robots":{"index":"index","follow":"follow","max-snippet":"max-snippet:-1","max-image-preview":"max-image-preview:large","max-video-preview":"max-video-preview:-1"},"canonical":"https:\/\/elfsight.com\/pl\/timeline-widget\/wordpress\/","og_locale":"pl_PL","og_type":"article","og_title":"Wid\u017cet osi czasu - Osad\u017a lini\u0119 historii na stronie WordPress [BEZP\u0141ATNIE]","og_description":"Dodaj niestandardow\u0105 o\u015b czasu do swojej strony internetowej. Z \u0142atwo\u015bci\u0105 ujawniaj swoj\u0105 podr\u00f3\u017c, osi\u0105gni\u0119cia i etapy post\u0119pu dzi\u0119ki w pe\u0142ni konfigurowalnej wtyczce O\u015b czasu WordPress.","og_url":"https:\/\/elfsight.com\/pl\/timeline-widget\/wordpress\/","og_site_name":"Elfsight PL","article_modified_time":"2025-06-17T14:08:24+00:00","twitter_card":"summary_large_image","twitter_misc":{"Szacowany czas czytania":"4 minuty"},"schema":{"@context":"https:\/\/schema.org","@graph":[{"@type":"WebPage","@id":"https:\/\/elfsight.com\/pl\/timeline-widget\/wordpress\/","url":"https:\/\/elfsight.com\/pl\/timeline-widget\/wordpress\/","name":"Wid\u017cet osi czasu - Osad\u017a lini\u0119 historii na stronie WordPress [BEZP\u0141ATNIE]","isPartOf":{"@id":"https:\/\/elfsight.com\/pl\/#website"},"datePublished":"2024-06-11T10:49:44+00:00","dateModified":"2025-06-17T14:08:24+00:00","description":"Dodaj niestandardow\u0105 o\u015b czasu do swojej strony internetowej. Z \u0142atwo\u015bci\u0105 ujawniaj swoj\u0105 podr\u00f3\u017c, osi\u0105gni\u0119cia i etapy post\u0119pu dzi\u0119ki w pe\u0142ni konfigurowalnej wtyczce O\u015b czasu WordPress.","breadcrumb":{"@id":"https:\/\/elfsight.com\/pl\/timeline-widget\/wordpress\/#breadcrumb"},"inLanguage":"pl-PL","potentialAction":[{"@type":"ReadAction","target":["https:\/\/elfsight.com\/pl\/timeline-widget\/wordpress\/"]}]},{"@type":"BreadcrumbList","@id":"https:\/\/elfsight.com\/pl\/timeline-widget\/wordpress\/#breadcrumb","itemListElement":[{"@type":"ListItem","position":1,"name":"Home","item":"https:\/\/elfsight.com\/pl\/"},{"@type":"ListItem","position":2,"name":"Timeline","item":"https:\/\/elfsight.com\/pl\/timeline-widget\/"},{"@type":"ListItem","position":3,"name":"Timeline &#8211; WordPress"}]},{"@type":"WebSite","@id":"https:\/\/elfsight.com\/pl\/#website","url":"https:\/\/elfsight.com\/pl\/","name":"Elfsight PL","description":"Just another Elfsight Sites site","potentialAction":[{"@type":"SearchAction","target":{"@type":"EntryPoint","urlTemplate":"https:\/\/elfsight.com\/pl\/?s={search_term_string}"},"query-input":{"@type":"PropertyValueSpecification","valueRequired":true,"valueName":"search_term_string"}}],"inLanguage":"pl-PL"}]}},"meta_box":{"industry":"","seo_heading":"","heading":"","description":"","cta_heading":"","cta_description":"","application":"9818","h1":"Wtyczka O\u015b czasu dla WordPress","h1_caption":"Wy\u015bwietlaj anga\u017cuj\u0105cy plan wydarze\u0144, aby wyr\u00f3\u017cni\u0107 swoj\u0105 podr\u00f3\u017c, znaczniki post\u0119pu lub fazy za pomoc\u0105 interaktywnej wtyczki O\u015b czasu w swojej witrynie WordPress.","application_category":[],"applications_title":"","applications_request_title":"","applications_request_button_text":"","hero_text":"","hero_video":"","hero_video_schema_markup":"","selling_points_title":"","selling_points_caption":"","selling_points":[],"selling_points_cta_text":"","features_title":"","features":"","ed_cta_examples_text":"","ed_cta_examples_hidden":"","ed_cta_demo_text":"","ed_cta_demo_hidden":"","why_caption":"","why_editor_title":"","why_editor_text":"","why_team_title":"","why_team_text":"","why_service_title":"","why_service_text":"","template_catalog_visible":"0","template_catalog_title":"","template_catalog_text":"","template_catalog_categories_visible":"","demo_title":"Utw\u00f3rz wtyczk\u0119 Osi czasu WordPress","demo_caption":"Dostosuj o\u015b czasu i z \u0142atwo\u015bci\u0105 dodaj j\u0105 do swojej witryny!","default_faq_hidden":"","app_template_category":[],"platform":"31","template_public_id":"","codecanyon_url":"","codecanyon_item_id":"","codecanyon_price":"","pricing_caption":"","pricing_elfsight_apps_hide_column":"","pricing_elfsight_apps_url":"","pricing_codecanyon_price_caption":"","integration_category":[],"integration_request_title":"","integration_request_cta":"","integration_platform":"","integrations":[],"platform_category":[],"video_schema_markup":"","price":"od 0 USD \/ miesi\u0105c","trial":"","benefits":[],"button_url":"#demo","button_target_blank":"0","button_nofollow":"0","attributes":[{"name":"Instaluje","content":"50,000 - 100,000","_state":"expanded"},{"name":"Czu\u0142y","content":"Tak","_state":"expanded"},{"name":"Kompatybilne przegl\u0105darki","content":"Firefox, Safari, Opera, Chrome, Edge","_state":"expanded"}],"tags":[],"tags_disable_links":"0","hide_more_platforms":"0","video_object":"","demo_hide_cta":"0","demo_hide_cloud_options":"0","pricing_title":"","pricing":[{"pricing_icon":"platform","pricing_title":"Elfsight Apps","pricing_title_caption":"Oprogramowanie wieloplatformowe, kt\u00f3re pasuje do ka\u017cdej witryny","pricing_price":"od 0 USD \/ miesi\u0105c","pricing_price_caption":"zacznij od darmowego planu","pricing_button_text":"Dodaj do witryny","pricing_button_url":"#demo"}],"related_apps_title":"","related_apps_hidden":"0","author":"","image":[],"title":"","job":"","social_networks":[]},"_links":{"self":[{"href":"https:\/\/elfsight.com\/pl\/wp-json\/wp\/v2\/pages\/9865","targetHints":{"allow":["GET"]}}],"collection":[{"href":"https:\/\/elfsight.com\/pl\/wp-json\/wp\/v2\/pages"}],"about":[{"href":"https:\/\/elfsight.com\/pl\/wp-json\/wp\/v2\/types\/page"}],"author":[{"embeddable":true,"href":"https:\/\/elfsight.com\/pl\/wp-json\/wp\/v2\/users\/9"}],"replies":[{"embeddable":true,"href":"https:\/\/elfsight.com\/pl\/wp-json\/wp\/v2\/comments?post=9865"}],"version-history":[{"count":1,"href":"https:\/\/elfsight.com\/pl\/wp-json\/wp\/v2\/pages\/9865\/revisions"}],"predecessor-version":[{"id":9869,"href":"https:\/\/elfsight.com\/pl\/wp-json\/wp\/v2\/pages\/9865\/revisions\/9869"}],"up":[{"embeddable":true,"href":"https:\/\/elfsight.com\/pl\/wp-json\/wp\/v2\/pages\/9819"}],"wp:attachment":[{"href":"https:\/\/elfsight.com\/pl\/wp-json\/wp\/v2\/media?parent=9865"}],"curies":[{"name":"wp","href":"https:\/\/api.w.org\/{rel}","templated":true}]}}