{"id":9860,"date":"2024-06-13T06:49:44","date_gmt":"2024-06-13T06:49:44","guid":{"rendered":"https:\/\/elfsight.com\/pl\/?page_id=9860"},"modified":"2025-06-17T14:08:16","modified_gmt":"2025-06-17T14:08:16","slug":"webflow","status":"publish","type":"page","link":"https:\/\/elfsight.com\/pl\/timeline-widget\/webflow\/","title":{"rendered":"Timeline &#8211; Webflow"},"content":{"rendered":"<div class=\"application-platform-content-item-description application-platform-content-item\" id=\"description\" data-nav-section=\"description\"><h2>Kreator osi czasu dla Webflow<\/h2><p>Dodaj interaktywn\u0105 chronologiczn\u0105 o\u015b czasu do swojej witryny internetowej Webflow, aby wyr\u00f3\u017cnia\u0107 wydarzenia, znaczniki lub post\u0119p projektu. Kreator osi czasu Webflow firmy Elfsight umo\u017cliwia do\u0142\u0105czenie dostosowywalnych znacznik\u00f3w kamieni milowych, kt\u00f3re przykuj\u0105 uwag\u0119 odbiorc\u00f3w. Niezale\u017cnie od tego, czy prezentujesz histori\u0119 swojej firmy, monitorujesz fazy projektu, czy podkre\u015blasz rozw\u00f3j produktu, ten widget u\u0142atwia zaprojektowanie unikalnej osi czasu, kt\u00f3ra b\u0119dzie odpowiada\u0107 Twoim celom. <\/p><ul><li><b>Tw\u00f3rz interaktywne osie czasu bez kodu<\/b><br>Utw\u00f3rz dzia\u0142aj\u0105cy interaktywny plan dzia\u0142ania w ci\u0105gu kilku minut, bez konieczno\u015bci posiadania wiedzy programistycznej, i od razu zacznij anga\u017cowa\u0107 odwiedzaj\u0105cych. <\/li><li><b>Zaawansowane opcje dostosowywania<\/b><br>Modyfikuj projekt i uk\u0142ad wid\u017cetu za pomoc\u0105 r\u00f3\u017cnych dostosowywalnych styl\u00f3w, kolor\u00f3w, czcionek i ustawie\u0144, aby budowa\u0107 wra\u017cenie marki. <\/li><li><b>P\u0142ynny proces osadzania<\/b><br>Bezproblemowo osadzaj swoj\u0105 unikaln\u0105 o\u015b czasu w swojej witrynie Webflow za pomoc\u0105 prostego kodu HTML, bez komplikacji technicznych. <\/li><li><b>Elastyczna obs\u0142uga klienta<\/b><br>Nasz oddany zesp\u00f3\u0142 pomocy technicznej jest zawsze dost\u0119pny, aby pom\u00f3c w konfiguracji i zapewni\u0107 bezb\u0142\u0119dne dzia\u0142anie osi czasu w Twojej witrynie.<\/li><\/ul><p><b>Przetestuj o\u015b czasu Elfsight Webflow, aby przyci\u0105gn\u0105\u0107 uwag\u0119 odbiorc\u00f3w i stylowo zaprezentowa\u0107 swoje kamienie milowe. <\/b><\/p><\/div><div class=\"application-platform-content-item-features application-platform-content-item\" id=\"features\" data-nav-section=\"features\"><h2>Co mo\u017cesz zrobi\u0107 dzi\u0119ki osi czasu Webflow<\/h2><ul><li><strong>Zaanga\u017cuj odwiedzaj\u0105cych wizualnie<\/strong><br>Przyci\u0105gnij uwag\u0119 u\u017cytkownik\u00f3w, podkre\u015blaj\u0105c swoj\u0105 podr\u00f3\u017c, osi\u0105gni\u0119cia lub post\u0119py w interaktywny i interesuj\u0105cy spos\u00f3b. Graficzna o\u015b czasu pomaga wy\u015bwietla\u0107 tre\u015bci w przejrzystym formacie, kt\u00f3ry zach\u0119ca widz\u00f3w do eksploracji. <\/li><li><strong>Pokazuj post\u0119py i wydarzenia<\/strong><br>Ujawniaj osi\u0105gni\u0119cia swojej firmy i etapy projektu w uporz\u0105dkowany czasowo spos\u00f3b, aby zainteresowa\u0107 odwiedzaj\u0105cych. Pomaga to odwiedzaj\u0105cym \u015bledzi\u0107 Twoj\u0105 histori\u0119 i sprawia, \u017ce \u200b\u200bs\u0105 zainteresowani Twoimi wiadomo\u015bciami. <\/li><li><strong>Podkre\u015bl najwa\u017cniejsze osi\u0105gni\u0119cia<\/strong><br>Zwr\u00f3\u0107 szczeg\u00f3ln\u0105 uwag\u0119 na swoje najwa\u017cniejsze sukcesy. Przedstaw swoje zwyci\u0119stwa w atrakcyjnej i przejrzystej formie. <\/li><\/ul><p><a href=\"#demo\">Przejrzyj edytor, aby zrozumie\u0107 ca\u0142y pomys\u0142. <\/a><\/p><\/div><div class=\"application-platform-content-item-installation application-platform-content-item\" id=\"installation\" data-nav-section=\"installation\"><h2>Jak osadzi\u0107 o\u015b czasu w Webflow<\/h2><p>Dodanie osi czasu Webflow do swojej witryny jest proste i nie wymaga kodowania. Aby rozpocz\u0105\u0107, wykonaj nast\u0119puj\u0105ce proste kroki: <\/p><ol><li><b>Utw\u00f3rz niestandardow\u0105 o\u015b czasu przep\u0142ywu danych w sieci<\/b><br>Wybierz szablon z naszego edytora i dostosuj go do swoich konkretnych potrzeb. Dostosuj wygl\u0105d, dodaj kamienie milowe i zmodyfikuj projekt, aby pasowa\u0142 do stylu Twojej marki. <\/li><li><b>Odbierz sw\u00f3j unikalny kod do umieszczenia na stronie<\/b><br>Po sfinalizowaniu osi czasu otrzymasz unikalny kod HTML. Skopiuj ten kod do p\u00f3\u017aniejszego wykorzystania.<\/li><li><b>Osad\u017a kod w swojej witrynie Webflow<\/b><br>Umie\u015b\u0107 kod HTML w odpowiedniej cz\u0119\u015bci swojej witryny Webflow i zapisz zmiany. Twoja wci\u0105gaj\u0105ca o\u015b czasu b\u0119dzie teraz dost\u0119pna na Twojej stronie internetowej! <\/li><li><b>Ciesz si\u0119 now\u0105 interaktywn\u0105 osi\u0105 czasu! <\/b><br>Odwied\u017a swoj\u0105 witryn\u0119, aby zobaczy\u0107 o\u015b czasu w dzia\u0142aniu i interaktywnie zaanga\u017cowa\u0107 odwiedzaj\u0105cych.<\/li><\/ol><p>Wi\u0119cej informacji znajdziesz w naszym szczeg\u00f3\u0142owym przewodniku na temat <a href=\"https:\/\/elfsight.com\/blog\/how-to-embed-timeline-to-website\/\" target=\"_blank\" rel=\"noopener\">jak doda\u0107 o\u015b czasu do witryny strona internetowa.<\/a><\/p><\/div><div class=\"faq\" data-component=\"FAQ\"><div class=\"faq-item\">\r\n\t\t\t\t\t<div class=\"faq-item-question\">\r\n\t\t\t\t\t\t<h3 class=\"faq-item-question-text\">Czy wid\u017cet O\u015b czasu dla Webflow jest bezp\u0142atny? <\/h3>\r\n\r\n\t\t\t\t\t\t<div class=\"faq-item-question-icon\"><\/div>\r\n\t\t\t\t\t<\/div>\r\n\r\n\t\t\t\t\t<div class=\"faq-item-answer\">\r\n\t\t\t\t\t\t<div class=\"faq-item-answer-text\">Tak, Elfsight oferuje wielowarstwow\u0105 struktur\u0119 subskrypcji, kt\u00f3ra obejmuje bezp\u0142atny plan. Mo\u017cesz korzysta\u0107 z wid\u017cetu O\u015b czasu Elfsight bez \u017cadnych koszt\u00f3w i uzyska\u0107 dost\u0119p do wszystkich niezb\u0119dnych funkcji. Aby odblokowa\u0107 jeszcze wi\u0119cej mo\u017cliwo\u015bci personalizacji, dost\u0119pne s\u0105 plany p\u0142atne. <\/div>\r\n\t\t\t\t\t<\/div>\r\n\t\t\t\t<\/div><div class=\"faq-item\">\r\n\t\t\t\t\t<div class=\"faq-item-question\">\r\n\t\t\t\t\t\t<h3 class=\"faq-item-question-text\">Czy potrzebuj\u0119 umiej\u0119tno\u015bci kodowania, aby korzysta\u0107 z wid\u017cetu O\u015b czasu? <\/h3>\r\n\r\n\t\t\t\t\t\t<div class=\"faq-item-question-icon\"><\/div>\r\n\t\t\t\t\t<\/div>\r\n\r\n\t\t\t\t\t<div class=\"faq-item-answer\">\r\n\t\t\t\t\t\t<div class=\"faq-item-answer-text\">Nie, narz\u0119dzie do tworzenia osi czasu Webflow firmy Elfsight nie wymaga wiedzy w zakresie kodowania. U\u017cyj edytora \u201eprzeci\u0105gnij i upu\u015b\u0107\u201d, aby szybko utworzy\u0107 i spersonalizowa\u0107 o\u015b czasu. <\/div>\r\n\t\t\t\t\t<\/div>\r\n\t\t\t\t<\/div><div class=\"faq-item\">\r\n\t\t\t\t\t<div class=\"faq-item-question\">\r\n\t\t\t\t\t\t<h3 class=\"faq-item-question-text\">Jak utworzy\u0107 interaktywn\u0105 o\u015b czasu dla Webflow? <\/h3>\r\n\r\n\t\t\t\t\t\t<div class=\"faq-item-question-icon\"><\/div>\r\n\t\t\t\t\t<\/div>\r\n\r\n\t\t\t\t\t<div class=\"faq-item-answer\">\r\n\t\t\t\t\t\t<div class=\"faq-item-answer-text\">Po prostu wybierz szablon w edytorze, dostosuj go i wstaw o\u015b czasu, korzystaj\u0105c z dostarczonego kodu HTML. <\/div>\r\n\t\t\t\t\t<\/div>\r\n\t\t\t\t<\/div><div class=\"faq-item\">\r\n\t\t\t\t\t<div class=\"faq-item-question\">\r\n\t\t\t\t\t\t<h3 class=\"faq-item-question-text\">Jakie typy osi czasu mog\u0119 utworzy\u0107?<\/h3>\r\n\r\n\t\t\t\t\t\t<div class=\"faq-item-question-icon\"><\/div>\r\n\t\t\t\t\t<\/div>\r\n\r\n\t\t\t\t\t<div class=\"faq-item-answer\">\r\n\t\t\t\t\t\t<div class=\"faq-item-answer-text\">Widget O\u015b czasu Elfsight jest wystarczaj\u0105co elastyczny, aby dostosowa\u0107 si\u0119 do Twoich unikalnych potrzeb. Mo\u017cesz tworzy\u0107 r\u00f3\u017cne ramy czasowe: kamienie milowe w biznesie, rozw\u00f3j produktu, harmonogramy projekt\u00f3w i wiele wi\u0119cej. <\/div>\r\n\t\t\t\t\t<\/div>\r\n\t\t\t\t<\/div><\/div>","protected":false},"excerpt":{"rendered":"","protected":false},"author":9,"featured_media":0,"parent":9819,"menu_order":0,"comment_status":"closed","ping_status":"closed","template":"templates\/template-application-platform.php","meta":{"publish_to_discourse":"","publish_post_category":"","wpdc_auto_publish_overridden":"","wpdc_topic_tags":"","wpdc_pin_topic":"","wpdc_pin_until":"","discourse_post_id":"","discourse_permalink":"","wpdc_publishing_response":"","wpdc_publishing_error":"","footnotes":""},"class_list":["post-9860","page","type-page","status-publish","hentry"],"yoast_head":"<!-- This site is optimized with the Yoast SEO plugin v25.3.1 - https:\/\/yoast.com\/wordpress\/plugins\/seo\/ -->\n<title>Wid\u017cet osi czasu \u2014 osadzaj lini\u0119 historii na stronie internetowej Webflow [BEZP\u0141ATNIE]<\/title>\n<meta name=\"description\" content=\"Dodaj niestandardow\u0105 o\u015b czasu do swojego Webflow. Z \u0142atwo\u015bci\u0105 prezentuj swoj\u0105 histori\u0119, kamienie milowe i post\u0119p zada\u0144 za pomoc\u0105 interaktywnego wid\u017cetu O\u015b czasu w Webflow.\" \/>\n<meta name=\"robots\" content=\"index, follow, max-snippet:-1, max-image-preview:large, max-video-preview:-1\" \/>\n<link rel=\"canonical\" href=\"https:\/\/elfsight.com\/pl\/timeline-widget\/webflow\/\" \/>\n<meta property=\"og:locale\" content=\"pl_PL\" \/>\n<meta property=\"og:type\" content=\"article\" \/>\n<meta property=\"og:title\" content=\"Wid\u017cet osi czasu \u2014 osadzaj lini\u0119 historii na stronie internetowej Webflow [BEZP\u0141ATNIE]\" \/>\n<meta property=\"og:description\" content=\"Dodaj niestandardow\u0105 o\u015b czasu do swojego Webflow. Z \u0142atwo\u015bci\u0105 prezentuj swoj\u0105 histori\u0119, kamienie milowe i post\u0119p zada\u0144 za pomoc\u0105 interaktywnego wid\u017cetu O\u015b czasu w Webflow.\" \/>\n<meta property=\"og:url\" content=\"https:\/\/elfsight.com\/pl\/timeline-widget\/webflow\/\" \/>\n<meta property=\"og:site_name\" content=\"Elfsight PL\" \/>\n<meta property=\"article:modified_time\" content=\"2025-06-17T14:08:16+00:00\" \/>\n<meta name=\"twitter:card\" content=\"summary_large_image\" \/>\n<meta name=\"twitter:label1\" content=\"Szacowany czas czytania\" \/>\n\t<meta name=\"twitter:data1\" content=\"4 minuty\" \/>\n<!-- \/ Yoast SEO plugin. -->","yoast_head_json":{"title":"Wid\u017cet osi czasu \u2014 osadzaj lini\u0119 historii na stronie internetowej Webflow [BEZP\u0141ATNIE]","description":"Dodaj niestandardow\u0105 o\u015b czasu do swojego Webflow. Z \u0142atwo\u015bci\u0105 prezentuj swoj\u0105 histori\u0119, kamienie milowe i post\u0119p zada\u0144 za pomoc\u0105 interaktywnego wid\u017cetu O\u015b czasu w Webflow.","robots":{"index":"index","follow":"follow","max-snippet":"max-snippet:-1","max-image-preview":"max-image-preview:large","max-video-preview":"max-video-preview:-1"},"canonical":"https:\/\/elfsight.com\/pl\/timeline-widget\/webflow\/","og_locale":"pl_PL","og_type":"article","og_title":"Wid\u017cet osi czasu \u2014 osadzaj lini\u0119 historii na stronie internetowej Webflow [BEZP\u0141ATNIE]","og_description":"Dodaj niestandardow\u0105 o\u015b czasu do swojego Webflow. Z \u0142atwo\u015bci\u0105 prezentuj swoj\u0105 histori\u0119, kamienie milowe i post\u0119p zada\u0144 za pomoc\u0105 interaktywnego wid\u017cetu O\u015b czasu w Webflow.","og_url":"https:\/\/elfsight.com\/pl\/timeline-widget\/webflow\/","og_site_name":"Elfsight PL","article_modified_time":"2025-06-17T14:08:16+00:00","twitter_card":"summary_large_image","twitter_misc":{"Szacowany czas czytania":"4 minuty"},"schema":{"@context":"https:\/\/schema.org","@graph":[{"@type":"WebPage","@id":"https:\/\/elfsight.com\/pl\/timeline-widget\/webflow\/","url":"https:\/\/elfsight.com\/pl\/timeline-widget\/webflow\/","name":"Wid\u017cet osi czasu \u2014 osadzaj lini\u0119 historii na stronie internetowej Webflow [BEZP\u0141ATNIE]","isPartOf":{"@id":"https:\/\/elfsight.com\/pl\/#website"},"datePublished":"2024-06-13T06:49:44+00:00","dateModified":"2025-06-17T14:08:16+00:00","description":"Dodaj niestandardow\u0105 o\u015b czasu do swojego Webflow. Z \u0142atwo\u015bci\u0105 prezentuj swoj\u0105 histori\u0119, kamienie milowe i post\u0119p zada\u0144 za pomoc\u0105 interaktywnego wid\u017cetu O\u015b czasu w Webflow.","breadcrumb":{"@id":"https:\/\/elfsight.com\/pl\/timeline-widget\/webflow\/#breadcrumb"},"inLanguage":"pl-PL","potentialAction":[{"@type":"ReadAction","target":["https:\/\/elfsight.com\/pl\/timeline-widget\/webflow\/"]}]},{"@type":"BreadcrumbList","@id":"https:\/\/elfsight.com\/pl\/timeline-widget\/webflow\/#breadcrumb","itemListElement":[{"@type":"ListItem","position":1,"name":"Home","item":"https:\/\/elfsight.com\/pl\/"},{"@type":"ListItem","position":2,"name":"Timeline","item":"https:\/\/elfsight.com\/pl\/timeline-widget\/"},{"@type":"ListItem","position":3,"name":"Timeline &#8211; Webflow"}]},{"@type":"WebSite","@id":"https:\/\/elfsight.com\/pl\/#website","url":"https:\/\/elfsight.com\/pl\/","name":"Elfsight PL","description":"Just another Elfsight Sites site","potentialAction":[{"@type":"SearchAction","target":{"@type":"EntryPoint","urlTemplate":"https:\/\/elfsight.com\/pl\/?s={search_term_string}"},"query-input":{"@type":"PropertyValueSpecification","valueRequired":true,"valueName":"search_term_string"}}],"inLanguage":"pl-PL"}]}},"meta_box":{"industry":"","seo_heading":"","heading":"","description":"","cta_heading":"","cta_description":"","application":"9818","h1":"Wtyczka osi czasu dla Webflow","h1_caption":"Wy\u015bwietl wci\u0105gaj\u0105c\u0105 histori\u0119, aby przedstawi\u0107 swoj\u0105 histori\u0119, osi\u0105gni\u0119cia projektu lub kroki za pomoc\u0105 interaktywnej wtyczki Osi czasu w Webflow.","application_category":[],"applications_title":"","applications_request_title":"","applications_request_button_text":"","hero_text":"","hero_video":"","hero_video_schema_markup":"","selling_points_title":"","selling_points_caption":"","selling_points":[],"selling_points_cta_text":"","features_title":"","features":"","ed_cta_examples_text":"","ed_cta_examples_hidden":"","ed_cta_demo_text":"","ed_cta_demo_hidden":"","why_caption":"","why_editor_title":"","why_editor_text":"","why_team_title":"","why_team_text":"","why_service_title":"","why_service_text":"","template_catalog_visible":"0","template_catalog_title":"","template_catalog_text":"","template_catalog_categories_visible":"","demo_title":"Utw\u00f3rz wtyczk\u0119 osi czasu Webflow","demo_caption":"Dostosuj o\u015b czasu i z \u0142atwo\u015bci\u0105 dodaj j\u0105 do swojej witryny!","default_faq_hidden":"","app_template_category":[],"platform":"127","template_public_id":"","codecanyon_url":"","codecanyon_item_id":"","codecanyon_price":"","pricing_caption":"","pricing_elfsight_apps_hide_column":"","pricing_elfsight_apps_url":"","pricing_codecanyon_price_caption":"","integration_category":[],"integration_request_title":"","integration_request_cta":"","integration_platform":"","integrations":[],"platform_category":[],"video_schema_markup":"","price":"od 0 USD \/ miesi\u0105c","trial":"","benefits":[],"button_url":"#demo","button_target_blank":"0","button_nofollow":"0","attributes":[{"name":"Instaluje","content":"50,000 - 100,000","_state":"expanded"},{"name":"Czu\u0142y","content":"Tak","_state":"expanded"},{"name":"Kompatybilne przegl\u0105darki","content":"Firefox, Safari, Opera, Chrome, Edge","_state":"expanded"}],"tags":[],"tags_disable_links":"0","hide_more_platforms":"0","video_object":"","demo_hide_cta":"0","demo_hide_cloud_options":"0","pricing_title":"","pricing":[{"pricing_icon":"platform","pricing_title":"Elfsight Apps","pricing_title_caption":"Oprogramowanie wieloplatformowe, kt\u00f3re pasuje do ka\u017cdej witryny","pricing_price":"od 0 USD \/ miesi\u0105c","pricing_price_caption":"zacznij od darmowego planu","pricing_button_text":"Dodaj do witryny","pricing_button_url":"#demo"}],"related_apps_title":"","related_apps_hidden":"0","author":"","image":[],"title":"","job":"","social_networks":[]},"_links":{"self":[{"href":"https:\/\/elfsight.com\/pl\/wp-json\/wp\/v2\/pages\/9860","targetHints":{"allow":["GET"]}}],"collection":[{"href":"https:\/\/elfsight.com\/pl\/wp-json\/wp\/v2\/pages"}],"about":[{"href":"https:\/\/elfsight.com\/pl\/wp-json\/wp\/v2\/types\/page"}],"author":[{"embeddable":true,"href":"https:\/\/elfsight.com\/pl\/wp-json\/wp\/v2\/users\/9"}],"replies":[{"embeddable":true,"href":"https:\/\/elfsight.com\/pl\/wp-json\/wp\/v2\/comments?post=9860"}],"version-history":[{"count":1,"href":"https:\/\/elfsight.com\/pl\/wp-json\/wp\/v2\/pages\/9860\/revisions"}],"predecessor-version":[{"id":9864,"href":"https:\/\/elfsight.com\/pl\/wp-json\/wp\/v2\/pages\/9860\/revisions\/9864"}],"up":[{"embeddable":true,"href":"https:\/\/elfsight.com\/pl\/wp-json\/wp\/v2\/pages\/9819"}],"wp:attachment":[{"href":"https:\/\/elfsight.com\/pl\/wp-json\/wp\/v2\/media?parent=9860"}],"curies":[{"name":"wp","href":"https:\/\/api.w.org\/{rel}","templated":true}]}}