{"id":9858,"date":"2024-06-13T08:49:44","date_gmt":"2024-06-13T08:49:44","guid":{"rendered":"https:\/\/elfsight.com\/pl\/?page_id=9858"},"modified":"2025-06-17T14:08:16","modified_gmt":"2025-06-17T14:08:16","slug":"google-sites","status":"publish","type":"page","link":"https:\/\/elfsight.com\/pl\/timeline-widget\/google-sites\/","title":{"rendered":"Timeline &#8211; Google Sites"},"content":{"rendered":"<div class=\"application-platform-content-item-description application-platform-content-item\" id=\"description\" data-nav-section=\"description\"><h2>Kreator osi czasu dla Witryn Google<\/h2><p>Dodaj interaktywn\u0105 chronologi\u0119 do swoich Witryn Google, aby ujawnia\u0107 wydarzenia, kamienie milowe lub fazy zada\u0144 bez konieczno\u015bci kodowania. O\u015b czasu Elfsight umo\u017cliwia osadzanie dostosowywalnych punkt\u00f3w kontrolnych, kt\u00f3re przyci\u0105gaj\u0105 odbiorc\u00f3w. Niezale\u017cnie od tego, czy prezentujesz histori\u0119 swojej firmy, monitorujesz fazy projektu, czy demonstrujesz rozw\u00f3j produktu, ten widget u\u0142atwia zaprojektowanie unikalnej osi czasu, kt\u00f3ra b\u0119dzie odpowiada\u0107 Twoim celom. <\/p><ul><li><b>Tw\u00f3rz interaktywne osie czasu bez kodu<\/b><br>Zbuduj w pe\u0142ni funkcjonaln\u0105 chronologi\u0119 w ci\u0105gu kilku minut, bez konieczno\u015bci posiadania specjalistycznej wiedzy technicznej, i od razu zacznij anga\u017cowa\u0107 odwiedzaj\u0105cych. <\/li><li><b>Zaawansowane opcje dostosowywania<\/b><br>Dostosuj wygl\u0105d i uk\u0142ad wid\u017cetu za pomoc\u0105 r\u00f3\u017cnych dostosowywalnych szablon\u00f3w, odcieni, czcionek i ustawie\u0144, aby uzyska\u0107 wyj\u0105tkowe, wyr\u00f3\u017cniaj\u0105ce si\u0119 wra\u017cenia. <\/li><li><b>P\u0142ynny proces osadzania<\/b><br>\u0141atwo osad\u017a swoj\u0105 unikaln\u0105 o\u015b czasu na stronie Witryn Google, korzystaj\u0105c z prostego kodu HTML i bez \u017cadnych problem\u00f3w technicznych. <\/li><li><b>Elastyczna obs\u0142uga klienta<\/b><br>Nasz pomocny zesp\u00f3\u0142 pomocy jest zawsze dost\u0119pny, aby pom\u00f3c w konfiguracji, dzi\u0119ki czemu o\u015b czasu b\u0119dzie dzia\u0142a\u0107 bezb\u0142\u0119dnie w Twojej witrynie. <\/li><\/ul><p><b>Wypr\u00f3buj o\u015b czasu witryn Elfsight Gogle, aby zaanga\u017cowa\u0107 odwiedzaj\u0105cych i stylowo zaprezentowa\u0107 swoje kamienie milowe! <\/b><\/p><\/div><div class=\"application-platform-content-item-features application-platform-content-item\" id=\"features\" data-nav-section=\"features\"><h2>Co mo\u017cesz zrobi\u0107 dzi\u0119ki osi czasu Witryn Google<\/h2><ul><li><strong>Zaanga\u017cuj odwiedzaj\u0105cych wizualnie<\/strong><br>Przyci\u0105gaj uwag\u0119 odbiorc\u00f3w dzi\u0119ki dynamicznej osi czasu, kt\u00f3ra pomo\u017ce Ci przedstawi\u0107 najwa\u017cniejsze etapy w przyst\u0119pnej formie. Wizualna o\u015b czasu pomaga zaprezentowa\u0107 tre\u015b\u0107 w prostym formacie, kt\u00f3ry zach\u0119ca u\u017cytkownik\u00f3w do dalszego zaanga\u017cowania. <\/li><li><strong>Pokazuj post\u0119p i wydarzenia<\/strong><br>U\u017cyj osi czasu, aby wyr\u00f3\u017cni\u0107 wydarzenia w porz\u0105dku chronologicznym, aby u\u0142atwi\u0107 odwiedzaj\u0105cym \u015bledzenie Twojej historii. Dzi\u0119ki temu go\u015bcie zrozumiej\u0105 Twoj\u0105 podr\u00f3\u017c i zaanga\u017cuj\u0105 si\u0119 w Twoje wiadomo\u015bci. <\/li><li><strong>Podkre\u015bl najwa\u017cniejsze osi\u0105gni\u0119cia<\/strong><br>Po\u0142\u00f3\u017c szczeg\u00f3lny nacisk na najwa\u017cniejsze wydarzenia. Wy\u015bwietlaj swoje osi\u0105gni\u0119cia|Zaprezentuj najwa\u017cniejsze kamienie milowe w anga\u017cuj\u0105cym i przyst\u0119pnym formacie. <\/li><\/ul><p><a href=\"#demo\">Sprawd\u017a edytor, aby uzyska\u0107 pe\u0142ny obraz. <\/a><\/p><\/div><div class=\"application-platform-content-item-installation application-platform-content-item\" id=\"installation\" data-nav-section=\"installation\"> <h2>Jak osadzi\u0107 o\u015b czasu w Witrynach Google<\/h2><p>Dodanie osi czasu do witryny jest \u0142atwe i nie wymaga kodowania. Aby rozpocz\u0105\u0107, wykonaj nast\u0119puj\u0105ce proste kroki: <\/p><ol><li><b>Utw\u00f3rz niestandardow\u0105 o\u015b czasu Witryn Google<\/b><br>Zacznij od wybrania szablonu w naszym edytorze i dostosuj go do swoich wymaga\u0144.<\/li><li><b>Uzyskaj sw\u00f3j unikalny kod do osadzenia<\/b><br>Po dostosowaniu osi czasu otrzymasz spersonalizowany kod HTML. Skopiuj ten kod do p\u00f3\u017aniejszego wykorzystania. <\/li><li><b>Osad\u017a kod w swojej witrynie<\/b><br>Wstaw kod HTML w odpowiednim miejscu witryny i zapisz zmiany. Twoja anga\u017cuj\u0105ca o\u015b czasu b\u0119dzie teraz funkcjonalna na Twojej stronie internetowej! <\/li><li><b>Ciesz si\u0119 now\u0105 interaktywn\u0105 osi\u0105 czasu! <\/b><br>Odwied\u017a swoj\u0105 witryn\u0119, aby zobaczy\u0107 o\u015b czasu w akcji i zacznij przyci\u0105ga\u0107 odwiedzaj\u0105cych w dynamicznie anga\u017cuj\u0105cy spos\u00f3b! <\/li><\/ol><p>Wi\u0119cej szczeg\u00f3\u0142owych instrukcji znajdziesz w naszym przewodniku na temat <a href=\"https:\/\/elfsight.com\/blog\/how-to-embed-timeline-to-website\/\">jak doda\u0107 o\u015b czasu do swojej witryny.<\/a><\/p><\/div><div class=\"faq\" data-component=\"FAQ\"><div class=\"faq-item\">\r\n\t\t\t\t\t<div class=\"faq-item-question\">\r\n\t\t\t\t\t\t<h3 class=\"faq-item-question-text\">Czy wid\u017cet O\u015b czasu w Witrynach Google jest bezp\u0142atny? <\/h3>\r\n\r\n\t\t\t\t\t\t<div class=\"faq-item-question-icon\"><\/div>\r\n\t\t\t\t\t<\/div>\r\n\r\n\t\t\t\t\t<div class=\"faq-item-answer\">\r\n\t\t\t\t\t\t<div class=\"faq-item-answer-text\">Tak, Elfsight oferuje wielowarstwowa struktura subskrypcji obejmuj\u0105ca bezp\u0142atny plan. Mo\u017cesz korzysta\u0107 z wid\u017cetu O\u015b czasu Elfsight bez \u017cadnych koszt\u00f3w i uzyska\u0107 dost\u0119p do wszystkich niezb\u0119dnych funkcji. Aby odblokowa\u0107 jeszcze wi\u0119cej funkcji, dost\u0119pne s\u0105 p\u0142atne plany. <\/div>\r\n\t\t\t\t\t<\/div>\r\n\t\t\t\t<\/div><div class=\"faq-item\">\r\n\t\t\t\t\t<div class=\"faq-item-question\">\r\n\t\t\t\t\t\t<h3 class=\"faq-item-question-text\">Czy potrzebuj\u0119 umiej\u0119tno\u015bci kodowania, aby korzysta\u0107 z wid\u017cetu O\u015b czasu? <\/h3>\r\n\r\n\t\t\t\t\t\t<div class=\"faq-item-question-icon\"><\/div>\r\n\t\t\t\t\t<\/div>\r\n\r\n\t\t\t\t\t<div class=\"faq-item-answer\">\r\n\t\t\t\t\t\t<div class=\"faq-item-answer-text\">Wid\u017cet O\u015b czasu w Witrynach Google firmy Elfsight nie wymaga wiedzy w zakresie kodowania. Szybko dostosuj swoj\u0105 o\u015b czasu za pomoc\u0105 naszego \u0142atwego w obs\u0142udze edytora. <\/div>\r\n\t\t\t\t\t<\/div>\r\n\t\t\t\t<\/div><div class=\"faq-item\">\r\n\t\t\t\t\t<div class=\"faq-item-question\">\r\n\t\t\t\t\t\t<h3 class=\"faq-item-question-text\">Jak utworzy\u0107 interaktywn\u0105 o\u015b czasu dla Witryn Google? <\/h3>\r\n\r\n\t\t\t\t\t\t<div class=\"faq-item-question-icon\"><\/div>\r\n\t\t\t\t\t<\/div>\r\n\r\n\t\t\t\t\t<div class=\"faq-item-answer\">\r\n\t\t\t\t\t\t<div class=\"faq-item-answer-text\">Po prostu wybierz szablon w edytorze, dostosuj go do swoich potrzeb i umie\u015b\u0107 o\u015b czasu na swojej stronie internetowej, u\u017cywaj\u0105c unikalnego kodu HTML. <\/div>\r\n\t\t\t\t\t<\/div>\r\n\t\t\t\t<\/div><div class=\"faq-item\">\r\n\t\t\t\t\t<div class=\"faq-item-question\">\r\n\t\t\t\t\t\t<h3 class=\"faq-item-question-text\">Jakie typy osi czasu mog\u0119 utworzy\u0107? <\/h3>\r\n\r\n\t\t\t\t\t\t<div class=\"faq-item-question-icon\"><\/div>\r\n\t\t\t\t\t<\/div>\r\n\r\n\t\t\t\t\t<div class=\"faq-item-answer\">\r\n\t\t\t\t\t\t<div class=\"faq-item-answer-text\">Mo\u017cesz utworzy\u0107 r\u00f3\u017cne osie czasu: historia firmy, rozw\u00f3j produktu, post\u0119p projektu, harmonogramy wydarze\u0144 i inne. Widget O\u015b czasu Elfsight jest wystarczaj\u0105co elastyczny, aby dostosowa\u0107 si\u0119 do Twoich unikalnych potrzeb. <\/div>\r\n\t\t\t\t\t<\/div>\r\n\t\t\t\t<\/div><\/div>","protected":false},"excerpt":{"rendered":"","protected":false},"author":9,"featured_media":0,"parent":9819,"menu_order":0,"comment_status":"closed","ping_status":"closed","template":"templates\/template-application-platform.php","meta":{"publish_to_discourse":"","publish_post_category":"","wpdc_auto_publish_overridden":"","wpdc_topic_tags":"","wpdc_pin_topic":"","wpdc_pin_until":"","discourse_post_id":"","discourse_permalink":"","wpdc_publishing_response":"","wpdc_publishing_error":"","footnotes":""},"class_list":["post-9858","page","type-page","status-publish","hentry"],"yoast_head":"<!-- This site is optimized with the Yoast SEO plugin v25.3.1 - https:\/\/yoast.com\/wordpress\/plugins\/seo\/ -->\n<title>Wid\u017cet osi czasu \u2014 dodaj lini\u0119 historii do witryny Google Sites (bezp\u0142atnie)<\/title>\n<meta name=\"description\" content=\"Ulepsz swoj\u0105 witryn\u0119 Google Site za pomoc\u0105 dynamicznej osi czasu. Wy\u015bwietlaj swoje kamienie milowe, osi\u0105gni\u0119cia i wa\u017cne wydarzenia za pomoc\u0105 konfigurowalnego wid\u017cetu Elfsight.\" \/>\n<meta name=\"robots\" content=\"index, follow, max-snippet:-1, max-image-preview:large, max-video-preview:-1\" \/>\n<link rel=\"canonical\" href=\"https:\/\/elfsight.com\/pl\/timeline-widget\/google-sites\/\" \/>\n<meta property=\"og:locale\" content=\"pl_PL\" \/>\n<meta property=\"og:type\" content=\"article\" \/>\n<meta property=\"og:title\" content=\"Wid\u017cet osi czasu \u2014 dodaj lini\u0119 historii do witryny Google Sites (bezp\u0142atnie)\" \/>\n<meta property=\"og:description\" content=\"Ulepsz swoj\u0105 witryn\u0119 Google Site za pomoc\u0105 dynamicznej osi czasu. Wy\u015bwietlaj swoje kamienie milowe, osi\u0105gni\u0119cia i wa\u017cne wydarzenia za pomoc\u0105 konfigurowalnego wid\u017cetu Elfsight.\" \/>\n<meta property=\"og:url\" content=\"https:\/\/elfsight.com\/pl\/timeline-widget\/google-sites\/\" \/>\n<meta property=\"og:site_name\" content=\"Elfsight PL\" \/>\n<meta property=\"article:modified_time\" content=\"2025-06-17T14:08:16+00:00\" \/>\n<meta name=\"twitter:card\" content=\"summary_large_image\" \/>\n<meta name=\"twitter:label1\" content=\"Szacowany czas czytania\" \/>\n\t<meta name=\"twitter:data1\" content=\"4 minuty\" \/>\n<!-- \/ Yoast SEO plugin. -->","yoast_head_json":{"title":"Wid\u017cet osi czasu \u2014 dodaj lini\u0119 historii do witryny Google Sites (bezp\u0142atnie)","description":"Ulepsz swoj\u0105 witryn\u0119 Google Site za pomoc\u0105 dynamicznej osi czasu. Wy\u015bwietlaj swoje kamienie milowe, osi\u0105gni\u0119cia i wa\u017cne wydarzenia za pomoc\u0105 konfigurowalnego wid\u017cetu Elfsight.","robots":{"index":"index","follow":"follow","max-snippet":"max-snippet:-1","max-image-preview":"max-image-preview:large","max-video-preview":"max-video-preview:-1"},"canonical":"https:\/\/elfsight.com\/pl\/timeline-widget\/google-sites\/","og_locale":"pl_PL","og_type":"article","og_title":"Wid\u017cet osi czasu \u2014 dodaj lini\u0119 historii do witryny Google Sites (bezp\u0142atnie)","og_description":"Ulepsz swoj\u0105 witryn\u0119 Google Site za pomoc\u0105 dynamicznej osi czasu. Wy\u015bwietlaj swoje kamienie milowe, osi\u0105gni\u0119cia i wa\u017cne wydarzenia za pomoc\u0105 konfigurowalnego wid\u017cetu Elfsight.","og_url":"https:\/\/elfsight.com\/pl\/timeline-widget\/google-sites\/","og_site_name":"Elfsight PL","article_modified_time":"2025-06-17T14:08:16+00:00","twitter_card":"summary_large_image","twitter_misc":{"Szacowany czas czytania":"4 minuty"},"schema":{"@context":"https:\/\/schema.org","@graph":[{"@type":"WebPage","@id":"https:\/\/elfsight.com\/pl\/timeline-widget\/google-sites\/","url":"https:\/\/elfsight.com\/pl\/timeline-widget\/google-sites\/","name":"Wid\u017cet osi czasu \u2014 dodaj lini\u0119 historii do witryny Google Sites (bezp\u0142atnie)","isPartOf":{"@id":"https:\/\/elfsight.com\/pl\/#website"},"datePublished":"2024-06-13T08:49:44+00:00","dateModified":"2025-06-17T14:08:16+00:00","description":"Ulepsz swoj\u0105 witryn\u0119 Google Site za pomoc\u0105 dynamicznej osi czasu. Wy\u015bwietlaj swoje kamienie milowe, osi\u0105gni\u0119cia i wa\u017cne wydarzenia za pomoc\u0105 konfigurowalnego wid\u017cetu Elfsight.","breadcrumb":{"@id":"https:\/\/elfsight.com\/pl\/timeline-widget\/google-sites\/#breadcrumb"},"inLanguage":"pl-PL","potentialAction":[{"@type":"ReadAction","target":["https:\/\/elfsight.com\/pl\/timeline-widget\/google-sites\/"]}]},{"@type":"BreadcrumbList","@id":"https:\/\/elfsight.com\/pl\/timeline-widget\/google-sites\/#breadcrumb","itemListElement":[{"@type":"ListItem","position":1,"name":"Home","item":"https:\/\/elfsight.com\/pl\/"},{"@type":"ListItem","position":2,"name":"Timeline","item":"https:\/\/elfsight.com\/pl\/timeline-widget\/"},{"@type":"ListItem","position":3,"name":"Timeline &#8211; Google Sites"}]},{"@type":"WebSite","@id":"https:\/\/elfsight.com\/pl\/#website","url":"https:\/\/elfsight.com\/pl\/","name":"Elfsight PL","description":"Just another Elfsight Sites site","potentialAction":[{"@type":"SearchAction","target":{"@type":"EntryPoint","urlTemplate":"https:\/\/elfsight.com\/pl\/?s={search_term_string}"},"query-input":{"@type":"PropertyValueSpecification","valueRequired":true,"valueName":"search_term_string"}}],"inLanguage":"pl-PL"}]}},"meta_box":{"industry":"","seo_heading":"","heading":"","description":"","cta_heading":"","cta_description":"","application":"9818","h1":"Wid\u017cet osi czasu dla Witryn Google","h1_caption":"Wy\u015bwietlaj interesuj\u0105c\u0105 chronologi\u0119 najwa\u017cniejszych wydarze\u0144, aby pozna\u0107 swoj\u0105 histori\u0119, znaczniki zada\u0144 lub wydarzenia za pomoc\u0105 interaktywnej osi czasu w Witrynach Google","application_category":[],"applications_title":"","applications_request_title":"","applications_request_button_text":"","hero_text":"","hero_video":"","hero_video_schema_markup":"","selling_points_title":"","selling_points_caption":"","selling_points":[],"selling_points_cta_text":"","features_title":"","features":"","ed_cta_examples_text":"","ed_cta_examples_hidden":"","ed_cta_demo_text":"","ed_cta_demo_hidden":"","why_caption":"","why_editor_title":"","why_editor_text":"","why_team_title":"","why_team_text":"","why_service_title":"","why_service_text":"","template_catalog_visible":"0","template_catalog_title":"","template_catalog_text":"","template_catalog_categories_visible":"","demo_title":"Utw\u00f3rz wid\u017cet osi czasu Witryn Google","demo_caption":"Dostosuj o\u015b czasu i z \u0142atwo\u015bci\u0105 dodaj j\u0105 do swojej witryny!","default_faq_hidden":"","app_template_category":[],"platform":"484","template_public_id":"","codecanyon_url":"","codecanyon_item_id":"","codecanyon_price":"","pricing_caption":"","pricing_elfsight_apps_hide_column":"","pricing_elfsight_apps_url":"","pricing_codecanyon_price_caption":"","integration_category":[],"integration_request_title":"","integration_request_cta":"","integration_platform":"","integrations":[],"platform_category":[],"video_schema_markup":"","price":"od 0 USD \/ miesi\u0105c","trial":"","benefits":[],"button_url":"#demo","button_target_blank":"0","button_nofollow":"0","attributes":[{"name":"Instaluje","content":"50,000 - 100,000","_state":"expanded"},{"name":"Czu\u0142y","content":"Tak","_state":"expanded"},{"name":"Kompatybilne przegl\u0105darki","content":"Firefox, Safari, Opera, Chrome, Edge","_state":"expanded"}],"tags":[],"tags_disable_links":"0","hide_more_platforms":"0","video_object":"","demo_hide_cta":"0","demo_hide_cloud_options":"0","pricing_title":"","pricing":[{"pricing_icon":"platform","pricing_title":"Elfsight Apps","pricing_title_caption":"Oprogramowanie wieloplatformowe, kt\u00f3re pasuje do ka\u017cdej witryny","pricing_price":"od 0 USD \/ miesi\u0105c","pricing_price_caption":"zacznij od darmowego planu","pricing_button_text":"Dodaj do witryny","pricing_button_url":"#demo"}],"related_apps_title":"","related_apps_hidden":"0","author":"","image":[],"title":"","job":"","social_networks":[]},"_links":{"self":[{"href":"https:\/\/elfsight.com\/pl\/wp-json\/wp\/v2\/pages\/9858","targetHints":{"allow":["GET"]}}],"collection":[{"href":"https:\/\/elfsight.com\/pl\/wp-json\/wp\/v2\/pages"}],"about":[{"href":"https:\/\/elfsight.com\/pl\/wp-json\/wp\/v2\/types\/page"}],"author":[{"embeddable":true,"href":"https:\/\/elfsight.com\/pl\/wp-json\/wp\/v2\/users\/9"}],"replies":[{"embeddable":true,"href":"https:\/\/elfsight.com\/pl\/wp-json\/wp\/v2\/comments?post=9858"}],"version-history":[{"count":1,"href":"https:\/\/elfsight.com\/pl\/wp-json\/wp\/v2\/pages\/9858\/revisions"}],"predecessor-version":[{"id":9862,"href":"https:\/\/elfsight.com\/pl\/wp-json\/wp\/v2\/pages\/9858\/revisions\/9862"}],"up":[{"embeddable":true,"href":"https:\/\/elfsight.com\/pl\/wp-json\/wp\/v2\/pages\/9819"}],"wp:attachment":[{"href":"https:\/\/elfsight.com\/pl\/wp-json\/wp\/v2\/media?parent=9858"}],"curies":[{"name":"wp","href":"https:\/\/api.w.org\/{rel}","templated":true}]}}