{"id":9857,"date":"2024-06-13T08:49:44","date_gmt":"2024-06-13T08:49:44","guid":{"rendered":"https:\/\/elfsight.com\/pl\/?page_id=9857"},"modified":"2025-06-17T14:08:16","modified_gmt":"2025-06-17T14:08:16","slug":"iframe","status":"publish","type":"page","link":"https:\/\/elfsight.com\/pl\/timeline-widget\/iframe\/","title":{"rendered":"Timeline &#8211; iFrame"},"content":{"rendered":"<div class=\"application-platform-content-item-description application-platform-content-item\" id=\"description\" data-nav-section=\"description\"><h2>Wtyczka osi czasu iFrame<\/h2> <p>Zwi\u0119ksz zaanga\u017cowanie w swojej witrynie internetowej, integruj\u0105c w pe\u0142ni konfigurowaln\u0105 i interaktywn\u0105 o\u015b czasu. Dzi\u0119ki wtyczce iFrame Timeline firmy Elfsight mo\u017cesz bez wysi\u0142ku wy\u015bwietla\u0107 kamienie milowe, etapy projektu lub kluczowe wydarzenia. Niezale\u017cnie od tego, czy udost\u0119pniasz histori\u0119 swojej firmy, \u015bledzisz post\u0119p projektu, czy prezentujesz rozw\u00f3j produktu, ta wtyczka u\u0142atwia utworzenie harmonogramu odpowiadaj\u0105cego Twoim celom. A co najwa\u017cniejsze, aby rozpocz\u0105\u0107, nie s\u0105 wymagane \u017cadne umiej\u0119tno\u015bci kodowania!<\/p> <ul> <li><b>Tw\u00f3rz dynamiczne osie czasu bez konieczno\u015bci kodowania<\/b><br> Z \u0142atwo\u015bci\u0105 zaprojektuj i zaimplementuj w pe\u0142ni interaktywn\u0105 o\u015b czasu w ci\u0105gu zaledwie kilku minut, bez konieczno\u015bci posiadania wiedzy technicznej.<\/li> <li><b>Rozbudowane opcje dostosowywania<\/b><br> Dostosuj wygl\u0105d i styl swojej osi czasu za pomoc\u0105 szerokiej gamy szablon\u00f3w, kolor\u00f3w, czcionek i ustawie\u0144, aby uzyska\u0107 spersonalizowany projekt.<\/li> <li><b>\u0141atwe osadzanie<\/b><br> Zintegruj swoj\u0105 dostosowan\u0105 o\u015b czasu ze swoj\u0105 witryn\u0105 kompatybiln\u0105 z iFrame za pomoc\u0105 prostego kodu do osadzania w formacie HTML \u2014 \u017cadnych problem\u00f3w technicznych!<\/li> <li><b>Elastyczna obs\u0142uga klienta<\/b><br> Nasz zesp\u00f3\u0142 ekspert\u00f3w jest do Twojej dyspozycji na ka\u017cdym etapie konfiguracji, zapewniaj\u0105c, \u017ce o\u015b czasu b\u0119dzie dzia\u0142a\u0107 idealnie w Twojej witrynie.<\/li> <\/ul> <p><b>Wypr\u00f3buj iFrame firmy Elfsight O\u015b czasu, kt\u00f3ra zaanga\u017cuje odwiedzaj\u0105cych i podkre\u015bli Twoje osi\u0105gni\u0119cia w eleganckim, dynamicznym formacie!<\/b><\/p> <\/div><div class=\"application-platform-content-item-features application-platform-content-item\" id=\"features\" data-nav-section=\"features\"><h2>Co mo\u017cesz zrobi\u0107 dzi\u0119ki osi czasu iFrame<\/h2> <ul> <li><strong>Zaanga\u017cuj odwiedzaj\u0105cych wizualnie<\/strong><br> Zachwy\u0107 odbiorc\u00f3w dynamiczn\u0105, atrakcyjn\u0105 wizualnie osi\u0105 czasu przedstawiaj\u0105c\u0105 najwa\u017cniejsze kamienie milowe w prostym, interaktywnym formacie.<\/li> <li><strong>Pokazuj post\u0119py i wydarzenia<\/strong><br> Przedstaw swoje wydarzenia lub etapy projektu w porz\u0105dku chronologicznym, aby u\u0142atwi\u0107 odwiedzaj\u0105cym \u015bledzenie post\u0119p\u00f3w i utrzymanie zaanga\u017cowania.<\/li> <li><strong>Podkre\u015bl kluczowe osi\u0105gni\u0119cia<\/strong><br> Wyr\u00f3\u017cnij najwa\u017cniejsze kamienie milowe w przejrzystym, \u0142atwym do zrozumienia uk\u0142adzie, kt\u00f3ry przyci\u0105ga uwag\u0119 i zach\u0119ca do dalszej interakcji.<\/li> <\/ul> <p><a href=\"#demo\">Przejrzyj edytor, aby odkry\u0107 wszystkie funkcje wid\u017cetu O\u015b czasu iFrame.<\/a><\/p> <\/div><div class=\"application-platform-content-item-installation application-platform-content-item\" id=\"installation\" data-nav-section=\"installation\"><h2>Jak osadzi\u0107 o\u015b czasu w ramce iFrame<\/h2> <p>Integracja wid\u017cetu O\u015b czasu iFrame z witryn\u0105 internetow\u0105 jest \u0142atwa i nie wymaga wiedzy technicznej. Po prostu wykonaj te proste kroki:<\/p> <ol> <li><b>Utw\u00f3rz w\u0142asn\u0105 o\u015b czasu iFrame<\/b><br> Wybierz szablon w edytorze i dostosuj go do stylu i wymaga\u0144 swojej witryny. Dodaj kamienie milowe i dostosuj projekt do swojej marki.<\/li> <li><b>Uzyskaj unikalny kod do umieszczenia na stronie<\/b><br> Po zako\u0144czeniu dostosowywania osi czasu otrzymasz unikalny kod do umieszczenia na stronie HTML. Skopiuj ten kod, aby u\u017cy\u0107 go p\u00f3\u017aniej.<\/li> <li><b>Osad\u017a kod na swojej stronie internetowej<\/b><br> Wklej kod HTML w odpowiedniej sekcji swojej strony internetowej i zapisz zmiany. Twoja o\u015b czasu b\u0119dzie aktywna i gotowa do zaanga\u017cowania odwiedzaj\u0105cych!<\/li> <li><b>Gotowe! Ciesz si\u0119 now\u0105 interaktywn\u0105 osi\u0105 czasu!<\/b><br> Sprawd\u017a swoj\u0105 witryn\u0119, aby zobaczy\u0107 o\u015b czasu w akcji i rozpocznij interakcj\u0119 z odwiedzaj\u0105cymi w wci\u0105gaj\u0105cy, atrakcyjny wizualnie spos\u00f3b!<\/li> <\/ol> <p>Szczeg\u00f3\u0142owe instrukcje znajdziesz w naszym obszernym przewodniku na temat <a href=\"https:\/\/elfsight.com\/blog\/how-to-embed-timeline-to-website\/\" target=\"_blank\" rel=\"noopener\">jak utworzy\u0107 i osadzi\u0107 o\u015b czasu na Twojej stronie internetowej<\/a>.<\/p> <\/div><div class=\"faq\" data-component=\"FAQ\"> <div class=\"faq-item\">\r\n\t\t\t\t\t<div class=\"faq-item-question\">\r\n\t\t\t\t\t\t<h3 class=\"faq-item-question-text\">Czy wid\u017cet O\u015b czasu dla iFrame jest bezp\u0142atny?<\/h3>\r\n\r\n\t\t\t\t\t\t<div class=\"faq-item-question-icon\"><\/div>\r\n\t\t\t\t\t<\/div>\r\n\r\n\t\t\t\t\t<div class=\"faq-item-answer\">\r\n\t\t\t\t\t\t<div class=\"faq-item-answer-text\"> Tak, Elfsight oferuje model subskrypcji z planem bezp\u0142atnym. Dost\u0119p do podstawowych funkcji wid\u017cetu O\u015b czasu iFrame mo\u017cna uzyska\u0107 bezp\u0142atnie, a w planach premium dost\u0119pnych jest wi\u0119cej opcji dostosowywania. <\/div>\r\n\t\t\t\t\t<\/div>\r\n\t\t\t\t<\/div><div class=\"faq-item\">\r\n\t\t\t\t\t<div class=\"faq-item-question\">\r\n\t\t\t\t\t\t<h3 class=\"faq-item-question-text\">Czy potrzebuj\u0119 umiej\u0119tno\u015bci kodowania, aby korzysta\u0107 z wid\u017cetu O\u015b czasu?<\/h3>\r\n\r\n\t\t\t\t\t\t<div class=\"faq-item-question-icon\"><\/div>\r\n\t\t\t\t\t<\/div>\r\n\r\n\t\t\t\t\t<div class=\"faq-item-answer\">\r\n\t\t\t\t\t\t<div class=\"faq-item-answer-text\"> Nie, narz\u0119dzie do tworzenia osi czasu iFrame firmy Elfsight zosta\u0142o zaprojektowane tak, aby by\u0142o przyjazne dla u\u017cytkownika, wi\u0119c nie s\u0105 wymagane \u017cadne umiej\u0119tno\u015bci kodowania. Po prostu skorzystaj z naszego intuicyjnego edytora, aby utworzy\u0107 i dostosowa\u0107 o\u015b czasu. <\/div>\r\n\t\t\t\t\t<\/div>\r\n\t\t\t\t<\/div><div class=\"faq-item\">\r\n\t\t\t\t\t<div class=\"faq-item-question\">\r\n\t\t\t\t\t\t<h3 class=\"faq-item-question-text\">Jak utworzy\u0107 interaktywn\u0105 o\u015b czasu dla iFrame?<\/h3>\r\n\r\n\t\t\t\t\t\t<div class=\"faq-item-question-icon\"><\/div>\r\n\t\t\t\t\t<\/div>\r\n\r\n\t\t\t\t\t<div class=\"faq-item-answer\">\r\n\t\t\t\t\t\t<div class=\"faq-item-answer-text\"> Wybierz szablon w edytorze, dostosuj go do swoich potrzeb i osad\u017a o\u015b czasu, korzystaj\u0105c z dostarczonego kodu HTML. <\/div>\r\n\t\t\t\t\t<\/div>\r\n\t\t\t\t<\/div><div class=\"faq-item\">\r\n\t\t\t\t\t<div class=\"faq-item-question\">\r\n\t\t\t\t\t\t<h3 class=\"faq-item-question-text\">Jakie typy osi czasu mog\u0119 utworzy\u0107?<\/h3>\r\n\r\n\t\t\t\t\t\t<div class=\"faq-item-question-icon\"><\/div>\r\n\t\t\t\t\t<\/div>\r\n\r\n\t\t\t\t\t<div class=\"faq-item-answer\">\r\n\t\t\t\t\t\t<div class=\"faq-item-answer-text\"> Mo\u017cesz utworzy\u0107 r\u00f3\u017cne typy osi czasu dla swojej witryny obs\u0142uguj\u0105cej iFrame, takie jak:<ul> <li><strong>Historia firmy<\/strong>: przedstaw rozw\u00f3j i kamienie milowe swojej firmy.<\/li> <li><strong>Rozw\u00f3j produktu<\/strong>: przedstaw drog\u0119 swojego produktu od jego powstania do wprowadzenia na rynek.<\/li> <li><strong>Post\u0119p projektu<\/strong>: \u015aled\u017a i wy\u015bwietlaj etapy trwaj\u0105cych lub uko\u0144czonych projekt\u00f3w.<\/li> <li><strong>Harmonogramy wydarze\u0144<\/strong>: wyr\u00f3\u017cniaj wa\u017cne wydarzenia lub premiery w prostym, \u0142atwym do \u015bledzenia formacie osi czasu.<\/li> <\/ul> <\/div>\r\n\t\t\t\t\t<\/div>\r\n\t\t\t\t<\/div> <\/div>","protected":false},"excerpt":{"rendered":"","protected":false},"author":9,"featured_media":0,"parent":9819,"menu_order":0,"comment_status":"closed","ping_status":"closed","template":"templates\/template-application-platform.php","meta":{"publish_to_discourse":"","publish_post_category":"","wpdc_auto_publish_overridden":"","wpdc_topic_tags":"","wpdc_pin_topic":"","wpdc_pin_until":"","discourse_post_id":"","discourse_permalink":"","wpdc_publishing_response":"","wpdc_publishing_error":"","footnotes":""},"class_list":["post-9857","page","type-page","status-publish","hentry"],"yoast_head":"<!-- This site is optimized with the Yoast SEO plugin v25.3.1 - https:\/\/yoast.com\/wordpress\/plugins\/seo\/ -->\n<title>Wid\u017cet osi czasu \u2014 osadzaj lini\u0119 historii na stronie internetowej iFrame|Bezp\u0142atnie<\/title>\n<meta name=\"description\" content=\"Dodaj responsywn\u0105 o\u015b czasu do swojej witryny iFrame. Prezentuj kamienie milowe, post\u0119p i kluczowe wydarzenia w dynamicznym formacie dzi\u0119ki wtyczce O\u015b czasu Elfsight.\" \/>\n<meta name=\"robots\" content=\"index, follow, max-snippet:-1, max-image-preview:large, max-video-preview:-1\" \/>\n<link rel=\"canonical\" href=\"https:\/\/elfsight.com\/pl\/timeline-widget\/iframe\/\" \/>\n<meta property=\"og:locale\" content=\"pl_PL\" \/>\n<meta property=\"og:type\" content=\"article\" \/>\n<meta property=\"og:title\" content=\"Wid\u017cet osi czasu \u2014 osadzaj lini\u0119 historii na stronie internetowej iFrame|Bezp\u0142atnie\" \/>\n<meta property=\"og:description\" content=\"Dodaj responsywn\u0105 o\u015b czasu do swojej witryny iFrame. Prezentuj kamienie milowe, post\u0119p i kluczowe wydarzenia w dynamicznym formacie dzi\u0119ki wtyczce O\u015b czasu Elfsight.\" \/>\n<meta property=\"og:url\" content=\"https:\/\/elfsight.com\/pl\/timeline-widget\/iframe\/\" \/>\n<meta property=\"og:site_name\" content=\"Elfsight PL\" \/>\n<meta property=\"article:modified_time\" content=\"2025-06-17T14:08:16+00:00\" \/>\n<meta name=\"twitter:card\" content=\"summary_large_image\" \/>\n<meta name=\"twitter:label1\" content=\"Szacowany czas czytania\" \/>\n\t<meta name=\"twitter:data1\" content=\"4 minuty\" \/>\n<!-- \/ Yoast SEO plugin. -->","yoast_head_json":{"title":"Wid\u017cet osi czasu \u2014 osadzaj lini\u0119 historii na stronie internetowej iFrame|Bezp\u0142atnie","description":"Dodaj responsywn\u0105 o\u015b czasu do swojej witryny iFrame. Prezentuj kamienie milowe, post\u0119p i kluczowe wydarzenia w dynamicznym formacie dzi\u0119ki wtyczce O\u015b czasu Elfsight.","robots":{"index":"index","follow":"follow","max-snippet":"max-snippet:-1","max-image-preview":"max-image-preview:large","max-video-preview":"max-video-preview:-1"},"canonical":"https:\/\/elfsight.com\/pl\/timeline-widget\/iframe\/","og_locale":"pl_PL","og_type":"article","og_title":"Wid\u017cet osi czasu \u2014 osadzaj lini\u0119 historii na stronie internetowej iFrame|Bezp\u0142atnie","og_description":"Dodaj responsywn\u0105 o\u015b czasu do swojej witryny iFrame. Prezentuj kamienie milowe, post\u0119p i kluczowe wydarzenia w dynamicznym formacie dzi\u0119ki wtyczce O\u015b czasu Elfsight.","og_url":"https:\/\/elfsight.com\/pl\/timeline-widget\/iframe\/","og_site_name":"Elfsight PL","article_modified_time":"2025-06-17T14:08:16+00:00","twitter_card":"summary_large_image","twitter_misc":{"Szacowany czas czytania":"4 minuty"},"schema":{"@context":"https:\/\/schema.org","@graph":[{"@type":"WebPage","@id":"https:\/\/elfsight.com\/pl\/timeline-widget\/iframe\/","url":"https:\/\/elfsight.com\/pl\/timeline-widget\/iframe\/","name":"Wid\u017cet osi czasu \u2014 osadzaj lini\u0119 historii na stronie internetowej iFrame|Bezp\u0142atnie","isPartOf":{"@id":"https:\/\/elfsight.com\/pl\/#website"},"datePublished":"2024-06-13T08:49:44+00:00","dateModified":"2025-06-17T14:08:16+00:00","description":"Dodaj responsywn\u0105 o\u015b czasu do swojej witryny iFrame. Prezentuj kamienie milowe, post\u0119p i kluczowe wydarzenia w dynamicznym formacie dzi\u0119ki wtyczce O\u015b czasu Elfsight.","breadcrumb":{"@id":"https:\/\/elfsight.com\/pl\/timeline-widget\/iframe\/#breadcrumb"},"inLanguage":"pl-PL","potentialAction":[{"@type":"ReadAction","target":["https:\/\/elfsight.com\/pl\/timeline-widget\/iframe\/"]}]},{"@type":"BreadcrumbList","@id":"https:\/\/elfsight.com\/pl\/timeline-widget\/iframe\/#breadcrumb","itemListElement":[{"@type":"ListItem","position":1,"name":"Home","item":"https:\/\/elfsight.com\/pl\/"},{"@type":"ListItem","position":2,"name":"Timeline","item":"https:\/\/elfsight.com\/pl\/timeline-widget\/"},{"@type":"ListItem","position":3,"name":"Timeline &#8211; iFrame"}]},{"@type":"WebSite","@id":"https:\/\/elfsight.com\/pl\/#website","url":"https:\/\/elfsight.com\/pl\/","name":"Elfsight PL","description":"Just another Elfsight Sites site","potentialAction":[{"@type":"SearchAction","target":{"@type":"EntryPoint","urlTemplate":"https:\/\/elfsight.com\/pl\/?s={search_term_string}"},"query-input":{"@type":"PropertyValueSpecification","valueRequired":true,"valueName":"search_term_string"}}],"inLanguage":"pl-PL"}]}},"meta_box":{"industry":"","seo_heading":"","heading":"","description":"","cta_heading":"","cta_description":"","application":"9818","h1":"Wtyczka osi czasu dla iFrame","h1_caption":"Wy\u015bwietlaj interaktywn\u0105 i wci\u0105gaj\u0105c\u0105 o\u015b czasu wydarze\u0144, aby wyr\u00f3\u017cni\u0107 kluczowe kamienie milowe, etapy projektu lub linie historii w swojej witrynie iFrame","application_category":[],"applications_title":"","applications_request_title":"","applications_request_button_text":"","hero_text":"","hero_video":"","hero_video_schema_markup":"","selling_points_title":"","selling_points_caption":"","selling_points":[],"selling_points_cta_text":"","features_title":"","features":"","ed_cta_examples_text":"","ed_cta_examples_hidden":"","ed_cta_demo_text":"","ed_cta_demo_hidden":"","why_caption":"","why_editor_title":"","why_editor_text":"","why_team_title":"","why_team_text":"","why_service_title":"","why_service_text":"","template_catalog_visible":"0","template_catalog_title":"","template_catalog_text":"","template_catalog_categories_visible":"","demo_title":"Utw\u00f3rz wtyczk\u0119 osi czasu iFrame","demo_caption":"Dostosuj o\u015b czasu i z \u0142atwo\u015bci\u0105 dodaj j\u0105 do swojej witryny!","default_faq_hidden":"","app_template_category":[],"platform":"187","template_public_id":"","codecanyon_url":"","codecanyon_item_id":"","codecanyon_price":"","pricing_caption":"","pricing_elfsight_apps_hide_column":"","pricing_elfsight_apps_url":"","pricing_codecanyon_price_caption":"","integration_category":[],"integration_request_title":"","integration_request_cta":"","integration_platform":"","integrations":[],"platform_category":[],"video_schema_markup":"","price":"od 0 USD \/ miesi\u0105c","trial":"","benefits":[],"button_url":"#demo","button_target_blank":"0","button_nofollow":"0","attributes":[{"name":"Instaluje","content":"50,000 - 100,000","_state":"expanded"},{"name":"Czu\u0142y","content":"Tak","_state":"expanded"},{"name":"Kompatybilne przegl\u0105darki","content":"Firefox, Safari, Opera, Chrome, Edge","_state":"expanded"}],"tags":[],"tags_disable_links":"0","hide_more_platforms":"0","video_object":"","demo_hide_cta":"0","demo_hide_cloud_options":"0","pricing_title":"","pricing":[{"pricing_icon":"platform","pricing_title":"Elfsight Apps","pricing_title_caption":"Oprogramowanie wieloplatformowe, kt\u00f3re pasuje do ka\u017cdej witryny","pricing_price":"od 0 USD \/ miesi\u0105c","pricing_price_caption":"zacznij od darmowego planu","pricing_button_text":"Dodaj do witryny","pricing_button_url":"#demo"}],"related_apps_title":"","related_apps_hidden":"0","author":"","image":[],"title":"","job":"","social_networks":[]},"_links":{"self":[{"href":"https:\/\/elfsight.com\/pl\/wp-json\/wp\/v2\/pages\/9857","targetHints":{"allow":["GET"]}}],"collection":[{"href":"https:\/\/elfsight.com\/pl\/wp-json\/wp\/v2\/pages"}],"about":[{"href":"https:\/\/elfsight.com\/pl\/wp-json\/wp\/v2\/types\/page"}],"author":[{"embeddable":true,"href":"https:\/\/elfsight.com\/pl\/wp-json\/wp\/v2\/users\/9"}],"replies":[{"embeddable":true,"href":"https:\/\/elfsight.com\/pl\/wp-json\/wp\/v2\/comments?post=9857"}],"version-history":[{"count":1,"href":"https:\/\/elfsight.com\/pl\/wp-json\/wp\/v2\/pages\/9857\/revisions"}],"predecessor-version":[{"id":9861,"href":"https:\/\/elfsight.com\/pl\/wp-json\/wp\/v2\/pages\/9857\/revisions\/9861"}],"up":[{"embeddable":true,"href":"https:\/\/elfsight.com\/pl\/wp-json\/wp\/v2\/pages\/9819"}],"wp:attachment":[{"href":"https:\/\/elfsight.com\/pl\/wp-json\/wp\/v2\/media?parent=9857"}],"curies":[{"name":"wp","href":"https:\/\/api.w.org\/{rel}","templated":true}]}}