{"id":9852,"date":"2024-06-13T08:49:44","date_gmt":"2024-06-13T08:49:44","guid":{"rendered":"https:\/\/elfsight.com\/pl\/?page_id=9852"},"modified":"2025-06-17T14:08:08","modified_gmt":"2025-06-17T14:08:08","slug":"joomla","status":"publish","type":"page","link":"https:\/\/elfsight.com\/pl\/timeline-widget\/joomla\/","title":{"rendered":"Timeline &#8211; Joomla"},"content":{"rendered":"<div class=\"application-platform-content-item-description application-platform-content-item\" id=\"description\" data-nav-section=\"description\"><h2>Wtyczka osi czasu Joomla<\/h2> <p>Ulepsz swoj\u0105 witryn\u0119 Joomla, dodaj\u0105c dynamiczn\u0105 i konfigurowaln\u0105 o\u015b czasu. Dzi\u0119ki wtyczce O\u015b czasu Elfsight mo\u017cesz bez wysi\u0142ku wy\u015bwietla\u0107 kamienie milowe, wa\u017cne wydarzenia lub etapy projektu w wci\u0105gaj\u0105cym wizualnie formacie. Niezale\u017cnie od tego, czy prezentujesz histori\u0119 swojej firmy, szczeg\u00f3\u0142owo opisujesz fazy projektu czy podkre\u015blasz rozw\u00f3j produktu, ta wtyczka zapewnia prosty spos\u00f3b na utworzenie interaktywnego planu dzia\u0142ania bez konieczno\u015bci posiadania umiej\u0119tno\u015bci kodowania.<\/p> <ul> <li><b>Tw\u00f3rz interaktywne osie czasu bez kodowania<\/b><br> Zaprojektuj i uruchom w pe\u0142ni funkcjonaln\u0105 o\u015b czasu w ci\u0105gu zaledwie kilku minut \u2014 nie jest wymagana \u017cadna wiedza techniczna, dzi\u0119ki czemu mo\u017cesz od razu zacz\u0105\u0107 anga\u017cowa\u0107 odwiedzaj\u0105cych.<\/li> <li><b>Zaawansowane opcje dostosowywania<\/b><br> Spersonalizuj projekt i uk\u0142ad swojej osi czasu za pomoc\u0105 r\u00f3\u017cnych szablon\u00f3w, schemat\u00f3w kolor\u00f3w, czcionek i ustawie\u0144, aby dopasowa\u0107 je do stylu Twojej marki.<\/li> <li><b>Bezproblemowy proces osadzania<\/b><br> Bezproblemowo osadzaj o\u015b czasu w witrynie Joomla za pomoc\u0105 prostego kodu osadzania HTML \u2014 bez \u017cadnych problem\u00f3w technicznych.<\/li> <li><b>Elastyczna obs\u0142uga klienta<\/b><br> Nasz oddany zesp\u00f3\u0142 wsparcia jest zawsze gotowy do pomocy w konfiguracji i dbaniu o zachowanie osi czasu dzia\u0142a doskonale na Twojej witrynie Joomla.<\/li> <\/ul> <p><b>Zacznij korzysta\u0107 z wid\u017cetu O\u015b czasu Joomla Elfsight ju\u017c dzi\u015b, aby przyci\u0105gn\u0105\u0107 odwiedzaj\u0105cych i zaprezentowa\u0107 swoje osi\u0105gni\u0119cia w interaktywny spos\u00f3b!<\/b><\/p> <\/div><div class=\"application-platform-content-item-features application-platform-content-item\" id=\"features\" data-nav-section=\"features\"><h2>Funkcje wtyczki O\u015b czasu Joomla<\/h2> <ul> <li><strong>Zaanga\u017cuj odwiedzaj\u0105cych wizualnie<\/strong><br> Przyci\u0105gaj uwag\u0119 do kamieni milowych i wydarze\u0144 za pomoc\u0105 dynamicznej i atrakcyjnej wizualnie osi czasu, kt\u00f3ra zach\u0119ca odbiorc\u00f3w do dalszego odkrywania Twoich tre\u015bci.<\/li> <li><strong>Zaprezentuj swoje post\u0119py i wydarzenia<\/strong><br> Wy\u015bwietlaj swoje kamienie milowe lub etapy projektu w jasnym, chronologicznym porz\u0105dku, pomagaj\u0105c odwiedzaj\u0105cym \u015bledzi\u0107 Tw\u00f3j rozw\u00f3j i pozosta\u0107 w kontakcie z Twoimi tre\u015bciami.<\/li> <li><strong>Podkre\u015bl kluczowe osi\u0105gni\u0119cia<\/strong><br> Po\u0142\u00f3\u017c szczeg\u00f3lny nacisk na swoje najwa\u017cniejsze kamienie milowe, prezentuj\u0105c je w wizualnie \u0142atwym do zrozumienia formacie, kt\u00f3ry przyci\u0105ga uwag\u0119 i zach\u0119ca do interakcji.<\/li> <\/ul> <p><a href=\"#demo\">Zajrzyj do edytora, aby na w\u0142asnej sk\u00f3rze pozna\u0107 wszystkie funkcje wid\u017cetu O\u015b czasu.<\/a><\/p> <\/div><div class=\"application-platform-content-item-installation application-platform-content-item\" id=\"installation\" data-nav-section=\"installation\"><h2>Jak osadzi\u0107 o\u015b czasu w Joomla<\/h2> <p>Dodanie osi czasu do witryny Joomla jest szybkie i proste. Aby rozpocz\u0105\u0107, wykonaj nast\u0119puj\u0105ce proste kroki:<\/p> <ol> <li><b>Utw\u00f3rz w\u0142asn\u0105 o\u015b czasu Joomla<\/b><br> Wybierz szablon z naszego edytora, a nast\u0119pnie spersonalizuj go, aby pasowa\u0142 do projektu Twojej witryny. Dostosuj uk\u0142ad, dodaj kamienie milowe i dostosuj ustawienia do swoich potrzeb.<\/li> <li><b>Uzyskaj unikalny kod do umieszczenia na stronie<\/b><br> Po dostosowaniu osi czasu otrzymasz unikalny kod HTML. Skopiuj ten kod, aby u\u017cy\u0107 go p\u00f3\u017aniej.<\/li> <li><b>Osad\u017a kod w swojej witrynie Joomla<\/b><br> Wklej kod HTML w odpowiedniej sekcji swojej strony Joomla i zapisz zmiany. Twoja interaktywna o\u015b czasu b\u0119dzie teraz dost\u0119pna na Twojej stronie internetowej!<\/li> <li><b>Gotowe! Ciesz si\u0119 now\u0105 osi\u0105 czasu!<\/b><br> Odwied\u017a swoj\u0105 witryn\u0119, aby zobaczy\u0107 o\u015b czasu w akcji i zacznij przyci\u0105ga\u0107 odwiedzaj\u0105cych atrakcyjn\u0105 wizualnie osi\u0105 czasu.<\/li> <\/ol> <p>Aby uzyska\u0107 bardziej szczeg\u00f3\u0142owe instrukcje, zapoznaj si\u0119 z naszym obszernym przewodnikiem na temat <a href=\"https:\/\/elfsight.com\/blog\/how-to-embed-timeline-to-website\/\" target=\"_blank\" rel=\"noopener\">jak doda\u0107 o\u015b czasu do swojej Joomla site<\/a>.<\/p> <\/div><div class=\"faq\" data-component=\"FAQ\"> <div class=\"faq-item\">\r\n\t\t\t\t\t<div class=\"faq-item-question\">\r\n\t\t\t\t\t\t<h3 class=\"faq-item-question-text\">Czy wid\u017cet O\u015b czasu dla Joomla jest bezp\u0142atny?<\/h3>\r\n\r\n\t\t\t\t\t\t<div class=\"faq-item-question-icon\"><\/div>\r\n\t\t\t\t\t<\/div>\r\n\r\n\t\t\t\t\t<div class=\"faq-item-answer\">\r\n\t\t\t\t\t\t<div class=\"faq-item-answer-text\"> Tak, Elfsight oferuje wielopoziomowy model subskrypcji, kt\u00f3ry obejmuje bezp\u0142atny plan. Dost\u0119p do podstawowych funkcji wid\u017cetu O\u015b czasu Joomla jest bezp\u0142atny, a dodatkowe opcje dostosowywania s\u0105 dost\u0119pne w ramach plan\u00f3w premium. <\/div>\r\n\t\t\t\t\t<\/div>\r\n\t\t\t\t<\/div><div class=\"faq-item\">\r\n\t\t\t\t\t<div class=\"faq-item-question\">\r\n\t\t\t\t\t\t<h3 class=\"faq-item-question-text\">Czy potrzebuj\u0119 umiej\u0119tno\u015bci kodowania, aby korzysta\u0107 z wid\u017cetu O\u015b czasu?<\/h3>\r\n\r\n\t\t\t\t\t\t<div class=\"faq-item-question-icon\"><\/div>\r\n\t\t\t\t\t<\/div>\r\n\r\n\t\t\t\t\t<div class=\"faq-item-answer\">\r\n\t\t\t\t\t\t<div class=\"faq-item-answer-text\"> Nie, kreator Osi czasu Joomla firmy Elfsight zosta\u0142 zaprojektowany z my\u015bl\u0105 o \u0142atwo\u015bci u\u017cytkowania. Nie potrzebujesz \u017cadnego do\u015bwiadczenia w kodowaniu \u2014 po prostu skorzystaj z naszego przyjaznego dla u\u017cytkownika edytora, aby utworzy\u0107 i dostosowa\u0107 o\u015b czasu. <\/div>\r\n\t\t\t\t\t<\/div>\r\n\t\t\t\t<\/div><div class=\"faq-item\">\r\n\t\t\t\t\t<div class=\"faq-item-question\">\r\n\t\t\t\t\t\t<h3 class=\"faq-item-question-text\">Jak utworzy\u0107 interaktywn\u0105 o\u015b czasu dla Joomla?<\/h3>\r\n\r\n\t\t\t\t\t\t<div class=\"faq-item-question-icon\"><\/div>\r\n\t\t\t\t\t<\/div>\r\n\r\n\t\t\t\t\t<div class=\"faq-item-answer\">\r\n\t\t\t\t\t\t<div class=\"faq-item-answer-text\"> Po prostu wybierz szablon w edytorze, spersonalizuj go wed\u0142ug potrzeb i osad\u017a przy u\u017cyciu dostarczonego kodu HTML. <\/div>\r\n\t\t\t\t\t<\/div>\r\n\t\t\t\t<\/div><div class=\"faq-item\">\r\n\t\t\t\t\t<div class=\"faq-item-question\">\r\n\t\t\t\t\t\t<h3 class=\"faq-item-question-text\">Jakie rodzaje osi czasu mog\u0119 utworzy\u0107?<\/h3>\r\n\r\n\t\t\t\t\t\t<div class=\"faq-item-question-icon\"><\/div>\r\n\t\t\t\t\t<\/div>\r\n\r\n\t\t\t\t\t<div class=\"faq-item-answer\">\r\n\t\t\t\t\t\t<div class=\"faq-item-answer-text\"> Mo\u017cesz utworzy\u0107 r\u00f3\u017cne osie czasu dla swojej witryny Joomla, takie jak: <ul> <li><strong>Historia firmy<\/strong>: Przedstaw kamienie milowe i rozw\u00f3j Twojej firmy.<\/li> <li><strong>Rozw\u00f3j produktu<\/strong>: Wy\u015bwietl podr\u00f3\u017c Twojego produktu od koncepcji do wprowadzenia na rynek.<\/li> <li><strong>Post\u0119p projektu<\/strong>: \u015aled\u017a i wizualizuj etapy bie\u017c\u0105cego procesu lub uko\u0144czonych projekt\u00f3w.<\/li> <li><strong>Harmonogramy wydarze\u0144<\/strong>: przedstawiaj harmonogramy wydarze\u0144, premiery produkt\u00f3w lub harmonogramy konferencji w prostym, interaktywnym formacie.<\/li> <\/ul> <\/div>\r\n\t\t\t\t\t<\/div>\r\n\t\t\t\t<\/div> <\/div>","protected":false},"excerpt":{"rendered":"","protected":false},"author":9,"featured_media":0,"parent":9819,"menu_order":0,"comment_status":"closed","ping_status":"closed","template":"templates\/template-application-platform.php","meta":{"publish_to_discourse":"","publish_post_category":"","wpdc_auto_publish_overridden":"","wpdc_topic_tags":"","wpdc_pin_topic":"","wpdc_pin_until":"","discourse_post_id":"","discourse_permalink":"","wpdc_publishing_response":"","wpdc_publishing_error":"","footnotes":""},"class_list":["post-9852","page","type-page","status-publish","hentry"],"yoast_head":"<!-- This site is optimized with the Yoast SEO plugin v25.3.1 - https:\/\/yoast.com\/wordpress\/plugins\/seo\/ -->\n<title>Wid\u017cet osi czasu - Osad\u017a lini\u0119 historii na stronie Joomla [BEZP\u0141ATNIE]<\/title>\n<meta name=\"description\" content=\"B\u0105d\u017a na bie\u017c\u0105co z naszymi nadchodz\u0105cymi wtyczkami i wid\u017cetami Joomla. Zobacz wszystkie funkcje wtyczki Joomla Timeline, kt\u00f3re mo\u017cesz doda\u0107 do witryny.\" \/>\n<meta name=\"robots\" content=\"index, follow, max-snippet:-1, max-image-preview:large, max-video-preview:-1\" \/>\n<link rel=\"canonical\" href=\"https:\/\/elfsight.com\/pl\/timeline-widget\/joomla\/\" \/>\n<meta property=\"og:locale\" content=\"pl_PL\" \/>\n<meta property=\"og:type\" content=\"article\" \/>\n<meta property=\"og:title\" content=\"Wid\u017cet osi czasu - Osad\u017a lini\u0119 historii na stronie Joomla [BEZP\u0141ATNIE]\" \/>\n<meta property=\"og:description\" content=\"B\u0105d\u017a na bie\u017c\u0105co z naszymi nadchodz\u0105cymi wtyczkami i wid\u017cetami Joomla. Zobacz wszystkie funkcje wtyczki Joomla Timeline, kt\u00f3re mo\u017cesz doda\u0107 do witryny.\" \/>\n<meta property=\"og:url\" content=\"https:\/\/elfsight.com\/pl\/timeline-widget\/joomla\/\" \/>\n<meta property=\"og:site_name\" content=\"Elfsight PL\" \/>\n<meta property=\"article:modified_time\" content=\"2025-06-17T14:08:08+00:00\" \/>\n<meta name=\"twitter:card\" content=\"summary_large_image\" \/>\n<meta name=\"twitter:label1\" content=\"Szacowany czas czytania\" \/>\n\t<meta name=\"twitter:data1\" content=\"4 minuty\" \/>\n<!-- \/ Yoast SEO plugin. -->","yoast_head_json":{"title":"Wid\u017cet osi czasu - Osad\u017a lini\u0119 historii na stronie Joomla [BEZP\u0141ATNIE]","description":"B\u0105d\u017a na bie\u017c\u0105co z naszymi nadchodz\u0105cymi wtyczkami i wid\u017cetami Joomla. Zobacz wszystkie funkcje wtyczki Joomla Timeline, kt\u00f3re mo\u017cesz doda\u0107 do witryny.","robots":{"index":"index","follow":"follow","max-snippet":"max-snippet:-1","max-image-preview":"max-image-preview:large","max-video-preview":"max-video-preview:-1"},"canonical":"https:\/\/elfsight.com\/pl\/timeline-widget\/joomla\/","og_locale":"pl_PL","og_type":"article","og_title":"Wid\u017cet osi czasu - Osad\u017a lini\u0119 historii na stronie Joomla [BEZP\u0141ATNIE]","og_description":"B\u0105d\u017a na bie\u017c\u0105co z naszymi nadchodz\u0105cymi wtyczkami i wid\u017cetami Joomla. Zobacz wszystkie funkcje wtyczki Joomla Timeline, kt\u00f3re mo\u017cesz doda\u0107 do witryny.","og_url":"https:\/\/elfsight.com\/pl\/timeline-widget\/joomla\/","og_site_name":"Elfsight PL","article_modified_time":"2025-06-17T14:08:08+00:00","twitter_card":"summary_large_image","twitter_misc":{"Szacowany czas czytania":"4 minuty"},"schema":{"@context":"https:\/\/schema.org","@graph":[{"@type":"WebPage","@id":"https:\/\/elfsight.com\/pl\/timeline-widget\/joomla\/","url":"https:\/\/elfsight.com\/pl\/timeline-widget\/joomla\/","name":"Wid\u017cet osi czasu - Osad\u017a lini\u0119 historii na stronie Joomla [BEZP\u0141ATNIE]","isPartOf":{"@id":"https:\/\/elfsight.com\/pl\/#website"},"datePublished":"2024-06-13T08:49:44+00:00","dateModified":"2025-06-17T14:08:08+00:00","description":"B\u0105d\u017a na bie\u017c\u0105co z naszymi nadchodz\u0105cymi wtyczkami i wid\u017cetami Joomla. Zobacz wszystkie funkcje wtyczki Joomla Timeline, kt\u00f3re mo\u017cesz doda\u0107 do witryny.","breadcrumb":{"@id":"https:\/\/elfsight.com\/pl\/timeline-widget\/joomla\/#breadcrumb"},"inLanguage":"pl-PL","potentialAction":[{"@type":"ReadAction","target":["https:\/\/elfsight.com\/pl\/timeline-widget\/joomla\/"]}]},{"@type":"BreadcrumbList","@id":"https:\/\/elfsight.com\/pl\/timeline-widget\/joomla\/#breadcrumb","itemListElement":[{"@type":"ListItem","position":1,"name":"Home","item":"https:\/\/elfsight.com\/pl\/"},{"@type":"ListItem","position":2,"name":"Timeline","item":"https:\/\/elfsight.com\/pl\/timeline-widget\/"},{"@type":"ListItem","position":3,"name":"Timeline &#8211; Joomla"}]},{"@type":"WebSite","@id":"https:\/\/elfsight.com\/pl\/#website","url":"https:\/\/elfsight.com\/pl\/","name":"Elfsight PL","description":"Just another Elfsight Sites site","potentialAction":[{"@type":"SearchAction","target":{"@type":"EntryPoint","urlTemplate":"https:\/\/elfsight.com\/pl\/?s={search_term_string}"},"query-input":{"@type":"PropertyValueSpecification","valueRequired":true,"valueName":"search_term_string"}}],"inLanguage":"pl-PL"}]}},"meta_box":{"industry":"","seo_heading":"","heading":"","description":"","cta_heading":"","cta_description":"","application":"9818","h1":"Wtyczka osi czasu dla Joomla","h1_caption":"Zaprezentuj atrakcyjn\u0105 wizualnie o\u015b czasu wydarze\u0144 na swojej stronie Joomla, aby podkre\u015bli\u0107 najwa\u017cniejsze kamienie milowe i osi\u0105gni\u0119cia","application_category":[],"applications_title":"","applications_request_title":"","applications_request_button_text":"","hero_text":"","hero_video":"","hero_video_schema_markup":"","selling_points_title":"","selling_points_caption":"","selling_points":[],"selling_points_cta_text":"","features_title":"","features":"","ed_cta_examples_text":"","ed_cta_examples_hidden":"","ed_cta_demo_text":"","ed_cta_demo_hidden":"","why_caption":"","why_editor_title":"","why_editor_text":"","why_team_title":"","why_team_text":"","why_service_title":"","why_service_text":"","template_catalog_visible":"0","template_catalog_title":"","template_catalog_text":"","template_catalog_categories_visible":"","demo_title":"Utw\u00f3rz wtyczk\u0119 Joomla Timeline","demo_caption":"Dostosuj o\u015b czasu i z \u0142atwo\u015bci\u0105 dodaj j\u0105 do swojej witryny!","default_faq_hidden":"","app_template_category":[],"platform":"53","template_public_id":"","codecanyon_url":"","codecanyon_item_id":"","codecanyon_price":"","pricing_caption":"","pricing_elfsight_apps_hide_column":"","pricing_elfsight_apps_url":"","pricing_codecanyon_price_caption":"","integration_category":[],"integration_request_title":"","integration_request_cta":"","integration_platform":"","integrations":[],"platform_category":[],"video_schema_markup":"","price":"od 0 USD \/ miesi\u0105c","trial":"","benefits":[],"button_url":"#demo","button_target_blank":"0","button_nofollow":"0","attributes":[{"name":"Instaluje","content":"50,000 - 100,000","_state":"expanded"},{"name":"Czu\u0142y","content":"Tak","_state":"expanded"},{"name":"Kompatybilne przegl\u0105darki","content":"Firefox, Safari, Opera, Chrome, Edge","_state":"expanded"}],"tags":[],"tags_disable_links":"0","hide_more_platforms":"0","video_object":"","demo_hide_cta":"0","demo_hide_cloud_options":"0","pricing_title":"","pricing":[{"pricing_icon":"platform","pricing_title":"Elfsight Apps","pricing_title_caption":"Oprogramowanie wieloplatformowe, kt\u00f3re pasuje do ka\u017cdej witryny","pricing_price":"od 0 USD \/ miesi\u0105c","pricing_price_caption":"zacznij od darmowego planu","pricing_button_text":"Dodaj do witryny","pricing_button_url":"#demo"}],"related_apps_title":"","related_apps_hidden":"0","author":"","image":[],"title":"","job":"","social_networks":[]},"_links":{"self":[{"href":"https:\/\/elfsight.com\/pl\/wp-json\/wp\/v2\/pages\/9852","targetHints":{"allow":["GET"]}}],"collection":[{"href":"https:\/\/elfsight.com\/pl\/wp-json\/wp\/v2\/pages"}],"about":[{"href":"https:\/\/elfsight.com\/pl\/wp-json\/wp\/v2\/types\/page"}],"author":[{"embeddable":true,"href":"https:\/\/elfsight.com\/pl\/wp-json\/wp\/v2\/users\/9"}],"replies":[{"embeddable":true,"href":"https:\/\/elfsight.com\/pl\/wp-json\/wp\/v2\/comments?post=9852"}],"version-history":[{"count":1,"href":"https:\/\/elfsight.com\/pl\/wp-json\/wp\/v2\/pages\/9852\/revisions"}],"predecessor-version":[{"id":9856,"href":"https:\/\/elfsight.com\/pl\/wp-json\/wp\/v2\/pages\/9852\/revisions\/9856"}],"up":[{"embeddable":true,"href":"https:\/\/elfsight.com\/pl\/wp-json\/wp\/v2\/pages\/9819"}],"wp:attachment":[{"href":"https:\/\/elfsight.com\/pl\/wp-json\/wp\/v2\/media?parent=9852"}],"curies":[{"name":"wp","href":"https:\/\/api.w.org\/{rel}","templated":true}]}}