{"id":9850,"date":"2025-03-10T15:10:24","date_gmt":"2025-03-10T15:10:24","guid":{"rendered":"https:\/\/elfsight.com\/pl\/?page_id=9850"},"modified":"2025-06-17T14:08:08","modified_gmt":"2025-06-17T14:08:08","slug":"bigcommerce","status":"publish","type":"page","link":"https:\/\/elfsight.com\/pl\/timeline-widget\/bigcommerce\/","title":{"rendered":"Timeline &#8211; BigCommerce"},"content":{"rendered":"<div class=\"application-platform-content-item-description application-platform-content-item\" id=\"description\" data-nav-section=\"description\"><h2>Aplikacja BigCommerce z osi\u0105 czasu<\/h2> <p>Ulepsz sw\u00f3j sklep BigCommerce dzi\u0119ki interaktywnej osi czasu, kt\u00f3ra pomo\u017ce zaprezentowa\u0107 najwa\u017cniejsze kamienie milowe, kluczowe wydarzenia i etapy Twojej podr\u00f3\u017cy biznesowej. Przyci\u0105gaj klient\u00f3w dynamiczn\u0105 wizualnie i interaktywn\u0105 osi\u0105 czasu. Kreator osi czasu Elfsight BigCommerce pozwala personalizowa\u0107 znaczniki kamieni milowych, aby stworzy\u0107 urzekaj\u0105ce do\u015bwiadczenie. Niezale\u017cnie od tego, czy podkre\u015blasz histori\u0119 swojej firmy, \u015bledzisz rozw\u00f3j produkt\u00f3w czy wy\u015bwietlasz kluczowe osi\u0105gni\u0119cia biznesowe, ten wid\u017cet pozwala utworzy\u0107 elastyczn\u0105 o\u015b czasu dostosowan\u0105 do Twoich unikalnych cel\u00f3w.<\/p> <ul> <li><b>Tw\u00f3rz interaktywne osie czasu bez konieczno\u015bci kodowania.<\/b><br> Utw\u00f3rz w pe\u0142ni funkcjonaln\u0105 o\u015b czasu w ci\u0105gu kilku minut, bez konieczno\u015bci posiadania umiej\u0119tno\u015bci technicznych i od razu zacznij przyci\u0105ga\u0107 uwag\u0119 odwiedzaj\u0105cych.<\/li> <li><b>Kompleksowe opcje dostosowywania.<\/b><br> Dostosuj swoj\u0105 witryn\u0119 projekt, uk\u0142ad, kolory, czcionki i ustawienia osi czasu, aby idealnie pasowa\u0142y do \u200b\u200bestetyki Twojej marki i projektu sklepu.<\/li> <li><b>\u0141atwy proces integracji.<\/b><br> Szybko dodaj dostosowan\u0105 o\u015b czasu do swojego sklepu BigCommerce za pomoc\u0105 prostego kodu do osadzenia w formacie HTML \u2014 nie jest wymagana \u017cadna znajomo\u015b\u0107 kodowania.<\/li> <li><b>Dedykowana obs\u0142uga klienta.<\/b><br> Nasz zesp\u00f3\u0142 jest zawsze dost\u0119pny, aby pom\u00f3c w procesie konfiguracji, zapewniaj\u0105c sprawne dzia\u0142anie osi czasu na Twoim sklep.<\/li> <\/ul> <p><b>Wypr\u00f3buj wid\u017cet O\u015b czasu BigCommerce Elfsight i zaprezentuj swoje kamienie milowe w wci\u0105gaj\u0105cy wizualnie spos\u00f3b!<\/b><\/p><\/div><div class=\"application-platform-content-item-features application-platform-content-item\" id=\"features\" data-nav-section=\"features\"><h2>Co mo\u017cesz zrobi\u0107 dzi\u0119ki Osi czasu BigCommerce<\/h2> <ul> <li><strong>Zaanga\u017cuj wizualnie swoje odbiorc\u00f3w.<\/strong><br> Przyci\u0105gnij i zatrzymaj odwiedzaj\u0105cych, wy\u015bwietlaj\u0105c najwa\u017cniejsze etapy w przejrzystym formacie graficznym. Wizualna o\u015b czasu upraszcza tre\u015b\u0107, zach\u0119caj\u0105c u\u017cytkownik\u00f3w do dalszej eksploracji.<\/li> <li><strong>Pokazuj post\u0119py i wydarzenia.<\/strong><br> Chronologicznie przedstawiaj kamienie milowe swojej firmy, etapy produktu lub wa\u017cne wydarzenia, informuj\u0105c odwiedzaj\u0105cych i ciekawi\u0105c ich rozw\u00f3j.<\/li> <li><strong>Podkre\u015bl swoje kluczowe osi\u0105gni\u0119cia.<\/strong><br> Wyr\u00f3\u017cnij najwa\u017cniejsze kamienie milowe za pomoc\u0105 przejrzystego, zorganizowanego uk\u0142adu, kt\u00f3ry b\u0119dzie \u0142atwy do \u015bledzenia i interakcji dla odwiedzaj\u0105cych za pomoc\u0105.<\/li> <\/ul> <p><a href=\"#demo\">Przejrzyj edytor, aby odkry\u0107 wszystkie zaawansowane funkcje wid\u017cetu O\u015b czasu.<\/a><\/p><\/div><div class=\"application-platform-content-item-installation application-platform-content-item\" id=\"installation\" data-nav-section=\"installation\"><h2>Jak osadzi\u0107 o\u015b czasu w BigCommerce<\/h2> <p>Dodanie wid\u017cetu O\u015b czasu do sklepu BigCommerce jest szybkie i proste, bez konieczno\u015bci kodowania wymagane umiej\u0119tno\u015bci. Wykonaj tylko te proste kroki:<\/p> <ol> <li><b>Dostosuj o\u015b czasu BigCommerce<\/b><br> Wybierz szablon w edytorze, a nast\u0119pnie dostosuj go do swoich potrzeb. Dostosuj uk\u0142ad, dodaj znaczniki kamieni milowych i zmodyfikuj projekt, aby pasowa\u0142 do stylu Twojego sklepu.<\/li> <li><b>Skopiuj kod do umieszczenia na stronie<\/b><br> Po zako\u0144czeniu dostosowywania osi czasu otrzymasz unikalny kod do umieszczenia na stronie HTML. Skopiuj ten kod do wykorzystania w przysz\u0142o\u015bci.<\/li> <li><b>Osad\u017a kod na swojej stronie BigCommerce<\/b><br> Wklej kod osadzaj\u0105cy HTML w odpowiedniej sekcji swojej strony internetowej i zapisz zmiany. Twoja o\u015b czasu b\u0119dzie teraz aktywna!<\/li> <li><b>Ciesz si\u0119 interaktywn\u0105 osi\u0105 czasu!<\/b><br> Odwied\u017a sw\u00f3j sklep, aby zobaczy\u0107 o\u015b czasu w akcji i zacznij anga\u017cowa\u0107 klient\u00f3w za pomoc\u0105 interaktywnego, urzekaj\u0105cego wizualnie do\u015bwiadczenia.<\/li> <\/ol> <p>Aby uzyska\u0107 bardziej szczeg\u00f3\u0142owe instrukcje, zapoznaj si\u0119 z naszym obszernym przewodnikiem na stronie <a href=\"https:\/\/elfsight.com\/blog\/how-to-embed-timeline-to-website\/\" target=\"_blank\" rel=\"noopener\">jak doda\u0107 o\u015b czasu do swojej witryny<\/a>.<\/p><\/div><div class=\"faq\" data-component=\"FAQ\"><div class=\"faq-item\">\r\n\t\t\t\t\t<div class=\"faq-item-question\">\r\n\t\t\t\t\t\t<h3 class=\"faq-item-question-text\">Czy wid\u017cet O\u015b czasu dla BigCommerce jest bezp\u0142atny?<\/h3>\r\n\r\n\t\t\t\t\t\t<div class=\"faq-item-question-icon\"><\/div>\r\n\t\t\t\t\t<\/div>\r\n\r\n\t\t\t\t\t<div class=\"faq-item-answer\">\r\n\t\t\t\t\t\t<div class=\"faq-item-answer-text\">Tak, Elfsight oferuje model subskrypcji obejmuj\u0105cy warstw\u0119 bezp\u0142atn\u0105. Dost\u0119p do podstawowych funkcji wid\u017cetu O\u015b czasu mo\u017cna uzyska\u0107 bezp\u0142atnie, a plany premium umo\u017cliwiaj\u0105 dalsze opcje dostosowywania.<\/div>\r\n\t\t\t\t\t<\/div>\r\n\t\t\t\t<\/div><div class=\"faq-item\">\r\n\t\t\t\t\t<div class=\"faq-item-question\">\r\n\t\t\t\t\t\t<h3 class=\"faq-item-question-text\">Czy potrzebuj\u0119 wiedzy z zakresu kodowania, aby korzysta\u0107 z wid\u017cetu O\u015b czasu?<\/h3>\r\n\r\n\t\t\t\t\t\t<div class=\"faq-item-question-icon\"><\/div>\r\n\t\t\t\t\t<\/div>\r\n\r\n\t\t\t\t\t<div class=\"faq-item-answer\">\r\n\t\t\t\t\t\t<div class=\"faq-item-answer-text\">Nie, wid\u017cet O\u015b czasu BigCommerce nie wymaga wiedzy z zakresu kodowania. Za pomoc\u0105 naszego intuicyjnego edytora mo\u017cesz \u0142atwo utworzy\u0107 i dostosowa\u0107 swoj\u0105 o\u015b czasu.<\/div>\r\n\t\t\t\t\t<\/div>\r\n\t\t\t\t<\/div><div class=\"faq-item\">\r\n\t\t\t\t\t<div class=\"faq-item-question\">\r\n\t\t\t\t\t\t<h3 class=\"faq-item-question-text\">Jak utworzy\u0107 interaktywn\u0105 o\u015b czasu dla BigCommerce?<\/h3>\r\n\r\n\t\t\t\t\t\t<div class=\"faq-item-question-icon\"><\/div>\r\n\t\t\t\t\t<\/div>\r\n\r\n\t\t\t\t\t<div class=\"faq-item-answer\">\r\n\t\t\t\t\t\t<div class=\"faq-item-answer-text\">Po prostu wybierz szablon w edytorze, dostosuj go do swoich potrzeb i osad\u017a w swoim sklepie, korzystaj\u0105c z dostarczonego kodu osadzania HTML.<\/div>\r\n\t\t\t\t\t<\/div>\r\n\t\t\t\t<\/div><div class=\"faq-item\">\r\n\t\t\t\t\t<div class=\"faq-item-question\">\r\n\t\t\t\t\t\t<h3 class=\"faq-item-question-text\">Jakie rodzaje osi czasu mog\u0119 utworzy\u0107?<\/h3>\r\n\r\n\t\t\t\t\t\t<div class=\"faq-item-question-icon\"><\/div>\r\n\t\t\t\t\t<\/div>\r\n\r\n\t\t\t\t\t<div class=\"faq-item-answer\">\r\n\t\t\t\t\t\t<div class=\"faq-item-answer-text\"><p>Dzi\u0119ki wid\u017cetowi O\u015b czasu BigCommerce mo\u017cesz tworzy\u0107 r\u00f3\u017cne typy harmonogram\u00f3w dla Twojego sklepu, w tym:<\/p> <ul> <li><strong>Kamienie milowe firmy:<\/strong> Wy\u015bwietl ewolucj\u0119 swojej firmy, prezentuj\u0105c kluczowe osi\u0105gni\u0119cia i rozw\u00f3j.<\/li> <li><strong>Rozw\u00f3j produktu:<\/strong> \u015aled\u017a i przedstawiaj podr\u00f3\u017c swojego produktu od koncepcji do wprowadzenia na rynek, zaznaczaj\u0105c po drodze wa\u017cne kamienie milowe.<\/li> <li><strong>Post\u0119p projektu:<\/strong> Wy\u015bwietlaj r\u00f3\u017cne etapy trwaj\u0105cych lub uko\u0144czonych projekt\u00f3w, informuj\u0105c klient\u00f3w na bie\u017c\u0105co.<\/li> <li><strong>Osie czasu wydarze\u0144:<\/strong> organizuj i przedstawiaj harmonogramy specjalnych wydarze\u0144, promocji i premier, aby informowa\u0107 odwiedzaj\u0105cych.<\/li> <\/ul><\/div>\r\n\t\t\t\t\t<\/div>\r\n\t\t\t\t<\/div><\/div>","protected":false},"excerpt":{"rendered":"","protected":false},"author":9,"featured_media":0,"parent":9819,"menu_order":0,"comment_status":"closed","ping_status":"closed","template":"templates\/template-application-platform.php","meta":{"publish_to_discourse":"","publish_post_category":"","wpdc_auto_publish_overridden":"","wpdc_topic_tags":"","wpdc_pin_topic":"","wpdc_pin_until":"","discourse_post_id":"","discourse_permalink":"","wpdc_publishing_response":"","wpdc_publishing_error":"","footnotes":""},"class_list":["post-9850","page","type-page","status-publish","hentry"],"yoast_head":"<!-- This site is optimized with the Yoast SEO plugin v25.3.1 - https:\/\/yoast.com\/wordpress\/plugins\/seo\/ -->\n<title>Widget O\u015b czasu - Dodaj niestandardow\u0105 o\u015b czasu do sklepu BigCommerce (bezp\u0142atny)<\/title>\n<meta name=\"description\" content=\"Ulepsz swoj\u0105 witryn\u0119 BigCommerce za pomoc\u0105 interaktywnej osi czasu. Wy\u015bwietlaj swoje kamienie milowe, wydarzenia i post\u0119py dzi\u0119ki w pe\u0142ni konfigurowalnej aplikacji Elfsight.\" \/>\n<meta name=\"robots\" content=\"index, follow, max-snippet:-1, max-image-preview:large, max-video-preview:-1\" \/>\n<link rel=\"canonical\" href=\"https:\/\/elfsight.com\/pl\/timeline-widget\/bigcommerce\/\" \/>\n<meta property=\"og:locale\" content=\"pl_PL\" \/>\n<meta property=\"og:type\" content=\"article\" \/>\n<meta property=\"og:title\" content=\"Widget O\u015b czasu - Dodaj niestandardow\u0105 o\u015b czasu do sklepu BigCommerce (bezp\u0142atny)\" \/>\n<meta property=\"og:description\" content=\"Ulepsz swoj\u0105 witryn\u0119 BigCommerce za pomoc\u0105 interaktywnej osi czasu. Wy\u015bwietlaj swoje kamienie milowe, wydarzenia i post\u0119py dzi\u0119ki w pe\u0142ni konfigurowalnej aplikacji Elfsight.\" \/>\n<meta property=\"og:url\" content=\"https:\/\/elfsight.com\/pl\/timeline-widget\/bigcommerce\/\" \/>\n<meta property=\"og:site_name\" content=\"Elfsight PL\" \/>\n<meta property=\"article:modified_time\" content=\"2025-06-17T14:08:08+00:00\" \/>\n<meta name=\"twitter:card\" content=\"summary_large_image\" \/>\n<meta name=\"twitter:label1\" content=\"Szacowany czas czytania\" \/>\n\t<meta name=\"twitter:data1\" content=\"4 minuty\" \/>\n<!-- \/ Yoast SEO plugin. -->","yoast_head_json":{"title":"Widget O\u015b czasu - Dodaj niestandardow\u0105 o\u015b czasu do sklepu BigCommerce (bezp\u0142atny)","description":"Ulepsz swoj\u0105 witryn\u0119 BigCommerce za pomoc\u0105 interaktywnej osi czasu. Wy\u015bwietlaj swoje kamienie milowe, wydarzenia i post\u0119py dzi\u0119ki w pe\u0142ni konfigurowalnej aplikacji Elfsight.","robots":{"index":"index","follow":"follow","max-snippet":"max-snippet:-1","max-image-preview":"max-image-preview:large","max-video-preview":"max-video-preview:-1"},"canonical":"https:\/\/elfsight.com\/pl\/timeline-widget\/bigcommerce\/","og_locale":"pl_PL","og_type":"article","og_title":"Widget O\u015b czasu - Dodaj niestandardow\u0105 o\u015b czasu do sklepu BigCommerce (bezp\u0142atny)","og_description":"Ulepsz swoj\u0105 witryn\u0119 BigCommerce za pomoc\u0105 interaktywnej osi czasu. Wy\u015bwietlaj swoje kamienie milowe, wydarzenia i post\u0119py dzi\u0119ki w pe\u0142ni konfigurowalnej aplikacji Elfsight.","og_url":"https:\/\/elfsight.com\/pl\/timeline-widget\/bigcommerce\/","og_site_name":"Elfsight PL","article_modified_time":"2025-06-17T14:08:08+00:00","twitter_card":"summary_large_image","twitter_misc":{"Szacowany czas czytania":"4 minuty"},"schema":{"@context":"https:\/\/schema.org","@graph":[{"@type":"WebPage","@id":"https:\/\/elfsight.com\/pl\/timeline-widget\/bigcommerce\/","url":"https:\/\/elfsight.com\/pl\/timeline-widget\/bigcommerce\/","name":"Widget O\u015b czasu - Dodaj niestandardow\u0105 o\u015b czasu do sklepu BigCommerce (bezp\u0142atny)","isPartOf":{"@id":"https:\/\/elfsight.com\/pl\/#website"},"datePublished":"2025-03-10T15:10:24+00:00","dateModified":"2025-06-17T14:08:08+00:00","description":"Ulepsz swoj\u0105 witryn\u0119 BigCommerce za pomoc\u0105 interaktywnej osi czasu. Wy\u015bwietlaj swoje kamienie milowe, wydarzenia i post\u0119py dzi\u0119ki w pe\u0142ni konfigurowalnej aplikacji Elfsight.","breadcrumb":{"@id":"https:\/\/elfsight.com\/pl\/timeline-widget\/bigcommerce\/#breadcrumb"},"inLanguage":"pl-PL","potentialAction":[{"@type":"ReadAction","target":["https:\/\/elfsight.com\/pl\/timeline-widget\/bigcommerce\/"]}]},{"@type":"BreadcrumbList","@id":"https:\/\/elfsight.com\/pl\/timeline-widget\/bigcommerce\/#breadcrumb","itemListElement":[{"@type":"ListItem","position":1,"name":"Home","item":"https:\/\/elfsight.com\/pl\/"},{"@type":"ListItem","position":2,"name":"Timeline","item":"https:\/\/elfsight.com\/pl\/timeline-widget\/"},{"@type":"ListItem","position":3,"name":"Timeline &#8211; BigCommerce"}]},{"@type":"WebSite","@id":"https:\/\/elfsight.com\/pl\/#website","url":"https:\/\/elfsight.com\/pl\/","name":"Elfsight PL","description":"Just another Elfsight Sites site","potentialAction":[{"@type":"SearchAction","target":{"@type":"EntryPoint","urlTemplate":"https:\/\/elfsight.com\/pl\/?s={search_term_string}"},"query-input":{"@type":"PropertyValueSpecification","valueRequired":true,"valueName":"search_term_string"}}],"inLanguage":"pl-PL"}]}},"meta_box":{"industry":"","seo_heading":"","heading":"","description":"","cta_heading":"","cta_description":"","application":"9818","h1":"Aplikacja osi czasu dla BigCommerce","h1_caption":"Zaprezentuj wa\u017cne kamienie milowe, osi\u0105gni\u0119cia i kluczowe wydarzenia w swoim sklepie BigCommerce w anga\u017cuj\u0105cym, wizualnie interaktywnym formacie za pomoc\u0105 aplikacji O\u015b czasu.","application_category":[],"applications_title":"","applications_request_title":"","applications_request_button_text":"","hero_text":"","hero_video":"","hero_video_schema_markup":"","selling_points_title":"","selling_points_caption":"","selling_points":[],"selling_points_cta_text":"","features_title":"","features":"","ed_cta_examples_text":"","ed_cta_examples_hidden":"","ed_cta_demo_text":"","ed_cta_demo_hidden":"","why_caption":"","why_editor_title":"","why_editor_text":"","why_team_title":"","why_team_text":"","why_service_title":"","why_service_text":"","template_catalog_visible":"","template_catalog_title":"","template_catalog_text":"","template_catalog_categories_visible":"","demo_title":"Utw\u00f3rz aplikacj\u0119 z osi\u0105 czasu BigCommerce","demo_caption":"Dostosuj o\u015b czasu i z \u0142atwo\u015bci\u0105 dodaj j\u0105 do swojej witryny!","default_faq_hidden":"","app_template_category":[],"platform":"41","template_public_id":"","codecanyon_url":"","codecanyon_item_id":"","codecanyon_price":"","pricing_caption":"","pricing_elfsight_apps_hide_column":"","pricing_elfsight_apps_url":"","pricing_codecanyon_price_caption":"","integration_category":[],"integration_request_title":"","integration_request_cta":"","integration_platform":"","integrations":[],"platform_category":[],"video_schema_markup":"","price":"od 0 USD \/ miesi\u0105c","trial":"","benefits":[],"button_url":"#demo","button_target_blank":"0","button_nofollow":"0","attributes":[{"name":"Instaluje","content":"50,000 - 100,000","_state":"expanded"},{"name":"Czu\u0142y","content":"Tak","_state":"expanded"},{"name":"Kompatybilne przegl\u0105darki","content":"Firefox, Safari, Opera, Chrome, Edge","_state":"expanded"}],"tags":[],"tags_disable_links":"","hide_more_platforms":"","video_object":"","demo_hide_cta":"0","demo_hide_cloud_options":"","pricing_title":"","pricing":[{"pricing_icon":"platform","pricing_title":"Elfsight Apps","pricing_title_caption":"Oprogramowanie wieloplatformowe, kt\u00f3re pasuje do ka\u017cdej witryny","pricing_price":"od 0 USD \/ miesi\u0105c","pricing_price_caption":"zacznij od darmowego planu","pricing_benefits":"[object Object],[object Object],[object Object],[object Object]","pricing_button_text":"Dodaj do witryny","pricing_button_url":"#demo"}],"related_apps_title":"","related_apps_hidden":"","author":"","image":[],"title":"","job":"","social_networks":[]},"_links":{"self":[{"href":"https:\/\/elfsight.com\/pl\/wp-json\/wp\/v2\/pages\/9850","targetHints":{"allow":["GET"]}}],"collection":[{"href":"https:\/\/elfsight.com\/pl\/wp-json\/wp\/v2\/pages"}],"about":[{"href":"https:\/\/elfsight.com\/pl\/wp-json\/wp\/v2\/types\/page"}],"author":[{"embeddable":true,"href":"https:\/\/elfsight.com\/pl\/wp-json\/wp\/v2\/users\/9"}],"replies":[{"embeddable":true,"href":"https:\/\/elfsight.com\/pl\/wp-json\/wp\/v2\/comments?post=9850"}],"version-history":[{"count":1,"href":"https:\/\/elfsight.com\/pl\/wp-json\/wp\/v2\/pages\/9850\/revisions"}],"predecessor-version":[{"id":9854,"href":"https:\/\/elfsight.com\/pl\/wp-json\/wp\/v2\/pages\/9850\/revisions\/9854"}],"up":[{"embeddable":true,"href":"https:\/\/elfsight.com\/pl\/wp-json\/wp\/v2\/pages\/9819"}],"wp:attachment":[{"href":"https:\/\/elfsight.com\/pl\/wp-json\/wp\/v2\/media?parent=9850"}],"curies":[{"name":"wp","href":"https:\/\/api.w.org\/{rel}","templated":true}]}}