{"id":9849,"date":"2025-03-10T15:42:43","date_gmt":"2025-03-10T15:42:43","guid":{"rendered":"https:\/\/elfsight.com\/pl\/?page_id=9849"},"modified":"2025-06-17T14:08:08","modified_gmt":"2025-06-17T14:08:08","slug":"blogger","status":"publish","type":"page","link":"https:\/\/elfsight.com\/pl\/timeline-widget\/blogger\/","title":{"rendered":"Timeline &#8211; Blogger"},"content":{"rendered":"<div class=\"application-platform-content-item-description application-platform-content-item\" id=\"description\" data-nav-section=\"description\"><h2>Widget osi czasu Bloggera<\/h2> <p>Ulepsz swoj\u0105 witryn\u0119 Bloggera, dodaj\u0105c interaktywn\u0105 o\u015b czasu, kt\u00f3ra podkre\u015bla najwa\u017cniejsze etapy, kluczowe wydarzenia lub etapy Twoich projekt\u00f3w. Przyci\u0105gnij odwiedzaj\u0105cych atrakcyjn\u0105 wizualnie i interaktywn\u0105 osi\u0105 czasu. Kreator osi czasu Bloggera Elfsight u\u0142atwia dodawanie niestandardowych znacznik\u00f3w kamieni milowych, kt\u00f3re przyci\u0105gaj\u0105 uwag\u0119. Niezale\u017cnie od tego, czy wy\u015bwietlasz histori\u0119 firmy, proces rozwoju produktu czy najwa\u017cniejsze kamienie milowe w biznesie, ten wid\u017cet umo\u017cliwia utworzenie spersonalizowanej osi czasu dostosowanej do Twoich cel\u00f3w.<\/p> <ul> <li><b>Tw\u00f3rz interaktywne osie czasu bez kodowania.<\/b><br> Zbuduj w pe\u0142ni funkcjonaln\u0105 o\u015b czasu w ci\u0105gu kilku minut, bez konieczno\u015bci posiadania specjalistycznej wiedzy technicznej, i natychmiast zacznij anga\u017cowa\u0107 odbiorc\u00f3w.<\/li> <li><b>Zaawansowane opcje dostosowywania.<\/b><br> Dostosuj projekt, uk\u0142ad, czcionki, kolory i inne elementy, aby dopasowa\u0107 wygl\u0105d i styl Twojej witryny.<\/li> <li><b>P\u0142ynny proces osadzania.<\/b><br> Z \u0142atwo\u015bci\u0105 dodaj dostosowan\u0105 o\u015b czasu do swojej witryny Bloggera za pomoc\u0105 prostego kodu do osadzania w formacie HTML \u2014 nie s\u0105 potrzebne \u017cadne umiej\u0119tno\u015bci kodowania.<\/li> <li><b>Elastyczna obs\u0142uga klienta.<\/b><br> Nasz oddany zesp\u00f3\u0142 pomocy technicznej jest zawsze gotowy pom\u00f3c Ci w skonfigurowaniu osi czasu, zapewniaj\u0105c jej doskona\u0142e dzia\u0142anie w Twojej witrynie.<\/li> <\/ul> <p><b>Wypr\u00f3buj wid\u017cet O\u015b czasu Bloggera Elfsight i zaprezentuj swoje kluczowe kamienie milowe w dynamiczny, wci\u0105gaj\u0105cy spos\u00f3b!<\/b><\/p><\/div><div class=\"application-platform-content-item-features application-platform-content-item\" id=\"features\" data-nav-section=\"features\"><h2>Co mo\u017cesz zrobi\u0107 z osi\u0105 czasu Bloggera<\/h2> <ul> <li><strong>Zaanga\u017cuj odwiedzaj\u0105cych wizualnie.<\/strong><br> Przyci\u0105gnij uwag\u0119 odbiorc\u00f3w za pomoc\u0105 wci\u0105gaj\u0105ca o\u015b czasu, kt\u00f3ra przedstawia najwa\u017cniejsze etapy w przejrzystym formacie graficznym. Pomaga to odwiedzaj\u0105cym \u0142atwo przetrawi\u0107 Twoje tre\u015bci i zach\u0119ca ich do dalszego odkrywania.<\/li> <li><strong>Pokazuj swoje post\u0119py i wydarzenia.<\/strong><br> Przedstaw swoje osi\u0105gni\u0119cia biznesowe i etapy projektu w porz\u0105dku chronologicznym, informuj\u0105c odwiedzaj\u0105cych o Twojej podr\u00f3\u017cy i zaciekawiaj\u0105c Ci\u0119.<\/li> <li><strong>Podkre\u015bl kluczowe osi\u0105gni\u0119cia.<\/strong><br> Podkre\u015bl swoje najwa\u017cniejsze kamienie milowe i historie sukcesu za pomoc\u0105 przejrzystego, \u0142atwego do zrozumienia uk\u0142adu, kt\u00f3ry przyci\u0105ga uwag\u0119 i zach\u0119ca do dalszego zaanga\u017cowania.<\/li> <\/ul> <p><a href=\"#demo\">Wypr\u00f3buj edytor osi czasu, aby odkry\u0107 wszystkie jego funkcje.<\/a><\/p><\/div><div class=\"application-platform-content-item-installation application-platform-content-item\" id=\"installation\" data-nav-section=\"installation\"><h2>Jak osadzi\u0107 o\u015b czasu w Bloggerze<\/h2> <p>Dodanie wid\u017cetu osi czasu do witryny Bloggera jest szybkie i \u0142atwe i nie wymaga znajomo\u015bci kodowania. Wystarczy wykona\u0107 te proste kroki:<\/p> <ol> <li><b>Dostosuj o\u015b czasu Bloggera<\/b><br> Wybierz szablon w edytorze, a nast\u0119pnie dostosuj go do swoich potrzeb. Dostosuj uk\u0142ad, dodaj kamienie milowe i dostosuj projekt do stylu swojego bloga.<\/li> <li><b>Uzyskaj kod do umieszczenia na stronie<\/b><br> Po dostosowaniu osi czasu otrzymasz unikalny kod do umieszczenia na stronie HTML. Skopiuj ten kod do p\u00f3\u017aniejszego wykorzystania.<\/li> <li><b>Osad\u017a kod w swojej witrynie Bloggera.<\/b><br> Wklej kod HTML w odpowiedniej sekcji posta lub strony w Bloggerze i zapisz zmiany. Twoja interaktywna o\u015b czasu b\u0119dzie aktywna!<\/li> <li><b>Ciesz si\u0119 interaktywn\u0105 osi\u0105 czasu!<\/b><br> Odwied\u017a swojego bloga, aby zobaczy\u0107 o\u015b czasu w akcji i zaanga\u017cowa\u0107 odwiedzaj\u0105cych za pomoc\u0105 interaktywnej i atrakcyjnej wizualnie funkcji.<\/li> <\/ol> <p>Aby uzyska\u0107 bardziej szczeg\u00f3\u0142owe wskaz\u00f3wki, zapoznaj si\u0119 z naszym obszernym przewodnikiem na stronie <a href=\"https:\/\/elfsight.com\/blog\/how-to-embed-timeline-to-website\/\" target=\"_blank\" rel=\"noopener\">jak doda\u0107 o\u015b czasu do swojej witryny<\/a>.<\/p><\/div><div class=\"faq\" data-component=\"FAQ\"><div class=\"faq-item\">\r\n\t\t\t\t\t<div class=\"faq-item-question\">\r\n\t\t\t\t\t\t<h3 class=\"faq-item-question-text\">Czy wid\u017cet O\u015b czasu dla Bloggera jest bezp\u0142atny?<\/h3>\r\n\r\n\t\t\t\t\t\t<div class=\"faq-item-question-icon\"><\/div>\r\n\t\t\t\t\t<\/div>\r\n\r\n\t\t\t\t\t<div class=\"faq-item-answer\">\r\n\t\t\t\t\t\t<div class=\"faq-item-answer-text\">Tak, Elfsight oferuje bezp\u0142atny plan w ramach modelu subskrypcji. Z podstawowych funkcji wid\u017cetu O\u015b czasu mo\u017cesz korzysta\u0107 bezp\u0142atnie, a dodatkowe opcje umo\u017cliwiaj\u0105 dalsze dostosowywanie.<\/div>\r\n\t\t\t\t\t<\/div>\r\n\t\t\t\t<\/div><div class=\"faq-item\">\r\n\t\t\t\t\t<div class=\"faq-item-question\">\r\n\t\t\t\t\t\t<h3 class=\"faq-item-question-text\">Czy musz\u0119 posiada\u0107 umiej\u0119tno\u015bci kodowania, aby korzysta\u0107 z wid\u017cetu O\u015b czasu?<\/h3>\r\n\r\n\t\t\t\t\t\t<div class=\"faq-item-question-icon\"><\/div>\r\n\t\t\t\t\t<\/div>\r\n\r\n\t\t\t\t\t<div class=\"faq-item-answer\">\r\n\t\t\t\t\t\t<div class=\"faq-item-answer-text\">Nie, wid\u017cet O\u015b czasu Bloggera nie wymaga \u017cadnego do\u015bwiadczenia w programowaniu. Za pomoc\u0105 przyjaznego dla u\u017cytkownika edytora mo\u017cesz \u0142atwo dostosowa\u0107 i utworzy\u0107 o\u015b czasu.<\/div>\r\n\t\t\t\t\t<\/div>\r\n\t\t\t\t<\/div><div class=\"faq-item\">\r\n\t\t\t\t\t<div class=\"faq-item-question\">\r\n\t\t\t\t\t\t<h3 class=\"faq-item-question-text\">Jak utworzy\u0107 interaktywn\u0105 o\u015b czasu w Bloggerze?<\/h3>\r\n\r\n\t\t\t\t\t\t<div class=\"faq-item-question-icon\"><\/div>\r\n\t\t\t\t\t<\/div>\r\n\r\n\t\t\t\t\t<div class=\"faq-item-answer\">\r\n\t\t\t\t\t\t<div class=\"faq-item-answer-text\">Wystarczy wybra\u0107 szablon w edytorze, wprowadzi\u0107 niezb\u0119dne zmiany i osadzi\u0107 go na swoim blogu, korzystaj\u0105c z dostarczonego kodu osadzania HTML.<\/div>\r\n\t\t\t\t\t<\/div>\r\n\t\t\t\t<\/div><div class=\"faq-item\">\r\n\t\t\t\t\t<div class=\"faq-item-question\">\r\n\t\t\t\t\t\t<h3 class=\"faq-item-question-text\">Jakie typy osi czasu mog\u0119 utworzy\u0107 dla Bloggera?<\/h3>\r\n\r\n\t\t\t\t\t\t<div class=\"faq-item-question-icon\"><\/div>\r\n\t\t\t\t\t<\/div>\r\n\r\n\t\t\t\t\t<div class=\"faq-item-answer\">\r\n\t\t\t\t\t\t<div class=\"faq-item-answer-text\"><p>Dzi\u0119ki wid\u017cetowi O\u015b czasu Bloggera mo\u017cesz mo\u017cesz tworzy\u0107 r\u00f3\u017cne typy osi czasu, takie jak:<\/p> <ul> <li><strong>Historia firmy:<\/strong> wy\u015bwietlaj histori\u0119 i rozw\u00f3j swojej firmy, podkre\u015blaj\u0105c wa\u017cne kamienie milowe i wydarzenia.<\/li> <li><strong>Rozw\u00f3j produktu:<\/strong> zaprezentuj rozw\u00f3j swojego produktu od koncepcji do wprowadzenia na rynek, podkre\u015blaj\u0105c ka\u017cdy kluczowy krok.<\/li> <li><strong>Post\u0119p projektu:<\/strong> \u015bled\u017a i wy\u015bwietlaj etapy trwaj\u0105cych lub uko\u0144czonych projekt\u00f3w, informuj\u0105c odbiorc\u00f3w o nich post\u0119p.<\/li> <li><strong>Harmonogramy wydarze\u0144:<\/strong> przedstawiaj harmonogramy nadchodz\u0105cych wydarze\u0144 lub premier, pomagaj\u0105c odwiedzaj\u0105cym by\u0107 na bie\u017c\u0105co z najwa\u017cniejszymi datami i szczeg\u00f3\u0142ami.<\/li> <\/ul><\/div>\r\n\t\t\t\t\t<\/div>\r\n\t\t\t\t<\/div><\/div><p><\/p>","protected":false},"excerpt":{"rendered":"","protected":false},"author":9,"featured_media":0,"parent":9819,"menu_order":0,"comment_status":"closed","ping_status":"closed","template":"templates\/template-application-platform.php","meta":{"publish_to_discourse":"","publish_post_category":"","wpdc_auto_publish_overridden":"","wpdc_topic_tags":"","wpdc_pin_topic":"","wpdc_pin_until":"","discourse_post_id":"","discourse_permalink":"","wpdc_publishing_response":"","wpdc_publishing_error":"","footnotes":""},"class_list":["post-9849","page","type-page","status-publish","hentry"],"yoast_head":"<!-- This site is optimized with the Yoast SEO plugin v25.3.1 - https:\/\/yoast.com\/wordpress\/plugins\/seo\/ -->\n<title>O\u015b czasu Bloggera \u2014 dodaj interaktywn\u0105 o\u015b czasu do swojej witryny | Bezp\u0142atnie<\/title>\n<meta name=\"description\" content=\"Utw\u00f3rz dynamiczny plan dzia\u0142ania w swojej witrynie Bloggera. Prezentuj najwa\u017cniejsze wydarzenia, kamienie milowe i osi\u0105gni\u0119cia za pomoc\u0105 konfigurowalnego wid\u017cetu Osi czasu firmy Elfsight.\" \/>\n<meta name=\"robots\" content=\"index, follow, max-snippet:-1, max-image-preview:large, max-video-preview:-1\" \/>\n<link rel=\"canonical\" href=\"https:\/\/elfsight.com\/pl\/timeline-widget\/blogger\/\" \/>\n<meta property=\"og:locale\" content=\"pl_PL\" \/>\n<meta property=\"og:type\" content=\"article\" \/>\n<meta property=\"og:title\" content=\"O\u015b czasu Bloggera \u2014 dodaj interaktywn\u0105 o\u015b czasu do swojej witryny | Bezp\u0142atnie\" \/>\n<meta property=\"og:description\" content=\"Utw\u00f3rz dynamiczny plan dzia\u0142ania w swojej witrynie Bloggera. Prezentuj najwa\u017cniejsze wydarzenia, kamienie milowe i osi\u0105gni\u0119cia za pomoc\u0105 konfigurowalnego wid\u017cetu Osi czasu firmy Elfsight.\" \/>\n<meta property=\"og:url\" content=\"https:\/\/elfsight.com\/pl\/timeline-widget\/blogger\/\" \/>\n<meta property=\"og:site_name\" content=\"Elfsight PL\" \/>\n<meta property=\"article:modified_time\" content=\"2025-06-17T14:08:08+00:00\" \/>\n<meta name=\"twitter:card\" content=\"summary_large_image\" \/>\n<meta name=\"twitter:label1\" content=\"Szacowany czas czytania\" \/>\n\t<meta name=\"twitter:data1\" content=\"4 minuty\" \/>\n<!-- \/ Yoast SEO plugin. -->","yoast_head_json":{"title":"O\u015b czasu Bloggera \u2014 dodaj interaktywn\u0105 o\u015b czasu do swojej witryny | Bezp\u0142atnie","description":"Utw\u00f3rz dynamiczny plan dzia\u0142ania w swojej witrynie Bloggera. Prezentuj najwa\u017cniejsze wydarzenia, kamienie milowe i osi\u0105gni\u0119cia za pomoc\u0105 konfigurowalnego wid\u017cetu Osi czasu firmy Elfsight.","robots":{"index":"index","follow":"follow","max-snippet":"max-snippet:-1","max-image-preview":"max-image-preview:large","max-video-preview":"max-video-preview:-1"},"canonical":"https:\/\/elfsight.com\/pl\/timeline-widget\/blogger\/","og_locale":"pl_PL","og_type":"article","og_title":"O\u015b czasu Bloggera \u2014 dodaj interaktywn\u0105 o\u015b czasu do swojej witryny | Bezp\u0142atnie","og_description":"Utw\u00f3rz dynamiczny plan dzia\u0142ania w swojej witrynie Bloggera. Prezentuj najwa\u017cniejsze wydarzenia, kamienie milowe i osi\u0105gni\u0119cia za pomoc\u0105 konfigurowalnego wid\u017cetu Osi czasu firmy Elfsight.","og_url":"https:\/\/elfsight.com\/pl\/timeline-widget\/blogger\/","og_site_name":"Elfsight PL","article_modified_time":"2025-06-17T14:08:08+00:00","twitter_card":"summary_large_image","twitter_misc":{"Szacowany czas czytania":"4 minuty"},"schema":{"@context":"https:\/\/schema.org","@graph":[{"@type":"WebPage","@id":"https:\/\/elfsight.com\/pl\/timeline-widget\/blogger\/","url":"https:\/\/elfsight.com\/pl\/timeline-widget\/blogger\/","name":"O\u015b czasu Bloggera \u2014 dodaj interaktywn\u0105 o\u015b czasu do swojej witryny | Bezp\u0142atnie","isPartOf":{"@id":"https:\/\/elfsight.com\/pl\/#website"},"datePublished":"2025-03-10T15:42:43+00:00","dateModified":"2025-06-17T14:08:08+00:00","description":"Utw\u00f3rz dynamiczny plan dzia\u0142ania w swojej witrynie Bloggera. Prezentuj najwa\u017cniejsze wydarzenia, kamienie milowe i osi\u0105gni\u0119cia za pomoc\u0105 konfigurowalnego wid\u017cetu Osi czasu firmy Elfsight.","breadcrumb":{"@id":"https:\/\/elfsight.com\/pl\/timeline-widget\/blogger\/#breadcrumb"},"inLanguage":"pl-PL","potentialAction":[{"@type":"ReadAction","target":["https:\/\/elfsight.com\/pl\/timeline-widget\/blogger\/"]}]},{"@type":"BreadcrumbList","@id":"https:\/\/elfsight.com\/pl\/timeline-widget\/blogger\/#breadcrumb","itemListElement":[{"@type":"ListItem","position":1,"name":"Home","item":"https:\/\/elfsight.com\/pl\/"},{"@type":"ListItem","position":2,"name":"Timeline","item":"https:\/\/elfsight.com\/pl\/timeline-widget\/"},{"@type":"ListItem","position":3,"name":"Timeline &#8211; Blogger"}]},{"@type":"WebSite","@id":"https:\/\/elfsight.com\/pl\/#website","url":"https:\/\/elfsight.com\/pl\/","name":"Elfsight PL","description":"Just another Elfsight Sites site","potentialAction":[{"@type":"SearchAction","target":{"@type":"EntryPoint","urlTemplate":"https:\/\/elfsight.com\/pl\/?s={search_term_string}"},"query-input":{"@type":"PropertyValueSpecification","valueRequired":true,"valueName":"search_term_string"}}],"inLanguage":"pl-PL"}]}},"meta_box":{"industry":"","seo_heading":"","heading":"","description":"","cta_heading":"","cta_description":"","application":"9818","h1":"Wid\u017cet osi czasu dla Bloggera","h1_caption":"Zaprezentuj interaktywn\u0105 o\u015b czasu wydarze\u0144, aby wyr\u00f3\u017cni\u0107 kamienie milowe i najwa\u017cniejsze wydarzenia w witrynie Bloggera. Przedstaw swoj\u0105 histori\u0119 i post\u0119py w anga\u017cuj\u0105cym, wizualnym formacie.","application_category":[],"applications_title":"","applications_request_title":"","applications_request_button_text":"","hero_text":"","hero_video":"","hero_video_schema_markup":"","selling_points_title":"","selling_points_caption":"","selling_points":[],"selling_points_cta_text":"","features_title":"","features":"","ed_cta_examples_text":"","ed_cta_examples_hidden":"","ed_cta_demo_text":"","ed_cta_demo_hidden":"","why_caption":"","why_editor_title":"","why_editor_text":"","why_team_title":"","why_team_text":"","why_service_title":"","why_service_text":"","template_catalog_visible":"","template_catalog_title":"","template_catalog_text":"","template_catalog_categories_visible":"","demo_title":"Utw\u00f3rz wid\u017cet osi czasu Bloggera","demo_caption":"Dostosuj o\u015b czasu i z \u0142atwo\u015bci\u0105 dodaj j\u0105 do swojej witryny!","default_faq_hidden":"","app_template_category":[],"platform":"44","template_public_id":"","codecanyon_url":"","codecanyon_item_id":"","codecanyon_price":"","pricing_caption":"","pricing_elfsight_apps_hide_column":"","pricing_elfsight_apps_url":"","pricing_codecanyon_price_caption":"","integration_category":[],"integration_request_title":"","integration_request_cta":"","integration_platform":"","integrations":[],"platform_category":[],"video_schema_markup":"","price":"od 0 USD \/ miesi\u0105c","trial":"","benefits":[],"button_url":"#demo","button_target_blank":"0","button_nofollow":"0","attributes":[{"name":"Instaluje","content":"50,000 - 100,000","_state":"expanded"},{"name":"Czu\u0142y","content":"Tak","_state":"expanded"},{"name":"Kompatybilne przegl\u0105darki","content":"Firefox, Safari, Opera, Chrome, Edge","_state":"expanded"}],"tags":[],"tags_disable_links":"","hide_more_platforms":"","video_object":"","demo_hide_cta":"0","demo_hide_cloud_options":"","pricing_title":"","pricing":[{"pricing_icon":"platform","pricing_title":"Elfsight Apps","pricing_title_caption":"Oprogramowanie wieloplatformowe, kt\u00f3re pasuje do ka\u017cdej witryny","pricing_price":"od 0 USD \/ miesi\u0105c","pricing_price_caption":"zacznij od darmowego planu","pricing_benefits":"[object Object],[object Object],[object Object],[object Object]","pricing_button_text":"Dodaj do witryny","pricing_button_url":"#demo"}],"related_apps_title":"","related_apps_hidden":"","author":"","image":[],"title":"","job":"","social_networks":[]},"_links":{"self":[{"href":"https:\/\/elfsight.com\/pl\/wp-json\/wp\/v2\/pages\/9849","targetHints":{"allow":["GET"]}}],"collection":[{"href":"https:\/\/elfsight.com\/pl\/wp-json\/wp\/v2\/pages"}],"about":[{"href":"https:\/\/elfsight.com\/pl\/wp-json\/wp\/v2\/types\/page"}],"author":[{"embeddable":true,"href":"https:\/\/elfsight.com\/pl\/wp-json\/wp\/v2\/users\/9"}],"replies":[{"embeddable":true,"href":"https:\/\/elfsight.com\/pl\/wp-json\/wp\/v2\/comments?post=9849"}],"version-history":[{"count":1,"href":"https:\/\/elfsight.com\/pl\/wp-json\/wp\/v2\/pages\/9849\/revisions"}],"predecessor-version":[{"id":9853,"href":"https:\/\/elfsight.com\/pl\/wp-json\/wp\/v2\/pages\/9849\/revisions\/9853"}],"up":[{"embeddable":true,"href":"https:\/\/elfsight.com\/pl\/wp-json\/wp\/v2\/pages\/9819"}],"wp:attachment":[{"href":"https:\/\/elfsight.com\/pl\/wp-json\/wp\/v2\/media?parent=9849"}],"curies":[{"name":"wp","href":"https:\/\/api.w.org\/{rel}","templated":true}]}}