{"id":9843,"date":"2025-03-11T05:17:03","date_gmt":"2025-03-11T05:17:03","guid":{"rendered":"https:\/\/elfsight.com\/pl\/?page_id=9843"},"modified":"2025-06-17T14:08:00","modified_gmt":"2025-06-17T14:08:00","slug":"godaddy","status":"publish","type":"page","link":"https:\/\/elfsight.com\/pl\/timeline-widget\/godaddy\/","title":{"rendered":"Timeline &#8211; GoDaddy"},"content":{"rendered":"<div class=\"application-platform-content-item-description application-platform-content-item\" id=\"description\" data-nav-section=\"description\"><h2>Wtyczka osi czasu GoDaddy<\/h2> <p>Ulepsz swoj\u0105 witryn\u0119 GoDaddy za pomoc\u0105 interaktywnej i atrakcyjnej wizualnie osi czasu. Dzi\u0119ki wtyczce O\u015b czasu Elfsight mo\u017cesz \u0142atwo wy\u015bwietla\u0107 kluczowe kamienie milowe, etapy projektu lub osi\u0105gni\u0119cia bez \u017cadnego kodowania. Niezale\u017cnie od tego, czy udost\u0119pniasz histori\u0119 swojej firmy, prezentujesz rozw\u00f3j produktu czy mapujesz post\u0119p projektu, ta wtyczka pomo\u017ce Ci stworzy\u0107 o\u015b czasu, kt\u00f3ra idealnie pasuje do cel\u00f3w Twojej witryny.<\/p> <ul> <li><b>Tw\u00f3rz interaktywne osie czasu bez kodowania<\/b><br> Zaprojektuj i wdra\u017caj w pe\u0142ni funkcjonaln\u0105 o\u015b czasu w ci\u0105gu kilku minut, bez konieczno\u015bci posiadania umiej\u0119tno\u015bci technicznych. Od razu zaanga\u017cuj odwiedzaj\u0105cych dzi\u0119ki dynamicznemu do\u015bwiadczeniu.<\/li> <li><b>Zaawansowane opcje dostosowywania<\/b><br> Dostosuj wygl\u0105d i styl swojej osi czasu, dostosowuj\u0105c szablony, kolory, czcionki i inne elementy, aby stworzy\u0107 unikalne wra\u017cenia wizualne dostosowane do projektu Twojej witryny.<\/li> <li><b>Bezproblemowy proces osadzania<\/b><br> Z \u0142atwo\u015bci\u0105 osad\u017a o\u015b czasu w swojej witrynie GoDaddy za pomoc\u0105 prostego kodu HTML \u2014 bez konieczno\u015bci kodowania wymagane!<\/li> <li><b>Elastyczna obs\u0142uga klienta<\/b><br> Nasz oddany zesp\u00f3\u0142 pomocy technicznej jest do Twojej dyspozycji, aby przeprowadzi\u0107 Ci\u0119 przez proces konfiguracji i zapewni\u0107 bezproblemowe dzia\u0142anie osi czasu w Twojej witrynie.<\/li> <\/ul> <p><b>Zacznij korzysta\u0107 z wid\u017cetu O\u015b czasu GoDaddy firmy Elfsight ju\u017c dzi\u015b, aby zaanga\u017cowa\u0107 odwiedzaj\u0105cych i podkre\u015bli\u0107 wa\u017cne kamienie milowe w atrakcyjny wizualnie spos\u00f3b!<\/b><\/p> <\/div><div class=\"application-platform-content-item-features application-platform-content-item\" id=\"features\" data-nav-section=\"features\"><h2>Co mo\u017cna zrobi\u0107 za pomoc\u0105 osi czasu GoDaddy<\/h2> <ul> <li><strong>Wizualnie anga\u017cuj odwiedzaj\u0105cych<\/strong><br> Przyci\u0105gnij i utrzymaj uwag\u0119 odbiorc\u00f3w, prezentuj\u0105c kluczowe wydarzenia i kamienie milowe w atrakcyjnym wizualnie, interaktywnym formacie.<\/li> <li><strong>Pokazuj post\u0119py i wydarzenia<\/strong><br> Wy\u015bwietlaj swoje post\u0119py w prostym, chronologicznym porz\u0105dku. Niezale\u017cnie od tego, czy prezentujesz kamienie milowe, czy \u015bledzisz etapy projektu, odwiedzaj\u0105cy b\u0119d\u0105 na bie\u017c\u0105co informowani o Twoich tre\u015bciach i zaanga\u017cuj\u0105 si\u0119 w nie.<\/li> <li><strong>Podkre\u015bl najwa\u017cniejsze osi\u0105gni\u0119cia<\/strong><br> Skoncentruj si\u0119 szczeg\u00f3lnie na najwa\u017cniejszych osi\u0105gni\u0119ciach i kamieniach milowych, prezentuj\u0105c je w atrakcyjnym, \u0142atwym do zrozumienia formacie, kt\u00f3ry przyci\u0105ga uwag\u0119.<\/li> <\/ul> <p><a href=\"#demo\">Wypr\u00f3buj edytor, aby pozna\u0107 pe\u0142n\u0105 funkcjonalno\u015b\u0107 Osi czasu widget.<\/a><\/p> <\/div><div class=\"application-platform-content-item-installation application-platform-content-item\" id=\"installation\" data-nav-section=\"installation\"><h2>Jak osadzi\u0107 o\u015b czasu w GoDaddy<\/h2> <p>Dodanie osi czasu do witryny GoDaddy jest \u0142atwe i nie wymaga \u017cadnych umiej\u0119tno\u015bci kodowania. Wykonaj nast\u0119puj\u0105ce proste kroki:<\/p> <ol> <li><b>Utw\u00f3rz niestandardow\u0105 o\u015b czasu<\/b><br> Wybierz szablon w edytorze, dostosuj go do swojego stylu i dostosuj uk\u0142ad i kolory do swojej marki.<\/li> <li><b>Uzyskaj unikalny kod do umieszczenia na stronie<\/b><br> Gdy o\u015b czasu b\u0119dzie gotowa, otrzymasz unikalny kod do umieszczenia na stronie HTML. Skopiuj ten kod, aby u\u017cy\u0107 go p\u00f3\u017aniej.<\/li> <li><b>Umie\u015b\u0107 kod w swojej witrynie GoDaddy<\/b><br> Wklej kod osadzania HTML w sekcji kodu swojej witryny GoDaddy, zapisz zmiany, a interaktywna o\u015b czasu b\u0119dzie aktywna!<\/li> <li><b>Ciesz si\u0119 now\u0105 interaktywn\u0105 osi\u0105 czasu!<\/b><br> Odwied\u017a swoj\u0105 witryn\u0119 i zobacz o\u015b czasu w akcji \u2013 kt\u00f3ra urzeka i anga\u017cuje odwiedzaj\u0105cych w dynamiczny wizualnie spos\u00f3b!<\/li> <\/ol> <p>Wi\u0119cej szczeg\u00f3\u0142owych wskaz\u00f3wek znajdziesz w naszym szczeg\u00f3\u0142owym przewodniku dotycz\u0105cym <a href=\"https:\/\/elfsight.com\/blog\/how-to-embed-timeline-to-website\/\" target=\"_blank\" rel=\"noopener\">jak doda\u0107 o\u015b czasu do swojej witryny<\/a>.<\/p> <\/div><div class=\"faq\" data-component=\"FAQ\"> <div class=\"faq-item\">\r\n\t\t\t\t\t<div class=\"faq-item-question\">\r\n\t\t\t\t\t\t<h3 class=\"faq-item-question-text\"><\/h3>\r\n\r\n\t\t\t\t\t\t<div class=\"faq-item-question-icon\"><\/div>\r\n\t\t\t\t\t<\/div>\r\n\r\n\t\t\t\t\t<div class=\"faq-item-answer\">\r\n\t\t\t\t\t\t<div class=\"faq-item-answer-text\"> Tak, Elfsight oferuje model oparty na subskrypcji z planem bezp\u0142atnym. Mo\u017cesz uzyska\u0107 dost\u0119p do podstawowych funkcji wid\u017cetu O\u015b czasu GoDaddy bez \u017cadnych koszt\u00f3w i uaktualni\u0107 go do bardziej zaawansowanych funkcji w ramach p\u0142atnych plan\u00f3w. <\/div>\r\n\t\t\t\t\t<\/div>\r\n\t\t\t\t<\/div><div class=\"faq-item\">\r\n\t\t\t\t\t<div class=\"faq-item-question\">\r\n\t\t\t\t\t\t<h3 class=\"faq-item-question-text\">Czy potrzebuj\u0119 umiej\u0119tno\u015bci kodowania, aby korzysta\u0107 z wid\u017cetu O\u015b czasu?<\/h3>\r\n\r\n\t\t\t\t\t\t<div class=\"faq-item-question-icon\"><\/div>\r\n\t\t\t\t\t<\/div>\r\n\r\n\t\t\t\t\t<div class=\"faq-item-answer\">\r\n\t\t\t\t\t\t<div class=\"faq-item-answer-text\"> Nie, wtyczka O\u015b czasu firmy Elfsight dla GoDaddy zosta\u0142a zaprojektowana z my\u015bl\u0105 o \u0142atwej obs\u0142udze. Mo\u017cesz w pe\u0142ni dostosowa\u0107 i osadzi\u0107 swoj\u0105 o\u015b czasu bez wiedzy technicznej. <\/div>\r\n\t\t\t\t\t<\/div>\r\n\t\t\t\t<\/div><div class=\"faq-item\">\r\n\t\t\t\t\t<div class=\"faq-item-question\">\r\n\t\t\t\t\t\t<h3 class=\"faq-item-question-text\">Jak utworzy\u0107 interaktywn\u0105 o\u015b czasu dla GoDaddy?<\/h3>\r\n\r\n\t\t\t\t\t\t<div class=\"faq-item-question-icon\"><\/div>\r\n\t\t\t\t\t<\/div>\r\n\r\n\t\t\t\t\t<div class=\"faq-item-answer\">\r\n\t\t\t\t\t\t<div class=\"faq-item-answer-text\"> Wybierz szablon w naszym edytorze, dostosuj go do swoich potrzeb i po prostu umie\u015b\u0107 dostarczony kod HTML w swojej witrynie GoDaddy. <\/div>\r\n\t\t\t\t\t<\/div>\r\n\t\t\t\t<\/div><div class=\"faq-item\">\r\n\t\t\t\t\t<div class=\"faq-item-question\">\r\n\t\t\t\t\t\t<h3 class=\"faq-item-question-text\">Jakie typy osi czasu mog\u0119 utworzy\u0107?<\/h3>\r\n\r\n\t\t\t\t\t\t<div class=\"faq-item-question-icon\"><\/div>\r\n\t\t\t\t\t<\/div>\r\n\r\n\t\t\t\t\t<div class=\"faq-item-answer\">\r\n\t\t\t\t\t\t<div class=\"faq-item-answer-text\"> Mo\u017cesz utworzy\u0107 r\u00f3\u017cne typy osi czasu dla swojej witryny GoDaddy, takie jak:<ul> <li><strong>Historia firmy<\/strong>: wy\u015bwietlaj kamienie milowe i ewolucj\u0119 firmy na przestrzeni czasu.<\/li> <li><strong>Rozw\u00f3j produktu<\/strong>: Przedstaw etapy rozwoju produktu od koncepcji do wprowadzenia na rynek.<\/li> <li><strong>Post\u0119p projektu<\/strong>: \u015aled\u017a i wy\u015bwietlaj r\u00f3\u017cne fazy trwaj\u0105cych lub uko\u0144czonych projekt\u00f3w.<\/li> <li><strong>Harmonogramy wydarze\u0144<\/strong>: prezentuj wa\u017cne wydarzenia, konferencje lub premiery produkt\u00f3w w \u0142atwym do zrozumienia formacie.<\/li> <\/ul> <\/div>\r\n\t\t\t\t\t<\/div>\r\n\t\t\t\t<\/div> <\/div>","protected":false},"excerpt":{"rendered":"","protected":false},"author":9,"featured_media":0,"parent":9819,"menu_order":0,"comment_status":"closed","ping_status":"closed","template":"templates\/template-application-platform.php","meta":{"publish_to_discourse":"","publish_post_category":"","wpdc_auto_publish_overridden":"","wpdc_topic_tags":"","wpdc_pin_topic":"","wpdc_pin_until":"","discourse_post_id":"","discourse_permalink":"","wpdc_publishing_response":"","wpdc_publishing_error":"","footnotes":""},"class_list":["post-9843","page","type-page","status-publish","hentry"],"yoast_head":"<!-- This site is optimized with the Yoast SEO plugin v25.3.1 - https:\/\/yoast.com\/wordpress\/plugins\/seo\/ -->\n<title>Wid\u017cet osi czasu \u2014 dodaj interaktywn\u0105 o\u015b czasu do witryny GoDaddy|Za darmo<\/title>\n<meta name=\"description\" content=\"Ulepsz swoj\u0105 witryn\u0119 GoDaddy za pomoc\u0105 konfigurowalnego wid\u017cetu osi czasu Elfsight. Wy\u015bwietlaj kamienie milowe, osi\u0105gni\u0119cia lub etapy projektu, aby przyci\u0105gn\u0105\u0107 uwag\u0119 odwiedzaj\u0105cych.\" \/>\n<meta name=\"robots\" content=\"index, follow, max-snippet:-1, max-image-preview:large, max-video-preview:-1\" \/>\n<link rel=\"canonical\" href=\"https:\/\/elfsight.com\/pl\/timeline-widget\/godaddy\/\" \/>\n<meta property=\"og:locale\" content=\"pl_PL\" \/>\n<meta property=\"og:type\" content=\"article\" \/>\n<meta property=\"og:title\" content=\"Wid\u017cet osi czasu \u2014 dodaj interaktywn\u0105 o\u015b czasu do witryny GoDaddy|Za darmo\" \/>\n<meta property=\"og:description\" content=\"Ulepsz swoj\u0105 witryn\u0119 GoDaddy za pomoc\u0105 konfigurowalnego wid\u017cetu osi czasu Elfsight. Wy\u015bwietlaj kamienie milowe, osi\u0105gni\u0119cia lub etapy projektu, aby przyci\u0105gn\u0105\u0107 uwag\u0119 odwiedzaj\u0105cych.\" \/>\n<meta property=\"og:url\" content=\"https:\/\/elfsight.com\/pl\/timeline-widget\/godaddy\/\" \/>\n<meta property=\"og:site_name\" content=\"Elfsight PL\" \/>\n<meta property=\"article:modified_time\" content=\"2025-06-17T14:08:00+00:00\" \/>\n<meta name=\"twitter:card\" content=\"summary_large_image\" \/>\n<meta name=\"twitter:label1\" content=\"Szacowany czas czytania\" \/>\n\t<meta name=\"twitter:data1\" content=\"4 minuty\" \/>\n<!-- \/ Yoast SEO plugin. -->","yoast_head_json":{"title":"Wid\u017cet osi czasu \u2014 dodaj interaktywn\u0105 o\u015b czasu do witryny GoDaddy|Za darmo","description":"Ulepsz swoj\u0105 witryn\u0119 GoDaddy za pomoc\u0105 konfigurowalnego wid\u017cetu osi czasu Elfsight. Wy\u015bwietlaj kamienie milowe, osi\u0105gni\u0119cia lub etapy projektu, aby przyci\u0105gn\u0105\u0107 uwag\u0119 odwiedzaj\u0105cych.","robots":{"index":"index","follow":"follow","max-snippet":"max-snippet:-1","max-image-preview":"max-image-preview:large","max-video-preview":"max-video-preview:-1"},"canonical":"https:\/\/elfsight.com\/pl\/timeline-widget\/godaddy\/","og_locale":"pl_PL","og_type":"article","og_title":"Wid\u017cet osi czasu \u2014 dodaj interaktywn\u0105 o\u015b czasu do witryny GoDaddy|Za darmo","og_description":"Ulepsz swoj\u0105 witryn\u0119 GoDaddy za pomoc\u0105 konfigurowalnego wid\u017cetu osi czasu Elfsight. Wy\u015bwietlaj kamienie milowe, osi\u0105gni\u0119cia lub etapy projektu, aby przyci\u0105gn\u0105\u0107 uwag\u0119 odwiedzaj\u0105cych.","og_url":"https:\/\/elfsight.com\/pl\/timeline-widget\/godaddy\/","og_site_name":"Elfsight PL","article_modified_time":"2025-06-17T14:08:00+00:00","twitter_card":"summary_large_image","twitter_misc":{"Szacowany czas czytania":"4 minuty"},"schema":{"@context":"https:\/\/schema.org","@graph":[{"@type":"WebPage","@id":"https:\/\/elfsight.com\/pl\/timeline-widget\/godaddy\/","url":"https:\/\/elfsight.com\/pl\/timeline-widget\/godaddy\/","name":"Wid\u017cet osi czasu \u2014 dodaj interaktywn\u0105 o\u015b czasu do witryny GoDaddy|Za darmo","isPartOf":{"@id":"https:\/\/elfsight.com\/pl\/#website"},"datePublished":"2025-03-11T05:17:03+00:00","dateModified":"2025-06-17T14:08:00+00:00","description":"Ulepsz swoj\u0105 witryn\u0119 GoDaddy za pomoc\u0105 konfigurowalnego wid\u017cetu osi czasu Elfsight. Wy\u015bwietlaj kamienie milowe, osi\u0105gni\u0119cia lub etapy projektu, aby przyci\u0105gn\u0105\u0107 uwag\u0119 odwiedzaj\u0105cych.","breadcrumb":{"@id":"https:\/\/elfsight.com\/pl\/timeline-widget\/godaddy\/#breadcrumb"},"inLanguage":"pl-PL","potentialAction":[{"@type":"ReadAction","target":["https:\/\/elfsight.com\/pl\/timeline-widget\/godaddy\/"]}]},{"@type":"BreadcrumbList","@id":"https:\/\/elfsight.com\/pl\/timeline-widget\/godaddy\/#breadcrumb","itemListElement":[{"@type":"ListItem","position":1,"name":"Home","item":"https:\/\/elfsight.com\/pl\/"},{"@type":"ListItem","position":2,"name":"Timeline","item":"https:\/\/elfsight.com\/pl\/timeline-widget\/"},{"@type":"ListItem","position":3,"name":"Timeline &#8211; GoDaddy"}]},{"@type":"WebSite","@id":"https:\/\/elfsight.com\/pl\/#website","url":"https:\/\/elfsight.com\/pl\/","name":"Elfsight PL","description":"Just another Elfsight Sites site","potentialAction":[{"@type":"SearchAction","target":{"@type":"EntryPoint","urlTemplate":"https:\/\/elfsight.com\/pl\/?s={search_term_string}"},"query-input":{"@type":"PropertyValueSpecification","valueRequired":true,"valueName":"search_term_string"}}],"inLanguage":"pl-PL"}]}},"meta_box":{"industry":"","seo_heading":"","heading":"","description":"","cta_heading":"","cta_description":"","application":"9818","h1":"Wtyczka osi czasu dla GoDaddy","h1_caption":"Wy\u015bwietl interaktywn\u0105 o\u015b czasu wydarze\u0144 w swojej witrynie GoDaddy, aby zaprezentowa\u0107 wa\u017cne kamienie milowe i osi\u0105gni\u0119cia","application_category":[],"applications_title":"","applications_request_title":"","applications_request_button_text":"","hero_text":"","hero_video":"","hero_video_schema_markup":"","selling_points_title":"","selling_points_caption":"","selling_points":[],"selling_points_cta_text":"","features_title":"","features":"","ed_cta_examples_text":"","ed_cta_examples_hidden":"","ed_cta_demo_text":"","ed_cta_demo_hidden":"","why_caption":"","why_editor_title":"","why_editor_text":"","why_team_title":"","why_team_text":"","why_service_title":"","why_service_text":"","template_catalog_visible":"","template_catalog_title":"","template_catalog_text":"","template_catalog_categories_visible":"","demo_title":"Utw\u00f3rz wtyczk\u0119 osi czasu GoDaddy","demo_caption":"Dostosuj o\u015b czasu i z \u0142atwo\u015bci\u0105 dodaj j\u0105 do swojej witryny!","default_faq_hidden":"","app_template_category":[],"platform":"180","template_public_id":"","codecanyon_url":"","codecanyon_item_id":"","codecanyon_price":"","pricing_caption":"","pricing_elfsight_apps_hide_column":"","pricing_elfsight_apps_url":"","pricing_codecanyon_price_caption":"","integration_category":[],"integration_request_title":"","integration_request_cta":"","integration_platform":"","integrations":[],"platform_category":[],"video_schema_markup":"","price":"od 0 USD \/ miesi\u0105c","trial":"","benefits":[],"button_url":"#demo","button_target_blank":"0","button_nofollow":"0","attributes":[{"name":"Instaluje","content":"50,000 - 100,000","_state":"expanded"},{"name":"Czu\u0142y","content":"Tak","_state":"expanded"},{"name":"Kompatybilne przegl\u0105darki","content":"Firefox, Safari, Opera, Chrome, Edge","_state":"expanded"}],"tags":[],"tags_disable_links":"","hide_more_platforms":"","video_object":"","demo_hide_cta":"0","demo_hide_cloud_options":"","pricing_title":"","pricing":[{"pricing_icon":"platform","pricing_title":"Elfsight Apps","pricing_title_caption":"Oprogramowanie wieloplatformowe, kt\u00f3re pasuje do ka\u017cdej witryny","pricing_price":"od 0 USD \/ miesi\u0105c","pricing_price_caption":"zacznij od darmowego planu","pricing_benefits":"[object Object],[object Object],[object Object],[object Object]","pricing_button_text":"Dodaj do witryny","pricing_button_url":"#demo"}],"related_apps_title":"","related_apps_hidden":"","author":"","image":[],"title":"","job":"","social_networks":[]},"_links":{"self":[{"href":"https:\/\/elfsight.com\/pl\/wp-json\/wp\/v2\/pages\/9843","targetHints":{"allow":["GET"]}}],"collection":[{"href":"https:\/\/elfsight.com\/pl\/wp-json\/wp\/v2\/pages"}],"about":[{"href":"https:\/\/elfsight.com\/pl\/wp-json\/wp\/v2\/types\/page"}],"author":[{"embeddable":true,"href":"https:\/\/elfsight.com\/pl\/wp-json\/wp\/v2\/users\/9"}],"replies":[{"embeddable":true,"href":"https:\/\/elfsight.com\/pl\/wp-json\/wp\/v2\/comments?post=9843"}],"version-history":[{"count":1,"href":"https:\/\/elfsight.com\/pl\/wp-json\/wp\/v2\/pages\/9843\/revisions"}],"predecessor-version":[{"id":9847,"href":"https:\/\/elfsight.com\/pl\/wp-json\/wp\/v2\/pages\/9843\/revisions\/9847"}],"up":[{"embeddable":true,"href":"https:\/\/elfsight.com\/pl\/wp-json\/wp\/v2\/pages\/9819"}],"wp:attachment":[{"href":"https:\/\/elfsight.com\/pl\/wp-json\/wp\/v2\/media?parent=9843"}],"curies":[{"name":"wp","href":"https:\/\/api.w.org\/{rel}","templated":true}]}}