{"id":9842,"date":"2025-03-11T05:32:09","date_gmt":"2025-03-11T05:32:09","guid":{"rendered":"https:\/\/elfsight.com\/pl\/?page_id=9842"},"modified":"2025-06-17T14:08:00","modified_gmt":"2025-06-17T14:08:00","slug":"jimdo","status":"publish","type":"page","link":"https:\/\/elfsight.com\/pl\/timeline-widget\/jimdo\/","title":{"rendered":"Timeline &#8211; Jimdo"},"content":{"rendered":"<div class=\"application-platform-content-item-description application-platform-content-item\" id=\"description\" data-nav-section=\"description\"><h2>Wtyczka osi czasu Jimdo<\/h2> <p>Przekszta\u0142\u0107 swoj\u0105 witryn\u0119 Jimdo za pomoc\u0105 atrakcyjnej wizualnie, interaktywnej osi czasu, kt\u00f3ra przedstawia kamienie milowe, kluczowe wydarzenia lub etapy projektu. Dzi\u0119ki wid\u017cetowi O\u015b czasu Elfsight mo\u017cesz \u0142atwo stworzy\u0107 dynamiczn\u0105, w pe\u0142ni konfigurowaln\u0105 o\u015b czasu, kt\u00f3ra nie wymaga umiej\u0119tno\u015bci kodowania. Niezale\u017cnie od tego, czy prezentujesz histori\u0119 swojej firmy, \u015bledzisz fazy projektu czy podkre\u015blasz rozw\u00f3j produktu, ta wtyczka pozwala zbudowa\u0107 unikaln\u0105 o\u015b czasu, kt\u00f3ra odpowiada Twoim potrzebom i pomaga przyci\u0105gn\u0105\u0107 uwag\u0119 odwiedzaj\u0105cych.<\/p> <ul> <li><b>Tw\u00f3rz interaktywne osie czasu bez kodu<\/b><br> Zaprojektuj i uruchom w pe\u0142ni funkcjonaln\u0105 o\u015b czasu w ci\u0105gu zaledwie kilku minut, bez konieczno\u015bci posiadania wiedzy programistycznej. Zacznij natychmiast anga\u017cowa\u0107 odwiedzaj\u0105cych dzi\u0119ki interaktywnemu, dynamicznemu do\u015bwiadczeniu.<\/li> <li><b>Zaawansowane opcje dostosowywania<\/b><br> Dostosuj ka\u017cdy aspekt swojej osi czasu, w tym uk\u0142ady, kolory, czcionki i ustawienia, aby mie\u0107 pewno\u015b\u0107, \u017ce pasuje do wygl\u0105du i stylu Twojej witryny.<\/li> <li><b>Bezproblemowy proces osadzania<\/b><br> Osad\u017a swoj\u0105 spersonalizowan\u0105 o\u015b czasu na swojej stronie internetowej Jimdo za pomoc\u0105 prostego kodu do osadzania HTML, bez \u017cadnych problem\u00f3w technicznych.<\/li> <li><b>Elastyczna obs\u0142uga klienta<\/b><br> Nasz oddany zesp\u00f3\u0142 pomocy technicznej jest dost\u0119pny, aby pom\u00f3c w konfiguracji i zapewni\u0107 p\u0142ynne dzia\u0142anie osi czasu w Twojej witrynie.<\/li> <\/ul> <p><b>Zacznij korzysta\u0107 z wid\u017cetu O\u015b czasu Elfsight, aby anga\u017cowa\u0107 odwiedzaj\u0105cych i prezentowa\u0107 wa\u017cne kamienie milowe w atrakcyjny wizualnie spos\u00f3b!<\/b><\/p> <\/div><div class=\"application-platform-content-item-features application-platform-content-item\" id=\"features\" data-nav-section=\"features\"><h2>Co mo\u017cesz zrobi\u0107 dzi\u0119ki osi czasu Jimdo<\/h2> <ul> <li><strong>Wizualnie anga\u017cuj odbiorc\u00f3w<\/strong><br> Przyci\u0105gnij uwag\u0119 odwiedzaj\u0105cych, prezentuj\u0105c o\u015b czasu i kamienie milowe w dynamicznym, interaktywnym formacie, kt\u00f3ry zach\u0119ca do eksploracji i zaanga\u017cowania.<\/li> <li><strong>Pokazuj post\u0119py i wydarzenia<\/strong><br> Wy\u015bwietlaj najwa\u017cniejsze kamienie milowe lub etapy projektu w porz\u0105dku chronologicznym, u\u0142atwiaj\u0105c odwiedzaj\u0105cym \u015bledzenie Twojej podr\u00f3\u017cy i b\u0105d\u017a na bie\u017c\u0105co ze swoimi post\u0119pami.<\/li> <li><strong>Podkre\u015bl kluczowe osi\u0105gni\u0119cia<\/strong><br> Po\u0142\u00f3\u017c szczeg\u00f3lny nacisk na najwa\u017cniejsze osi\u0105gni\u0119cia lub kamienie milowe, wy\u015bwietlaj\u0105c je w przejrzystym i atrakcyjnym wizualnie formacie, kt\u00f3ry przyci\u0105ga wzrok.<\/li> <\/ul> <p><a href=\"#demo\">Wypr\u00f3buj edytor, aby pozna\u0107 pe\u0142n\u0105 funkcjonalno\u015b\u0107 wid\u017cetu O\u015b czasu.<\/a><\/p> <\/div><div class=\"application-platform-content-item-installation application-platform-content-item\" id=\"installation\" data-nav-section=\"installation\"><h2>Jak osadzi\u0107 o\u015b czasu w Jimdo<\/h2> <p>Dodanie osi czasu do witryny Jimdo jest szybkie i proste i nie wymaga umiej\u0119tno\u015bci kodowania. Wykonaj nast\u0119puj\u0105ce kroki:<\/p> <ol> <li><b>Utw\u00f3rz niestandardow\u0105 o\u015b czasu<\/b><br> Wybierz projekt w edytorze i spersonalizuj go, aby pasowa\u0142 do motywu Twojej witryny. Mo\u017cesz dostosowa\u0107 uk\u0142ad, kolory i czcionki, aby dopasowa\u0107 je do swojej marki.<\/li> <li><b>Uzyskaj unikalny kod do umieszczenia na stronie<\/b><br> Po dostosowaniu osi czasu otrzymasz unikalny kod HTML. Skopiuj ten kod, aby u\u017cy\u0107 go p\u00f3\u017aniej.<\/li> <li><b>Osad\u017a kod na swojej stronie Jimdo<\/b><br> Wklej kod osadzaj\u0105cy w odpowiedniej sekcji swojej witryny Jimdo i zapisz zmiany. Twoja interaktywna o\u015b czasu b\u0119dzie aktywna!<\/li> <li><b>Ciesz si\u0119 interaktywn\u0105 osi\u0105 czasu!<\/b><br> Wejd\u017a na swoj\u0105 witryn\u0119 i zobacz swoj\u0105 o\u015b czasu w akcji \u2013 przyci\u0105gaj\u0105c\u0105 odwiedzaj\u0105cych w dynamiczny wizualnie spos\u00f3b.<\/li> <\/ol> <p>Aby uzyska\u0107 bardziej szczeg\u00f3\u0142owe instrukcje, zapoznaj si\u0119 z naszym przewodnikiem na stronie <a href=\"https:\/\/elfsight.com\/blog\/how-to-embed-timeline-to-website\/\" target=\"_blank\" rel=\"noopener\">jak doda\u0107 o\u015b czasu do swojej witryny<\/a>.<\/p> <\/div><div class=\"faq\" data-component=\"FAQ\"><div class=\"faq-item\">\r\n\t\t\t\t\t<div class=\"faq-item-question\">\r\n\t\t\t\t\t\t<h3 class=\"faq-item-question-text\">Czy wid\u017cet O\u015b czasu dla Jimdo jest bezp\u0142atny?<\/h3>\r\n\r\n\t\t\t\t\t\t<div class=\"faq-item-question-icon\"><\/div>\r\n\t\t\t\t\t<\/div>\r\n\r\n\t\t\t\t\t<div class=\"faq-item-answer\">\r\n\t\t\t\t\t\t<div class=\"faq-item-answer-text\">Tak, Elfsight oferuje bezp\u0142atny plan wid\u017cetu O\u015b czasu, kt\u00f3ry zapewnia dost\u0119p do podstawowych funkcji. Aby uzyska\u0107 dodatkowe mo\u017cliwo\u015bci dostosowania i zaawansowane opcje, mo\u017cesz przej\u015b\u0107 na p\u0142atny plan.<\/div>\r\n\t\t\t\t\t<\/div>\r\n\t\t\t\t<\/div><div class=\"faq-item\">\r\n\t\t\t\t\t<div class=\"faq-item-question\">\r\n\t\t\t\t\t\t<h3 class=\"faq-item-question-text\">Czy potrzebuj\u0119 umiej\u0119tno\u015bci kodowania, aby korzysta\u0107 z wid\u017cetu O\u015b czasu?<\/h3>\r\n\r\n\t\t\t\t\t\t<div class=\"faq-item-question-icon\"><\/div>\r\n\t\t\t\t\t<\/div>\r\n\r\n\t\t\t\t\t<div class=\"faq-item-answer\">\r\n\t\t\t\t\t\t<div class=\"faq-item-answer-text\">Nie, wtyczka O\u015b czasu Elfsight dla Jimdo nie wymaga wiedzy na temat kodowania. Za pomoc\u0105 naszego intuicyjnego edytora mo\u017cesz \u0142atwo dostosowa\u0107 i osadzi\u0107 swoj\u0105 o\u015b czasu.<\/div>\r\n\t\t\t\t\t<\/div>\r\n\t\t\t\t<\/div><div class=\"faq-item\">\r\n\t\t\t\t\t<div class=\"faq-item-question\">\r\n\t\t\t\t\t\t<h3 class=\"faq-item-question-text\">Jak utworzy\u0107 interaktywn\u0105 o\u015b czasu dla Jimdo?<\/h3>\r\n\r\n\t\t\t\t\t\t<div class=\"faq-item-question-icon\"><\/div>\r\n\t\t\t\t\t<\/div>\r\n\r\n\t\t\t\t\t<div class=\"faq-item-answer\">\r\n\t\t\t\t\t\t<div class=\"faq-item-answer-text\">Wybierz szablon w edytorze, spersonalizuj go zgodnie ze swoimi potrzebami, a nast\u0119pnie osad\u017a kod HTML dostarczony na swojej stronie internetowej Jimdo.<\/div>\r\n\t\t\t\t\t<\/div>\r\n\t\t\t\t<\/div><div class=\"faq-item\">\r\n\t\t\t\t\t<div class=\"faq-item-question\">\r\n\t\t\t\t\t\t<h3 class=\"faq-item-question-text\"><\/h3>\r\n\r\n\t\t\t\t\t\t<div class=\"faq-item-question-icon\"><\/div>\r\n\t\t\t\t\t<\/div>\r\n\r\n\t\t\t\t\t<div class=\"faq-item-answer\">\r\n\t\t\t\t\t\t<div class=\"faq-item-answer-text\">Mo\u017cesz utworzy\u0107 kilka typ\u00f3w osi czasu dla swojej witryny Jimdo, np. jako: <ul> <li><strong>Historia firmy<\/strong>: Wy\u015bwietl ewolucj\u0119 Twojej firmy i najwa\u017cniejsze kamienie milowe.<\/li> <li><strong>O\u015b czasu projektu<\/strong>: Przedstaw etapy i post\u0119p trwaj\u0105cych lub uko\u0144czonych projekt\u00f3w.<\/li> <li><strong>Rozw\u00f3j produktu<\/strong>: Zilustruj drog\u0119 swojego produktu od koncepcji do wprowadzenia na rynek.<\/li> <li><strong>Harmonogramy wydarze\u0144<\/strong>: Przedstaw harmonogramy wydarze\u0144, konferencji lub premier produkt\u00f3w w formie \u0142atwy do zrozumienia format.<\/li> <\/ul> <\/div>\r\n\t\t\t\t\t<\/div>\r\n\t\t\t\t<\/div> <\/div>","protected":false},"excerpt":{"rendered":"","protected":false},"author":9,"featured_media":0,"parent":9819,"menu_order":0,"comment_status":"closed","ping_status":"closed","template":"templates\/template-application-platform.php","meta":{"publish_to_discourse":"","publish_post_category":"","wpdc_auto_publish_overridden":"","wpdc_topic_tags":"","wpdc_pin_topic":"","wpdc_pin_until":"","discourse_post_id":"","discourse_permalink":"","wpdc_publishing_response":"","wpdc_publishing_error":"","footnotes":""},"class_list":["post-9842","page","type-page","status-publish","hentry"],"yoast_head":"<!-- This site is optimized with the Yoast SEO plugin v25.3.1 - https:\/\/yoast.com\/wordpress\/plugins\/seo\/ -->\n<title>Wid\u017cet osi czasu \u2013 dodaj interaktywn\u0105 lini\u0119 historii do Jimdo (bezp\u0142atny)<\/title>\n<meta name=\"description\" content=\"Ulepsz swoj\u0105 witryn\u0119 Jimdo za pomoc\u0105 konfigurowalnej osi czasu. Prezentuj kamienie milowe, wydarzenia i post\u0119py dzi\u0119ki \u0142atwemu w obs\u0142udze wid\u017cetowi osi czasu Elfsight.\" \/>\n<meta name=\"robots\" content=\"index, follow, max-snippet:-1, max-image-preview:large, max-video-preview:-1\" \/>\n<link rel=\"canonical\" href=\"https:\/\/elfsight.com\/pl\/timeline-widget\/jimdo\/\" \/>\n<meta property=\"og:locale\" content=\"pl_PL\" \/>\n<meta property=\"og:type\" content=\"article\" \/>\n<meta property=\"og:title\" content=\"Wid\u017cet osi czasu \u2013 dodaj interaktywn\u0105 lini\u0119 historii do Jimdo (bezp\u0142atny)\" \/>\n<meta property=\"og:description\" content=\"Ulepsz swoj\u0105 witryn\u0119 Jimdo za pomoc\u0105 konfigurowalnej osi czasu. Prezentuj kamienie milowe, wydarzenia i post\u0119py dzi\u0119ki \u0142atwemu w obs\u0142udze wid\u017cetowi osi czasu Elfsight.\" \/>\n<meta property=\"og:url\" content=\"https:\/\/elfsight.com\/pl\/timeline-widget\/jimdo\/\" \/>\n<meta property=\"og:site_name\" content=\"Elfsight PL\" \/>\n<meta property=\"article:modified_time\" content=\"2025-06-17T14:08:00+00:00\" \/>\n<meta name=\"twitter:card\" content=\"summary_large_image\" \/>\n<meta name=\"twitter:label1\" content=\"Szacowany czas czytania\" \/>\n\t<meta name=\"twitter:data1\" content=\"4 minuty\" \/>\n<!-- \/ Yoast SEO plugin. -->","yoast_head_json":{"title":"Wid\u017cet osi czasu \u2013 dodaj interaktywn\u0105 lini\u0119 historii do Jimdo (bezp\u0142atny)","description":"Ulepsz swoj\u0105 witryn\u0119 Jimdo za pomoc\u0105 konfigurowalnej osi czasu. Prezentuj kamienie milowe, wydarzenia i post\u0119py dzi\u0119ki \u0142atwemu w obs\u0142udze wid\u017cetowi osi czasu Elfsight.","robots":{"index":"index","follow":"follow","max-snippet":"max-snippet:-1","max-image-preview":"max-image-preview:large","max-video-preview":"max-video-preview:-1"},"canonical":"https:\/\/elfsight.com\/pl\/timeline-widget\/jimdo\/","og_locale":"pl_PL","og_type":"article","og_title":"Wid\u017cet osi czasu \u2013 dodaj interaktywn\u0105 lini\u0119 historii do Jimdo (bezp\u0142atny)","og_description":"Ulepsz swoj\u0105 witryn\u0119 Jimdo za pomoc\u0105 konfigurowalnej osi czasu. Prezentuj kamienie milowe, wydarzenia i post\u0119py dzi\u0119ki \u0142atwemu w obs\u0142udze wid\u017cetowi osi czasu Elfsight.","og_url":"https:\/\/elfsight.com\/pl\/timeline-widget\/jimdo\/","og_site_name":"Elfsight PL","article_modified_time":"2025-06-17T14:08:00+00:00","twitter_card":"summary_large_image","twitter_misc":{"Szacowany czas czytania":"4 minuty"},"schema":{"@context":"https:\/\/schema.org","@graph":[{"@type":"WebPage","@id":"https:\/\/elfsight.com\/pl\/timeline-widget\/jimdo\/","url":"https:\/\/elfsight.com\/pl\/timeline-widget\/jimdo\/","name":"Wid\u017cet osi czasu \u2013 dodaj interaktywn\u0105 lini\u0119 historii do Jimdo (bezp\u0142atny)","isPartOf":{"@id":"https:\/\/elfsight.com\/pl\/#website"},"datePublished":"2025-03-11T05:32:09+00:00","dateModified":"2025-06-17T14:08:00+00:00","description":"Ulepsz swoj\u0105 witryn\u0119 Jimdo za pomoc\u0105 konfigurowalnej osi czasu. Prezentuj kamienie milowe, wydarzenia i post\u0119py dzi\u0119ki \u0142atwemu w obs\u0142udze wid\u017cetowi osi czasu Elfsight.","breadcrumb":{"@id":"https:\/\/elfsight.com\/pl\/timeline-widget\/jimdo\/#breadcrumb"},"inLanguage":"pl-PL","potentialAction":[{"@type":"ReadAction","target":["https:\/\/elfsight.com\/pl\/timeline-widget\/jimdo\/"]}]},{"@type":"BreadcrumbList","@id":"https:\/\/elfsight.com\/pl\/timeline-widget\/jimdo\/#breadcrumb","itemListElement":[{"@type":"ListItem","position":1,"name":"Home","item":"https:\/\/elfsight.com\/pl\/"},{"@type":"ListItem","position":2,"name":"Timeline","item":"https:\/\/elfsight.com\/pl\/timeline-widget\/"},{"@type":"ListItem","position":3,"name":"Timeline &#8211; Jimdo"}]},{"@type":"WebSite","@id":"https:\/\/elfsight.com\/pl\/#website","url":"https:\/\/elfsight.com\/pl\/","name":"Elfsight PL","description":"Just another Elfsight Sites site","potentialAction":[{"@type":"SearchAction","target":{"@type":"EntryPoint","urlTemplate":"https:\/\/elfsight.com\/pl\/?s={search_term_string}"},"query-input":{"@type":"PropertyValueSpecification","valueRequired":true,"valueName":"search_term_string"}}],"inLanguage":"pl-PL"}]}},"meta_box":{"industry":"","seo_heading":"","heading":"","description":"","cta_heading":"","cta_description":"","application":"9818","h1":"Wid\u017cet osi czasu dla Jimdo","h1_caption":"Wy\u015bwietl o\u015b czasu wydarze\u0144, aby opowiedzie\u0107 swoj\u0105 histori\u0119, zaprezentowa\u0107 post\u0119p projektu lub kluczowe kamienie milowe w atrakcyjny wizualnie spos\u00f3b","application_category":[],"applications_title":"","applications_request_title":"","applications_request_button_text":"","hero_text":"","hero_video":"","hero_video_schema_markup":"","selling_points_title":"","selling_points_caption":"","selling_points":[],"selling_points_cta_text":"","features_title":"","features":"","ed_cta_examples_text":"","ed_cta_examples_hidden":"","ed_cta_demo_text":"","ed_cta_demo_hidden":"","why_caption":"","why_editor_title":"","why_editor_text":"","why_team_title":"","why_team_text":"","why_service_title":"","why_service_text":"","template_catalog_visible":"","template_catalog_title":"","template_catalog_text":"","template_catalog_categories_visible":"","demo_title":"Utw\u00f3rz wid\u017cet osi czasu Jimdo","demo_caption":"Dostosuj o\u015b czasu i z \u0142atwo\u015bci\u0105 dodaj j\u0105 do swojej witryny!","default_faq_hidden":"","app_template_category":[],"platform":"193","template_public_id":"","codecanyon_url":"","codecanyon_item_id":"","codecanyon_price":"","pricing_caption":"","pricing_elfsight_apps_hide_column":"","pricing_elfsight_apps_url":"","pricing_codecanyon_price_caption":"","integration_category":[],"integration_request_title":"","integration_request_cta":"","integration_platform":"","integrations":[],"platform_category":[],"video_schema_markup":"","price":"od 0 USD \/ miesi\u0105c","trial":"","benefits":[],"button_url":"#demo","button_target_blank":"0","button_nofollow":"0","attributes":[{"name":"Instaluje","content":"50,000 - 100,000","_state":"expanded"},{"name":"Czu\u0142y","content":"Tak","_state":"expanded"},{"name":"Kompatybilne przegl\u0105darki","content":"Firefox, Safari, Opera, Chrome, Edge","_state":"expanded"}],"tags":[],"tags_disable_links":"","hide_more_platforms":"","video_object":"","demo_hide_cta":"0","demo_hide_cloud_options":"","pricing_title":"","pricing":[{"pricing_icon":"platform","pricing_title":"Elfsight Apps","pricing_title_caption":"Oprogramowanie wieloplatformowe, kt\u00f3re pasuje do ka\u017cdej witryny","pricing_price":"od 0 USD \/ miesi\u0105c","pricing_price_caption":"zacznij od darmowego planu","pricing_benefits":"[object Object],[object Object],[object Object],[object Object]","pricing_button_text":"Dodaj do witryny","pricing_button_url":"#demo"}],"related_apps_title":"","related_apps_hidden":"","author":"","image":[],"title":"","job":"","social_networks":[]},"_links":{"self":[{"href":"https:\/\/elfsight.com\/pl\/wp-json\/wp\/v2\/pages\/9842","targetHints":{"allow":["GET"]}}],"collection":[{"href":"https:\/\/elfsight.com\/pl\/wp-json\/wp\/v2\/pages"}],"about":[{"href":"https:\/\/elfsight.com\/pl\/wp-json\/wp\/v2\/types\/page"}],"author":[{"embeddable":true,"href":"https:\/\/elfsight.com\/pl\/wp-json\/wp\/v2\/users\/9"}],"replies":[{"embeddable":true,"href":"https:\/\/elfsight.com\/pl\/wp-json\/wp\/v2\/comments?post=9842"}],"version-history":[{"count":1,"href":"https:\/\/elfsight.com\/pl\/wp-json\/wp\/v2\/pages\/9842\/revisions"}],"predecessor-version":[{"id":9846,"href":"https:\/\/elfsight.com\/pl\/wp-json\/wp\/v2\/pages\/9842\/revisions\/9846"}],"up":[{"embeddable":true,"href":"https:\/\/elfsight.com\/pl\/wp-json\/wp\/v2\/pages\/9819"}],"wp:attachment":[{"href":"https:\/\/elfsight.com\/pl\/wp-json\/wp\/v2\/media?parent=9842"}],"curies":[{"name":"wp","href":"https:\/\/api.w.org\/{rel}","templated":true}]}}