{"id":9841,"date":"2025-03-11T05:57:13","date_gmt":"2025-03-11T05:57:13","guid":{"rendered":"https:\/\/elfsight.com\/pl\/?page_id=9841"},"modified":"2025-06-17T14:08:00","modified_gmt":"2025-06-17T14:08:00","slug":"jquery","status":"publish","type":"page","link":"https:\/\/elfsight.com\/pl\/timeline-widget\/jquery\/","title":{"rendered":"Timeline &#8211; jQuery"},"content":{"rendered":"<div class=\"application-platform-content-item-description application-platform-content-item\" id=\"description\" data-nav-section=\"description\"><h2>Wtyczka osi czasu jQuery<\/h2> <p>Ulepsz swoj\u0105 witryn\u0119 dzi\u0119ki osza\u0142amiaj\u0105cej, interaktywnej osi czasu, kt\u00f3ra wy\u015bwietla najwa\u017cniejsze kamienie milowe, post\u0119p i etapy projektu. Dzi\u0119ki wid\u017cetowi O\u015b czasu jQuery firmy Elfsight mo\u017cesz szybko utworzy\u0107 responsywn\u0105 i dostosowywaln\u0105 o\u015b czasu, kt\u00f3ra idealnie pasuje do wygl\u0105du i stylu Twojej witryny \u2014 nie jest wymagana \u017cadna wiedza z zakresu kodowania. Niezale\u017cnie od tego, czy prezentujesz histori\u0119 swojej firmy, szczeg\u00f3\u0142owo opisujesz drog\u0119 rozwoju produktu, czy \u015bledzisz fazy projektu, ta wtyczka pozwala stworzy\u0107 dostosowane, atrakcyjne wizualnie do\u015bwiadczenie dla odwiedzaj\u0105cych.<\/p> <ul> <li><b>Tw\u00f3rz interaktywne osie czasu bez kodowania<\/b><br> Stw\u00f3rz w pe\u0142ni interaktywn\u0105 o\u015b czasu w ci\u0105gu zaledwie kilku minut, korzystaj\u0105c z naszego \u0142atwego w obs\u0142udze edytora \u2013 nie s\u0105 wymagane \u017cadne umiej\u0119tno\u015bci techniczne. Zacznij natychmiast anga\u017cowa\u0107 odwiedzaj\u0105cych dzi\u0119ki dynamicznemu do\u015bwiadczeniu.<\/li> <li><b>Elastyczne opcje dostosowywania<\/b><br> Spersonalizuj uk\u0142ad, kolory, czcionki i inne elementy, aby mie\u0107 pewno\u015b\u0107, \u017ce o\u015b czasu pasuje do projektu i marki Twojej witryny.<\/li> <li><b>\u0141atwy proces osadzania<\/b><br> Bezproblemowo osadzaj dostosowan\u0105 o\u015b czasu w swojej witrynie jQuery za pomoc\u0105 prostego kodu osadzania HTML, bez k\u0142opot\u00f3w z kodowaniem.<\/li> <li><b>Elastyczna obs\u0142uga klienta<\/b><br> Nasz zesp\u00f3\u0142 ekspert\u00f3w jest zawsze do Twojej dyspozycji, dbaj\u0105c o to, aby wid\u017cet osi czasu dzia\u0142a\u0142 idealnie w Twojej witrynie.<\/li> <\/ul> <p><b>Wypr\u00f3buj wid\u017cet O\u015b czasu firmy Elfsight ju\u017c dzi\u015b, aby wizualnie zaprezentowa\u0107 kluczowe wydarzenia i kamienie milowe w dynamiczny i wci\u0105gaj\u0105cy spos\u00f3b!<\/b><\/p> <\/div><div class=\"application-platform-content-item-features application-platform-content-item\" id=\"features\" data-nav-section=\"features\"><h2>Co mo\u017cna zrobi\u0107 za pomoc\u0105 osi czasu jQuery<\/h2> <ul> <li><strong>Zaanga\u017cuj odwiedzaj\u0105cych wizualnie<\/strong><br> Zachwy\u0107 odbiorc\u00f3w, wy\u015bwietlaj\u0105c o\u015b czasu w atrakcyjnym, interaktywnym formacie. Wizualna o\u015b czasu zach\u0119ca u\u017cytkownik\u00f3w do odkrywania i zdobywania wi\u0119kszej wiedzy na temat Twoich kamieni milowych i osi\u0105gni\u0119\u0107.<\/li> <li><strong>Pokazuj swoje post\u0119py i kamienie milowe<\/strong><br> Przedstaw swoje kamienie milowe, osi\u0105gni\u0119cia i kluczowe wydarzenia w jasnym, chronologicznym porz\u0105dku, kt\u00f3ry pomo\u017ce odwiedzaj\u0105cym \u015bledzi\u0107 Twoj\u0105 podr\u00f3\u017c i by\u0107 na bie\u017c\u0105co z post\u0119pami.<\/li> <li><strong>Podkre\u015bl wa\u017cne momenty<\/strong><br> Skup si\u0119 na swoich najwa\u017cniejszych osi\u0105gni\u0119ciach i wydarzeniach dzi\u0119ki eleganckiemu, \u0142atwemu do \u015bledzenia uk\u0142adowi osi czasu, kt\u00f3ry przyci\u0105ga uwag\u0119 i zach\u0119ca do dalszego zaanga\u017cowania.<\/li> <\/ul> <p><a href=\"#demo\">Wypr\u00f3buj edytor teraz, aby pozna\u0107 wszystkie funkcje wid\u017cetu O\u015b czasu.<\/a><\/p> <\/div><div class=\"application-platform-content-item-installation application-platform-content-item\" id=\"installation\" data-nav-section=\"installation\"><h2>Jak osadzi\u0107 o\u015b czasu w jQuery<\/h2> <p>Dodawanie wid\u017cetu O\u015b czasu do jQuery strona internetowa jest szybka i \u0142atwa. Wykonaj te proste kroki:<\/p> <ol> <li><b>Utw\u00f3rz niestandardow\u0105 o\u015b czasu jQuery<\/b><br> Zacznij od wybrania szablonu w naszym edytorze i dostosuj go zgodnie z motywem i preferencjami projektowymi swojej witryny.<\/li> <li><b>Uzyskaj sw\u00f3j unikalny kod do umieszczenia na stronie<\/b><br> Po zaprojektowaniu osi czasu otrzymasz unikalny kod do umieszczenia na stronie w formacie HTML. Skopiuj ten kod, aby u\u017cy\u0107 go p\u00f3\u017aniej.<\/li> <li><b>Osad\u017a kod w swojej witrynie jQuery<\/b><br> Wklej skopiowany kod osadzania w odpowiedniej sekcji swojej strony internetowej. Zapisz zmiany, a Twoja interaktywna o\u015b czasu b\u0119dzie aktywna!<\/li> <li><b>Ciesz si\u0119 now\u0105 interaktywn\u0105 osi\u0105 czasu!<\/b><br> Wejd\u017a na swoj\u0105 witryn\u0119 i zobacz swoj\u0105 o\u015b czasu w akcji. Przyci\u0105gaj odwiedzaj\u0105cych atrakcyjn\u0105 wizualnie osi\u0105 czasu.<\/li> <\/ol> <p>Aby uzyska\u0107 bardziej szczeg\u00f3\u0142owe instrukcje, zapoznaj si\u0119 z naszym pe\u0142nym przewodnikiem na temat <a href=\"https:\/\/elfsight.com\/blog\/how-to-embed-timeline-to-website\/\" target=\"_blank\" rel=\"noopener\">jak doda\u0107 o\u015b czasu do swojej witryny<\/a>.<\/p> <\/div><div class=\"faq\" data-component=\"FAQ\"><div class=\"faq-item\">\r\n\t\t\t\t\t<div class=\"faq-item-question\">\r\n\t\t\t\t\t\t<h3 class=\"faq-item-question-text\">Czy wid\u017cet O\u015b czasu dla jQuery jest bezp\u0142atny?<\/h3>\r\n\r\n\t\t\t\t\t\t<div class=\"faq-item-question-icon\"><\/div>\r\n\t\t\t\t\t<\/div>\r\n\r\n\t\t\t\t\t<div class=\"faq-item-answer\">\r\n\t\t\t\t\t\t<div class=\"faq-item-answer-text\">Tak, Elfsight oferuje bezp\u0142atny plan dla wid\u017cetu O\u015b czasu, zapewniaj\u0105cy dost\u0119p do podstawowych funkcji. P\u0142atne plany odblokowuj\u0105 bardziej zaawansowane opcje dostosowywania.<\/div>\r\n\t\t\t\t\t<\/div>\r\n\t\t\t\t<\/div><div class=\"faq-item\">\r\n\t\t\t\t\t<div class=\"faq-item-question\">\r\n\t\t\t\t\t\t<h3 class=\"faq-item-question-text\">Czy potrzebuj\u0119 umiej\u0119tno\u015bci kodowania, aby korzysta\u0107 z wid\u017cetu O\u015b czasu?<\/h3>\r\n\r\n\t\t\t\t\t\t<div class=\"faq-item-question-icon\"><\/div>\r\n\t\t\t\t\t<\/div>\r\n\r\n\t\t\t\t\t<div class=\"faq-item-answer\">\r\n\t\t\t\t\t\t<div class=\"faq-item-answer-text\">Nie, wtyczka jQuery O\u015b czasu firmy Elfsight nie wymaga \u017cadnej wiedzy o kodowaniu. Za pomoc\u0105 intuicyjnego edytora mo\u017cesz \u0142atwo tworzy\u0107, dostosowywa\u0107 i osadza\u0107 o\u015b czasu.<\/div>\r\n\t\t\t\t\t<\/div>\r\n\t\t\t\t<\/div><div class=\"faq-item\">\r\n\t\t\t\t\t<div class=\"faq-item-question\">\r\n\t\t\t\t\t\t<h3 class=\"faq-item-question-text\">Jak utworzy\u0107 interaktywn\u0105 o\u015b czasu dla jQuery?<\/h3>\r\n\r\n\t\t\t\t\t\t<div class=\"faq-item-question-icon\"><\/div>\r\n\t\t\t\t\t<\/div>\r\n\r\n\t\t\t\t\t<div class=\"faq-item-answer\">\r\n\t\t\t\t\t\t<div class=\"faq-item-answer-text\">Po prostu wybierz szablon projektu w edytorze, dostosuj go do w\u0142asnych upodoba\u0144, a nast\u0119pnie osad\u017a dostarczony kod HTML na swojej stronie internetowej jQuery.<\/div>\r\n\t\t\t\t\t<\/div>\r\n\t\t\t\t<\/div><div class=\"faq-item\">\r\n\t\t\t\t\t<div class=\"faq-item-question\">\r\n\t\t\t\t\t\t<h3 class=\"faq-item-question-text\">Jakie typy osi czasu mog\u0119 utworzy\u0107?<\/h3>\r\n\r\n\t\t\t\t\t\t<div class=\"faq-item-question-icon\"><\/div>\r\n\t\t\t\t\t<\/div>\r\n\r\n\t\t\t\t\t<div class=\"faq-item-answer\">\r\n\t\t\t\t\t\t<div class=\"faq-item-answer-text\">Dzi\u0119ki jQuery Widget osi czasu pozwala utworzy\u0107 kilka typ\u00f3w osi czasu, w tym: <ul> <li><strong>Historia firmy<\/strong>: wy\u015bwietla rozw\u00f3j firmy i najwa\u017cniejsze momenty na przestrzeni czasu.<\/li> <li><strong>Rozw\u00f3j produktu<\/strong>: przedstawia drog\u0119 produktu od koncepcji do wydania.<\/li> <li><strong>O\u015b czasu projektu<\/strong>: umo\u017cliwia \u015bledzenie r\u00f3\u017cnych etap\u00f3w trwaj\u0105cych i uko\u0144czonych projekt\u00f3w.<\/li> <li><strong>Harmonogramy wydarze\u0144<\/strong>: wy\u015bwietlanie harmonogram\u00f3w dla konferencje, premiery produkt\u00f3w lub inne kluczowe wydarzenia.<\/li> <\/ul> <\/div>\r\n\t\t\t\t\t<\/div>\r\n\t\t\t\t<\/div> <\/div>","protected":false},"excerpt":{"rendered":"","protected":false},"author":9,"featured_media":0,"parent":9819,"menu_order":0,"comment_status":"closed","ping_status":"closed","template":"templates\/template-application-platform.php","meta":{"publish_to_discourse":"","publish_post_category":"","wpdc_auto_publish_overridden":"","wpdc_topic_tags":"","wpdc_pin_topic":"","wpdc_pin_until":"","discourse_post_id":"","discourse_permalink":"","wpdc_publishing_response":"","wpdc_publishing_error":"","footnotes":""},"class_list":["post-9841","page","type-page","status-publish","hentry"],"yoast_head":"<!-- This site is optimized with the Yoast SEO plugin v25.3.1 - https:\/\/yoast.com\/wordpress\/plugins\/seo\/ -->\n<title>Wid\u017cet osi czasu \u2013 dodaj dynamiczn\u0105 lini\u0119 historii do witryny jQuery | Bezp\u0142atnie<\/title>\n<meta name=\"description\" content=\"Utw\u00f3rz dostosowywaln\u0105 o\u015b czasu za pomoc\u0105 wtyczki jQuery Timeline firmy Elfsight. Wy\u015bwietlaj kamienie milowe, osi\u0105gni\u0119cia i wydarzenia z \u0142atwo\u015bci\u0105 i bez konieczno\u015bci posiadania umiej\u0119tno\u015bci kodowania.\" \/>\n<meta name=\"robots\" content=\"index, follow, max-snippet:-1, max-image-preview:large, max-video-preview:-1\" \/>\n<link rel=\"canonical\" href=\"https:\/\/elfsight.com\/pl\/timeline-widget\/jquery\/\" \/>\n<meta property=\"og:locale\" content=\"pl_PL\" \/>\n<meta property=\"og:type\" content=\"article\" \/>\n<meta property=\"og:title\" content=\"Wid\u017cet osi czasu \u2013 dodaj dynamiczn\u0105 lini\u0119 historii do witryny jQuery | Bezp\u0142atnie\" \/>\n<meta property=\"og:description\" content=\"Utw\u00f3rz dostosowywaln\u0105 o\u015b czasu za pomoc\u0105 wtyczki jQuery Timeline firmy Elfsight. Wy\u015bwietlaj kamienie milowe, osi\u0105gni\u0119cia i wydarzenia z \u0142atwo\u015bci\u0105 i bez konieczno\u015bci posiadania umiej\u0119tno\u015bci kodowania.\" \/>\n<meta property=\"og:url\" content=\"https:\/\/elfsight.com\/pl\/timeline-widget\/jquery\/\" \/>\n<meta property=\"og:site_name\" content=\"Elfsight PL\" \/>\n<meta property=\"article:modified_time\" content=\"2025-06-17T14:08:00+00:00\" \/>\n<meta name=\"twitter:card\" content=\"summary_large_image\" \/>\n<meta name=\"twitter:label1\" content=\"Szacowany czas czytania\" \/>\n\t<meta name=\"twitter:data1\" content=\"4 minuty\" \/>\n<!-- \/ Yoast SEO plugin. -->","yoast_head_json":{"title":"Wid\u017cet osi czasu \u2013 dodaj dynamiczn\u0105 lini\u0119 historii do witryny jQuery | Bezp\u0142atnie","description":"Utw\u00f3rz dostosowywaln\u0105 o\u015b czasu za pomoc\u0105 wtyczki jQuery Timeline firmy Elfsight. Wy\u015bwietlaj kamienie milowe, osi\u0105gni\u0119cia i wydarzenia z \u0142atwo\u015bci\u0105 i bez konieczno\u015bci posiadania umiej\u0119tno\u015bci kodowania.","robots":{"index":"index","follow":"follow","max-snippet":"max-snippet:-1","max-image-preview":"max-image-preview:large","max-video-preview":"max-video-preview:-1"},"canonical":"https:\/\/elfsight.com\/pl\/timeline-widget\/jquery\/","og_locale":"pl_PL","og_type":"article","og_title":"Wid\u017cet osi czasu \u2013 dodaj dynamiczn\u0105 lini\u0119 historii do witryny jQuery | Bezp\u0142atnie","og_description":"Utw\u00f3rz dostosowywaln\u0105 o\u015b czasu za pomoc\u0105 wtyczki jQuery Timeline firmy Elfsight. Wy\u015bwietlaj kamienie milowe, osi\u0105gni\u0119cia i wydarzenia z \u0142atwo\u015bci\u0105 i bez konieczno\u015bci posiadania umiej\u0119tno\u015bci kodowania.","og_url":"https:\/\/elfsight.com\/pl\/timeline-widget\/jquery\/","og_site_name":"Elfsight PL","article_modified_time":"2025-06-17T14:08:00+00:00","twitter_card":"summary_large_image","twitter_misc":{"Szacowany czas czytania":"4 minuty"},"schema":{"@context":"https:\/\/schema.org","@graph":[{"@type":"WebPage","@id":"https:\/\/elfsight.com\/pl\/timeline-widget\/jquery\/","url":"https:\/\/elfsight.com\/pl\/timeline-widget\/jquery\/","name":"Wid\u017cet osi czasu \u2013 dodaj dynamiczn\u0105 lini\u0119 historii do witryny jQuery | Bezp\u0142atnie","isPartOf":{"@id":"https:\/\/elfsight.com\/pl\/#website"},"datePublished":"2025-03-11T05:57:13+00:00","dateModified":"2025-06-17T14:08:00+00:00","description":"Utw\u00f3rz dostosowywaln\u0105 o\u015b czasu za pomoc\u0105 wtyczki jQuery Timeline firmy Elfsight. Wy\u015bwietlaj kamienie milowe, osi\u0105gni\u0119cia i wydarzenia z \u0142atwo\u015bci\u0105 i bez konieczno\u015bci posiadania umiej\u0119tno\u015bci kodowania.","breadcrumb":{"@id":"https:\/\/elfsight.com\/pl\/timeline-widget\/jquery\/#breadcrumb"},"inLanguage":"pl-PL","potentialAction":[{"@type":"ReadAction","target":["https:\/\/elfsight.com\/pl\/timeline-widget\/jquery\/"]}]},{"@type":"BreadcrumbList","@id":"https:\/\/elfsight.com\/pl\/timeline-widget\/jquery\/#breadcrumb","itemListElement":[{"@type":"ListItem","position":1,"name":"Home","item":"https:\/\/elfsight.com\/pl\/"},{"@type":"ListItem","position":2,"name":"Timeline","item":"https:\/\/elfsight.com\/pl\/timeline-widget\/"},{"@type":"ListItem","position":3,"name":"Timeline &#8211; jQuery"}]},{"@type":"WebSite","@id":"https:\/\/elfsight.com\/pl\/#website","url":"https:\/\/elfsight.com\/pl\/","name":"Elfsight PL","description":"Just another Elfsight Sites site","potentialAction":[{"@type":"SearchAction","target":{"@type":"EntryPoint","urlTemplate":"https:\/\/elfsight.com\/pl\/?s={search_term_string}"},"query-input":{"@type":"PropertyValueSpecification","valueRequired":true,"valueName":"search_term_string"}}],"inLanguage":"pl-PL"}]}},"meta_box":{"industry":"","seo_heading":"","heading":"","description":"","cta_heading":"","cta_description":"","application":"9818","h1":"Wtyczka osi czasu dla jQuery","h1_caption":"Wy\u015bwietl anga\u017cuj\u0105cy plan etap\u00f3w, aby ujawni\u0107 swoj\u0105 narracj\u0119, kamienie milowe lub wydarzenia za pomoc\u0105 interaktywnej osi czasu w jQuery","application_category":[],"applications_title":"","applications_request_title":"","applications_request_button_text":"","hero_text":"","hero_video":"","hero_video_schema_markup":"","selling_points_title":"","selling_points_caption":"","selling_points":[],"selling_points_cta_text":"","features_title":"","features":"","ed_cta_examples_text":"","ed_cta_examples_hidden":"","ed_cta_demo_text":"","ed_cta_demo_hidden":"","why_caption":"","why_editor_title":"","why_editor_text":"","why_team_title":"","why_team_text":"","why_service_title":"","why_service_text":"","template_catalog_visible":"","template_catalog_title":"","template_catalog_text":"","template_catalog_categories_visible":"","demo_title":"Utw\u00f3rz wtyczk\u0119 osi czasu jQuery","demo_caption":"Dostosuj o\u015b czasu i z \u0142atwo\u015bci\u0105 dodaj j\u0105 do swojej witryny!","default_faq_hidden":"","app_template_category":[],"platform":"56","template_public_id":"","codecanyon_url":"","codecanyon_item_id":"","codecanyon_price":"","pricing_caption":"","pricing_elfsight_apps_hide_column":"","pricing_elfsight_apps_url":"","pricing_codecanyon_price_caption":"","integration_category":[],"integration_request_title":"","integration_request_cta":"","integration_platform":"","integrations":[],"platform_category":[],"video_schema_markup":"","price":"od 0 USD \/ miesi\u0105c","trial":"","benefits":[],"button_url":"#demo","button_target_blank":"0","button_nofollow":"0","attributes":[{"name":"Instaluje","content":"50,000 - 100,000","_state":"expanded"},{"name":"Czu\u0142y","content":"Tak","_state":"expanded"},{"name":"Kompatybilne przegl\u0105darki","content":"Firefox, Safari, Opera, Chrome, Edge","_state":"expanded"}],"tags":[],"tags_disable_links":"","hide_more_platforms":"","video_object":"","demo_hide_cta":"0","demo_hide_cloud_options":"","pricing_title":"","pricing":[{"pricing_icon":"platform","pricing_title":"Elfsight Apps","pricing_title_caption":"Oprogramowanie wieloplatformowe, kt\u00f3re pasuje do ka\u017cdej witryny","pricing_price":"od 0 USD \/ miesi\u0105c","pricing_price_caption":"zacznij od darmowego planu","pricing_benefits":"[object Object],[object Object],[object Object],[object Object]","pricing_button_text":"Dodaj do witryny","pricing_button_url":"#demo"}],"related_apps_title":"","related_apps_hidden":"","author":"","image":[],"title":"","job":"","social_networks":[]},"_links":{"self":[{"href":"https:\/\/elfsight.com\/pl\/wp-json\/wp\/v2\/pages\/9841","targetHints":{"allow":["GET"]}}],"collection":[{"href":"https:\/\/elfsight.com\/pl\/wp-json\/wp\/v2\/pages"}],"about":[{"href":"https:\/\/elfsight.com\/pl\/wp-json\/wp\/v2\/types\/page"}],"author":[{"embeddable":true,"href":"https:\/\/elfsight.com\/pl\/wp-json\/wp\/v2\/users\/9"}],"replies":[{"embeddable":true,"href":"https:\/\/elfsight.com\/pl\/wp-json\/wp\/v2\/comments?post=9841"}],"version-history":[{"count":1,"href":"https:\/\/elfsight.com\/pl\/wp-json\/wp\/v2\/pages\/9841\/revisions"}],"predecessor-version":[{"id":9845,"href":"https:\/\/elfsight.com\/pl\/wp-json\/wp\/v2\/pages\/9841\/revisions\/9845"}],"up":[{"embeddable":true,"href":"https:\/\/elfsight.com\/pl\/wp-json\/wp\/v2\/pages\/9819"}],"wp:attachment":[{"href":"https:\/\/elfsight.com\/pl\/wp-json\/wp\/v2\/media?parent=9841"}],"curies":[{"name":"wp","href":"https:\/\/api.w.org\/{rel}","templated":true}]}}