{"id":9835,"date":"2025-04-14T18:04:30","date_gmt":"2025-04-14T18:04:30","guid":{"rendered":"https:\/\/elfsight.com\/pl\/?page_id=9835"},"modified":"2025-06-17T09:06:45","modified_gmt":"2025-06-17T09:06:45","slug":"woocommerce","status":"publish","type":"page","link":"https:\/\/elfsight.com\/pl\/timeline-widget\/woocommerce\/","title":{"rendered":"Timeline &#8211; WooCommerce"},"content":{"rendered":"<div class=\"application-platform-content-item-description application-platform-content-item\" id=\"description\" data-nav-section=\"description\"><h2>Wtyczka osi czasu WooCommerce<\/h2> <p>Ulepsz sw\u00f3j sklep WooCommerce dzi\u0119ki wid\u017cetowi osi czasu Elfsight! Utw\u00f3rz responsywn\u0105 o\u015b czasu, aby zaprezentowa\u0107 kamienie milowe produktu, histori\u0119 firmy, rozw\u00f3j projekt\u00f3w lub wa\u017cne wydarzenia. Nie wymaga kodowania \u2014 wystarczy skorzysta\u0107 z naszego \u0142atwego w u\u017cyciu edytora, aby dostosowa\u0107 o\u015b czasu, osadzi\u0107 j\u0105 na swojej witrynie WooCommerce i zacz\u0105\u0107 anga\u017cowa\u0107 odwiedzaj\u0105cych w kreatywny i przekonuj\u0105cy spos\u00f3b.<\/p> <ul> <li><b>Tw\u00f3rz interaktywne osie czasu bez kodu<\/b><br> Stw\u00f3rz w pe\u0142ni funkcjonaln\u0105, dynamiczn\u0105 wizualnie o\u015b czasu w ci\u0105gu kilku minut, bez konieczno\u015bci posiadania specjalistycznej wiedzy technicznej. Zacznij od razu przyci\u0105ga\u0107 klient\u00f3w!<\/li> <li><b>Zaawansowane opcje dostosowywania<\/b><br> Spersonalizuj projekt osi czasu za pomoc\u0105 r\u00f3\u017cnych szablon\u00f3w, schemat\u00f3w kolor\u00f3w, czcionek i nie tylko, upewniaj\u0105c si\u0119, \u017ce pasuje do marki i stylu Twojego sklepu.<\/li> <li><b>P\u0142ynny proces osadzania<\/b><br> Bezproblemowo osadzaj niestandardow\u0105 o\u015b czasu w sklepie WooCommerce za pomoc\u0105 prostego kodu HTML i nie s\u0105 wymagane \u017cadne umiej\u0119tno\u015bci kodowania.<\/li> <li><b>Elastyczna obs\u0142uga klienta<\/b><br> Nasz oddany zesp\u00f3\u0142 pomocy technicznej jest do Twojej dyspozycji, aby pom\u00f3c Ci w konfiguracji i dostosowaniu osi czasu, zapewniaj\u0105c jej bezb\u0142\u0119dne dzia\u0142anie w witrynie WooCommerce.<\/li> <\/ul> <p><b>Wypr\u00f3buj wid\u017cet O\u015b czasu Elfsight ju\u017c dzi\u015b i zaprezentuj swoje najwa\u017cniejsze kamienie milowe w atrakcyjny wizualnie spos\u00f3b!<\/b><\/p> <\/div><div class=\"application-platform-content-item-features application-platform-content-item\" id=\"features\" data-nav-section=\"features\"><h2>Co mo\u017cesz zrobi\u0107 za pomoc\u0105 osi czasu WooCommerce<\/h2> <ul> <li><strong>Zaanga\u017cuj odwiedzaj\u0105cych wizualnie<\/strong><br> Przedstaw swoje kamienie milowe, wydarzenia lub \u015bcie\u017cki produktu w dynamicznym formacie osi czasu, kt\u00f3ry przyci\u0105gnie klient\u00f3w i zach\u0119ci ich do dalszych poszukiwa\u0144.<\/li> <li><strong>Prezentacja kamienie milowe i post\u0119p<\/strong><br> Podkre\u015bl najwa\u017cniejsze kamienie milowe lub etapy cyklu \u017cycia produktu. Poka\u017c post\u0119p swoich projekt\u00f3w lub rozw\u00f3j swojej firmy w jasny i przekonuj\u0105cy spos\u00f3b.<\/li> <li><strong>Podkre\u015bl kluczowe osi\u0105gni\u0119cia<\/strong><br> Przyci\u0105gnij uwag\u0119 do najwa\u017cniejszych osi\u0105gni\u0119\u0107, premier produkt\u00f3w lub kamieni milowych w biznesie w anga\u017cuj\u0105cej i \u0142atwej do zrozumienia formie.<\/li> <\/ul> <p><a href=\"#demo\">Wypr\u00f3buj edytor, aby pozna\u0107 wszystkie funkcje wid\u017cetu O\u015b czasu.<\/a><\/p> <\/div><div class=\"application-platform-content-item-installation application-platform-content-item\" id=\"installation\" data-nav-section=\"installation\"><h2>Jak osadzi\u0107 o\u015b czasu w WooCommerce<\/h2> <p>Dodanie wid\u017cetu O\u015b czasu do sklepu WooCommerce jest szybkie i proste i nie wymaga umiej\u0119tno\u015bci kodowania. Wykonaj te proste kroki:<\/p> <ol> <li><b>Utw\u00f3rz w\u0142asn\u0105 o\u015b czasu WooCommerce<\/b><br> Zacznij od wybrania szablonu w edytorze i dostosuj go do potrzeb swojego sklepu. Dostosuj projekt, uk\u0142ad i dodaj kamienie milowe pasuj\u0105ce do Twojej marki.<\/li> <li><b>Uzyskaj sw\u00f3j unikalny kod do osadzenia<\/b><br> Gdy o\u015b czasu b\u0119dzie gotowa, skopiuj kod do osadzenia HTML wygenerowany przez nasz edytor.<\/li> <li><b>Osad\u017a kod w swoim sklepie WooCommerce<\/b><br> Wklej kod do osadzenia w odpowiedniej sekcji strony WooCommerce i zapisz zmiany. Twoja o\u015b czasu b\u0119dzie ju\u017c aktywna!<\/li> <li><b>Ciesz si\u0119 now\u0105 interaktywn\u0105 osi\u0105 czasu!<\/b><br> Odwied\u017a sw\u00f3j sklep, aby zobaczy\u0107 o\u015b czasu w akcji i zacznij anga\u017cowa\u0107 klient\u00f3w za pomoc\u0105 atrakcyjnego wizualnie do\u015bwiadczenia.<\/li> <\/ol> <p>Szczeg\u00f3\u0142owe instrukcje znajdziesz w naszym przewodniku na stronie <a href=\"https:\/\/elfsight.com\/blog\/how-to-embed-timeline-to-website\/\" target=\"_blank\" rel=\"noopener\">jak doda\u0107 o\u015b czasu do swojej witryny<\/a>.<\/p> <\/div><div class=\"faq\" data-component=\"FAQ\"><div class=\"faq-item\">\r\n\t\t\t\t\t<div class=\"faq-item-question\">\r\n\t\t\t\t\t\t<h3 class=\"faq-item-question-text\">Czy wtyczka Timeline do WooCommerce jest bezp\u0142atna?<\/h3>\r\n\r\n\t\t\t\t\t\t<div class=\"faq-item-question-icon\"><\/div>\r\n\t\t\t\t\t<\/div>\r\n\r\n\t\t\t\t\t<div class=\"faq-item-answer\">\r\n\t\t\t\t\t\t<div class=\"faq-item-answer-text\">Tak, Elfsight oferuje bezp\u0142atny plan z dost\u0119pem do podstawowych funkcji. Mo\u017cesz korzysta\u0107 z wid\u017cetu O\u015b czasu bezp\u0142atnie. Dost\u0119pne s\u0105 p\u0142atne opcje umo\u017cliwiaj\u0105ce dodatkowe dostosowanie i funkcjonalno\u015b\u0107.<\/div>\r\n\t\t\t\t\t<\/div>\r\n\t\t\t\t<\/div><div class=\"faq-item\">\r\n\t\t\t\t\t<div class=\"faq-item-question\">\r\n\t\t\t\t\t\t<h3 class=\"faq-item-question-text\">Czy potrzebuj\u0119 umiej\u0119tno\u015bci kodowania, aby korzysta\u0107 z wtyczki O\u015b czasu dla WooCommerce?<\/h3>\r\n\r\n\t\t\t\t\t\t<div class=\"faq-item-question-icon\"><\/div>\r\n\t\t\t\t\t<\/div>\r\n\r\n\t\t\t\t\t<div class=\"faq-item-answer\">\r\n\t\t\t\t\t\t<div class=\"faq-item-answer-text\">Nie, wid\u017cet O\u015b czasu firmy Elfsight dla WooCommerce zosta\u0142 zaprojektowany tak, aby by\u0142 przyjazny dla u\u017cytkownika i nie wymaga umiej\u0119tno\u015bci kodowania. Po prostu dostosuj i osad\u017a wid\u017cet za pomoc\u0105 naszego intuicyjnego edytora.<\/div>\r\n\t\t\t\t\t<\/div>\r\n\t\t\t\t<\/div><div class=\"faq-item\">\r\n\t\t\t\t\t<div class=\"faq-item-question\">\r\n\t\t\t\t\t\t<h3 class=\"faq-item-question-text\">Jak utworzy\u0107 interaktywn\u0105 o\u015b czasu dla WooCommerce?<\/h3>\r\n\r\n\t\t\t\t\t\t<div class=\"faq-item-question-icon\"><\/div>\r\n\t\t\t\t\t<\/div>\r\n\r\n\t\t\t\t\t<div class=\"faq-item-answer\">\r\n\t\t\t\t\t\t<div class=\"faq-item-answer-text\">Wybierz szablon w edytorze, dostosuj go do swoich potrzeb i osad\u017a kod HTML na swojej stronie WooCommerce. To szybkie i \u0142atwe!<\/div>\r\n\t\t\t\t\t<\/div>\r\n\t\t\t\t<\/div><div class=\"faq-item\">\r\n\t\t\t\t\t<div class=\"faq-item-question\">\r\n\t\t\t\t\t\t<h3 class=\"faq-item-question-text\">Jakie typy osi czasu mog\u0119 utworzy\u0107 dla WooCommerce?<\/h3>\r\n\r\n\t\t\t\t\t\t<div class=\"faq-item-question-icon\"><\/div>\r\n\t\t\t\t\t<\/div>\r\n\r\n\t\t\t\t\t<div class=\"faq-item-answer\">\r\n\t\t\t\t\t\t<div class=\"faq-item-answer-text\">Za pomoc\u0105 wid\u017cetu Elfsight mo\u017cesz tworzy\u0107 r\u00f3\u017cne typy osi czasu:<ul> <li><strong>Podr\u00f3\u017c po produkcie<\/strong>: Przedstaw kamienie milowe i kluczowe etapy rozwoju swoich produkt\u00f3w.<\/li> <li><strong>Rozw\u00f3j firmy<\/strong>: \u015aled\u017a rozw\u00f3j i osi\u0105gni\u0119cia swojej firmy na przestrzeni czasu.<\/li> <li><strong>O\u015b czasu wydarze\u0144<\/strong>: przedstawiaj wa\u017cne wydarzenia, sprzeda\u017ce lub premiery produkt\u00f3w w porz\u0105dku chronologicznym.<\/li> <li><strong>O\u015b czasu projektu<\/strong>: wy\u015bwietlaj fazy projektu od pocz\u0105tku do ko\u0144ca, wraz z wa\u017cnymi kamieniami milowymi po drodze.<\/li> <\/ul> <\/div>\r\n\t\t\t\t\t<\/div>\r\n\t\t\t\t<\/div> <\/div>","protected":false},"excerpt":{"rendered":"","protected":false},"author":9,"featured_media":0,"parent":9819,"menu_order":0,"comment_status":"closed","ping_status":"closed","template":"templates\/template-application-platform.php","meta":{"publish_to_discourse":"","publish_post_category":"","wpdc_auto_publish_overridden":"","wpdc_topic_tags":"","wpdc_pin_topic":"","wpdc_pin_until":"","discourse_post_id":"","discourse_permalink":"","wpdc_publishing_response":"","wpdc_publishing_error":"","footnotes":""},"class_list":["post-9835","page","type-page","status-publish","hentry"],"yoast_head":"<!-- This site is optimized with the Yoast SEO plugin v25.3.1 - https:\/\/yoast.com\/wordpress\/plugins\/seo\/ -->\n<title>Wid\u017cet osi czasu - dodaj interaktywn\u0105 o\u015b czasu do WooCommerce|Za darmo<\/title>\n<meta name=\"description\" content=\"Dodaj niestandardowy plan dzia\u0142ania do swojego sklepu. Wy\u015bwietlaj swoj\u0105 histori\u0119, kluczowe wydarzenia i kamienie milowe w atrakcyjny wizualnie spos\u00f3b dzi\u0119ki wtyczce Timeline dla WooCommerce.\" \/>\n<meta name=\"robots\" content=\"index, follow, max-snippet:-1, max-image-preview:large, max-video-preview:-1\" \/>\n<link rel=\"canonical\" href=\"https:\/\/elfsight.com\/pl\/timeline-widget\/woocommerce\/\" \/>\n<meta property=\"og:locale\" content=\"pl_PL\" \/>\n<meta property=\"og:type\" content=\"article\" \/>\n<meta property=\"og:title\" content=\"Wid\u017cet osi czasu - dodaj interaktywn\u0105 o\u015b czasu do WooCommerce|Za darmo\" \/>\n<meta property=\"og:description\" content=\"Dodaj niestandardowy plan dzia\u0142ania do swojego sklepu. Wy\u015bwietlaj swoj\u0105 histori\u0119, kluczowe wydarzenia i kamienie milowe w atrakcyjny wizualnie spos\u00f3b dzi\u0119ki wtyczce Timeline dla WooCommerce.\" \/>\n<meta property=\"og:url\" content=\"https:\/\/elfsight.com\/pl\/timeline-widget\/woocommerce\/\" \/>\n<meta property=\"og:site_name\" content=\"Elfsight PL\" \/>\n<meta property=\"article:modified_time\" content=\"2025-06-17T09:06:45+00:00\" \/>\n<meta name=\"twitter:card\" content=\"summary_large_image\" \/>\n<meta name=\"twitter:label1\" content=\"Szacowany czas czytania\" \/>\n\t<meta name=\"twitter:data1\" content=\"4 minuty\" \/>\n<!-- \/ Yoast SEO plugin. -->","yoast_head_json":{"title":"Wid\u017cet osi czasu - dodaj interaktywn\u0105 o\u015b czasu do WooCommerce|Za darmo","description":"Dodaj niestandardowy plan dzia\u0142ania do swojego sklepu. Wy\u015bwietlaj swoj\u0105 histori\u0119, kluczowe wydarzenia i kamienie milowe w atrakcyjny wizualnie spos\u00f3b dzi\u0119ki wtyczce Timeline dla WooCommerce.","robots":{"index":"index","follow":"follow","max-snippet":"max-snippet:-1","max-image-preview":"max-image-preview:large","max-video-preview":"max-video-preview:-1"},"canonical":"https:\/\/elfsight.com\/pl\/timeline-widget\/woocommerce\/","og_locale":"pl_PL","og_type":"article","og_title":"Wid\u017cet osi czasu - dodaj interaktywn\u0105 o\u015b czasu do WooCommerce|Za darmo","og_description":"Dodaj niestandardowy plan dzia\u0142ania do swojego sklepu. Wy\u015bwietlaj swoj\u0105 histori\u0119, kluczowe wydarzenia i kamienie milowe w atrakcyjny wizualnie spos\u00f3b dzi\u0119ki wtyczce Timeline dla WooCommerce.","og_url":"https:\/\/elfsight.com\/pl\/timeline-widget\/woocommerce\/","og_site_name":"Elfsight PL","article_modified_time":"2025-06-17T09:06:45+00:00","twitter_card":"summary_large_image","twitter_misc":{"Szacowany czas czytania":"4 minuty"},"schema":{"@context":"https:\/\/schema.org","@graph":[{"@type":"WebPage","@id":"https:\/\/elfsight.com\/pl\/timeline-widget\/woocommerce\/","url":"https:\/\/elfsight.com\/pl\/timeline-widget\/woocommerce\/","name":"Wid\u017cet osi czasu - dodaj interaktywn\u0105 o\u015b czasu do WooCommerce|Za darmo","isPartOf":{"@id":"https:\/\/elfsight.com\/pl\/#website"},"datePublished":"2025-04-14T18:04:30+00:00","dateModified":"2025-06-17T09:06:45+00:00","description":"Dodaj niestandardowy plan dzia\u0142ania do swojego sklepu. Wy\u015bwietlaj swoj\u0105 histori\u0119, kluczowe wydarzenia i kamienie milowe w atrakcyjny wizualnie spos\u00f3b dzi\u0119ki wtyczce Timeline dla WooCommerce.","breadcrumb":{"@id":"https:\/\/elfsight.com\/pl\/timeline-widget\/woocommerce\/#breadcrumb"},"inLanguage":"pl-PL","potentialAction":[{"@type":"ReadAction","target":["https:\/\/elfsight.com\/pl\/timeline-widget\/woocommerce\/"]}]},{"@type":"BreadcrumbList","@id":"https:\/\/elfsight.com\/pl\/timeline-widget\/woocommerce\/#breadcrumb","itemListElement":[{"@type":"ListItem","position":1,"name":"Home","item":"https:\/\/elfsight.com\/pl\/"},{"@type":"ListItem","position":2,"name":"Timeline","item":"https:\/\/elfsight.com\/pl\/timeline-widget\/"},{"@type":"ListItem","position":3,"name":"Timeline &#8211; WooCommerce"}]},{"@type":"WebSite","@id":"https:\/\/elfsight.com\/pl\/#website","url":"https:\/\/elfsight.com\/pl\/","name":"Elfsight PL","description":"Just another Elfsight Sites site","potentialAction":[{"@type":"SearchAction","target":{"@type":"EntryPoint","urlTemplate":"https:\/\/elfsight.com\/pl\/?s={search_term_string}"},"query-input":{"@type":"PropertyValueSpecification","valueRequired":true,"valueName":"search_term_string"}}],"inLanguage":"pl-PL"}]}},"meta_box":{"industry":"","seo_heading":"","heading":"","description":"","cta_heading":"","cta_description":"","application":"9818","h1":"Wtyczka osi czasu dla WooCommerce","h1_caption":"Wy\u015bwietlaj anga\u017cuj\u0105cy plan wydarze\u0144, aby odkry\u0107 swoj\u0105 histori\u0119, punkty orientacyjne lub etapy rozwoju za pomoc\u0105 interaktywnej osi czasu dla WooCommerce","application_category":[],"applications_title":"","applications_request_title":"","applications_request_button_text":"","hero_text":"","hero_video":"","hero_video_schema_markup":"","selling_points_title":"","selling_points_caption":"","selling_points":[],"selling_points_cta_text":"","features_title":"","features":"","ed_cta_examples_text":"","ed_cta_examples_hidden":"","ed_cta_demo_text":"","ed_cta_demo_hidden":"","why_caption":"","why_editor_title":"","why_editor_text":"","why_team_title":"","why_team_text":"","why_service_title":"","why_service_text":"","template_catalog_visible":"0","template_catalog_title":"","template_catalog_text":"","template_catalog_categories_visible":"","demo_title":"Utw\u00f3rz wtyczk\u0119 osi czasu WooCommerce","demo_caption":"Dostosuj o\u015b czasu i z \u0142atwo\u015bci\u0105 dodaj j\u0105 do swojej witryny!","default_faq_hidden":"","app_template_category":[],"platform":"335","template_public_id":"","codecanyon_url":"","codecanyon_item_id":"","codecanyon_price":"","pricing_caption":"","pricing_elfsight_apps_hide_column":"","pricing_elfsight_apps_url":"","pricing_codecanyon_price_caption":"","integration_category":[],"integration_request_title":"","integration_request_cta":"","integration_platform":"","integrations":[],"platform_category":[],"video_schema_markup":"","price":"od 0 USD \/ miesi\u0105c","trial":"","benefits":[],"button_url":"#demo","button_target_blank":"0","button_nofollow":"0","attributes":[{"name":"Instaluje","content":"50,000 - 100,000","_state":"expanded"},{"name":"Czu\u0142y","content":"Tak","_state":"expanded"},{"name":"Kompatybilne przegl\u0105darki","content":"Firefox, Safari, Opera, Chrome, Edge","_state":"expanded"}],"tags":[],"tags_disable_links":"0","hide_more_platforms":"0","video_object":"","demo_hide_cta":"0","demo_hide_cloud_options":"0","pricing_title":"","pricing":[{"pricing_icon":"platform","pricing_title":"Elfsight Apps","pricing_title_caption":"Oprogramowanie wieloplatformowe dzia\u0142aj\u0105ce na ka\u017cdej stronie internetowej","pricing_price":"od 0 USD \/ miesi\u0105c","pricing_price_caption":"zacznij od darmowego planu","pricing_button_text":"Dodaj do strony internetowej","pricing_button_url":"#demo"}],"related_apps_title":"","related_apps_hidden":"0","author":"","image":[],"title":"","job":"","social_networks":[]},"_links":{"self":[{"href":"https:\/\/elfsight.com\/pl\/wp-json\/wp\/v2\/pages\/9835","targetHints":{"allow":["GET"]}}],"collection":[{"href":"https:\/\/elfsight.com\/pl\/wp-json\/wp\/v2\/pages"}],"about":[{"href":"https:\/\/elfsight.com\/pl\/wp-json\/wp\/v2\/types\/page"}],"author":[{"embeddable":true,"href":"https:\/\/elfsight.com\/pl\/wp-json\/wp\/v2\/users\/9"}],"replies":[{"embeddable":true,"href":"https:\/\/elfsight.com\/pl\/wp-json\/wp\/v2\/comments?post=9835"}],"version-history":[{"count":2,"href":"https:\/\/elfsight.com\/pl\/wp-json\/wp\/v2\/pages\/9835\/revisions"}],"predecessor-version":[{"id":10101,"href":"https:\/\/elfsight.com\/pl\/wp-json\/wp\/v2\/pages\/9835\/revisions\/10101"}],"up":[{"embeddable":true,"href":"https:\/\/elfsight.com\/pl\/wp-json\/wp\/v2\/pages\/9819"}],"wp:attachment":[{"href":"https:\/\/elfsight.com\/pl\/wp-json\/wp\/v2\/media?parent=9835"}],"curies":[{"name":"wp","href":"https:\/\/api.w.org\/{rel}","templated":true}]}}