{"id":9834,"date":"2025-03-11T09:15:09","date_gmt":"2025-03-11T09:15:09","guid":{"rendered":"https:\/\/elfsight.com\/pl\/?page_id=9834"},"modified":"2025-06-17T14:07:52","modified_gmt":"2025-06-17T14:07:52","slug":"prestashop","status":"publish","type":"page","link":"https:\/\/elfsight.com\/pl\/timeline-widget\/prestashop\/","title":{"rendered":"Timeline &#8211; PrestaShop"},"content":{"rendered":"<div class=\"application-platform-content-item-description application-platform-content-item\" id=\"description\" data-nav-section=\"description\"><h2>Dodatek do osi czasu PrestaShop<\/h2> <p>Przekszta\u0142\u0107 sw\u00f3j sklep PrestaShop za pomoc\u0105 interaktywnego dodatku do osi czasu firmy Elfsight. Podkre\u015bl kamienie milowe swojej firmy, \u015bcie\u017cki produktowe lub wa\u017cne wydarzenia w dynamiczny wizualnie spos\u00f3b. Nie jest wymagane \u017cadne kodowanie \u2013 \u0142atwy w obs\u0142udze edytor pozwala w pe\u0142ni dostosowa\u0107 o\u015b czasu i bezproblemowo zintegrowa\u0107 j\u0105 z witryn\u0105 PrestaShop. Niezale\u017cnie od tego, czy pokazujesz histori\u0119 swojej firmy, etapy rozwoju produktu czy kluczowe kamienie milowe, ta wtyczka pomo\u017ce tw\u00f3rczo zaanga\u017cowa\u0107 odwiedzaj\u0105cych.<\/p> <ul> <li><b>Tw\u00f3rz interaktywne osie czasu bez kodu<\/b><br> Zaprojektuj w pe\u0142ni funkcjonaln\u0105 i atrakcyjn\u0105 wizualnie o\u015b czasu w ci\u0105gu kilku minut. Nie jest wymagana \u017cadna wiedza programistyczna \u2013 wystarczy skorzysta\u0107 z intuicyjnego edytora, aby dostosowa\u0107 o\u015b czasu i od razu zacz\u0105\u0107 anga\u017cowa\u0107 odwiedzaj\u0105cych!<\/li> <li><b>Zaawansowane opcje dostosowywania<\/b><br> Spersonalizuj projekt osi czasu, aby pasowa\u0142 do marki Twojego sklepu. Dzi\u0119ki r\u00f3\u017cnorodnym szablonom, kolorom, czcionkom i ustawieniom mo\u017cesz stworzy\u0107 unikalne i dostosowane do potrzeb odwiedzaj\u0105cych.<\/li> <li><b>P\u0142ynny proces osadzania<\/b><br> Z \u0142atwo\u015bci\u0105 zintegruj o\u015b czasu ze swoim sklepem PrestaShop za pomoc\u0105 prostego kodu HTML do osadzania \u2013 nie jest wymagana \u017cadna wiedza techniczna.<\/li> <li><b>Elastyczna obs\u0142uga klienta<\/b><br> Dedykowany zesp\u00f3\u0142 Ekfsight jest tutaj, aby pom\u00f3c Ci w procesie konfiguracji, zapewniaj\u0105c p\u0142ynne i niezawodne dzia\u0142anie osi czasu jest zoptymalizowany dla Twojego sklepu.<\/li> <\/ul> <p><b>Zacznij u\u017cywa\u0107 wid\u017cetu O\u015b czasu PrestaShop Elfsight, aby zaprezentowa\u0107 swoje kamienie milowe i wydarzenia w wci\u0105gaj\u0105cy i interaktywny spos\u00f3b!<\/b><\/p> <\/div><div class=\"application-platform-content-item-features application-platform-content-item\" id=\"features\" data-nav-section=\"features\"><h2>Co mo\u017cesz zrobi\u0107 dzi\u0119ki Osi czasu PrestaShop<\/h2> <ul> <li><strong>Zaanga\u017cuj odwiedzaj\u0105cych wizualnie<\/strong><br> Przedstaw najwa\u017cniejsze kamienie milowe, wydarzenia lub \u015bcie\u017cki produktu w dynamicznym formacie. Wizualna o\u015b czasu pomaga u\u017cytkownikom anga\u017cowa\u0107 si\u0119 w Twoje tre\u015bci i zach\u0119ca ich do dalszego odkrywania.<\/li> <li><strong>Pokazuj kamienie milowe i post\u0119py<\/strong><br> Przedstaw etapy rozwoju produktu, rozwoju firmy lub najwa\u017cniejsze wydarzenia w przejrzystym formacie chronologicznym, dzi\u0119ki czemu odbiorcy s\u0105 poinformowani i zaintrygowani.<\/li> <li><strong>Podkre\u015bl kluczowe osi\u0105gni\u0119cia<\/strong><br> Podkre\u015blaj wa\u017cne kamienie milowe, premiery produkt\u00f3w lub osi\u0105gni\u0119cia firmy za pomoc\u0105 atrakcyjnej wizualnie osi czasu, kt\u00f3ra tworzy trwa\u0142\u0105 wp\u0142yw.<\/li> <\/ul> <p><a href=\"#demo\">Wypr\u00f3buj edytor, aby pozna\u0107 pe\u0142n\u0105 funkcjonalno\u015b\u0107 wid\u017cetu O\u015b czasu.<\/a><\/p> <\/div><div class=\"application-platform-content-item-installation application-platform-content-item\" id=\"installation\" data-nav-section=\"installation\"><h2>Jak osadzi\u0107 o\u015b czasu w PrestaShop<\/h2> <p>Dodanie wid\u017cetu O\u015b czasu do witryny PrestaShop jest szybkie i \u0142atwe, a nie wymaga \u017cadnego do\u015bwiadczenia w kodowaniu. Wykonaj te proste kroki:<\/p> <ol> <li><b>Utw\u00f3rz w\u0142asn\u0105 o\u015b czasu PrestaShop<\/b><br> Wybierz szablon w edytorze i dostosuj go do swoich potrzeb i stylu swojego sklepu. Dostosuj projekt, dodaj kamienie milowe i ulepsz uk\u0142ad.<\/li> <li><b>Uzyskaj sw\u00f3j unikalny kod do umieszczenia na stronie<\/b><br> Po dostosowaniu osi czasu otrzymasz kod HTML, kt\u00f3ry mo\u017cesz skopiowa\u0107 do p\u00f3\u017aniejszego wykorzystania.<\/li> <li><b>Osad\u017a kod w swoim sklepie PrestaShop<\/b><br> Wklej kod osadzania HTML w wybranej sekcji swojej witryny. Zapisz zmiany, a Twoja o\u015b czasu b\u0119dzie aktywna!<\/li> <li><b>Gotowe! Ciesz si\u0119 now\u0105 interaktywn\u0105 osi\u0105 czasu!<\/b><br> Odwied\u017a swoj\u0105 witryn\u0119, aby zobaczy\u0107 o\u015b czasu w akcji i zacznij anga\u017cowa\u0107 odwiedzaj\u0105cych w atrakcyjny wizualnie spos\u00f3b!<\/li> <\/ol> <p>Aby uzyska\u0107 bardziej szczeg\u00f3\u0142owe instrukcje, zapoznaj si\u0119 z naszym przewodnikiem na temat <a href=\"https:\/\/elfsight.com\/blog\/how-to-embed-timeline-to-website\/\" target=\"_blank\" rel=\"noopener\">jak doda\u0107 o\u015b czasu do swojej witryny strona internetowa<\/a>.<\/p> <\/div><div class=\"faq\" data-component=\"FAQ\"><div class=\"faq-item\">\r\n\t\t\t\t\t<div class=\"faq-item-question\">\r\n\t\t\t\t\t\t<h3 class=\"faq-item-question-text\">Czy dodatek O\u015b czasu do PrestaShop jest bezp\u0142atny?<\/h3>\r\n\r\n\t\t\t\t\t\t<div class=\"faq-item-question-icon\"><\/div>\r\n\t\t\t\t\t<\/div>\r\n\r\n\t\t\t\t\t<div class=\"faq-item-answer\">\r\n\t\t\t\t\t\t<div class=\"faq-item-answer-text\">Tak, Elfsight oferuje bezp\u0142atny plan, kt\u00f3ry zapewnia dost\u0119p do podstawowych funkcji wid\u017cetu O\u015b czasu. W p\u0142atnych planach dost\u0119pne s\u0105 zaawansowane opcje zapewniaj\u0105ce wi\u0119ksz\u0105 personalizacj\u0119 i funkcjonalno\u015b\u0107.<\/div>\r\n\t\t\t\t\t<\/div>\r\n\t\t\t\t<\/div><div class=\"faq-item\">\r\n\t\t\t\t\t<div class=\"faq-item-question\">\r\n\t\t\t\t\t\t<h3 class=\"faq-item-question-text\">Czy potrzebuj\u0119 umiej\u0119tno\u015bci kodowania, aby korzysta\u0107 z wid\u017cetu O\u015b czasu dla PrestaShop?<\/h3>\r\n\r\n\t\t\t\t\t\t<div class=\"faq-item-question-icon\"><\/div>\r\n\t\t\t\t\t<\/div>\r\n\r\n\t\t\t\t\t<div class=\"faq-item-answer\">\r\n\t\t\t\t\t\t<div class=\"faq-item-answer-text\">Nie, wid\u017cet O\u015b czasu dla PrestaShop zosta\u0142 zaprojektowany tak, aby by\u0142 przyjazny dla u\u017cytkownika i nie wymaga umiej\u0119tno\u015bci kodowania. Mo\u017cesz dostosowa\u0107 i osadzi\u0107 o\u015b czasu za pomoc\u0105 intuicyjnego edytora.<\/div>\r\n\t\t\t\t\t<\/div>\r\n\t\t\t\t<\/div><div class=\"faq-item\">\r\n\t\t\t\t\t<div class=\"faq-item-question\">\r\n\t\t\t\t\t\t<h3 class=\"faq-item-question-text\">Jak utworzy\u0107 interaktywn\u0105 o\u015b czasu dla PrestaShop?<\/h3>\r\n\r\n\t\t\t\t\t\t<div class=\"faq-item-question-icon\"><\/div>\r\n\t\t\t\t\t<\/div>\r\n\r\n\t\t\t\t\t<div class=\"faq-item-answer\">\r\n\t\t\t\t\t\t<div class=\"faq-item-answer-text\">Po prostu wybierz szablon w edytorze, dostosuj go do swoich potrzeb i u\u017cyj dostarczonego kodu osadzania HTML, aby doda\u0107 o\u015b czasu do swojego sklepu PrestaShop.<\/div>\r\n\t\t\t\t\t<\/div>\r\n\t\t\t\t<\/div><div class=\"faq-item\">\r\n\t\t\t\t\t<div class=\"faq-item-question\">\r\n\t\t\t\t\t\t<h3 class=\"faq-item-question-text\">Jakie rodzaje osi czasu mog\u0119 utworzy\u0107 dla PrestaShop?<\/h3>\r\n\r\n\t\t\t\t\t\t<div class=\"faq-item-question-icon\"><\/div>\r\n\t\t\t\t\t<\/div>\r\n\r\n\t\t\t\t\t<div class=\"faq-item-answer\">\r\n\t\t\t\t\t\t<div class=\"faq-item-answer-text\">Mo\u017cesz utworzy\u0107 r\u00f3\u017cne typy osi czasu dla Twojego sklepu, w tym:<ul> <li><strong>Podr\u00f3\u017c produktu<\/strong>: Przedstaw najwa\u017cniejsze kamienie milowe w rozwoju lub ewolucji produktu.<\/li> <li><strong>Historia firmy<\/strong>: Wy\u015bwietlaj rozw\u00f3j i osi\u0105gni\u0119cia firmy na przestrzeni czasu.<\/li> <li><strong>Post\u0119p projektu<\/strong>: \u015aled\u017a i przedstawiaj etapy trwaj\u0105cego lub uko\u0144czonego projektu.<\/li> <li><strong>O\u015b czasu wydarzenia<\/strong>: przedstawiaj kluczowe wydarzenia, produkt premiery lub wydarzenia sprzeda\u017cowe w porz\u0105dku chronologicznym.<\/li> <\/ul> <\/div>\r\n\t\t\t\t\t<\/div>\r\n\t\t\t\t<\/div> <\/div>","protected":false},"excerpt":{"rendered":"","protected":false},"author":9,"featured_media":0,"parent":9819,"menu_order":0,"comment_status":"closed","ping_status":"closed","template":"templates\/template-application-platform.php","meta":{"publish_to_discourse":"","publish_post_category":"","wpdc_auto_publish_overridden":"","wpdc_topic_tags":"","wpdc_pin_topic":"","wpdc_pin_until":"","discourse_post_id":"","discourse_permalink":"","wpdc_publishing_response":"","wpdc_publishing_error":"","footnotes":""},"class_list":["post-9834","page","type-page","status-publish","hentry"],"yoast_head":"<!-- This site is optimized with the Yoast SEO plugin v25.3.1 - https:\/\/yoast.com\/wordpress\/plugins\/seo\/ -->\n<title>O\u015b czasu PrestaShop \u2013 utw\u00f3rz lini\u0119 historii dla witryny internetowej [BEZP\u0141ATNIE]<\/title>\n<meta name=\"description\" content=\"Dodaj niestandardow\u0105 o\u015b czasu do swojego sklepu PrestaShop. Wy\u015bwietlaj najwa\u017cniejsze kamienie milowe produkt\u00f3w, osi\u0105gni\u0119cia firmy lub wydarzenia za pomoc\u0105 konfigurowalnego wid\u017cetu Osi czasu niewymagaj\u0105cego kodu.\" \/>\n<meta name=\"robots\" content=\"index, follow, max-snippet:-1, max-image-preview:large, max-video-preview:-1\" \/>\n<link rel=\"canonical\" href=\"https:\/\/elfsight.com\/pl\/timeline-widget\/prestashop\/\" \/>\n<meta property=\"og:locale\" content=\"pl_PL\" \/>\n<meta property=\"og:type\" content=\"article\" \/>\n<meta property=\"og:title\" content=\"O\u015b czasu PrestaShop \u2013 utw\u00f3rz lini\u0119 historii dla witryny internetowej [BEZP\u0141ATNIE]\" \/>\n<meta property=\"og:description\" content=\"Dodaj niestandardow\u0105 o\u015b czasu do swojego sklepu PrestaShop. Wy\u015bwietlaj najwa\u017cniejsze kamienie milowe produkt\u00f3w, osi\u0105gni\u0119cia firmy lub wydarzenia za pomoc\u0105 konfigurowalnego wid\u017cetu Osi czasu niewymagaj\u0105cego kodu.\" \/>\n<meta property=\"og:url\" content=\"https:\/\/elfsight.com\/pl\/timeline-widget\/prestashop\/\" \/>\n<meta property=\"og:site_name\" content=\"Elfsight PL\" \/>\n<meta property=\"article:modified_time\" content=\"2025-06-17T14:07:52+00:00\" \/>\n<meta name=\"twitter:card\" content=\"summary_large_image\" \/>\n<meta name=\"twitter:label1\" content=\"Szacowany czas czytania\" \/>\n\t<meta name=\"twitter:data1\" content=\"4 minuty\" \/>\n<!-- \/ Yoast SEO plugin. -->","yoast_head_json":{"title":"O\u015b czasu PrestaShop \u2013 utw\u00f3rz lini\u0119 historii dla witryny internetowej [BEZP\u0141ATNIE]","description":"Dodaj niestandardow\u0105 o\u015b czasu do swojego sklepu PrestaShop. Wy\u015bwietlaj najwa\u017cniejsze kamienie milowe produkt\u00f3w, osi\u0105gni\u0119cia firmy lub wydarzenia za pomoc\u0105 konfigurowalnego wid\u017cetu Osi czasu niewymagaj\u0105cego kodu.","robots":{"index":"index","follow":"follow","max-snippet":"max-snippet:-1","max-image-preview":"max-image-preview:large","max-video-preview":"max-video-preview:-1"},"canonical":"https:\/\/elfsight.com\/pl\/timeline-widget\/prestashop\/","og_locale":"pl_PL","og_type":"article","og_title":"O\u015b czasu PrestaShop \u2013 utw\u00f3rz lini\u0119 historii dla witryny internetowej [BEZP\u0141ATNIE]","og_description":"Dodaj niestandardow\u0105 o\u015b czasu do swojego sklepu PrestaShop. Wy\u015bwietlaj najwa\u017cniejsze kamienie milowe produkt\u00f3w, osi\u0105gni\u0119cia firmy lub wydarzenia za pomoc\u0105 konfigurowalnego wid\u017cetu Osi czasu niewymagaj\u0105cego kodu.","og_url":"https:\/\/elfsight.com\/pl\/timeline-widget\/prestashop\/","og_site_name":"Elfsight PL","article_modified_time":"2025-06-17T14:07:52+00:00","twitter_card":"summary_large_image","twitter_misc":{"Szacowany czas czytania":"4 minuty"},"schema":{"@context":"https:\/\/schema.org","@graph":[{"@type":"WebPage","@id":"https:\/\/elfsight.com\/pl\/timeline-widget\/prestashop\/","url":"https:\/\/elfsight.com\/pl\/timeline-widget\/prestashop\/","name":"O\u015b czasu PrestaShop \u2013 utw\u00f3rz lini\u0119 historii dla witryny internetowej [BEZP\u0141ATNIE]","isPartOf":{"@id":"https:\/\/elfsight.com\/pl\/#website"},"datePublished":"2025-03-11T09:15:09+00:00","dateModified":"2025-06-17T14:07:52+00:00","description":"Dodaj niestandardow\u0105 o\u015b czasu do swojego sklepu PrestaShop. Wy\u015bwietlaj najwa\u017cniejsze kamienie milowe produkt\u00f3w, osi\u0105gni\u0119cia firmy lub wydarzenia za pomoc\u0105 konfigurowalnego wid\u017cetu Osi czasu niewymagaj\u0105cego kodu.","breadcrumb":{"@id":"https:\/\/elfsight.com\/pl\/timeline-widget\/prestashop\/#breadcrumb"},"inLanguage":"pl-PL","potentialAction":[{"@type":"ReadAction","target":["https:\/\/elfsight.com\/pl\/timeline-widget\/prestashop\/"]}]},{"@type":"BreadcrumbList","@id":"https:\/\/elfsight.com\/pl\/timeline-widget\/prestashop\/#breadcrumb","itemListElement":[{"@type":"ListItem","position":1,"name":"Home","item":"https:\/\/elfsight.com\/pl\/"},{"@type":"ListItem","position":2,"name":"Timeline","item":"https:\/\/elfsight.com\/pl\/timeline-widget\/"},{"@type":"ListItem","position":3,"name":"Timeline &#8211; PrestaShop"}]},{"@type":"WebSite","@id":"https:\/\/elfsight.com\/pl\/#website","url":"https:\/\/elfsight.com\/pl\/","name":"Elfsight PL","description":"Just another Elfsight Sites site","potentialAction":[{"@type":"SearchAction","target":{"@type":"EntryPoint","urlTemplate":"https:\/\/elfsight.com\/pl\/?s={search_term_string}"},"query-input":{"@type":"PropertyValueSpecification","valueRequired":true,"valueName":"search_term_string"}}],"inLanguage":"pl-PL"}]}},"meta_box":{"industry":"","seo_heading":"","heading":"","description":"","cta_heading":"","cta_description":"","application":"9818","h1":"Dodatek osi czasu dla PrestaShop","h1_caption":"Zaprezentuj wci\u0105gaj\u0105c\u0105 chronologi\u0119 osi\u0105gni\u0119\u0107, aby odkry\u0107 swoj\u0105 narracj\u0119, kamienie milowe post\u0119pu lub wydarzenia za pomoc\u0105 interaktywnej osi czasu na swojej stronie PrestaShop.","application_category":[],"applications_title":"","applications_request_title":"","applications_request_button_text":"","hero_text":"","hero_video":"","hero_video_schema_markup":"","selling_points_title":"","selling_points_caption":"","selling_points":[],"selling_points_cta_text":"","features_title":"","features":"","ed_cta_examples_text":"","ed_cta_examples_hidden":"","ed_cta_demo_text":"","ed_cta_demo_hidden":"","why_caption":"","why_editor_title":"","why_editor_text":"","why_team_title":"","why_team_text":"","why_service_title":"","why_service_text":"","template_catalog_visible":"","template_catalog_title":"","template_catalog_text":"","template_catalog_categories_visible":"","demo_title":"Utw\u00f3rz dodatek do osi czasu PrestaShop","demo_caption":"Dostosuj o\u015b czasu i z \u0142atwo\u015bci\u0105 dodaj j\u0105 do swojej witryny!","default_faq_hidden":"","app_template_category":[],"platform":"586","template_public_id":"","codecanyon_url":"","codecanyon_item_id":"","codecanyon_price":"","pricing_caption":"","pricing_elfsight_apps_hide_column":"","pricing_elfsight_apps_url":"","pricing_codecanyon_price_caption":"","integration_category":[],"integration_request_title":"","integration_request_cta":"","integration_platform":"","integrations":[],"platform_category":[],"video_schema_markup":"","price":"od 0 USD \/ miesi\u0105c","trial":"","benefits":[],"button_url":"#demo","button_target_blank":"0","button_nofollow":"0","attributes":[{"name":"Instaluje","content":"50,000 - 100,000","_state":"expanded"},{"name":"Czu\u0142y","content":"Tak","_state":"expanded"},{"name":"Kompatybilne przegl\u0105darki","content":"Firefox, Safari, Opera, Chrome, Edge","_state":"expanded"}],"tags":[],"tags_disable_links":"","hide_more_platforms":"","video_object":"","demo_hide_cta":"0","demo_hide_cloud_options":"","pricing_title":"","pricing":[{"pricing_icon":"platform","pricing_title":"Elfsight Apps","pricing_title_caption":"Oprogramowanie wieloplatformowe, kt\u00f3re pasuje do ka\u017cdej witryny","pricing_price":"od 0 USD \/ miesi\u0105c","pricing_price_caption":"zacznij od darmowego planu","pricing_benefits":"[object Object],[object Object],[object Object],[object Object]","pricing_button_text":"Dodaj do witryny","pricing_button_url":"#demo"}],"related_apps_title":"","related_apps_hidden":"","author":"","image":[],"title":"","job":"","social_networks":[]},"_links":{"self":[{"href":"https:\/\/elfsight.com\/pl\/wp-json\/wp\/v2\/pages\/9834","targetHints":{"allow":["GET"]}}],"collection":[{"href":"https:\/\/elfsight.com\/pl\/wp-json\/wp\/v2\/pages"}],"about":[{"href":"https:\/\/elfsight.com\/pl\/wp-json\/wp\/v2\/types\/page"}],"author":[{"embeddable":true,"href":"https:\/\/elfsight.com\/pl\/wp-json\/wp\/v2\/users\/9"}],"replies":[{"embeddable":true,"href":"https:\/\/elfsight.com\/pl\/wp-json\/wp\/v2\/comments?post=9834"}],"version-history":[{"count":1,"href":"https:\/\/elfsight.com\/pl\/wp-json\/wp\/v2\/pages\/9834\/revisions"}],"predecessor-version":[{"id":9838,"href":"https:\/\/elfsight.com\/pl\/wp-json\/wp\/v2\/pages\/9834\/revisions\/9838"}],"up":[{"embeddable":true,"href":"https:\/\/elfsight.com\/pl\/wp-json\/wp\/v2\/pages\/9819"}],"wp:attachment":[{"href":"https:\/\/elfsight.com\/pl\/wp-json\/wp\/v2\/media?parent=9834"}],"curies":[{"name":"wp","href":"https:\/\/api.w.org\/{rel}","templated":true}]}}