{"id":9833,"date":"2025-03-12T08:34:08","date_gmt":"2025-03-12T08:34:08","guid":{"rendered":"https:\/\/elfsight.com\/pl\/?page_id=9833"},"modified":"2025-06-17T14:07:52","modified_gmt":"2025-06-17T14:07:52","slug":"facebook","status":"publish","type":"page","link":"https:\/\/elfsight.com\/pl\/timeline-widget\/facebook\/","title":{"rendered":"Timeline &#8211; Facebook"},"content":{"rendered":"<div class=\"application-platform-content-item-description application-platform-content-item\" id=\"description\" data-nav-section=\"description\"><h2>Kreator osi czasu dla stron na Facebooku<\/h2><p>Dodaj interaktywn\u0105 o\u015b czasu do swoich stron na Facebooku, aby wyr\u00f3\u017cnia\u0107 kamienie milowe, wydarzenia lub etapy zada\u0144 bez konieczno\u015bci kodowania. Wid\u017cet Osi czasu Elfsight umo\u017cliwia osadzanie dostosowywalnych punkt\u00f3w, kt\u00f3re anga\u017cuj\u0105 odbiorc\u00f3w. Niezale\u017cnie od tego, czy udost\u0119pniasz histori\u0119 swojej marki, \u015bledzisz fazy projektu czy podkre\u015blasz kamienie milowe produktu, ten wid\u017cet u\u0142atwia zaprojektowanie osi czasu dostosowanej do Twoich cel\u00f3w.<\/p><ul><li><b>Tw\u00f3rz interaktywne osie czasu bez kodu<\/b><br>Zbuduj w pe\u0142ni funkcjonaln\u0105 o\u015b czasu w ci\u0105gu kilku minut, bez konieczno\u015bci posiadania specjalistycznej wiedzy technicznej, i od razu zacznij przyci\u0105ga\u0107 uwag\u0119 odwiedzaj\u0105cych.<\/li><li><b>Zaawansowane opcje dostosowywania<\/b><br>Dostosuj projekt i uk\u0142ad osi czasu z r\u00f3\u017cnymi konfigurowalnymi szablonami, kolorami, czcionkami i ustawieniami zapewniaj\u0105cymi wyj\u0105tkowe, wci\u0105gaj\u0105ce wra\u017cenia.<\/li><li><b>P\u0142ynny proces osadzania<\/b><br>\u0141atwo osadzaj o\u015b czasu na swoich stronach na Facebooku za pomoc\u0105 prostego kodu HTML, bez \u017cadnych problem\u00f3w technicznych.<\/li><li><b>Elastyczna obs\u0142uga klienta<\/b><br>Nasz oddany zesp\u00f3\u0142 pomocy technicznej jest dost\u0119pny, aby pom\u00f3c Ci w konfiguracji, zapewniaj\u0105c bezproblemowe dzia\u0142anie o\u015b czasu na Twoim urz\u0105dzeniu strona.<\/li><\/ul><p><b>Wypr\u00f3buj o\u015b czasu Elfsight, aby zaanga\u017cowa\u0107 odbiorc\u00f3w i zaprezentowa\u0107 swoje kamienie milowe w atrakcyjny wizualnie spos\u00f3b!<\/b><\/p><\/div><div class=\"application-platform-content-item-features application-platform-content-item\" id=\"features\" data-nav-section=\"features\"><h2>Co mo\u017cesz zrobi\u0107 z osi\u0105 czasu stron na Facebooku<\/h2><ul><li><strong>Zaanga\u017cuj odwiedzaj\u0105cych wizualnie<\/strong><br>Przechwytuj przykuj uwag\u0119 odbiorc\u00f3w dzi\u0119ki dynamicznej, interaktywnej osi czasu przedstawiaj\u0105cej najwa\u017cniejsze etapy w \u0142atwym do zrozumienia formacie. Wizualna o\u015b czasu utrzymuje zaanga\u017cowanie odwiedzaj\u0105cych i zach\u0119ca ich do dalszego odkrywania Twojej historii.<\/li><li><strong>Pokazuj post\u0119py i wydarzenia<\/strong><br>U\u017cyj osi czasu, aby przedstawi\u0107 wydarzenia w porz\u0105dku chronologicznym, pomagaj\u0105c odwiedzaj\u0105cym \u015bledzi\u0107 Twoj\u0105 podr\u00f3\u017c. Dzi\u0119ki temu Twoi odbiorcy s\u0105 zaanga\u017cowani i informowani o Twoich najnowszych osi\u0105gni\u0119ciach.<\/li><li><strong>Podkre\u015bl kluczowe osi\u0105gni\u0119cia<\/strong><br>Skoncentruj si\u0119 na najwa\u017cniejszych kamieniach milowych. Prezentuj swoje najwa\u017cniejsze osi\u0105gni\u0119cia w anga\u017cuj\u0105cym, przejrzystym formacie, kt\u00f3ry przemawia do odbiorc\u00f3w.<\/li><\/ul><p><a href=\"#demo\">Sprawd\u017a edytor, aby zobaczy\u0107 pe\u0142ny potencja\u0142.<\/a><\/p><\/div><div class=\"application-platform-content-item-installation application-platform-content-item\" id=\"installation\" data-nav-section=\"installation\"> <h2>Jak osadzi\u0107 o\u015b czasu na stronach na Facebooku<\/h2><p>Dodanie osi czasu do stron na Facebooku polega na proste i nie wymaga \u017cadnego kodowania. Aby rozpocz\u0105\u0107, wykonaj nast\u0119puj\u0105ce proste kroki:<\/p><ol><li><b>Utw\u00f3rz niestandardow\u0105 o\u015b czasu<\/b><br>Zacznij od wybrania szablonu w naszym edytorze i dostosuj go do swoich potrzeb.<\/li><li><b>Uzyskaj sw\u00f3j unikalny kod do umieszczenia na stronie<\/b><br>Po dostosowaniu osi czasu otrzymasz spersonalizowany kod HTML. Skopiuj ten kod do p\u00f3\u017aniejszego wykorzystania.<\/li><li><b>Osad\u017a kod na swojej stronie<\/b><br>Wstaw kod HTML w odpowiedniej sekcji swojej strony i zapisz zmiany. Twoja o\u015b czasu b\u0119dzie aktywna!<\/li><li><b>Ciesz si\u0119 now\u0105 interaktywn\u0105 osi\u0105 czasu!<\/b><br>Odwied\u017a swoj\u0105 stron\u0119, aby zobaczy\u0107 o\u015b czasu w akcji i zaanga\u017cowa\u0107 odbiorc\u00f3w swoj\u0105 histori\u0105!<\/li><\/ol><p>Aby uzyska\u0107 bardziej szczeg\u00f3\u0142owe instrukcje, zapoznaj si\u0119 z naszym przewodnikiem na temat <a href=\"https:\/\/elfsight.com\/blog\/how-to-embed-timeline-to-website\/\">jak doda\u0107 o\u015b czasu do swojej witryny strona.<\/a><\/p><\/div><div class=\"faq\" data-component=\"FAQ\"><div class=\"faq-item\">\r\n\t\t\t\t\t<div class=\"faq-item-question\">\r\n\t\t\t\t\t\t<h3 class=\"faq-item-question-text\">Czy wid\u017cet O\u015b czasu dla stron na Facebooku jest bezp\u0142atny? <\/h3>\r\n\r\n\t\t\t\t\t\t<div class=\"faq-item-question-icon\"><\/div>\r\n\t\t\t\t\t<\/div>\r\n\r\n\t\t\t\t\t<div class=\"faq-item-answer\">\r\n\t\t\t\t\t\t<div class=\"faq-item-answer-text\">Tak, Elfsight oferuje model subskrypcji z dost\u0119pnym planem bezp\u0142atnym. Mo\u017cesz bezp\u0142atnie korzysta\u0107 z wid\u017cetu O\u015b czasu dla stron na Facebooku, uzyskuj\u0105c dost\u0119p do wszystkich niezb\u0119dnych funkcji. Aby odblokowa\u0107 bardziej zaawansowane funkcje, dost\u0119pne s\u0105 plany premium. <\/div>\r\n\t\t\t\t\t<\/div>\r\n\t\t\t\t<\/div><div class=\"faq-item\">\r\n\t\t\t\t\t<div class=\"faq-item-question\">\r\n\t\t\t\t\t\t<h3 class=\"faq-item-question-text\">Czy potrzebuj\u0119 umiej\u0119tno\u015bci kodowania, aby korzysta\u0107 z wid\u017cetu O\u015b czasu? <\/h3>\r\n\r\n\t\t\t\t\t\t<div class=\"faq-item-question-icon\"><\/div>\r\n\t\t\t\t\t<\/div>\r\n\r\n\t\t\t\t\t<div class=\"faq-item-answer\">\r\n\t\t\t\t\t\t<div class=\"faq-item-answer-text\">Nie s\u0105 wymagane \u017cadne umiej\u0119tno\u015bci kodowania. Wid\u017cet O\u015b czasu firmy Elfsight umo\u017cliwia tworzenie, dostosowywanie i osadzanie osi czasu za pomoc\u0105 \u0142atwego w obs\u0142udze edytora.<\/div>\r\n\t\t\t\t\t<\/div>\r\n\t\t\t\t<\/div><div class=\"faq-item\">\r\n\t\t\t\t\t<div class=\"faq-item-question\">\r\n\t\t\t\t\t\t<h3 class=\"faq-item-question-text\">Jak utworzy\u0107 interaktywn\u0105 o\u015b czasu dla stron na Facebooku? <\/h3>\r\n\r\n\t\t\t\t\t\t<div class=\"faq-item-question-icon\"><\/div>\r\n\t\t\t\t\t<\/div>\r\n\r\n\t\t\t\t\t<div class=\"faq-item-answer\">\r\n\t\t\t\t\t\t<div class=\"faq-item-answer-text\">Wystarczy wybra\u0107 szablon w edytorze, spersonalizowa\u0107 go za pomoc\u0105 tre\u015bci i osadzi\u0107 na swojej stronie na Facebooku, korzystaj\u0105c z dostarczonego unikalnego kodu HTML. <\/div>\r\n\t\t\t\t\t<\/div>\r\n\t\t\t\t<\/div><div class=\"faq-item\">\r\n\t\t\t\t\t<div class=\"faq-item-question\">\r\n\t\t\t\t\t\t<h3 class=\"faq-item-question-text\">Jakie typy osi czasu mog\u0119 utworzy\u0107? <\/h3>\r\n\r\n\t\t\t\t\t\t<div class=\"faq-item-question-icon\"><\/div>\r\n\t\t\t\t\t<\/div>\r\n\r\n\t\t\t\t\t<div class=\"faq-item-answer\">\r\n\t\t\t\t\t\t<div class=\"faq-item-answer-text\">Mo\u017cesz utworzy\u0107 szerok\u0105 gam\u0119 osi czasu: historia firmy, rozw\u00f3j produktu, post\u0119p projektu, harmonogramy wydarze\u0144 i inne. Widget O\u015b czasu Elfsight jest wszechstronny i mo\u017cna go dostosowa\u0107 do konkretnych potrzeb. <\/div>\r\n\t\t\t\t\t<\/div>\r\n\t\t\t\t<\/div><\/div><p><\/p>","protected":false},"excerpt":{"rendered":"","protected":false},"author":9,"featured_media":0,"parent":9819,"menu_order":0,"comment_status":"closed","ping_status":"closed","template":"templates\/template-application-platform.php","meta":{"publish_to_discourse":"","publish_post_category":"","wpdc_auto_publish_overridden":"","wpdc_topic_tags":"","wpdc_pin_topic":"","wpdc_pin_until":"","discourse_post_id":"","discourse_permalink":"","wpdc_publishing_response":"","wpdc_publishing_error":"","footnotes":""},"class_list":["post-9833","page","type-page","status-publish","hentry"],"yoast_head":"<!-- This site is optimized with the Yoast SEO plugin v25.3.1 - https:\/\/yoast.com\/wordpress\/plugins\/seo\/ -->\n<title>Wid\u017cet osi czasu \u2014 dodaj interaktywn\u0105 o\u015b czasu do stron na Facebooku<\/title>\n<meta name=\"description\" content=\"Utw\u00f3rz niestandardow\u0105 o\u015b czasu na stronach Facebooka za pomoc\u0105 wid\u017cetu O\u015b czasu firmy Efsight. Prezentuj najwa\u017cniejsze wydarzenia, kamienie milowe i osi\u0105gni\u0119cia \u2014 kodowanie nie jest wymagane.\" \/>\n<meta name=\"robots\" content=\"index, follow, max-snippet:-1, max-image-preview:large, max-video-preview:-1\" \/>\n<link rel=\"canonical\" href=\"https:\/\/elfsight.com\/pl\/timeline-widget\/facebook\/\" \/>\n<meta property=\"og:locale\" content=\"pl_PL\" \/>\n<meta property=\"og:type\" content=\"article\" \/>\n<meta property=\"og:title\" content=\"Wid\u017cet osi czasu \u2014 dodaj interaktywn\u0105 o\u015b czasu do stron na Facebooku\" \/>\n<meta property=\"og:description\" content=\"Utw\u00f3rz niestandardow\u0105 o\u015b czasu na stronach Facebooka za pomoc\u0105 wid\u017cetu O\u015b czasu firmy Efsight. Prezentuj najwa\u017cniejsze wydarzenia, kamienie milowe i osi\u0105gni\u0119cia \u2014 kodowanie nie jest wymagane.\" \/>\n<meta property=\"og:url\" content=\"https:\/\/elfsight.com\/pl\/timeline-widget\/facebook\/\" \/>\n<meta property=\"og:site_name\" content=\"Elfsight PL\" \/>\n<meta property=\"article:modified_time\" content=\"2025-06-17T14:07:52+00:00\" \/>\n<meta name=\"twitter:card\" content=\"summary_large_image\" \/>\n<meta name=\"twitter:label1\" content=\"Szacowany czas czytania\" \/>\n\t<meta name=\"twitter:data1\" content=\"3 minuty\" \/>\n<!-- \/ Yoast SEO plugin. -->","yoast_head_json":{"title":"Wid\u017cet osi czasu \u2014 dodaj interaktywn\u0105 o\u015b czasu do stron na Facebooku","description":"Utw\u00f3rz niestandardow\u0105 o\u015b czasu na stronach Facebooka za pomoc\u0105 wid\u017cetu O\u015b czasu firmy Efsight. Prezentuj najwa\u017cniejsze wydarzenia, kamienie milowe i osi\u0105gni\u0119cia \u2014 kodowanie nie jest wymagane.","robots":{"index":"index","follow":"follow","max-snippet":"max-snippet:-1","max-image-preview":"max-image-preview:large","max-video-preview":"max-video-preview:-1"},"canonical":"https:\/\/elfsight.com\/pl\/timeline-widget\/facebook\/","og_locale":"pl_PL","og_type":"article","og_title":"Wid\u017cet osi czasu \u2014 dodaj interaktywn\u0105 o\u015b czasu do stron na Facebooku","og_description":"Utw\u00f3rz niestandardow\u0105 o\u015b czasu na stronach Facebooka za pomoc\u0105 wid\u017cetu O\u015b czasu firmy Efsight. Prezentuj najwa\u017cniejsze wydarzenia, kamienie milowe i osi\u0105gni\u0119cia \u2014 kodowanie nie jest wymagane.","og_url":"https:\/\/elfsight.com\/pl\/timeline-widget\/facebook\/","og_site_name":"Elfsight PL","article_modified_time":"2025-06-17T14:07:52+00:00","twitter_card":"summary_large_image","twitter_misc":{"Szacowany czas czytania":"3 minuty"},"schema":{"@context":"https:\/\/schema.org","@graph":[{"@type":"WebPage","@id":"https:\/\/elfsight.com\/pl\/timeline-widget\/facebook\/","url":"https:\/\/elfsight.com\/pl\/timeline-widget\/facebook\/","name":"Wid\u017cet osi czasu \u2014 dodaj interaktywn\u0105 o\u015b czasu do stron na Facebooku","isPartOf":{"@id":"https:\/\/elfsight.com\/pl\/#website"},"datePublished":"2025-03-12T08:34:08+00:00","dateModified":"2025-06-17T14:07:52+00:00","description":"Utw\u00f3rz niestandardow\u0105 o\u015b czasu na stronach Facebooka za pomoc\u0105 wid\u017cetu O\u015b czasu firmy Efsight. Prezentuj najwa\u017cniejsze wydarzenia, kamienie milowe i osi\u0105gni\u0119cia \u2014 kodowanie nie jest wymagane.","breadcrumb":{"@id":"https:\/\/elfsight.com\/pl\/timeline-widget\/facebook\/#breadcrumb"},"inLanguage":"pl-PL","potentialAction":[{"@type":"ReadAction","target":["https:\/\/elfsight.com\/pl\/timeline-widget\/facebook\/"]}]},{"@type":"BreadcrumbList","@id":"https:\/\/elfsight.com\/pl\/timeline-widget\/facebook\/#breadcrumb","itemListElement":[{"@type":"ListItem","position":1,"name":"Home","item":"https:\/\/elfsight.com\/pl\/"},{"@type":"ListItem","position":2,"name":"Timeline","item":"https:\/\/elfsight.com\/pl\/timeline-widget\/"},{"@type":"ListItem","position":3,"name":"Timeline &#8211; Facebook"}]},{"@type":"WebSite","@id":"https:\/\/elfsight.com\/pl\/#website","url":"https:\/\/elfsight.com\/pl\/","name":"Elfsight PL","description":"Just another Elfsight Sites site","potentialAction":[{"@type":"SearchAction","target":{"@type":"EntryPoint","urlTemplate":"https:\/\/elfsight.com\/pl\/?s={search_term_string}"},"query-input":{"@type":"PropertyValueSpecification","valueRequired":true,"valueName":"search_term_string"}}],"inLanguage":"pl-PL"}]}},"meta_box":{"industry":"","seo_heading":"","heading":"","description":"","cta_heading":"","cta_description":"","application":"9818","h1":"Wid\u017cet osi czasu dla stron na Facebooku","h1_caption":"Wy\u015bwietlaj wci\u0105gaj\u0105c\u0105 chronologi\u0119 kamieni milowych, aby opowiedzie\u0107 swoj\u0105 histori\u0119, zaprezentowa\u0107 swoje post\u0119py lub wydarzenia za pomoc\u0105 interaktywnej osi czasu na stronach na Facebooku.","application_category":[],"applications_title":"","applications_request_title":"","applications_request_button_text":"","hero_text":"","hero_video":"","hero_video_schema_markup":"","selling_points_title":"","selling_points_caption":"","selling_points":[],"selling_points_cta_text":"","features_title":"","features":"","ed_cta_examples_text":"","ed_cta_examples_hidden":"","ed_cta_demo_text":"","ed_cta_demo_hidden":"","why_caption":"","why_editor_title":"","why_editor_text":"","why_team_title":"","why_team_text":"","why_service_title":"","why_service_text":"","template_catalog_visible":"","template_catalog_title":"","template_catalog_text":"","template_catalog_categories_visible":"","demo_title":"Utw\u00f3rz wid\u017cet osi czasu stron na Facebooku","demo_caption":"Dostosuj o\u015b czasu i z \u0142atwo\u015bci\u0105 dodaj j\u0105 do swojej witryny!","default_faq_hidden":"","app_template_category":[],"platform":"319","template_public_id":"","codecanyon_url":"","codecanyon_item_id":"","codecanyon_price":"","pricing_caption":"","pricing_elfsight_apps_hide_column":"","pricing_elfsight_apps_url":"","pricing_codecanyon_price_caption":"","integration_category":[],"integration_request_title":"","integration_request_cta":"","integration_platform":"","integrations":[],"platform_category":[],"video_schema_markup":"","price":"od 0 USD \/ miesi\u0105c","trial":"","benefits":[],"button_url":"#demo","button_target_blank":"0","button_nofollow":"0","attributes":[{"name":"Instaluje","content":"50,000 - 100,000","_state":"expanded"},{"name":"Czu\u0142y","content":"Tak","_state":"expanded"},{"name":"Kompatybilne przegl\u0105darki","content":"Firefox, Safari, Opera, Chrome, Edge","_state":"expanded"}],"tags":[],"tags_disable_links":"","hide_more_platforms":"","video_object":"","demo_hide_cta":"0","demo_hide_cloud_options":"","pricing_title":"","pricing":[{"pricing_icon":"platform","pricing_title":"Elfsight Apps","pricing_title_caption":"Oprogramowanie wieloplatformowe, kt\u00f3re pasuje do ka\u017cdej witryny","pricing_price":"od 0 USD \/ miesi\u0105c","pricing_price_caption":"zacznij od darmowego planu","pricing_benefits":"[object Object],[object Object],[object Object],[object Object]","pricing_button_text":"Dodaj do witryny","pricing_button_url":"#demo"}],"related_apps_title":"","related_apps_hidden":"","author":"","image":[],"title":"","job":"","social_networks":[]},"_links":{"self":[{"href":"https:\/\/elfsight.com\/pl\/wp-json\/wp\/v2\/pages\/9833","targetHints":{"allow":["GET"]}}],"collection":[{"href":"https:\/\/elfsight.com\/pl\/wp-json\/wp\/v2\/pages"}],"about":[{"href":"https:\/\/elfsight.com\/pl\/wp-json\/wp\/v2\/types\/page"}],"author":[{"embeddable":true,"href":"https:\/\/elfsight.com\/pl\/wp-json\/wp\/v2\/users\/9"}],"replies":[{"embeddable":true,"href":"https:\/\/elfsight.com\/pl\/wp-json\/wp\/v2\/comments?post=9833"}],"version-history":[{"count":1,"href":"https:\/\/elfsight.com\/pl\/wp-json\/wp\/v2\/pages\/9833\/revisions"}],"predecessor-version":[{"id":9837,"href":"https:\/\/elfsight.com\/pl\/wp-json\/wp\/v2\/pages\/9833\/revisions\/9837"}],"up":[{"embeddable":true,"href":"https:\/\/elfsight.com\/pl\/wp-json\/wp\/v2\/pages\/9819"}],"wp:attachment":[{"href":"https:\/\/elfsight.com\/pl\/wp-json\/wp\/v2\/media?parent=9833"}],"curies":[{"name":"wp","href":"https:\/\/api.w.org\/{rel}","templated":true}]}}