{"id":9807,"date":"2024-12-20T08:05:42","date_gmt":"2024-12-20T08:05:42","guid":{"rendered":"https:\/\/elfsight.com\/pl\/?page_id=9807"},"modified":"2025-09-19T11:02:17","modified_gmt":"2025-09-19T11:02:17","slug":"squarespace","status":"publish","type":"page","link":"https:\/\/elfsight.com\/pl\/announcement-bar-widget\/squarespace\/","title":{"rendered":"Announcement Bar &#8211; Squarespace"},"content":{"rendered":"<div class=\"application-platform-content-item-description application-platform-content-item\" id=\"description\" data-nav-section=\"description\"> <p>Wtyczka Bar og\u0142osze\u0144 pomaga firmom wy\u015bwietla\u0107 odwiedzaj\u0105cym wa\u017cne wiadomo\u015bci w widoczny i przyci\u0105gaj\u0105cy wzrok spos\u00f3b. Doskonale nadaje si\u0119 do informowania klient\u00f3w o ekskluzywnych ofertach, nadchodz\u0105cych ofertach specjalnych lub pilnych szczeg\u00f3\u0142ach, takich jak aktualizacje wysy\u0142ki. <p>Zwi\u0119ksz zaanga\u017cowanie, zach\u0119caj\u0105c odwiedzaj\u0105cych do podj\u0119cia dzia\u0142ania, np. dokonania zakupu lub zapisania si\u0119 na promocj\u0119. Dzi\u0119ki konfiguracji bez kodu wtyczka p\u0142ynnie integruje si\u0119 z Twoj\u0105 witryn\u0105. Jest w pe\u0142ni konfigurowalny, dzi\u0119ki czemu mo\u017cesz z \u0142atwo\u015bci\u0105 wybra\u0107 styl pasuj\u0105cy do Twojej marki.<\/p><p><b>Popraw widoczno\u015b\u0107 kluczowych komunikat\u00f3w, aby zwi\u0119kszy\u0107 zaufanie klient\u00f3w, dzi\u0119ki Paskowi Og\u0142osze\u0144.<\/b><\/p><\/div> <div class=\"application-platform-content-item-features application-platform-content-item\" id=\"features\" data-nav-section=\"features\"> <h2>Funkcje wtyczki paska og\u0142osze\u0144<\/h2> <p>To Wtyczka paska og\u0142osze\u0144 Elfsight zosta\u0142a zaprojektowana w celu zwi\u0119kszenia efektywno\u015bci reklam poprzez prezentacj\u0119 dynamicznych powiadomie\u0144 o wa\u017cnych aktualizacjach. Poni\u017cej znajduje si\u0119 szczeg\u00f3\u0142owa lista kluczowych funkcji wtyczki:<\/p><ul><li><b>Szybka i \u0142atwa konfiguracja.<\/b> \u0141atwa konfiguracja i \u0142atwa integracja, dzi\u0119ki czemu mo\u017cesz wdro\u017cy\u0107 aplikacj\u0119 na swojej stronie internetowej bez \u017cadnej wiedzy technicznej.<\/li><li><b>Przykuwaj\u0105ca wzrok, ale nieinwazyjna.<\/b> Konfigurowalne opcje projektowania pozwalaj\u0105 tworzy\u0107 efektowne og\u0142oszenia, zachowuj\u0105c jednocze\u015bnie przyjazno\u015b\u0107 dla u\u017cytkownika.<\/li><li><b>Zwi\u0119ksz sprzeda\u017c kluczowych produkt\u00f3w.<\/b> Korzy\u015bci U\u017cyj paska og\u0142osze\u0144, aby zaprezentowa\u0107 ekskluzywne oferty i promocje, skutecznie przyci\u0105gaj\u0105c uwag\u0119 do konkretnych produkt\u00f3w.<\/li><li><b>Wyr\u00f3\u017cnij nowo\u015bci i aktualizacje.<\/b> Zaprezentuj nowe premiery, uzupe\u0142nienia lub aktualizacje istniej\u0105cych produkt\u00f3w i utrzymuj zainteresowanie odwiedzaj\u0105cych \u015bwie\u017cymi i trafnymi tre\u015bciami.<\/li><li><b>Sp\u00f3jno\u015b\u0107 marki.<\/b> W pe\u0142ni konfigurowalny, aby pasowa\u0142 do wygl\u0105du i stylu Twojej witryny, tworz\u0105c p\u0142ynne i sp\u00f3jne do\u015bwiadczenie dla odbiorc\u00f3w <\/li><li><b>Dostosowywany projekt.<\/b> Z \u0142atwo\u015bci\u0105 dostosowuj szablony, kolory i tre\u015b\u0107, aby pasowa\u0142y do \u200b\u200bto\u017csamo\u015bci Twojej marki i zachowywa\u0142y profesjonalny wygl\u0105d.<\/li><\/ul><p><a href=\"#demo\">Wypr\u00f3buj edytor online, aby zobaczy\u0107, jak dzia\u0142a wtyczka<\/a><\/p><\/div> <div class=\"application-platform-content-item-installation application-platform-content-item\" id=\"installation\" data-nav-section=\"installation\"> <h2>Jak doda\u0107 pasek og\u0142osze\u0144 w Squarespace?<\/h2><div class=\"video-container\">\n<iframe width=\"720\" height=\"405\" src=\"https:\/\/www.youtube.com\/embed\/Y3tGoL_JO9U?si=4dTRB5A2RSdYtupt\" frameborder=\"0\" allowfullscreen=\"\"><\/iframe>\n<\/div><p>Aby umie\u015bci\u0107 wtyczk\u0119 paska og\u0142osze\u0144 w swojej witrynie, wykonaj nast\u0119puj\u0105ce proste kroki:<\/p> <ol><li>Uruchom edytor wtyczek i wybierz szablon pasuj\u0105cy do stylu Twojej witryny.<\/li><li>Dostosuj wtyczk\u0119, aktualizuj\u0105c jej komunikat, dzia\u0142anie i elementy wizualne, przycisk, pozycj\u0119 na stronie itp.<\/li><li>Zachowaj swoj\u0105 Wprowad\u017a zmiany i skopiuj dostarczony kod HTML. Umie\u015b\u0107 kod w edytorze swojej witryny i zastosuj zmiany.<\/li><\/ol><p>Rozumiem! Twoja wtyczka Squarespace Announcement Bar jest teraz aktywna!<\/p><p>Szczeg\u00f3\u0142owe instrukcje znajdziesz w naszym artykule na temat <a href=\"https:\/\/elfsight.com\/blog\/how-to-add-announcement-bar-on-squarespace\/\" target=\"_blank\" rel=\"noopener\">jak doda\u0107 wtyczk\u0119 Announcement Bar do Squarespace<\/a>.<\/p><p>Je\u015bli masz problemy z osadzeniem wtyczki w swojej witrynie, Po prostu skontaktuj si\u0119 z naszym zespo\u0142em obs\u0142ugi klienta. Ch\u0119tnie pomo\u017cemy Ci w dodaniu i dostosowaniu wtyczki paska og\u0142osze\u0144.<\/p><\/div><h2>FAQ<\/h2><div class=\"faq\" data-component=\"FAQ\"><div class=\"faq-item\">\r\n\t\t\t\t\t<div class=\"faq-item-question\">\r\n\t\t\t\t\t\t<h3 class=\"faq-item-question-text\">Czy korzystanie z wtyczki Squarespace Announcement Bar jest bezp\u0142atne?<\/h3>\r\n\r\n\t\t\t\t\t\t<div class=\"faq-item-question-icon\"><\/div>\r\n\t\t\t\t\t<\/div>\r\n\r\n\t\t\t\t\t<div class=\"faq-item-answer\">\r\n\t\t\t\t\t\t<div class=\"faq-item-answer-text\">Tak, istnieje bezp\u0142atny plan oferuj\u0105cy podstawowe funkcje, kt\u00f3ry idealnie sprawdza si\u0119 w przypadku mniejszych witryn lub do cel\u00f3w testowych. P\u0142atne plany zaczynaj\u0105 si\u0119 od 5 USD miesi\u0119cznie i odblokowuj\u0105 dodatkowe funkcje.<\/div>\r\n\t\t\t\t\t<\/div>\r\n\t\t\t\t<\/div><div class=\"faq-item\">\r\n\t\t\t\t\t<div class=\"faq-item-question\">\r\n\t\t\t\t\t\t<h3 class=\"faq-item-question-text\">Jakie typy wtyczek paska og\u0142osze\u0144 mog\u0119 doda\u0107 do mojej witryny?<\/h3>\r\n\r\n\t\t\t\t\t\t<div class=\"faq-item-question-icon\"><\/div>\r\n\t\t\t\t\t<\/div>\r\n\r\n\t\t\t\t\t<div class=\"faq-item-answer\">\r\n\t\t\t\t\t\t<div class=\"faq-item-answer-text\">Mo\u017cesz doda\u0107 r\u00f3\u017cne typy pask\u00f3w og\u0142osze\u0144, takie jak: Na przyk\u0142ad te, kt\u00f3re og\u0142aszaj\u0105 bezp\u0142atn\u0105 wysy\u0142k\u0119, pokazuj\u0105 wa\u017cne aktualizacje lub promuj\u0105 bie\u017c\u0105ce wyprzeda\u017ce. Paski mog\u0105 by\u0107 statyczne, aby zapewni\u0107 sta\u0142\u0105 widoczno\u015b\u0107, lub p\u0142ywaj\u0105ce, aby przez ca\u0142y czas pozostawa\u0142y ostre.<\/div>\r\n\t\t\t\t\t<\/div>\r\n\t\t\t\t<\/div><div class=\"faq-item\">\r\n\t\t\t\t\t<div class=\"faq-item-question\">\r\n\t\t\t\t\t\t<h3 class=\"faq-item-question-text\">Jak edytowa\u0107 pasek og\u0142osze\u0144 w Squarespace?<\/h3>\r\n\r\n\t\t\t\t\t\t<div class=\"faq-item-question-icon\"><\/div>\r\n\t\t\t\t\t<\/div>\r\n\r\n\t\t\t\t\t<div class=\"faq-item-answer\">\r\n\t\t\t\t\t\t<div class=\"faq-item-answer-text\">Wtyczk\u0119 Announcement Bar mo\u017cna \u0142atwo edytowa\u0107 za pomoc\u0105 intuicyjnego edytora Elfsight. Mo\u017cesz dostosowa\u0107 tekst, projekt i po\u0142o\u017cenie, aby dopasowa\u0107 je do wygl\u0105du i stylu swojej witryny. Korzystaj\u0105c z funkcji takich jak planowanie, mo\u017cesz ustawi\u0107 czas wy\u015bwietlania paska, aby uzyska\u0107 maksymalny efekt.<\/div>\r\n\t\t\t\t\t<\/div>\r\n\t\t\t\t<\/div><div class=\"faq-item\">\r\n\t\t\t\t\t<div class=\"faq-item-question\">\r\n\t\t\t\t\t\t<h3 class=\"faq-item-question-text\">Jakich innych wtyczek mog\u0119 u\u017cy\u0107, aby zwi\u0119kszy\u0107 zaanga\u017cowanie odbiorc\u00f3w?<\/h3>\r\n\r\n\t\t\t\t\t\t<div class=\"faq-item-question-icon\"><\/div>\r\n\t\t\t\t\t<\/div>\r\n\r\n\t\t\t\t\t<div class=\"faq-item-answer\">\r\n\t\t\t\t\t\t<div class=\"faq-item-answer-text\">Mo\u017cesz u\u017cy\u0107 <a href=\"https:\/\/elfsight.com\/sales-notification-widget\/squarespace\/\" rel=\"noopener\">Dodaj wid\u017cet powiadomie\u0144 o sprzeda\u017cy<\/a>, aby zaprezentowa\u0107 promocje klient\u00f3w i zwi\u0119kszy\u0107 zaufanie. <a href=\"https:\/\/elfsight.com\/popup-widget\/squarespace\/\" rel=\"noopener\">Wyskakuj\u0105cy wid\u017cet<\/a> to \u015bwietne narz\u0119dzie do zbierania potencjalnych klient\u00f3w i zach\u0119cania u\u017cytkownik\u00f3w do zapoznania si\u0119 z Twoj\u0105 ofert\u0105. <a href=\"https:\/\/elfsight.com\/banner-widget\/squarespace\/\" rel=\"noopener\">Widget banera<\/a> pomaga wyr\u00f3\u017cni\u0107 wa\u017cne informacje i sprawi\u0107, \u017ce zostan\u0105 zauwa\u017cone przez odbiorc\u00f3w.<\/div>\r\n\t\t\t\t\t<\/div>\r\n\t\t\t\t<\/div><\/div>","protected":false},"excerpt":{"rendered":"FAQ","protected":false},"author":9,"featured_media":0,"parent":3386,"menu_order":0,"comment_status":"closed","ping_status":"closed","template":"templates\/template-application-platform.php","meta":{"publish_to_discourse":"","publish_post_category":"","wpdc_auto_publish_overridden":"","wpdc_topic_tags":"","wpdc_pin_topic":"","wpdc_pin_until":"","discourse_post_id":"","discourse_permalink":"","wpdc_publishing_response":"","wpdc_publishing_error":"","footnotes":""},"class_list":["post-9807","page","type-page","status-publish","hentry"],"yoast_head":"<!-- This site is optimized with the Yoast SEO plugin v25.3.1 - https:\/\/yoast.com\/wordpress\/plugins\/seo\/ -->\n<title>Wtyczka paska og\u0142osze\u0144 Squarespace \u2013 dodaj do witryny<\/title>\n<meta name=\"description\" content=\"Popraw zaanga\u017cowanie dzi\u0119ki wtyczce Elfsight Announcement Bar bez kodu. Przedstaw kluczowe komunikaty, aby przyci\u0105gn\u0105\u0107 uwag\u0119 odwiedzaj\u0105cych i zach\u0119ci\u0107 ich do podj\u0119cia dzia\u0142ania.\" \/>\n<meta name=\"robots\" content=\"index, follow, max-snippet:-1, max-image-preview:large, max-video-preview:-1\" \/>\n<link rel=\"canonical\" href=\"https:\/\/elfsight.com\/pl\/announcement-bar-widget\/squarespace\/\" \/>\n<meta property=\"og:locale\" content=\"pl_PL\" \/>\n<meta property=\"og:type\" content=\"article\" \/>\n<meta property=\"og:title\" content=\"Wtyczka paska og\u0142osze\u0144 Squarespace \u2013 dodaj do witryny\" \/>\n<meta property=\"og:description\" content=\"Popraw zaanga\u017cowanie dzi\u0119ki wtyczce Elfsight Announcement Bar bez kodu. Przedstaw kluczowe komunikaty, aby przyci\u0105gn\u0105\u0107 uwag\u0119 odwiedzaj\u0105cych i zach\u0119ci\u0107 ich do podj\u0119cia dzia\u0142ania.\" \/>\n<meta property=\"og:url\" content=\"https:\/\/elfsight.com\/pl\/announcement-bar-widget\/squarespace\/\" \/>\n<meta property=\"og:site_name\" content=\"Elfsight PL\" \/>\n<meta property=\"article:modified_time\" content=\"2025-09-19T11:02:17+00:00\" \/>\n<meta name=\"twitter:card\" content=\"summary_large_image\" \/>\n<meta name=\"twitter:label1\" content=\"Szacowany czas czytania\" \/>\n\t<meta name=\"twitter:data1\" content=\"4 minuty\" \/>\n<!-- \/ Yoast SEO plugin. -->","yoast_head_json":{"title":"Wtyczka paska og\u0142osze\u0144 Squarespace \u2013 dodaj do witryny","description":"Popraw zaanga\u017cowanie dzi\u0119ki wtyczce Elfsight Announcement Bar bez kodu. Przedstaw kluczowe komunikaty, aby przyci\u0105gn\u0105\u0107 uwag\u0119 odwiedzaj\u0105cych i zach\u0119ci\u0107 ich do podj\u0119cia dzia\u0142ania.","robots":{"index":"index","follow":"follow","max-snippet":"max-snippet:-1","max-image-preview":"max-image-preview:large","max-video-preview":"max-video-preview:-1"},"canonical":"https:\/\/elfsight.com\/pl\/announcement-bar-widget\/squarespace\/","og_locale":"pl_PL","og_type":"article","og_title":"Wtyczka paska og\u0142osze\u0144 Squarespace \u2013 dodaj do witryny","og_description":"Popraw zaanga\u017cowanie dzi\u0119ki wtyczce Elfsight Announcement Bar bez kodu. Przedstaw kluczowe komunikaty, aby przyci\u0105gn\u0105\u0107 uwag\u0119 odwiedzaj\u0105cych i zach\u0119ci\u0107 ich do podj\u0119cia dzia\u0142ania.","og_url":"https:\/\/elfsight.com\/pl\/announcement-bar-widget\/squarespace\/","og_site_name":"Elfsight PL","article_modified_time":"2025-09-19T11:02:17+00:00","twitter_card":"summary_large_image","twitter_misc":{"Szacowany czas czytania":"4 minuty"},"schema":{"@context":"https:\/\/schema.org","@graph":[{"@type":"WebPage","@id":"https:\/\/elfsight.com\/pl\/announcement-bar-widget\/squarespace\/","url":"https:\/\/elfsight.com\/pl\/announcement-bar-widget\/squarespace\/","name":"Wtyczka paska og\u0142osze\u0144 Squarespace \u2013 dodaj do witryny","isPartOf":{"@id":"https:\/\/elfsight.com\/pl\/#website"},"datePublished":"2024-12-20T08:05:42+00:00","dateModified":"2025-09-19T11:02:17+00:00","description":"Popraw zaanga\u017cowanie dzi\u0119ki wtyczce Elfsight Announcement Bar bez kodu. Przedstaw kluczowe komunikaty, aby przyci\u0105gn\u0105\u0107 uwag\u0119 odwiedzaj\u0105cych i zach\u0119ci\u0107 ich do podj\u0119cia dzia\u0142ania.","breadcrumb":{"@id":"https:\/\/elfsight.com\/pl\/announcement-bar-widget\/squarespace\/#breadcrumb"},"inLanguage":"pl-PL","potentialAction":[{"@type":"ReadAction","target":["https:\/\/elfsight.com\/pl\/announcement-bar-widget\/squarespace\/"]}]},{"@type":"BreadcrumbList","@id":"https:\/\/elfsight.com\/pl\/announcement-bar-widget\/squarespace\/#breadcrumb","itemListElement":[{"@type":"ListItem","position":1,"name":"Home","item":"https:\/\/elfsight.com\/pl\/"},{"@type":"ListItem","position":2,"name":"Announcement Bar","item":"https:\/\/elfsight.com\/pl\/announcement-bar-widget\/"},{"@type":"ListItem","position":3,"name":"Announcement Bar &#8211; Squarespace"}]},{"@type":"WebSite","@id":"https:\/\/elfsight.com\/pl\/#website","url":"https:\/\/elfsight.com\/pl\/","name":"Elfsight PL","description":"Just another Elfsight Sites site","potentialAction":[{"@type":"SearchAction","target":{"@type":"EntryPoint","urlTemplate":"https:\/\/elfsight.com\/pl\/?s={search_term_string}"},"query-input":{"@type":"PropertyValueSpecification","valueRequired":true,"valueName":"search_term_string"}}],"inLanguage":"pl-PL"}]}},"meta_box":{"industry":"","seo_heading":"","heading":"","description":"","cta_heading":"","cta_description":"","application":"3339","h1":"Wtyczka paska og\u0142osze\u0144 Squarespace","h1_caption":"Dodaj wtyczk\u0119 paska og\u0142osze\u0144 do swojej witryny Squarespace, aby wyr\u00f3\u017cnia\u0107 wa\u017cne aktualizacje w czasie rzeczywistym i zwi\u0119ksza\u0107 zaufanie i zaanga\u017cowanie klient\u00f3w.","application_category":[],"applications_title":"","applications_request_title":"","applications_request_button_text":"","hero_text":"","hero_video":"","hero_video_schema_markup":"","selling_points_title":"","selling_points_caption":"","selling_points":[],"selling_points_cta_text":"","features_title":"","features":"","ed_cta_examples_text":"","ed_cta_examples_hidden":"","ed_cta_demo_text":"","ed_cta_demo_hidden":"","why_caption":"","why_editor_title":"","why_editor_text":"","why_team_title":"","why_team_text":"","why_service_title":"","why_service_text":"","template_catalog_visible":"0","template_catalog_title":"","template_catalog_text":"","template_catalog_categories_visible":"","demo_title":"Utw\u00f3rz wtyczk\u0119 paska og\u0142osze\u0144 Squarespace","demo_caption":"Utw\u00f3rz bezp\u0142atnie wtyczk\u0119 paska og\u0142osze\u0144 witryny Squarespace.","default_faq_hidden":"","app_template_category":[],"platform":"7588","template_public_id":"","codecanyon_url":"","codecanyon_item_id":"","codecanyon_price":"","pricing_caption":"","pricing_elfsight_apps_hide_column":"","pricing_elfsight_apps_url":"","pricing_codecanyon_price_caption":"","integration_category":[],"integration_request_title":"","integration_request_cta":"","integration_platform":"","integrations":[],"platform_category":[],"video_schema_markup":"","price":"","trial":"","benefits":[{"text":"Bezp\u0142atna us\u0142uga monta\u017cu"},{"text":"Do\u015bwiadczona obs\u0142uga klienta"},{"text":"14-dniowa gwarancja zwrotu pieni\u0119dzy"},{"text":"Ci\u0105g\u0142e bezp\u0142atne ulepszenia"}],"button_url":"#demo","button_target_blank":"0","button_nofollow":"0","attributes":[{"name":"Zainstalowany","content":"1,000 - 5,000","_state":"expanded"},{"name":"Czu\u0142y","content":"Tak","_state":"expanded"},{"name":"Kompatybilne przegl\u0105darki","content":"Firefox, Safari, Opera, Chrome, Edge","_state":"expanded"}],"tags":[],"tags_disable_links":"0","hide_more_platforms":"0","video_object":"","demo_hide_cta":"0","demo_hide_cloud_options":"0","pricing_title":"","pricing":[{"pricing_icon":"platform","pricing_title":"Elfsight Apps","pricing_title_caption":"Wersja niezale\u017cna od platformy ","pricing_price":"Zaczynaj\u0105c od 0 USD\/miesi\u0105c","pricing_price_caption":"Zacznij od bezp\u0142atnego planu","pricing_button_text":"Dodaj do witryny","pricing_button_url":"#demo"}],"related_apps_title":"","related_apps_hidden":"0","author":"","image":[],"title":"","job":"","social_networks":[]},"_links":{"self":[{"href":"https:\/\/elfsight.com\/pl\/wp-json\/wp\/v2\/pages\/9807","targetHints":{"allow":["GET"]}}],"collection":[{"href":"https:\/\/elfsight.com\/pl\/wp-json\/wp\/v2\/pages"}],"about":[{"href":"https:\/\/elfsight.com\/pl\/wp-json\/wp\/v2\/types\/page"}],"author":[{"embeddable":true,"href":"https:\/\/elfsight.com\/pl\/wp-json\/wp\/v2\/users\/9"}],"replies":[{"embeddable":true,"href":"https:\/\/elfsight.com\/pl\/wp-json\/wp\/v2\/comments?post=9807"}],"version-history":[{"count":2,"href":"https:\/\/elfsight.com\/pl\/wp-json\/wp\/v2\/pages\/9807\/revisions"}],"predecessor-version":[{"id":10756,"href":"https:\/\/elfsight.com\/pl\/wp-json\/wp\/v2\/pages\/9807\/revisions\/10756"}],"up":[{"embeddable":true,"href":"https:\/\/elfsight.com\/pl\/wp-json\/wp\/v2\/pages\/3386"}],"wp:attachment":[{"href":"https:\/\/elfsight.com\/pl\/wp-json\/wp\/v2\/media?parent=9807"}],"curies":[{"name":"wp","href":"https:\/\/api.w.org\/{rel}","templated":true}]}}