{"id":9806,"date":"2024-12-20T08:22:48","date_gmt":"2024-12-20T08:22:48","guid":{"rendered":"https:\/\/elfsight.com\/pl\/?page_id=9806"},"modified":"2025-09-23T09:03:45","modified_gmt":"2025-09-23T09:03:45","slug":"wix","status":"publish","type":"page","link":"https:\/\/elfsight.com\/pl\/announcement-bar-widget\/wix\/","title":{"rendered":"Announcement Bar &#8211; Wix"},"content":{"rendered":"<div class=\"application-platform-content-item-description application-platform-content-item\" id=\"description\" data-nav-section=\"description\"> <p>Aplikacja Pasek og\u0142osze\u0144 pomaga firmom udost\u0119pnia\u0107 odwiedzaj\u0105cym wa\u017cne powiadomienia w widoczny i przyci\u0105gaj\u0105cy uwag\u0119 spos\u00f3b. \u015awietnie nadaje si\u0119 do informowania klient\u00f3w o nowych ofertach, nadchodz\u0105cych wyprzeda\u017cach lub pilnych szczeg\u00f3\u0142ach, takich jak status wysy\u0142ki. <\/p><p>Zwi\u0119ksz zaanga\u017cowanie, zach\u0119caj\u0105c odwiedzaj\u0105cych do podj\u0119cia dzia\u0142ania, np. dokonania zakupu lub przeczytania aktualizacji. Dzi\u0119ki konfiguracji bez kodu aplikacja p\u0142ynnie integruje si\u0119 z Twoj\u0105 witryn\u0105. Jest w pe\u0142ni konfigurowalny, dzi\u0119ki czemu mo\u017cesz \u0142atwo wybra\u0107 styl pasuj\u0105cy do Twojej marki.<\/p><p><b>Utw\u00f3rz spersonalizowany pasek og\u0142osze\u0144 Wix, aby lepiej wyr\u00f3\u017cni\u0107 wa\u017cne powiadomienia Twojej firmy.<\/b><\/p><\/div> <div class=\"application-platform-content-item-features application-platform-content-item\" id=\"features\" data-nav-section=\"features\"> <h2>Funkcje aplikacji paska og\u0142osze\u0144<\/h2> <p>The Aplikacja Elfsight Announcement Bar zosta\u0142a zaprojektowana w celu zwi\u0119kszenia zaanga\u017cowania u\u017cytkownik\u00f3w poprzez wy\u015bwietlanie dynamicznych powiadomie\u0144 o wa\u017cnych wiadomo\u015bciach. To wszechstronne narz\u0119dzie nie tylko buduje zaufanie, wy\u015bwietlaj\u0105c wa\u017cne informacje, ale tak\u017ce zach\u0119ca odwiedzaj\u0105cych do podj\u0119cia dzia\u0142a\u0144 za pomoc\u0105 ukierunkowanych alert\u00f3w. Poni\u017cej znajduje si\u0119 pe\u0142na lista kluczowych funkcji aplikacji:<\/p><ul><li><b>Szybka i \u0142atwa konfiguracja.<\/b> \u0141atwa, nietechniczna konfiguracja umo\u017cliwiaj\u0105ca szybkie wdro\u017cenie w Twojej witrynie.<\/li><li><b>Przykuwaj\u0105ca wzrok, ale nieinwazyjna.<\/b> Konfigurowalne opcje widoczno\u015bci pozwalaj\u0105 tworzy\u0107 efektowne og\u0142oszenia, zapewniaj\u0105c jednocze\u015bnie bezproblemow\u0105 obs\u0142ug\u0119.<\/li><li><b>Zwi\u0119ksz sprzeda\u017c kluczowych produkt\u00f3w.<\/b> Promuj ekskluzywne oferty bezpo\u015brednio z poziomu aplikacji Pasek og\u0142osze\u0144 zwi\u0119kszaj\u0105cy liczb\u0119 konwersji w konkretnych kategoriach produkt\u00f3w.<\/li><li><b>Pod\u015bwietlaj nowo\u015bci i aktualizacje.<\/b> Og\u0142aszaj nowe wydania lub aktualizacje istniej\u0105cych produkt\u00f3w i informuj odwiedzaj\u0105cych o \u015bwie\u017cych i trafnych tre\u015bciach.<\/li><li><b>Sp\u00f3jno\u015b\u0107 marki.<\/b> Pe\u0142ne opcje dostosowywania, aby idealnie dopasowa\u0107 wygl\u0105d i styl Twojej witryny oraz zapewni\u0107 sp\u00f3jn\u0105 i p\u0142ynn\u0105 obs\u0142ug\u0119 u\u017cytkownika pewno\u015b\u0107.<\/li><li><b>Mo\u017cliwo\u015b\u0107 dostosowania projektu.<\/b> W pe\u0142ni konfigurowalne szablony, czcionki i uk\u0142ady pasuj\u0105ce do unikalnej to\u017csamo\u015bci Twojej marki.<\/li><\/ul><p><a href=\"#demo\">Sprawd\u017a prosty edytor, aby zobaczy\u0107, jak dzia\u0142a aplikacja<\/a><\/p><\/div> <div class=\"application-platform-content-item-installation application-platform-content-item\" id=\"installation\" data-nav-section=\"installation\"> <h2>Jak doda\u0107 Jak doda\u0107 Pasek Og\u0142osze\u0144 w Wix?<\/h2><div class=\"video-container\">\n<iframe width=\"720\" height=\"405\" src=\"https:\/\/www.youtube.com\/embed\/BolIySu9bo4?si=BiBE5_ztnDgBHMIi\" frameborder=\"0\" allowfullscreen=\"\"><\/iframe>\n<\/div><p>Aby umie\u015bci\u0107 aplikacj\u0119 Pasek Og\u0142osze\u0144 na swojej stronie, wykonaj nast\u0119puj\u0105ce kr\u00f3tkie kroki:<\/p> <ol><li>Uruchom Edytor Aplikacji i wybierz szablon pasuj\u0105cy do stylu Twojej witryny.<\/li><li>Dostosuj aplikacj\u0119, zmieniaj\u0105c jej komunikat, dzia\u0142anie i elementy wizualne, przycisk, po\u0142o\u017cenie na stronie itp.<\/li><li>Zapisz zmiany i skopiuj wygenerowany fragment kodu HTML. Wklej kod do edytora swojej witryny i zastosuj zmiany.<\/li><\/ol><p>Rozumiem! Twoja aplikacja Wix Announcement Bar jest teraz aktywna!<\/p><p>Szczeg\u00f3\u0142owe instrukcje znajdziesz w naszym artykule na temat <a href=\"https:\/\/elfsight.com\/blog\/how-to-add-announcement-bar-in-wix\/\" target=\"_blank\" rel=\"noopener\">jak doda\u0107 aplikacj\u0119 Announcement Bar do Wix<\/a>.<\/p><p>Je\u015bli masz problemy z osadzeniem aplikacji na stronie internetowej, pami\u0119taj, aby to zrobi\u0107 Skontaktuj si\u0119 z naszym zespo\u0142em obs\u0142ugi klienta. Ch\u0119tnie pomo\u017cemy Ci doda\u0107 i dostosowa\u0107 Tw\u00f3j Pasek Og\u0142osze\u0144.<\/p><\/div> <h2>FAQ<\/h2><div class=\"faq\" data-component=\"FAQ\"><div class=\"faq-item\">\r\n\t\t\t\t\t<div class=\"faq-item-question\">\r\n\t\t\t\t\t\t<h3 class=\"faq-item-question-text\">Czy korzystanie z aplikacji Wix Announcement Bar jest darmowe?<\/h3>\r\n\r\n\t\t\t\t\t\t<div class=\"faq-item-question-icon\"><\/div>\r\n\t\t\t\t\t<\/div>\r\n\r\n\t\t\t\t\t<div class=\"faq-item-answer\">\r\n\t\t\t\t\t\t<div class=\"faq-item-answer-text\">Tak, dost\u0119pny jest bezp\u0142atny plan, kt\u00f3ry oferuje podstawowe funkcje idealne do kompaktowych stron internetowych lub test\u00f3w. P\u0142atne plany zaczynaj\u0105 si\u0119 od 5 USD miesi\u0119cznie i oferuj\u0105 dodatkowe funkcje.<\/div>\r\n\t\t\t\t\t<\/div>\r\n\t\t\t\t<\/div><div class=\"faq-item\">\r\n\t\t\t\t\t<div class=\"faq-item-question\">\r\n\t\t\t\t\t\t<h3 class=\"faq-item-question-text\">Jakie typy aplikacji paska og\u0142osze\u0144 mog\u0119 doda\u0107 do mojej witryny?<\/h3>\r\n\r\n\t\t\t\t\t\t<div class=\"faq-item-question-icon\"><\/div>\r\n\t\t\t\t\t<\/div>\r\n\r\n\t\t\t\t\t<div class=\"faq-item-answer\">\r\n\t\t\t\t\t\t<div class=\"faq-item-answer-text\">Mo\u017cesz tworzy\u0107 r\u00f3\u017cne paski og\u0142osze\u0144, takie jak: B. informuj\u0105ce o ofertach bezp\u0142atnej wysy\u0142ki, og\u0142aszaj\u0105ce nowo\u015bci lub podkre\u015blaj\u0105ce trwaj\u0105c\u0105 wyprzeda\u017c. Paski te mog\u0105 by\u0107 statyczne, aby zapewni\u0107 nieprzerwane wy\u015bwietlanie, lub mie\u0107 mo\u017cliwo\u015b\u0107 przewijania, aby by\u0142y widoczne przez ca\u0142y czas.<\/div>\r\n\t\t\t\t\t<\/div>\r\n\t\t\t\t<\/div><div class=\"faq-item\">\r\n\t\t\t\t\t<div class=\"faq-item-question\">\r\n\t\t\t\t\t\t<h3 class=\"faq-item-question-text\">Jak edytowa\u0107 aplikacj\u0119 Pasek Og\u0142osze\u0144 na stronie Wix?<\/h3>\r\n\r\n\t\t\t\t\t\t<div class=\"faq-item-question-icon\"><\/div>\r\n\t\t\t\t\t<\/div>\r\n\r\n\t\t\t\t\t<div class=\"faq-item-answer\">\r\n\t\t\t\t\t\t<div class=\"faq-item-answer-text\">Edycja aplikacji Pasek Og\u0142osze\u0144 jest intuicyjna dzi\u0119ki dost\u0119pnemu edytorowi. Mo\u017cesz dostosowa\u0107 zawarto\u015b\u0107, kolory i rozmieszczenie, aby dopasowa\u0107 je do og\u00f3lnego motywu. Dodatkowe funkcje, takie jak opcje widoczno\u015bci, pozwalaj\u0105 dostosowa\u0107 pasek tak, aby dociera\u0142 do odbiorc\u00f3w.<\/div>\r\n\t\t\t\t\t<\/div>\r\n\t\t\t\t<\/div><div class=\"faq-item\">\r\n\t\t\t\t\t<div class=\"faq-item-question\">\r\n\t\t\t\t\t\t<h3 class=\"faq-item-question-text\">Jakich innych aplikacji mog\u0119 u\u017cy\u0107, aby zwi\u0119kszy\u0107 zaanga\u017cowanie odbiorc\u00f3w?<\/h3>\r\n\r\n\t\t\t\t\t\t<div class=\"faq-item-question-icon\"><\/div>\r\n\t\t\t\t\t<\/div>\r\n\r\n\t\t\t\t\t<div class=\"faq-item-answer\">\r\n\t\t\t\t\t\t<div class=\"faq-item-answer-text\">Mo\u017cesz doda\u0107 <a href=\"https:\/\/elfsight.com\/sales-notification-widget\/wix\/\">wid\u017cet Powiadomienia o sprzeda\u017cy<\/a>, aby wy\u015bwietla\u0107 zakupy w czasie rzeczywistym i tym samym zwi\u0119kszy\u0107 wiarygodno\u015b\u0107. <a href=\"https:\/\/elfsight.com\/popup-widget\/wix\/\" rel=\"noopener\">Wyskakuj\u0105cy wid\u017cet<\/a> doskonale nadaje si\u0119 do pozyskiwania potencjalnych klient\u00f3w i zach\u0119cania odwiedzaj\u0105cych do zapoznania si\u0119 z Twoj\u0105 ofert\u0105. <a href=\"https:\/\/elfsight.com\/banner-widget\/wix\/\">Wid\u017cet banera<\/a> podkre\u015bla wa\u017cne aktualizacje, zapewniaj\u0105c wyr\u00f3\u017cnienie wa\u017cnych informacji.<\/div>\r\n\t\t\t\t\t<\/div>\r\n\t\t\t\t<\/div><\/div>","protected":false},"excerpt":{"rendered":"FAQ","protected":false},"author":9,"featured_media":0,"parent":3386,"menu_order":0,"comment_status":"closed","ping_status":"closed","template":"templates\/template-application-platform.php","meta":{"publish_to_discourse":"","publish_post_category":"","wpdc_auto_publish_overridden":"","wpdc_topic_tags":"","wpdc_pin_topic":"","wpdc_pin_until":"","discourse_post_id":"","discourse_permalink":"","wpdc_publishing_response":"","wpdc_publishing_error":"","footnotes":""},"class_list":["post-9806","page","type-page","status-publish","hentry"],"yoast_head":"<!-- This site is optimized with the Yoast SEO plugin v25.3.1 - https:\/\/yoast.com\/wordpress\/plugins\/seo\/ -->\n<title>Aplikacja Wix Announcement Bar \u2013 Dodaj powiadomienia do swojej witryny<\/title>\n<meta name=\"description\" content=\"Zwi\u0119ksz zaanga\u017cowanie dzi\u0119ki aplikacji Elfsight Announcement Bar bez kodu. Pokazuj wa\u017cne aktualizacje, aby przyci\u0105gn\u0105\u0107 uwag\u0119 odwiedzaj\u0105cych i sk\u0142oni\u0107 ich do podj\u0119cia dzia\u0142ania.\" \/>\n<meta name=\"robots\" content=\"index, follow, max-snippet:-1, max-image-preview:large, max-video-preview:-1\" \/>\n<link rel=\"canonical\" href=\"https:\/\/elfsight.com\/pl\/announcement-bar-widget\/wix\/\" \/>\n<meta property=\"og:locale\" content=\"pl_PL\" \/>\n<meta property=\"og:type\" content=\"article\" \/>\n<meta property=\"og:title\" content=\"Aplikacja Wix Announcement Bar \u2013 Dodaj powiadomienia do swojej witryny\" \/>\n<meta property=\"og:description\" content=\"Zwi\u0119ksz zaanga\u017cowanie dzi\u0119ki aplikacji Elfsight Announcement Bar bez kodu. Pokazuj wa\u017cne aktualizacje, aby przyci\u0105gn\u0105\u0107 uwag\u0119 odwiedzaj\u0105cych i sk\u0142oni\u0107 ich do podj\u0119cia dzia\u0142ania.\" \/>\n<meta property=\"og:url\" content=\"https:\/\/elfsight.com\/pl\/announcement-bar-widget\/wix\/\" \/>\n<meta property=\"og:site_name\" content=\"Elfsight PL\" \/>\n<meta property=\"article:modified_time\" content=\"2025-09-23T09:03:45+00:00\" \/>\n<meta name=\"twitter:card\" content=\"summary_large_image\" \/>\n<meta name=\"twitter:label1\" content=\"Szacowany czas czytania\" \/>\n\t<meta name=\"twitter:data1\" content=\"4 minuty\" \/>\n<!-- \/ Yoast SEO plugin. -->","yoast_head_json":{"title":"Aplikacja Wix Announcement Bar \u2013 Dodaj powiadomienia do swojej witryny","description":"Zwi\u0119ksz zaanga\u017cowanie dzi\u0119ki aplikacji Elfsight Announcement Bar bez kodu. Pokazuj wa\u017cne aktualizacje, aby przyci\u0105gn\u0105\u0107 uwag\u0119 odwiedzaj\u0105cych i sk\u0142oni\u0107 ich do podj\u0119cia dzia\u0142ania.","robots":{"index":"index","follow":"follow","max-snippet":"max-snippet:-1","max-image-preview":"max-image-preview:large","max-video-preview":"max-video-preview:-1"},"canonical":"https:\/\/elfsight.com\/pl\/announcement-bar-widget\/wix\/","og_locale":"pl_PL","og_type":"article","og_title":"Aplikacja Wix Announcement Bar \u2013 Dodaj powiadomienia do swojej witryny","og_description":"Zwi\u0119ksz zaanga\u017cowanie dzi\u0119ki aplikacji Elfsight Announcement Bar bez kodu. Pokazuj wa\u017cne aktualizacje, aby przyci\u0105gn\u0105\u0107 uwag\u0119 odwiedzaj\u0105cych i sk\u0142oni\u0107 ich do podj\u0119cia dzia\u0142ania.","og_url":"https:\/\/elfsight.com\/pl\/announcement-bar-widget\/wix\/","og_site_name":"Elfsight PL","article_modified_time":"2025-09-23T09:03:45+00:00","twitter_card":"summary_large_image","twitter_misc":{"Szacowany czas czytania":"4 minuty"},"schema":{"@context":"https:\/\/schema.org","@graph":[{"@type":"WebPage","@id":"https:\/\/elfsight.com\/pl\/announcement-bar-widget\/wix\/","url":"https:\/\/elfsight.com\/pl\/announcement-bar-widget\/wix\/","name":"Aplikacja Wix Announcement Bar \u2013 Dodaj powiadomienia do swojej witryny","isPartOf":{"@id":"https:\/\/elfsight.com\/pl\/#website"},"datePublished":"2024-12-20T08:22:48+00:00","dateModified":"2025-09-23T09:03:45+00:00","description":"Zwi\u0119ksz zaanga\u017cowanie dzi\u0119ki aplikacji Elfsight Announcement Bar bez kodu. Pokazuj wa\u017cne aktualizacje, aby przyci\u0105gn\u0105\u0107 uwag\u0119 odwiedzaj\u0105cych i sk\u0142oni\u0107 ich do podj\u0119cia dzia\u0142ania.","breadcrumb":{"@id":"https:\/\/elfsight.com\/pl\/announcement-bar-widget\/wix\/#breadcrumb"},"inLanguage":"pl-PL","potentialAction":[{"@type":"ReadAction","target":["https:\/\/elfsight.com\/pl\/announcement-bar-widget\/wix\/"]}]},{"@type":"BreadcrumbList","@id":"https:\/\/elfsight.com\/pl\/announcement-bar-widget\/wix\/#breadcrumb","itemListElement":[{"@type":"ListItem","position":1,"name":"Home","item":"https:\/\/elfsight.com\/pl\/"},{"@type":"ListItem","position":2,"name":"Announcement Bar","item":"https:\/\/elfsight.com\/pl\/announcement-bar-widget\/"},{"@type":"ListItem","position":3,"name":"Announcement Bar &#8211; Wix"}]},{"@type":"WebSite","@id":"https:\/\/elfsight.com\/pl\/#website","url":"https:\/\/elfsight.com\/pl\/","name":"Elfsight PL","description":"Just another Elfsight Sites site","potentialAction":[{"@type":"SearchAction","target":{"@type":"EntryPoint","urlTemplate":"https:\/\/elfsight.com\/pl\/?s={search_term_string}"},"query-input":{"@type":"PropertyValueSpecification","valueRequired":true,"valueName":"search_term_string"}}],"inLanguage":"pl-PL"}]}},"meta_box":{"industry":"","seo_heading":"","heading":"","description":"","cta_heading":"","cta_description":"","application":"3339","h1":"Aplikacja paska og\u0142osze\u0144 od Wix","h1_caption":"Dodaj aplikacj\u0119 Announcement Bar do swojej witryny Wix, aby wyr\u00f3\u017cnia\u0107 wa\u017cne aktualizacje w czasie rzeczywistym i zwi\u0119ksza\u0107 zaufanie i zaanga\u017cowanie klient\u00f3w.","application_category":[],"applications_title":"","applications_request_title":"","applications_request_button_text":"","hero_text":"","hero_video":"","hero_video_schema_markup":"","selling_points_title":"","selling_points_caption":"","selling_points":[],"selling_points_cta_text":"","features_title":"","features":"","ed_cta_examples_text":"","ed_cta_examples_hidden":"","ed_cta_demo_text":"","ed_cta_demo_hidden":"","why_caption":"","why_editor_title":"","why_editor_text":"","why_team_title":"","why_team_text":"","why_service_title":"","why_service_text":"","template_catalog_visible":"0","template_catalog_title":"","template_catalog_text":"","template_catalog_categories_visible":"","demo_title":"Utw\u00f3rz aplikacj\u0119 paska og\u0142osze\u0144 Wix","demo_caption":"Zaprojektuj bezp\u0142atnie aplikacj\u0119 Bar Announcement Bar dla swojej witryny Wix.","default_faq_hidden":"","app_template_category":[],"platform":"30","template_public_id":"","codecanyon_url":"","codecanyon_item_id":"","codecanyon_price":"","pricing_caption":"","pricing_elfsight_apps_hide_column":"","pricing_elfsight_apps_url":"","pricing_codecanyon_price_caption":"","integration_category":[],"integration_request_title":"","integration_request_cta":"","integration_platform":"","integrations":[],"platform_category":[],"video_schema_markup":"","price":"","trial":"","benefits":[{"text":"Bezp\u0142atne wsparcie instalacyjne"},{"text":"Kompetentna obs\u0142uga klienta"},{"text":"14-dniowa gwarancja zwrotu pieni\u0119dzy"},{"text":"Do\u017cywotnie bezp\u0142atne ulepszenia"}],"button_url":"#demo","button_target_blank":"0","button_nofollow":"0","attributes":[{"name":"Zainstalowany","content":"1,000 - 5,000","_state":"expanded"},{"name":"Czu\u0142y","content":"Tak","_state":"expanded"},{"name":"Kompatybilne przegl\u0105darki","content":"Firefox, Safari, Opera, Chrome, Edge","_state":"expanded"}],"tags":[],"tags_disable_links":"0","hide_more_platforms":"0","video_object":"","demo_hide_cta":"0","demo_hide_cloud_options":"0","pricing_title":"","pricing":[{"pricing_icon":"platform","pricing_title":"Elfsight Apps","pricing_title_caption":"Wersja wieloplatformowa","pricing_price":"Zaczynaj\u0105c od 0 USD\/miesi\u0105c","pricing_price_caption":"Zacznij od bezp\u0142atnego planu","pricing_button_text":"Dodaj do witryny","pricing_button_url":"#demo"}],"related_apps_title":"","related_apps_hidden":"0","author":"","image":[],"title":"","job":"","social_networks":[]},"_links":{"self":[{"href":"https:\/\/elfsight.com\/pl\/wp-json\/wp\/v2\/pages\/9806","targetHints":{"allow":["GET"]}}],"collection":[{"href":"https:\/\/elfsight.com\/pl\/wp-json\/wp\/v2\/pages"}],"about":[{"href":"https:\/\/elfsight.com\/pl\/wp-json\/wp\/v2\/types\/page"}],"author":[{"embeddable":true,"href":"https:\/\/elfsight.com\/pl\/wp-json\/wp\/v2\/users\/9"}],"replies":[{"embeddable":true,"href":"https:\/\/elfsight.com\/pl\/wp-json\/wp\/v2\/comments?post=9806"}],"version-history":[{"count":3,"href":"https:\/\/elfsight.com\/pl\/wp-json\/wp\/v2\/pages\/9806\/revisions"}],"predecessor-version":[{"id":10758,"href":"https:\/\/elfsight.com\/pl\/wp-json\/wp\/v2\/pages\/9806\/revisions\/10758"}],"up":[{"embeddable":true,"href":"https:\/\/elfsight.com\/pl\/wp-json\/wp\/v2\/pages\/3386"}],"wp:attachment":[{"href":"https:\/\/elfsight.com\/pl\/wp-json\/wp\/v2\/media?parent=9806"}],"curies":[{"name":"wp","href":"https:\/\/api.w.org\/{rel}","templated":true}]}}