{"id":9801,"date":"2024-12-20T08:50:53","date_gmt":"2024-12-20T08:50:53","guid":{"rendered":"https:\/\/elfsight.com\/pl\/?page_id=9801"},"modified":"2025-02-12T15:44:20","modified_gmt":"2025-02-12T15:44:20","slug":"webflow","status":"publish","type":"page","link":"https:\/\/elfsight.com\/pl\/announcement-bar-widget\/webflow\/","title":{"rendered":"Announcement Bar &#8211; Webflow"},"content":{"rendered":"<div class=\"application-platform-content-item-description application-platform-content-item\" id=\"description\" data-nav-section=\"description\"> <p>Widget Pasek og\u0142osze\u0144 pomaga firmom udost\u0119pnia\u0107 odwiedzaj\u0105cym wa\u017cne aktualizacje w widoczny i oczywisty spos\u00f3b. \u015awietnie nadaje si\u0119 do informowania klient\u00f3w o nowych ofertach, premierach produkt\u00f3w lub wa\u017cnych informacjach, takich jak szczeg\u00f3\u0142y wysy\u0142ki. <\/p><p>Zwi\u0119ksz zaanga\u017cowanie, zach\u0119caj\u0105c odwiedzaj\u0105cych do podj\u0119cia dzia\u0142ania, niezale\u017cnie od tego, czy b\u0119dzie to z\u0142o\u017cenie zam\u00f3wienia, czy zapisanie si\u0119 na promocj\u0119. Dzi\u0119ki konfiguracji bez kodu wid\u017cet p\u0142ynnie integruje si\u0119 z Twoj\u0105 witryn\u0105. Jest w pe\u0142ni konfigurowalny, dzi\u0119ki czemu mo\u017cesz \u0142atwo wybra\u0107 styl pasuj\u0105cy do Twojej marki.<\/p><p><b>Zwi\u0119ksz widoczno\u015b\u0107 swoich wa\u017cnych wiadomo\u015bci, aby zwi\u0119kszy\u0107 wiarygodno\u015b\u0107 dzi\u0119ki Paskowi og\u0142osze\u0144.<\/b><\/p><\/div> <div class=\"application-platform-content-item-features application-platform-content-item\" id=\"features\" data-nav-section=\"features\"> <h2>Funkcje wid\u017cetu paska og\u0142osze\u0144<\/h2> <p>Funkcje widgetu paska og\u0142osze\u0144<\/h2> <p>The Wid\u017cet paska og\u0142osze\u0144 Elfsight ma na celu zwi\u0119kszenie zaanga\u017cowania klient\u00f3w poprzez wy\u015bwietlanie dynamicznych powiadomie\u0144 o wa\u017cnych zmianach. To wszechstronne narz\u0119dzie nie tylko zwi\u0119ksza zaufanie, podkre\u015blaj\u0105c wa\u017cne informacje, ale tak\u017ce zach\u0119ca odwiedzaj\u0105cych do podj\u0119cia dzia\u0142a\u0144 za pomoc\u0105 ukierunkowanych alert\u00f3w. Poni\u017cej znajduje si\u0119 szczeg\u00f3\u0142owa lista kluczowych funkcji wid\u017cetu:<\/p><ul><li><b>Szybka i \u0142atwa konfiguracja.<\/b> Bezproblemowa konfiguracja bez \u017cadnej wiedzy technicznej pozwala na szybkie i \u0142atwe wdro\u017cenie w Twojej witrynie.<\/li><li><b>Przyci\u0105gaj\u0105cy wzrok, ale dyskretny.<\/b> Konfigurowalne opcje projektowania pozwalaj\u0105 tworzy\u0107 efektowne og\u0142oszenia, zapewniaj\u0105c jednocze\u015bnie przyjazno\u015b\u0107 dla u\u017cytkownika.<\/li><li><b>Zwi\u0119ksz sprzeda\u017c kluczowych produkt\u00f3w.<\/b> Bezpo\u015brednie zwi\u0119kszanie sprzeda\u017cy i promocji za pomoc\u0105 paska og\u0142osze\u0144, aby zwi\u0119kszy\u0107 liczb\u0119 konwersji w przypadku okre\u015blonych kategorii produkt\u00f3w.<\/li><li><b>Wyr\u00f3\u017cnij nowo\u015bci i aktualizacje.<\/b> Zaprezentuj nowe oferty lub ulepszenia istniej\u0105cych produkt\u00f3w i utrzymuj zaanga\u017cowanie odwiedzaj\u0105cych dzi\u0119ki aktualnym i \u015bwie\u017cym tre\u015bciom.<\/li><li><b>Sp\u00f3jno\u015b\u0107 marki.<\/b> Pe\u0142ne opcje dostosowywania, kt\u00f3re uzupe\u0142niaj\u0105 wygl\u0105d i styl Twojej witryny oraz zapewniaj\u0105 p\u0142ynn\u0105 i bezb\u0142\u0119dn\u0105 obs\u0142ug\u0119 u\u017cytkownika.<\/li><li><b>Mo\u017cliwo\u015b\u0107 dostosowywania Projekt.<\/b> W pe\u0142ni konfigurowalne szablony i tre\u015bci, kt\u00f3re doskonale odzwierciedlaj\u0105 unikaln\u0105 to\u017csamo\u015b\u0107 Twojej marki.<\/li><\/ul><p><a href=\"#demo\">Skorzystaj z edytora online, aby zobaczy\u0107, jak dzia\u0142a widget<\/a><\/p><\/div> <div class=\"application-platform-content-item-installation application-platform-content-item\" id=\"installation\" data-nav-section=\"installation\"> <h2>Jak doda\u0107 baner z og\u0142oszeniem w Webflow Doda\u0107?<\/h2><p>Aby osadzi\u0107 wid\u017cet Pasek og\u0142osze\u0144 na swojej stronie, wykonaj nast\u0119puj\u0105ce proste kroki:<\/p> <ol><li>Otw\u00f3rz edytor wid\u017cet\u00f3w i wybierz szablon pasuj\u0105cy do stylu Twojej witryny.<\/li><li>Spersonalizuj wid\u017cet, zmieniaj\u0105c jego przekaz, dzia\u0142anie i elementy wizualne, przycisk, po\u0142o\u017cenie na stronie itp.<\/li><li>Zachowaj zmiany i skopiuj dostarczony kod HTML. Wklej kod do systemu CMS swojej witryny i zastosuj zmiany.<\/li><\/ol>Gotowe! Tw\u00f3j wid\u017cet paska og\u0142osze\u0144 Webflow jest ju\u017c dost\u0119pny!<p>Je\u015bli masz jakiekolwiek problemy z osadzeniem wid\u017cetu w swojej witrynie, po prostu skontaktuj si\u0119 z naszym zespo\u0142em obs\u0142ugi klienta. Ch\u0119tnie pomo\u017cemy Ci doda\u0107 i zmodyfikowa\u0107 pasek og\u0142osze\u0144.<\/p><\/div> <h2>FAQ<\/h2><div class=\"faq\" data-component=\"FAQ\"><div class=\"faq-item\">\r\n\t\t\t\t\t<div class=\"faq-item-question\">\r\n\t\t\t\t\t\t<h3 class=\"faq-item-question-text\"><\/h3>\r\n\r\n\t\t\t\t\t\t<div class=\"faq-item-question-icon\"><\/div>\r\n\t\t\t\t\t<\/div>\r\n\r\n\t\t\t\t\t<div class=\"faq-item-answer\">\r\n\t\t\t\t\t\t<div class=\"faq-item-answer-text\">Tak, dost\u0119pna jest bezp\u0142atna opcja zapewniaj\u0105ca podstawow\u0105 funkcjonalno\u015b\u0107, kt\u00f3ra idealnie sprawdza si\u0119 w przypadku mniejszych witryn lub test\u00f3w. P\u0142atne plany zaczynaj\u0105 si\u0119 od 5 USD miesi\u0119cznie i obejmuj\u0105 zaawansowane funkcje.<\/div>\r\n\t\t\t\t\t<\/div>\r\n\t\t\t\t<\/div><div class=\"faq-item\">\r\n\t\t\t\t\t<div class=\"faq-item-question\">\r\n\t\t\t\t\t\t<h3 class=\"faq-item-question-text\">Jakie typy wid\u017cet\u00f3w paska og\u0142osze\u0144 mog\u0119 doda\u0107 do mojej witryny?<\/h3>\r\n\r\n\t\t\t\t\t\t<div class=\"faq-item-question-icon\"><\/div>\r\n\t\t\t\t\t<\/div>\r\n\r\n\t\t\t\t\t<div class=\"faq-item-answer\">\r\n\t\t\t\t\t\t<div class=\"faq-item-answer-text\">Mo\u017cesz tworzy\u0107 r\u00f3\u017cne paski og\u0142osze\u0144, takie jak: Na przyk\u0142ad te, kt\u00f3re informuj\u0105 Ci\u0119 o ofertach bezp\u0142atnej wysy\u0142ki, pokazuj\u0105 aktualizacje lub podkre\u015blaj\u0105 nadchodz\u0105c\u0105 wyprzeda\u017c. Paski te mog\u0105 by\u0107 statyczne, aby zapewni\u0107 sta\u0142\u0105 widoczno\u015b\u0107, lub p\u0142ywaj\u0105ce, aby zawsze by\u0142y widoczne, aby zapewni\u0107 widoczno\u015b\u0107.<\/div>\r\n\t\t\t\t\t<\/div>\r\n\t\t\t\t<\/div><div class=\"faq-item\">\r\n\t\t\t\t\t<div class=\"faq-item-question\">\r\n\t\t\t\t\t\t<h3 class=\"faq-item-question-text\">Jak edytowa\u0107 wid\u017cet paska og\u0142osze\u0144 w witrynie Webflow?<\/h3>\r\n\r\n\t\t\t\t\t\t<div class=\"faq-item-question-icon\"><\/div>\r\n\t\t\t\t\t<\/div>\r\n\r\n\t\t\t\t\t<div class=\"faq-item-answer\">\r\n\t\t\t\t\t\t<div class=\"faq-item-answer-text\">Edycja wid\u017cetu paska og\u0142osze\u0144 jest \u0142atwa dzi\u0119ki dost\u0119pnemu edytorowi Elfsight. Mo\u017cesz zmieni\u0107 tre\u015b\u0107, styl i wyr\u00f3wnanie, aby dopasowa\u0107 je do projektu witryny. Dodatkowe funkcje, takie jak narz\u0119dzia do targetowania, pozwalaj\u0105 dostosowa\u0107 pasek w celu powiadamiania odbiorc\u00f3w.<\/div>\r\n\t\t\t\t\t<\/div>\r\n\t\t\t\t<\/div><div class=\"faq-item\">\r\n\t\t\t\t\t<div class=\"faq-item-question\">\r\n\t\t\t\t\t\t<h3 class=\"faq-item-question-text\">Jakich innych wid\u017cet\u00f3w mog\u0119 u\u017cy\u0107, aby zwi\u0119kszy\u0107 zaanga\u017cowanie odbiorc\u00f3w?<\/h3>\r\n\r\n\t\t\t\t\t\t<div class=\"faq-item-question-icon\"><\/div>\r\n\t\t\t\t\t<\/div>\r\n\r\n\t\t\t\t\t<div class=\"faq-item-answer\">\r\n\t\t\t\t\t\t<div class=\"faq-item-answer-text\">Mo\u017cesz u\u017cy\u0107 <a href=\"https:\/\/elfsight.com\/sales-notification-widget\/webflow\/\" rel=\"noopener\">Dodaj wid\u017cet powiadomie\u0144 o sprzeda\u017cy<\/a>, aby wyr\u00f3\u017cni\u0107 dzia\u0142ania klient\u00f3w i budowa\u0107 zaufanie. <a href=\"https:\/\/elfsight.com\/popup-widget\/webflow\/\" rel=\"noopener\">Wyskakuj\u0105cy wid\u017cet<\/a> idealnie nadaje si\u0119 do dzielenia si\u0119 rabatami i zach\u0119cania odwiedzaj\u0105cych do interakcji z Twoimi tre\u015bciami. <a href=\"https:\/\/elfsight.com\/banner-widget\/webflow\/\" rel=\"noopener\">Wid\u017cet banera<\/a> wy\u015bwietla najwa\u017cniejsze komunikaty, zapewniaj\u0105c widoczno\u015b\u0107 wa\u017cnych informacji.<\/div>\r\n\t\t\t\t\t<\/div>\r\n\t\t\t\t<\/div><\/div>","protected":false},"excerpt":{"rendered":"FAQ","protected":false},"author":9,"featured_media":0,"parent":3386,"menu_order":0,"comment_status":"closed","ping_status":"closed","template":"templates\/template-application-platform.php","meta":{"publish_to_discourse":"","publish_post_category":"","wpdc_auto_publish_overridden":"","wpdc_topic_tags":"","wpdc_pin_topic":"","wpdc_pin_until":"","discourse_post_id":"","discourse_permalink":"","wpdc_publishing_response":"","wpdc_publishing_error":"","footnotes":""},"class_list":["post-9801","page","type-page","status-publish","hentry"],"yoast_head":"<!-- This site is optimized with the Yoast SEO plugin v25.3.1 - https:\/\/yoast.com\/wordpress\/plugins\/seo\/ -->\n<title>Wid\u017cet paska og\u0142osze\u0144 Webflow \u2013 dodawaj powiadomienia do strony internetowej<\/title>\n<meta name=\"description\" content=\"Zwi\u0119ksz zaanga\u017cowanie dzi\u0119ki \u0142atwemu w obs\u0142udze wid\u017cetowi paska og\u0142osze\u0144 Elfsight. Prezentuj pilne alerty i zach\u0119caj odwiedzaj\u0105cych do podj\u0119cia dzia\u0142a\u0144.\" \/>\n<meta name=\"robots\" content=\"index, follow, max-snippet:-1, max-image-preview:large, max-video-preview:-1\" \/>\n<link rel=\"canonical\" href=\"https:\/\/elfsight.com\/pl\/announcement-bar-widget\/webflow\/\" \/>\n<meta property=\"og:locale\" content=\"pl_PL\" \/>\n<meta property=\"og:type\" content=\"article\" \/>\n<meta property=\"og:title\" content=\"Wid\u017cet paska og\u0142osze\u0144 Webflow \u2013 dodawaj powiadomienia do strony internetowej\" \/>\n<meta property=\"og:description\" content=\"Zwi\u0119ksz zaanga\u017cowanie dzi\u0119ki \u0142atwemu w obs\u0142udze wid\u017cetowi paska og\u0142osze\u0144 Elfsight. Prezentuj pilne alerty i zach\u0119caj odwiedzaj\u0105cych do podj\u0119cia dzia\u0142a\u0144.\" \/>\n<meta property=\"og:url\" content=\"https:\/\/elfsight.com\/pl\/announcement-bar-widget\/webflow\/\" \/>\n<meta property=\"og:site_name\" content=\"Elfsight PL\" \/>\n<meta property=\"article:modified_time\" content=\"2025-02-12T15:44:20+00:00\" \/>\n<meta name=\"twitter:card\" content=\"summary_large_image\" \/>\n<meta name=\"twitter:label1\" content=\"Szacowany czas czytania\" \/>\n\t<meta name=\"twitter:data1\" content=\"4 minuty\" \/>\n<!-- \/ Yoast SEO plugin. -->","yoast_head_json":{"title":"Wid\u017cet paska og\u0142osze\u0144 Webflow \u2013 dodawaj powiadomienia do strony internetowej","description":"Zwi\u0119ksz zaanga\u017cowanie dzi\u0119ki \u0142atwemu w obs\u0142udze wid\u017cetowi paska og\u0142osze\u0144 Elfsight. Prezentuj pilne alerty i zach\u0119caj odwiedzaj\u0105cych do podj\u0119cia dzia\u0142a\u0144.","robots":{"index":"index","follow":"follow","max-snippet":"max-snippet:-1","max-image-preview":"max-image-preview:large","max-video-preview":"max-video-preview:-1"},"canonical":"https:\/\/elfsight.com\/pl\/announcement-bar-widget\/webflow\/","og_locale":"pl_PL","og_type":"article","og_title":"Wid\u017cet paska og\u0142osze\u0144 Webflow \u2013 dodawaj powiadomienia do strony internetowej","og_description":"Zwi\u0119ksz zaanga\u017cowanie dzi\u0119ki \u0142atwemu w obs\u0142udze wid\u017cetowi paska og\u0142osze\u0144 Elfsight. Prezentuj pilne alerty i zach\u0119caj odwiedzaj\u0105cych do podj\u0119cia dzia\u0142a\u0144.","og_url":"https:\/\/elfsight.com\/pl\/announcement-bar-widget\/webflow\/","og_site_name":"Elfsight PL","article_modified_time":"2025-02-12T15:44:20+00:00","twitter_card":"summary_large_image","twitter_misc":{"Szacowany czas czytania":"4 minuty"},"schema":{"@context":"https:\/\/schema.org","@graph":[{"@type":"WebPage","@id":"https:\/\/elfsight.com\/pl\/announcement-bar-widget\/webflow\/","url":"https:\/\/elfsight.com\/pl\/announcement-bar-widget\/webflow\/","name":"Wid\u017cet paska og\u0142osze\u0144 Webflow \u2013 dodawaj powiadomienia do strony internetowej","isPartOf":{"@id":"https:\/\/elfsight.com\/pl\/#website"},"datePublished":"2024-12-20T08:50:53+00:00","dateModified":"2025-02-12T15:44:20+00:00","description":"Zwi\u0119ksz zaanga\u017cowanie dzi\u0119ki \u0142atwemu w obs\u0142udze wid\u017cetowi paska og\u0142osze\u0144 Elfsight. Prezentuj pilne alerty i zach\u0119caj odwiedzaj\u0105cych do podj\u0119cia dzia\u0142a\u0144.","breadcrumb":{"@id":"https:\/\/elfsight.com\/pl\/announcement-bar-widget\/webflow\/#breadcrumb"},"inLanguage":"pl-PL","potentialAction":[{"@type":"ReadAction","target":["https:\/\/elfsight.com\/pl\/announcement-bar-widget\/webflow\/"]}]},{"@type":"BreadcrumbList","@id":"https:\/\/elfsight.com\/pl\/announcement-bar-widget\/webflow\/#breadcrumb","itemListElement":[{"@type":"ListItem","position":1,"name":"Home","item":"https:\/\/elfsight.com\/pl\/"},{"@type":"ListItem","position":2,"name":"Announcement Bar","item":"https:\/\/elfsight.com\/pl\/announcement-bar-widget\/"},{"@type":"ListItem","position":3,"name":"Announcement Bar &#8211; Webflow"}]},{"@type":"WebSite","@id":"https:\/\/elfsight.com\/pl\/#website","url":"https:\/\/elfsight.com\/pl\/","name":"Elfsight PL","description":"Just another Elfsight Sites site","potentialAction":[{"@type":"SearchAction","target":{"@type":"EntryPoint","urlTemplate":"https:\/\/elfsight.com\/pl\/?s={search_term_string}"},"query-input":{"@type":"PropertyValueSpecification","valueRequired":true,"valueName":"search_term_string"}}],"inLanguage":"pl-PL"}]}},"meta_box":{"industry":"","seo_heading":"","heading":"","description":"","cta_heading":"","cta_description":"","application":"3339","h1":"Widget paska og\u0142osze\u0144 Webflow","h1_caption":"Dodaj wid\u017cet paska og\u0142osze\u0144 do swojej witryny Webflow, aby wyr\u00f3\u017cnia\u0107 wa\u017cne aktualizacje w czasie rzeczywistym i zwi\u0119ksza\u0107 zaufanie i zaanga\u017cowanie klient\u00f3w.","application_category":[],"applications_title":"","applications_request_title":"","applications_request_button_text":"","hero_text":"","hero_video":"","hero_video_schema_markup":"","selling_points_title":"","selling_points_caption":"","selling_points":[],"selling_points_cta_text":"","features_title":"","features":"","ed_cta_examples_text":"","ed_cta_examples_hidden":"","ed_cta_demo_text":"","ed_cta_demo_hidden":"","why_caption":"","why_editor_title":"","why_editor_text":"","why_team_title":"","why_team_text":"","why_service_title":"","why_service_text":"","template_catalog_visible":"","template_catalog_title":"","template_catalog_text":"","template_catalog_categories_visible":"","demo_title":"Utw\u00f3rz wid\u017cet paska og\u0142osze\u0144 Webflow","demo_caption":"Zaprojektuj bezp\u0142atnie wid\u017cet paska og\u0142osze\u0144 dla witryny Webflow.","default_faq_hidden":"","app_template_category":[],"platform":"127","template_public_id":"","codecanyon_url":"","codecanyon_item_id":"","codecanyon_price":"","pricing_caption":"","pricing_elfsight_apps_hide_column":"","pricing_elfsight_apps_url":"","pricing_codecanyon_price_caption":"","integration_category":[],"integration_request_title":"","integration_request_cta":"","integration_platform":"","integrations":[],"platform_category":[],"video_schema_markup":"","price":"","trial":"","benefits":[{"text":"Bezp\u0142atne wsparcie instalacyjne"},{"text":"Skuteczna obs\u0142uga klienta"},{"text":"14-dniowa gwarancja zwrotu pieni\u0119dzy"},{"text":"Ci\u0105g\u0142a aktualizacja"}],"button_url":"#demo","button_target_blank":"","button_nofollow":"","attributes":[{"name":"Zainstalowany","content":"1,000 - 5,0000","_state":"expanded"},{"name":"Czu\u0142y","content":"Tak","_state":"expanded"},{"name":"Kompatybilne przegl\u0105darki","content":"Firefox, Safari, Opera, Chrome, Edge","_state":"expanded"}],"tags":[],"tags_disable_links":"","hide_more_platforms":"","video_object":"","demo_hide_cta":"","demo_hide_cloud_options":"","pricing_title":"","pricing":[{"pricing_icon":"platform","pricing_title":"Elfsight Apps","pricing_title_caption":"Wieloplatformowe rozwi\u0105zanie cyfrowe","pricing_price":"Zaczynaj\u0105c od 0 USD\/miesi\u0105c","pricing_price_caption":"Zacznij od bezp\u0142atnego planu","pricing_button_text":"Dodaj do witryny","pricing_button_url":"#demo"}],"related_apps_title":"","related_apps_hidden":"","author":"","image":[],"title":"","job":"","social_networks":[]},"_links":{"self":[{"href":"https:\/\/elfsight.com\/pl\/wp-json\/wp\/v2\/pages\/9801","targetHints":{"allow":["GET"]}}],"collection":[{"href":"https:\/\/elfsight.com\/pl\/wp-json\/wp\/v2\/pages"}],"about":[{"href":"https:\/\/elfsight.com\/pl\/wp-json\/wp\/v2\/types\/page"}],"author":[{"embeddable":true,"href":"https:\/\/elfsight.com\/pl\/wp-json\/wp\/v2\/users\/9"}],"replies":[{"embeddable":true,"href":"https:\/\/elfsight.com\/pl\/wp-json\/wp\/v2\/comments?post=9801"}],"version-history":[{"count":1,"href":"https:\/\/elfsight.com\/pl\/wp-json\/wp\/v2\/pages\/9801\/revisions"}],"predecessor-version":[{"id":9805,"href":"https:\/\/elfsight.com\/pl\/wp-json\/wp\/v2\/pages\/9801\/revisions\/9805"}],"up":[{"embeddable":true,"href":"https:\/\/elfsight.com\/pl\/wp-json\/wp\/v2\/pages\/3386"}],"wp:attachment":[{"href":"https:\/\/elfsight.com\/pl\/wp-json\/wp\/v2\/media?parent=9801"}],"curies":[{"name":"wp","href":"https:\/\/api.w.org\/{rel}","templated":true}]}}