{"id":9800,"date":"2024-12-20T11:05:01","date_gmt":"2024-12-20T11:05:01","guid":{"rendered":"https:\/\/elfsight.com\/pl\/?page_id=9800"},"modified":"2025-02-12T15:44:20","modified_gmt":"2025-02-12T15:44:20","slug":"html","status":"publish","type":"page","link":"https:\/\/elfsight.com\/pl\/announcement-bar-widget\/html\/","title":{"rendered":"Announcement Bar &#8211; HTML"},"content":{"rendered":"<div class=\"application-platform-content-item-description application-platform-content-item\" id=\"description\" data-nav-section=\"description\"> <p>Wid\u017cet paska og\u0142osze\u0144 pomaga firmom udost\u0119pnia\u0107 odwiedzaj\u0105cym wa\u017cne informacje w widocznym miejscu. \u015awietnie nadaje si\u0119 do informowania klient\u00f3w o ekskluzywnych promocjach, nadchodz\u0105cych wyprzeda\u017cach lub wa\u017cnych informacjach, takich jak aktualizacje wysy\u0142ek. <\/p><p>Zwi\u0119ksz zaanga\u017cowanie, motywuj\u0105c odwiedzaj\u0105cych do podj\u0119cia dzia\u0142ania, niezale\u017cnie od tego, czy jest to z\u0142o\u017cenie zam\u00f3wienia, czy zapisanie si\u0119 na list\u0119 e-mailow\u0105. Dzi\u0119ki konfiguracji bez kodu wid\u017cet p\u0142ynnie integruje si\u0119 z Twoj\u0105 witryn\u0105. Mo\u017cna go w pe\u0142ni dostosowa\u0107, dzi\u0119ki czemu mo\u017cesz \u0142atwo wybra\u0107 styl pasuj\u0105cy do Twojej marki.<\/p><p><b>Popraw widoczno\u015b\u0107 wa\u017cnych wiadomo\u015bci i zwi\u0119ksz zaufanie klient\u00f3w dzi\u0119ki Paskowi og\u0142osze\u0144.<\/b><\/p><\/div> <div class=\"application-platform-content-item-features application-platform-content-item\" id=\"features\" data-nav-section=\"features\"> <h2>Funkcje wid\u017cetu HTML dla paska og\u0142osze\u0144<\/h2> <p>Funkcje wid\u017cetu HTML dla paska og\u0142osze\u0144<\/h2> <p> Wid\u017cet paska og\u0142osze\u0144 Elfsight ma na celu zwi\u0119kszenie uwagi klient\u00f3w poprzez wy\u015bwietlanie dynamicznych powiadomie\u0144 o wa\u017cnych wiadomo\u015bciach. To wszechstronne narz\u0119dzie nie tylko buduje zaufanie, wy\u015bwietlaj\u0105c wa\u017cne informacje, ale tak\u017ce zach\u0119ca odwiedzaj\u0105cych do podj\u0119cia dzia\u0142a\u0144 za pomoc\u0105 ukierunkowanych alert\u00f3w. Poni\u017cej znajduje si\u0119 pe\u0142na lista kluczowych funkcji wid\u017cetu:<\/p><ul><li><b>Szybka i \u0142atwa konfiguracja.<\/b> Bezproblemowa konfiguracja bez wiedzy technicznej, umo\u017cliwiaj\u0105ca \u0142atwe i szybkie wdro\u017cenie w Twojej witrynie.<\/li><li><b>Przykuwaj\u0105cy wzrok, ale nieinwazyjny.<\/b> Konfigurowalne opcje widoczno\u015bci pozwalaj\u0105 tworzy\u0107 efektowne og\u0142oszenia, zapewniaj\u0105c jednocze\u015bnie wspania\u0142e wra\u017cenia.<\/li><li><b>Zwi\u0119ksz sprzeda\u017c kluczowych produkt\u00f3w.<\/b> Prezentuj oferty specjalne. bezpo\u015brednio z paska og\u0142osze\u0144, aby przyci\u0105gn\u0105\u0107 uwag\u0119 i zwi\u0119kszy\u0107 liczb\u0119 konwersji w przypadku okre\u015blonych produkt\u00f3w.<\/li><li><b>Wyr\u00f3\u017cnij nowo\u015bci i aktualizacje.<\/b> Og\u0142aszaj nowe oferty lub dodatki do istniej\u0105cych produkt\u00f3w i dbaj o zainteresowanie odwiedzaj\u0105cych \u015bwie\u017cymi i aktualnymi tre\u015bciami.<\/li><li><b>Sp\u00f3jno\u015b\u0107 marki.<\/b> Pe\u0142ne opcje dostosowywania w celu dostosowania do wygl\u0105du i stylu Twojej witryny, zapewniaj\u0105c sp\u00f3jne i bezproblemowe dzia\u0142anie Do\u015bwiadczenie u\u017cytkownika.<\/li><li><b>Mo\u017cliwo\u015b\u0107 dostosowania projektu.<\/b> W pe\u0142ni konfigurowalne szablony i tre\u015b\u0107, kt\u00f3re pozwalaj\u0105 bez wysi\u0142ku odzwierciedli\u0107 unikaln\u0105 to\u017csamo\u015b\u0107 marki.<\/li><\/ul><p><a href=\"#demo\">Wypr\u00f3buj prosty edytor, aby zobaczy\u0107, jak dzia\u0142a widget<\/a><\/p><\/div> <div class=\"application-platform-content-item-installation application-platform-content-item\" id=\"installation\" data-nav-section=\"installation\"> <h2>Jak doda\u0107 pasek og\u0142osze\u0144 w formacie HTML?<\/h2><p>Aby osadzi\u0107 wid\u017cet paska og\u0142osze\u0144 w swojej witrynie, wykonaj nast\u0119puj\u0105ce proste kroki:<\/p> <ol><li>Otw\u00f3rz edytor wid\u017cet\u00f3w i wybierz szablon pasuj\u0105cy do stylu Twojej witryny.<\/li><li>Dostosuj wid\u017cet, aktualizuj\u0105c jego przekaz, dzia\u0142anie i elementy wizualne, przycisk, pozycj\u0119 na stronie itp.<\/li><li>Zapisz zmiany i skopiuj dostarczony kod HTML paska og\u0142osze\u0144. Wklej kod do edytora swojej witryny i potwierd\u017a zmiany.<\/li><\/ol><p>To wszystko! Tw\u00f3j wid\u017cet jest ju\u017c aktywny!<\/p><p>Je\u015bli masz jakiekolwiek problemy z osadzeniem wid\u017cetu w swojej witrynie, skontaktuj si\u0119 z naszym zespo\u0142em obs\u0142ugi klienta. Ch\u0119tnie pomo\u017cemy Ci doda\u0107 i dostosowa\u0107 pasek og\u0142osze\u0144.<\/p><\/div> <h2>FAQ<\/h2><div class=\"faq\" data-component=\"FAQ\"><div class=\"faq-item\">\r\n\t\t\t\t\t<div class=\"faq-item-question\">\r\n\t\t\t\t\t\t<h3 class=\"faq-item-question-text\"><\/h3>\r\n\r\n\t\t\t\t\t\t<div class=\"faq-item-question-icon\"><\/div>\r\n\t\t\t\t\t<\/div>\r\n\r\n\t\t\t\t\t<div class=\"faq-item-answer\">\r\n\t\t\t\t\t\t<div class=\"faq-item-answer-text\">Tak, dost\u0119pna jest bezp\u0142atna opcja zapewniaj\u0105ca podstawowe narz\u0119dzia i idealna w przypadku mniejszych witryn lub test\u00f3w. P\u0142atne plany zaczynaj\u0105 si\u0119 od 5 USD miesi\u0119cznie i obejmuj\u0105 zaawansowane funkcje.<\/div>\r\n\t\t\t\t\t<\/div>\r\n\t\t\t\t<\/div><div class=\"faq-item\">\r\n\t\t\t\t\t<div class=\"faq-item-question\">\r\n\t\t\t\t\t\t<h3 class=\"faq-item-question-text\">Jakie typy wid\u017cet\u00f3w paska og\u0142osze\u0144 mog\u0119 doda\u0107 do mojej witryny?<\/h3>\r\n\r\n\t\t\t\t\t\t<div class=\"faq-item-question-icon\"><\/div>\r\n\t\t\t\t\t<\/div>\r\n\r\n\t\t\t\t\t<div class=\"faq-item-answer\">\r\n\t\t\t\t\t\t<div class=\"faq-item-answer-text\">Mo\u017cesz utworzy\u0107 r\u00f3\u017cne paski og\u0142osze\u0144, takie jak: Np. te, kt\u00f3re promuj\u0105 bezp\u0142atn\u0105 wysy\u0142k\u0119, og\u0142aszaj\u0105 nowo\u015bci lub podkre\u015blaj\u0105 trwaj\u0105c\u0105 wyprzeda\u017c. Paski te mo\u017cna u\u0142o\u017cy\u0107 na g\u00f3rze w celu ci\u0105g\u0142ego wy\u015bwietlania lub przenie\u015b\u0107, aby by\u0142y zawsze widoczne.<\/div>\r\n\t\t\t\t\t<\/div>\r\n\t\t\t\t<\/div><div class=\"faq-item\">\r\n\t\t\t\t\t<div class=\"faq-item-question\">\r\n\t\t\t\t\t\t<h3 class=\"faq-item-question-text\">Jak edytowa\u0107 wid\u017cet paska og\u0142osze\u0144 w witrynie HTML?<\/h3>\r\n\r\n\t\t\t\t\t\t<div class=\"faq-item-question-icon\"><\/div>\r\n\t\t\t\t\t<\/div>\r\n\r\n\t\t\t\t\t<div class=\"faq-item-answer\">\r\n\t\t\t\t\t\t<div class=\"faq-item-answer-text\">Edycja wid\u017cetu paska og\u0142osze\u0144 jest \u0142atwa dzi\u0119ki dost\u0119pnemu edytorowi Elfsight. Mo\u017cesz dostosowa\u0107 tekst, projekt i po\u0142o\u017cenie, aby dopasowa\u0107 je do estetyki swojej marki. Dodatkowe funkcje, takie jak ustawienia harmonogramu, pozwalaj\u0105 dostosowa\u0107 pasek tak, aby by\u0142 atrakcyjny dla odbiorc\u00f3w.<\/div>\r\n\t\t\t\t\t<\/div>\r\n\t\t\t\t<\/div><div class=\"faq-item\">\r\n\t\t\t\t\t<div class=\"faq-item-question\">\r\n\t\t\t\t\t\t<h3 class=\"faq-item-question-text\">Jakich innych wid\u017cet\u00f3w mog\u0119 u\u017cy\u0107, aby zwi\u0119kszy\u0107 zaanga\u017cowanie odbiorc\u00f3w?<\/h3>\r\n\r\n\t\t\t\t\t\t<div class=\"faq-item-question-icon\"><\/div>\r\n\t\t\t\t\t<\/div>\r\n\r\n\t\t\t\t\t<div class=\"faq-item-answer\">\r\n\t\t\t\t\t\t<div class=\"faq-item-answer-text\">Mo\u017cesz u\u017cy\u0107 <a href=\"https:\/\/elfsight.com\/sales-notification-widget\/html\/\" rel=\"noopener\">Dodaj wid\u017cet powiadomie\u0144 o sprzeda\u017cy<\/a>, aby pokaza\u0107 ostatnie zakupy i zwi\u0119kszy\u0107 wiarygodno\u015b\u0107. <a href=\"https:\/\/elfsight.com\/popup-widget\/html\/\" rel=\"noopener\">Wyskakuj\u0105cy wid\u017cet<\/a> doskonale nadaje si\u0119 do dzielenia si\u0119 rabatami i zach\u0119cania odwiedzaj\u0105cych do interakcji z Twoimi tre\u015bciami. <a href=\"https:\/\/elfsight.com\/banner-widget\/html\/\" rel=\"noopener\">Wid\u017cet banera<\/a> wy\u015bwietla wa\u017cne aktualizacje, dzi\u0119ki czemu wa\u017cne informacje s\u0105 wyr\u00f3\u017cnione.<\/div>\r\n\t\t\t\t\t<\/div>\r\n\t\t\t\t<\/div><\/div>","protected":false},"excerpt":{"rendered":"FAQ","protected":false},"author":9,"featured_media":0,"parent":3386,"menu_order":0,"comment_status":"closed","ping_status":"closed","template":"templates\/template-application-platform.php","meta":{"publish_to_discourse":"","publish_post_category":"","wpdc_auto_publish_overridden":"","wpdc_topic_tags":"","wpdc_pin_topic":"","wpdc_pin_until":"","discourse_post_id":"","discourse_permalink":"","wpdc_publishing_response":"","wpdc_publishing_error":"","footnotes":""},"class_list":["post-9800","page","type-page","status-publish","hentry"],"yoast_head":"<!-- This site is optimized with the Yoast SEO plugin v25.3.1 - https:\/\/yoast.com\/wordpress\/plugins\/seo\/ -->\n<title>Wid\u017cet paska og\u0142osze\u0144 HTML \u2014 dodawaj powiadomienia do witryny internetowej<\/title>\n<meta name=\"description\" content=\"Zwi\u0119ksz zaanga\u017cowanie dzi\u0119ki prostemu wid\u017cetowi paska og\u0142osze\u0144 Elfsight. Prezentuj pilne alerty, aby przyci\u0105gn\u0105\u0107 uwag\u0119 odwiedzaj\u0105cych i sk\u0142oni\u0107 ich do podj\u0119cia dzia\u0142a\u0144.\" \/>\n<meta name=\"robots\" content=\"index, follow, max-snippet:-1, max-image-preview:large, max-video-preview:-1\" \/>\n<link rel=\"canonical\" href=\"https:\/\/elfsight.com\/pl\/announcement-bar-widget\/html\/\" \/>\n<meta property=\"og:locale\" content=\"pl_PL\" \/>\n<meta property=\"og:type\" content=\"article\" \/>\n<meta property=\"og:title\" content=\"Wid\u017cet paska og\u0142osze\u0144 HTML \u2014 dodawaj powiadomienia do witryny internetowej\" \/>\n<meta property=\"og:description\" content=\"Zwi\u0119ksz zaanga\u017cowanie dzi\u0119ki prostemu wid\u017cetowi paska og\u0142osze\u0144 Elfsight. Prezentuj pilne alerty, aby przyci\u0105gn\u0105\u0107 uwag\u0119 odwiedzaj\u0105cych i sk\u0142oni\u0107 ich do podj\u0119cia dzia\u0142a\u0144.\" \/>\n<meta property=\"og:url\" content=\"https:\/\/elfsight.com\/pl\/announcement-bar-widget\/html\/\" \/>\n<meta property=\"og:site_name\" content=\"Elfsight PL\" \/>\n<meta property=\"article:modified_time\" content=\"2025-02-12T15:44:20+00:00\" \/>\n<meta name=\"twitter:card\" content=\"summary_large_image\" \/>\n<meta name=\"twitter:label1\" content=\"Szacowany czas czytania\" \/>\n\t<meta name=\"twitter:data1\" content=\"4 minuty\" \/>\n<!-- \/ Yoast SEO plugin. -->","yoast_head_json":{"title":"Wid\u017cet paska og\u0142osze\u0144 HTML \u2014 dodawaj powiadomienia do witryny internetowej","description":"Zwi\u0119ksz zaanga\u017cowanie dzi\u0119ki prostemu wid\u017cetowi paska og\u0142osze\u0144 Elfsight. Prezentuj pilne alerty, aby przyci\u0105gn\u0105\u0107 uwag\u0119 odwiedzaj\u0105cych i sk\u0142oni\u0107 ich do podj\u0119cia dzia\u0142a\u0144.","robots":{"index":"index","follow":"follow","max-snippet":"max-snippet:-1","max-image-preview":"max-image-preview:large","max-video-preview":"max-video-preview:-1"},"canonical":"https:\/\/elfsight.com\/pl\/announcement-bar-widget\/html\/","og_locale":"pl_PL","og_type":"article","og_title":"Wid\u017cet paska og\u0142osze\u0144 HTML \u2014 dodawaj powiadomienia do witryny internetowej","og_description":"Zwi\u0119ksz zaanga\u017cowanie dzi\u0119ki prostemu wid\u017cetowi paska og\u0142osze\u0144 Elfsight. Prezentuj pilne alerty, aby przyci\u0105gn\u0105\u0107 uwag\u0119 odwiedzaj\u0105cych i sk\u0142oni\u0107 ich do podj\u0119cia dzia\u0142a\u0144.","og_url":"https:\/\/elfsight.com\/pl\/announcement-bar-widget\/html\/","og_site_name":"Elfsight PL","article_modified_time":"2025-02-12T15:44:20+00:00","twitter_card":"summary_large_image","twitter_misc":{"Szacowany czas czytania":"4 minuty"},"schema":{"@context":"https:\/\/schema.org","@graph":[{"@type":"WebPage","@id":"https:\/\/elfsight.com\/pl\/announcement-bar-widget\/html\/","url":"https:\/\/elfsight.com\/pl\/announcement-bar-widget\/html\/","name":"Wid\u017cet paska og\u0142osze\u0144 HTML \u2014 dodawaj powiadomienia do witryny internetowej","isPartOf":{"@id":"https:\/\/elfsight.com\/pl\/#website"},"datePublished":"2024-12-20T11:05:01+00:00","dateModified":"2025-02-12T15:44:20+00:00","description":"Zwi\u0119ksz zaanga\u017cowanie dzi\u0119ki prostemu wid\u017cetowi paska og\u0142osze\u0144 Elfsight. Prezentuj pilne alerty, aby przyci\u0105gn\u0105\u0107 uwag\u0119 odwiedzaj\u0105cych i sk\u0142oni\u0107 ich do podj\u0119cia dzia\u0142a\u0144.","breadcrumb":{"@id":"https:\/\/elfsight.com\/pl\/announcement-bar-widget\/html\/#breadcrumb"},"inLanguage":"pl-PL","potentialAction":[{"@type":"ReadAction","target":["https:\/\/elfsight.com\/pl\/announcement-bar-widget\/html\/"]}]},{"@type":"BreadcrumbList","@id":"https:\/\/elfsight.com\/pl\/announcement-bar-widget\/html\/#breadcrumb","itemListElement":[{"@type":"ListItem","position":1,"name":"Home","item":"https:\/\/elfsight.com\/pl\/"},{"@type":"ListItem","position":2,"name":"Announcement Bar","item":"https:\/\/elfsight.com\/pl\/announcement-bar-widget\/"},{"@type":"ListItem","position":3,"name":"Announcement Bar &#8211; HTML"}]},{"@type":"WebSite","@id":"https:\/\/elfsight.com\/pl\/#website","url":"https:\/\/elfsight.com\/pl\/","name":"Elfsight PL","description":"Just another Elfsight Sites site","potentialAction":[{"@type":"SearchAction","target":{"@type":"EntryPoint","urlTemplate":"https:\/\/elfsight.com\/pl\/?s={search_term_string}"},"query-input":{"@type":"PropertyValueSpecification","valueRequired":true,"valueName":"search_term_string"}}],"inLanguage":"pl-PL"}]}},"meta_box":{"industry":"","seo_heading":"","heading":"","description":"","cta_heading":"","cta_description":"","application":"3339","h1":"Wid\u017cet paska og\u0142osze\u0144 HTML","h1_caption":"Dodaj wid\u017cet paska og\u0142osze\u0144 do swojej witryny HTML, aby wyr\u00f3\u017cnia\u0107 wa\u017cne aktualizacje w czasie rzeczywistym i zwi\u0119ksza\u0107 zaufanie i zaanga\u017cowanie klient\u00f3w.","application_category":[],"applications_title":"","applications_request_title":"","applications_request_button_text":"","hero_text":"","hero_video":"","hero_video_schema_markup":"","selling_points_title":"","selling_points_caption":"","selling_points":[],"selling_points_cta_text":"","features_title":"","features":"","ed_cta_examples_text":"","ed_cta_examples_hidden":"","ed_cta_demo_text":"","ed_cta_demo_hidden":"","why_caption":"","why_editor_title":"","why_editor_text":"","why_team_title":"","why_team_text":"","why_service_title":"","why_service_text":"","template_catalog_visible":"","template_catalog_title":"","template_catalog_text":"","template_catalog_categories_visible":"","demo_title":"Wid\u017cet paska og\u0142osze\u0144 HTML","demo_caption":"Utw\u00f3rz wid\u017cet paska og\u0142osze\u0144 i dodaj go bezp\u0142atnie do swojej witryny HTML.","default_faq_hidden":"","app_template_category":[],"platform":"50","template_public_id":"","codecanyon_url":"","codecanyon_item_id":"","codecanyon_price":"","pricing_caption":"","pricing_elfsight_apps_hide_column":"","pricing_elfsight_apps_url":"","pricing_codecanyon_price_caption":"","integration_category":[],"integration_request_title":"","integration_request_cta":"","integration_platform":"","integrations":[],"platform_category":[],"video_schema_markup":"","price":"","trial":"","benefits":[{"text":"Bezp\u0142atna us\u0142uga monta\u017cu"},{"text":"Profesjonalna obs\u0142uga klienta"},{"text":"14-dniowa gwarancja zwrotu pieni\u0119dzy"},{"text":"Przysz\u0142e aktualizacje"}],"button_url":"#demo","button_target_blank":"","button_nofollow":"","attributes":[{"name":"Zainstalowany","content":"1,500 - 5,000","_state":"expanded"},{"name":"Czu\u0142y","content":"Tak","_state":"expanded"},{"name":"Kompatybilne przegl\u0105darki","content":"Firefox, Safari, Opera, Chrome, Edge","_state":"expanded"}],"tags":[],"tags_disable_links":"","hide_more_platforms":"","video_object":"","demo_hide_cta":"","demo_hide_cloud_options":"","pricing_title":"","pricing":[{"pricing_icon":"platform","pricing_title":"Elfsight Apps","pricing_title_caption":"Rozwi\u0105zanie wieloplatformowe ","pricing_price":"Zaczynaj\u0105c od 0 USD\/miesi\u0105c","pricing_price_caption":"Zacznij od bezp\u0142atnego planu","pricing_button_text":"Dodaj do witryny","pricing_button_url":"#demo"}],"related_apps_title":"","related_apps_hidden":"","author":"","image":[],"title":"","job":"","social_networks":[]},"_links":{"self":[{"href":"https:\/\/elfsight.com\/pl\/wp-json\/wp\/v2\/pages\/9800","targetHints":{"allow":["GET"]}}],"collection":[{"href":"https:\/\/elfsight.com\/pl\/wp-json\/wp\/v2\/pages"}],"about":[{"href":"https:\/\/elfsight.com\/pl\/wp-json\/wp\/v2\/types\/page"}],"author":[{"embeddable":true,"href":"https:\/\/elfsight.com\/pl\/wp-json\/wp\/v2\/users\/9"}],"replies":[{"embeddable":true,"href":"https:\/\/elfsight.com\/pl\/wp-json\/wp\/v2\/comments?post=9800"}],"version-history":[{"count":1,"href":"https:\/\/elfsight.com\/pl\/wp-json\/wp\/v2\/pages\/9800\/revisions"}],"predecessor-version":[{"id":9804,"href":"https:\/\/elfsight.com\/pl\/wp-json\/wp\/v2\/pages\/9800\/revisions\/9804"}],"up":[{"embeddable":true,"href":"https:\/\/elfsight.com\/pl\/wp-json\/wp\/v2\/pages\/3386"}],"wp:attachment":[{"href":"https:\/\/elfsight.com\/pl\/wp-json\/wp\/v2\/media?parent=9800"}],"curies":[{"name":"wp","href":"https:\/\/api.w.org\/{rel}","templated":true}]}}