{"id":9799,"date":"2024-12-20T11:29:21","date_gmt":"2024-12-20T11:29:21","guid":{"rendered":"https:\/\/elfsight.com\/pl\/?page_id=9799"},"modified":"2025-10-23T14:17:03","modified_gmt":"2025-10-23T14:17:03","slug":"wordpress","status":"publish","type":"page","link":"https:\/\/elfsight.com\/pl\/announcement-bar-widget\/wordpress\/","title":{"rendered":"Announcement Bar &#8211; WordPress"},"content":{"rendered":"<div class=\"application-platform-content-item-description application-platform-content-item\" id=\"description\" data-nav-section=\"description\"> <p>Wtyczka Bar og\u0142osze\u0144 pomaga firmom w przejrzysty spos\u00f3b udost\u0119pnia\u0107 odwiedzaj\u0105cym wa\u017cne informacje. \u015awietnie nadaje si\u0119 do informowania klient\u00f3w o nowych ofertach, wydarzeniach biznesowych lub wa\u017cnych szczeg\u00f3\u0142ach, takich jak aktualizacje dotycz\u0105ce wysy\u0142ki.<\/p><p>Zwi\u0119ksz zaanga\u017cowanie, zach\u0119caj\u0105c odwiedzaj\u0105cych do podj\u0119cia dzia\u0142ania, niezale\u017cnie od tego, czy chodzi o dokonanie zakupu, czy zapisanie si\u0119 do promocji. Dzi\u0119ki konfiguracji bez kodu wtyczka bezproblemowo pasuje do Twojej witryny. Jest w pe\u0142ni konfigurowalny, dzi\u0119ki czemu mo\u017cesz \u0142atwo wybra\u0107 styl pasuj\u0105cy do Twojej marki.<\/p><p><b>Zwi\u0119ksz widoczno\u015b\u0107 swoich najwa\u017cniejszych aktualizacji i promocji, aby budowa\u0107 lojalno\u015b\u0107 wobec marki dzi\u0119ki Paskowi og\u0142osze\u0144.<\/b><\/p><\/div> <div class=\"application-platform-content-item-features application-platform-content-item\" id=\"features\" data-nav-section=\"features\"> <h2>Funkcje wtyczki paska og\u0142osze\u0144<\/h2> <p>To Wtyczka paska og\u0142osze\u0144 WordPress firmy Elfsight zosta\u0142a zaprojektowana w celu usprawnienia interakcji z klientem poprzez wy\u015bwietlanie dynamicznych powiadomie\u0144 o wa\u017cnych aktualizacjach. To elastyczne narz\u0119dzie nie tylko buduje zaufanie, przekazuj\u0105c wa\u017cne informacje, ale tak\u017ce zach\u0119ca odwiedzaj\u0105cych do podj\u0119cia dzia\u0142a\u0144 za pomoc\u0105 ukierunkowanych alert\u00f3w. Poni\u017cej znajduje si\u0119 szczeg\u00f3\u0142owa lista kluczowych funkcji wtyczki:<\/p><ul><li><b>Szybka i \u0142atwa konfiguracja.<\/b> \u0141atwa konfiguracja niewymagaj\u0105ca wiedzy technicznej, umo\u017cliwiaj\u0105ca \u0142atwe i szybkie wdro\u017cenie na Twojej stronie internetowej.<\/li><li><b>Przykuwaj\u0105cy wzrok, ale nieinwazyjny.<\/b> Konfigurowalne opcje projektowania pozwalaj\u0105 tworzy\u0107 efektowne og\u0142oszenia, zapewniaj\u0105c jednocze\u015bnie bezproblemow\u0105 obs\u0142ug\u0119.<\/li><li><b>Zwi\u0119ksz sprzeda\u017c kluczowych produkt\u00f3w.<\/b> Bezpo\u015brednie prezentowanie ofert specjalnych. za pomoc\u0105 paska og\u0142osze\u0144, aby przyci\u0105gn\u0105\u0107 uwag\u0119 i zwi\u0119kszy\u0107 liczb\u0119 konwersji w przypadku okre\u015blonych produkt\u00f3w.<\/li><li><b>Wyr\u00f3\u017cnij nowo\u015bci i aktualizacje.<\/b> Prezentuj premiery nowych produkt\u00f3w lub uzupe\u0142nienia istniej\u0105cych ofert, aby utrzyma\u0107 zainteresowanie odwiedzaj\u0105cych \u015bwie\u017cymi i aktualnymi tre\u015bciami.<\/li><li><b>Sp\u00f3jno\u015b\u0107 marki.<\/b> Pe\u0142ne opcje dostosowywania, aby dostosowa\u0107 wygl\u0105d i styl swojej witryny oraz zapewni\u0107 bezb\u0142\u0119dne i sp\u00f3jne do\u015bwiadczenie pewno\u015b\u0107.<\/li><li><b>Dostosowywany projekt.<\/b> W pe\u0142ni konfigurowalne uk\u0142ady i style, dzi\u0119ki kt\u00f3rym mo\u017cesz p\u0142ynnie odzwierciedla\u0107 to\u017csamo\u015b\u0107 swojej marki.<\/li><\/ul><p><a href=\"#demo\">Wypr\u00f3buj \u0142atwy w u\u017cyciu edytor, aby zobaczy\u0107, jak dzia\u0142a wtyczka<\/a><\/p><\/div> <div class=\"application-platform-content-item-installation application-platform-content-item\" id=\"installation\" data-nav-section=\"installation\"> <h2>Jak doda\u0107 Jak doda\u0107 pasek og\u0142osze\u0144 w WordPress?<\/h2><div class=\"video-container\">\n<iframe width=\"720\" height=\"405\" src=\"https:\/\/www.youtube.com\/embed\/pGqhUWVLpNM?si=r8fQYbUck2N6mAJQ\" frameborder=\"0\" allowfullscreen=\"\"><\/iframe>\n<\/div><p>Aby osadzi\u0107 wtyczk\u0119 paska og\u0142osze\u0144 w swojej witrynie, wykonaj nast\u0119puj\u0105ce proste kroki:<\/p> <ol><li>Uruchom edytor wtyczek i wybierz szablon pasuj\u0105cy do stylu Twojej witryny.<\/li><li>Zmie\u0144 wtyczk\u0119, aktualizuj\u0105c jej przekaz, dzia\u0142anie i elementy wizualne, przycisk, po\u0142o\u017cenie na stronie itp.<\/li><li>Zachowaj zmiany i skopiuj plik podany fragment HTML. Wklej kod do systemu CMS swojej witryny i wprowad\u017a zmiany.<\/li><\/ol><p>Rozumiem! Twoja wtyczka Announcement Bar do WordPress jest teraz aktywna!<\/p><p>Je\u015bli napotkasz trudno\u015bci z osadzeniem wtyczki na stronie internetowej, po prostu skontaktuj si\u0119 z naszym dzia\u0142em obs\u0142ugi klienta. Ch\u0119tnie pomo\u017cemy Ci doda\u0107 pasek og\u0142osze\u0144 i zarz\u0105dza\u0107 nim.<\/p><\/div> <h2>FAQ<\/h2><div class=\"faq\" data-component=\"FAQ\"><div class=\"faq-item\">\r\n\t\t\t\t\t<div class=\"faq-item-question\">\r\n\t\t\t\t\t\t<h3 class=\"faq-item-question-text\"><\/h3>\r\n\r\n\t\t\t\t\t\t<div class=\"faq-item-question-icon\"><\/div>\r\n\t\t\t\t\t<\/div>\r\n\r\n\t\t\t\t\t<div class=\"faq-item-answer\">\r\n\t\t\t\t\t\t<div class=\"faq-item-answer-text\">Tak, dost\u0119pna jest bezp\u0142atna opcja zapewniaj\u0105ca podstawow\u0105 funkcjonalno\u015b\u0107, idealn\u0105 dla ma\u0142ych witryn lub test\u00f3w. P\u0142atne plany s\u0105 dost\u0119pne za jedyne 5 USD miesi\u0119cznie i obejmuj\u0105 dodatkowe funkcje.<\/div>\r\n\t\t\t\t\t<\/div>\r\n\t\t\t\t<\/div><div class=\"faq-item\">\r\n\t\t\t\t\t<div class=\"faq-item-question\">\r\n\t\t\t\t\t\t<h3 class=\"faq-item-question-text\">Jakie typy wtyczek paska og\u0142osze\u0144 mog\u0119 doda\u0107 do mojej witryny?<\/h3>\r\n\r\n\t\t\t\t\t\t<div class=\"faq-item-question-icon\"><\/div>\r\n\t\t\t\t\t<\/div>\r\n\r\n\t\t\t\t\t<div class=\"faq-item-answer\">\r\n\t\t\t\t\t\t<div class=\"faq-item-answer-text\">Mo\u017cesz doda\u0107 r\u00f3\u017cne paski og\u0142osze\u0144 do WordPressa, takie jak: B. te, kt\u00f3re informuj\u0105 o ofertach darmowej wysy\u0142ki, pokazuj\u0105 aktualno\u015bci lub podkre\u015blaj\u0105 trwaj\u0105c\u0105 wyprzeda\u017c. Paski te mog\u0105 by\u0107 statyczne, aby umo\u017cliwi\u0107 nieprzerwane wy\u015bwietlanie, lub ruchome, aby zapewni\u0107 sta\u0142\u0105 widoczno\u015b\u0107.<\/div>\r\n\t\t\t\t\t<\/div>\r\n\t\t\t\t<\/div><div class=\"faq-item\">\r\n\t\t\t\t\t<div class=\"faq-item-question\">\r\n\t\t\t\t\t\t<h3 class=\"faq-item-question-text\">Jak edytowa\u0107 wtyczk\u0119 paska og\u0142osze\u0144 w witrynie WordPress?<\/h3>\r\n\r\n\t\t\t\t\t\t<div class=\"faq-item-question-icon\"><\/div>\r\n\t\t\t\t\t<\/div>\r\n\r\n\t\t\t\t\t<div class=\"faq-item-answer\">\r\n\t\t\t\t\t\t<div class=\"faq-item-answer-text\">Edycja wtyczki paska og\u0142osze\u0144 jest intuicyjna dzi\u0119ki dost\u0119pnemu edytorowi Elfsight. Mo\u017cesz zmieni\u0107 przes\u0142anie, styl i po\u0142o\u017cenie, aby dopasowa\u0107 je do og\u00f3lnego motywu. Dzi\u0119ki dodatkowym funkcjom, takim jak ustawienia harmonogramu, mo\u017cesz zoptymalizowa\u0107 pasek, aby informowa\u0107 odbiorc\u00f3w.<\/div>\r\n\t\t\t\t\t<\/div>\r\n\t\t\t\t<\/div><div class=\"faq-item\">\r\n\t\t\t\t\t<div class=\"faq-item-question\">\r\n\t\t\t\t\t\t<h3 class=\"faq-item-question-text\">Jakich innych wtyczek mog\u0119 u\u017cy\u0107, aby zwi\u0119kszy\u0107 zaanga\u017cowanie odbiorc\u00f3w?<\/h3>\r\n\r\n\t\t\t\t\t\t<div class=\"faq-item-question-icon\"><\/div>\r\n\t\t\t\t\t<\/div>\r\n\r\n\t\t\t\t\t<div class=\"faq-item-answer\">\r\n\t\t\t\t\t\t<div class=\"faq-item-answer-text\">Mo\u017cesz utworzy\u0107 <a href=\"https:\/\/elfsight.com\/sales-notification-widget\/wordpress\/\" rel=\"noopener\">Wid\u017cet powiadomie\u0144 o sprzeda\u017cy<\/a> Dodaj, aby podkre\u015bli\u0107 dzia\u0142ania klient\u00f3w maj\u0105ce na celu budowanie zaufania. <a href=\"https:\/\/elfsight.com\/popup-widget\/wordpress\/\" rel=\"noopener\">Wyskakuj\u0105cy wid\u017cet<\/a> idealnie nadaje si\u0119 do pozyskiwania potencjalnych klient\u00f3w i zach\u0119cania odwiedzaj\u0105cych do zapoznania si\u0119 z Twoj\u0105 ofert\u0105. <a href=\"https:\/\/elfsight.com\/banner-widget\/wordpress\" rel=\"noopener\">widget banera<\/a> wy\u015bwietla wa\u017cne aktualizacje, zapewniaj\u0105c widoczno\u015b\u0107 wa\u017cnych informacji.<\/div>\r\n\t\t\t\t\t<\/div>\r\n\t\t\t\t<\/div><\/div>","protected":false},"excerpt":{"rendered":"FAQ","protected":false},"author":9,"featured_media":0,"parent":3386,"menu_order":0,"comment_status":"closed","ping_status":"closed","template":"templates\/template-application-platform.php","meta":{"publish_to_discourse":"","publish_post_category":"","wpdc_auto_publish_overridden":"","wpdc_topic_tags":"","wpdc_pin_topic":"","wpdc_pin_until":"","discourse_post_id":"","discourse_permalink":"","wpdc_publishing_response":"","wpdc_publishing_error":"","footnotes":""},"class_list":["post-9799","page","type-page","status-publish","hentry"],"yoast_head":"<!-- This site is optimized with the Yoast SEO plugin v25.3.1 - https:\/\/yoast.com\/wordpress\/plugins\/seo\/ -->\n<title>Pasek og\u0142osze\u0144 wtyczki WordPress dla witryny internetowej<\/title>\n<meta name=\"description\" content=\"Popraw zaanga\u017cowanie dzi\u0119ki wtyczce Elfsight Announcement Bar bez kodu. Wyr\u00f3\u017cniaj pilne alerty, aby przyci\u0105gn\u0105\u0107 uwag\u0119 odwiedzaj\u0105cych i sk\u0142oni\u0107 ich do podj\u0119cia dzia\u0142a\u0144.\" \/>\n<meta name=\"robots\" content=\"index, follow, max-snippet:-1, max-image-preview:large, max-video-preview:-1\" \/>\n<link rel=\"canonical\" href=\"https:\/\/elfsight.com\/pl\/announcement-bar-widget\/wordpress\/\" \/>\n<meta property=\"og:locale\" content=\"pl_PL\" \/>\n<meta property=\"og:type\" content=\"article\" \/>\n<meta property=\"og:title\" content=\"Pasek og\u0142osze\u0144 wtyczki WordPress dla witryny internetowej\" \/>\n<meta property=\"og:description\" content=\"Popraw zaanga\u017cowanie dzi\u0119ki wtyczce Elfsight Announcement Bar bez kodu. Wyr\u00f3\u017cniaj pilne alerty, aby przyci\u0105gn\u0105\u0107 uwag\u0119 odwiedzaj\u0105cych i sk\u0142oni\u0107 ich do podj\u0119cia dzia\u0142a\u0144.\" \/>\n<meta property=\"og:url\" content=\"https:\/\/elfsight.com\/pl\/announcement-bar-widget\/wordpress\/\" \/>\n<meta property=\"og:site_name\" content=\"Elfsight PL\" \/>\n<meta property=\"article:modified_time\" content=\"2025-10-23T14:17:03+00:00\" \/>\n<meta name=\"twitter:card\" content=\"summary_large_image\" \/>\n<meta name=\"twitter:label1\" content=\"Szacowany czas czytania\" \/>\n\t<meta name=\"twitter:data1\" content=\"4 minuty\" \/>\n<!-- \/ Yoast SEO plugin. -->","yoast_head_json":{"title":"Pasek og\u0142osze\u0144 wtyczki WordPress dla witryny internetowej","description":"Popraw zaanga\u017cowanie dzi\u0119ki wtyczce Elfsight Announcement Bar bez kodu. Wyr\u00f3\u017cniaj pilne alerty, aby przyci\u0105gn\u0105\u0107 uwag\u0119 odwiedzaj\u0105cych i sk\u0142oni\u0107 ich do podj\u0119cia dzia\u0142a\u0144.","robots":{"index":"index","follow":"follow","max-snippet":"max-snippet:-1","max-image-preview":"max-image-preview:large","max-video-preview":"max-video-preview:-1"},"canonical":"https:\/\/elfsight.com\/pl\/announcement-bar-widget\/wordpress\/","og_locale":"pl_PL","og_type":"article","og_title":"Pasek og\u0142osze\u0144 wtyczki WordPress dla witryny internetowej","og_description":"Popraw zaanga\u017cowanie dzi\u0119ki wtyczce Elfsight Announcement Bar bez kodu. Wyr\u00f3\u017cniaj pilne alerty, aby przyci\u0105gn\u0105\u0107 uwag\u0119 odwiedzaj\u0105cych i sk\u0142oni\u0107 ich do podj\u0119cia dzia\u0142a\u0144.","og_url":"https:\/\/elfsight.com\/pl\/announcement-bar-widget\/wordpress\/","og_site_name":"Elfsight PL","article_modified_time":"2025-10-23T14:17:03+00:00","twitter_card":"summary_large_image","twitter_misc":{"Szacowany czas czytania":"4 minuty"},"schema":{"@context":"https:\/\/schema.org","@graph":[{"@type":"WebPage","@id":"https:\/\/elfsight.com\/pl\/announcement-bar-widget\/wordpress\/","url":"https:\/\/elfsight.com\/pl\/announcement-bar-widget\/wordpress\/","name":"Pasek og\u0142osze\u0144 wtyczki WordPress dla witryny internetowej","isPartOf":{"@id":"https:\/\/elfsight.com\/pl\/#website"},"datePublished":"2024-12-20T11:29:21+00:00","dateModified":"2025-10-23T14:17:03+00:00","description":"Popraw zaanga\u017cowanie dzi\u0119ki wtyczce Elfsight Announcement Bar bez kodu. Wyr\u00f3\u017cniaj pilne alerty, aby przyci\u0105gn\u0105\u0107 uwag\u0119 odwiedzaj\u0105cych i sk\u0142oni\u0107 ich do podj\u0119cia dzia\u0142a\u0144.","breadcrumb":{"@id":"https:\/\/elfsight.com\/pl\/announcement-bar-widget\/wordpress\/#breadcrumb"},"inLanguage":"pl-PL","potentialAction":[{"@type":"ReadAction","target":["https:\/\/elfsight.com\/pl\/announcement-bar-widget\/wordpress\/"]}]},{"@type":"BreadcrumbList","@id":"https:\/\/elfsight.com\/pl\/announcement-bar-widget\/wordpress\/#breadcrumb","itemListElement":[{"@type":"ListItem","position":1,"name":"Home","item":"https:\/\/elfsight.com\/pl\/"},{"@type":"ListItem","position":2,"name":"Announcement Bar","item":"https:\/\/elfsight.com\/pl\/announcement-bar-widget\/"},{"@type":"ListItem","position":3,"name":"Announcement Bar &#8211; WordPress"}]},{"@type":"WebSite","@id":"https:\/\/elfsight.com\/pl\/#website","url":"https:\/\/elfsight.com\/pl\/","name":"Elfsight PL","description":"Just another Elfsight Sites site","potentialAction":[{"@type":"SearchAction","target":{"@type":"EntryPoint","urlTemplate":"https:\/\/elfsight.com\/pl\/?s={search_term_string}"},"query-input":{"@type":"PropertyValueSpecification","valueRequired":true,"valueName":"search_term_string"}}],"inLanguage":"pl-PL"}]}},"meta_box":{"industry":"","seo_heading":"","heading":"","description":"","cta_heading":"","cta_description":"","application":"3339","h1":"Wtyczka paska og\u0142osze\u0144 WordPress","h1_caption":"Dodaj wtyczk\u0119 paska og\u0142osze\u0144 do swojej witryny WordPress, aby wyr\u00f3\u017cnia\u0107 wa\u017cne aktualizacje w czasie rzeczywistym, zwi\u0119kszaj\u0105c zaufanie i zaanga\u017cowanie klient\u00f3w.","application_category":[],"applications_title":"","applications_request_title":"","applications_request_button_text":"","hero_text":"","hero_video":"","hero_video_schema_markup":"","selling_points_title":"","selling_points_caption":"","selling_points":[],"selling_points_cta_text":"","features_title":"","features":"","ed_cta_examples_text":"","ed_cta_examples_hidden":"","ed_cta_demo_text":"","ed_cta_demo_hidden":"","why_caption":"","why_editor_title":"","why_editor_text":"","why_team_title":"","why_team_text":"","why_service_title":"","why_service_text":"","template_catalog_visible":"0","template_catalog_title":"","template_catalog_text":"","template_catalog_categories_visible":"","demo_title":"Utw\u00f3rz wtyczk\u0119 paska og\u0142osze\u0144 WordPress","demo_caption":"Zaprojektuj bezp\u0142atnie wtyczk\u0119 paska og\u0142osze\u0144 dla swojej witryny WordPress.","default_faq_hidden":"","app_template_category":[],"platform":"31","template_public_id":"","codecanyon_url":"","codecanyon_item_id":"","codecanyon_price":"","pricing_caption":"","pricing_elfsight_apps_hide_column":"","pricing_elfsight_apps_url":"","pricing_codecanyon_price_caption":"","integration_category":[],"integration_request_title":"","integration_request_cta":"","integration_platform":"","integrations":[],"platform_category":[],"video_schema_markup":"","price":"","trial":"","benefits":[{"text":"Bezp\u0142atna us\u0142uga monta\u017cu"},{"text":"Wyj\u0105tkowe wsparcie"},{"text":"14-dniowa gwarancja zwrotu pieni\u0119dzy"},{"text":"Ci\u0105g\u0142a aktualizacja"}],"button_url":"#demo","button_target_blank":"0","button_nofollow":"0","attributes":[{"name":"Zainstalowany","content":"1,000 - 5,000","_state":"expanded"},{"name":"Czu\u0142y","content":"Tak","_state":"expanded"},{"name":"Kompatybilne przegl\u0105darki","content":"Firefox, Safari, Opera, Chrome, Edge","_state":"expanded"}],"tags":[],"tags_disable_links":"0","hide_more_platforms":"0","video_object":"","demo_hide_cta":"0","demo_hide_cloud_options":"0","pricing_title":"","pricing":[{"pricing_icon":"platform","pricing_title":"Elfsight Apps","pricing_title_caption":"Oprogramowanie niezale\u017cne od platformy","pricing_price":"Zaczynaj\u0105c od 0 USD\/miesi\u0105c","pricing_price_caption":"Zacznij od bezp\u0142atnego planu","pricing_button_text":"Dodaj do witryny","pricing_button_url":"#demo"}],"related_apps_title":"","related_apps_hidden":"0","author":"","image":[],"title":"","job":"","social_networks":[]},"_links":{"self":[{"href":"https:\/\/elfsight.com\/pl\/wp-json\/wp\/v2\/pages\/9799","targetHints":{"allow":["GET"]}}],"collection":[{"href":"https:\/\/elfsight.com\/pl\/wp-json\/wp\/v2\/pages"}],"about":[{"href":"https:\/\/elfsight.com\/pl\/wp-json\/wp\/v2\/types\/page"}],"author":[{"embeddable":true,"href":"https:\/\/elfsight.com\/pl\/wp-json\/wp\/v2\/users\/9"}],"replies":[{"embeddable":true,"href":"https:\/\/elfsight.com\/pl\/wp-json\/wp\/v2\/comments?post=9799"}],"version-history":[{"count":2,"href":"https:\/\/elfsight.com\/pl\/wp-json\/wp\/v2\/pages\/9799\/revisions"}],"predecessor-version":[{"id":10781,"href":"https:\/\/elfsight.com\/pl\/wp-json\/wp\/v2\/pages\/9799\/revisions\/10781"}],"up":[{"embeddable":true,"href":"https:\/\/elfsight.com\/pl\/wp-json\/wp\/v2\/pages\/3386"}],"wp:attachment":[{"href":"https:\/\/elfsight.com\/pl\/wp-json\/wp\/v2\/media?parent=9799"}],"curies":[{"name":"wp","href":"https:\/\/api.w.org\/{rel}","templated":true}]}}