{"id":9798,"date":"2024-12-20T11:42:55","date_gmt":"2024-12-20T11:42:55","guid":{"rendered":"https:\/\/elfsight.com\/pl\/?page_id=9798"},"modified":"2025-02-12T15:44:20","modified_gmt":"2025-02-12T15:44:20","slug":"elementor","status":"publish","type":"page","link":"https:\/\/elfsight.com\/pl\/announcement-bar-widget\/elementor\/","title":{"rendered":"Announcement Bar &#8211; Elementor"},"content":{"rendered":"<div class=\"application-platform-content-item-features application-platform-content-item\" id=\"features\" data-nav-section=\"features\"> <h2>Funkcje wid\u017cetu paska og\u0142osze\u0144<\/h2> <p>Wid\u017cet paska og\u0142osze\u0144 firmy Elfsight ma na celu zwi\u0119kszenie zaanga\u017cowania klient\u00f3w poprzez wy\u015bwietlanie dynamicznych powiadomie\u0144 o wa\u017cnych aktualizacjach. To elastyczne narz\u0119dzie nie tylko buduje zaufanie poprzez wy\u015bwietlanie wa\u017cnych informacji, ale tak\u017ce motywuje odwiedzaj\u0105cych do podj\u0119cia dzia\u0142a\u0144 za pomoc\u0105 spersonalizowanych powiadomie\u0144. Poni\u017cej znajduje si\u0119 pe\u0142na lista kluczowych funkcji wid\u017cetu:<\/p><ul><li><b>Szybka i \u0142atwa konfiguracja.<\/b> Bezproblemowe wdro\u017cenie bez znajomo\u015bci kodowania, umo\u017cliwiaj\u0105ce szybk\u0105 i wydajn\u0105 instalacj\u0119 w Twojej witrynie.<\/li><li><b>Przykuwaj\u0105ce wzrok, ale nieinwazyjne.<\/b> Konfigurowalne opcje projektowania umo\u017cliwiaj\u0105ce tworzenie efektownych og\u0142osze\u0144, zapewniaj\u0105c jednocze\u015bnie bezproblemow\u0105 obs\u0142ug\u0119 u\u017cytkownika.<\/li><li><b>Zwi\u0119ksz sprzeda\u017c kluczowych produkt\u00f3w.<\/b> Prezentuj ekskluzywne oferty. bezpo\u015brednio z paska og\u0142osze\u0144 Przyci\u0105gnij uwag\u0119 i zwi\u0119ksz liczb\u0119 konwersji w przypadku okre\u015blonych artyku\u0142\u00f3w.<\/li><li><b>Wyr\u00f3\u017cnij nowo\u015bci i aktualizacje.<\/b> Prezentuj nowe wersje lub aktualizacje istniej\u0105cych produkt\u00f3w, aby zapewni\u0107 odwiedzaj\u0105cym zainteresowanie \u015bwie\u017c\u0105 i trafn\u0105 tre\u015bci\u0105.<\/li><li><b>Sp\u00f3jno\u015b\u0107 marki.<\/b> Pe\u0142ne opcje dostosowywania uzupe\u0142niaj\u0105ce wygl\u0105d i styl Twojej witryny oraz zapewniaj\u0105ce bezb\u0142\u0119dne i sp\u00f3jne do\u015bwiadczenie u\u017cytkownika pewno\u015b\u0107.<\/li><li><b>Mo\u017cliwo\u015b\u0107 dostosowania projektu.<\/b> Motywy i kolory, kt\u00f3re mo\u017cna \u0142atwo dostosowywa\u0107, doskonale dopasowuj\u0105 si\u0119 do to\u017csamo\u015bci Twojej marki.<\/li><\/ul><p><a href=\"#demo\">Wypr\u00f3buj intuicyjny edytor, aby dowiedzie\u0107 si\u0119, jak dzia\u0142a wid\u017cet<\/a><\/p><\/div> <div class=\"application-platform-content-item-installation application-platform-content-item\" id=\"installation\" data-nav-section=\"installation\"> <h2>Jak wstawi\u0107 Doda\u0107 wid\u017cet Pasek og\u0142osze\u0144 do witryny Elementor?<\/h2><p>Aby osadzi\u0107 wid\u017cet Pasek og\u0142osze\u0144 w swojej witrynie, wykonaj nast\u0119puj\u0105ce proste kroki:<\/p> <ol><li>Otw\u00f3rz Otw\u00f3rz edytor wid\u017cet\u00f3w i wybierz szablon pasuj\u0105cy do stylu Twojej witryny.<\/li><li>Dostosuj wid\u017cet, aktualizuj\u0105c jego przekaz, dzia\u0142anie i elementy wizualne, przycisk, pozycj\u0119 na stronie itp.<\/li><li>Zapisz zmiany i skopiuj dostarczony kod HTML. Wklej kod do systemu zarz\u0105dzania tre\u015bci\u0105 swojej witryny i wprowad\u017a zmiany.<\/li><\/ol><p>To wszystko! Tw\u00f3j wid\u017cet paska og\u0142osze\u0144 Elementora jest teraz aktywny!<\/p><p>Je\u015bli do\u015bwiadczysz jakichkolwiek niedogodno\u015bci podczas osadzania wid\u017cetu na swojej stronie internetowej, po prostu skontaktuj si\u0119 z naszym zespo\u0142em obs\u0142ugi klienta. Ch\u0119tnie pomo\u017cemy Ci doda\u0107 i dostosowa\u0107 pasek og\u0142osze\u0144.<\/p><\/div> <h2>FAQ<\/h2><div class=\"faq\" data-component=\"FAQ\"><div class=\"faq-item\">\r\n\t\t\t\t\t<div class=\"faq-item-question\">\r\n\t\t\t\t\t\t<h3 class=\"faq-item-question-text\"><\/h3>\r\n\r\n\t\t\t\t\t\t<div class=\"faq-item-question-icon\"><\/div>\r\n\t\t\t\t\t<\/div>\r\n\r\n\t\t\t\t\t<div class=\"faq-item-answer\">\r\n\t\t\t\t\t\t<div class=\"faq-item-answer-text\">Tak, dost\u0119pna jest darmowa wersja, kt\u00f3ra zapewnia najwa\u017cniejsze funkcje odpowiednie dla ma\u0142ych witryn internetowych lub do cel\u00f3w testowych. P\u0142atne subskrypcje zaczynaj\u0105 si\u0119 ju\u017c od 5 USD miesi\u0119cznie i obejmuj\u0105 dodatkowe funkcje.<\/div>\r\n\t\t\t\t\t<\/div>\r\n\t\t\t\t<\/div><div class=\"faq-item\">\r\n\t\t\t\t\t<div class=\"faq-item-question\">\r\n\t\t\t\t\t\t<h3 class=\"faq-item-question-text\">Jakie typy wid\u017cet\u00f3w paska og\u0142osze\u0144 mog\u0119 doda\u0107 do mojej witryny?<\/h3>\r\n\r\n\t\t\t\t\t\t<div class=\"faq-item-question-icon\"><\/div>\r\n\t\t\t\t\t<\/div>\r\n\r\n\t\t\t\t\t<div class=\"faq-item-answer\">\r\n\t\t\t\t\t\t<div class=\"faq-item-answer-text\">Mo\u017cesz zintegrowa\u0107 r\u00f3\u017cne paski og\u0142osze\u0144, takie jak: B. promuj\u0105ce bezp\u0142atn\u0105 wysy\u0142k\u0119, udost\u0119pniaj\u0105ce aktualizacje lub og\u0142aszaj\u0105ce wyprzeda\u017ce. Opcje obejmuj\u0105 statyczne paski u g\u00f3ry strony i p\u0142ywaj\u0105ce wid\u017cety zapewniaj\u0105ce lepsz\u0105 widoczno\u015b\u0107.<\/div>\r\n\t\t\t\t\t<\/div>\r\n\t\t\t\t<\/div><div class=\"faq-item\">\r\n\t\t\t\t\t<div class=\"faq-item-question\">\r\n\t\t\t\t\t\t<h3 class=\"faq-item-question-text\">Jak edytowa\u0107 wid\u017cet paska og\u0142osze\u0144 w witrynie Elementor?<\/h3>\r\n\r\n\t\t\t\t\t\t<div class=\"faq-item-question-icon\"><\/div>\r\n\t\t\t\t\t<\/div>\r\n\r\n\t\t\t\t\t<div class=\"faq-item-answer\">\r\n\t\t\t\t\t\t<div class=\"faq-item-answer-text\">Edycja wid\u017cetu paska og\u0142osze\u0144 jest \u0142atwa dzi\u0119ki \u0142atwemu w u\u017cyciu edytorowi Elfsight. Mo\u017cesz dostosowa\u0107 tekst, projekt i po\u0142o\u017cenie, aby dopasowa\u0107 je do stylu swojej witryny. Funkcje takie jak planowanie pozwalaj\u0105 zmaksymalizowa\u0107 skuteczno\u015b\u0107 paska w dostarczaniu informacji.<\/div>\r\n\t\t\t\t\t<\/div>\r\n\t\t\t\t<\/div><div class=\"faq-item\">\r\n\t\t\t\t\t<div class=\"faq-item-question\">\r\n\t\t\t\t\t\t<h3 class=\"faq-item-question-text\">Jakich innych wid\u017cet\u00f3w mog\u0119 u\u017cy\u0107, aby zwi\u0119kszy\u0107 zaanga\u017cowanie odbiorc\u00f3w?<\/h3>\r\n\r\n\t\t\t\t\t\t<div class=\"faq-item-question-icon\"><\/div>\r\n\t\t\t\t\t<\/div>\r\n\r\n\t\t\t\t\t<div class=\"faq-item-answer\">\r\n\t\t\t\t\t\t<div class=\"faq-item-answer-text\">Mo\u017cesz u\u017cy\u0107 <a href=\"https:\/\/elfsight.com\/sales-notification-widget\/elementor\/\" rel=\"noopener\">Wid\u017cet powiadomie\u0144 o sprzeda\u017cy<\/a> S\u0142u\u017cy do prezentowania dzia\u0142a\u0144 klient\u00f3w i budowania wiarygodno\u015bci. <a href=\"https:\/\/elfsight.com\/popup-widget\/elementor\/\" rel=\"noopener\">Wyskakuj\u0105cy wid\u017cet<\/a> doskonale nadaje si\u0119 do pozyskiwania potencjalnych klient\u00f3w i zach\u0119cania odwiedzaj\u0105cych do zapoznania si\u0119 z Twoj\u0105 ofert\u0105. <a href=\"https:\/\/elfsight.com\/banner-widget\/elementor\/\" rel=\"noopener\">Widget banera<\/a> pomaga w przekazywaniu wa\u017cnych aktualizacji i zapewnia zauwa\u017cenie wa\u017cnych informacji.<\/div>\r\n\t\t\t\t\t<\/div>\r\n\t\t\t\t<\/div><\/div>","protected":false},"excerpt":{"rendered":"FAQ","protected":false},"author":9,"featured_media":0,"parent":3386,"menu_order":0,"comment_status":"closed","ping_status":"closed","template":"templates\/template-application-platform.php","meta":{"publish_to_discourse":"","publish_post_category":"","wpdc_auto_publish_overridden":"","wpdc_topic_tags":"","wpdc_pin_topic":"","wpdc_pin_until":"","discourse_post_id":"","discourse_permalink":"","wpdc_publishing_response":"","wpdc_publishing_error":"","footnotes":""},"class_list":["post-9798","page","type-page","status-publish","hentry"],"yoast_head":"<!-- This site is optimized with the Yoast SEO plugin v25.3.1 - https:\/\/yoast.com\/wordpress\/plugins\/seo\/ -->\n<title>Wid\u017cet paska og\u0142osze\u0144 Elementor \u2013 dodaj do strony internetowej<\/title>\n<meta name=\"description\" content=\"Zwi\u0119ksz \u015bwiadomo\u015b\u0107 dzi\u0119ki wid\u017cetowi paska og\u0142osze\u0144 Elfsight bez kodu. Prezentuj wa\u017cne aktualizacje i zach\u0119caj odwiedzaj\u0105cych do podj\u0119cia dzia\u0142a\u0144.\" \/>\n<meta name=\"robots\" content=\"index, follow, max-snippet:-1, max-image-preview:large, max-video-preview:-1\" \/>\n<link rel=\"canonical\" href=\"https:\/\/elfsight.com\/pl\/announcement-bar-widget\/elementor\/\" \/>\n<meta property=\"og:locale\" content=\"pl_PL\" \/>\n<meta property=\"og:type\" content=\"article\" \/>\n<meta property=\"og:title\" content=\"Wid\u017cet paska og\u0142osze\u0144 Elementor \u2013 dodaj do strony internetowej\" \/>\n<meta property=\"og:description\" content=\"Zwi\u0119ksz \u015bwiadomo\u015b\u0107 dzi\u0119ki wid\u017cetowi paska og\u0142osze\u0144 Elfsight bez kodu. Prezentuj wa\u017cne aktualizacje i zach\u0119caj odwiedzaj\u0105cych do podj\u0119cia dzia\u0142a\u0144.\" \/>\n<meta property=\"og:url\" content=\"https:\/\/elfsight.com\/pl\/announcement-bar-widget\/elementor\/\" \/>\n<meta property=\"og:site_name\" content=\"Elfsight PL\" \/>\n<meta property=\"article:modified_time\" content=\"2025-02-12T15:44:20+00:00\" \/>\n<meta name=\"twitter:card\" content=\"summary_large_image\" \/>\n<meta name=\"twitter:label1\" content=\"Szacowany czas czytania\" \/>\n\t<meta name=\"twitter:data1\" content=\"3 minuty\" \/>\n<!-- \/ Yoast SEO plugin. -->","yoast_head_json":{"title":"Wid\u017cet paska og\u0142osze\u0144 Elementor \u2013 dodaj do strony internetowej","description":"Zwi\u0119ksz \u015bwiadomo\u015b\u0107 dzi\u0119ki wid\u017cetowi paska og\u0142osze\u0144 Elfsight bez kodu. Prezentuj wa\u017cne aktualizacje i zach\u0119caj odwiedzaj\u0105cych do podj\u0119cia dzia\u0142a\u0144.","robots":{"index":"index","follow":"follow","max-snippet":"max-snippet:-1","max-image-preview":"max-image-preview:large","max-video-preview":"max-video-preview:-1"},"canonical":"https:\/\/elfsight.com\/pl\/announcement-bar-widget\/elementor\/","og_locale":"pl_PL","og_type":"article","og_title":"Wid\u017cet paska og\u0142osze\u0144 Elementor \u2013 dodaj do strony internetowej","og_description":"Zwi\u0119ksz \u015bwiadomo\u015b\u0107 dzi\u0119ki wid\u017cetowi paska og\u0142osze\u0144 Elfsight bez kodu. Prezentuj wa\u017cne aktualizacje i zach\u0119caj odwiedzaj\u0105cych do podj\u0119cia dzia\u0142a\u0144.","og_url":"https:\/\/elfsight.com\/pl\/announcement-bar-widget\/elementor\/","og_site_name":"Elfsight PL","article_modified_time":"2025-02-12T15:44:20+00:00","twitter_card":"summary_large_image","twitter_misc":{"Szacowany czas czytania":"3 minuty"},"schema":{"@context":"https:\/\/schema.org","@graph":[{"@type":"WebPage","@id":"https:\/\/elfsight.com\/pl\/announcement-bar-widget\/elementor\/","url":"https:\/\/elfsight.com\/pl\/announcement-bar-widget\/elementor\/","name":"Wid\u017cet paska og\u0142osze\u0144 Elementor \u2013 dodaj do strony internetowej","isPartOf":{"@id":"https:\/\/elfsight.com\/pl\/#website"},"datePublished":"2024-12-20T11:42:55+00:00","dateModified":"2025-02-12T15:44:20+00:00","description":"Zwi\u0119ksz \u015bwiadomo\u015b\u0107 dzi\u0119ki wid\u017cetowi paska og\u0142osze\u0144 Elfsight bez kodu. Prezentuj wa\u017cne aktualizacje i zach\u0119caj odwiedzaj\u0105cych do podj\u0119cia dzia\u0142a\u0144.","breadcrumb":{"@id":"https:\/\/elfsight.com\/pl\/announcement-bar-widget\/elementor\/#breadcrumb"},"inLanguage":"pl-PL","potentialAction":[{"@type":"ReadAction","target":["https:\/\/elfsight.com\/pl\/announcement-bar-widget\/elementor\/"]}]},{"@type":"BreadcrumbList","@id":"https:\/\/elfsight.com\/pl\/announcement-bar-widget\/elementor\/#breadcrumb","itemListElement":[{"@type":"ListItem","position":1,"name":"Home","item":"https:\/\/elfsight.com\/pl\/"},{"@type":"ListItem","position":2,"name":"Announcement Bar","item":"https:\/\/elfsight.com\/pl\/announcement-bar-widget\/"},{"@type":"ListItem","position":3,"name":"Announcement Bar &#8211; Elementor"}]},{"@type":"WebSite","@id":"https:\/\/elfsight.com\/pl\/#website","url":"https:\/\/elfsight.com\/pl\/","name":"Elfsight PL","description":"Just another Elfsight Sites site","potentialAction":[{"@type":"SearchAction","target":{"@type":"EntryPoint","urlTemplate":"https:\/\/elfsight.com\/pl\/?s={search_term_string}"},"query-input":{"@type":"PropertyValueSpecification","valueRequired":true,"valueName":"search_term_string"}}],"inLanguage":"pl-PL"}]}},"meta_box":{"industry":"","seo_heading":"","heading":"","description":"","cta_heading":"","cta_description":"","application":"3339","h1":"Wid\u017cet paska og\u0142osze\u0144 Elementora","h1_caption":"Dodaj wid\u017cet paska og\u0142osze\u0144 do swojej witryny Elementor, aby wyr\u00f3\u017cnia\u0107 wa\u017cne aktualizacje w czasie rzeczywistym i zwi\u0119ksza\u0107 zaufanie i zaanga\u017cowanie klient\u00f3w.","application_category":[],"applications_title":"","applications_request_title":"","applications_request_button_text":"","hero_text":"","hero_video":"","hero_video_schema_markup":"","selling_points_title":"","selling_points_caption":"","selling_points":[],"selling_points_cta_text":"","features_title":"","features":"","ed_cta_examples_text":"","ed_cta_examples_hidden":"","ed_cta_demo_text":"","ed_cta_demo_hidden":"","why_caption":"","why_editor_title":"","why_editor_text":"","why_team_title":"","why_team_text":"","why_service_title":"","why_service_text":"","template_catalog_visible":"","template_catalog_title":"","template_catalog_text":"","template_catalog_categories_visible":"","demo_title":"Utw\u00f3rz wid\u017cet paska og\u0142osze\u0144 Elementora","demo_caption":"Opracuj wid\u017cet paska og\u0142osze\u0144 i zintegruj go bezp\u0142atnie ze swoj\u0105 witryn\u0105 Elementor.","default_faq_hidden":"","app_template_category":[],"platform":"268","template_public_id":"","codecanyon_url":"","codecanyon_item_id":"","codecanyon_price":"","pricing_caption":"","pricing_elfsight_apps_hide_column":"","pricing_elfsight_apps_url":"","pricing_codecanyon_price_caption":"","integration_category":[],"integration_request_title":"","integration_request_cta":"","integration_platform":"","integrations":[],"platform_category":[],"video_schema_markup":"","price":"","trial":"","benefits":[{"text":"Bezp\u0142atna us\u0142uga monta\u017cu"},{"text":"Skuteczna obs\u0142uga klienta"},{"text":"14-dniowa gwarancja zwrotu pieni\u0119dzy"},{"text":"Przysz\u0142e aktualizacje"}],"button_url":"#demo","button_target_blank":"","button_nofollow":"","attributes":[{"name":"Zainstalowany","content":"1,000 - 5,000","_state":"expanded"},{"name":"Czu\u0142y","content":"Tak","_state":"expanded"},{"name":"Kompatybilne przegl\u0105darki","content":"Firefox, Safari, Opera, Chrome, Edge","_state":"expanded"}],"tags":[],"tags_disable_links":"","hide_more_platforms":"","video_object":"","demo_hide_cta":"","demo_hide_cloud_options":"","pricing_title":"","pricing":[{"pricing_icon":"platform","pricing_title":"Elfsight Apps","pricing_title_caption":"Rozwi\u0105zanie niezale\u017cne od platformy ","pricing_price":"Zaczynaj\u0105c od 0 USD\/miesi\u0105c","pricing_price_caption":"Zacznij od bezp\u0142atnego planu","pricing_button_text":"Dodaj do witryny","pricing_button_url":"#demo"}],"related_apps_title":"","related_apps_hidden":"","author":"","image":[],"title":"","job":"","social_networks":[]},"_links":{"self":[{"href":"https:\/\/elfsight.com\/pl\/wp-json\/wp\/v2\/pages\/9798","targetHints":{"allow":["GET"]}}],"collection":[{"href":"https:\/\/elfsight.com\/pl\/wp-json\/wp\/v2\/pages"}],"about":[{"href":"https:\/\/elfsight.com\/pl\/wp-json\/wp\/v2\/types\/page"}],"author":[{"embeddable":true,"href":"https:\/\/elfsight.com\/pl\/wp-json\/wp\/v2\/users\/9"}],"replies":[{"embeddable":true,"href":"https:\/\/elfsight.com\/pl\/wp-json\/wp\/v2\/comments?post=9798"}],"version-history":[{"count":1,"href":"https:\/\/elfsight.com\/pl\/wp-json\/wp\/v2\/pages\/9798\/revisions"}],"predecessor-version":[{"id":9802,"href":"https:\/\/elfsight.com\/pl\/wp-json\/wp\/v2\/pages\/9798\/revisions\/9802"}],"up":[{"embeddable":true,"href":"https:\/\/elfsight.com\/pl\/wp-json\/wp\/v2\/pages\/3386"}],"wp:attachment":[{"href":"https:\/\/elfsight.com\/pl\/wp-json\/wp\/v2\/media?parent=9798"}],"curies":[{"name":"wp","href":"https:\/\/api.w.org\/{rel}","templated":true}]}}