{"id":9747,"date":"2024-12-28T06:45:53","date_gmt":"2024-12-28T06:45:53","guid":{"rendered":"https:\/\/elfsight.com\/pl\/?page_id=9747"},"modified":"2025-04-14T18:04:22","modified_gmt":"2025-04-14T18:04:22","slug":"html","status":"publish","type":"page","link":"https:\/\/elfsight.com\/pl\/ai-chatbot-widget\/html\/","title":{"rendered":"AI Chatbot &#8211; HTML"},"content":{"rendered":"<div class=\"application-platform-content-item-description application-platform-content-item\" id=\"description\" data-nav-section=\"description\"><h2>Wstaw chatbot AI na HTML za pomoc\u0105 widgetu Elfsight!<\/h2> <p>Stw\u00f3rz zaawansowanego chatbota AI dla swojej strony HTML, specjalnie przeszkolonego na podstawie Twojej bazy wiedzy, plik\u00f3w wsparcia lub najcz\u0119\u015bciej zadawanych pyta\u0144. Umo\u017cliw mu nauk\u0119 i rozw\u00f3j, wysy\u0142aj\u0105c spersonalizowane wiadomo\u015bci, kt\u00f3re codziennie poprawiaj\u0105 zaanga\u017cowanie u\u017cytkownik\u00f3w.<\/p> <p>Upro\u015b\u0107 zadania zwi\u0105zane z obs\u0142ug\u0105 klienta, skr\u00f3\u0107 czas reakcji i skutecznie generuj leady bez r\u0119cznej pracy. Oferuj pomoc 24\/7, aby klienci mogli znale\u017a\u0107 odpowiedzi, kt\u00f3rych potrzebuj\u0105 \u2014 o ka\u017cdej porze i z dowolnego miejsca!<\/p> <p><b>Dodaj asystenta AI, kt\u00f3ry udzieli szybkich odpowiedzi, rozwi\u0105\u017ce problemy i zwi\u0119kszy sprzeda\u017c!<\/b><\/p> <\/div><div class=\"application-platform-content-item-features application-platform-content-item\" id=\"features\" data-nav-section=\"features\"> <h2>Poni\u017cej znajduj\u0105 si\u0119 podstawowe funkcje widgetu:<\/h2> <ul><li><b>Zautomatyzuj komunikacj\u0119 z klientami.<\/b> Upro\u015b\u0107 odpowiedzi, oferuj dost\u0119pno\u015b\u0107 24\/7 i zwi\u0119ksz efektywno\u015b\u0107 przy minimalnej konfiguracji \u2014 obs\u0142uguj nieograniczon\u0105 liczb\u0119 czat\u00f3w i u\u017cytkownik\u00f3w bez wysi\u0142ku!<\/li><li><b>Stw\u00f3rz spersonalizowane do\u015bwiadczenie.<\/b> Pom\u00f3\u017c ka\u017cdemu klientowi poczu\u0107 si\u0119 docenionym i stw\u00f3rz najlepsze do\u015bwiadczenie dzi\u0119ki spersonalizowanym odpowiedziom, wo\u0142aniu po imieniu, monitorowaniu historii czat\u00f3w i komunikacji follow-up.<\/li><li><b>Szkol chatbot za pomoc\u0105 danych firmy.<\/b> Wyposa\u017c chatbota AI w specjalistyczn\u0105 wiedz\u0119, przesy\u0142aj\u0105c dokumenty, dodaj\u0105c zestawy pyta\u0144 i odpowiedzi oraz wykorzystuj\u0105c dane z Twojej strony do generowania instrukcji, zapewniaj\u0105c precyzyjne i trafne odpowiedzi dopasowane do kontekstu biznesowego.<\/li><li><b>Uzyskaj wgl\u0105d w dane klient\u00f3w na sw\u00f3j e-mail.<\/b> B\u0105d\u017a na bie\u017c\u0105co i zbieraj wa\u017cne informacje, otrzymuj\u0105c pe\u0142ne transkrypcje czat\u00f3w bezpo\u015brednio na swoj\u0105 skrzynk\u0119 pocztow\u0105, zawieraj\u0105ce istotne dane kontaktowe do generowania lead\u00f3w i poprawy us\u0142ug.<\/li><li><b>Odkryj szeroki wyb\u00f3r szablon\u00f3w.<\/b> Uruchom swojego chatbota AI szybko dzi\u0119ki naszej kolekcji prekonfigurowanych szablon\u00f3w. Zosta\u0142y one opracowane dla r\u00f3\u017cnych bran\u017c i cel\u00f3w, ka\u017cdy z odpowiednimi zestawami instrukcji do natychmiastowego wdro\u017cenia.<\/li><\/ul><p><a href=\"#demo\">Sprawd\u017a wszystkie opcje personalizacji w w pe\u0142ni funkcjonalnym konfiguratorze<\/a><\/p> <\/div> <div class=\"application-platform-content-item-installation application-platform-content-item\" id=\"installation\" data-nav-section=\"installation\"> <h2>Jak doda\u0107 widget Chatbota AI do HTML?<\/h2> <p>Aby doda\u0107 Chatbota AI do swojej strony HTML, wykonaj nast\u0119puj\u0105ce kroki:<\/p> <ol><li><b>Personalizuj widget.<\/b><br> Wybierz gotowy szablon, aby zacz\u0105\u0107. Nast\u0119pnie mo\u017cesz przeszkoli\u0107 swojego chatbota, ustawi\u0107 funkcjonalno\u015bci i zmieni\u0107 jego wygl\u0105d zgodnie z potrzebami biznesowymi.<\/li><li><b>Pobierz kod osadzenia.<\/b><br> Zapisz ko\u0144cowe wyniki i skopiuj dostarczony kod osadzenia.<\/li><li><b>Dodaj kod do swojego edytora strony.<\/b><br> Zaloguj si\u0119 do panelu administracyjnego swojej strony, wklej kod w wybrane miejsce i od\u015bwie\u017c stron\u0119. Gotowe!<\/li> <\/ol><p>W przypadku napotkania trudno\u015bci, nie wahaj si\u0119 skontaktowa\u0107 z naszym zespo\u0142em obs\u0142ugi klienta. Nasi pracownicy ch\u0119tnie pomog\u0105 w rozwi\u0105zaniu wszelkich problem\u00f3w zwi\u0105zanych z widgetem.<\/p><div class=\"faq\" data-component=\"FAQ\"><div class=\"faq-item\">\r\n\t\t\t\t\t<div class=\"faq-item-question\">\r\n\t\t\t\t\t\t<h3 class=\"faq-item-question-text\">Jak doda\u0107 informacje o mojej firmie do widgetu Chatbota AI?<\/h3>\r\n\r\n\t\t\t\t\t\t<div class=\"faq-item-question-icon\"><\/div>\r\n\t\t\t\t\t<\/div>\r\n\r\n\t\t\t\t\t<div class=\"faq-item-answer\">\r\n\t\t\t\t\t\t<div class=\"faq-item-answer-text\"><p>Aby doda\u0107 swoje dane, przejd\u017a do zak\u0142adki &#8222;Szkolenie&#8221; i wybierz jeden z dost\u0119pnych format\u00f3w: pliki dokument\u00f3w, zestawy pyta\u0144 i odpowiedzi lub proste bloki tekstowe.<\/p> <\/div>\r\n\t\t\t\t\t<\/div>\r\n\t\t\t\t<\/div> <div class=\"faq-item\">\r\n\t\t\t\t\t<div class=\"faq-item-question\">\r\n\t\t\t\t\t\t<h3 class=\"faq-item-question-text\">Jak stworzy\u0107 szybkie odpowiedzi dla Chatbota AI?<\/h3>\r\n\r\n\t\t\t\t\t\t<div class=\"faq-item-question-icon\"><\/div>\r\n\t\t\t\t\t<\/div>\r\n\r\n\t\t\t\t\t<div class=\"faq-item-answer\">\r\n\t\t\t\t\t\t<div class=\"faq-item-answer-text\"><p>Mo\u017cesz je doda\u0107 bezpo\u015brednio w edytorze Chatbota AI w sekcji &#8222;Powitanie&#8221;. Znajdziesz tam pole, w kt\u00f3rym mo\u017cesz wpisa\u0107 interesuj\u0105cy pocz\u0105tek rozmowy lub popularne zapytanie.<\/p> <\/div>\r\n\t\t\t\t\t<\/div>\r\n\t\t\t\t<\/div> <div class=\"faq-item\">\r\n\t\t\t\t\t<div class=\"faq-item-question\">\r\n\t\t\t\t\t\t<h3 class=\"faq-item-question-text\">Co sprawia, \u017ce widget Chatbota AI Elfsight jest najlepszy dla mojej strony HTML?<\/h3>\r\n\r\n\t\t\t\t\t\t<div class=\"faq-item-question-icon\"><\/div>\r\n\t\t\t\t\t<\/div>\r\n\r\n\t\t\t\t\t<div class=\"faq-item-answer\">\r\n\t\t\t\t\t\t<div class=\"faq-item-answer-text\"> <p>Widget Chatbota AI to rozwi\u0105zanie bez kodowania nap\u0119dzane najnowocze\u015bniejsz\u0105 technologi\u0105 AI, gotowe do szkolenia za pomoc\u0105 danych Twojej firmy. Dzi\u0119ki intuicyjnemu interfejsowi i licznym opcjom dostosowania, mo\u017cesz zapewni\u0107 obs\u0142ug\u0119 klienta 24\/7 z personalizowanym do\u015bwiadczeniem i zawsze mie\u0107 pe\u0142n\u0105 kontrol\u0119 nad raportami. Przekonaj si\u0119, jak \u0142atwe i szybkie mo\u017ce to by\u0107 z Elfsight!<\/p> <\/div>\r\n\t\t\t\t\t<\/div>\r\n\t\t\t\t<\/div><\/div> <\/div> ","protected":false},"excerpt":{"rendered":"","protected":false},"author":9,"featured_media":0,"parent":9688,"menu_order":0,"comment_status":"closed","ping_status":"closed","template":"templates\/template-application-platform.php","meta":{"publish_to_discourse":"","publish_post_category":"","wpdc_auto_publish_overridden":"","wpdc_topic_tags":"","wpdc_pin_topic":"","wpdc_pin_until":"","discourse_post_id":"","discourse_permalink":"","wpdc_publishing_response":"","wpdc_publishing_error":"","footnotes":""},"class_list":["post-9747","page","type-page","status-publish","hentry"],"yoast_head":"<!-- This site is optimized with the Yoast SEO plugin v25.3.1 - https:\/\/yoast.com\/wordpress\/plugins\/seo\/ -->\n<title>HTML AI Chatbot widget \u2013 Dodaj AI Chatbota do HTML [ZA DARMO]<\/title>\n<meta name=\"description\" content=\"Dodaj najlepszy widget AI Chatbota do swojej strony HTML bez kodowania. Usprawnij obs\u0142ug\u0119 klienta dzi\u0119ki szybkiemu osadzeniu!\" \/>\n<meta name=\"robots\" content=\"index, follow, max-snippet:-1, max-image-preview:large, max-video-preview:-1\" \/>\n<link rel=\"canonical\" href=\"https:\/\/elfsight.com\/pl\/ai-chatbot-widget\/html\/\" \/>\n<meta property=\"og:locale\" content=\"pl_PL\" \/>\n<meta property=\"og:type\" content=\"article\" \/>\n<meta property=\"og:title\" content=\"HTML AI Chatbot widget \u2013 Dodaj AI Chatbota do HTML [ZA DARMO]\" \/>\n<meta property=\"og:description\" content=\"Dodaj najlepszy widget AI Chatbota do swojej strony HTML bez kodowania. Usprawnij obs\u0142ug\u0119 klienta dzi\u0119ki szybkiemu osadzeniu!\" \/>\n<meta property=\"og:url\" content=\"https:\/\/elfsight.com\/pl\/ai-chatbot-widget\/html\/\" \/>\n<meta property=\"og:site_name\" content=\"Elfsight PL\" \/>\n<meta property=\"article:modified_time\" content=\"2025-04-14T18:04:22+00:00\" \/>\n<meta name=\"twitter:card\" content=\"summary_large_image\" \/>\n<meta name=\"twitter:label1\" content=\"Szacowany czas czytania\" \/>\n\t<meta name=\"twitter:data1\" content=\"3 minuty\" \/>\n<!-- \/ Yoast SEO plugin. -->","yoast_head_json":{"title":"HTML AI Chatbot widget \u2013 Dodaj AI Chatbota do HTML [ZA DARMO]","description":"Dodaj najlepszy widget AI Chatbota do swojej strony HTML bez kodowania. Usprawnij obs\u0142ug\u0119 klienta dzi\u0119ki szybkiemu osadzeniu!","robots":{"index":"index","follow":"follow","max-snippet":"max-snippet:-1","max-image-preview":"max-image-preview:large","max-video-preview":"max-video-preview:-1"},"canonical":"https:\/\/elfsight.com\/pl\/ai-chatbot-widget\/html\/","og_locale":"pl_PL","og_type":"article","og_title":"HTML AI Chatbot widget \u2013 Dodaj AI Chatbota do HTML [ZA DARMO]","og_description":"Dodaj najlepszy widget AI Chatbota do swojej strony HTML bez kodowania. Usprawnij obs\u0142ug\u0119 klienta dzi\u0119ki szybkiemu osadzeniu!","og_url":"https:\/\/elfsight.com\/pl\/ai-chatbot-widget\/html\/","og_site_name":"Elfsight PL","article_modified_time":"2025-04-14T18:04:22+00:00","twitter_card":"summary_large_image","twitter_misc":{"Szacowany czas czytania":"3 minuty"},"schema":{"@context":"https:\/\/schema.org","@graph":[{"@type":"WebPage","@id":"https:\/\/elfsight.com\/pl\/ai-chatbot-widget\/html\/","url":"https:\/\/elfsight.com\/pl\/ai-chatbot-widget\/html\/","name":"HTML AI Chatbot widget \u2013 Dodaj AI Chatbota do HTML [ZA DARMO]","isPartOf":{"@id":"https:\/\/elfsight.com\/pl\/#website"},"datePublished":"2024-12-28T06:45:53+00:00","dateModified":"2025-04-14T18:04:22+00:00","description":"Dodaj najlepszy widget AI Chatbota do swojej strony HTML bez kodowania. Usprawnij obs\u0142ug\u0119 klienta dzi\u0119ki szybkiemu osadzeniu!","breadcrumb":{"@id":"https:\/\/elfsight.com\/pl\/ai-chatbot-widget\/html\/#breadcrumb"},"inLanguage":"pl-PL","potentialAction":[{"@type":"ReadAction","target":["https:\/\/elfsight.com\/pl\/ai-chatbot-widget\/html\/"]}]},{"@type":"BreadcrumbList","@id":"https:\/\/elfsight.com\/pl\/ai-chatbot-widget\/html\/#breadcrumb","itemListElement":[{"@type":"ListItem","position":1,"name":"Home","item":"https:\/\/elfsight.com\/pl\/"},{"@type":"ListItem","position":2,"name":"AI Chatbot","item":"https:\/\/elfsight.com\/pl\/ai-chatbot-widget\/"},{"@type":"ListItem","position":3,"name":"AI Chatbot &#8211; HTML"}]},{"@type":"WebSite","@id":"https:\/\/elfsight.com\/pl\/#website","url":"https:\/\/elfsight.com\/pl\/","name":"Elfsight PL","description":"Just another Elfsight Sites site","potentialAction":[{"@type":"SearchAction","target":{"@type":"EntryPoint","urlTemplate":"https:\/\/elfsight.com\/pl\/?s={search_term_string}"},"query-input":{"@type":"PropertyValueSpecification","valueRequired":true,"valueName":"search_term_string"}}],"inLanguage":"pl-PL"}]}},"meta_box":{"industry":"","seo_heading":"","heading":"","description":"","cta_heading":"","cta_description":"","application":"9684","h1":"Dodaj AI Chatbota do strony HTML","h1_caption":"Stw\u00f3rz najlepszego AI Chatbota, specjalnie wytrenowanego na danych Twojej firmy, aby zautomatyzowa\u0107 obs\u0142ug\u0119 klienta, pozyskiwa\u0107 leady i dostarcza\u0107 natychmiastowe, dok\u0142adne odpowiedzi na stronie HTML \u2014 24\/7.","application_category":[],"applications_title":"","applications_request_title":"","applications_request_button_text":"","hero_text":"","hero_video":"","hero_video_schema_markup":"","selling_points_title":"","selling_points_caption":"","selling_points":[],"selling_points_cta_text":"","features_title":"","features":"","ed_cta_examples_text":"","ed_cta_examples_hidden":"","ed_cta_demo_text":"","ed_cta_demo_hidden":"","why_caption":"","why_editor_title":"","why_editor_text":"","why_team_title":"","why_team_text":"","why_service_title":"","why_service_text":"","template_catalog_visible":"","template_catalog_title":"","template_catalog_text":"","template_catalog_categories_visible":"","demo_title":"Stw\u00f3rz sw\u00f3j widget AI Chatbota","demo_caption":"Skonfiguruj AI Chatbota i dodaj go do swojej strony HTML za darmo!","default_faq_hidden":"","app_template_category":[],"platform":"50","template_public_id":"","codecanyon_url":"","codecanyon_item_id":"","codecanyon_price":"","pricing_caption":"","pricing_elfsight_apps_hide_column":"","pricing_elfsight_apps_url":"","pricing_codecanyon_price_caption":"","integration_category":[],"integration_request_title":"","integration_request_cta":"","integration_platform":"","integrations":[],"platform_category":[],"video_schema_markup":"","price":"od 0 $ \/ miesi\u0105c","trial":"","benefits":[{"text":"Bezp\u0142atna pomoc przy instalacji"},{"text":"Do\u015bwiadczona obs\u0142uga klienta"},{"text":"14-dniowa gwarancja zwrotu pieni\u0119dzy"},{"text":"Ci\u0105g\u0142y rozw\u00f3j"},{"text":""}],"button_url":"#demo","button_target_blank":"","button_nofollow":"","attributes":[{"name":"Instalacje","content":"50,000 - 100,000"},{"name":"Responsywny","content":"Tak"},{"name":"Kompatybilne przegl\u0105darki","content":"Firefox, Safari, Opera, Chrome, Edge"}],"tags":[],"tags_disable_links":"","hide_more_platforms":"","video_object":"","demo_hide_cta":"","demo_hide_cloud_options":"","pricing_title":"","pricing":[{"pricing_icon":"platform","pricing_title":"Elfsight Apps","pricing_title_caption":"Wersja wieloplatformowa pasuj\u0105ca do ka\u017cdej strony internetowej","pricing_price":"od 0 USD \/ miesi\u0105c","pricing_price_caption":"zacznij od darmowego planu","pricing_benefits":[{"text":"Nieograniczone strony internetowe"},{"text":"Profesjonalne wsparcie"},{"text":"Us\u0142uga instalacji bez op\u0142at"},{"text":"Elastyczny design"}],"pricing_button_text":"Dodaj do strony internetowej","pricing_button_url":"#demo"}],"related_apps_title":"","related_apps_hidden":"","author":"","image":[],"title":"","job":"","social_networks":[]},"_links":{"self":[{"href":"https:\/\/elfsight.com\/pl\/wp-json\/wp\/v2\/pages\/9747","targetHints":{"allow":["GET"]}}],"collection":[{"href":"https:\/\/elfsight.com\/pl\/wp-json\/wp\/v2\/pages"}],"about":[{"href":"https:\/\/elfsight.com\/pl\/wp-json\/wp\/v2\/types\/page"}],"author":[{"embeddable":true,"href":"https:\/\/elfsight.com\/pl\/wp-json\/wp\/v2\/users\/9"}],"replies":[{"embeddable":true,"href":"https:\/\/elfsight.com\/pl\/wp-json\/wp\/v2\/comments?post=9747"}],"version-history":[{"count":1,"href":"https:\/\/elfsight.com\/pl\/wp-json\/wp\/v2\/pages\/9747\/revisions"}],"predecessor-version":[{"id":9751,"href":"https:\/\/elfsight.com\/pl\/wp-json\/wp\/v2\/pages\/9747\/revisions\/9751"}],"up":[{"embeddable":true,"href":"https:\/\/elfsight.com\/pl\/wp-json\/wp\/v2\/pages\/9688"}],"wp:attachment":[{"href":"https:\/\/elfsight.com\/pl\/wp-json\/wp\/v2\/media?parent=9747"}],"curies":[{"name":"wp","href":"https:\/\/api.w.org\/{rel}","templated":true}]}}