{"id":9740,"date":"2024-12-28T07:42:21","date_gmt":"2024-12-28T07:42:21","guid":{"rendered":"https:\/\/elfsight.com\/pl\/?page_id=9740"},"modified":"2025-04-14T18:04:15","modified_gmt":"2025-04-14T18:04:15","slug":"shopify","status":"publish","type":"page","link":"https:\/\/elfsight.com\/pl\/ai-chatbot-widget\/shopify\/","title":{"rendered":"AI Chatbot &#8211; Shopify"},"content":{"rendered":"<div class=\"application-platform-content-item-description application-platform-content-item\" id=\"description\" data-nav-section=\"description\"><h2>Osad\u017a AI Chatbot na Shopify z widgetem Elfsight!<\/h2> <p>Stw\u00f3rz zaawansowanego chatbota AI dla swojej strony Shopify, specjalnie wytrenowanego na podstawie Twojej bazy wiedzy, materia\u0142\u00f3w wsparcia lub najcz\u0119\u015bciej zadawanych pyta\u0144. Pozw\u00f3l mu si\u0119 uczy\u0107 i dostosowywa\u0107, oferuj\u0105c spersonalizowane wiadomo\u015bci, aby codziennie poprawia\u0107 do\u015bwiadczenia u\u017cytkownik\u00f3w.<\/p> <p>Upro\u015b\u0107 zadania obs\u0142ugi klienta, minimalizuj czas odpowiedzi i skutecznie pozyskuj leady bez r\u0119cznej interwencji. Oferuj nieprzerwan\u0105 pomoc, zapewniaj\u0105c, \u017ce klienci otrzymaj\u0105 odpowiedzi, kt\u00f3rych potrzebuj\u0105 \u2014 o ka\u017cdej porze, z ka\u017cdego miejsca!<\/p> <p><b>Dodaj asystenta AI, kt\u00f3ry zapewni szybkie odpowiedzi, rozwi\u0105\u017ce problemy i zwi\u0119kszy Twoje sprzeda\u017ce!<\/b><\/p> <\/div><div class=\"application-platform-content-item-features application-platform-content-item\" id=\"features\" data-nav-section=\"features\"> <h2>Najpopularniejsze funkcje widgetu obejmuj\u0105:<\/h2> <ul><li><b>Automatyzuj komunikacj\u0119 z klientami.<\/b> Upro\u015b\u0107 szybkie odpowiedzi, oferuj dost\u0119pno\u015b\u0107 24\/7 i zwi\u0119ksz wydajno\u015b\u0107 przy minimalnej konfiguracji \u2014 zarz\u0105dzaj nieograniczon\u0105 liczb\u0105 rozm\u00f3w i u\u017cytkownik\u00f3w bez trudu!<\/li><li><b>Oferuj spersonalizowane do\u015bwiadczenie.<\/b> Pom\u00f3\u017c ka\u017cdemu klientowi poczu\u0107 si\u0119 wyj\u0105tkowo i tw\u00f3rz najlepsze do\u015bwiadczenia dzi\u0119ki spersonalizowanym odpowiedziom, u\u017cywaniu imion, zapisywaniu historii czat\u00f3w i komunikacjom follow-up.<\/li><li><b>Trenuj chatbota z danymi firmy.<\/b> Wyposa\u017c chatbota AI w Twoj\u0105 specyficzn\u0105 wiedz\u0119, przesy\u0142aj\u0105c dokumenty, wprowadzaj\u0105c zestawy pyta\u0144 i odpowiedzi oraz korzystaj\u0105c z tre\u015bci Twojej strony do generowania instrukcji, zapewniaj\u0105c poprawne i adekwatne odpowiedzi dopasowane do kontekstu Twojego biznesu.<\/li><li><b>Uzyskaj wgl\u0105d w dane klient\u00f3w na sw\u00f3j e-mail.<\/b> B\u0105d\u017a na bie\u017c\u0105co i zbieraj cenne informacje, otrzymuj\u0105c pe\u0142ne transkrypty czat\u00f3w bezpo\u015brednio na swoj\u0105 skrzynk\u0119, w tym kluczowe dane kontaktowe do generowania lead\u00f3w i ulepszania us\u0142ug.<\/li><li><b>Odkryj szerok\u0105 gam\u0119 szablon\u00f3w.<\/b> Szybko skonfiguruj swojego chatbota AI, korzystaj\u0105c z naszej kolekcji gotowych szablon\u00f3w. S\u0105 one dopasowane do r\u00f3\u017cnych bran\u017c i funkcji, ka\u017cdy z dedykowanymi zestawami instrukcji dla szybkich wynik\u00f3w.<\/li><\/ul><p><a href=\"#demo\">Sprawd\u017a wszystkie opcje dostosowywania w w pe\u0142ni funkcjonalnym konfiguratorze<\/a><\/p> <\/div> <div class=\"application-platform-content-item-installation application-platform-content-item\" id=\"installation\" data-nav-section=\"installation\"> <h2>Jak doda\u0107 plugin AI Chatbot do Shopify?<\/h2> <p>Aby osadzi\u0107 AI Chatbot na swojej stronie Shopify, wykonaj nast\u0119puj\u0105ce kroki:<\/p> <ol><li><b>Personalizuj widget.<\/b><br> Wybierz dost\u0119pny szablon, aby rozpocz\u0105\u0107. Nast\u0119pnie swobodnie trenuj swojego chatbota, skonfiguruj funkcje i dostosuj jego wygl\u0105d do cel\u00f3w Twojego biznesu.<\/li><li><b>Wygeneruj kod osadzenia.<\/b><br> Zapisz zmiany i skopiuj automatycznie wygenerowany kod osadzenia.<\/li><li><b>Dodaj kod do edytora swojej strony.<\/b><br> Zaloguj si\u0119 do panelu administracyjnego swojej strony, wklej kod w odpowiednie miejsce i zaktualizuj stron\u0119. Gotowe!<\/li> <\/ol><p>W razie pyta\u0144 lub problem\u00f3w, skontaktuj si\u0119 z naszym zespo\u0142em obs\u0142ugi klienta. Nasi specjali\u015bci ch\u0119tnie pomog\u0105 Ci rozwi\u0105za\u0107 wszelkie trudno\u015bci zwi\u0105zane z aplikacj\u0105.<\/p> <div class=\"faq\" data-component=\"FAQ\"><div class=\"faq-item\">\r\n\t\t\t\t\t<div class=\"faq-item-question\">\r\n\t\t\t\t\t\t<h3 class=\"faq-item-question-text\">Jak mog\u0119 doda\u0107 informacje o moim biznesie do aplikacji AI Chatbot?<\/h3>\r\n\r\n\t\t\t\t\t\t<div class=\"faq-item-question-icon\"><\/div>\r\n\t\t\t\t\t<\/div>\r\n\r\n\t\t\t\t\t<div class=\"faq-item-answer\">\r\n\t\t\t\t\t\t<div class=\"faq-item-answer-text\"><p>Aby doda\u0107 swoje dane, przejd\u017a do sekcji \u201eSzkolenie\u201d i wybierz jeden z dost\u0119pnych format\u00f3w: pliki dokument\u00f3w, zestawy pyta\u0144 i odpowiedzi lub podstawowe bloki tekstowe.<\/p> <\/div>\r\n\t\t\t\t\t<\/div>\r\n\t\t\t\t<\/div> <div class=\"faq-item\">\r\n\t\t\t\t\t<div class=\"faq-item-question\">\r\n\t\t\t\t\t\t<h3 class=\"faq-item-question-text\">Jak stworzy\u0107 szybkie odpowiedzi dla AI Chatbot?<\/h3>\r\n\r\n\t\t\t\t\t\t<div class=\"faq-item-question-icon\"><\/div>\r\n\t\t\t\t\t<\/div>\r\n\r\n\t\t\t\t\t<div class=\"faq-item-answer\">\r\n\t\t\t\t\t\t<div class=\"faq-item-answer-text\"><p>Mo\u017cesz doda\u0107 je bezpo\u015brednio w edytorze AI Chatbot w zak\u0142adce \u201ePowitanie\u201d. Znajdziesz pole, w kt\u00f3rym mo\u017cesz wprowadzi\u0107 anga\u017cuj\u0105cy pocz\u0105tek rozmowy lub cz\u0119sto zadawane pytanie.<\/p> <\/div>\r\n\t\t\t\t\t<\/div>\r\n\t\t\t\t<\/div> <div class=\"faq-item\">\r\n\t\t\t\t\t<div class=\"faq-item-question\">\r\n\t\t\t\t\t\t<h3 class=\"faq-item-question-text\">Co sprawia, \u017ce aplikacja AI Chatbot Elfsight jest najlepsza dla mojej strony Shopify?<\/h3>\r\n\r\n\t\t\t\t\t\t<div class=\"faq-item-question-icon\"><\/div>\r\n\t\t\t\t\t<\/div>\r\n\r\n\t\t\t\t\t<div class=\"faq-item-answer\">\r\n\t\t\t\t\t\t<div class=\"faq-item-answer-text\"> <p>Aplikacja AI Chatbot to rozwi\u0105zanie czatu bez kodowania, oparte na najnowszym modelu AI, gotowe do wytrenowania na podstawie Twoich danych biznesowych. Posiada intuicyjny interfejs oraz liczne opcje dostosowywania, dzi\u0119ki kt\u00f3rym mo\u017cesz zapewni\u0107 ca\u0142odobow\u0105 obs\u0142ug\u0119 klienta z spersonalizowanym do\u015bwiadczeniem oraz zawsze by\u0107 na bie\u017c\u0105co dzi\u0119ki regularnym raportom. Sprawd\u017a sam, jak \u0142atwe i szybkie mo\u017ce to by\u0107 z Elfsight!<\/p> <\/div>\r\n\t\t\t\t\t<\/div>\r\n\t\t\t\t<\/div><\/div><\/div> ","protected":false},"excerpt":{"rendered":"","protected":false},"author":9,"featured_media":0,"parent":9688,"menu_order":0,"comment_status":"closed","ping_status":"closed","template":"templates\/template-application-platform.php","meta":{"publish_to_discourse":"","publish_post_category":"","wpdc_auto_publish_overridden":"","wpdc_topic_tags":"","wpdc_pin_topic":"","wpdc_pin_until":"","discourse_post_id":"","discourse_permalink":"","wpdc_publishing_response":"","wpdc_publishing_error":"","footnotes":""},"class_list":["post-9740","page","type-page","status-publish","hentry"],"yoast_head":"<!-- This site is optimized with the Yoast SEO plugin v25.3.1 - https:\/\/yoast.com\/wordpress\/plugins\/seo\/ -->\n<title>Shopify AI Chatbot app \u2013 Dodaj AI Chatbota do Shopify [ZA DARMO]<\/title>\n<meta name=\"description\" content=\"Dodaj najlepsz\u0105 aplikacj\u0119 AI Chatbota do swojej strony Shopify bez kodowania. Usprawnij obs\u0142ug\u0119 klienta dzi\u0119ki prostemu osadzeniu!\" \/>\n<meta name=\"robots\" content=\"index, follow, max-snippet:-1, max-image-preview:large, max-video-preview:-1\" \/>\n<link rel=\"canonical\" href=\"https:\/\/elfsight.com\/pl\/ai-chatbot-widget\/shopify\/\" \/>\n<meta property=\"og:locale\" content=\"pl_PL\" \/>\n<meta property=\"og:type\" content=\"article\" \/>\n<meta property=\"og:title\" content=\"Shopify AI Chatbot app \u2013 Dodaj AI Chatbota do Shopify [ZA DARMO]\" \/>\n<meta property=\"og:description\" content=\"Dodaj najlepsz\u0105 aplikacj\u0119 AI Chatbota do swojej strony Shopify bez kodowania. Usprawnij obs\u0142ug\u0119 klienta dzi\u0119ki prostemu osadzeniu!\" \/>\n<meta property=\"og:url\" content=\"https:\/\/elfsight.com\/pl\/ai-chatbot-widget\/shopify\/\" \/>\n<meta property=\"og:site_name\" content=\"Elfsight PL\" \/>\n<meta property=\"article:modified_time\" content=\"2025-04-14T18:04:15+00:00\" \/>\n<meta name=\"twitter:card\" content=\"summary_large_image\" \/>\n<meta name=\"twitter:label1\" content=\"Szacowany czas czytania\" \/>\n\t<meta name=\"twitter:data1\" content=\"3 minuty\" \/>\n<!-- \/ Yoast SEO plugin. -->","yoast_head_json":{"title":"Shopify AI Chatbot app \u2013 Dodaj AI Chatbota do Shopify [ZA DARMO]","description":"Dodaj najlepsz\u0105 aplikacj\u0119 AI Chatbota do swojej strony Shopify bez kodowania. Usprawnij obs\u0142ug\u0119 klienta dzi\u0119ki prostemu osadzeniu!","robots":{"index":"index","follow":"follow","max-snippet":"max-snippet:-1","max-image-preview":"max-image-preview:large","max-video-preview":"max-video-preview:-1"},"canonical":"https:\/\/elfsight.com\/pl\/ai-chatbot-widget\/shopify\/","og_locale":"pl_PL","og_type":"article","og_title":"Shopify AI Chatbot app \u2013 Dodaj AI Chatbota do Shopify [ZA DARMO]","og_description":"Dodaj najlepsz\u0105 aplikacj\u0119 AI Chatbota do swojej strony Shopify bez kodowania. Usprawnij obs\u0142ug\u0119 klienta dzi\u0119ki prostemu osadzeniu!","og_url":"https:\/\/elfsight.com\/pl\/ai-chatbot-widget\/shopify\/","og_site_name":"Elfsight PL","article_modified_time":"2025-04-14T18:04:15+00:00","twitter_card":"summary_large_image","twitter_misc":{"Szacowany czas czytania":"3 minuty"},"schema":{"@context":"https:\/\/schema.org","@graph":[{"@type":"WebPage","@id":"https:\/\/elfsight.com\/pl\/ai-chatbot-widget\/shopify\/","url":"https:\/\/elfsight.com\/pl\/ai-chatbot-widget\/shopify\/","name":"Shopify AI Chatbot app \u2013 Dodaj AI Chatbota do Shopify [ZA DARMO]","isPartOf":{"@id":"https:\/\/elfsight.com\/pl\/#website"},"datePublished":"2024-12-28T07:42:21+00:00","dateModified":"2025-04-14T18:04:15+00:00","description":"Dodaj najlepsz\u0105 aplikacj\u0119 AI Chatbota do swojej strony Shopify bez kodowania. Usprawnij obs\u0142ug\u0119 klienta dzi\u0119ki prostemu osadzeniu!","breadcrumb":{"@id":"https:\/\/elfsight.com\/pl\/ai-chatbot-widget\/shopify\/#breadcrumb"},"inLanguage":"pl-PL","potentialAction":[{"@type":"ReadAction","target":["https:\/\/elfsight.com\/pl\/ai-chatbot-widget\/shopify\/"]}]},{"@type":"BreadcrumbList","@id":"https:\/\/elfsight.com\/pl\/ai-chatbot-widget\/shopify\/#breadcrumb","itemListElement":[{"@type":"ListItem","position":1,"name":"Home","item":"https:\/\/elfsight.com\/pl\/"},{"@type":"ListItem","position":2,"name":"AI Chatbot","item":"https:\/\/elfsight.com\/pl\/ai-chatbot-widget\/"},{"@type":"ListItem","position":3,"name":"AI Chatbot &#8211; Shopify"}]},{"@type":"WebSite","@id":"https:\/\/elfsight.com\/pl\/#website","url":"https:\/\/elfsight.com\/pl\/","name":"Elfsight PL","description":"Just another Elfsight Sites site","potentialAction":[{"@type":"SearchAction","target":{"@type":"EntryPoint","urlTemplate":"https:\/\/elfsight.com\/pl\/?s={search_term_string}"},"query-input":{"@type":"PropertyValueSpecification","valueRequired":true,"valueName":"search_term_string"}}],"inLanguage":"pl-PL"}]}},"meta_box":{"industry":"","seo_heading":"","heading":"","description":"","cta_heading":"","cta_description":"","application":"9684","h1":"Dodaj AI Chatbota do strony Shopify","h1_caption":"Stw\u00f3rz najlepszego AI Chatbota, specjalnie wytrenowanego na danych Twojej firmy, aby zautomatyzowa\u0107 obs\u0142ug\u0119 klienta, pozyskiwa\u0107 leady i dostarcza\u0107 natychmiastowe, dok\u0142adne odpowiedzi na stronie Shopify \u2014 24\/7.","application_category":[],"applications_title":"","applications_request_title":"","applications_request_button_text":"","hero_text":"","hero_video":"","hero_video_schema_markup":"","selling_points_title":"","selling_points_caption":"","selling_points":[],"selling_points_cta_text":"","features_title":"","features":"","ed_cta_examples_text":"","ed_cta_examples_hidden":"","ed_cta_demo_text":"","ed_cta_demo_hidden":"","why_caption":"","why_editor_title":"","why_editor_text":"","why_team_title":"","why_team_text":"","why_service_title":"","why_service_text":"","template_catalog_visible":"","template_catalog_title":"","template_catalog_text":"","template_catalog_categories_visible":"","demo_title":"Stw\u00f3rz swoj\u0105 aplikacj\u0119 AI Chatbota","demo_caption":"Skonfiguruj AI Chatbota i dodaj go do swojej strony Shopify za darmo!","default_faq_hidden":"","app_template_category":[],"platform":"7580","template_public_id":"","codecanyon_url":"","codecanyon_item_id":"","codecanyon_price":"","pricing_caption":"","pricing_elfsight_apps_hide_column":"","pricing_elfsight_apps_url":"","pricing_codecanyon_price_caption":"","integration_category":[],"integration_request_title":"","integration_request_cta":"","integration_platform":"","integrations":[],"platform_category":[],"video_schema_markup":"","price":"od 0 $ \/ miesi\u0105c","trial":"","benefits":[{"text":"Bezp\u0142atna pomoc przy instalacji"},{"text":"Wysokiej jako\u015bci wsparcie"},{"text":"14-dniowa gwarancja zwrotu"},{"text":"Nieustannie aktualizowane"},{"text":""}],"button_url":"#demo","button_target_blank":"","button_nofollow":"","attributes":[{"name":"Instalacje","content":"50,000 - 100,000"},{"name":"Responsywny","content":"Tak"},{"name":"Kompatybilne przegl\u0105darki","content":"Firefox, Safari, Opera, Chrome, Edge"}],"tags":[],"tags_disable_links":"","hide_more_platforms":"","video_object":"","demo_hide_cta":"","demo_hide_cloud_options":"","pricing_title":"","pricing":[{"pricing_icon":"platform","pricing_title":"Elfsight Apps","pricing_title_caption":"Wersja wieloplatformowa dzia\u0142aj\u0105ca na ka\u017cdej stronie internetowej","pricing_price":"od 0 USD \/ miesi\u0105c","pricing_price_caption":"zacznij od darmowego planu","pricing_benefits":[{"text":"Nieograniczone strony internetowe"},{"text":"Szybkie wsparcie dla klient\u00f3w"},{"text":"Pomoc przy instalacji bez op\u0142at"},{"text":"W 100% dostosowywalny"}],"pricing_button_text":"Dodaj do strony internetowej","pricing_button_url":"#demo"}],"related_apps_title":"","related_apps_hidden":"","author":"","image":[],"title":"","job":"","social_networks":[]},"_links":{"self":[{"href":"https:\/\/elfsight.com\/pl\/wp-json\/wp\/v2\/pages\/9740","targetHints":{"allow":["GET"]}}],"collection":[{"href":"https:\/\/elfsight.com\/pl\/wp-json\/wp\/v2\/pages"}],"about":[{"href":"https:\/\/elfsight.com\/pl\/wp-json\/wp\/v2\/types\/page"}],"author":[{"embeddable":true,"href":"https:\/\/elfsight.com\/pl\/wp-json\/wp\/v2\/users\/9"}],"replies":[{"embeddable":true,"href":"https:\/\/elfsight.com\/pl\/wp-json\/wp\/v2\/comments?post=9740"}],"version-history":[{"count":1,"href":"https:\/\/elfsight.com\/pl\/wp-json\/wp\/v2\/pages\/9740\/revisions"}],"predecessor-version":[{"id":9744,"href":"https:\/\/elfsight.com\/pl\/wp-json\/wp\/v2\/pages\/9740\/revisions\/9744"}],"up":[{"embeddable":true,"href":"https:\/\/elfsight.com\/pl\/wp-json\/wp\/v2\/pages\/9688"}],"wp:attachment":[{"href":"https:\/\/elfsight.com\/pl\/wp-json\/wp\/v2\/media?parent=9740"}],"curies":[{"name":"wp","href":"https:\/\/api.w.org\/{rel}","templated":true}]}}