{"id":9739,"date":"2024-12-28T07:48:51","date_gmt":"2024-12-28T07:48:51","guid":{"rendered":"https:\/\/elfsight.com\/pl\/?page_id=9739"},"modified":"2025-04-14T18:04:15","modified_gmt":"2025-04-14T18:04:15","slug":"elementor","status":"publish","type":"page","link":"https:\/\/elfsight.com\/pl\/ai-chatbot-widget\/elementor\/","title":{"rendered":"AI Chatbot &#8211; Elementor"},"content":{"rendered":"<div class=\"application-platform-content-item-description application-platform-content-item\" id=\"description\" data-nav-section=\"description\"><h2>Osad\u017a AI Chatbot na Elementorze z widgetem Elfsight!<\/h2> <p>Stw\u00f3rz zaawansowanego chatbota AI dla swojej strony Elementor, specjalnie wytrenowanego na podstawie Twojej bazy wiedzy, materia\u0142\u00f3w wsparcia lub pyta\u0144 klient\u00f3w. Umo\u017cliw mu nauk\u0119 i adaptacj\u0119, oferuj\u0105c spersonalizowane wiadomo\u015bci, aby ka\u017cdego dnia zwi\u0119ksza\u0107 zaanga\u017cowanie u\u017cytkownik\u00f3w.<\/p> <p>Upro\u015b\u0107 zadania obs\u0142ugi klienta, skr\u00f3\u0107 czas odpowiedzi i skutecznie pozyskuj leady bez potrzeby interwencji manualnej. Oferuj nieprzerwan\u0105 pomoc, zapewniaj\u0105c, \u017ce klienci otrzymaj\u0105 potrzebne informacje \u2014 kiedykolwiek i gdziekolwiek!<\/p> <p><b>Dodaj asystenta AI, kt\u00f3ry zapewni szybkie odpowiedzi, rozwi\u0105\u017ce problemy i zwi\u0119kszy Twoje sprzeda\u017ce!<\/b><\/p> <\/div><div class=\"application-platform-content-item-features application-platform-content-item\" id=\"features\" data-nav-section=\"features\"> <h2>Podstawowe funkcje widgetu obejmuj\u0105:<\/h2> <ul><li><b>Automatyzuj komunikacj\u0119 z klientami.<\/b> Upro\u015b\u0107 odpowiedzi, oferuj wsparcie 24\/7 i zwi\u0119ksz wydajno\u015b\u0107 przy minimalnej konfiguracji \u2014 zarz\u0105dzaj nieograniczon\u0105 liczb\u0105 rozm\u00f3w i u\u017cytkownik\u00f3w bez wysi\u0142ku!<\/li><li><b>Oferuj spersonalizowane do\u015bwiadczenia.<\/b> Pom\u00f3\u017c ka\u017cdemu klientowi poczu\u0107 si\u0119 wyj\u0105tkowo i tw\u00f3rz najlepsze do\u015bwiadczenia dzi\u0119ki spersonalizowanym odpowiedziom, zwracaniu si\u0119 do nich po imieniu, \u015bledzeniu historii czat\u00f3w i komunikacjom follow-up.<\/li><li><b>Trenuj chatbota z danymi biznesowymi.<\/b> Wyposa\u017c chatbota AI w Twoj\u0105 specyficzn\u0105 wiedz\u0119, przesy\u0142aj\u0105c materia\u0142y, wprowadzaj\u0105c zestawy pyta\u0144 i odpowiedzi oraz wykorzystuj\u0105c tre\u015bci Twojej strony do generowania instrukcji, zapewniaj\u0105c poprawne i adekwatne odpowiedzi dopasowane do Twojego biznesu.<\/li><li><b>Uzyskaj wgl\u0105d w dane klient\u00f3w na sw\u00f3j e-mail.<\/b> B\u0105d\u017a na bie\u017c\u0105co i zbieraj cenne informacje, otrzymuj\u0105c pe\u0142ne transkrypty czat\u00f3w na swoj\u0105 skrzynk\u0119 mailow\u0105, zawieraj\u0105ce kluczowe dane kontaktowe do generowania lead\u00f3w i optymalizacji us\u0142ug.<\/li><li><b>Odkryj szerok\u0105 gam\u0119 szablon\u00f3w.<\/b> Szybko skonfiguruj swojego chatbota AI, korzystaj\u0105c z naszej biblioteki gotowych szablon\u00f3w. S\u0105 one dostosowane do r\u00f3\u017cnych bran\u017c i funkcji, ka\u017cdy z dedykowanymi zestawami instrukcji dla natychmiastowych wynik\u00f3w.<\/li><\/ul><p><a href=\"#demo\">Mo\u017cesz zapozna\u0107 si\u0119 ze wszystkimi mo\u017cliwo\u015bciami widgetu w konfiguratorze na tej stronie<\/a><\/p> <\/div> <div class=\"application-platform-content-item-installation application-platform-content-item\" id=\"installation\" data-nav-section=\"installation\"> <h2>Jak doda\u0107 widget AI Chatbot do Elementora?<\/h2> <p>Aby doda\u0107 AI Chatbot do swojej strony Elementor, wykonaj poni\u017csze kroki:<\/p> <ol><li><b>Dostosuj widget.<\/b><br> Rozpocznij od wyboru jednego z gotowych szablon\u00f3w. Nast\u0119pnie swobodnie trenuj swojego chatbota, ustawiaj funkcje i zmieniaj jego wygl\u0105d w zale\u017cno\u015bci od potrzeb Twojego biznesu.<\/li><li><b>Uzyskaj kod osadzenia.<\/b><br> Zapisz dokonane zmiany i skopiuj wygenerowany kod instalacyjny.<\/li><li><b>Dodaj kod do edytora swojej strony.<\/b><br> Przejd\u017a do panelu administracyjnego swojej strony, wklej kr\u00f3tki kod w odpowiednim miejscu i zaktualizuj stron\u0119. Gotowe!<\/li> <\/ol><p>W razie trudno\u015bci, nie wahaj si\u0119 skontaktowa\u0107 z naszym zespo\u0142em wsparcia. Nasi specjali\u015bci ch\u0119tnie pomog\u0105 Ci w rozwi\u0105zaniu wszelkich problem\u00f3w zwi\u0105zanych z widgetem.<\/p> <div class=\"faq\" data-component=\"FAQ\"><div class=\"faq-item\">\r\n\t\t\t\t\t<div class=\"faq-item-question\">\r\n\t\t\t\t\t\t<h3 class=\"faq-item-question-text\">Jak mog\u0119 doda\u0107 informacje o moim biznesie do widgetu AI Chatbot?<\/h3>\r\n\r\n\t\t\t\t\t\t<div class=\"faq-item-question-icon\"><\/div>\r\n\t\t\t\t\t<\/div>\r\n\r\n\t\t\t\t\t<div class=\"faq-item-answer\">\r\n\t\t\t\t\t\t<div class=\"faq-item-answer-text\"><p>Aby doda\u0107 swoje dane, przejd\u017a do zak\u0142adki \u201eSzkolenie\u201d i wybierz jeden z dost\u0119pnych format\u00f3w: pliki dokument\u00f3w, zestawy pyta\u0144 i odpowiedzi lub podstawowe bloki tekstowe.<\/p> <\/div>\r\n\t\t\t\t\t<\/div>\r\n\t\t\t\t<\/div> <div class=\"faq-item\">\r\n\t\t\t\t\t<div class=\"faq-item-question\">\r\n\t\t\t\t\t\t<h3 class=\"faq-item-question-text\">Jak stworzy\u0107 szybkie odpowiedzi dla AI Chatbot?<\/h3>\r\n\r\n\t\t\t\t\t\t<div class=\"faq-item-question-icon\"><\/div>\r\n\t\t\t\t\t<\/div>\r\n\r\n\t\t\t\t\t<div class=\"faq-item-answer\">\r\n\t\t\t\t\t\t<div class=\"faq-item-answer-text\"><p>Mo\u017cesz doda\u0107 je bezpo\u015brednio w konfiguratorze AI Chatbot w menu \u201ePowitanie\u201d. Znajdziesz tam pole, w kt\u00f3rym mo\u017cesz wpisa\u0107 intryguj\u0105cy pocz\u0105tek rozmowy lub najcz\u0119\u015bciej zadawane pytanie.<\/p> <\/div>\r\n\t\t\t\t\t<\/div>\r\n\t\t\t\t<\/div> <div class=\"faq-item\">\r\n\t\t\t\t\t<div class=\"faq-item-question\">\r\n\t\t\t\t\t\t<h3 class=\"faq-item-question-text\">Co sprawia, \u017ce widget AI Chatbot Elfsight jest najlepszy dla mojej strony Elementor?<\/h3>\r\n\r\n\t\t\t\t\t\t<div class=\"faq-item-question-icon\"><\/div>\r\n\t\t\t\t\t<\/div>\r\n\r\n\t\t\t\t\t<div class=\"faq-item-answer\">\r\n\t\t\t\t\t\t<div class=\"faq-item-answer-text\"> <p>Widget AI Chatbot to rozwi\u0105zanie czatowe bez kodowania, oparte na najnowszej technologii AI, gotowe do wytrenowania na podstawie Twoich danych biznesowych. Posiada intuicyjny interfejs oraz liczne opcje dostosowywania, dzi\u0119ki kt\u00f3rym mo\u017cesz zapewni\u0107 ca\u0142odobow\u0105 obs\u0142ug\u0119 klienta z spersonalizowanym do\u015bwiadczeniem oraz zawsze by\u0107 na bie\u017c\u0105co dzi\u0119ki ci\u0105g\u0142ym raportom. Sprawd\u017a sam, jak \u0142atwe i szybkie mo\u017ce to by\u0107 z Elfsight!<\/p> <\/div>\r\n\t\t\t\t\t<\/div>\r\n\t\t\t\t<\/div><\/div><\/div> ","protected":false},"excerpt":{"rendered":"","protected":false},"author":9,"featured_media":0,"parent":9688,"menu_order":0,"comment_status":"closed","ping_status":"closed","template":"templates\/template-application-platform.php","meta":{"publish_to_discourse":"","publish_post_category":"","wpdc_auto_publish_overridden":"","wpdc_topic_tags":"","wpdc_pin_topic":"","wpdc_pin_until":"","discourse_post_id":"","discourse_permalink":"","wpdc_publishing_response":"","wpdc_publishing_error":"","footnotes":""},"class_list":["post-9739","page","type-page","status-publish","hentry"],"yoast_head":"<!-- This site is optimized with the Yoast SEO plugin v25.3.1 - https:\/\/yoast.com\/wordpress\/plugins\/seo\/ -->\n<title>Elementor AI Chatbot widget \u2013 Dodaj AI Chatbota do Elementor [ZA DARMO]<\/title>\n<meta name=\"description\" content=\"Dodaj najlepszy widget AI Chatbota do swojej strony Elementor bez kodowania. Optymalizuj pomoc klientom dzi\u0119ki \u0142atwemu osadzeniu!\" \/>\n<meta name=\"robots\" content=\"index, follow, max-snippet:-1, max-image-preview:large, max-video-preview:-1\" \/>\n<link rel=\"canonical\" href=\"https:\/\/elfsight.com\/pl\/ai-chatbot-widget\/elementor\/\" \/>\n<meta property=\"og:locale\" content=\"pl_PL\" \/>\n<meta property=\"og:type\" content=\"article\" \/>\n<meta property=\"og:title\" content=\"Elementor AI Chatbot widget \u2013 Dodaj AI Chatbota do Elementor [ZA DARMO]\" \/>\n<meta property=\"og:description\" content=\"Dodaj najlepszy widget AI Chatbota do swojej strony Elementor bez kodowania. Optymalizuj pomoc klientom dzi\u0119ki \u0142atwemu osadzeniu!\" \/>\n<meta property=\"og:url\" content=\"https:\/\/elfsight.com\/pl\/ai-chatbot-widget\/elementor\/\" \/>\n<meta property=\"og:site_name\" content=\"Elfsight PL\" \/>\n<meta property=\"article:modified_time\" content=\"2025-04-14T18:04:15+00:00\" \/>\n<meta name=\"twitter:card\" content=\"summary_large_image\" \/>\n<meta name=\"twitter:label1\" content=\"Szacowany czas czytania\" \/>\n\t<meta name=\"twitter:data1\" content=\"3 minuty\" \/>\n<!-- \/ Yoast SEO plugin. -->","yoast_head_json":{"title":"Elementor AI Chatbot widget \u2013 Dodaj AI Chatbota do Elementor [ZA DARMO]","description":"Dodaj najlepszy widget AI Chatbota do swojej strony Elementor bez kodowania. Optymalizuj pomoc klientom dzi\u0119ki \u0142atwemu osadzeniu!","robots":{"index":"index","follow":"follow","max-snippet":"max-snippet:-1","max-image-preview":"max-image-preview:large","max-video-preview":"max-video-preview:-1"},"canonical":"https:\/\/elfsight.com\/pl\/ai-chatbot-widget\/elementor\/","og_locale":"pl_PL","og_type":"article","og_title":"Elementor AI Chatbot widget \u2013 Dodaj AI Chatbota do Elementor [ZA DARMO]","og_description":"Dodaj najlepszy widget AI Chatbota do swojej strony Elementor bez kodowania. Optymalizuj pomoc klientom dzi\u0119ki \u0142atwemu osadzeniu!","og_url":"https:\/\/elfsight.com\/pl\/ai-chatbot-widget\/elementor\/","og_site_name":"Elfsight PL","article_modified_time":"2025-04-14T18:04:15+00:00","twitter_card":"summary_large_image","twitter_misc":{"Szacowany czas czytania":"3 minuty"},"schema":{"@context":"https:\/\/schema.org","@graph":[{"@type":"WebPage","@id":"https:\/\/elfsight.com\/pl\/ai-chatbot-widget\/elementor\/","url":"https:\/\/elfsight.com\/pl\/ai-chatbot-widget\/elementor\/","name":"Elementor AI Chatbot widget \u2013 Dodaj AI Chatbota do Elementor [ZA DARMO]","isPartOf":{"@id":"https:\/\/elfsight.com\/pl\/#website"},"datePublished":"2024-12-28T07:48:51+00:00","dateModified":"2025-04-14T18:04:15+00:00","description":"Dodaj najlepszy widget AI Chatbota do swojej strony Elementor bez kodowania. Optymalizuj pomoc klientom dzi\u0119ki \u0142atwemu osadzeniu!","breadcrumb":{"@id":"https:\/\/elfsight.com\/pl\/ai-chatbot-widget\/elementor\/#breadcrumb"},"inLanguage":"pl-PL","potentialAction":[{"@type":"ReadAction","target":["https:\/\/elfsight.com\/pl\/ai-chatbot-widget\/elementor\/"]}]},{"@type":"BreadcrumbList","@id":"https:\/\/elfsight.com\/pl\/ai-chatbot-widget\/elementor\/#breadcrumb","itemListElement":[{"@type":"ListItem","position":1,"name":"Home","item":"https:\/\/elfsight.com\/pl\/"},{"@type":"ListItem","position":2,"name":"AI Chatbot","item":"https:\/\/elfsight.com\/pl\/ai-chatbot-widget\/"},{"@type":"ListItem","position":3,"name":"AI Chatbot &#8211; Elementor"}]},{"@type":"WebSite","@id":"https:\/\/elfsight.com\/pl\/#website","url":"https:\/\/elfsight.com\/pl\/","name":"Elfsight PL","description":"Just another Elfsight Sites site","potentialAction":[{"@type":"SearchAction","target":{"@type":"EntryPoint","urlTemplate":"https:\/\/elfsight.com\/pl\/?s={search_term_string}"},"query-input":{"@type":"PropertyValueSpecification","valueRequired":true,"valueName":"search_term_string"}}],"inLanguage":"pl-PL"}]}},"meta_box":{"industry":"","seo_heading":"","heading":"","description":"","cta_heading":"","cta_description":"","application":"9684","h1":"Dodaj AI Chatbota do strony Elementor","h1_caption":"Stw\u00f3rz najlepszego AI Chatbota, specjalnie wytrenowanego na danych Twojej firmy, aby zautomatyzowa\u0107 obs\u0142ug\u0119 klienta, pozyskiwa\u0107 leady i dostarcza\u0107 natychmiastowe, dok\u0142adne odpowiedzi na stronie Elementor \u2014 24\/7.","application_category":[],"applications_title":"","applications_request_title":"","applications_request_button_text":"","hero_text":"","hero_video":"","hero_video_schema_markup":"","selling_points_title":"","selling_points_caption":"","selling_points":[],"selling_points_cta_text":"","features_title":"","features":"","ed_cta_examples_text":"","ed_cta_examples_hidden":"","ed_cta_demo_text":"","ed_cta_demo_hidden":"","why_caption":"","why_editor_title":"","why_editor_text":"","why_team_title":"","why_team_text":"","why_service_title":"","why_service_text":"","template_catalog_visible":"","template_catalog_title":"","template_catalog_text":"","template_catalog_categories_visible":"","demo_title":"Stw\u00f3rz sw\u00f3j widget AI Chatbota","demo_caption":"Skonfiguruj AI Chatbota i dodaj go do swojej strony Elementor za darmo!","default_faq_hidden":"","app_template_category":[],"platform":"268","template_public_id":"","codecanyon_url":"","codecanyon_item_id":"","codecanyon_price":"","pricing_caption":"","pricing_elfsight_apps_hide_column":"","pricing_elfsight_apps_url":"","pricing_codecanyon_price_caption":"","integration_category":[],"integration_request_title":"","integration_request_cta":"","integration_platform":"","integrations":[],"platform_category":[],"video_schema_markup":"","price":"od 0 $ \/ miesi\u0105c","trial":"","benefits":[{"text":"Bezp\u0142atna us\u0142uga instalacji"},{"text":"Do\u015bwiadczona obs\u0142uga klienta"},{"text":"14-dniowa gwarancja zwrotu"},{"text":"Nieustannie aktualizowane"},{"text":""}],"button_url":"#demo","button_target_blank":"","button_nofollow":"","attributes":[{"name":"Instalacje","content":"50,000 - 100,000"},{"name":"Responsywny","content":"Tak"},{"name":"Kompatybilne przegl\u0105darki","content":"Firefox, Safari, Opera, Chrome, Edge"}],"tags":[],"tags_disable_links":"","hide_more_platforms":"","video_object":"","demo_hide_cta":"","demo_hide_cloud_options":"","pricing_title":"","pricing":[{"pricing_icon":"platform","pricing_title":"Elfsight Apps","pricing_title_caption":"Cyfrowe rozwi\u0105zanie wieloplatformowe pasuj\u0105ce do ka\u017cdej strony internetowej","pricing_price":"od 0 USD \/ miesi\u0105c","pricing_price_caption":"zacznij od darmowego planu","pricing_benefits":[{"text":"Nieograniczone strony internetowe"},{"text":"Wsparcie premium dla klient\u00f3w"},{"text":"Bezp\u0142atne wsparcie przy instalacji"},{"text":"W 100% dostosowywalny"}],"pricing_button_text":"Dodaj do strony internetowej","pricing_button_url":"#demo"}],"related_apps_title":"","related_apps_hidden":"","author":"","image":[],"title":"","job":"","social_networks":[]},"_links":{"self":[{"href":"https:\/\/elfsight.com\/pl\/wp-json\/wp\/v2\/pages\/9739","targetHints":{"allow":["GET"]}}],"collection":[{"href":"https:\/\/elfsight.com\/pl\/wp-json\/wp\/v2\/pages"}],"about":[{"href":"https:\/\/elfsight.com\/pl\/wp-json\/wp\/v2\/types\/page"}],"author":[{"embeddable":true,"href":"https:\/\/elfsight.com\/pl\/wp-json\/wp\/v2\/users\/9"}],"replies":[{"embeddable":true,"href":"https:\/\/elfsight.com\/pl\/wp-json\/wp\/v2\/comments?post=9739"}],"version-history":[{"count":1,"href":"https:\/\/elfsight.com\/pl\/wp-json\/wp\/v2\/pages\/9739\/revisions"}],"predecessor-version":[{"id":9743,"href":"https:\/\/elfsight.com\/pl\/wp-json\/wp\/v2\/pages\/9739\/revisions\/9743"}],"up":[{"embeddable":true,"href":"https:\/\/elfsight.com\/pl\/wp-json\/wp\/v2\/pages\/9688"}],"wp:attachment":[{"href":"https:\/\/elfsight.com\/pl\/wp-json\/wp\/v2\/media?parent=9739"}],"curies":[{"name":"wp","href":"https:\/\/api.w.org\/{rel}","templated":true}]}}