{"id":9738,"date":"2024-12-28T08:02:33","date_gmt":"2024-12-28T08:02:33","guid":{"rendered":"https:\/\/elfsight.com\/pl\/?page_id=9738"},"modified":"2025-04-14T18:04:15","modified_gmt":"2025-04-14T18:04:15","slug":"google-sites","status":"publish","type":"page","link":"https:\/\/elfsight.com\/pl\/ai-chatbot-widget\/google-sites\/","title":{"rendered":"AI Chatbot &#8211; Google Sites"},"content":{"rendered":"<div class=\"application-platform-content-item-description application-platform-content-item\" id=\"description\" data-nav-section=\"description\"><h2>Wstaw chatbota AI na Google Sites za pomoc\u0105 wtyczki Elfsight!<\/h2> <p>Stw\u00f3rz najlepszej jako\u015bci chatbota AI dla swojej strony na Google Sites, specjalnie wytrenowanego na Twojej bazie wiedzy, materia\u0142ach wsparcia lub cz\u0119sto zadawanych pytaniach. Pozw\u00f3l mu uczy\u0107 si\u0119 i adaptowa\u0107, oferuj\u0105c spersonalizowane wiadomo\u015bci, kt\u00f3re codziennie b\u0119d\u0105 lepiej s\u0142u\u017cy\u0107 Twoim u\u017cytkownikom.<\/p> <p>Bezproblemowo zautomatyzuj zadania obs\u0142ugi klienta, zmniejsz czas odpowiedzi i skutecznie zdobywaj leady bez r\u0119cznego wysi\u0142ku. Oferuj pomoc 24\/7, zapewniaj\u0105c, \u017ce klienci otrzymaj\u0105 potrzebne informacje\u2014kiedy tylko zechc\u0105 i z dowolnego miejsca!<\/p> <p><b>Dodaj asystenta AI, kt\u00f3ry odpowie na pytania, rozwi\u0105\u017ce dylematy i zwi\u0119kszy Twoje sprzeda\u017ce!<\/b><\/p> <\/div><div class=\"application-platform-content-item-features application-platform-content-item\" id=\"features\" data-nav-section=\"features\"> <h2>Oto tylko kilka z wielu funkcji wtyczki:<\/h2> <ul><li><b>Automatyzuj interakcje z klientami.<\/b> Usprawnij odpowiedzi, oferuj dost\u0119pno\u015b\u0107 przez ca\u0142\u0105 dob\u0119 i zwi\u0119ksz efektywno\u015b\u0107 przy minimalnej konfiguracji\u2014zarz\u0105dzaj nieograniczon\u0105 liczb\u0105 czat\u00f3w i u\u017cytkownik\u00f3w bez problemu!<\/li><li><b>Oferuj spersonalizowane do\u015bwiadczenie.<\/b> Spraw, by ka\u017cdy klient czu\u0142 si\u0119 wa\u017cny i stw\u00f3rz najlepsze do\u015bwiadczenie dzi\u0119ki personalizowanym odpowiedziom, powitanioom, \u015bledzeniu poprzednich rozm\u00f3w i kontynuacji komunikacji po wcze\u015bniejszych kontaktach.<\/li><li><b>Trenuj chatbota na danych korporacyjnych.<\/b> Wzbogac chatbota AI o Twoje konkretne do\u015bwiadczenie, przesy\u0142aj\u0105c dokumenty, tworz\u0105c pytania i odpowiedzi oraz korzystaj\u0105c z informacji ze strony do generatora instrukcji, zapewniaj\u0105c precyzyjne i odpowiednie odpowiedzi dopasowane do Twojego biznesu.<\/li><li><b>Odbieraj informacje o klientach na sw\u00f3j e-mail.<\/b> B\u0105d\u017a na bie\u017c\u0105co i zbieraj istotne informacje, otrzymuj\u0105c pe\u0142ne transkrypcje czat\u00f3w bezpo\u015brednio na swoj\u0105 skrzynk\u0119 e-mailow\u0105, w tym kluczowe dane kontaktowe do generowania lead\u00f3w i optymalizacji us\u0142ug.<\/li><li><b>Odkrywaj szerok\u0105 gam\u0119 szablon\u00f3w.<\/b> Uruchom swojego chatbota AI w mgnieniu oka, korzystaj\u0105c z naszej kolekcji gotowych szablon\u00f3w. S\u0105 one dostosowane do r\u00f3\u017cnych bran\u017c i funkcji, z ka\u017cdym szablonem dostosowanymi zestawami instrukcji dla natychmiastowych wynik\u00f3w.<\/li><\/ul><p><a href=\"#demo\">Wypr\u00f3buj ten konfigurator, aby zobaczy\u0107, jak to dzia\u0142a<\/a><\/p> <\/div> <div class=\"application-platform-content-item-installation application-platform-content-item\" id=\"installation\" data-nav-section=\"installation\"> <h2>Jak doda\u0107 wtyczk\u0119 AI Chatbot do Google Sites?<\/h2> <p>Aby doda\u0107 AI Chatbot do swojej strony Google Sites, wykonaj poni\u017csze kroki:<\/p> <ol><li><b>Spersonalizuj wtyczk\u0119.<\/b><br> Zacznij od wyboru jednego z gotowych szablon\u00f3w. Nast\u0119pnie swobodnie trenuj swojego chatbota, ustawiaj funkcje i zmieniaj jego wygl\u0105d zgodnie z celami biznesowymi.<\/li><li><b>Uzyskaj kod do osadzenia.<\/b><br> Zapisz zako\u0144czon\u0105 prac\u0119 i skopiuj wygenerowany kod osadzenia.<\/li><li><b>Dodaj kod do edytora swojej strony.<\/b><br> Przejd\u017a do panelu administracyjnego swojej strony, wklej kod w odpowiedni\u0105 sekcj\u0119 i od\u015bwie\u017c stron\u0119. Gotowe!<\/li> <\/ol><p>Je\u015bli napotkasz jakiekolwiek trudno\u015bci, skontaktuj si\u0119 z naszym zespo\u0142em wsparcia. Nasi specjali\u015bci ch\u0119tnie pomog\u0105 Ci rozwi\u0105za\u0107 wszelkie problemy zwi\u0105zane z wtyczk\u0105.<\/p><div class=\"faq\" data-component=\"FAQ\"><div class=\"faq-item\">\r\n\t\t\t\t\t<div class=\"faq-item-question\">\r\n\t\t\t\t\t\t<h3 class=\"faq-item-question-text\">Jak mog\u0119 doda\u0107 informacje o mojej firmie do wtyczki AI Chatbot?<\/h3>\r\n\r\n\t\t\t\t\t\t<div class=\"faq-item-question-icon\"><\/div>\r\n\t\t\t\t\t<\/div>\r\n\r\n\t\t\t\t\t<div class=\"faq-item-answer\">\r\n\t\t\t\t\t\t<div class=\"faq-item-answer-text\"><p>Aby przes\u0142a\u0107 swoje dane, przejd\u017a do menu \u201eSzkolenie\u201d i wybierz jeden z dost\u0119pnych format\u00f3w: pliki dokument\u00f3w, zestawy pyta\u0144 i odpowiedzi lub proste bloki tekstowe.<\/p> <\/div>\r\n\t\t\t\t\t<\/div>\r\n\t\t\t\t<\/div> <div class=\"faq-item\">\r\n\t\t\t\t\t<div class=\"faq-item-question\">\r\n\t\t\t\t\t\t<h3 class=\"faq-item-question-text\">Jak tworzy\u0107 szybkie odpowiedzi dla AI Chatbota?<\/h3>\r\n\r\n\t\t\t\t\t\t<div class=\"faq-item-question-icon\"><\/div>\r\n\t\t\t\t\t<\/div>\r\n\r\n\t\t\t\t\t<div class=\"faq-item-answer\">\r\n\t\t\t\t\t\t<div class=\"faq-item-answer-text\"><p>Mo\u017cesz je doda\u0107 bezpo\u015brednio w konfiguratorze AI Chatbota w zak\u0142adce \u201ePowitanie\u201d. Znajdziesz tam pole, w kt\u00f3rym mo\u017cesz wpisa\u0107 \u015bwietny pocz\u0105tek rozmowy lub popularne pytanie.<\/p> <\/div>\r\n\t\t\t\t\t<\/div>\r\n\t\t\t\t<\/div> <div class=\"faq-item\">\r\n\t\t\t\t\t<div class=\"faq-item-question\">\r\n\t\t\t\t\t\t<h3 class=\"faq-item-question-text\">Co sprawia, \u017ce wtyczka Elfsight AI Chatbot jest najlepsza dla mojej strony Google Sites?<\/h3>\r\n\r\n\t\t\t\t\t\t<div class=\"faq-item-question-icon\"><\/div>\r\n\t\t\t\t\t<\/div>\r\n\r\n\t\t\t\t\t<div class=\"faq-item-answer\">\r\n\t\t\t\t\t\t<div class=\"faq-item-answer-text\"> <p>Wtyczka AI Chatbot to rozwi\u0105zanie do czatu bez kodowania, wspierane przez najbardziej zaawansowan\u0105 technologi\u0119 AI, gotowe do nauki na podstawie danych Twojej organizacji. Z intuicyjnym interfejsem i wieloma opcjami dostosowywania, mo\u017cesz zapewni\u0107 wsparcie 24\/7 z spersonalizowanym do\u015bwiadczeniem i zawsze by\u0107 na bie\u017c\u0105co dzi\u0119ki ci\u0105g\u0142ym raportom. Odkryj sam, jak \u0142atwe i szybkie to mo\u017ce by\u0107 z Elfsight!<\/p> <\/div>\r\n\t\t\t\t\t<\/div>\r\n\t\t\t\t<\/div><\/div> <\/div> ","protected":false},"excerpt":{"rendered":"","protected":false},"author":9,"featured_media":0,"parent":9688,"menu_order":0,"comment_status":"closed","ping_status":"closed","template":"templates\/template-application-platform.php","meta":{"publish_to_discourse":"","publish_post_category":"","wpdc_auto_publish_overridden":"","wpdc_topic_tags":"","wpdc_pin_topic":"","wpdc_pin_until":"","discourse_post_id":"","discourse_permalink":"","wpdc_publishing_response":"","wpdc_publishing_error":"","footnotes":""},"class_list":["post-9738","page","type-page","status-publish","hentry"],"yoast_head":"<!-- This site is optimized with the Yoast SEO plugin v25.3.1 - https:\/\/yoast.com\/wordpress\/plugins\/seo\/ -->\n<title>Google Sites AI Chatbot plugin \u2013 Dodaj AI Chatbota do Google Sites [ZA DARMO]<\/title>\n<meta name=\"description\" content=\"Dodaj najlepszy plugin AI Chatbota do swojej strony Google Sites bez kodowania. Zautomatyzuj obs\u0142ug\u0119 klienta dzi\u0119ki szybkiemu osadzeniu!\" \/>\n<meta name=\"robots\" content=\"index, follow, max-snippet:-1, max-image-preview:large, max-video-preview:-1\" \/>\n<link rel=\"canonical\" href=\"https:\/\/elfsight.com\/pl\/ai-chatbot-widget\/google-sites\/\" \/>\n<meta property=\"og:locale\" content=\"pl_PL\" \/>\n<meta property=\"og:type\" content=\"article\" \/>\n<meta property=\"og:title\" content=\"Google Sites AI Chatbot plugin \u2013 Dodaj AI Chatbota do Google Sites [ZA DARMO]\" \/>\n<meta property=\"og:description\" content=\"Dodaj najlepszy plugin AI Chatbota do swojej strony Google Sites bez kodowania. Zautomatyzuj obs\u0142ug\u0119 klienta dzi\u0119ki szybkiemu osadzeniu!\" \/>\n<meta property=\"og:url\" content=\"https:\/\/elfsight.com\/pl\/ai-chatbot-widget\/google-sites\/\" \/>\n<meta property=\"og:site_name\" content=\"Elfsight PL\" \/>\n<meta property=\"article:modified_time\" content=\"2025-04-14T18:04:15+00:00\" \/>\n<meta name=\"twitter:card\" content=\"summary_large_image\" \/>\n<meta name=\"twitter:label1\" content=\"Szacowany czas czytania\" \/>\n\t<meta name=\"twitter:data1\" content=\"3 minuty\" \/>\n<!-- \/ Yoast SEO plugin. -->","yoast_head_json":{"title":"Google Sites AI Chatbot plugin \u2013 Dodaj AI Chatbota do Google Sites [ZA DARMO]","description":"Dodaj najlepszy plugin AI Chatbota do swojej strony Google Sites bez kodowania. Zautomatyzuj obs\u0142ug\u0119 klienta dzi\u0119ki szybkiemu osadzeniu!","robots":{"index":"index","follow":"follow","max-snippet":"max-snippet:-1","max-image-preview":"max-image-preview:large","max-video-preview":"max-video-preview:-1"},"canonical":"https:\/\/elfsight.com\/pl\/ai-chatbot-widget\/google-sites\/","og_locale":"pl_PL","og_type":"article","og_title":"Google Sites AI Chatbot plugin \u2013 Dodaj AI Chatbota do Google Sites [ZA DARMO]","og_description":"Dodaj najlepszy plugin AI Chatbota do swojej strony Google Sites bez kodowania. Zautomatyzuj obs\u0142ug\u0119 klienta dzi\u0119ki szybkiemu osadzeniu!","og_url":"https:\/\/elfsight.com\/pl\/ai-chatbot-widget\/google-sites\/","og_site_name":"Elfsight PL","article_modified_time":"2025-04-14T18:04:15+00:00","twitter_card":"summary_large_image","twitter_misc":{"Szacowany czas czytania":"3 minuty"},"schema":{"@context":"https:\/\/schema.org","@graph":[{"@type":"WebPage","@id":"https:\/\/elfsight.com\/pl\/ai-chatbot-widget\/google-sites\/","url":"https:\/\/elfsight.com\/pl\/ai-chatbot-widget\/google-sites\/","name":"Google Sites AI Chatbot plugin \u2013 Dodaj AI Chatbota do Google Sites [ZA DARMO]","isPartOf":{"@id":"https:\/\/elfsight.com\/pl\/#website"},"datePublished":"2024-12-28T08:02:33+00:00","dateModified":"2025-04-14T18:04:15+00:00","description":"Dodaj najlepszy plugin AI Chatbota do swojej strony Google Sites bez kodowania. Zautomatyzuj obs\u0142ug\u0119 klienta dzi\u0119ki szybkiemu osadzeniu!","breadcrumb":{"@id":"https:\/\/elfsight.com\/pl\/ai-chatbot-widget\/google-sites\/#breadcrumb"},"inLanguage":"pl-PL","potentialAction":[{"@type":"ReadAction","target":["https:\/\/elfsight.com\/pl\/ai-chatbot-widget\/google-sites\/"]}]},{"@type":"BreadcrumbList","@id":"https:\/\/elfsight.com\/pl\/ai-chatbot-widget\/google-sites\/#breadcrumb","itemListElement":[{"@type":"ListItem","position":1,"name":"Home","item":"https:\/\/elfsight.com\/pl\/"},{"@type":"ListItem","position":2,"name":"AI Chatbot","item":"https:\/\/elfsight.com\/pl\/ai-chatbot-widget\/"},{"@type":"ListItem","position":3,"name":"AI Chatbot &#8211; Google Sites"}]},{"@type":"WebSite","@id":"https:\/\/elfsight.com\/pl\/#website","url":"https:\/\/elfsight.com\/pl\/","name":"Elfsight PL","description":"Just another Elfsight Sites site","potentialAction":[{"@type":"SearchAction","target":{"@type":"EntryPoint","urlTemplate":"https:\/\/elfsight.com\/pl\/?s={search_term_string}"},"query-input":{"@type":"PropertyValueSpecification","valueRequired":true,"valueName":"search_term_string"}}],"inLanguage":"pl-PL"}]}},"meta_box":{"industry":"","seo_heading":"","heading":"","description":"","cta_heading":"","cta_description":"","application":"9684","h1":"Dodaj AI Chatbota do strony Google Sites","h1_caption":"Stw\u00f3rz najlepszego AI Chatbota, specjalnie wytrenowanego na danych Twojej firmy, aby zautomatyzowa\u0107 obs\u0142ug\u0119 klienta, pozyskiwa\u0107 leady i dostarcza\u0107 natychmiastowe, dok\u0142adne odpowiedzi na stronie Google Sites \u2014 24\/7.","application_category":[],"applications_title":"","applications_request_title":"","applications_request_button_text":"","hero_text":"","hero_video":"","hero_video_schema_markup":"","selling_points_title":"","selling_points_caption":"","selling_points":[],"selling_points_cta_text":"","features_title":"","features":"","ed_cta_examples_text":"","ed_cta_examples_hidden":"","ed_cta_demo_text":"","ed_cta_demo_hidden":"","why_caption":"","why_editor_title":"","why_editor_text":"","why_team_title":"","why_team_text":"","why_service_title":"","why_service_text":"","template_catalog_visible":"","template_catalog_title":"","template_catalog_text":"","template_catalog_categories_visible":"","demo_title":"Stw\u00f3rz sw\u00f3j plugin AI Chatbota","demo_caption":"Skonfiguruj AI Chatbota i dodaj go do swojej strony Google Sites za darmo!","default_faq_hidden":"","app_template_category":[],"platform":"484","template_public_id":"","codecanyon_url":"","codecanyon_item_id":"","codecanyon_price":"","pricing_caption":"","pricing_elfsight_apps_hide_column":"","pricing_elfsight_apps_url":"","pricing_codecanyon_price_caption":"","integration_category":[],"integration_request_title":"","integration_request_cta":"","integration_platform":"","integrations":[],"platform_category":[],"video_schema_markup":"","price":"od 0 $ \/ miesi\u0105c","trial":"","benefits":[{"text":"Bezp\u0142atna pomoc instalacyjna"},{"text":"Skuteczna obs\u0142uga klienta"},{"text":"14-dniowa gwarancja zwrotu"},{"text":"Ci\u0105g\u0142e bezp\u0142atne aktualizacje"},{"text":""}],"button_url":"#demo","button_target_blank":"","button_nofollow":"","attributes":[{"name":"Instalacje","content":"50,000 - 100,000"},{"name":"Responsywny","content":"Tak"},{"name":"Kompatybilne przegl\u0105darki","content":"Firefox, Safari, Opera, Chrome, Edge"}],"tags":[],"tags_disable_links":"","hide_more_platforms":"","video_object":"","demo_hide_cta":"","demo_hide_cloud_options":"","pricing_title":"","pricing":[{"pricing_icon":"platform","pricing_title":"Elfsight Apps","pricing_title_caption":"Wersja wieloplatformowa pasuj\u0105ca do ka\u017cdej strony internetowej","pricing_price":"od 0 USD \/ miesi\u0105c","pricing_price_caption":"zacznij od darmowego planu","pricing_benefits":[{"text":"Nieograniczone strony internetowe"},{"text":"Wsparcie premium firmy"},{"text":"Bezp\u0142atna us\u0142uga instalacji"},{"text":"W 100% dostosowywalny"}],"pricing_button_text":"Dodaj do strony internetowej","pricing_button_url":"#demo"}],"related_apps_title":"","related_apps_hidden":"","author":"","image":[],"title":"","job":"","social_networks":[]},"_links":{"self":[{"href":"https:\/\/elfsight.com\/pl\/wp-json\/wp\/v2\/pages\/9738","targetHints":{"allow":["GET"]}}],"collection":[{"href":"https:\/\/elfsight.com\/pl\/wp-json\/wp\/v2\/pages"}],"about":[{"href":"https:\/\/elfsight.com\/pl\/wp-json\/wp\/v2\/types\/page"}],"author":[{"embeddable":true,"href":"https:\/\/elfsight.com\/pl\/wp-json\/wp\/v2\/users\/9"}],"replies":[{"embeddable":true,"href":"https:\/\/elfsight.com\/pl\/wp-json\/wp\/v2\/comments?post=9738"}],"version-history":[{"count":1,"href":"https:\/\/elfsight.com\/pl\/wp-json\/wp\/v2\/pages\/9738\/revisions"}],"predecessor-version":[{"id":9742,"href":"https:\/\/elfsight.com\/pl\/wp-json\/wp\/v2\/pages\/9738\/revisions\/9742"}],"up":[{"embeddable":true,"href":"https:\/\/elfsight.com\/pl\/wp-json\/wp\/v2\/pages\/9688"}],"wp:attachment":[{"href":"https:\/\/elfsight.com\/pl\/wp-json\/wp\/v2\/media?parent=9738"}],"curies":[{"name":"wp","href":"https:\/\/api.w.org\/{rel}","templated":true}]}}