{"id":9737,"date":"2024-12-28T08:12:46","date_gmt":"2024-12-28T08:12:46","guid":{"rendered":"https:\/\/elfsight.com\/pl\/?page_id=9737"},"modified":"2025-04-14T18:04:15","modified_gmt":"2025-04-14T18:04:15","slug":"iframe","status":"publish","type":"page","link":"https:\/\/elfsight.com\/pl\/ai-chatbot-widget\/iframe\/","title":{"rendered":"AI Chatbot &#8211; iFrame"},"content":{"rendered":"<div class=\"application-platform-content-item-description application-platform-content-item\" id=\"description\" data-nav-section=\"description\"><h2>Wstaw chatbota AI na iFrame za pomoc\u0105 wid\u017cetu Elfsight!<\/h2> <p>Stw\u00f3rz doskona\u0142ego chatbota AI dla swojej strony iFrame, specjalnie wytrenowanego na Twojej bazie wiedzy, materia\u0142ach wsparcia lub najcz\u0119\u015bciej zadawanych pytaniach. Pozw\u00f3l mu uczy\u0107 si\u0119 i rozwija\u0107, oferuj\u0105c spersonalizowane wiadomo\u015bci, kt\u00f3re codziennie poprawiaj\u0105 zaanga\u017cowanie u\u017cytkownik\u00f3w.<\/p> <p>\u0141atwo usprawnij zadania obs\u0142ugi klienta, skr\u00f3\u0107 czas odpowiedzi i efektywnie generuj leady bez r\u0119cznego wysi\u0142ku. Oferuj pomoc 24\/7, gwarantuj\u0105c, \u017ce klienci b\u0119d\u0105 mieli dost\u0119p do potrzebnych informacji\u2014o ka\u017cdej porze, z ka\u017cdego miejsca!<\/p> <p><b>Dodaj asystenta AI, kt\u00f3ry zapewni b\u0142yskawiczne odpowiedzi, rozwi\u0105\u017ce problemy i zwi\u0119kszy Twoje sprzeda\u017ce!<\/b><\/p> <\/div><div class=\"application-platform-content-item-features application-platform-content-item\" id=\"features\" data-nav-section=\"features\"> <h2>Oto tylko niekt\u00f3re z pot\u0119\u017cnych funkcji wid\u017cetu:<\/h2> <ul><li><b>Automatyzuj interakcje z klientami.<\/b> Usprawnij szybkie odpowiedzi, gwarantuj wsparcie 24\/7 i zwi\u0119ksz efektywno\u015b\u0107 przy minimalnej konfiguracji\u2014zarz\u0105dzaj nieograniczon\u0105 liczb\u0105 czat\u00f3w i u\u017cytkownik\u00f3w bez problemu!<\/li><li><b>Tw\u00f3rz spersonalizowane do\u015bwiadczenie.<\/b> Pom\u00f3\u017c ka\u017cdemu klientowi poczu\u0107 si\u0119 wyj\u0105tkowo i stw\u00f3rz najlepsze do\u015bwiadczenie poprzez spersonalizowane odpowiedzi, u\u017cywaj\u0105c ich imion, \u015bledz\u0105c poprzednie rozmowy i kontynuuj\u0105c komunikacj\u0119 po wcze\u015bniejszych kontaktach.<\/li><li><b>Trenuj chatbota na danych biznesowych.<\/b> Wzmocnij chatbota AI swoj\u0105 specyficzn\u0105 wiedz\u0105, przesy\u0142aj\u0105c dokumenty, tworz\u0105c zestawy pyta\u0144 i odpowiedzi oraz wykorzystuj\u0105c informacje ze swojej strony do generatora instrukcji, zapewniaj\u0105c poprawne i odpowiednie odpowiedzi dopasowane do Twojego biznesu.<\/li><li><b>Odbieraj informacje o klientach na sw\u00f3j e-mail.<\/b> B\u0105d\u017a na bie\u017c\u0105co i zbieraj cenne informacje, otrzymuj\u0105c pe\u0142ne transkrypcje czat\u00f3w bezpo\u015brednio na swoj\u0105 skrzynk\u0119 e-mailow\u0105, w tym kluczowe dane kontaktowe do generowania lead\u00f3w i poprawy us\u0142ug.<\/li><li><b>Eksploruj szerok\u0105 gam\u0119 szablon\u00f3w.<\/b> Szybko uruchom swojego chatbota AI, korzystaj\u0105c z naszej biblioteki gotowych szablon\u00f3w. S\u0105 one dostosowane do r\u00f3\u017cnych bran\u017c i funkcji, ka\u017cdy z dedykowanymi zestawami instrukcji dla natychmiastowych wynik\u00f3w.<\/li><\/ul><p><a href=\"#demo\">Mo\u017cesz dowiedzie\u0107 si\u0119, jak dzia\u0142a pe\u0142na funkcjonalno\u015b\u0107 wid\u017cetu w konfiguratorze na tej stronie<\/a><\/p> <\/div> <div class=\"application-platform-content-item-installation application-platform-content-item\" id=\"installation\" data-nav-section=\"installation\"> <h2>Jak doda\u0107 wid\u017cet AI Chatbot do iFrame?<\/h2> <p>Aby doda\u0107 AI Chatbot do swojej strony iFrame, post\u0119puj zgodnie z poni\u017cszymi krokami:<\/p> <ol><li><b>Spersonalizuj wid\u017cet.<\/b><br> Wybierz jeden z gotowych szablon\u00f3w, aby rozpocz\u0105\u0107. Nast\u0119pnie mo\u017cesz trenowa\u0107 swojego chatbota, dostosowa\u0107 funkcje i zmieni\u0107 jego wygl\u0105d zgodnie z wymaganiami biznesowymi.<\/li><li><b>Otrzymaj kod osadzenia.<\/b><br> Zapisz zmiany i skopiuj unikalny kod instalacji.<\/li><li><b>Dodaj kod do edytora swojej strony.<\/b><br> Zaloguj si\u0119 do panelu administracyjnego swojej strony, wklej kod w odpowiednie miejsce i od\u015bwie\u017c stron\u0119. Gotowe!<\/li> <\/ol><p>W przypadku jakichkolwiek pyta\u0144 lub trudno\u015bci, skontaktuj si\u0119 z naszym zespo\u0142em wsparcia. Nasi specjali\u015bci z przyjemno\u015bci\u0105 rozwi\u0105\u017c\u0105 wszelkie problemy, kt\u00f3re napotkasz podczas korzystania z wid\u017cetu.<\/p> <div class=\"faq\" data-component=\"FAQ\"><div class=\"faq-item\">\r\n\t\t\t\t\t<div class=\"faq-item-question\">\r\n\t\t\t\t\t\t<h3 class=\"faq-item-question-text\">Jak mog\u0119 doda\u0107 informacje o mojej firmie do wid\u017cetu AI Chatbot?<\/h3>\r\n\r\n\t\t\t\t\t\t<div class=\"faq-item-question-icon\"><\/div>\r\n\t\t\t\t\t<\/div>\r\n\r\n\t\t\t\t\t<div class=\"faq-item-answer\">\r\n\t\t\t\t\t\t<div class=\"faq-item-answer-text\"><p>Aby przes\u0142a\u0107 swoje dane, przejd\u017a do menu \u201eSzkolenie\u201d i wybierz jeden z dost\u0119pnych format\u00f3w: pliki dokument\u00f3w, konkretne zestawy pyta\u0144 i odpowiedzi lub proste bloki tekstowe.<\/p> <\/div>\r\n\t\t\t\t\t<\/div>\r\n\t\t\t\t<\/div> <div class=\"faq-item\">\r\n\t\t\t\t\t<div class=\"faq-item-question\">\r\n\t\t\t\t\t\t<h3 class=\"faq-item-question-text\">Jak tworzy\u0107 szybkie odpowiedzi dla AI Chatbota?<\/h3>\r\n\r\n\t\t\t\t\t\t<div class=\"faq-item-question-icon\"><\/div>\r\n\t\t\t\t\t<\/div>\r\n\r\n\t\t\t\t\t<div class=\"faq-item-answer\">\r\n\t\t\t\t\t\t<div class=\"faq-item-answer-text\"><p>Mo\u017cesz je doda\u0107 bezpo\u015brednio w edytorze AI Chatbota, przechodz\u0105c do zak\u0142adki \u201ePowitanie\u201d. Znajdziesz tam pole, w kt\u00f3rym mo\u017cesz wpisa\u0107 interesuj\u0105cy pocz\u0105tek rozmowy lub popularne pytanie.<\/p> <\/div>\r\n\t\t\t\t\t<\/div>\r\n\t\t\t\t<\/div> <div class=\"faq-item\">\r\n\t\t\t\t\t<div class=\"faq-item-question\">\r\n\t\t\t\t\t\t<h3 class=\"faq-item-question-text\">Co sprawia, \u017ce wid\u017cet Elfsight AI Chatbot jest najlepszy dla mojej strony iFrame?<\/h3>\r\n\r\n\t\t\t\t\t\t<div class=\"faq-item-question-icon\"><\/div>\r\n\t\t\t\t\t<\/div>\r\n\r\n\t\t\t\t\t<div class=\"faq-item-answer\">\r\n\t\t\t\t\t\t<div class=\"faq-item-answer-text\"> <p>Wid\u017cet AI Chatbot to rozwi\u0105zanie do czatu bez kodowania, nap\u0119dzane najnowszym modelem AI, gotowe do nauki na podstawie danych Twojej firmy. Z \u0142atwym w u\u017cyciu interfejsem i r\u00f3\u017cnymi opcjami dostosowywania, mo\u017cesz zapewni\u0107 wsparcie klienta 24\/7 z spersonalizowanym do\u015bwiadczeniem i zawsze by\u0107 na bie\u017c\u0105co dzi\u0119ki ci\u0105g\u0142ym raportom. Sprawd\u017a sam, jak \u0142atwe i szybkie mo\u017ce to by\u0107 z Elfsight!<\/p> <\/div>\r\n\t\t\t\t\t<\/div>\r\n\t\t\t\t<\/div><\/div><\/div> ","protected":false},"excerpt":{"rendered":"","protected":false},"author":9,"featured_media":0,"parent":9688,"menu_order":0,"comment_status":"closed","ping_status":"closed","template":"templates\/template-application-platform.php","meta":{"publish_to_discourse":"","publish_post_category":"","wpdc_auto_publish_overridden":"","wpdc_topic_tags":"","wpdc_pin_topic":"","wpdc_pin_until":"","discourse_post_id":"","discourse_permalink":"","wpdc_publishing_response":"","wpdc_publishing_error":"","footnotes":""},"class_list":["post-9737","page","type-page","status-publish","hentry"],"yoast_head":"<!-- This site is optimized with the Yoast SEO plugin v25.3.1 - https:\/\/yoast.com\/wordpress\/plugins\/seo\/ -->\n<title>iFrame AI Chatbot widget \u2013 Dodaj AI Chatbota do iFrame [ZA DARMO]<\/title>\n<meta name=\"description\" content=\"Dodaj najlepszy widget AI Chatbota do swojej strony iFrame bez kodowania. Usprawnij wsparcie klienta dzi\u0119ki szybkiemu osadzeniu!\" \/>\n<meta name=\"robots\" content=\"index, follow, max-snippet:-1, max-image-preview:large, max-video-preview:-1\" \/>\n<link rel=\"canonical\" href=\"https:\/\/elfsight.com\/pl\/ai-chatbot-widget\/iframe\/\" \/>\n<meta property=\"og:locale\" content=\"pl_PL\" \/>\n<meta property=\"og:type\" content=\"article\" \/>\n<meta property=\"og:title\" content=\"iFrame AI Chatbot widget \u2013 Dodaj AI Chatbota do iFrame [ZA DARMO]\" \/>\n<meta property=\"og:description\" content=\"Dodaj najlepszy widget AI Chatbota do swojej strony iFrame bez kodowania. Usprawnij wsparcie klienta dzi\u0119ki szybkiemu osadzeniu!\" \/>\n<meta property=\"og:url\" content=\"https:\/\/elfsight.com\/pl\/ai-chatbot-widget\/iframe\/\" \/>\n<meta property=\"og:site_name\" content=\"Elfsight PL\" \/>\n<meta property=\"article:modified_time\" content=\"2025-04-14T18:04:15+00:00\" \/>\n<meta name=\"twitter:card\" content=\"summary_large_image\" \/>\n<meta name=\"twitter:label1\" content=\"Szacowany czas czytania\" \/>\n\t<meta name=\"twitter:data1\" content=\"3 minuty\" \/>\n<!-- \/ Yoast SEO plugin. -->","yoast_head_json":{"title":"iFrame AI Chatbot widget \u2013 Dodaj AI Chatbota do iFrame [ZA DARMO]","description":"Dodaj najlepszy widget AI Chatbota do swojej strony iFrame bez kodowania. Usprawnij wsparcie klienta dzi\u0119ki szybkiemu osadzeniu!","robots":{"index":"index","follow":"follow","max-snippet":"max-snippet:-1","max-image-preview":"max-image-preview:large","max-video-preview":"max-video-preview:-1"},"canonical":"https:\/\/elfsight.com\/pl\/ai-chatbot-widget\/iframe\/","og_locale":"pl_PL","og_type":"article","og_title":"iFrame AI Chatbot widget \u2013 Dodaj AI Chatbota do iFrame [ZA DARMO]","og_description":"Dodaj najlepszy widget AI Chatbota do swojej strony iFrame bez kodowania. Usprawnij wsparcie klienta dzi\u0119ki szybkiemu osadzeniu!","og_url":"https:\/\/elfsight.com\/pl\/ai-chatbot-widget\/iframe\/","og_site_name":"Elfsight PL","article_modified_time":"2025-04-14T18:04:15+00:00","twitter_card":"summary_large_image","twitter_misc":{"Szacowany czas czytania":"3 minuty"},"schema":{"@context":"https:\/\/schema.org","@graph":[{"@type":"WebPage","@id":"https:\/\/elfsight.com\/pl\/ai-chatbot-widget\/iframe\/","url":"https:\/\/elfsight.com\/pl\/ai-chatbot-widget\/iframe\/","name":"iFrame AI Chatbot widget \u2013 Dodaj AI Chatbota do iFrame [ZA DARMO]","isPartOf":{"@id":"https:\/\/elfsight.com\/pl\/#website"},"datePublished":"2024-12-28T08:12:46+00:00","dateModified":"2025-04-14T18:04:15+00:00","description":"Dodaj najlepszy widget AI Chatbota do swojej strony iFrame bez kodowania. Usprawnij wsparcie klienta dzi\u0119ki szybkiemu osadzeniu!","breadcrumb":{"@id":"https:\/\/elfsight.com\/pl\/ai-chatbot-widget\/iframe\/#breadcrumb"},"inLanguage":"pl-PL","potentialAction":[{"@type":"ReadAction","target":["https:\/\/elfsight.com\/pl\/ai-chatbot-widget\/iframe\/"]}]},{"@type":"BreadcrumbList","@id":"https:\/\/elfsight.com\/pl\/ai-chatbot-widget\/iframe\/#breadcrumb","itemListElement":[{"@type":"ListItem","position":1,"name":"Home","item":"https:\/\/elfsight.com\/pl\/"},{"@type":"ListItem","position":2,"name":"AI Chatbot","item":"https:\/\/elfsight.com\/pl\/ai-chatbot-widget\/"},{"@type":"ListItem","position":3,"name":"AI Chatbot &#8211; iFrame"}]},{"@type":"WebSite","@id":"https:\/\/elfsight.com\/pl\/#website","url":"https:\/\/elfsight.com\/pl\/","name":"Elfsight PL","description":"Just another Elfsight Sites site","potentialAction":[{"@type":"SearchAction","target":{"@type":"EntryPoint","urlTemplate":"https:\/\/elfsight.com\/pl\/?s={search_term_string}"},"query-input":{"@type":"PropertyValueSpecification","valueRequired":true,"valueName":"search_term_string"}}],"inLanguage":"pl-PL"}]}},"meta_box":{"industry":"","seo_heading":"","heading":"","description":"","cta_heading":"","cta_description":"","application":"9684","h1":"Dodaj AI Chatbota do strony iFrame","h1_caption":"Stw\u00f3rz najlepszego AI Chatbota, specjalnie wytrenowanego na danych Twojej firmy, aby zautomatyzowa\u0107 obs\u0142ug\u0119 klienta, pozyskiwa\u0107 leady i dostarcza\u0107 natychmiastowe, dok\u0142adne odpowiedzi na stronie iFrame \u2014 24\/7.","application_category":[],"applications_title":"","applications_request_title":"","applications_request_button_text":"","hero_text":"","hero_video":"","hero_video_schema_markup":"","selling_points_title":"","selling_points_caption":"","selling_points":[],"selling_points_cta_text":"","features_title":"","features":"","ed_cta_examples_text":"","ed_cta_examples_hidden":"","ed_cta_demo_text":"","ed_cta_demo_hidden":"","why_caption":"","why_editor_title":"","why_editor_text":"","why_team_title":"","why_team_text":"","why_service_title":"","why_service_text":"","template_catalog_visible":"","template_catalog_title":"","template_catalog_text":"","template_catalog_categories_visible":"","demo_title":"Stw\u00f3rz sw\u00f3j widget AI Chatbota","demo_caption":"Skonfiguruj AI Chatbota i dodaj go do swojej strony iFrame za darmo!","default_faq_hidden":"","app_template_category":[],"platform":"187","template_public_id":"","codecanyon_url":"","codecanyon_item_id":"","codecanyon_price":"","pricing_caption":"","pricing_elfsight_apps_hide_column":"","pricing_elfsight_apps_url":"","pricing_codecanyon_price_caption":"","integration_category":[],"integration_request_title":"","integration_request_cta":"","integration_platform":"","integrations":[],"platform_category":[],"video_schema_markup":"","price":"od 0 $ \/ miesi\u0105c","trial":"","benefits":[{"text":"Bezp\u0142atna us\u0142uga instalacyjna"},{"text":"Wyj\u0105tkowe wsparcie"},{"text":"14-dniowa gwarancja zwrotu"},{"text":"Trwaj\u0105ce bezp\u0142atne aktualizacje"},{"text":""}],"button_url":"#demo","button_target_blank":"","button_nofollow":"","attributes":[{"name":"Instalacje","content":"50,000 - 100,000"},{"name":"Responsywny","content":"Tak"},{"name":"Kompatybilne przegl\u0105darki","content":"Firefox, Safari, Opera, Chrome, Edge"}],"tags":[],"tags_disable_links":"","hide_more_platforms":"","video_object":"","demo_hide_cta":"","demo_hide_cloud_options":"","pricing_title":"","pricing":[{"pricing_icon":"platform","pricing_title":"Elfsight Apps","pricing_title_caption":"Wersja wieloplatformowa pasuj\u0105ca do ka\u017cdej strony internetowej","pricing_price":"od 0 USD \/ miesi\u0105c","pricing_price_caption":"zacznij od darmowego planu","pricing_benefits":[{"text":"Nieograniczone strony internetowe"},{"text":"Dedykowane i terminowe wsparcie"},{"text":"Bezp\u0142atne wsparcie przy instalacji"},{"text":"W pe\u0142ni dostosowywalny"}],"pricing_button_text":"Dodaj do strony internetowej","pricing_button_url":"#demo"}],"related_apps_title":"","related_apps_hidden":"","author":"","image":[],"title":"","job":"","social_networks":[]},"_links":{"self":[{"href":"https:\/\/elfsight.com\/pl\/wp-json\/wp\/v2\/pages\/9737","targetHints":{"allow":["GET"]}}],"collection":[{"href":"https:\/\/elfsight.com\/pl\/wp-json\/wp\/v2\/pages"}],"about":[{"href":"https:\/\/elfsight.com\/pl\/wp-json\/wp\/v2\/types\/page"}],"author":[{"embeddable":true,"href":"https:\/\/elfsight.com\/pl\/wp-json\/wp\/v2\/users\/9"}],"replies":[{"embeddable":true,"href":"https:\/\/elfsight.com\/pl\/wp-json\/wp\/v2\/comments?post=9737"}],"version-history":[{"count":1,"href":"https:\/\/elfsight.com\/pl\/wp-json\/wp\/v2\/pages\/9737\/revisions"}],"predecessor-version":[{"id":9741,"href":"https:\/\/elfsight.com\/pl\/wp-json\/wp\/v2\/pages\/9737\/revisions\/9741"}],"up":[{"embeddable":true,"href":"https:\/\/elfsight.com\/pl\/wp-json\/wp\/v2\/pages\/9688"}],"wp:attachment":[{"href":"https:\/\/elfsight.com\/pl\/wp-json\/wp\/v2\/media?parent=9737"}],"curies":[{"name":"wp","href":"https:\/\/api.w.org\/{rel}","templated":true}]}}