{"id":9729,"date":"2024-12-28T08:51:18","date_gmt":"2024-12-28T08:51:18","guid":{"rendered":"https:\/\/elfsight.com\/pl\/?page_id=9729"},"modified":"2025-04-14T18:04:08","modified_gmt":"2025-04-14T18:04:08","slug":"jquery","status":"publish","type":"page","link":"https:\/\/elfsight.com\/pl\/ai-chatbot-widget\/jquery\/","title":{"rendered":"AI Chatbot &#8211; jQuery"},"content":{"rendered":"<div class=\"application-platform-content-item-description application-platform-content-item\" id=\"description\" data-nav-section=\"description\"><h2>Embed AI Chatbot na jQuery z widgetem Elfsight!<\/h2><p>Stw\u00f3rz wysokiej jako\u015bci chatbota AI na swojej stronie jQuery, specjalnie wytrenowanego na Twojej bazie wiedzy, materia\u0142ach wsparcia lub najcz\u0119\u015bciej zadawanych pytaniach. Umo\u017cliw mu uczenie si\u0119 i rozw\u00f3j, dostarczaj\u0105c spersonalizowane wiadomo\u015bci, kt\u00f3re codziennie zwi\u0119ksz\u0105 zaanga\u017cowanie u\u017cytkownik\u00f3w.<\/p><p>Automatyzuj zadania obs\u0142ugi klienta, skr\u00f3\u0107 czas odpowiedzi i skutecznie generuj leady bez r\u0119cznej interwencji. Oferuj wsparcie 24\/7, aby klienci mogli uzyska\u0107 potrzebne informacje \u2013 o ka\u017cdej porze i z dowolnego miejsca!<\/p><p><b>Dodaj asystenta AI, aby udziela\u0107 natychmiastowych odpowiedzi, rozwi\u0105zywa\u0107 problemy i zwi\u0119ksza\u0107 sprzeda\u017c!<\/b><\/p><\/div><div class=\"application-platform-content-item-features application-platform-content-item\" id=\"features\" data-nav-section=\"features\"><h2>Oto tylko kilka pot\u0119\u017cnych funkcji widgetu:<\/h2><ul><li><b>Automatyzuj interakcje z klientami.<\/b> Upro\u015b\u0107 odpowiedzi, zapewnij dost\u0119pno\u015b\u0107 przez ca\u0142\u0105 dob\u0119 i zwi\u0119ksz efektywno\u015b\u0107 przy minimalnej konfiguracji \u2013 obs\u0142uguj nieograniczon\u0105 liczb\u0119 rozm\u00f3w i u\u017cytkownik\u00f3w bez wysi\u0142ku!<\/li><li><b>Stw\u00f3rz spersonalizowane do\u015bwiadczenie.<\/b> Spraw, by ka\u017cdy klient czu\u0142 si\u0119 wyj\u0105tkowo, tworz\u0105c najlepsze do\u015bwiadczenie dzi\u0119ki spersonalizowanym odpowiedziom, zwracaniu si\u0119 do nich po imieniu, zapisywaniu historii czat\u00f3w i follow-upom.<\/li><li><b>Trenuj chatbota na danych firmowych.<\/b> Wzmocnij chatbota AI o Twoj\u0105 specyficzn\u0105 wiedz\u0119, przesy\u0142aj\u0105c dokumenty, w tym zestawy pyta\u0144 i odpowiedzi, oraz wykorzystuj\u0105c informacje z Twojej strony do generatora instrukcji, zapewniaj\u0105c dok\u0142adne i trafne odpowiedzi dostosowane do Twojego biznesu.<\/li><li><b>Uzyskaj informacje o klientach na swoj\u0105 skrzynk\u0119 mailow\u0105.<\/b> B\u0105d\u017a na bie\u017c\u0105co i zbieraj istotne dane, otrzymuj\u0105c pe\u0142ne transkrypcje czat\u00f3w dostarczane na Tw\u00f3j adres e-mail, w tym kluczowe dane kontaktowe do generowania lead\u00f3w i poprawy us\u0142ug.<\/li><li><b>Odkryj szerok\u0105 gam\u0119 szablon\u00f3w.<\/b> Uruchom chatbota AI w mgnieniu oka, korzystaj\u0105c z naszej biblioteki gotowych szablon\u00f3w. Oferuj\u0105 one rozwi\u0105zania dla r\u00f3\u017cnych sektor\u00f3w i cel\u00f3w, ka\u017cdy z wyspecjalizowanymi zestawami instrukcji dla szybkich wynik\u00f3w.<\/li><\/ul><p><a href=\"#demo\">Mo\u017cesz przetestowa\u0107 widget za pomoc\u0105 konfiguratora<\/a><\/p><\/div><div class=\"application-platform-content-item-installation application-platform-content-item\" id=\"installation\" data-nav-section=\"installation\"><h2>Jak doda\u0107 wtyczk\u0119 AI Chatbot do jQuery?<\/h2><p>Aby doda\u0107 AI Chatbot do swojej strony jQuery, wykonaj poni\u017csze kroki:<\/p><ol><li><b>Spersonalizuj widget.<\/b><br> Wybierz gotowy szablon, aby rozpocz\u0105\u0107. Nast\u0119pnie, swobodnie trenuj swojego chatbota, ustawiaj funkcje i dostosuj jego wygl\u0105d do swoich cel\u00f3w biznesowych.<\/li><li><b>Wygeneruj kod osadzania.<\/b><br> Zapisz uko\u0144czon\u0105 prac\u0119 i skopiuj dostarczony kod instalacji.<\/li><li><b>Dodaj kod do kreatora strony.<\/b><br> Zaloguj si\u0119 do panelu administracyjnego swojej strony, wklej shortcode w odpowiednie miejsce i od\u015bwie\u017c stron\u0119. Gotowe!<\/li><\/ol><p>W przypadku pyta\u0144 lub napotkania problem\u00f3w, skontaktuj si\u0119 z naszym zespo\u0142em wsparcia. Nasi konsultanci ch\u0119tnie pomog\u0105 rozwi\u0105za\u0107 wszelkie trudno\u015bci zwi\u0105zane z wtyczk\u0105.<\/p><div class=\"faq\" data-component=\"FAQ\"><div class=\"faq-item\">\r\n\t\t\t\t\t<div class=\"faq-item-question\">\r\n\t\t\t\t\t\t<h3 class=\"faq-item-question-text\">Jak mog\u0119 doda\u0107 informacje o mojej firmie do wtyczki AI Chatbot?<\/h3>\r\n\r\n\t\t\t\t\t\t<div class=\"faq-item-question-icon\"><\/div>\r\n\t\t\t\t\t<\/div>\r\n\r\n\t\t\t\t\t<div class=\"faq-item-answer\">\r\n\t\t\t\t\t\t<div class=\"faq-item-answer-text\"><p>Aby przes\u0142a\u0107 swoje dane, przejd\u017a do sekcji &#8222;Trening&#8221; i wybierz jeden z dost\u0119pnych format\u00f3w: pliki dokument\u00f3w, zestawy pyta\u0144 i odpowiedzi lub podstawowe bloki tekstowe.<\/p><\/div>\r\n\t\t\t\t\t<\/div>\r\n\t\t\t\t<\/div><div class=\"faq-item\">\r\n\t\t\t\t\t<div class=\"faq-item-question\">\r\n\t\t\t\t\t\t<h3 class=\"faq-item-question-text\">Jak tworzy\u0107 szybkie odpowiedzi dla AI Chatbot?<\/h3>\r\n\r\n\t\t\t\t\t\t<div class=\"faq-item-question-icon\"><\/div>\r\n\t\t\t\t\t<\/div>\r\n\r\n\t\t\t\t\t<div class=\"faq-item-answer\">\r\n\t\t\t\t\t\t<div class=\"faq-item-answer-text\"><p>Mo\u017cesz je doda\u0107 bezpo\u015brednio w edytorze AI Chatbot w sekcji &#8222;Powitanie&#8221;. Znajdziesz tam pole, w kt\u00f3rym mo\u017cesz wpisa\u0107 atrakcyjny pocz\u0105tek rozmowy lub popularne pytanie.<\/p><\/div>\r\n\t\t\t\t\t<\/div>\r\n\t\t\t\t<\/div><div class=\"faq-item\">\r\n\t\t\t\t\t<div class=\"faq-item-question\">\r\n\t\t\t\t\t\t<h3 class=\"faq-item-question-text\">Co sprawia, \u017ce wtyczka AI Chatbot Elfsight jest najlepsza dla mojej strony jQuery?<\/h3>\r\n\r\n\t\t\t\t\t\t<div class=\"faq-item-question-icon\"><\/div>\r\n\t\t\t\t\t<\/div>\r\n\r\n\t\t\t\t\t<div class=\"faq-item-answer\">\r\n\t\t\t\t\t\t<div class=\"faq-item-answer-text\"><p>Wtyczka AI Chatbot to rozwi\u0105zanie czatu bez kodowania, oparte na najnowszej technologii AI, gotowe do trenowania na danych Twojej organizacji. Posiada \u0142atwy w u\u017cyciu interfejs oraz liczne opcje dostosowywania, dzi\u0119ki kt\u00f3rym mo\u017cesz oferowa\u0107 ca\u0142odobow\u0105 obs\u0142ug\u0119 klienta z spersonalizowanym do\u015bwiadczeniem i by\u0107 zawsze na bie\u017c\u0105co dzi\u0119ki regularnym raportom. Przekonaj si\u0119 sam, jak \u0142atwe i szybkie mo\u017ce by\u0107 to z Elfsight!<\/p><\/div>\r\n\t\t\t\t\t<\/div>\r\n\t\t\t\t<\/div><\/div><\/div>","protected":false},"excerpt":{"rendered":"","protected":false},"author":9,"featured_media":0,"parent":9688,"menu_order":0,"comment_status":"closed","ping_status":"closed","template":"templates\/template-application-platform.php","meta":{"publish_to_discourse":"","publish_post_category":"","wpdc_auto_publish_overridden":"","wpdc_topic_tags":"","wpdc_pin_topic":"","wpdc_pin_until":"","discourse_post_id":"","discourse_permalink":"","wpdc_publishing_response":"","wpdc_publishing_error":"","footnotes":""},"class_list":["post-9729","page","type-page","status-publish","hentry"],"yoast_head":"<!-- This site is optimized with the Yoast SEO plugin v25.3.1 - https:\/\/yoast.com\/wordpress\/plugins\/seo\/ -->\n<title>jQuery AI Chatbot plugin \u2013 Dodaj AI Chatbota do jQuery [ZA DARMO]<\/title>\n<meta name=\"description\" content=\"Dodaj najlepszy plugin AI Chatbota do swojej strony jQuery bez kodowania. Optymalizuj wsparcie klienta dzi\u0119ki prostemu osadzeniu!\" \/>\n<meta name=\"robots\" content=\"index, follow, max-snippet:-1, max-image-preview:large, max-video-preview:-1\" \/>\n<link rel=\"canonical\" href=\"https:\/\/elfsight.com\/pl\/ai-chatbot-widget\/jquery\/\" \/>\n<meta property=\"og:locale\" content=\"pl_PL\" \/>\n<meta property=\"og:type\" content=\"article\" \/>\n<meta property=\"og:title\" content=\"jQuery AI Chatbot plugin \u2013 Dodaj AI Chatbota do jQuery [ZA DARMO]\" \/>\n<meta property=\"og:description\" content=\"Dodaj najlepszy plugin AI Chatbota do swojej strony jQuery bez kodowania. Optymalizuj wsparcie klienta dzi\u0119ki prostemu osadzeniu!\" \/>\n<meta property=\"og:url\" content=\"https:\/\/elfsight.com\/pl\/ai-chatbot-widget\/jquery\/\" \/>\n<meta property=\"og:site_name\" content=\"Elfsight PL\" \/>\n<meta property=\"article:modified_time\" content=\"2025-04-14T18:04:08+00:00\" \/>\n<meta name=\"twitter:card\" content=\"summary_large_image\" \/>\n<meta name=\"twitter:label1\" content=\"Szacowany czas czytania\" \/>\n\t<meta name=\"twitter:data1\" content=\"3 minuty\" \/>\n<!-- \/ Yoast SEO plugin. -->","yoast_head_json":{"title":"jQuery AI Chatbot plugin \u2013 Dodaj AI Chatbota do jQuery [ZA DARMO]","description":"Dodaj najlepszy plugin AI Chatbota do swojej strony jQuery bez kodowania. Optymalizuj wsparcie klienta dzi\u0119ki prostemu osadzeniu!","robots":{"index":"index","follow":"follow","max-snippet":"max-snippet:-1","max-image-preview":"max-image-preview:large","max-video-preview":"max-video-preview:-1"},"canonical":"https:\/\/elfsight.com\/pl\/ai-chatbot-widget\/jquery\/","og_locale":"pl_PL","og_type":"article","og_title":"jQuery AI Chatbot plugin \u2013 Dodaj AI Chatbota do jQuery [ZA DARMO]","og_description":"Dodaj najlepszy plugin AI Chatbota do swojej strony jQuery bez kodowania. Optymalizuj wsparcie klienta dzi\u0119ki prostemu osadzeniu!","og_url":"https:\/\/elfsight.com\/pl\/ai-chatbot-widget\/jquery\/","og_site_name":"Elfsight PL","article_modified_time":"2025-04-14T18:04:08+00:00","twitter_card":"summary_large_image","twitter_misc":{"Szacowany czas czytania":"3 minuty"},"schema":{"@context":"https:\/\/schema.org","@graph":[{"@type":"WebPage","@id":"https:\/\/elfsight.com\/pl\/ai-chatbot-widget\/jquery\/","url":"https:\/\/elfsight.com\/pl\/ai-chatbot-widget\/jquery\/","name":"jQuery AI Chatbot plugin \u2013 Dodaj AI Chatbota do jQuery [ZA DARMO]","isPartOf":{"@id":"https:\/\/elfsight.com\/pl\/#website"},"datePublished":"2024-12-28T08:51:18+00:00","dateModified":"2025-04-14T18:04:08+00:00","description":"Dodaj najlepszy plugin AI Chatbota do swojej strony jQuery bez kodowania. Optymalizuj wsparcie klienta dzi\u0119ki prostemu osadzeniu!","breadcrumb":{"@id":"https:\/\/elfsight.com\/pl\/ai-chatbot-widget\/jquery\/#breadcrumb"},"inLanguage":"pl-PL","potentialAction":[{"@type":"ReadAction","target":["https:\/\/elfsight.com\/pl\/ai-chatbot-widget\/jquery\/"]}]},{"@type":"BreadcrumbList","@id":"https:\/\/elfsight.com\/pl\/ai-chatbot-widget\/jquery\/#breadcrumb","itemListElement":[{"@type":"ListItem","position":1,"name":"Home","item":"https:\/\/elfsight.com\/pl\/"},{"@type":"ListItem","position":2,"name":"AI Chatbot","item":"https:\/\/elfsight.com\/pl\/ai-chatbot-widget\/"},{"@type":"ListItem","position":3,"name":"AI Chatbot &#8211; jQuery"}]},{"@type":"WebSite","@id":"https:\/\/elfsight.com\/pl\/#website","url":"https:\/\/elfsight.com\/pl\/","name":"Elfsight PL","description":"Just another Elfsight Sites site","potentialAction":[{"@type":"SearchAction","target":{"@type":"EntryPoint","urlTemplate":"https:\/\/elfsight.com\/pl\/?s={search_term_string}"},"query-input":{"@type":"PropertyValueSpecification","valueRequired":true,"valueName":"search_term_string"}}],"inLanguage":"pl-PL"}]}},"meta_box":{"industry":"","seo_heading":"","heading":"","description":"","cta_heading":"","cta_description":"","application":"9684","h1":"Dodaj AI Chatbota do strony jQuery","h1_caption":"Stw\u00f3rz najlepszego AI Chatbota, specjalnie wytrenowanego na danych Twojej firmy, aby zautomatyzowa\u0107 obs\u0142ug\u0119 klienta, pozyskiwa\u0107 leady i dostarcza\u0107 natychmiastowe, dok\u0142adne odpowiedzi na stronie jQuery \u2014 24\/7.","application_category":[],"applications_title":"","applications_request_title":"","applications_request_button_text":"","hero_text":"","hero_video":"","hero_video_schema_markup":"","selling_points_title":"","selling_points_caption":"","selling_points":[],"selling_points_cta_text":"","features_title":"","features":"","ed_cta_examples_text":"","ed_cta_examples_hidden":"","ed_cta_demo_text":"","ed_cta_demo_hidden":"","why_caption":"","why_editor_title":"","why_editor_text":"","why_team_title":"","why_team_text":"","why_service_title":"","why_service_text":"","template_catalog_visible":"","template_catalog_title":"","template_catalog_text":"","template_catalog_categories_visible":"","demo_title":"Stw\u00f3rz sw\u00f3j plugin AI Chatbota","demo_caption":"Skonfiguruj AI Chatbota i dodaj go do swojej strony jQuery za darmo!","default_faq_hidden":"","app_template_category":[],"platform":"56","template_public_id":"","codecanyon_url":"","codecanyon_item_id":"","codecanyon_price":"","pricing_caption":"","pricing_elfsight_apps_hide_column":"","pricing_elfsight_apps_url":"","pricing_codecanyon_price_caption":"","integration_category":[],"integration_request_title":"","integration_request_cta":"","integration_platform":"","integrations":[],"platform_category":[],"video_schema_markup":"","price":"od 0 $ \/ miesi\u0105c","trial":"","benefits":[{"text":"Bezp\u0142atna pomoc instalacyjna"},{"text":"Kompetentna obs\u0142uga klienta"},{"text":"14-dniowa gwarancja zwrotu pieni\u0119dzy"},{"text":"Nieustannie aktualizowane"},{"text":""}],"button_url":"#demo","button_target_blank":"","button_nofollow":"","attributes":[{"name":"Instalacje","content":"50,000 - 100,000"},{"name":"Responsywny","content":"Tak"},{"name":"Kompatybilne przegl\u0105darki","content":"Firefox, Safari, Opera, Chrome, Edge"}],"tags":[],"tags_disable_links":"","hide_more_platforms":"","video_object":"","demo_hide_cta":"","demo_hide_cloud_options":"","pricing_title":"","pricing":[{"pricing_icon":"platform","pricing_title":"Elfsight Apps","pricing_title_caption":"Oprogramowanie wieloplatformowe dzia\u0142aj\u0105ce na ka\u017cdej stronie internetowej","pricing_price":"od 0 USD \/ miesi\u0105c","pricing_price_caption":"zacznij od darmowego planu","pricing_benefits":[{"text":"Nieograniczone strony internetowe"},{"text":"Profesjonalne wsparcie dla klient\u00f3w"},{"text":"Us\u0142uga instalacji bez op\u0142at"},{"text":"W pe\u0142ni dostosowywalny"}],"pricing_button_text":"Dodaj do strony internetowej","pricing_button_url":"#demo"}],"related_apps_title":"","related_apps_hidden":"","author":"","image":[],"title":"","job":"","social_networks":[]},"_links":{"self":[{"href":"https:\/\/elfsight.com\/pl\/wp-json\/wp\/v2\/pages\/9729","targetHints":{"allow":["GET"]}}],"collection":[{"href":"https:\/\/elfsight.com\/pl\/wp-json\/wp\/v2\/pages"}],"about":[{"href":"https:\/\/elfsight.com\/pl\/wp-json\/wp\/v2\/types\/page"}],"author":[{"embeddable":true,"href":"https:\/\/elfsight.com\/pl\/wp-json\/wp\/v2\/users\/9"}],"replies":[{"embeddable":true,"href":"https:\/\/elfsight.com\/pl\/wp-json\/wp\/v2\/comments?post=9729"}],"version-history":[{"count":1,"href":"https:\/\/elfsight.com\/pl\/wp-json\/wp\/v2\/pages\/9729\/revisions"}],"predecessor-version":[{"id":9733,"href":"https:\/\/elfsight.com\/pl\/wp-json\/wp\/v2\/pages\/9729\/revisions\/9733"}],"up":[{"embeddable":true,"href":"https:\/\/elfsight.com\/pl\/wp-json\/wp\/v2\/pages\/9688"}],"wp:attachment":[{"href":"https:\/\/elfsight.com\/pl\/wp-json\/wp\/v2\/media?parent=9729"}],"curies":[{"name":"wp","href":"https:\/\/api.w.org\/{rel}","templated":true}]}}