{"id":9722,"date":"2024-12-28T09:08:24","date_gmt":"2024-12-28T09:08:24","guid":{"rendered":"https:\/\/elfsight.com\/pl\/?page_id=9722"},"modified":"2025-04-14T18:04:00","modified_gmt":"2025-04-14T18:04:00","slug":"opencart","status":"publish","type":"page","link":"https:\/\/elfsight.com\/pl\/ai-chatbot-widget\/opencart\/","title":{"rendered":"AI Chatbot &#8211; OpenCart"},"content":{"rendered":"<div class=\"application-platform-content-item-description application-platform-content-item\" id=\"description\" data-nav-section=\"description\"><h2>Wstaw chatbota AI na OpenCart z widgetem Elfsight!<\/h2> <p>Stw\u00f3rz zaawansowanego chatbota AI dla swojej strony OpenCart, specjalnie wytrenowanego na Twojej bazie wiedzy, dokumentach wsparcia lub cz\u0119sto zadawanych pytaniach. Umo\u017cliw mu nauk\u0119 i ewolucj\u0119, wysy\u0142aj\u0105c spersonalizowane wiadomo\u015bci, aby poprawi\u0107 do\u015bwiadczenia u\u017cytkownik\u00f3w ka\u017cdego dnia.<\/p> <p>Zautomatyzuj zadania obs\u0142ugi klienta, skr\u00f3\u0107 czas odpowiedzi i skutecznie pozyskuj leady bez anga\u017cowania r\u0105k. Oferuj pomoc przez ca\u0142\u0105 dob\u0119, gwarantuj\u0105c, \u017ce klienci otrzymaj\u0105 odpowiedzi na swoje pytania \u2013 kiedykolwiek i gdziekolwiek!<\/p> <p><b>Dodaj asystenta AI, aby dostarcza\u0107 szybkie odpowiedzi, rozwi\u0105zywa\u0107 problemy i zwi\u0119ksza\u0107 sprzeda\u017c!<\/b><\/p> <\/div><div class=\"application-platform-content-item-features application-platform-content-item\" id=\"features\" data-nav-section=\"features\"> <h2>Widget oferuje wygodne i \u0142atwe funkcje, oto niekt\u00f3re z nich:<\/h2> <ul><li><b>Zautomatyzuj komunikacj\u0119 z klientami.<\/b> Upro\u015b\u0107 odpowiedzi, zapewnij dost\u0119pno\u015b\u0107 przez ca\u0142\u0105 dob\u0119 i zwi\u0119ksz efektywno\u015b\u0107 przy minimalnej konfiguracji \u2013 zarz\u0105dzaj nieograniczon\u0105 liczb\u0105 czat\u00f3w i u\u017cytkownik\u00f3w bez wysi\u0142ku!<\/li><li><b>Zapewnij spersonalizowane do\u015bwiadczenie.<\/b> Pom\u00f3\u017c ka\u017cdemu klientowi poczu\u0107 si\u0119 docenionym i stw\u00f3rz najlepsze do\u015bwiadczenie dzi\u0119ki spersonalizowanym odpowiedziom, powitaniom, \u015bledzeniu historii czat\u00f3w i wiadomo\u015bciom follow-up.<\/li><li><b>Trenuj chatbota na danych firmy.<\/b> Wyposa\u017c chatbota AI w Twoj\u0105 specyficzn\u0105 wiedz\u0119, przesy\u0142aj\u0105c pliki, dodaj\u0105c zestawy pyta\u0144 i odpowiedzi oraz wykorzystuj\u0105c informacje ze swojej strony do generatora instrukcji, zapewniaj\u0105c dok\u0142adne i trafne odpowiedzi dostosowane do kontekstu Twojego biznesu.<\/li><li><b>Odbierz informacje o klientach na sw\u00f3j e-mail.<\/b> Pozosta\u0144 na bie\u017c\u0105co i uzyskaj cenne informacje, otrzymuj\u0105c pe\u0142ne transkrypcje czat\u00f3w bezpo\u015brednio do swojej skrzynki odbiorczej, w tym wa\u017cne dane kontaktowe do generowania lead\u00f3w i poprawy obs\u0142ugi.<\/li><li><b>Odkryj szerok\u0105 gam\u0119 szablon\u00f3w.<\/b> Skonfiguruj swojego chatbota AI w mgnieniu oka, korzystaj\u0105c z naszej biblioteki gotowych szablon\u00f3w. S\u0105 one dostosowane do r\u00f3\u017cnych bran\u017c i funkcjonalno\u015bci, z instrukcjami do natychmiastowych wynik\u00f3w.<\/li><\/ul><p><a href=\"#demo\">Wypr\u00f3buj ten konfigurator, aby zobaczy\u0107, jak to dzia\u0142a<\/a><\/p> <\/div> <div class=\"application-platform-content-item-installation application-platform-content-item\" id=\"installation\" data-nav-section=\"installation\"> <h2>Jak doda\u0107 wtyczk\u0119 AI Chatbot do OpenCart?<\/h2> <p>Aby wstawi\u0107 chatbota AI na swoj\u0105 stron\u0119 OpenCart, wykonaj nast\u0119puj\u0105ce kroki:<\/p> <ol><li><b>Spersonalizuj widget.<\/b><br> Wybierz gotowy szablon, aby rozpocz\u0105\u0107. Nast\u0119pnie mo\u017cesz wytrenowa\u0107 swojego chatbota, skonfigurowa\u0107 funkcje i zmieni\u0107 jego wygl\u0105d zgodnie z preferencjami Twojego biznesu.<\/li><li><b>Pobierz kod osadzania.<\/b><br> Zapisz zmiany i skopiuj wygenerowany kod instalacji.<\/li><li><b>Dodaj kod do swojego kreatora stron.<\/b><br> Przejd\u017a do panelu administracyjnego swojej strony, wklej kod w wybrane miejsce i od\u015bwie\u017c stron\u0119. Gotowe!<\/li> <\/ol><p>W razie pyta\u0144 lub napotkania trudno\u015bci, skontaktuj si\u0119 z naszym zespo\u0142em obs\u0142ugi klienta. Nasi konsultanci ch\u0119tnie rozwi\u0105\u017c\u0105 wszelkie problemy, kt\u00f3re mog\u0105 pojawi\u0107 si\u0119 podczas korzystania z rozszerzenia.<\/p> <div class=\"faq\" data-component=\"FAQ\"><div class=\"faq-item\">\r\n\t\t\t\t\t<div class=\"faq-item-question\">\r\n\t\t\t\t\t\t<h3 class=\"faq-item-question-text\">Jak mog\u0119 doda\u0107 informacje o mojej firmie do rozszerzenia AI Chatbot?<\/h3>\r\n\r\n\t\t\t\t\t\t<div class=\"faq-item-question-icon\"><\/div>\r\n\t\t\t\t\t<\/div>\r\n\r\n\t\t\t\t\t<div class=\"faq-item-answer\">\r\n\t\t\t\t\t\t<div class=\"faq-item-answer-text\"><p>Aby przes\u0142a\u0107 swoje informacje, przejd\u017a do zak\u0142adki \u201eTrening\u201d i wybierz jeden z dost\u0119pnych format\u00f3w: pliki dokument\u00f3w, zestawy pyta\u0144 i odpowiedzi lub proste bloki tekstowe.<\/p> <\/div>\r\n\t\t\t\t\t<\/div>\r\n\t\t\t\t<\/div> <div class=\"faq-item\">\r\n\t\t\t\t\t<div class=\"faq-item-question\">\r\n\t\t\t\t\t\t<h3 class=\"faq-item-question-text\">Jak tworzy\u0107 szybkie odpowiedzi dla AI Chatbot?<\/h3>\r\n\r\n\t\t\t\t\t\t<div class=\"faq-item-question-icon\"><\/div>\r\n\t\t\t\t\t<\/div>\r\n\r\n\t\t\t\t\t<div class=\"faq-item-answer\">\r\n\t\t\t\t\t\t<div class=\"faq-item-answer-text\"><p>Mo\u017cesz doda\u0107 je bezpo\u015brednio w edytorze AI Chatbot, przechodz\u0105c do zak\u0142adki \u201ePowitanie\u201d. Znajdziesz pole, w kt\u00f3rym mo\u017cesz wpisa\u0107 anga\u017cuj\u0105cy pocz\u0105tek rozmowy lub popularne zapytanie.<\/p> <\/div>\r\n\t\t\t\t\t<\/div>\r\n\t\t\t\t<\/div> <div class=\"faq-item\">\r\n\t\t\t\t\t<div class=\"faq-item-question\">\r\n\t\t\t\t\t\t<h3 class=\"faq-item-question-text\">Co sprawia, \u017ce rozszerzenie AI Chatbot Elfsight jest najlepsze dla mojej strony OpenCart?<\/h3>\r\n\r\n\t\t\t\t\t\t<div class=\"faq-item-question-icon\"><\/div>\r\n\t\t\t\t\t<\/div>\r\n\r\n\t\t\t\t\t<div class=\"faq-item-answer\">\r\n\t\t\t\t\t\t<div class=\"faq-item-answer-text\"> <p>Rozszerzenie AI Chatbot to rozwi\u0105zanie czatowe bez kodowania, oparte na najnowszym modelu AI, gotowe do trenowania na danych Twojej firmy. Dzi\u0119ki \u0142atwej w obs\u0142udze interfejsowi i r\u00f3\u017cnym opcjom personalizacji, mo\u017cesz zapewni\u0107 ca\u0142odobow\u0105 obs\u0142ug\u0119 klienta z spersonalizowanym do\u015bwiadczeniem i zawsze by\u0107 na bie\u017c\u0105co dzi\u0119ki ci\u0105g\u0142ym raportom. Przekonaj si\u0119 sam, jak wygodne i szybkie to mo\u017ce by\u0107 z Elfsight!<\/p> <\/div>\r\n\t\t\t\t\t<\/div>\r\n\t\t\t\t<\/div><\/div><\/div> ","protected":false},"excerpt":{"rendered":"","protected":false},"author":9,"featured_media":0,"parent":9688,"menu_order":0,"comment_status":"closed","ping_status":"closed","template":"templates\/template-application-platform.php","meta":{"publish_to_discourse":"","publish_post_category":"","wpdc_auto_publish_overridden":"","wpdc_topic_tags":"","wpdc_pin_topic":"","wpdc_pin_until":"","discourse_post_id":"","discourse_permalink":"","wpdc_publishing_response":"","wpdc_publishing_error":"","footnotes":""},"class_list":["post-9722","page","type-page","status-publish","hentry"],"yoast_head":"<!-- This site is optimized with the Yoast SEO plugin v25.3.1 - https:\/\/yoast.com\/wordpress\/plugins\/seo\/ -->\n<title>OpenCart AI Chatbot extension \u2013 Dodaj AI Chatbota do OpenCart [ZA DARMO]<\/title>\n<meta name=\"description\" content=\"Dodaj najlepszy dodatek AI Chatbota do swojej strony OpenCart bez kodowania. Zautomatyzuj obs\u0142ug\u0119 klienta dzi\u0119ki szybkiemu osadzeniu!\" \/>\n<meta name=\"robots\" content=\"index, follow, max-snippet:-1, max-image-preview:large, max-video-preview:-1\" \/>\n<link rel=\"canonical\" href=\"https:\/\/elfsight.com\/pl\/ai-chatbot-widget\/opencart\/\" \/>\n<meta property=\"og:locale\" content=\"pl_PL\" \/>\n<meta property=\"og:type\" content=\"article\" \/>\n<meta property=\"og:title\" content=\"OpenCart AI Chatbot extension \u2013 Dodaj AI Chatbota do OpenCart [ZA DARMO]\" \/>\n<meta property=\"og:description\" content=\"Dodaj najlepszy dodatek AI Chatbota do swojej strony OpenCart bez kodowania. Zautomatyzuj obs\u0142ug\u0119 klienta dzi\u0119ki szybkiemu osadzeniu!\" \/>\n<meta property=\"og:url\" content=\"https:\/\/elfsight.com\/pl\/ai-chatbot-widget\/opencart\/\" \/>\n<meta property=\"og:site_name\" content=\"Elfsight PL\" \/>\n<meta property=\"article:modified_time\" content=\"2025-04-14T18:04:00+00:00\" \/>\n<meta name=\"twitter:card\" content=\"summary_large_image\" \/>\n<meta name=\"twitter:label1\" content=\"Szacowany czas czytania\" \/>\n\t<meta name=\"twitter:data1\" content=\"3 minuty\" \/>\n<!-- \/ Yoast SEO plugin. -->","yoast_head_json":{"title":"OpenCart AI Chatbot extension \u2013 Dodaj AI Chatbota do OpenCart [ZA DARMO]","description":"Dodaj najlepszy dodatek AI Chatbota do swojej strony OpenCart bez kodowania. Zautomatyzuj obs\u0142ug\u0119 klienta dzi\u0119ki szybkiemu osadzeniu!","robots":{"index":"index","follow":"follow","max-snippet":"max-snippet:-1","max-image-preview":"max-image-preview:large","max-video-preview":"max-video-preview:-1"},"canonical":"https:\/\/elfsight.com\/pl\/ai-chatbot-widget\/opencart\/","og_locale":"pl_PL","og_type":"article","og_title":"OpenCart AI Chatbot extension \u2013 Dodaj AI Chatbota do OpenCart [ZA DARMO]","og_description":"Dodaj najlepszy dodatek AI Chatbota do swojej strony OpenCart bez kodowania. Zautomatyzuj obs\u0142ug\u0119 klienta dzi\u0119ki szybkiemu osadzeniu!","og_url":"https:\/\/elfsight.com\/pl\/ai-chatbot-widget\/opencart\/","og_site_name":"Elfsight PL","article_modified_time":"2025-04-14T18:04:00+00:00","twitter_card":"summary_large_image","twitter_misc":{"Szacowany czas czytania":"3 minuty"},"schema":{"@context":"https:\/\/schema.org","@graph":[{"@type":"WebPage","@id":"https:\/\/elfsight.com\/pl\/ai-chatbot-widget\/opencart\/","url":"https:\/\/elfsight.com\/pl\/ai-chatbot-widget\/opencart\/","name":"OpenCart AI Chatbot extension \u2013 Dodaj AI Chatbota do OpenCart [ZA DARMO]","isPartOf":{"@id":"https:\/\/elfsight.com\/pl\/#website"},"datePublished":"2024-12-28T09:08:24+00:00","dateModified":"2025-04-14T18:04:00+00:00","description":"Dodaj najlepszy dodatek AI Chatbota do swojej strony OpenCart bez kodowania. Zautomatyzuj obs\u0142ug\u0119 klienta dzi\u0119ki szybkiemu osadzeniu!","breadcrumb":{"@id":"https:\/\/elfsight.com\/pl\/ai-chatbot-widget\/opencart\/#breadcrumb"},"inLanguage":"pl-PL","potentialAction":[{"@type":"ReadAction","target":["https:\/\/elfsight.com\/pl\/ai-chatbot-widget\/opencart\/"]}]},{"@type":"BreadcrumbList","@id":"https:\/\/elfsight.com\/pl\/ai-chatbot-widget\/opencart\/#breadcrumb","itemListElement":[{"@type":"ListItem","position":1,"name":"Home","item":"https:\/\/elfsight.com\/pl\/"},{"@type":"ListItem","position":2,"name":"AI Chatbot","item":"https:\/\/elfsight.com\/pl\/ai-chatbot-widget\/"},{"@type":"ListItem","position":3,"name":"AI Chatbot &#8211; OpenCart"}]},{"@type":"WebSite","@id":"https:\/\/elfsight.com\/pl\/#website","url":"https:\/\/elfsight.com\/pl\/","name":"Elfsight PL","description":"Just another Elfsight Sites site","potentialAction":[{"@type":"SearchAction","target":{"@type":"EntryPoint","urlTemplate":"https:\/\/elfsight.com\/pl\/?s={search_term_string}"},"query-input":{"@type":"PropertyValueSpecification","valueRequired":true,"valueName":"search_term_string"}}],"inLanguage":"pl-PL"}]}},"meta_box":{"industry":"","seo_heading":"","heading":"","description":"","cta_heading":"","cta_description":"","application":"9684","h1":"Dodaj AI Chatbota do strony OpenCart","h1_caption":"Stw\u00f3rz najlepszego AI Chatbota, specjalnie wytrenowanego na danych Twojej firmy, aby zautomatyzowa\u0107 obs\u0142ug\u0119 klienta, pozyskiwa\u0107 leady i dostarcza\u0107 natychmiastowe, dok\u0142adne odpowiedzi na stronie OpenCart \u2014 24\/7.","application_category":[],"applications_title":"","applications_request_title":"","applications_request_button_text":"","hero_text":"","hero_video":"","hero_video_schema_markup":"","selling_points_title":"","selling_points_caption":"","selling_points":[],"selling_points_cta_text":"","features_title":"","features":"","ed_cta_examples_text":"","ed_cta_examples_hidden":"","ed_cta_demo_text":"","ed_cta_demo_hidden":"","why_caption":"","why_editor_title":"","why_editor_text":"","why_team_title":"","why_team_text":"","why_service_title":"","why_service_text":"","template_catalog_visible":"","template_catalog_title":"","template_catalog_text":"","template_catalog_categories_visible":"","demo_title":"Stw\u00f3rz sw\u00f3j dodatek AI Chatbota","demo_caption":"Skonfiguruj AI Chatbota i dodaj go do swojej strony OpenCart za darmo!","default_faq_hidden":"","app_template_category":[],"platform":"107","template_public_id":"","codecanyon_url":"","codecanyon_item_id":"","codecanyon_price":"","pricing_caption":"","pricing_elfsight_apps_hide_column":"","pricing_elfsight_apps_url":"","pricing_codecanyon_price_caption":"","integration_category":[],"integration_request_title":"","integration_request_cta":"","integration_platform":"","integrations":[],"platform_category":[],"video_schema_markup":"","price":"od 0 $ \/ miesi\u0105c","trial":"","benefits":[{"text":"Bezp\u0142atna us\u0142uga instalacyjna"},{"text":"Skuteczna obs\u0142uga klienta"},{"text":"14-dniowa gwarancja zwrotu pieni\u0119dzy"},{"text":"Przysz\u0142e bezp\u0142atne aktualizacje"},{"text":""}],"button_url":"#demo","button_target_blank":"","button_nofollow":"","attributes":[{"name":"Instalacje","content":"50,000 - 100,000"},{"name":"Responsywny","content":"Tak"},{"name":"Kompatybilne przegl\u0105darki","content":"Firefox, Safari, Opera, Chrome, Edge"}],"tags":[],"tags_disable_links":"","hide_more_platforms":"","video_object":"","demo_hide_cta":"","demo_hide_cloud_options":"","pricing_title":"","pricing":[{"pricing_icon":"platform","pricing_title":"Elfsight Apps","pricing_title_caption":"Wersja niezale\u017cna od platformy dzia\u0142aj\u0105ca na ka\u017cdej stronie internetowej","pricing_price":"od 0 USD \/ miesi\u0105c","pricing_price_caption":"zacznij od darmowego planu","pricing_benefits":[{"text":"Nieograniczone strony internetowe"},{"text":"Szybkie wsparcie firmy"},{"text":"Bezp\u0142atna us\u0142uga instalacji"},{"text":"W 100% dostosowywalny"}],"pricing_button_text":"Dodaj do strony internetowej","pricing_button_url":"#demo"}],"related_apps_title":"","related_apps_hidden":"","author":"","image":[],"title":"","job":"","social_networks":[]},"_links":{"self":[{"href":"https:\/\/elfsight.com\/pl\/wp-json\/wp\/v2\/pages\/9722","targetHints":{"allow":["GET"]}}],"collection":[{"href":"https:\/\/elfsight.com\/pl\/wp-json\/wp\/v2\/pages"}],"about":[{"href":"https:\/\/elfsight.com\/pl\/wp-json\/wp\/v2\/types\/page"}],"author":[{"embeddable":true,"href":"https:\/\/elfsight.com\/pl\/wp-json\/wp\/v2\/users\/9"}],"replies":[{"embeddable":true,"href":"https:\/\/elfsight.com\/pl\/wp-json\/wp\/v2\/comments?post=9722"}],"version-history":[{"count":1,"href":"https:\/\/elfsight.com\/pl\/wp-json\/wp\/v2\/pages\/9722\/revisions"}],"predecessor-version":[{"id":9726,"href":"https:\/\/elfsight.com\/pl\/wp-json\/wp\/v2\/pages\/9722\/revisions\/9726"}],"up":[{"embeddable":true,"href":"https:\/\/elfsight.com\/pl\/wp-json\/wp\/v2\/pages\/9688"}],"wp:attachment":[{"href":"https:\/\/elfsight.com\/pl\/wp-json\/wp\/v2\/media?parent=9722"}],"curies":[{"name":"wp","href":"https:\/\/api.w.org\/{rel}","templated":true}]}}