{"id":9721,"date":"2024-12-28T09:15:12","date_gmt":"2024-12-28T09:15:12","guid":{"rendered":"https:\/\/elfsight.com\/pl\/?page_id=9721"},"modified":"2025-04-14T18:04:00","modified_gmt":"2025-04-14T18:04:00","slug":"magento","status":"publish","type":"page","link":"https:\/\/elfsight.com\/pl\/ai-chatbot-widget\/magento\/","title":{"rendered":"AI Chatbot &#8211; Magento"},"content":{"rendered":"<div class=\"application-platform-content-item-description application-platform-content-item\" id=\"description\" data-nav-section=\"description\"><h2>Wstaw AI Chatbot na Magento za pomoc\u0105 widgetu Elfsight!<\/h2> <p>Stw\u00f3rz pierwszorz\u0119dnego chatbota AI dla swojej strony Magento, specjalnie wytrenowanego na podstawie bazy wiedzy, materia\u0142\u00f3w wsparcia lub najcz\u0119\u015bciej zadawanych pyta\u0144. Umo\u017cliw mu nauk\u0119 i adaptacj\u0119, oferuj\u0105c spersonalizowane wiadomo\u015bci, aby zwi\u0119kszy\u0107 zaanga\u017cowanie u\u017cytkownik\u00f3w ka\u017cdego dnia.<\/p> <p>Zautomatyzuj zadania obs\u0142ugi klienta, zmniejsz czas odpowiedzi i skutecznie generuj leady bez r\u0119cznej pracy. Zapewnij pomoc 24\/7, gwarantuj\u0105c, \u017ce klienci uzyskaj\u0105 odpowiedzi, kt\u00f3rych szukaj\u0105\u2014o ka\u017cdej porze, z ka\u017cdego miejsca!<\/p> <p><b>Dodaj asystenta AI, kt\u00f3ry zapewni natychmiastowe odpowiedzi, rozwi\u0105\u017ce problemy i zwi\u0119kszy sprzeda\u017c!<\/b><\/p> <\/div><div class=\"application-platform-content-item-features application-platform-content-item\" id=\"features\" data-nav-section=\"features\"> <h2>Przestudiuj list\u0119 najwa\u017cniejszych funkcji:<\/h2> <ul><li><b>Zautomatyzuj interakcje z klientami.<\/b> Upro\u015b\u0107 szybkie odpowiedzi, zapewnij dost\u0119pno\u015b\u0107 24\/7 i popraw efektywno\u015b\u0107 przy minimalnej konfiguracji\u2014obs\u0142uguj niesko\u0144czon\u0105 liczb\u0119 czat\u00f3w i u\u017cytkownik\u00f3w bez trudno\u015bci!<\/li><li><b>Zapewnij spersonalizowane do\u015bwiadczenie.<\/b> Spraw, by ka\u017cdy klient poczu\u0142 si\u0119 wa\u017cny i stw\u00f3rz najlepsze do\u015bwiadczenie dzi\u0119ki spersonalizowanym odpowiedziom, u\u017cywaniu imienia, zapisywaniu historii rozm\u00f3w i wiadomo\u015bciom follow-up.<\/li><li><b>Wytrenuj chatbota na danych firmowych.<\/b> Wzmocnij chatbota AI swoimi specjalistycznymi danymi, przesy\u0142aj\u0105c pliki, tworz\u0105c zestawy pyta\u0144 i odpowiedzi oraz wykorzystuj\u0105c tre\u015bci Twojej strony do generatora instrukcji, zapewniaj\u0105c prawid\u0142owe i trafne odpowiedzi dopasowane do Twojego biznesu.<\/li><li><b>Otrzymuj informacje o klientach na sw\u00f3j email.<\/b> B\u0105d\u017a na bie\u017c\u0105co i zbieraj wa\u017cne informacje, otrzymuj\u0105c pe\u0142ne transkrypcje czat\u00f3w bezpo\u015brednio na swoj\u0105 skrzynk\u0119, w tym kluczowe dane kontaktowe do generowania lead\u00f3w i optymalizacji us\u0142ug.<\/li><li><b>Odkryj szerok\u0105 gam\u0119 szablon\u00f3w.<\/b> Uruchom swojego chatbota AI w mgnieniu oka dzi\u0119ki naszej kolekcji gotowych szablon\u00f3w. Zosta\u0142y one zaprojektowane dla r\u00f3\u017cnych sektor\u00f3w i cel\u00f3w, ka\u017cdy z indywidualnymi zestawami instrukcji do natychmiastowych wynik\u00f3w.<\/li><\/ul><p><a href=\"#demo\">Sprawd\u017a ten konfigurator, aby zrozumie\u0107 funkcjonalno\u015b\u0107 widgetu<\/a><\/p> <\/div> <div class=\"application-platform-content-item-installation application-platform-content-item\" id=\"installation\" data-nav-section=\"installation\"> <h2>Jak doda\u0107 wtyczk\u0119 AI Chatbot do Magento?<\/h2> <p>Aby doda\u0107 AI Chatbot do swojej strony Magento, wykonaj poni\u017csze kroki:<\/p> <ol><li><b>Spersonalizuj widget.<\/b><br> Rozpocznij od wyboru jednego z dost\u0119pnych szablon\u00f3w. Nast\u0119pnie mo\u017cesz wytrenowa\u0107 swojego chatbota, skonfigurowa\u0107 jego funkcje i zmieni\u0107 jego wygl\u0105d, aby pasowa\u0142 do preferencji Twojego biznesu.<\/li><li><b>Uzyskaj kod osadzenia.<\/b><br> Zapisz wynik i skopiuj wygenerowany kod osadzenia.<\/li><li><b>Dodaj kod do swojego edytora strony.<\/b><br> Zaloguj si\u0119 do panelu administracyjnego swojej strony, wklej kod w odpowiedni\u0105 sekcj\u0119 i zaktualizuj stron\u0119. Gotowe!<\/li> <\/ol><p>Je\u015bli napotkasz trudno\u015bci, nie wahaj si\u0119 skontaktowa\u0107 z naszym zespo\u0142em obs\u0142ugi klienta. Nasi konsultanci ch\u0119tnie rozwi\u0105\u017c\u0105 wszelkie problemy, kt\u00f3re mo\u017cesz napotka\u0107 z wtyczk\u0105.<\/p> <div class=\"faq\" data-component=\"FAQ\"><div class=\"faq-item\">\r\n\t\t\t\t\t<div class=\"faq-item-question\">\r\n\t\t\t\t\t\t<h3 class=\"faq-item-question-text\">Jak doda\u0107 dane mojej firmy do wtyczki AI Chatbot?<\/h3>\r\n\r\n\t\t\t\t\t\t<div class=\"faq-item-question-icon\"><\/div>\r\n\t\t\t\t\t<\/div>\r\n\r\n\t\t\t\t\t<div class=\"faq-item-answer\">\r\n\t\t\t\t\t\t<div class=\"faq-item-answer-text\"><p>Aby doda\u0107 swoje dane, otw\u00f3rz zak\u0142adk\u0119 &#8222;Szkolenie&#8221; i wybierz jeden z dost\u0119pnych format\u00f3w: pliki dokument\u00f3w, konkretne pary pyta\u0144 i odpowiedzi lub podstawowe bloki tekstowe.<\/p> <\/div>\r\n\t\t\t\t\t<\/div>\r\n\t\t\t\t<\/div> <div class=\"faq-item\">\r\n\t\t\t\t\t<div class=\"faq-item-question\">\r\n\t\t\t\t\t\t<h3 class=\"faq-item-question-text\">Jak stworzy\u0107 szybkie odpowiedzi dla AI Chatbota?<\/h3>\r\n\r\n\t\t\t\t\t\t<div class=\"faq-item-question-icon\"><\/div>\r\n\t\t\t\t\t<\/div>\r\n\r\n\t\t\t\t\t<div class=\"faq-item-answer\">\r\n\t\t\t\t\t\t<div class=\"faq-item-answer-text\"><p>Mo\u017cesz je doda\u0107 bezpo\u015brednio w konfiguratorze AI Chatbota, sprawdzaj\u0105c zak\u0142adk\u0119 &#8222;Powitanie&#8221;. Znajdziesz pole, w kt\u00f3rym mo\u017cesz doda\u0107 atrakcyjne rozpocz\u0119cie rozmowy lub popularne pytanie.<\/p> <\/div>\r\n\t\t\t\t\t<\/div>\r\n\t\t\t\t<\/div> <div class=\"faq-item\">\r\n\t\t\t\t\t<div class=\"faq-item-question\">\r\n\t\t\t\t\t\t<h3 class=\"faq-item-question-text\">Co sprawia, \u017ce wtyczka Elfsight AI Chatbot jest najlepsza dla mojej strony Magento?<\/h3>\r\n\r\n\t\t\t\t\t\t<div class=\"faq-item-question-icon\"><\/div>\r\n\t\t\t\t\t<\/div>\r\n\r\n\t\t\t\t\t<div class=\"faq-item-answer\">\r\n\t\t\t\t\t\t<div class=\"faq-item-answer-text\"> <p>Wtyczka AI Chatbot to rozwi\u0105zanie czatu bez kodowania, nap\u0119dzane przez najnowsz\u0105 technologi\u0119 AI, gotowe do wytrenowania na danych Twojej organizacji. Z intuicyjnym interfejsem i r\u00f3\u017cnymi opcjami personalizacji, mo\u017cesz zapewni\u0107 ca\u0142odobow\u0105 obs\u0142ug\u0119 klienta z spersonalizowanym do\u015bwiadczeniem i zawsze by\u0107 na bie\u017c\u0105co dzi\u0119ki regularnym raportom. Przekonaj si\u0119, jak wygodne i szybkie mo\u017ce to by\u0107 z Elfsight!<\/p> <\/div>\r\n\t\t\t\t\t<\/div>\r\n\t\t\t\t<\/div><\/div><\/div> ","protected":false},"excerpt":{"rendered":"","protected":false},"author":9,"featured_media":0,"parent":9688,"menu_order":0,"comment_status":"closed","ping_status":"closed","template":"templates\/template-application-platform.php","meta":{"publish_to_discourse":"","publish_post_category":"","wpdc_auto_publish_overridden":"","wpdc_topic_tags":"","wpdc_pin_topic":"","wpdc_pin_until":"","discourse_post_id":"","discourse_permalink":"","wpdc_publishing_response":"","wpdc_publishing_error":"","footnotes":""},"class_list":["post-9721","page","type-page","status-publish","hentry"],"yoast_head":"<!-- This site is optimized with the Yoast SEO plugin v25.3.1 - https:\/\/yoast.com\/wordpress\/plugins\/seo\/ -->\n<title>Magento AI Chatbot extension \u2013 Dodaj AI Chatbota do Magento [ZA DARMO]<\/title>\n<meta name=\"description\" content=\"Dodaj najlepszy dodatek AI Chatbota do swojej strony Magento bez kodowania. Optymalizuj obs\u0142ug\u0119 klienta dzi\u0119ki prostemu osadzeniu!\" \/>\n<meta name=\"robots\" content=\"index, follow, max-snippet:-1, max-image-preview:large, max-video-preview:-1\" \/>\n<link rel=\"canonical\" href=\"https:\/\/elfsight.com\/pl\/ai-chatbot-widget\/magento\/\" \/>\n<meta property=\"og:locale\" content=\"pl_PL\" \/>\n<meta property=\"og:type\" content=\"article\" \/>\n<meta property=\"og:title\" content=\"Magento AI Chatbot extension \u2013 Dodaj AI Chatbota do Magento [ZA DARMO]\" \/>\n<meta property=\"og:description\" content=\"Dodaj najlepszy dodatek AI Chatbota do swojej strony Magento bez kodowania. Optymalizuj obs\u0142ug\u0119 klienta dzi\u0119ki prostemu osadzeniu!\" \/>\n<meta property=\"og:url\" content=\"https:\/\/elfsight.com\/pl\/ai-chatbot-widget\/magento\/\" \/>\n<meta property=\"og:site_name\" content=\"Elfsight PL\" \/>\n<meta property=\"article:modified_time\" content=\"2025-04-14T18:04:00+00:00\" \/>\n<meta name=\"twitter:card\" content=\"summary_large_image\" \/>\n<meta name=\"twitter:label1\" content=\"Szacowany czas czytania\" \/>\n\t<meta name=\"twitter:data1\" content=\"3 minuty\" \/>\n<!-- \/ Yoast SEO plugin. -->","yoast_head_json":{"title":"Magento AI Chatbot extension \u2013 Dodaj AI Chatbota do Magento [ZA DARMO]","description":"Dodaj najlepszy dodatek AI Chatbota do swojej strony Magento bez kodowania. Optymalizuj obs\u0142ug\u0119 klienta dzi\u0119ki prostemu osadzeniu!","robots":{"index":"index","follow":"follow","max-snippet":"max-snippet:-1","max-image-preview":"max-image-preview:large","max-video-preview":"max-video-preview:-1"},"canonical":"https:\/\/elfsight.com\/pl\/ai-chatbot-widget\/magento\/","og_locale":"pl_PL","og_type":"article","og_title":"Magento AI Chatbot extension \u2013 Dodaj AI Chatbota do Magento [ZA DARMO]","og_description":"Dodaj najlepszy dodatek AI Chatbota do swojej strony Magento bez kodowania. Optymalizuj obs\u0142ug\u0119 klienta dzi\u0119ki prostemu osadzeniu!","og_url":"https:\/\/elfsight.com\/pl\/ai-chatbot-widget\/magento\/","og_site_name":"Elfsight PL","article_modified_time":"2025-04-14T18:04:00+00:00","twitter_card":"summary_large_image","twitter_misc":{"Szacowany czas czytania":"3 minuty"},"schema":{"@context":"https:\/\/schema.org","@graph":[{"@type":"WebPage","@id":"https:\/\/elfsight.com\/pl\/ai-chatbot-widget\/magento\/","url":"https:\/\/elfsight.com\/pl\/ai-chatbot-widget\/magento\/","name":"Magento AI Chatbot extension \u2013 Dodaj AI Chatbota do Magento [ZA DARMO]","isPartOf":{"@id":"https:\/\/elfsight.com\/pl\/#website"},"datePublished":"2024-12-28T09:15:12+00:00","dateModified":"2025-04-14T18:04:00+00:00","description":"Dodaj najlepszy dodatek AI Chatbota do swojej strony Magento bez kodowania. Optymalizuj obs\u0142ug\u0119 klienta dzi\u0119ki prostemu osadzeniu!","breadcrumb":{"@id":"https:\/\/elfsight.com\/pl\/ai-chatbot-widget\/magento\/#breadcrumb"},"inLanguage":"pl-PL","potentialAction":[{"@type":"ReadAction","target":["https:\/\/elfsight.com\/pl\/ai-chatbot-widget\/magento\/"]}]},{"@type":"BreadcrumbList","@id":"https:\/\/elfsight.com\/pl\/ai-chatbot-widget\/magento\/#breadcrumb","itemListElement":[{"@type":"ListItem","position":1,"name":"Home","item":"https:\/\/elfsight.com\/pl\/"},{"@type":"ListItem","position":2,"name":"AI Chatbot","item":"https:\/\/elfsight.com\/pl\/ai-chatbot-widget\/"},{"@type":"ListItem","position":3,"name":"AI Chatbot &#8211; Magento"}]},{"@type":"WebSite","@id":"https:\/\/elfsight.com\/pl\/#website","url":"https:\/\/elfsight.com\/pl\/","name":"Elfsight PL","description":"Just another Elfsight Sites site","potentialAction":[{"@type":"SearchAction","target":{"@type":"EntryPoint","urlTemplate":"https:\/\/elfsight.com\/pl\/?s={search_term_string}"},"query-input":{"@type":"PropertyValueSpecification","valueRequired":true,"valueName":"search_term_string"}}],"inLanguage":"pl-PL"}]}},"meta_box":{"industry":"","seo_heading":"","heading":"","description":"","cta_heading":"","cta_description":"","application":"9684","h1":"Dodaj AI Chatbota do strony Magento","h1_caption":"Stw\u00f3rz najlepszego AI Chatbota, specjalnie wytrenowanego na danych Twojej firmy, aby zautomatyzowa\u0107 obs\u0142ug\u0119 klienta, pozyskiwa\u0107 leady i dostarcza\u0107 natychmiastowe, dok\u0142adne odpowiedzi na stronie Magento \u2014 24\/7.","application_category":[],"applications_title":"","applications_request_title":"","applications_request_button_text":"","hero_text":"","hero_video":"","hero_video_schema_markup":"","selling_points_title":"","selling_points_caption":"","selling_points":[],"selling_points_cta_text":"","features_title":"","features":"","ed_cta_examples_text":"","ed_cta_examples_hidden":"","ed_cta_demo_text":"","ed_cta_demo_hidden":"","why_caption":"","why_editor_title":"","why_editor_text":"","why_team_title":"","why_team_text":"","why_service_title":"","why_service_text":"","template_catalog_visible":"","template_catalog_title":"","template_catalog_text":"","template_catalog_categories_visible":"","demo_title":"Stw\u00f3rz sw\u00f3j dodatek AI Chatbota","demo_caption":"Skonfiguruj AI Chatbota i dodaj go do swojej strony Magento za darmo!","default_faq_hidden":"","app_template_category":[],"platform":"92","template_public_id":"","codecanyon_url":"","codecanyon_item_id":"","codecanyon_price":"","pricing_caption":"","pricing_elfsight_apps_hide_column":"","pricing_elfsight_apps_url":"","pricing_codecanyon_price_caption":"","integration_category":[],"integration_request_title":"","integration_request_cta":"","integration_platform":"","integrations":[],"platform_category":[],"video_schema_markup":"","price":"od 0 $ \/ miesi\u0105c","trial":"","benefits":[{"text":"Bezp\u0142atna pomoc przy instalacji"},{"text":"Wyj\u0105tkowe wsparcie"},{"text":"14-dniowa gwarancja zwrotu"},{"text":"Ci\u0105g\u0142y rozw\u00f3j"},{"text":""}],"button_url":"#demo","button_target_blank":"","button_nofollow":"","attributes":[{"name":"Instalacje","content":"50,000 - 100,000"},{"name":"Responsywny","content":"Tak"},{"name":"Kompatybilne przegl\u0105darki","content":"Firefox, Safari, Opera, Chrome, Edge"}],"tags":[],"tags_disable_links":"","hide_more_platforms":"","video_object":"","demo_hide_cta":"","demo_hide_cloud_options":"","pricing_title":"","pricing":[{"pricing_icon":"platform","pricing_title":"Elfsight Apps","pricing_title_caption":"Wersja wieloplatformowa dzia\u0142aj\u0105ca na ka\u017cdej stronie internetowej","pricing_price":"od 0 USD \/ miesi\u0105c","pricing_price_caption":"zacznij od darmowego planu","pricing_benefits":[{"text":"Nieograniczone strony internetowe"},{"text":"Bezp\u0142atne i terminowe wsparcie"},{"text":"Bezp\u0142atna pomoc przy instalacji"},{"text":"W 100% dostosowywalny"}],"pricing_button_text":"Dodaj do strony internetowej","pricing_button_url":"#demo"}],"related_apps_title":"","related_apps_hidden":"","author":"","image":[],"title":"","job":"","social_networks":[]},"_links":{"self":[{"href":"https:\/\/elfsight.com\/pl\/wp-json\/wp\/v2\/pages\/9721","targetHints":{"allow":["GET"]}}],"collection":[{"href":"https:\/\/elfsight.com\/pl\/wp-json\/wp\/v2\/pages"}],"about":[{"href":"https:\/\/elfsight.com\/pl\/wp-json\/wp\/v2\/types\/page"}],"author":[{"embeddable":true,"href":"https:\/\/elfsight.com\/pl\/wp-json\/wp\/v2\/users\/9"}],"replies":[{"embeddable":true,"href":"https:\/\/elfsight.com\/pl\/wp-json\/wp\/v2\/comments?post=9721"}],"version-history":[{"count":1,"href":"https:\/\/elfsight.com\/pl\/wp-json\/wp\/v2\/pages\/9721\/revisions"}],"predecessor-version":[{"id":9725,"href":"https:\/\/elfsight.com\/pl\/wp-json\/wp\/v2\/pages\/9721\/revisions\/9725"}],"up":[{"embeddable":true,"href":"https:\/\/elfsight.com\/pl\/wp-json\/wp\/v2\/pages\/9688"}],"wp:attachment":[{"href":"https:\/\/elfsight.com\/pl\/wp-json\/wp\/v2\/media?parent=9721"}],"curies":[{"name":"wp","href":"https:\/\/api.w.org\/{rel}","templated":true}]}}