{"id":9708,"date":"2024-12-28T09:37:22","date_gmt":"2024-12-28T09:37:22","guid":{"rendered":"https:\/\/elfsight.com\/pl\/?page_id=9708"},"modified":"2025-06-11T09:01:18","modified_gmt":"2025-06-11T09:01:18","slug":"facebook","status":"publish","type":"page","link":"https:\/\/elfsight.com\/pl\/ai-chatbot-widget\/facebook\/","title":{"rendered":"AI Chatbot &#8211; Facebook Page"},"content":{"rendered":"<div class=\"application-platform-content-item-description application-platform-content-item\" id=\"description\" data-nav-section=\"description\"><h2>Wstaw Chatbota AI na stron\u0119 Facebook z widgetem Elfsight!<\/h2> <p>Stw\u00f3rz profesjonalnego chatbota AI dla swojej strony Facebook, specjalnie wytrenowanego na podstawie Twojej bazy wiedzy, dokument\u00f3w wsparcia lub FAQ dla klient\u00f3w. Umo\u017cliw mu nauk\u0119 i adaptacj\u0119, dostarczaj\u0105c spersonalizowane wiadomo\u015bci w celu poprawy zaanga\u017cowania u\u017cytkownik\u00f3w na co dzie\u0144.<\/p> <p>Bezproblemowo zautomatyzuj zadania zwi\u0105zane z obs\u0142ug\u0105 klienta, skr\u00f3\u0107 czas odpowiedzi i skutecznie pozyskuj leady bez r\u0119cznego zaanga\u017cowania. Zapewnij pomoc przez ca\u0142\u0105 dob\u0119, gwarantuj\u0105c, \u017ce klienci otrzymaj\u0105 odpowiedzi, kt\u00f3rych potrzebuj\u0105 \u2014 o ka\u017cdej porze, z ka\u017cdego miejsca!<\/p> <p><b>Dodaj asystenta AI, aby odpowiada\u0142 na pytania, rozwi\u0105zywa\u0142 problemy i zwi\u0119ksza\u0142 Twoje sprzeda\u017ce!<\/b><\/p> <\/div><div class=\"application-platform-content-item-features application-platform-content-item\" id=\"features\" data-nav-section=\"features\"> <h2>Widget oferuje praktyczne i \u0142atwe funkcje, oto niekt\u00f3re z nich:<\/h2> <ul><li><b>Zautomatyzuj komunikacj\u0119 z klientem.<\/b> Zoptymalizuj szybkie odpowiedzi, zapewnij ca\u0142odobow\u0105 obs\u0142ug\u0119 i popraw efektywno\u015b\u0107 przy minimalnej konfiguracji \u2014 zarz\u0105dzaj nieograniczon\u0105 liczb\u0105 czat\u00f3w i u\u017cytkownik\u00f3w bez wysi\u0142ku!<\/li><li><b>Zapewnij spersonalizowane do\u015bwiadczenie.<\/b> Spraw, aby ka\u017cdy klient poczu\u0142 si\u0119 doceniony i stw\u00f3rz najlepsze wra\u017cenie dzi\u0119ki spersonalizowanym odpowiedziom, zwracaniu si\u0119 do nich po imieniu, \u015bledzeniu poprzednich rozm\u00f3w i wiadomo\u015bciom follow-up.<\/li><li><b>Wytrenuj chatbota na danych firmowych.<\/b> Wzmocnij chatbota AI swoj\u0105 specjalistyczn\u0105 wiedz\u0105, przesy\u0142aj\u0105c pliki, w tym zestawy pyta\u0144 i odpowiedzi, oraz korzystaj\u0105c z tre\u015bci swojej strony do generowania instrukcji, zapewniaj\u0105c precyzyjne i odpowiednie odpowiedzi dopasowane do kontekstu Twojego biznesu.<\/li><li><b>Otrzymuj informacje o klientach na sw\u00f3j e-mail.<\/b> B\u0105d\u017a na bie\u017c\u0105co i uzyskaj cenne informacje, otrzymuj\u0105c pe\u0142ne transkrypty czat\u00f3w dostarczane do Twojej skrzynki odbiorczej, w tym kluczowe dane kontaktowe do pozyskiwania lead\u00f3w i optymalizacji us\u0142ug.<\/li><li><b>Odkryj szeroki wyb\u00f3r szablon\u00f3w.<\/b> Szybko skonfiguruj chatbota AI za pomoc\u0105 naszej kolekcji gotowych szablon\u00f3w. S\u0105 one dopasowane do r\u00f3\u017cnych bran\u017c i funkcji, ka\u017cdy zawiera dostosowane zestawy instrukcji do natychmiastowych wynik\u00f3w.<\/li><\/ul><p><a href=\"#demo\">Odkryj pe\u0142ne mo\u017cliwo\u015bci widgetu w konfiguratorze na tej stronie<\/a><\/p> <\/div> <div class=\"application-platform-content-item-installation application-platform-content-item\" id=\"installation\" data-nav-section=\"installation\"> <h2>Jak doda\u0107 plugin AI Chatbot do strony Facebook?<\/h2> <p>Aby doda\u0107 chatbota AI do swojej strony Facebook, wykonaj nast\u0119puj\u0105ce kroki:<\/p> <ol><li><b>Dostosuj widget.<\/b><br> Zacznij od wyboru jednego z gotowych szablon\u00f3w. Nast\u0119pnie swobodnie wytrenuj swojego chatbota, zorganizuj funkcje i dostosuj jego wygl\u0105d do preferencji Twojego biznesu.<\/li><li><b>Uzyskaj kod osadzenia.<\/b><br> Zapisz wprowadzone zmiany i skopiuj wygenerowany kod osadzenia.<\/li><li><b>Dodaj kod do edytora strony.<\/b><br> Zaloguj si\u0119 do panelu administracyjnego swojej strony, wstaw kod w odpowiednie miejsce i zaktualizuj stron\u0119. To takie proste!<\/li> <\/ol><p>W razie pyta\u0144 lub napotkania problem\u00f3w, nie wahaj si\u0119 skontaktowa\u0107 z naszym zespo\u0142em wsparcia. Nasi konsultanci ch\u0119tnie pomog\u0105 rozwi\u0105za\u0107 wszelkie trudno\u015bci zwi\u0105zane z widgetem.<\/p> <div class=\"faq\" data-component=\"FAQ\"><div class=\"faq-item\">\r\n\t\t\t\t\t<div class=\"faq-item-question\">\r\n\t\t\t\t\t\t<h3 class=\"faq-item-question-text\">Jak doda\u0107 informacje o mojej firmie do widgetu AI Chatbot?<\/h3>\r\n\r\n\t\t\t\t\t\t<div class=\"faq-item-question-icon\"><\/div>\r\n\t\t\t\t\t<\/div>\r\n\r\n\t\t\t\t\t<div class=\"faq-item-answer\">\r\n\t\t\t\t\t\t<div class=\"faq-item-answer-text\"><p>Aby doda\u0107 swoje dane, otw\u00f3rz zak\u0142adk\u0119 &#8222;Szkolenie&#8221; i wybierz jeden z dost\u0119pnych format\u00f3w: pliki dokument\u00f3w, konkretne pary pyta\u0144 i odpowiedzi lub proste bloki tekstu.<\/p> <\/div>\r\n\t\t\t\t\t<\/div>\r\n\t\t\t\t<\/div> <div class=\"faq-item\">\r\n\t\t\t\t\t<div class=\"faq-item-question\">\r\n\t\t\t\t\t\t<h3 class=\"faq-item-question-text\">Jak tworzy\u0107 szybkie odpowiedzi dla AI Chatbot?<\/h3>\r\n\r\n\t\t\t\t\t\t<div class=\"faq-item-question-icon\"><\/div>\r\n\t\t\t\t\t<\/div>\r\n\r\n\t\t\t\t\t<div class=\"faq-item-answer\">\r\n\t\t\t\t\t\t<div class=\"faq-item-answer-text\"><p>Mo\u017cesz je doda\u0107 bezpo\u015brednio w edytorze AI Chatbot w sekcji &#8222;Powitanie&#8221;. Znajdziesz tam pole, w kt\u00f3rym mo\u017cesz doda\u0107 ciekawe rozpocz\u0119cie rozmowy lub popularne pytanie.<\/p> <\/div>\r\n\t\t\t\t\t<\/div>\r\n\t\t\t\t<\/div> <div class=\"faq-item\">\r\n\t\t\t\t\t<div class=\"faq-item-question\">\r\n\t\t\t\t\t\t<h3 class=\"faq-item-question-text\">Co sprawia, \u017ce widget AI Chatbot Elfsight jest najlepszy dla mojej strony Facebook?<\/h3>\r\n\r\n\t\t\t\t\t\t<div class=\"faq-item-question-icon\"><\/div>\r\n\t\t\t\t\t<\/div>\r\n\r\n\t\t\t\t\t<div class=\"faq-item-answer\">\r\n\t\t\t\t\t\t<div class=\"faq-item-answer-text\"> <p>Widget AI Chatbot to rozwi\u0105zanie czatu bez kodowania oparte na najnowocze\u015bniejszym modelu AI, gotowe do treningu na danych z Twojego biznesu. Dzi\u0119ki \u0142atwej w obs\u0142udze nawigacji i r\u00f3\u017cnym opcjom dostosowywania, mo\u017cesz zapewni\u0107 obs\u0142ug\u0119 klienta przez 24\/7, oferuj\u0105c spersonalizowane do\u015bwiadczenie i pozostaj\u0105c na bie\u017c\u0105co dzi\u0119ki regularnym raportom. Przekonaj si\u0119 sam, jak proste i szybkie mo\u017ce to by\u0107 z Elfsight!<\/p> <\/div>\r\n\t\t\t\t\t<\/div>\r\n\t\t\t\t<\/div><\/div><\/div> ","protected":false},"excerpt":{"rendered":"","protected":false},"author":9,"featured_media":0,"parent":9688,"menu_order":0,"comment_status":"closed","ping_status":"closed","template":"templates\/template-application-platform.php","meta":{"publish_to_discourse":"","publish_post_category":"","wpdc_auto_publish_overridden":"","wpdc_topic_tags":"","wpdc_pin_topic":"","wpdc_pin_until":"","discourse_post_id":"","discourse_permalink":"","wpdc_publishing_response":"","wpdc_publishing_error":"","footnotes":""},"class_list":["post-9708","page","type-page","status-publish","hentry"],"yoast_head":"<!-- This site is optimized with the Yoast SEO plugin v25.3.1 - https:\/\/yoast.com\/wordpress\/plugins\/seo\/ -->\n<title>Facebook Page AI Chatbot widget \u2013 Dodaj AI Chatbota do strony na Facebooku [ZA DARMO]<\/title>\n<meta name=\"description\" content=\"Dodaj najlepszy widget AI Chatbota do swojej strony na Facebooku bez kodowania. Zautomatyzuj obs\u0142ug\u0119 klienta dzi\u0119ki prostemu osadzeniu!\" \/>\n<meta name=\"robots\" content=\"index, follow, max-snippet:-1, max-image-preview:large, max-video-preview:-1\" \/>\n<link rel=\"canonical\" href=\"https:\/\/elfsight.com\/pl\/ai-chatbot-widget\/facebook\/\" \/>\n<meta property=\"og:locale\" content=\"pl_PL\" \/>\n<meta property=\"og:type\" content=\"article\" \/>\n<meta property=\"og:title\" content=\"Facebook Page AI Chatbot widget \u2013 Dodaj AI Chatbota do strony na Facebooku [ZA DARMO]\" \/>\n<meta property=\"og:description\" content=\"Dodaj najlepszy widget AI Chatbota do swojej strony na Facebooku bez kodowania. Zautomatyzuj obs\u0142ug\u0119 klienta dzi\u0119ki prostemu osadzeniu!\" \/>\n<meta property=\"og:url\" content=\"https:\/\/elfsight.com\/pl\/ai-chatbot-widget\/facebook\/\" \/>\n<meta property=\"og:site_name\" content=\"Elfsight PL\" \/>\n<meta property=\"article:modified_time\" content=\"2025-06-11T09:01:18+00:00\" \/>\n<meta name=\"twitter:card\" content=\"summary_large_image\" \/>\n<meta name=\"twitter:label1\" content=\"Szacowany czas czytania\" \/>\n\t<meta name=\"twitter:data1\" content=\"3 minuty\" \/>\n<!-- \/ Yoast SEO plugin. -->","yoast_head_json":{"title":"Facebook Page AI Chatbot widget \u2013 Dodaj AI Chatbota do strony na Facebooku [ZA DARMO]","description":"Dodaj najlepszy widget AI Chatbota do swojej strony na Facebooku bez kodowania. Zautomatyzuj obs\u0142ug\u0119 klienta dzi\u0119ki prostemu osadzeniu!","robots":{"index":"index","follow":"follow","max-snippet":"max-snippet:-1","max-image-preview":"max-image-preview:large","max-video-preview":"max-video-preview:-1"},"canonical":"https:\/\/elfsight.com\/pl\/ai-chatbot-widget\/facebook\/","og_locale":"pl_PL","og_type":"article","og_title":"Facebook Page AI Chatbot widget \u2013 Dodaj AI Chatbota do strony na Facebooku [ZA DARMO]","og_description":"Dodaj najlepszy widget AI Chatbota do swojej strony na Facebooku bez kodowania. Zautomatyzuj obs\u0142ug\u0119 klienta dzi\u0119ki prostemu osadzeniu!","og_url":"https:\/\/elfsight.com\/pl\/ai-chatbot-widget\/facebook\/","og_site_name":"Elfsight PL","article_modified_time":"2025-06-11T09:01:18+00:00","twitter_card":"summary_large_image","twitter_misc":{"Szacowany czas czytania":"3 minuty"},"schema":{"@context":"https:\/\/schema.org","@graph":[{"@type":"WebPage","@id":"https:\/\/elfsight.com\/pl\/ai-chatbot-widget\/facebook\/","url":"https:\/\/elfsight.com\/pl\/ai-chatbot-widget\/facebook\/","name":"Facebook Page AI Chatbot widget \u2013 Dodaj AI Chatbota do strony na Facebooku [ZA DARMO]","isPartOf":{"@id":"https:\/\/elfsight.com\/pl\/#website"},"datePublished":"2024-12-28T09:37:22+00:00","dateModified":"2025-06-11T09:01:18+00:00","description":"Dodaj najlepszy widget AI Chatbota do swojej strony na Facebooku bez kodowania. Zautomatyzuj obs\u0142ug\u0119 klienta dzi\u0119ki prostemu osadzeniu!","breadcrumb":{"@id":"https:\/\/elfsight.com\/pl\/ai-chatbot-widget\/facebook\/#breadcrumb"},"inLanguage":"pl-PL","potentialAction":[{"@type":"ReadAction","target":["https:\/\/elfsight.com\/pl\/ai-chatbot-widget\/facebook\/"]}]},{"@type":"BreadcrumbList","@id":"https:\/\/elfsight.com\/pl\/ai-chatbot-widget\/facebook\/#breadcrumb","itemListElement":[{"@type":"ListItem","position":1,"name":"Home","item":"https:\/\/elfsight.com\/pl\/"},{"@type":"ListItem","position":2,"name":"AI Chatbot","item":"https:\/\/elfsight.com\/pl\/ai-chatbot-widget\/"},{"@type":"ListItem","position":3,"name":"AI Chatbot &#8211; Facebook Page"}]},{"@type":"WebSite","@id":"https:\/\/elfsight.com\/pl\/#website","url":"https:\/\/elfsight.com\/pl\/","name":"Elfsight PL","description":"Just another Elfsight Sites site","potentialAction":[{"@type":"SearchAction","target":{"@type":"EntryPoint","urlTemplate":"https:\/\/elfsight.com\/pl\/?s={search_term_string}"},"query-input":{"@type":"PropertyValueSpecification","valueRequired":true,"valueName":"search_term_string"}}],"inLanguage":"pl-PL"}]}},"meta_box":{"industry":"","seo_heading":"","heading":"","description":"","cta_heading":"","cta_description":"","application":"9684","h1":"Dodaj AI Chatbota do strony na Facebooku","h1_caption":"Stw\u00f3rz najlepszego AI Chatbota, specjalnie wytrenowanego na danych Twojej firmy, aby zautomatyzowa\u0107 obs\u0142ug\u0119 klienta, pozyskiwa\u0107 leady i dostarcza\u0107 natychmiastowe, dok\u0142adne odpowiedzi na stronie na Facebooku \u2014 24\/7.","application_category":[],"applications_title":"","applications_request_title":"","applications_request_button_text":"","hero_text":"","hero_video":"","hero_video_schema_markup":"","selling_points_title":"","selling_points_caption":"","selling_points":[],"selling_points_cta_text":"","features_title":"","features":"","ed_cta_examples_text":"","ed_cta_examples_hidden":"","ed_cta_demo_text":"","ed_cta_demo_hidden":"","why_caption":"","why_editor_title":"","why_editor_text":"","why_team_title":"","why_team_text":"","why_service_title":"","why_service_text":"","template_catalog_visible":"","template_catalog_title":"","template_catalog_text":"","template_catalog_categories_visible":"","demo_title":"Stw\u00f3rz sw\u00f3j widget AI Chatbota","demo_caption":"Skonfiguruj AI Chatbota i dodaj go do swojej strony na Facebooku za darmo!","default_faq_hidden":"","app_template_category":[],"platform":"319","template_public_id":"","codecanyon_url":"","codecanyon_item_id":"","codecanyon_price":"","pricing_caption":"","pricing_elfsight_apps_hide_column":"","pricing_elfsight_apps_url":"","pricing_codecanyon_price_caption":"","integration_category":[],"integration_request_title":"","integration_request_cta":"","integration_platform":"","integrations":[],"platform_category":[],"video_schema_markup":"","price":"od 0 $ \/ miesi\u0105c","trial":"","benefits":[{"text":"Bezp\u0142atna us\u0142uga instalacyjna"},{"text":"Wysokiej jako\u015bci wsparcie"},{"text":"14-dniowa gwarancja zwrotu"},{"text":"Ci\u0105g\u0142y rozw\u00f3j"},{"text":""}],"button_url":"#demo","button_target_blank":"","button_nofollow":"","attributes":[{"name":"Instalacje","content":"50,000 - 100,000"},{"name":"Responsywny","content":"Tak"},{"name":"Kompatybilne przegl\u0105darki","content":"Firefox, Safari, Opera, Chrome, Edge"}],"tags":[],"tags_disable_links":"","hide_more_platforms":"","video_object":"","demo_hide_cta":"","demo_hide_cloud_options":"","pricing_title":"","pricing":[{"pricing_icon":"platform","pricing_title":"Elfsight Apps","pricing_title_caption":"Wersja niezale\u017cna od platformy pasuj\u0105ca do ka\u017cdej strony internetowej","pricing_price":"od 0 USD \/ miesi\u0105c","pricing_price_caption":"zacznij od darmowego planu","pricing_benefits":[{"text":"Nieograniczone strony internetowe"},{"text":"Bezp\u0142atne i terminowe wsparcie"},{"text":"Bezp\u0142atna pomoc przy instalacji"},{"text":"Elastyczny design"}],"pricing_button_text":"Dodaj do strony internetowej","pricing_button_url":"#demo"}],"related_apps_title":"","related_apps_hidden":"","author":"","image":[],"title":"","job":"","social_networks":[]},"_links":{"self":[{"href":"https:\/\/elfsight.com\/pl\/wp-json\/wp\/v2\/pages\/9708","targetHints":{"allow":["GET"]}}],"collection":[{"href":"https:\/\/elfsight.com\/pl\/wp-json\/wp\/v2\/pages"}],"about":[{"href":"https:\/\/elfsight.com\/pl\/wp-json\/wp\/v2\/types\/page"}],"author":[{"embeddable":true,"href":"https:\/\/elfsight.com\/pl\/wp-json\/wp\/v2\/users\/9"}],"replies":[{"embeddable":true,"href":"https:\/\/elfsight.com\/pl\/wp-json\/wp\/v2\/comments?post=9708"}],"version-history":[{"count":1,"href":"https:\/\/elfsight.com\/pl\/wp-json\/wp\/v2\/pages\/9708\/revisions"}],"predecessor-version":[{"id":9712,"href":"https:\/\/elfsight.com\/pl\/wp-json\/wp\/v2\/pages\/9708\/revisions\/9712"}],"up":[{"embeddable":true,"href":"https:\/\/elfsight.com\/pl\/wp-json\/wp\/v2\/pages\/9688"}],"wp:attachment":[{"href":"https:\/\/elfsight.com\/pl\/wp-json\/wp\/v2\/media?parent=9708"}],"curies":[{"name":"wp","href":"https:\/\/api.w.org\/{rel}","templated":true}]}}