{"id":9705,"date":"2024-12-28T09:51:56","date_gmt":"2024-12-28T09:51:56","guid":{"rendered":"https:\/\/elfsight.com\/pl\/?page_id=9705"},"modified":"2025-06-11T09:01:18","modified_gmt":"2025-06-11T09:01:18","slug":"prestashop","status":"publish","type":"page","link":"https:\/\/elfsight.com\/pl\/ai-chatbot-widget\/prestashop\/","title":{"rendered":"AI Chatbot &#8211; PrestaShop"},"content":{"rendered":"<div class=\"application-platform-content-item-description application-platform-content-item\" id=\"description\" data-nav-section=\"description\"><h2>Wstaw chatbot AI na PrestaShop za pomoc\u0105 wid\u017cetu Elfsight!<\/h2> <p>Stw\u00f3rz najwy\u017cszej klasy chatbot AI dla swojej strony PrestaShop, specjalnie wytrenowany na podstawie Twojej bazy wiedzy, zasob\u00f3w wsparcia lub cz\u0119sto zadawanych pyta\u0144. Pozw\u00f3l mu uczy\u0107 si\u0119 i rozwija\u0107, oferuj\u0105c spersonalizowane wiadomo\u015bci, aby codziennie poprawia\u0107 do\u015bwiadczenia u\u017cytkownik\u00f3w.<\/p> <p>\u0141atwo automatyzuj zadania obs\u0142ugi klienta, skr\u00f3\u0107 czas odpowiedzi i skutecznie zdobywaj leady bez konieczno\u015bci r\u0119cznej pracy. Oferuj pomoc 24\/7, aby klienci mogli znale\u017a\u0107 potrzebne informacje \u2014 kiedykolwiek i gdziekolwiek!<\/p> <p><b>Dodaj asystenta AI, aby udziela\u0107 szybkich odpowiedzi, rozwi\u0105zywa\u0107 problemy i zwi\u0119ksza\u0107 sprzeda\u017c!<\/b><\/p> <\/div><div class=\"application-platform-content-item-features application-platform-content-item\" id=\"features\" data-nav-section=\"features\"> <h2>Odkryj list\u0119 najpot\u0119\u017cniejszych funkcji:<\/h2> <ul><li><b>Automatyzuj interakcje z klientami.<\/b> Usprawnij szybkie odpowiedzi, zapewnij dost\u0119pno\u015b\u0107 24\/7 i zwi\u0119ksz efektywno\u015b\u0107 przy minimalnej konfiguracji \u2014 obs\u0142uguj nieograniczon\u0105 liczb\u0119 czat\u00f3w i u\u017cytkownik\u00f3w bez trudu!<\/li><li><b>Oferuj spersonalizowane do\u015bwiadczenie.<\/b> Spraw, by ka\u017cdy klient czu\u0142 si\u0119 wa\u017cny i stw\u00f3rz najlepsze wra\u017cenie poprzez spersonalizowane odpowiedzi, u\u017cywanie imion, \u015bledzenie wcze\u015bniejszych rozm\u00f3w i wiadomo\u015bci follow-up.<\/li><li><b>Trenuj chatbota z danymi biznesowymi.<\/b> Wzmocnij chatbota AI swoj\u0105 specjalistyczn\u0105 wiedz\u0105, przesy\u0142aj\u0105c dokumenty, tworz\u0105c zestawy pyta\u0144 i odpowiedzi oraz wykorzystuj\u0105c informacje ze swojej strony do generatora instrukcji, zapewniaj\u0105c dok\u0142adne i trafne odpowiedzi dopasowane do Twojego biznesu.<\/li><li><b>Odbieraj dane o klientach na sw\u00f3j e-mail.<\/b> Pozosta\u0144 na bie\u017c\u0105co i zbieraj cenne informacje, otrzymuj\u0105c pe\u0142ne transkrypty czat\u00f3w bezpo\u015brednio na swoj\u0105 skrzynk\u0119 e-mail, w tym kluczowe dane kontaktowe do generowania lead\u00f3w i optymalizacji us\u0142ug.<\/li><li><b>Odkryj szerok\u0105 gam\u0119 szablon\u00f3w.<\/b> Uruchom swojego chatbota AI w kr\u00f3tkim czasie dzi\u0119ki naszej bibliotece gotowych szablon\u00f3w. Zosta\u0142y one stworzone dla r\u00f3\u017cnych bran\u017c i funkcji, z ka\u017cd\u0105 zawieraj\u0105c\u0105 dostosowane zestawy instrukcji zapewniaj\u0105ce natychmiastowy sukces.<\/li><\/ul><p><a href=\"#demo\">Mo\u017cesz poczu\u0107, jak dzia\u0142a wid\u017cet, u\u017cywaj\u0105c konfiguratora<\/a><\/p> <\/div> <div class=\"application-platform-content-item-installation application-platform-content-item\" id=\"installation\" data-nav-section=\"installation\"> <h2>Jak doda\u0107 wtyczk\u0119 Chatbot AI do PrestaShop?<\/h2> <p>Aby wstawi\u0107 Chatbot AI na swojej stronie PrestaShop, wykonaj nast\u0119puj\u0105ce kroki:<\/p> <ol><li><b>Spersonalizuj wid\u017cet.<\/b><br> Zaczynaj od wybrania jednego z dost\u0119pnych szablon\u00f3w. Nast\u0119pnie, \u015bmia\u0142o trenuj swojego chatbota, ustawiaj funkcjonalno\u015bci i zmieniaj jego wygl\u0105d, aby odpowiada\u0142 potrzebom Twojego biznesu.<\/li><li><b>Odbierz kod osadzania.<\/b><br> Zapisz zako\u0144czon\u0105 prac\u0119 i skopiuj unikalny kod instalacyjny.<\/li><li><b>Dodaj kod do edytora swojej strony.<\/b><br> Wejd\u017a do panelu administracyjnego swojej strony, wstaw kr\u00f3tki kod w odpowiednie miejsce i od\u015bwie\u017c stron\u0119. Gotowe!<\/li> <\/ol><p>W razie pyta\u0144 lub problem\u00f3w, nie wahaj si\u0119 skontaktowa\u0107 z naszym zespo\u0142em obs\u0142ugi klienta. Nasi specjali\u015bci ch\u0119tnie pomog\u0105 Ci w rozwi\u0105zaniu wszelkich problem\u00f3w zwi\u0105zanych z dodatkiem.<\/p> <div class=\"faq\" data-component=\"FAQ\"><div class=\"faq-item\">\r\n\t\t\t\t\t<div class=\"faq-item-question\">\r\n\t\t\t\t\t\t<h3 class=\"faq-item-question-text\">Jak doda\u0107 informacje o moim biznesie do dodatku Chatbot AI?<\/h3>\r\n\r\n\t\t\t\t\t\t<div class=\"faq-item-question-icon\"><\/div>\r\n\t\t\t\t\t<\/div>\r\n\r\n\t\t\t\t\t<div class=\"faq-item-answer\">\r\n\t\t\t\t\t\t<div class=\"faq-item-answer-text\"><p>Aby za\u0142adowa\u0107 swoje dane, przejd\u017a do menu &#8222;Trening&#8221; i wybierz jeden z dost\u0119pnych format\u00f3w: pliki dokument\u00f3w, zestawy pyta\u0144 i odpowiedzi lub zwyk\u0142e bloki tekstu.<\/p> <\/div>\r\n\t\t\t\t\t<\/div>\r\n\t\t\t\t<\/div> <div class=\"faq-item\">\r\n\t\t\t\t\t<div class=\"faq-item-question\">\r\n\t\t\t\t\t\t<h3 class=\"faq-item-question-text\">Jak tworzy\u0107 szybkie odpowiedzi dla Chatbota AI?<\/h3>\r\n\r\n\t\t\t\t\t\t<div class=\"faq-item-question-icon\"><\/div>\r\n\t\t\t\t\t<\/div>\r\n\r\n\t\t\t\t\t<div class=\"faq-item-answer\">\r\n\t\t\t\t\t\t<div class=\"faq-item-answer-text\"><p>Mo\u017cesz doda\u0107 je bezpo\u015brednio w edytorze Chatbota AI, przechodz\u0105c do zak\u0142adki &#8222;Powitanie&#8221;. Znajdziesz tam pole, w kt\u00f3rym mo\u017cesz wprowadzi\u0107 ciekawe rozpocz\u0119cie rozmowy lub najcz\u0119\u015bciej zadawane pytanie.<\/p> <\/div>\r\n\t\t\t\t\t<\/div>\r\n\t\t\t\t<\/div> <div class=\"faq-item\">\r\n\t\t\t\t\t<div class=\"faq-item-question\">\r\n\t\t\t\t\t\t<h3 class=\"faq-item-question-text\">Co sprawia, \u017ce dodatek Chatbot AI Elfsight jest najlepszy dla mojej strony PrestaShop?<\/h3>\r\n\r\n\t\t\t\t\t\t<div class=\"faq-item-question-icon\"><\/div>\r\n\t\t\t\t\t<\/div>\r\n\r\n\t\t\t\t\t<div class=\"faq-item-answer\">\r\n\t\t\t\t\t\t<div class=\"faq-item-answer-text\"> <p>Dodatek Chatbot AI to rozwi\u0105zanie czatu bez kodowania nap\u0119dzane najnowszym modelem AI, gotowe do trenowania na podstawie Twoich informacji biznesowych. Z \u0142atwym w obs\u0142udze interfejsem i licznymi opcjami personalizacji, mo\u017cesz zapewni\u0107 pomoc klientom 24\/7 z spersonalizowanym do\u015bwiadczeniem i zawsze pozosta\u0107 poinformowanym dzi\u0119ki sta\u0142ym raportom. Przekonaj si\u0119 sam, jak \u0142atwe i szybkie mo\u017ce to by\u0107 z Elfsight!<\/p> <\/div>\r\n\t\t\t\t\t<\/div>\r\n\t\t\t\t<\/div><\/div><\/div>","protected":false},"excerpt":{"rendered":"","protected":false},"author":9,"featured_media":0,"parent":9688,"menu_order":0,"comment_status":"closed","ping_status":"closed","template":"templates\/template-application-platform.php","meta":{"publish_to_discourse":"","publish_post_category":"","wpdc_auto_publish_overridden":"","wpdc_topic_tags":"","wpdc_pin_topic":"","wpdc_pin_until":"","discourse_post_id":"","discourse_permalink":"","wpdc_publishing_response":"","wpdc_publishing_error":"","footnotes":""},"class_list":["post-9705","page","type-page","status-publish","hentry"],"yoast_head":"<!-- This site is optimized with the Yoast SEO plugin v25.3.1 - https:\/\/yoast.com\/wordpress\/plugins\/seo\/ -->\n<title>PrestaShop AI Chatbot addon \u2013 Dodaj AI Chatbota do PrestaShop [ZA DARMO]<\/title>\n<meta name=\"description\" content=\"Dodaj najlepszy dodatek AI Chatbota do swojej strony PrestaShop bez kodowania. Optymalizuj wsparcie klienta dzi\u0119ki szybkiemu osadzeniu!\" \/>\n<meta name=\"robots\" content=\"index, follow, max-snippet:-1, max-image-preview:large, max-video-preview:-1\" \/>\n<link rel=\"canonical\" href=\"https:\/\/elfsight.com\/pl\/ai-chatbot-widget\/prestashop\/\" \/>\n<meta property=\"og:locale\" content=\"pl_PL\" \/>\n<meta property=\"og:type\" content=\"article\" \/>\n<meta property=\"og:title\" content=\"PrestaShop AI Chatbot addon \u2013 Dodaj AI Chatbota do PrestaShop [ZA DARMO]\" \/>\n<meta property=\"og:description\" content=\"Dodaj najlepszy dodatek AI Chatbota do swojej strony PrestaShop bez kodowania. Optymalizuj wsparcie klienta dzi\u0119ki szybkiemu osadzeniu!\" \/>\n<meta property=\"og:url\" content=\"https:\/\/elfsight.com\/pl\/ai-chatbot-widget\/prestashop\/\" \/>\n<meta property=\"og:site_name\" content=\"Elfsight PL\" \/>\n<meta property=\"article:modified_time\" content=\"2025-06-11T09:01:18+00:00\" \/>\n<meta name=\"twitter:card\" content=\"summary_large_image\" \/>\n<meta name=\"twitter:label1\" content=\"Szacowany czas czytania\" \/>\n\t<meta name=\"twitter:data1\" content=\"3 minuty\" \/>\n<!-- \/ Yoast SEO plugin. -->","yoast_head_json":{"title":"PrestaShop AI Chatbot addon \u2013 Dodaj AI Chatbota do PrestaShop [ZA DARMO]","description":"Dodaj najlepszy dodatek AI Chatbota do swojej strony PrestaShop bez kodowania. Optymalizuj wsparcie klienta dzi\u0119ki szybkiemu osadzeniu!","robots":{"index":"index","follow":"follow","max-snippet":"max-snippet:-1","max-image-preview":"max-image-preview:large","max-video-preview":"max-video-preview:-1"},"canonical":"https:\/\/elfsight.com\/pl\/ai-chatbot-widget\/prestashop\/","og_locale":"pl_PL","og_type":"article","og_title":"PrestaShop AI Chatbot addon \u2013 Dodaj AI Chatbota do PrestaShop [ZA DARMO]","og_description":"Dodaj najlepszy dodatek AI Chatbota do swojej strony PrestaShop bez kodowania. Optymalizuj wsparcie klienta dzi\u0119ki szybkiemu osadzeniu!","og_url":"https:\/\/elfsight.com\/pl\/ai-chatbot-widget\/prestashop\/","og_site_name":"Elfsight PL","article_modified_time":"2025-06-11T09:01:18+00:00","twitter_card":"summary_large_image","twitter_misc":{"Szacowany czas czytania":"3 minuty"},"schema":{"@context":"https:\/\/schema.org","@graph":[{"@type":"WebPage","@id":"https:\/\/elfsight.com\/pl\/ai-chatbot-widget\/prestashop\/","url":"https:\/\/elfsight.com\/pl\/ai-chatbot-widget\/prestashop\/","name":"PrestaShop AI Chatbot addon \u2013 Dodaj AI Chatbota do PrestaShop [ZA DARMO]","isPartOf":{"@id":"https:\/\/elfsight.com\/pl\/#website"},"datePublished":"2024-12-28T09:51:56+00:00","dateModified":"2025-06-11T09:01:18+00:00","description":"Dodaj najlepszy dodatek AI Chatbota do swojej strony PrestaShop bez kodowania. Optymalizuj wsparcie klienta dzi\u0119ki szybkiemu osadzeniu!","breadcrumb":{"@id":"https:\/\/elfsight.com\/pl\/ai-chatbot-widget\/prestashop\/#breadcrumb"},"inLanguage":"pl-PL","potentialAction":[{"@type":"ReadAction","target":["https:\/\/elfsight.com\/pl\/ai-chatbot-widget\/prestashop\/"]}]},{"@type":"BreadcrumbList","@id":"https:\/\/elfsight.com\/pl\/ai-chatbot-widget\/prestashop\/#breadcrumb","itemListElement":[{"@type":"ListItem","position":1,"name":"Home","item":"https:\/\/elfsight.com\/pl\/"},{"@type":"ListItem","position":2,"name":"AI Chatbot","item":"https:\/\/elfsight.com\/pl\/ai-chatbot-widget\/"},{"@type":"ListItem","position":3,"name":"AI Chatbot &#8211; PrestaShop"}]},{"@type":"WebSite","@id":"https:\/\/elfsight.com\/pl\/#website","url":"https:\/\/elfsight.com\/pl\/","name":"Elfsight PL","description":"Just another Elfsight Sites site","potentialAction":[{"@type":"SearchAction","target":{"@type":"EntryPoint","urlTemplate":"https:\/\/elfsight.com\/pl\/?s={search_term_string}"},"query-input":{"@type":"PropertyValueSpecification","valueRequired":true,"valueName":"search_term_string"}}],"inLanguage":"pl-PL"}]}},"meta_box":{"industry":"","seo_heading":"","heading":"","description":"","cta_heading":"","cta_description":"","application":"9684","h1":"Dodaj AI Chatbota do strony PrestaShop","h1_caption":"Stw\u00f3rz najlepszego AI Chatbota, specjalnie wytrenowanego na danych Twojej firmy, aby zautomatyzowa\u0107 obs\u0142ug\u0119 klienta, pozyskiwa\u0107 leady i dostarcza\u0107 natychmiastowe, dok\u0142adne odpowiedzi na stronie PrestaShop \u2014 24\/7.","application_category":[],"applications_title":"","applications_request_title":"","applications_request_button_text":"","hero_text":"","hero_video":"","hero_video_schema_markup":"","selling_points_title":"","selling_points_caption":"","selling_points":[],"selling_points_cta_text":"","features_title":"","features":"","ed_cta_examples_text":"","ed_cta_examples_hidden":"","ed_cta_demo_text":"","ed_cta_demo_hidden":"","why_caption":"","why_editor_title":"","why_editor_text":"","why_team_title":"","why_team_text":"","why_service_title":"","why_service_text":"","template_catalog_visible":"","template_catalog_title":"","template_catalog_text":"","template_catalog_categories_visible":"","demo_title":"Stw\u00f3rz sw\u00f3j dodatek AI Chatbota","demo_caption":"Skonfiguruj AI Chatbota i dodaj go do swojej strony PrestaShop za darmo!","default_faq_hidden":"","app_template_category":[],"platform":"586","template_public_id":"","codecanyon_url":"","codecanyon_item_id":"","codecanyon_price":"","pricing_caption":"","pricing_elfsight_apps_hide_column":"","pricing_elfsight_apps_url":"","pricing_codecanyon_price_caption":"","integration_category":[],"integration_request_title":"","integration_request_cta":"","integration_platform":"","integrations":[],"platform_category":[],"video_schema_markup":"","price":"od 0 $ \/ miesi\u0105c","trial":"","benefits":[{"text":"Bezp\u0142atna us\u0142uga instalacji"},{"text":"Kompetentna obs\u0142uga klienta"},{"text":"14-dniowa gwarancja zwrotu"},{"text":"Nieustannie aktualizowane"},{"text":""}],"button_url":"#demo","button_target_blank":"","button_nofollow":"","attributes":[{"name":"Instalacje","content":"50,000 - 100,000"},{"name":"Responsywny","content":"Tak"},{"name":"Kompatybilne przegl\u0105darki","content":"Firefox, Safari, Opera, Chrome, Edge"}],"tags":[],"tags_disable_links":"","hide_more_platforms":"","video_object":"","demo_hide_cta":"","demo_hide_cloud_options":"","pricing_title":"","pricing":[{"pricing_icon":"platform","pricing_title":"Elfsight Apps","pricing_title_caption":"Oprogramowanie wieloplatformowe dzia\u0142aj\u0105ce na ka\u017cdej stronie internetowej","pricing_price":"od 0 USD \/ miesi\u0105c","pricing_price_caption":"zacznij od darmowego planu","pricing_benefits":[{"text":"Nieograniczone strony internetowe"},{"text":"Wsparcie premium dla klient\u00f3w"},{"text":"Bezp\u0142atna pomoc przy instalacji"},{"text":"Elastyczny design"}],"pricing_button_text":"Dodaj do strony internetowej","pricing_button_url":"#demo"}],"related_apps_title":"","related_apps_hidden":"","author":"","image":[],"title":"","job":"","social_networks":[]},"_links":{"self":[{"href":"https:\/\/elfsight.com\/pl\/wp-json\/wp\/v2\/pages\/9705","targetHints":{"allow":["GET"]}}],"collection":[{"href":"https:\/\/elfsight.com\/pl\/wp-json\/wp\/v2\/pages"}],"about":[{"href":"https:\/\/elfsight.com\/pl\/wp-json\/wp\/v2\/types\/page"}],"author":[{"embeddable":true,"href":"https:\/\/elfsight.com\/pl\/wp-json\/wp\/v2\/users\/9"}],"replies":[{"embeddable":true,"href":"https:\/\/elfsight.com\/pl\/wp-json\/wp\/v2\/comments?post=9705"}],"version-history":[{"count":1,"href":"https:\/\/elfsight.com\/pl\/wp-json\/wp\/v2\/pages\/9705\/revisions"}],"predecessor-version":[{"id":9709,"href":"https:\/\/elfsight.com\/pl\/wp-json\/wp\/v2\/pages\/9705\/revisions\/9709"}],"up":[{"embeddable":true,"href":"https:\/\/elfsight.com\/pl\/wp-json\/wp\/v2\/pages\/9688"}],"wp:attachment":[{"href":"https:\/\/elfsight.com\/pl\/wp-json\/wp\/v2\/media?parent=9705"}],"curies":[{"name":"wp","href":"https:\/\/api.w.org\/{rel}","templated":true}]}}