{"id":954,"date":"2020-12-15T16:56:26","date_gmt":"2020-12-15T16:56:26","guid":{"rendered":"https:\/\/elfsight.com\/pl\/?page_id=954"},"modified":"2020-12-15T17:04:14","modified_gmt":"2020-12-15T17:04:14","slug":"examples","status":"publish","type":"page","link":"https:\/\/elfsight.com\/pl\/telegram-chat-widget\/examples\/","title":{"rendered":"Telegram Chat &#8211; Examples"},"content":{"rendered":"\n<div class=\"application-examples-item application-examples-item-loading\">\n                            <div class=\"col-row\">\n                                <div class=\"col-6 col-m-8 col-s-12\"><h3 class=\"application-examples-item-title\">Przyk\u0142ad 1. Og\u00f3lny<\/h3><div class=\"application-examples-item-description\">Tutaj mamy najbardziej typowy przyk\u0142ad okna czatu Telegram w witrynie internetowej. Wybrana jest opcja Floating bubble, a czat pozostaje zr\u00f3wnowa\u017conym, ale wyrazistym. Widoczna ikona czatu jest u\u017cywana w dymku czatu, a okno czatu ma w\u0142asne kolory Telegram.<\/div><\/div>\n                <\/div>\n\n                <div class=\"application-examples-item-iframe-container browser-frame\">\n                    <div class=\"application-examples-item-iframe-wrapper\">\n                        <iframe class=\"application-examples-item-iframe application-examples-item-iframe-fixed-height\" data-src=\"https:\/\/apps.elfsight.com\/template\/59ec7260-2aa7-4933-a6fa-3a8cc180463a?padding=28px+40px+40px\" width=\"100%\" height=\"500\" allow=\"autoplay; fullscreen\"><\/iframe>\n                    <\/div>\n\n                    <div class=\"application-examples-item-loader\"><\/div>\n                <\/div>\n            <\/div>\n\n<div class=\"application-examples-item application-examples-item-loading\">\n                            <div class=\"col-row\">\n                                <div class=\"col-6 col-m-8 col-s-12\"><h3 class=\"application-examples-item-title\">Przyk\u0142ad 2. Wsparcie<\/h3><div class=\"application-examples-item-description\">Obraz nag\u0142\u00f3wka przedstawia zdj\u0119cie specjalisty Obs\u0142ugi a podpis s\u0142u\u017cy do okre\u015blenia czasu odpowiedzi. Dzi\u0119ki temu u\u017cytkownicy rozumiej\u0105, \u017ce zamierzaj\u0105 rozmawia\u0107 z prawdziw\u0105 osob\u0105 i znaj\u0105 przybli\u017cony czas odpowiedzi. Czat tutaj mo\u017ce by\u0107 pomocny w organizowaniu pomocy technicznej.<\/div><\/div>\n                <\/div>\n\n                <div class=\"application-examples-item-iframe-container browser-frame\">\n                    <div class=\"application-examples-item-iframe-wrapper\">\n                        <iframe class=\"application-examples-item-iframe application-examples-item-iframe-fixed-height\" data-src=\"https:\/\/apps.elfsight.com\/template\/a1a38b07-7ec8-4f07-966e-abb02fddf752?padding=28px+40px+40px\" width=\"100%\" height=\"500px\" allow=\"autoplay; fullscreen\"><\/iframe>\n                    <\/div>\n\n                    <div class=\"application-examples-item-loader\"><\/div>\n                <\/div>\n            <\/div>\n\n<div class=\"application-examples-item application-examples-item-loading\">\n                            <div class=\"col-row\">\n                                <div class=\"col-6 col-m-8 col-s-12\"><h3 class=\"application-examples-item-title\">Przyk\u0142ad 3. Sprzeda\u017c<\/h3><div class=\"application-examples-item-description\">To okno czatu wygl\u0105da wyr\u00f3\u017cniaj\u0105co i jasno dzi\u0119ki opcjom dostosowywania. Nag\u0142\u00f3wek by\u0142 pomalowany na czarno, a przycisk Rozpocznij czat zmieni\u0142 kolor na czerwony. Mo\u017cesz r\u00f3wnie\u017c zobaczy\u0107 zdj\u0119cie profilowe mened\u017cera, jego imi\u0119 i nazwisko oraz pozycje w nag\u0142\u00f3wku. Oto jak mo\u017cesz u\u017cy\u0107 czatu Telegram, aby przyci\u0105gn\u0105\u0107 now\u0105 sprzeda\u017c.<\/div><\/div>\n                <\/div>\n\n                <div class=\"application-examples-item-iframe-container browser-frame\">\n                    <div class=\"application-examples-item-iframe-wrapper\">\n                        <iframe class=\"application-examples-item-iframe application-examples-item-iframe-fixed-height\" data-src=\"https:\/\/elfsight.com\/examples?widget_id=9f614818-41b4-45c2-9f03-494a6ef259c0&padding=28px+40px+40px\" width=\"100%\" height=\"500px\" allow=\"autoplay; fullscreen\"><\/iframe>\n                    <\/div>\n\n                    <div class=\"application-examples-item-loader\"><\/div>\n                <\/div>\n            <\/div>\n\n<div class=\"application-examples-item application-examples-item-loading\">\n                            <div class=\"col-row\">\n                                <div class=\"col-6 col-m-8 col-s-12\"><h3 class=\"application-examples-item-title\">Przyk\u0142ad 4. Rezerwacja<\/h3><div class=\"application-examples-item-description\">Ten czat mo\u017ce pom\u00f3c klientom w rezerwacji, a wiadomo\u015b\u0107 powitalna oferuje pomoc w znalezieniu wariant\u00f3w, zach\u0119caj\u0105c klient\u00f3w do rozpocz\u0119cia czatu. Nag\u0142\u00f3wek i dymek czatu s\u0105 pomalowane, aby przypomnie\u0107 o popularnym serwisie rezerwacji. Przycisk Rozpocznij czat ma oryginalny niebieski kolor i pokazuje ikon\u0119 Telegram.<\/div><\/div>\n                <\/div>\n\n                <div class=\"application-examples-item-iframe-container browser-frame\">\n                    <div class=\"application-examples-item-iframe-wrapper\">\n                        <iframe class=\"application-examples-item-iframe application-examples-item-iframe-fixed-height\" data-src=\"https:\/\/elfsight.com\/examples?widget_id=7b70c4cb-191c-482e-84b0-83be9ed72ac5&padding=28px+40px+40px\" width=\"100%\" height=\"500px\" allow=\"autoplay; fullscreen\"><\/iframe>\n                    <\/div>\n\n                    <div class=\"application-examples-item-loader\"><\/div>\n                <\/div>\n            <\/div>\n\n<div class=\"application-cta-create\">\n                    <div class=\"application-cta-create-bg\">\n                        <div class=\"application-cta-create-bg-left\"><\/div>\n\n                        <div class=\"application-cta-create-bg-right\">\n                            <img decoding=\"async\" src=\"https:\/\/elfsight.com\/pl\/wp-content\/themes\/elfsight\/frontend\/assets\/img\/application-cta-create.jpg\" alt=\"Zacznij od stworzenia swojego wid\u017cetu\">\n                        <\/div>\n                    <\/div>\n\n                    <div class=\"application-cta-create-content inner\">\n                        <div class=\"application-cta-create-content-inner\">\n                            <div class=\"application-cta-create-content-icon\">\n                                <svg viewBox=\"0 0 25 25\" width=\"100%\" height=\"100%\">\n                                    <use xlink:href=\"#icon-settings\"><\/use>\n                                <\/svg>\n                            <\/div>\n\n                            <div class=\"application-cta-create-content-title\">Zacznij od stworzenia swojego wid\u017cetu<\/div>\n\n                            <div class=\"application-cta-create-content-text\">Szybko. \u0141atwo. Bez kodowania.<\/div>\n\n                            <a class=\"application-cta-create-content-button button-48 button-has-right-icon button-black button\" href=\"\">\n                                <span class=\"button-label\">Utw\u00f3rz wid\u017cet<\/span>\n\n                                <svg class=\"button-icon\">\n                                    <use xlink:href=\"#icon-arrow-link\"><\/use>\n                                <\/svg>\n                            <\/a>\n                        <\/div>\n                    <\/div>\n                <\/div>\n\n<div class=\"application-examples-item application-examples-item-loading\">\n                            <div class=\"col-row\">\n                                <div class=\"col-6 col-m-8 col-s-12\"><h3 class=\"application-examples-item-title\">Przyk\u0142ad 5. Feedback<\/h3><div class=\"application-examples-item-description\">Formularz opinii jest przedstawiany jako p\u0142ywaj\u0105cy b\u0105belek. Klienci mog\u0105 \u0142atwo podzieli\u0107 si\u0119 swoimi przemy\u015bleniami, je\u015bli chc\u0105. Okno czatu jest wyposa\u017cone z niestandardowym tekstem i ikon\u0105 powiadamiaj\u0105c\u0105 o nowej wiadomo\u015bci. Klikaj\u0105c dymek, otworzysz czat i zobaczysz imi\u0119 i nazwisko mened\u017cera oraz zdj\u0119cie profilowe. Je\u015bli nie mo\u017cesz znale\u017a\u0107 zdj\u0119cia, mo\u017cesz je \u0142atwo wybra\u0107 z naszej galerii.<\/div><\/div>\n                <\/div>\n\n                <div class=\"application-examples-item-iframe-container browser-frame\">\n                    <div class=\"application-examples-item-iframe-wrapper\">\n                        <iframe class=\"application-examples-item-iframe application-examples-item-iframe-fixed-height\" data-src=\"https:\/\/elfsight.com\/examples?widget_id=5bb95932-3fe8-4562-8773-ec5a510657b2&padding=28px+40px+40px\" width=\"100%\" height=\"500px\" allow=\"autoplay; fullscreen\"><\/iframe>\n                    <\/div>\n\n                    <div class=\"application-examples-item-loader\"><\/div>\n                <\/div>\n            <\/div>\n\n<div class=\"application-examples-item application-examples-item-loading\">\n                            <div class=\"col-row\">\n                                <div class=\"col-6 col-m-8 col-s-12\"><h3 class=\"application-examples-item-title\">Przyk\u0142ad 6. Wprowadzanie u\u017cytkownik\u00f3w<\/h3><div class=\"application-examples-item-description\">Aby przekaza\u0107 odwiedzaj\u0105cym wi\u0119cej informacji na temat swoich towar\u00f3w lub us\u0142ug, mo\u017cesz u\u017cy\u0107 nieinwazyjnego okna czatu na swojej stronie internetowej.  Tutaj przycisk czatu zawiera tylko ikon\u0119 z powiadomieniem o nowej wiadomo\u015bci. Czat ma nowe kolory: nag\u0142\u00f3wek jest jasnofioletowy, a przycisk Rozpocznij czat jest jasnofioletowy, podobnie jak dymek czatu.<\/div><\/div>\n                <\/div>\n\n                <div class=\"application-examples-item-iframe-container browser-frame\">\n                    <div class=\"application-examples-item-iframe-wrapper\">\n                        <iframe class=\"application-examples-item-iframe application-examples-item-iframe-fixed-height\" data-src=\"https:\/\/elfsight.com\/examples?widget_id=c742f8c4-8e05-4aab-a298-782401a7e5a5&padding=28px+40px+40px\" width=\"100%\" height=\"500px\" allow=\"autoplay; fullscreen\"><\/iframe>\n                    <\/div>\n\n                    <div class=\"application-examples-item-loader\"><\/div>\n                <\/div>\n            <\/div>\n\n<div class=\"application-examples-item application-examples-item-loading\">\n                            <div class=\"col-row\">\n                                <div class=\"col-6 col-m-8 col-s-12\"><h3 class=\"application-examples-item-title\">Przyk\u0142ad 7. Doradztwo<\/h3><div class=\"application-examples-item-description\">Tutaj mamy dobry przyk\u0142ad konsultacji z klientami na temat Twoich ofert. Mo\u017cesz tak\u017ce wyr\u00f3wna\u0107 Floating bubble do lewej lub do prawej strony, lub do \u015brodka. Nag\u0142\u00f3wek okna czatu i dymek czatu maj\u0105 ten samy niebieski kolor. Powitanie dzia\u0142a jako wyzwalacz czatu.<\/div><\/div>\n                <\/div>\n\n                <div class=\"application-examples-item-iframe-container browser-frame\">\n                    <div class=\"application-examples-item-iframe-wrapper\">\n                        <iframe class=\"application-examples-item-iframe application-examples-item-iframe-fixed-height\" data-src=\"https:\/\/elfsight.com\/examples?widget_id=dbdbfcb2-b059-461b-8843-0ebd1ac7ee76&padding=28px+40px+40px\" width=\"100%\" height=\"500px\" allow=\"autoplay; fullscreen\"><\/iframe>\n                    <\/div>\n\n                    <div class=\"application-examples-item-loader\"><\/div>\n                <\/div>\n            <\/div>\n\n<!--[application_example title=\"Example 8. Embed Chat Button\" description=\"The chat window here is integrated in the content zone of the website. It features the Telegram icon and a custom text. Clicking on the chat box you\u2019ll see the chat person\u2019s name and the welcome message.\" padding=\"400px 0 100px\" link=\"https:\/\/elfsight.com\/examples?widget_id=1a17f451-4cca-4af1-bcb9-06599797afe7\"]\n\n[application_example title=\"Example 9. Embed Chat Window\" description=\"The open chat window can be embedded into any of your website\u2019s pages. Users can see the chat box welcoming them to start a conversation. The widget here uses original Telegram colors and is supplied with a profile picture and the name of the chat person.\" padding=\"28px 40px 40px\" height=\"500px\" link=\"https:\/\/elfsight.com\/examples?widget_id=af040323-b36d-4cb5-9a4f-8ead1fdacfaf\n\"]-->\n","protected":false},"excerpt":{"rendered":"","protected":false},"author":13,"featured_media":0,"parent":938,"menu_order":0,"comment_status":"closed","ping_status":"closed","template":"templates\/template-application-examples.php","meta":{"publish_to_discourse":"","publish_post_category":"","wpdc_auto_publish_overridden":"","wpdc_topic_tags":"","wpdc_pin_topic":"","wpdc_pin_until":"","discourse_post_id":"","discourse_permalink":"","wpdc_publishing_response":"","wpdc_publishing_error":"","footnotes":""},"class_list":["post-954","page","type-page","status-publish","hentry"],"yoast_head":"<!-- This site is optimized with the Yoast SEO plugin v25.3.1 - https:\/\/yoast.com\/wordpress\/plugins\/seo\/ -->\n<title>TOP 7 przyk\u0142ad\u00f3w wid\u017cetu Telegram Live Chat (2025)<\/title>\n<meta name=\"description\" content=\"TOP 7 przyk\u0142ad\u00f3w wid\u017cetu Telegram na stronie: Og\u00f3lny, Wsparcie, Sprzeda\u017c, Rezerwacja, Konsultacja,, przycisk i okno czatu dla Twojej strony.\" \/>\n<meta name=\"robots\" content=\"index, follow, max-snippet:-1, max-image-preview:large, max-video-preview:-1\" \/>\n<link rel=\"canonical\" href=\"https:\/\/elfsight.com\/pl\/telegram-chat-widget\/examples\/\" \/>\n<meta property=\"og:locale\" content=\"pl_PL\" \/>\n<meta property=\"og:type\" content=\"article\" \/>\n<meta property=\"og:title\" content=\"TOP 7 przyk\u0142ad\u00f3w wid\u017cetu Telegram Live Chat (2025)\" \/>\n<meta property=\"og:description\" content=\"TOP 7 przyk\u0142ad\u00f3w wid\u017cetu Telegram na stronie: Og\u00f3lny, Wsparcie, Sprzeda\u017c, Rezerwacja, Konsultacja,, przycisk i okno czatu dla Twojej strony.\" \/>\n<meta property=\"og:url\" content=\"https:\/\/elfsight.com\/pl\/telegram-chat-widget\/examples\/\" \/>\n<meta property=\"og:site_name\" content=\"Elfsight PL\" \/>\n<meta property=\"article:modified_time\" content=\"2020-12-15T17:04:14+00:00\" \/>\n<meta name=\"twitter:card\" content=\"summary_large_image\" \/>\n<meta name=\"twitter:label1\" content=\"Szacowany czas czytania\" \/>\n\t<meta name=\"twitter:data1\" content=\"3 minuty\" \/>\n<!-- \/ Yoast SEO plugin. -->","yoast_head_json":{"title":"TOP 7 przyk\u0142ad\u00f3w wid\u017cetu Telegram Live Chat (2025)","description":"TOP 7 przyk\u0142ad\u00f3w wid\u017cetu Telegram na stronie: Og\u00f3lny, Wsparcie, Sprzeda\u017c, Rezerwacja, Konsultacja,, przycisk i okno czatu dla Twojej strony.","robots":{"index":"index","follow":"follow","max-snippet":"max-snippet:-1","max-image-preview":"max-image-preview:large","max-video-preview":"max-video-preview:-1"},"canonical":"https:\/\/elfsight.com\/pl\/telegram-chat-widget\/examples\/","og_locale":"pl_PL","og_type":"article","og_title":"TOP 7 przyk\u0142ad\u00f3w wid\u017cetu Telegram Live Chat (2025)","og_description":"TOP 7 przyk\u0142ad\u00f3w wid\u017cetu Telegram na stronie: Og\u00f3lny, Wsparcie, Sprzeda\u017c, Rezerwacja, Konsultacja,, przycisk i okno czatu dla Twojej strony.","og_url":"https:\/\/elfsight.com\/pl\/telegram-chat-widget\/examples\/","og_site_name":"Elfsight PL","article_modified_time":"2020-12-15T17:04:14+00:00","twitter_card":"summary_large_image","twitter_misc":{"Szacowany czas czytania":"3 minuty"},"schema":{"@context":"https:\/\/schema.org","@graph":[{"@type":"WebPage","@id":"https:\/\/elfsight.com\/pl\/telegram-chat-widget\/examples\/","url":"https:\/\/elfsight.com\/pl\/telegram-chat-widget\/examples\/","name":"TOP 7 przyk\u0142ad\u00f3w wid\u017cetu Telegram Live Chat (2025)","isPartOf":{"@id":"https:\/\/elfsight.com\/pl\/#website"},"datePublished":"2020-12-15T16:56:26+00:00","dateModified":"2020-12-15T17:04:14+00:00","description":"TOP 7 przyk\u0142ad\u00f3w wid\u017cetu Telegram na stronie: Og\u00f3lny, Wsparcie, Sprzeda\u017c, Rezerwacja, Konsultacja,, przycisk i okno czatu dla Twojej strony.","breadcrumb":{"@id":"https:\/\/elfsight.com\/pl\/telegram-chat-widget\/examples\/#breadcrumb"},"inLanguage":"pl-PL","potentialAction":[{"@type":"ReadAction","target":["https:\/\/elfsight.com\/pl\/telegram-chat-widget\/examples\/"]}]},{"@type":"BreadcrumbList","@id":"https:\/\/elfsight.com\/pl\/telegram-chat-widget\/examples\/#breadcrumb","itemListElement":[{"@type":"ListItem","position":1,"name":"Home","item":"https:\/\/elfsight.com\/pl\/"},{"@type":"ListItem","position":2,"name":"Telegram Chat","item":"https:\/\/elfsight.com\/pl\/telegram-chat-widget\/"},{"@type":"ListItem","position":3,"name":"Telegram Chat &#8211; Examples"}]},{"@type":"WebSite","@id":"https:\/\/elfsight.com\/pl\/#website","url":"https:\/\/elfsight.com\/pl\/","name":"Elfsight PL","description":"Just another Elfsight Sites site","potentialAction":[{"@type":"SearchAction","target":{"@type":"EntryPoint","urlTemplate":"https:\/\/elfsight.com\/pl\/?s={search_term_string}"},"query-input":{"@type":"PropertyValueSpecification","valueRequired":true,"valueName":"search_term_string"}}],"inLanguage":"pl-PL"}]}},"meta_box":{"industry":"","seo_heading":"","heading":"","description":"","cta_heading":"","cta_description":"","application":"937","h1":"","h1_caption":"","application_category":[],"applications_title":"","applications_request_title":"","applications_request_button_text":"","hero_text":"","hero_video":"","hero_video_schema_markup":"","selling_points_title":"","selling_points_caption":"","selling_points":[],"selling_points_cta_text":"","features_title":"","features":"","ed_cta_examples_text":"","ed_cta_examples_hidden":"","ed_cta_demo_text":"","ed_cta_demo_hidden":"","why_caption":"","why_editor_title":"","why_editor_text":"","why_team_title":"","why_team_text":"","why_service_title":"","why_service_text":"","template_catalog_visible":"","template_catalog_title":"","template_catalog_text":"","template_catalog_categories_visible":"","demo_title":"","demo_caption":"","default_faq_hidden":"","app_template_category":[],"platform":"","template_public_id":"","codecanyon_url":"","codecanyon_item_id":"","codecanyon_price":"","pricing_caption":"","pricing_elfsight_apps_hide_column":"","pricing_elfsight_apps_url":"","pricing_codecanyon_price_caption":"","integration_category":[],"integration_request_title":"","integration_request_cta":"","integration_platform":"","integrations":[],"platform_category":[],"video_schema_markup":"","price":"","trial":"","benefits":[],"button_url":"","button_target_blank":"","button_nofollow":"","attributes":[],"tags":[],"tags_disable_links":"","hide_more_platforms":"","video_object":"","demo_hide_cta":"","demo_hide_cloud_options":"","pricing_title":"","pricing":[],"related_apps_title":"","related_apps_hidden":"","author":"","image":[],"title":"","job":"","social_networks":[]},"_links":{"self":[{"href":"https:\/\/elfsight.com\/pl\/wp-json\/wp\/v2\/pages\/954","targetHints":{"allow":["GET"]}}],"collection":[{"href":"https:\/\/elfsight.com\/pl\/wp-json\/wp\/v2\/pages"}],"about":[{"href":"https:\/\/elfsight.com\/pl\/wp-json\/wp\/v2\/types\/page"}],"author":[{"embeddable":true,"href":"https:\/\/elfsight.com\/pl\/wp-json\/wp\/v2\/users\/13"}],"replies":[{"embeddable":true,"href":"https:\/\/elfsight.com\/pl\/wp-json\/wp\/v2\/comments?post=954"}],"version-history":[{"count":5,"href":"https:\/\/elfsight.com\/pl\/wp-json\/wp\/v2\/pages\/954\/revisions"}],"predecessor-version":[{"id":959,"href":"https:\/\/elfsight.com\/pl\/wp-json\/wp\/v2\/pages\/954\/revisions\/959"}],"up":[{"embeddable":true,"href":"https:\/\/elfsight.com\/pl\/wp-json\/wp\/v2\/pages\/938"}],"wp:attachment":[{"href":"https:\/\/elfsight.com\/pl\/wp-json\/wp\/v2\/media?parent=954"}],"curies":[{"name":"wp","href":"https:\/\/api.w.org\/{rel}","templated":true}]}}