{"id":9294,"date":"2024-09-30T18:27:29","date_gmt":"2024-09-30T18:27:29","guid":{"rendered":"https:\/\/elfsight.com\/pl\/?page_id=9294"},"modified":"2025-01-27T13:03:12","modified_gmt":"2025-01-27T13:03:12","slug":"wordpress","status":"publish","type":"page","link":"https:\/\/elfsight.com\/pl\/calculator-form-widget\/wordpress\/","title":{"rendered":"Calculator &#8211; WordPress"},"content":{"rendered":"<div class=\"application-platform-content-item-description application-platform-content-item\" id=\"description\" data-nav-section=\"description\"> <h2>Osad\u017a Kalkulator w WordPress za pomoc\u0105 wtyczki Elfsight<\/h2> <p>Widget Kalkulator daje Twoim klientom mo\u017cliwo\u015b\u0107 zaplanowania bud\u017cetu i podr\u00f3\u017cy trasy, proporcje gotowania i wiele wi\u0119cej w zale\u017cno\u015bci od bran\u017cy. Do tego wbudowanego widgetu mo\u017cesz doda\u0107 okre\u015blone pola i dodatkowe opcje, dzi\u0119ki czemu odwiedzaj\u0105cy b\u0119d\u0105 mogli analizowa\u0107 zalety bez opuszczania strony serwisu. Logika warunkowa pozwala budowa\u0107 uniwersalne rozwi\u0105zania dla Twojego scenariusza i ka\u017cdego u\u017cytkownika.<\/p><p>Regulowane elementy, takie jak pola wyboru, suwaki i menu rozwijane, umo\u017cliwiaj\u0105 uwzgl\u0119dnienie dowolnego aspektu cen produkt\u00f3w. Na przyk\u0142ad u\u017cyj go do obliczenia po\u017cyczek wed\u0142ug okre\u015blonego oprocentowania na dogodny okres. Mo\u017cesz wypo\u017cyczy\u0107 samoch\u00f3d z wieloma dodatkowymi towarami do wyboru. Co wi\u0119cej, kalkulator jest w stanie zaplanowa\u0107 wymarzon\u0105 podr\u00f3\u017c, pod warunkiem uwzgl\u0119dnienia transportu, noclegu i atrakcji. <\/p><p><b>Zapewnij odwiedzaj\u0105cym Twoj\u0105 witryn\u0119 przyjazn\u0105 obs\u0142ug\u0119 oblicze\u0144 dzi\u0119ki integracji pot\u0119\u017cnego wid\u017cetu zliczaj\u0105cego! <\/b><\/p> <\/div> <div class=\"application-platform-content-item-features application-platform-content-item\" id=\"features\" data-nav-section=\"features\"> <h2>Poznaj list\u0119 najpot\u0119\u017cniejszych funkcji:<\/h2> <ul><li>Narz\u0119dzie z przejrzystym interfejsem, kt\u00f3re umo\u017cliwia dowolne obliczenia<\/li><li>Wiele rozwi\u0105za\u0144 w terenie dla Twoich pomys\u0142\u00f3w<\/li><li>Logika warunkowa do pracy nawet wieloetapowej obliczenia<\/li><li>\u0141atwe rozpocz\u0119cie zarz\u0105dzania szablonami<\/li><li>Zintegrowane narz\u0119dzie inspiruj\u0105ce do podejmowania decyzji<\/li><\/ul><p><a href=\"#demo\">Sprawd\u017a wszystkie ustawienia w pe\u0142nej wersji demonstracyjnej<\/a><\/p><\/div> <div class=\"application-platform-content-item-installation application-platform-content-item\" id=\"installation\" data-nav-section=\"installation\"> <h2>Jak w\u0142\u0105czy\u0107 kalkulator do mojej strony internetowej WordPress?<\/h2> <p>Wystarczy wykona\u0107 kilka krok\u00f3w podanych poni\u017cej, aby aktywowa\u0107 wtyczk\u0119.<\/p> <ol><li><b>Skorzystaj z naszej bezp\u0142atnej wersji demonstracyjnej i zacznij tworzy\u0107 sw\u00f3j w\u0142asny instrument. <\/b><br> Znajd\u017a wybrany wygl\u0105d i cechy narz\u0119dzia i zastosuj poprawki. <\/li> <li><b>Skopiuj sw\u00f3j unikalny kod widoczny w polu aplikacji Elfsight. <\/b><br> Po zako\u0144czeniu dostosowywania wid\u017cetu skopiuj indywidualny kod z wy\u015bwietlonego wyskakuj\u0105cego okienka i zapisz go do p\u00f3\u017aniejszego wykorzystania. <\/li> <li><b>Rozpocznij korzystanie z narz\u0119dzia na stronie WordPress. <\/b><br> Umie\u015b\u0107 zapisany wcze\u015bniej kod na swojej stronie internetowej i zapisz zmiany. <\/li> <li><b>Gotowe! Integracja zosta\u0142a pomy\u015blnie przeprowadzona. <\/b><br> Wejd\u017a na swoj\u0105 stron\u0119 i sprawd\u017a dzia\u0142anie wtyczki. <\/li><\/ol> <p>Je\u015bli napotkasz jakiekolwiek trudno\u015bci, nie b\u00f3j si\u0119 zwr\u00f3ci\u0107 si\u0119 do naszego personelu obs\u0142ugi klienta. Nasi specjali\u015bci pragn\u0105 rozwi\u0105za\u0107 wszystkie problemy, jakie mo\u017cesz mie\u0107 z widgetem. <\/p><\/div>","protected":false},"excerpt":{"rendered":"","protected":false},"author":9,"featured_media":0,"parent":8254,"menu_order":0,"comment_status":"closed","ping_status":"closed","template":"templates\/template-application-platform.php","meta":{"publish_to_discourse":"","publish_post_category":"","wpdc_auto_publish_overridden":"","wpdc_topic_tags":"","wpdc_pin_topic":"","wpdc_pin_until":"","discourse_post_id":"","discourse_permalink":"","wpdc_publishing_response":"","wpdc_publishing_error":"","footnotes":""},"class_list":["post-9294","page","type-page","status-publish","hentry"],"yoast_head":"<!-- This site is optimized with the Yoast SEO plugin v25.3.1 - https:\/\/yoast.com\/wordpress\/plugins\/seo\/ -->\n<title>Osad\u017a kalkulator w WordPressie \u2013 usprawnij obliczenia na stronie<\/title>\n<meta name=\"description\" content=\"Szybko prezentuj recenzje u\u017cytkownik\u00f3w z Airbnb na swojej stronie internetowej wraz z informacjami o ich autorach, korzystaj\u0105c z wtyczki Airbnb Recenzje dla GoDaddy!\" \/>\n<meta name=\"robots\" content=\"index, follow, max-snippet:-1, max-image-preview:large, max-video-preview:-1\" \/>\n<link rel=\"canonical\" href=\"https:\/\/elfsight.com\/pl\/calculator-form-widget\/wordpress\/\" \/>\n<meta property=\"og:locale\" content=\"pl_PL\" \/>\n<meta property=\"og:type\" content=\"article\" \/>\n<meta property=\"og:title\" content=\"Osad\u017a kalkulator w WordPressie \u2013 usprawnij obliczenia na stronie\" \/>\n<meta property=\"og:description\" content=\"Szybko prezentuj recenzje u\u017cytkownik\u00f3w z Airbnb na swojej stronie internetowej wraz z informacjami o ich autorach, korzystaj\u0105c z wtyczki Airbnb Recenzje dla GoDaddy!\" \/>\n<meta property=\"og:url\" content=\"https:\/\/elfsight.com\/pl\/calculator-form-widget\/wordpress\/\" \/>\n<meta property=\"og:site_name\" content=\"Elfsight PL\" \/>\n<meta property=\"article:modified_time\" content=\"2025-01-27T13:03:12+00:00\" \/>\n<meta name=\"twitter:card\" content=\"summary_large_image\" \/>\n<meta name=\"twitter:label1\" content=\"Szacowany czas czytania\" \/>\n\t<meta name=\"twitter:data1\" content=\"2 minuty\" \/>\n<!-- \/ Yoast SEO plugin. -->","yoast_head_json":{"title":"Osad\u017a kalkulator w WordPressie \u2013 usprawnij obliczenia na stronie","description":"Szybko prezentuj recenzje u\u017cytkownik\u00f3w z Airbnb na swojej stronie internetowej wraz z informacjami o ich autorach, korzystaj\u0105c z wtyczki Airbnb Recenzje dla GoDaddy!","robots":{"index":"index","follow":"follow","max-snippet":"max-snippet:-1","max-image-preview":"max-image-preview:large","max-video-preview":"max-video-preview:-1"},"canonical":"https:\/\/elfsight.com\/pl\/calculator-form-widget\/wordpress\/","og_locale":"pl_PL","og_type":"article","og_title":"Osad\u017a kalkulator w WordPressie \u2013 usprawnij obliczenia na stronie","og_description":"Szybko prezentuj recenzje u\u017cytkownik\u00f3w z Airbnb na swojej stronie internetowej wraz z informacjami o ich autorach, korzystaj\u0105c z wtyczki Airbnb Recenzje dla GoDaddy!","og_url":"https:\/\/elfsight.com\/pl\/calculator-form-widget\/wordpress\/","og_site_name":"Elfsight PL","article_modified_time":"2025-01-27T13:03:12+00:00","twitter_card":"summary_large_image","twitter_misc":{"Szacowany czas czytania":"2 minuty"},"schema":{"@context":"https:\/\/schema.org","@graph":[{"@type":"WebPage","@id":"https:\/\/elfsight.com\/pl\/calculator-form-widget\/wordpress\/","url":"https:\/\/elfsight.com\/pl\/calculator-form-widget\/wordpress\/","name":"Osad\u017a kalkulator w WordPressie \u2013 usprawnij obliczenia na stronie","isPartOf":{"@id":"https:\/\/elfsight.com\/pl\/#website"},"datePublished":"2024-09-30T18:27:29+00:00","dateModified":"2025-01-27T13:03:12+00:00","description":"Szybko prezentuj recenzje u\u017cytkownik\u00f3w z Airbnb na swojej stronie internetowej wraz z informacjami o ich autorach, korzystaj\u0105c z wtyczki Airbnb Recenzje dla GoDaddy!","breadcrumb":{"@id":"https:\/\/elfsight.com\/pl\/calculator-form-widget\/wordpress\/#breadcrumb"},"inLanguage":"pl-PL","potentialAction":[{"@type":"ReadAction","target":["https:\/\/elfsight.com\/pl\/calculator-form-widget\/wordpress\/"]}]},{"@type":"BreadcrumbList","@id":"https:\/\/elfsight.com\/pl\/calculator-form-widget\/wordpress\/#breadcrumb","itemListElement":[{"@type":"ListItem","position":1,"name":"Home","item":"https:\/\/elfsight.com\/pl\/"},{"@type":"ListItem","position":2,"name":"Calculator","item":"https:\/\/elfsight.com\/pl\/calculator-form-widget\/"},{"@type":"ListItem","position":3,"name":"Calculator &#8211; WordPress"}]},{"@type":"WebSite","@id":"https:\/\/elfsight.com\/pl\/#website","url":"https:\/\/elfsight.com\/pl\/","name":"Elfsight PL","description":"Just another Elfsight Sites site","potentialAction":[{"@type":"SearchAction","target":{"@type":"EntryPoint","urlTemplate":"https:\/\/elfsight.com\/pl\/?s={search_term_string}"},"query-input":{"@type":"PropertyValueSpecification","valueRequired":true,"valueName":"search_term_string"}}],"inLanguage":"pl-PL"}]}},"meta_box":{"industry":"","seo_heading":"","heading":"","description":"","cta_heading":"","cta_description":"","application":"9524","h1":"Wtyczka kalkulatora WordPress","h1_caption":"Udost\u0119pnij odwiedzaj\u0105cym niestandardowy kalkulator, oferuj\u0105cy szybkie rozwi\u0105zania dotycz\u0105ce cen, rabat\u00f3w lub oblicze\u0144 ROI w Twojej witrynie WordPress bez wysi\u0142ku.","application_category":[],"applications_title":"","applications_request_title":"","applications_request_button_text":"","hero_text":"","hero_video":"","hero_video_schema_markup":"","selling_points_title":"","selling_points_caption":"","selling_points":[],"selling_points_cta_text":"","features_title":"","features":"","ed_cta_examples_text":"","ed_cta_examples_hidden":"","ed_cta_demo_text":"","ed_cta_demo_hidden":"","why_caption":"","why_editor_title":"","why_editor_text":"","why_team_title":"","why_team_text":"","why_service_title":"","why_service_text":"","template_catalog_visible":"0","template_catalog_title":"","template_catalog_text":"","template_catalog_categories_visible":"","demo_title":"Utw\u00f3rz wtyczk\u0119 Kalkulatora","demo_caption":"Skonfiguruj sw\u00f3j Kalkulator i dodaj go do swojej witryny WordPress za darmo!","default_faq_hidden":"","app_template_category":[],"platform":"31","template_public_id":"","codecanyon_url":"","codecanyon_item_id":"","codecanyon_price":"","pricing_caption":"","pricing_elfsight_apps_hide_column":"","pricing_elfsight_apps_url":"","pricing_codecanyon_price_caption":"","integration_category":[],"integration_request_title":"","integration_request_cta":"","integration_platform":"","integrations":[],"platform_category":[],"video_schema_markup":"","price":"od 0 USD \/ miesi\u0105c","trial":"","benefits":[{"text":"Bezp\u0142atna us\u0142uga monta\u017cu"},{"text":"Skuteczna obs\u0142uga klienta"},{"text":"14-dniowa gwarancja zwrotu pieni\u0119dzy"},{"text":"Regularne bezp\u0142atne aktualizacje"}],"button_url":"#demo","button_target_blank":"0","button_nofollow":"0","attributes":[{"name":"Instaluje","content":"1,000 - 5,001"},{"name":"Czu\u0142y","content":"Tak"},{"name":"Kompatybilne przegl\u0105darki","content":"Firefox, Safari, Opera, Chrome, Edge"}],"tags":[],"tags_disable_links":"0","hide_more_platforms":"","video_object":"","demo_hide_cta":"0","demo_hide_cloud_options":"0","pricing_title":"","pricing":[{"pricing_icon":"platform","pricing_title":"Elfsight Apps","pricing_title_caption":"Rozwi\u0105zanie niezale\u017cne od platformy","pricing_price":"od 0 USD \/ miesi\u0105c","pricing_price_caption":"zacznij od darmowego planu","pricing_benefits":[{"text":"Nielimitowane domeny"},{"text":"Dedykowane i terminowe wsparcie oraz dobrze udokumentowane"},{"text":"Bezp\u0142atna pomoc w instalacji"},{"text":"Elastyczny projekt"}],"pricing_button_text":"Dodaj do witryny","pricing_button_url":"#demo"}],"related_apps_title":"","related_apps_hidden":"0","author":"","image":[],"title":"","job":"","social_networks":[]},"_links":{"self":[{"href":"https:\/\/elfsight.com\/pl\/wp-json\/wp\/v2\/pages\/9294","targetHints":{"allow":["GET"]}}],"collection":[{"href":"https:\/\/elfsight.com\/pl\/wp-json\/wp\/v2\/pages"}],"about":[{"href":"https:\/\/elfsight.com\/pl\/wp-json\/wp\/v2\/types\/page"}],"author":[{"embeddable":true,"href":"https:\/\/elfsight.com\/pl\/wp-json\/wp\/v2\/users\/9"}],"replies":[{"embeddable":true,"href":"https:\/\/elfsight.com\/pl\/wp-json\/wp\/v2\/comments?post=9294"}],"version-history":[{"count":2,"href":"https:\/\/elfsight.com\/pl\/wp-json\/wp\/v2\/pages\/9294\/revisions"}],"predecessor-version":[{"id":9794,"href":"https:\/\/elfsight.com\/pl\/wp-json\/wp\/v2\/pages\/9294\/revisions\/9794"}],"up":[{"embeddable":true,"href":"https:\/\/elfsight.com\/pl\/wp-json\/wp\/v2\/pages\/8254"}],"wp:attachment":[{"href":"https:\/\/elfsight.com\/pl\/wp-json\/wp\/v2\/media?parent=9294"}],"curies":[{"name":"wp","href":"https:\/\/api.w.org\/{rel}","templated":true}]}}