{"id":922,"date":"2020-12-15T14:53:02","date_gmt":"2020-12-15T14:53:02","guid":{"rendered":"https:\/\/elfsight.com\/pl\/?page_id=922"},"modified":"2020-12-15T15:05:00","modified_gmt":"2020-12-15T15:05:00","slug":"examples","status":"publish","type":"page","link":"https:\/\/elfsight.com\/pl\/facebook-chat-widget\/examples\/","title":{"rendered":"Facebook Chat &#8211; Examples"},"content":{"rendered":"\n<div class=\"application-examples-item application-examples-item-loading\">\n                            <div class=\"col-row\">\n                                <div class=\"col-6 col-m-8 col-s-12\"><h3 class=\"application-examples-item-title\">Przyk\u0142ad 1. Og\u00f3lny<\/h3><div class=\"application-examples-item-description\">Popularny wariant czatu, kt\u00f3ry b\u0119dzie pasowa\u0142 do ka\u017cdej witryny. Opcja Floating bubble sprawia, \u017ce jest ona umiarkowana i zawsze widoczna dla odwiedzaj\u0105cych witryn\u0119. W przypadku ikony Bubble wybrana jest oryginalna ikona Facebook Messenger, znana wi\u0119kszo\u015bci ludziom.<\/div><\/div>\n                <\/div>\n\n                <div class=\"application-examples-item-iframe-container browser-frame\">\n                    <div class=\"application-examples-item-iframe-wrapper\">\n                        <iframe class=\"application-examples-item-iframe application-examples-item-iframe-fixed-height\" data-src=\"https:\/\/elfsight.com\/examples?widget_id=6aacc226-32f2-45c4-96bc-101807e07f33&padding=28px+40px+40px\" width=\"100%\" height=\"500px\" allow=\"autoplay; fullscreen\"><\/iframe>\n                    <\/div>\n\n                    <div class=\"application-examples-item-loader\"><\/div>\n                <\/div>\n            <\/div>\n\n<div class=\"application-examples-item application-examples-item-loading\">\n                            <div class=\"col-row\">\n                                <div class=\"col-6 col-m-8 col-s-12\"><h3 class=\"application-examples-item-title\">Przyk\u0142ad 2. Wsparcie<\/h3><div class=\"application-examples-item-description\">Tutaj nag\u0142\u00f3wek okna czatu pokazuje zdj\u0119cie specjalisty pomocy technicznej i typowy czas odpowiedzi, aby ludzie mogli zobaczy\u0107, kiedy powinni spodziewa\u0107 si\u0119 odpowiedzi. To jest fajny praktyczny wariant do zorganizowania kana\u0142u wsparcia.<\/div><\/div>\n                <\/div>\n\n                <div class=\"application-examples-item-iframe-container browser-frame\">\n                    <div class=\"application-examples-item-iframe-wrapper\">\n                        <iframe class=\"application-examples-item-iframe application-examples-item-iframe-fixed-height\" data-src=\"https:\/\/elfsight.com\/examples?widget_id=9fadc140-c793-45e1-a2f6-675ccb8af64e&padding=28px+40px+40px\" width=\"100%\" height=\"500px\" allow=\"autoplay; fullscreen\"><\/iframe>\n                    <\/div>\n\n                    <div class=\"application-examples-item-loader\"><\/div>\n                <\/div>\n            <\/div>\n\n<div class=\"application-examples-item application-examples-item-loading\">\n                            <div class=\"col-row\">\n                                <div class=\"col-6 col-m-8 col-s-12\"><h3 class=\"application-examples-item-title\">Przyk\u0142ad 3. Wyprzeda\u017c<\/h3><div class=\"application-examples-item-description\">Tutaj mo\u017cesz zobaczy\u0107 wiele dostosowa\u0144: czarne t\u0142o nag\u0142\u00f3wka, indywidualny podpis, okre\u015blanie pozycji osoby na czacie i czerwony przycisk Rozpocznij czat z w\u0142asnym tekstem. Skuteczny spos\u00f3b na przyci\u0105gni\u0119cie sprzeda\u017cy za po\u015brednictwem czatu.<\/div><\/div>\n                <\/div>\n\n                <div class=\"application-examples-item-iframe-container browser-frame\">\n                    <div class=\"application-examples-item-iframe-wrapper\">\n                        <iframe class=\"application-examples-item-iframe application-examples-item-iframe-fixed-height\" data-src=\"https:\/\/elfsight.com\/examples?widget_id=7381a5ab-26e5-48fa-a9a8-47b804450fdf&padding=28px+40px+40px\" width=\"100%\" height=\"500px\" allow=\"autoplay; fullscreen\"><\/iframe>\n                    <\/div>\n\n                    <div class=\"application-examples-item-loader\"><\/div>\n                <\/div>\n            <\/div>\n\n<div class=\"application-examples-item application-examples-item-loading\">\n                            <div class=\"col-row\">\n                                <div class=\"col-6 col-m-8 col-s-12\"><h3 class=\"application-examples-item-title\">Przyk\u0142ad 4. Rezerwacja<\/h3><div class=\"application-examples-item-description\">Nag\u0142\u00f3wek czatu i dymek maj\u0105 kolor niebieski, aby pasowa\u0142y do koncepcji kolorystycznej Twojej witryny. Wiadomo\u015b\u0107 powitalna zawiera unikalny tekst oferuj\u0105cy us\u0142ugi rezerwacji. Dymek czatu ma ikon\u0119 rezerwacji i wezwanie do dzia\u0142ania.<\/div><\/div>\n                <\/div>\n\n                <div class=\"application-examples-item-iframe-container browser-frame\">\n                    <div class=\"application-examples-item-iframe-wrapper\">\n                        <iframe class=\"application-examples-item-iframe application-examples-item-iframe-fixed-height\" data-src=\"https:\/\/elfsight.com\/examples?widget_id=2f3c1204-3c6d-46ef-92d9-2e9b2d573c2e&padding=28px+40px+40px\" width=\"100%\" height=\"500px\" allow=\"autoplay; fullscreen\"><\/iframe>\n                    <\/div>\n\n                    <div class=\"application-examples-item-loader\"><\/div>\n                <\/div>\n            <\/div>\n\n<div class=\"application-cta-create\">\n                    <div class=\"application-cta-create-bg\">\n                        <div class=\"application-cta-create-bg-left\"><\/div>\n\n                        <div class=\"application-cta-create-bg-right\">\n                            <img decoding=\"async\" src=\"https:\/\/elfsight.com\/pl\/wp-content\/themes\/elfsight\/frontend\/assets\/img\/application-cta-create.jpg\" alt=\"Zacznij od stworzenia swojego wid\u017cetu\">\n                        <\/div>\n                    <\/div>\n\n                    <div class=\"application-cta-create-content inner\">\n                        <div class=\"application-cta-create-content-inner\">\n                            <div class=\"application-cta-create-content-icon\">\n                                <svg viewBox=\"0 0 25 25\" width=\"100%\" height=\"100%\">\n                                    <use xlink:href=\"#icon-settings\"><\/use>\n                                <\/svg>\n                            <\/div>\n\n                            <div class=\"application-cta-create-content-title\">Zacznij od stworzenia swojego wid\u017cetu<\/div>\n\n                            <div class=\"application-cta-create-content-text\">Szybko. \u0141atwo. Bez kodowania.<\/div>\n\n                            <a class=\"application-cta-create-content-button button-48 button-has-right-icon button-black button\" href=\"\">\n                                <span class=\"button-label\">Utw\u00f3rz wid\u017cet<\/span>\n\n                                <svg class=\"button-icon\">\n                                    <use xlink:href=\"#icon-arrow-link\"><\/use>\n                                <\/svg>\n                            <\/a>\n                        <\/div>\n                    <\/div>\n                <\/div>\n\n<div class=\"application-examples-item application-examples-item-loading\">\n                            <div class=\"col-row\">\n                                <div class=\"col-6 col-m-8 col-s-12\"><h3 class=\"application-examples-item-title\">Przyk\u0142ad 5. Feedback<\/h3><div class=\"application-examples-item-description\">Szablon Floating Bubble z niestandardow\u0105 ikon\u0105 i tekstem. Rozwija si\u0119 do okna czatu, pokazuj\u0105c zdj\u0119cie mened\u017cera z biblioteki wid\u017ceta i wiadomo\u015b\u0107 powitaln\u0105, kt\u00f3ra delikatnie prosi odwiedzaj\u0105cych o opini\u0119. Jest to jest mi\u0119kki i skuteczny spos\u00f3b zbierania informacji zwrotnych.<\/div><\/div>\n                <\/div>\n\n                <div class=\"application-examples-item-iframe-container browser-frame\">\n                    <div class=\"application-examples-item-iframe-wrapper\">\n                        <iframe class=\"application-examples-item-iframe application-examples-item-iframe-fixed-height\" data-src=\"https:\/\/elfsight.com\/examples?widget_id=721b7229-5859-4865-9ac7-31467e1a5389&padding=28px+40px+40px\" width=\"100%\" height=\"500px\" allow=\"autoplay; fullscreen\"><\/iframe>\n                    <\/div>\n\n                    <div class=\"application-examples-item-loader\"><\/div>\n                <\/div>\n            <\/div>\n\n<div class=\"application-examples-item application-examples-item-loading\">\n                            <div class=\"col-row\">\n                                <div class=\"col-6 col-m-8 col-s-12\"><h3 class=\"application-examples-item-title\">Przyk\u0142ad 6. Wprowadzanie u\u017cytkownik\u00f3w<\/h3><div class=\"application-examples-item-description\">HTutaj u\u017cytkownicy widz\u0105 ma\u0142\u0105, ale jasn\u0105 ikon\u0119 z now\u0105 plakietk\u0105 wiadomo\u015bci. Po klikni\u0119ciu ikona pokazuje okno czatu z logo firmy i nazw\u0105. Wiadomo\u015b\u0107 powitalna zach\u0119ca u\u017cytkownik\u00f3w do zapoznania si\u0119 z produktem i zach\u0119ca do rozpocz\u0119cia rozmowy.<\/div><\/div>\n                <\/div>\n\n                <div class=\"application-examples-item-iframe-container browser-frame\">\n                    <div class=\"application-examples-item-iframe-wrapper\">\n                        <iframe class=\"application-examples-item-iframe application-examples-item-iframe-fixed-height\" data-src=\"https:\/\/elfsight.com\/examples?widget_id=f036922b-c9dd-4394-a174-88f336d580a0&padding=28px+40px+40px\" width=\"100%\" height=\"500px\" allow=\"autoplay; fullscreen\"><\/iframe>\n                    <\/div>\n\n                    <div class=\"application-examples-item-loader\"><\/div>\n                <\/div>\n            <\/div>\n\n<div class=\"application-examples-item application-examples-item-loading\">\n                            <div class=\"col-row\">\n                                <div class=\"col-6 col-m-8 col-s-12\"><h3 class=\"application-examples-item-title\">Przyk\u0142ad 7. Doradztwo<\/h3><div class=\"application-examples-item-description\">Oto, jak mo\u017cesz doradzi\u0107 klientom w sprawie swoich ofert. Zgrabne okno czatu z nazwiskiem i zdj\u0119ciem eksperta pokazuje wiadomo\u015b\u0107, kt\u00f3ra oferuje pomoc w wyborze mi\u0119dzy ofertami. Zastosowane s\u0105 w\u0142asne kolory t\u0142a i przycisku.<\/div><\/div>\n                <\/div>\n\n                <div class=\"application-examples-item-iframe-container browser-frame\">\n                    <div class=\"application-examples-item-iframe-wrapper\">\n                        <iframe class=\"application-examples-item-iframe application-examples-item-iframe-fixed-height\" data-src=\"https:\/\/elfsight.com\/examples?widget_id=982d4307-668d-4e06-ac1a-e2aead501a50&padding=28px+40px+40px\" width=\"100%\" height=\"500px\" allow=\"autoplay; fullscreen\"><\/iframe>\n                    <\/div>\n\n                    <div class=\"application-examples-item-loader\"><\/div>\n                <\/div>\n            <\/div>\n\n<div class=\"application-examples-item application-examples-item-loading\">\n                            <div class=\"col-row\">\n                                <div class=\"col-6 col-m-8 col-s-12\"><h3 class=\"application-examples-item-title\">Przyk\u0142ad 8.  Osadzony przycisk czatu<\/h3><div class=\"application-examples-item-description\">Przycisk czatu jest tutaj osadzony w obszarze zawarto\u015bci strony. Jest to ma\u0142a rozwijana ikona, kt\u00f3ra nie koliduje z tre\u015bci\u0105. Jednak sprawia, \u017ce korzystanie z czatu jest bardzo przydatne.<\/div><\/div>\n                <\/div>\n\n                <div class=\"application-examples-item-iframe-container browser-frame\">\n                    <div class=\"application-examples-item-iframe-wrapper\">\n                        <iframe class=\"application-examples-item-iframe application-examples-item-iframe-fixed-height\" data-src=\"https:\/\/elfsight.com\/examples?widget_id=1cc262be-95cc-4af4-96da-db6fd891d1e1&padding=28px+40px+40px\" width=\"100%\" height=\"500px\" allow=\"autoplay; fullscreen\"><\/iframe>\n                    <\/div>\n\n                    <div class=\"application-examples-item-loader\"><\/div>\n                <\/div>\n            <\/div>\n\n<div class=\"application-examples-item application-examples-item-loading\">\n                            <div class=\"col-row\">\n                                <div class=\"col-6 col-m-8 col-s-12\"><h3 class=\"application-examples-item-title\">Przyk\u0142ad 9. Osadzone okienko czatu<\/h3><div class=\"application-examples-item-description\">Okno czatu osadzone na stronie. To dobry wariant, je\u015bli chcesz zebra\u0107 jak najwi\u0119cej po\u0142\u0105cze\u0144. Okno jest nie do przeoczenia, a wiadomo\u015b\u0107 powitalna pomaga w rozpocz\u0119ciu komunikacji.<\/div><\/div>\n                <\/div>\n\n                <div class=\"application-examples-item-iframe-container browser-frame\">\n                    <div class=\"application-examples-item-iframe-wrapper\">\n                        <iframe class=\"application-examples-item-iframe application-examples-item-iframe-fixed-height\" data-src=\"https:\/\/elfsight.com\/examples?widget_id=3ea3fd53-28a4-47b3-adb4-040a61f42d29&padding=28px+40px+40px\" width=\"100%\" height=\"500px\" allow=\"autoplay; fullscreen\"><\/iframe>\n                    <\/div>\n\n                    <div class=\"application-examples-item-loader\"><\/div>\n                <\/div>\n            <\/div>\n","protected":false},"excerpt":{"rendered":"","protected":false},"author":13,"featured_media":0,"parent":898,"menu_order":0,"comment_status":"closed","ping_status":"closed","template":"templates\/template-application-examples.php","meta":{"publish_to_discourse":"","publish_post_category":"","wpdc_auto_publish_overridden":"","wpdc_topic_tags":"","wpdc_pin_topic":"","wpdc_pin_until":"","discourse_post_id":"","discourse_permalink":"","wpdc_publishing_response":"","wpdc_publishing_error":"","footnotes":""},"class_list":["post-922","page","type-page","status-publish","hentry"],"yoast_head":"<!-- This site is optimized with the Yoast SEO plugin v25.3.1 - https:\/\/yoast.com\/wordpress\/plugins\/seo\/ -->\n<title>Najlepsze przyk\u0142ady wid\u017ceta Czat Facebook na stronie (Prezentacja)<\/title>\n<meta name=\"description\" content=\"TOP 9 Przyk\u0142ad\u00f3w Facebook Czata: Og\u00f3lny, Rezerwacja, Wsparcie, Przycisk\/Okno itp. Pr\u00f3bny widget Facebook Massengera dla strony internetowej.\" \/>\n<meta name=\"robots\" content=\"index, follow, max-snippet:-1, max-image-preview:large, max-video-preview:-1\" \/>\n<link rel=\"canonical\" href=\"https:\/\/elfsight.com\/pl\/facebook-chat-widget\/examples\/\" \/>\n<meta property=\"og:locale\" content=\"pl_PL\" \/>\n<meta property=\"og:type\" content=\"article\" \/>\n<meta property=\"og:title\" content=\"Najlepsze przyk\u0142ady wid\u017ceta Czat Facebook na stronie (Prezentacja)\" \/>\n<meta property=\"og:description\" content=\"TOP 9 Przyk\u0142ad\u00f3w Facebook Czata: Og\u00f3lny, Rezerwacja, Wsparcie, Przycisk\/Okno itp. Pr\u00f3bny widget Facebook Massengera dla strony internetowej.\" \/>\n<meta property=\"og:url\" content=\"https:\/\/elfsight.com\/pl\/facebook-chat-widget\/examples\/\" \/>\n<meta property=\"og:site_name\" content=\"Elfsight PL\" \/>\n<meta property=\"article:modified_time\" content=\"2020-12-15T15:05:00+00:00\" \/>\n<meta name=\"twitter:card\" content=\"summary_large_image\" \/>\n<meta name=\"twitter:label1\" content=\"Szacowany czas czytania\" \/>\n\t<meta name=\"twitter:data1\" content=\"3 minuty\" \/>\n<!-- \/ Yoast SEO plugin. -->","yoast_head_json":{"title":"Najlepsze przyk\u0142ady wid\u017ceta Czat Facebook na stronie (Prezentacja)","description":"TOP 9 Przyk\u0142ad\u00f3w Facebook Czata: Og\u00f3lny, Rezerwacja, Wsparcie, Przycisk\/Okno itp. Pr\u00f3bny widget Facebook Massengera dla strony internetowej.","robots":{"index":"index","follow":"follow","max-snippet":"max-snippet:-1","max-image-preview":"max-image-preview:large","max-video-preview":"max-video-preview:-1"},"canonical":"https:\/\/elfsight.com\/pl\/facebook-chat-widget\/examples\/","og_locale":"pl_PL","og_type":"article","og_title":"Najlepsze przyk\u0142ady wid\u017ceta Czat Facebook na stronie (Prezentacja)","og_description":"TOP 9 Przyk\u0142ad\u00f3w Facebook Czata: Og\u00f3lny, Rezerwacja, Wsparcie, Przycisk\/Okno itp. Pr\u00f3bny widget Facebook Massengera dla strony internetowej.","og_url":"https:\/\/elfsight.com\/pl\/facebook-chat-widget\/examples\/","og_site_name":"Elfsight PL","article_modified_time":"2020-12-15T15:05:00+00:00","twitter_card":"summary_large_image","twitter_misc":{"Szacowany czas czytania":"3 minuty"},"schema":{"@context":"https:\/\/schema.org","@graph":[{"@type":"WebPage","@id":"https:\/\/elfsight.com\/pl\/facebook-chat-widget\/examples\/","url":"https:\/\/elfsight.com\/pl\/facebook-chat-widget\/examples\/","name":"Najlepsze przyk\u0142ady wid\u017ceta Czat Facebook na stronie (Prezentacja)","isPartOf":{"@id":"https:\/\/elfsight.com\/pl\/#website"},"datePublished":"2020-12-15T14:53:02+00:00","dateModified":"2020-12-15T15:05:00+00:00","description":"TOP 9 Przyk\u0142ad\u00f3w Facebook Czata: Og\u00f3lny, Rezerwacja, Wsparcie, Przycisk\/Okno itp. Pr\u00f3bny widget Facebook Massengera dla strony internetowej.","breadcrumb":{"@id":"https:\/\/elfsight.com\/pl\/facebook-chat-widget\/examples\/#breadcrumb"},"inLanguage":"pl-PL","potentialAction":[{"@type":"ReadAction","target":["https:\/\/elfsight.com\/pl\/facebook-chat-widget\/examples\/"]}]},{"@type":"BreadcrumbList","@id":"https:\/\/elfsight.com\/pl\/facebook-chat-widget\/examples\/#breadcrumb","itemListElement":[{"@type":"ListItem","position":1,"name":"Home","item":"https:\/\/elfsight.com\/pl\/"},{"@type":"ListItem","position":2,"name":"Facebook Chat","item":"https:\/\/elfsight.com\/pl\/facebook-chat-widget\/"},{"@type":"ListItem","position":3,"name":"Facebook Chat &#8211; Examples"}]},{"@type":"WebSite","@id":"https:\/\/elfsight.com\/pl\/#website","url":"https:\/\/elfsight.com\/pl\/","name":"Elfsight PL","description":"Just another Elfsight Sites site","potentialAction":[{"@type":"SearchAction","target":{"@type":"EntryPoint","urlTemplate":"https:\/\/elfsight.com\/pl\/?s={search_term_string}"},"query-input":{"@type":"PropertyValueSpecification","valueRequired":true,"valueName":"search_term_string"}}],"inLanguage":"pl-PL"}]}},"meta_box":{"industry":"","seo_heading":"","heading":"","description":"","cta_heading":"","cta_description":"","application":"897","h1":"","h1_caption":"","application_category":[],"applications_title":"","applications_request_title":"","applications_request_button_text":"","hero_text":"","hero_video":"","hero_video_schema_markup":"","selling_points_title":"","selling_points_caption":"","selling_points":[],"selling_points_cta_text":"","features_title":"","features":"","ed_cta_examples_text":"","ed_cta_examples_hidden":"","ed_cta_demo_text":"","ed_cta_demo_hidden":"","why_caption":"","why_editor_title":"","why_editor_text":"","why_team_title":"","why_team_text":"","why_service_title":"","why_service_text":"","template_catalog_visible":"","template_catalog_title":"","template_catalog_text":"","template_catalog_categories_visible":"","demo_title":"","demo_caption":"","default_faq_hidden":"","app_template_category":[],"platform":"","template_public_id":"","codecanyon_url":"","codecanyon_item_id":"","codecanyon_price":"","pricing_caption":"","pricing_elfsight_apps_hide_column":"","pricing_elfsight_apps_url":"","pricing_codecanyon_price_caption":"","integration_category":[],"integration_request_title":"","integration_request_cta":"","integration_platform":"","integrations":[],"platform_category":[],"video_schema_markup":"","price":"","trial":"","benefits":[],"button_url":"","button_target_blank":"","button_nofollow":"","attributes":[],"tags":[],"tags_disable_links":"","hide_more_platforms":"","video_object":"","demo_hide_cta":"","demo_hide_cloud_options":"","pricing_title":"","pricing":[],"related_apps_title":"","related_apps_hidden":"","author":"","image":[],"title":"","job":"","social_networks":[]},"_links":{"self":[{"href":"https:\/\/elfsight.com\/pl\/wp-json\/wp\/v2\/pages\/922","targetHints":{"allow":["GET"]}}],"collection":[{"href":"https:\/\/elfsight.com\/pl\/wp-json\/wp\/v2\/pages"}],"about":[{"href":"https:\/\/elfsight.com\/pl\/wp-json\/wp\/v2\/types\/page"}],"author":[{"embeddable":true,"href":"https:\/\/elfsight.com\/pl\/wp-json\/wp\/v2\/users\/13"}],"replies":[{"embeddable":true,"href":"https:\/\/elfsight.com\/pl\/wp-json\/wp\/v2\/comments?post=922"}],"version-history":[{"count":6,"href":"https:\/\/elfsight.com\/pl\/wp-json\/wp\/v2\/pages\/922\/revisions"}],"predecessor-version":[{"id":928,"href":"https:\/\/elfsight.com\/pl\/wp-json\/wp\/v2\/pages\/922\/revisions\/928"}],"up":[{"embeddable":true,"href":"https:\/\/elfsight.com\/pl\/wp-json\/wp\/v2\/pages\/898"}],"wp:attachment":[{"href":"https:\/\/elfsight.com\/pl\/wp-json\/wp\/v2\/media?parent=922"}],"curies":[{"name":"wp","href":"https:\/\/api.w.org\/{rel}","templated":true}]}}