{"id":8853,"date":"2024-04-15T10:20:29","date_gmt":"2024-04-15T10:20:29","guid":{"rendered":"https:\/\/elfsight.com\/pl\/?page_id=8853"},"modified":"2024-12-25T10:35:14","modified_gmt":"2024-12-25T10:35:14","slug":"drupal","status":"publish","type":"page","link":"https:\/\/elfsight.com\/pl\/calculator-form-widget\/drupal\/","title":{"rendered":"Calculator &#8211; Drupal"},"content":{"rendered":"<div class=\"application-platform-content-item-description application-platform-content-item\" id=\"description\" data-nav-section=\"description\">  <h2>Wstaw kalkulator do Drupala za pomoc\u0105 modu\u0142u Elfsight<\/h2> <p>Widget kalkulatora daje u\u017cytkownikom Twojej strony internetowej mo\u017cliwo\u015b\u0107 planowania koszt\u00f3w, tras podr\u00f3\u017cy, proporcji do gotowania i wielu innych rzeczy zale\u017cnych od Twojej bran\u017cy. Mo\u017cesz doda\u0107 wymagane pola i dodatkowe opcje do tego osadzonego widgetu, aby u\u017cytkownicy mogli zobaczy\u0107 korzy\u015bci bez opuszczania strony. Funkcja logiki warunkowej pomaga wymy\u015bli\u0107 uniwersalne wzorce dla Twojego scenariusza i ka\u017cdego klienta.<\/p><p>Elementy dostosowalne, takie jak pola wyboru, suwaki i listy rozwijane pozwalaj\u0105 na dodanie dowolnego aspektu ustalania ceny dla r\u00f3\u017cnych ofert. Na przyk\u0142ad, mo\u017cesz obliczy\u0107 kredyty z okre\u015blonym oprocentowaniem na wymagany czas. Mo\u017cesz zaoferowa\u0107 wynajem samochod\u00f3w z wieloma dodatkowymi opcjami do wyboru. Ponadto, kalkulator mo\u017ce zaplanowa\u0107 podr\u00f3\u017c marze\u0144, uwzgl\u0119dniaj\u0105c przeloty, zakwaterowanie i najlepsze wydarzenia.<\/p><p><b>Odwiedzaj\u0105cy Twoj\u0105 stron\u0119 doceni\u0105 doskona\u0142e do\u015bwiadczenie kalkulacji, dzi\u0119ki zaawansowanemu widgetowi licz\u0105cemu!<\/b><\/p><\/div> <div class=\"application-platform-content-item-features application-platform-content-item\" id=\"features\" data-nav-section=\"features\"> <h2>Oto kluczowe funkcje widgetu:<\/h2> <ul><li>Rozwi\u0105zanie z przejrzystym interfejsem, kt\u00f3re obs\u0142uguje ka\u017cdy typ oblicze\u0144<\/li><li>Wielokrotne rozwi\u0105zania p\u00f3l obliczeniowych dla r\u00f3\u017cnych pomys\u0142\u00f3w<\/li><li>Funkcja logiki warunkowej, kt\u00f3ra umo\u017cliwia dok\u0142adne obliczenia<\/li><li>Dostosowywalne szablony, kt\u00f3re u\u0142atwiaj\u0105 pocz\u0105tek<\/li><li>Zintegrowane rozwi\u0105zanie wspieraj\u0105ce podejmowanie decyzji<\/li><\/ul><p><a href=\"#demo\">Mo\u017cesz zapozna\u0107 si\u0119 z pe\u0142nymi mo\u017cliwo\u015bciami widgetu w demo tutaj<\/a><\/p><\/div> <div class=\"application-platform-content-item-installation application-platform-content-item\" id=\"installation\" data-nav-section=\"installation\"> <h2>Jak wstawi\u0107 kalkulator do mojej strony Drupal?<\/h2> <p>Wystarczy wykona\u0107 poni\u017csze kroki, aby zacz\u0105\u0107 korzysta\u0107 z widgetu.<\/p> <ol><li><b>Skorzystaj z naszego darmowego edytora i zacznij tworzy\u0107 sw\u00f3j spersonalizowany instrument.<\/b><br> Wybierz projekt i aspekty wtyczki, a nast\u0119pnie zapisz zmiany.<\/li>  <li><b>Uzyskaj unikalny kod, kt\u00f3ry pojawi si\u0119 w oknie na Elfsight Apps.<\/b><br> Po zako\u0144czeniu konfiguracji swojego widgetu, skopiuj kod z okna, kt\u00f3re si\u0119 pojawi, i zachowaj go na przysz\u0142o\u015b\u0107.<\/li>  <li><b>Rozpocznij u\u017cywanie narz\u0119dzia na swojej stronie Drupal.<\/b><br> Wstaw zapisany kod na stronie i zastosuj zmiany.<\/li>  <li><b>Instalacja zako\u0144czona pomy\u015blnie.<\/b><br> Przejd\u017a do swojej strony, aby sprawdzi\u0107 dzia\u0142anie wtyczki.<\/li><\/ol> <p>Je\u015bli napotkasz jakiekolwiek trudno\u015bci, nie wahaj si\u0119 skontaktowa\u0107 z nasz\u0105 obs\u0142ug\u0105 klienta. Nasi konsultanci ch\u0119tnie pomog\u0105 Ci rozwi\u0105za\u0107 wszystkie problemy zwi\u0105zane z widgetem.<\/p><\/div> ","protected":false},"excerpt":{"rendered":"","protected":false},"author":9,"featured_media":0,"parent":8254,"menu_order":0,"comment_status":"closed","ping_status":"closed","template":"templates\/template-application-platform.php","meta":{"publish_to_discourse":"","publish_post_category":"","wpdc_auto_publish_overridden":"","wpdc_topic_tags":"","wpdc_pin_topic":"","wpdc_pin_until":"","discourse_post_id":"","discourse_permalink":"","wpdc_publishing_response":"","wpdc_publishing_error":"","footnotes":""},"class_list":["post-8853","page","type-page","status-publish","hentry"],"yoast_head":"<!-- This site is optimized with the Yoast SEO plugin v25.3.1 - https:\/\/yoast.com\/wordpress\/plugins\/seo\/ -->\n<title>IntegracjaKalkulatoraZDrupal-UlepszProcesLiczeniaOnline<\/title>\n<meta name=\"description\" content=\"Porad\u017asobiezwielokrokowymliczeniemu\u017cywaj\u0105cKalkulatoraukierowanego doklienta.ZbadajczystewersjodemoodElfsight,abystworzy\u0107pot\u0119\u017cnywidget.\" \/>\n<meta name=\"robots\" content=\"index, follow, max-snippet:-1, max-image-preview:large, max-video-preview:-1\" \/>\n<link rel=\"canonical\" href=\"https:\/\/elfsight.com\/pl\/calculator-form-widget\/drupal\/\" \/>\n<meta property=\"og:locale\" content=\"pl_PL\" \/>\n<meta property=\"og:type\" content=\"article\" \/>\n<meta property=\"og:title\" content=\"IntegracjaKalkulatoraZDrupal-UlepszProcesLiczeniaOnline\" \/>\n<meta property=\"og:description\" content=\"Porad\u017asobiezwielokrokowymliczeniemu\u017cywaj\u0105cKalkulatoraukierowanego doklienta.ZbadajczystewersjodemoodElfsight,abystworzy\u0107pot\u0119\u017cnywidget.\" \/>\n<meta property=\"og:url\" content=\"https:\/\/elfsight.com\/pl\/calculator-form-widget\/drupal\/\" \/>\n<meta property=\"og:site_name\" content=\"Elfsight PL\" \/>\n<meta property=\"article:modified_time\" content=\"2024-12-25T10:35:14+00:00\" \/>\n<meta name=\"twitter:card\" content=\"summary_large_image\" \/>\n<meta name=\"twitter:label1\" content=\"Szacowany czas czytania\" \/>\n\t<meta name=\"twitter:data1\" content=\"2 minuty\" \/>\n<!-- \/ Yoast SEO plugin. -->","yoast_head_json":{"title":"IntegracjaKalkulatoraZDrupal-UlepszProcesLiczeniaOnline","description":"Porad\u017asobiezwielokrokowymliczeniemu\u017cywaj\u0105cKalkulatoraukierowanego doklienta.ZbadajczystewersjodemoodElfsight,abystworzy\u0107pot\u0119\u017cnywidget.","robots":{"index":"index","follow":"follow","max-snippet":"max-snippet:-1","max-image-preview":"max-image-preview:large","max-video-preview":"max-video-preview:-1"},"canonical":"https:\/\/elfsight.com\/pl\/calculator-form-widget\/drupal\/","og_locale":"pl_PL","og_type":"article","og_title":"IntegracjaKalkulatoraZDrupal-UlepszProcesLiczeniaOnline","og_description":"Porad\u017asobiezwielokrokowymliczeniemu\u017cywaj\u0105cKalkulatoraukierowanego doklienta.ZbadajczystewersjodemoodElfsight,abystworzy\u0107pot\u0119\u017cnywidget.","og_url":"https:\/\/elfsight.com\/pl\/calculator-form-widget\/drupal\/","og_site_name":"Elfsight PL","article_modified_time":"2024-12-25T10:35:14+00:00","twitter_card":"summary_large_image","twitter_misc":{"Szacowany czas czytania":"2 minuty"},"schema":{"@context":"https:\/\/schema.org","@graph":[{"@type":"WebPage","@id":"https:\/\/elfsight.com\/pl\/calculator-form-widget\/drupal\/","url":"https:\/\/elfsight.com\/pl\/calculator-form-widget\/drupal\/","name":"IntegracjaKalkulatoraZDrupal-UlepszProcesLiczeniaOnline","isPartOf":{"@id":"https:\/\/elfsight.com\/pl\/#website"},"datePublished":"2024-04-15T10:20:29+00:00","dateModified":"2024-12-25T10:35:14+00:00","description":"Porad\u017asobiezwielokrokowymliczeniemu\u017cywaj\u0105cKalkulatoraukierowanego doklienta.ZbadajczystewersjodemoodElfsight,abystworzy\u0107pot\u0119\u017cnywidget.","breadcrumb":{"@id":"https:\/\/elfsight.com\/pl\/calculator-form-widget\/drupal\/#breadcrumb"},"inLanguage":"pl-PL","potentialAction":[{"@type":"ReadAction","target":["https:\/\/elfsight.com\/pl\/calculator-form-widget\/drupal\/"]}]},{"@type":"BreadcrumbList","@id":"https:\/\/elfsight.com\/pl\/calculator-form-widget\/drupal\/#breadcrumb","itemListElement":[{"@type":"ListItem","position":1,"name":"Home","item":"https:\/\/elfsight.com\/pl\/"},{"@type":"ListItem","position":2,"name":"Calculator","item":"https:\/\/elfsight.com\/pl\/calculator-form-widget\/"},{"@type":"ListItem","position":3,"name":"Calculator &#8211; Drupal"}]},{"@type":"WebSite","@id":"https:\/\/elfsight.com\/pl\/#website","url":"https:\/\/elfsight.com\/pl\/","name":"Elfsight PL","description":"Just another Elfsight Sites site","potentialAction":[{"@type":"SearchAction","target":{"@type":"EntryPoint","urlTemplate":"https:\/\/elfsight.com\/pl\/?s={search_term_string}"},"query-input":{"@type":"PropertyValueSpecification","valueRequired":true,"valueName":"search_term_string"}}],"inLanguage":"pl-PL"}]}},"meta_box":{"industry":"","seo_heading":"","heading":"","description":"","cta_heading":"","cta_description":"","application":"9524","h1":"Drupal Kalkulator Module","h1_caption":"","application_category":[],"applications_title":"","applications_request_title":"","applications_request_button_text":"","hero_text":"","hero_video":"","hero_video_schema_markup":"","selling_points_title":"","selling_points_caption":"","selling_points":[],"selling_points_cta_text":"","features_title":"","features":"","ed_cta_examples_text":"","ed_cta_examples_hidden":"","ed_cta_demo_text":"","ed_cta_demo_hidden":"","why_caption":"","why_editor_title":"","why_editor_text":"","why_team_title":"","why_team_text":"","why_service_title":"","why_service_text":"","template_catalog_visible":"0","template_catalog_title":"","template_catalog_text":"","template_catalog_categories_visible":"","demo_title":"Stw\u00f3rzsw\u00f3jmodu\u0142Kalkulatora","demo_caption":"Skonfigurujsw\u00f3jKalkulatoraiDodajgoDoTwojejstronyDrupalzaDarmo!","default_faq_hidden":"","app_template_category":[],"platform":"47","template_public_id":"","codecanyon_url":"","codecanyon_item_id":"","codecanyon_price":"","pricing_caption":"","pricing_elfsight_apps_hide_column":"","pricing_elfsight_apps_url":"","pricing_codecanyon_price_caption":"","integration_category":[],"integration_request_title":"","integration_request_cta":"","integration_platform":"","integrations":[],"platform_category":[],"video_schema_markup":"","price":"od $ 0\/miesi\u0105c","trial":"","benefits":[{"text":"Bezp\u0142atnahelpoinstalacji"},{"text":"Profesjonalnaserwisklienta"},{"text":"14-dniowagarancjazwrotu"},{"text":"Regularneulepszenia"},{"text":""}],"button_url":"#demo","button_target_blank":"0","button_nofollow":"0","attributes":[{"name":"Instalacje","content":"50,000 - 100,000"},{"name":"Responsywny","content":"Tak"},{"name":"Kompatybilneprzegl\u0105darki","content":"Firefox, Safari, Opera, Chrome, Edge"}],"tags":[],"tags_disable_links":"0","hide_more_platforms":"","video_object":"","demo_hide_cta":"0","demo_hide_cloud_options":"0","pricing_title":"","pricing":[{"pricing_icon":"platform","pricing_title":"Elfsight Apps","pricing_title_caption":"Wersja wieloplatformowa, kt\u00f3ra dzia\u0142a na ka\u017cdej stronie","pricing_price":"od$0\/miesi\u0105c","pricing_price_caption":"Zacznijoddarmowego_planu","pricing_benefits":[{"text":"Nieograniczonedomeny"},{"text":"Premiumi terminowewsparciei dobrzeudokumentowane"},{"text":"Bezp\u0142atnapomocinstalacyjna"},{"text":"W pe\u0142ni dostosowywalny"}],"pricing_button_text":"Dodajdo strony","pricing_button_url":"#demo"}],"related_apps_title":"","related_apps_hidden":"0","author":"","image":[],"title":"","job":"","social_networks":[]},"_links":{"self":[{"href":"https:\/\/elfsight.com\/pl\/wp-json\/wp\/v2\/pages\/8853","targetHints":{"allow":["GET"]}}],"collection":[{"href":"https:\/\/elfsight.com\/pl\/wp-json\/wp\/v2\/pages"}],"about":[{"href":"https:\/\/elfsight.com\/pl\/wp-json\/wp\/v2\/types\/page"}],"author":[{"embeddable":true,"href":"https:\/\/elfsight.com\/pl\/wp-json\/wp\/v2\/users\/9"}],"replies":[{"embeddable":true,"href":"https:\/\/elfsight.com\/pl\/wp-json\/wp\/v2\/comments?post=8853"}],"version-history":[{"count":2,"href":"https:\/\/elfsight.com\/pl\/wp-json\/wp\/v2\/pages\/8853\/revisions"}],"predecessor-version":[{"id":9642,"href":"https:\/\/elfsight.com\/pl\/wp-json\/wp\/v2\/pages\/8853\/revisions\/9642"}],"up":[{"embeddable":true,"href":"https:\/\/elfsight.com\/pl\/wp-json\/wp\/v2\/pages\/8254"}],"wp:attachment":[{"href":"https:\/\/elfsight.com\/pl\/wp-json\/wp\/v2\/media?parent=8853"}],"curies":[{"name":"wp","href":"https:\/\/api.w.org\/{rel}","templated":true}]}}