{"id":8848,"date":"2024-04-15T10:35:01","date_gmt":"2024-04-15T10:35:01","guid":{"rendered":"https:\/\/elfsight.com\/pl\/?page_id=8848"},"modified":"2024-12-25T10:58:07","modified_gmt":"2024-12-25T10:58:07","slug":"squarespace","status":"publish","type":"page","link":"https:\/\/elfsight.com\/pl\/calculator-form-widget\/squarespace\/","title":{"rendered":"Calculator &#8211; Squarespace"},"content":{"rendered":"<div class=\"application-platform-content-item-description application-platform-content-item\" id=\"description\" data-nav-section=\"description\">  <h2>Wstaw kalkulator do Squarespace za pomoc\u0105 wtyczki Elfsight<\/h2> <p>Widget kalkulatora daje u\u017cytkownikom Twojej strony mo\u017cliwo\u015b\u0107 planowania wydatk\u00f3w, tras podr\u00f3\u017cy, proporcji gotowania i wielu innych rzeczy zwi\u0105zanych z Twoj\u0105 bran\u017c\u0105. Mo\u017cna doda\u0107 okre\u015blone pola i dodatkowe opcje do tego widgetu na stronie, aby odwiedzaj\u0105cy mogli analizowa\u0107 swoje korzy\u015bci bez opuszczania zak\u0142adki. Funkcja logiki warunkowej pozwala tworzy\u0107 uniwersalne wzorce dla dowolnych scenariuszy i ka\u017cdego u\u017cytkownika.<\/p><p>Elementy do personalizacji, takie jak pola wyboru, suwaki i menu rozwijane, pozwalaj\u0105 na wprowadzenie dowolnego wzorca ustalania ceny dla wybranych produkt\u00f3w. Na przyk\u0142ad, mo\u017cesz obliczy\u0107 kredyty z okre\u015blonym oprocentowaniem na rozs\u0105dny okres czasu. Mo\u017cesz zaoferowa\u0107 wynajem samochod\u00f3w z wieloma dodatkowymi opcjami do wyboru. Kalkulator jest r\u00f3wnie\u017c w stanie zaplanowa\u0107 podr\u00f3\u017c marze\u0144, uwzgl\u0119dniaj\u0105c przeloty, zakwaterowanie i najlepsze atrakcje.<\/p><p><b>Zapewnij swoim odwiedzaj\u0105cym solidne do\u015bwiadczenie kalkulacji, dzi\u0119ki prostemu widgetowi licz\u0105cemu!<\/b><\/p> <\/div><div class=\"application-platform-content-item-features application-platform-content-item\" id=\"features\" data-nav-section=\"features\"> <h2>Podstawowe funkcje widgetu to<\/h2> <ul><li>Proste narz\u0119dzie z interfejsem, kt\u00f3ry dzia\u0142a z ka\u017cdym rodzajem oblicze\u0144<\/li><li>Wielokrotne rozwi\u0105zania p\u00f3l operacyjnych dla r\u00f3\u017cnych cel\u00f3w<\/li><li>Logika warunkowa umo\u017cliwiaj\u0105ca dok\u0142adne obliczenia<\/li><li>Elastyczne szablony, aby \u0142atwo zacz\u0105\u0107<\/li><li>Zintegrowane narz\u0119dzie, kt\u00f3re wspiera podejmowanie decyzji<\/li><\/ul><p><a href=\"#demo\">Spr\u00f3buj wszystkich opcji personalizacji w w pe\u0142ni funkcjonalnym demo<\/a><\/p><\/div> <div class=\"application-platform-content-item-installation application-platform-content-item\" id=\"installation\" data-nav-section=\"installation\"> <h2>Jak zintegrowa\u0107 kalkulator z moj\u0105 stron\u0105 Squarespace?<\/h2><p>Wystarczy wykona\u0107 poni\u017csze kroki, aby zacz\u0105\u0107 korzysta\u0107 z widgetu.<\/p> <ol><li><b>Skorzystaj z naszego darmowego konfiguratora i zacznij budowa\u0107 sw\u00f3j spersonalizowany widget.<\/b><br> Wybierz wygl\u0105d i parametry wtyczki, a nast\u0119pnie zapisz zmiany.<\/li>  <li><b>Odbierz sw\u00f3j unikalny kod, kt\u00f3ry pojawi si\u0119 w oknie na Elfsight Apps.<\/b><br> Po zako\u0144czeniu konfiguracji swojego widgetu, skopiuj kod w oknie, kt\u00f3re si\u0119 pojawi, i zachowaj go na p\u00f3\u017aniej.<\/li>  <li><b>Rozpocznij u\u017cywanie widgetu na stronie Squarespace.<\/b><br> Wstaw zapisany kod na swojej stronie i zastosuj zmiany.<\/li>  <li><b>Instalacja zako\u0144czona pomy\u015blnie.<\/b><br> Przejd\u017a na swoj\u0105 stron\u0119, aby sprawdzi\u0107 dzia\u0142anie narz\u0119dzia.<\/li><\/ol> <p>W razie jakichkolwiek pyta\u0144 lub napotkanych trudno\u015bci, skontaktuj si\u0119 z nasz\u0105 obs\u0142ug\u0105 klienta. Nasi konsultanci z przyjemno\u015bci\u0105 pomog\u0105 rozwi\u0105za\u0107 wszystkie problemy, kt\u00f3re mo\u017cesz napotka\u0107 z widgetem.<\/p> <\/div>","protected":false},"excerpt":{"rendered":"","protected":false},"author":9,"featured_media":0,"parent":8254,"menu_order":0,"comment_status":"closed","ping_status":"closed","template":"templates\/template-application-platform.php","meta":{"publish_to_discourse":"","publish_post_category":"","wpdc_auto_publish_overridden":"","wpdc_topic_tags":"","wpdc_pin_topic":"","wpdc_pin_until":"","discourse_post_id":"","discourse_permalink":"","wpdc_publishing_response":"","wpdc_publishing_error":"","footnotes":""},"class_list":["post-8848","page","type-page","status-publish","hentry"],"yoast_head":"<!-- This site is optimized with the Yoast SEO plugin v25.3.1 - https:\/\/yoast.com\/wordpress\/plugins\/seo\/ -->\n<title>KalkulatorSquarespace-Stw\u00f3rzKalkulatorDlaTwojejStronySquarespace<\/title>\n<meta name=\"description\" content=\"Stw\u00f3rzkalkulatoronlinedlaSquarespace,abyopanowa\u0107szczeg\u00f3\u0142oweobliczenianastronie.U\u017cyjprostegoKalkulatorawSquarespace.\" \/>\n<meta name=\"robots\" content=\"index, follow, max-snippet:-1, max-image-preview:large, max-video-preview:-1\" \/>\n<link rel=\"canonical\" href=\"https:\/\/elfsight.com\/pl\/calculator-form-widget\/squarespace\/\" \/>\n<meta property=\"og:locale\" content=\"pl_PL\" \/>\n<meta property=\"og:type\" content=\"article\" \/>\n<meta property=\"og:title\" content=\"KalkulatorSquarespace-Stw\u00f3rzKalkulatorDlaTwojejStronySquarespace\" \/>\n<meta property=\"og:description\" content=\"Stw\u00f3rzkalkulatoronlinedlaSquarespace,abyopanowa\u0107szczeg\u00f3\u0142oweobliczenianastronie.U\u017cyjprostegoKalkulatorawSquarespace.\" \/>\n<meta property=\"og:url\" content=\"https:\/\/elfsight.com\/pl\/calculator-form-widget\/squarespace\/\" \/>\n<meta property=\"og:site_name\" content=\"Elfsight PL\" \/>\n<meta property=\"article:modified_time\" content=\"2024-12-25T10:58:07+00:00\" \/>\n<meta name=\"twitter:card\" content=\"summary_large_image\" \/>\n<meta name=\"twitter:label1\" content=\"Szacowany czas czytania\" \/>\n\t<meta name=\"twitter:data1\" content=\"2 minuty\" \/>\n<!-- \/ Yoast SEO plugin. -->","yoast_head_json":{"title":"KalkulatorSquarespace-Stw\u00f3rzKalkulatorDlaTwojejStronySquarespace","description":"Stw\u00f3rzkalkulatoronlinedlaSquarespace,abyopanowa\u0107szczeg\u00f3\u0142oweobliczenianastronie.U\u017cyjprostegoKalkulatorawSquarespace.","robots":{"index":"index","follow":"follow","max-snippet":"max-snippet:-1","max-image-preview":"max-image-preview:large","max-video-preview":"max-video-preview:-1"},"canonical":"https:\/\/elfsight.com\/pl\/calculator-form-widget\/squarespace\/","og_locale":"pl_PL","og_type":"article","og_title":"KalkulatorSquarespace-Stw\u00f3rzKalkulatorDlaTwojejStronySquarespace","og_description":"Stw\u00f3rzkalkulatoronlinedlaSquarespace,abyopanowa\u0107szczeg\u00f3\u0142oweobliczenianastronie.U\u017cyjprostegoKalkulatorawSquarespace.","og_url":"https:\/\/elfsight.com\/pl\/calculator-form-widget\/squarespace\/","og_site_name":"Elfsight PL","article_modified_time":"2024-12-25T10:58:07+00:00","twitter_card":"summary_large_image","twitter_misc":{"Szacowany czas czytania":"2 minuty"},"schema":{"@context":"https:\/\/schema.org","@graph":[{"@type":"WebPage","@id":"https:\/\/elfsight.com\/pl\/calculator-form-widget\/squarespace\/","url":"https:\/\/elfsight.com\/pl\/calculator-form-widget\/squarespace\/","name":"KalkulatorSquarespace-Stw\u00f3rzKalkulatorDlaTwojejStronySquarespace","isPartOf":{"@id":"https:\/\/elfsight.com\/pl\/#website"},"datePublished":"2024-04-15T10:35:01+00:00","dateModified":"2024-12-25T10:58:07+00:00","description":"Stw\u00f3rzkalkulatoronlinedlaSquarespace,abyopanowa\u0107szczeg\u00f3\u0142oweobliczenianastronie.U\u017cyjprostegoKalkulatorawSquarespace.","breadcrumb":{"@id":"https:\/\/elfsight.com\/pl\/calculator-form-widget\/squarespace\/#breadcrumb"},"inLanguage":"pl-PL","potentialAction":[{"@type":"ReadAction","target":["https:\/\/elfsight.com\/pl\/calculator-form-widget\/squarespace\/"]}]},{"@type":"BreadcrumbList","@id":"https:\/\/elfsight.com\/pl\/calculator-form-widget\/squarespace\/#breadcrumb","itemListElement":[{"@type":"ListItem","position":1,"name":"Home","item":"https:\/\/elfsight.com\/pl\/"},{"@type":"ListItem","position":2,"name":"Calculator","item":"https:\/\/elfsight.com\/pl\/calculator-form-widget\/"},{"@type":"ListItem","position":3,"name":"Calculator &#8211; Squarespace"}]},{"@type":"WebSite","@id":"https:\/\/elfsight.com\/pl\/#website","url":"https:\/\/elfsight.com\/pl\/","name":"Elfsight PL","description":"Just another Elfsight Sites site","potentialAction":[{"@type":"SearchAction","target":{"@type":"EntryPoint","urlTemplate":"https:\/\/elfsight.com\/pl\/?s={search_term_string}"},"query-input":{"@type":"PropertyValueSpecification","valueRequired":true,"valueName":"search_term_string"}}],"inLanguage":"pl-PL"}]}},"meta_box":{"industry":"","seo_heading":"","heading":"","description":"","cta_heading":"","cta_description":"","application":"9524","h1":"Squarespace Kalkulator","h1_caption":"","application_category":[],"applications_title":"","applications_request_title":"","applications_request_button_text":"","hero_text":"","hero_video":"","hero_video_schema_markup":"","selling_points_title":"","selling_points_caption":"","selling_points":[],"selling_points_cta_text":"","features_title":"","features":"","ed_cta_examples_text":"","ed_cta_examples_hidden":"","ed_cta_demo_text":"","ed_cta_demo_hidden":"","why_caption":"","why_editor_title":"","why_editor_text":"","why_team_title":"","why_team_text":"","why_service_title":"","why_service_text":"","template_catalog_visible":"0","template_catalog_title":"","template_catalog_text":"","template_catalog_categories_visible":"","demo_title":"Stw\u00f3rzsw\u00f3jpluginKalkulatora","demo_caption":"Skonfigurujsw\u00f3jKalkulatoraiDodajgoDoTwojejstronySquarespacezaDarmo!","default_faq_hidden":"","app_template_category":[],"platform":"7588","template_public_id":"","codecanyon_url":"","codecanyon_item_id":"","codecanyon_price":"","pricing_caption":"","pricing_elfsight_apps_hide_column":"","pricing_elfsight_apps_url":"","pricing_codecanyon_price_caption":"","integration_category":[],"integration_request_title":"","integration_request_cta":"","integration_platform":"","integrations":[],"platform_category":[],"video_schema_markup":"","price":"od $ 0\/miesi\u0105c","trial":"","benefits":[{"text":"Bezp\u0142atnahelpoinstalacji"},{"text":"Profesjonalnaserwisklienta"},{"text":"14-dniowagarancjazwrotempieni\u0119dzy"},{"text":"Staleaktualizowane"},{"text":""}],"button_url":"#demo","button_target_blank":"0","button_nofollow":"0","attributes":[{"name":"Instalacje","content":"50,000 - 100,000"},{"name":"Responsywny","content":"Tak"},{"name":"Kompatybilneprzegl\u0105darki","content":"Firefox, Safari, Opera, Chrome, Edge"}],"tags":[],"tags_disable_links":"0","hide_more_platforms":"","video_object":"","demo_hide_cta":"0","demo_hide_cloud_options":"0","pricing_title":"","pricing":[{"pricing_icon":"platform","pricing_title":"Elfsight Apps","pricing_title_caption":"Wieloplatformowe rozwi\u0105zanie cyfrowe","pricing_price":"od$0\/miesi\u0105c","pricing_price_caption":"Zacznijoddarmowego_planu","pricing_benefits":[{"text":"Nieograniczonastrony"},{"text":"Wsparcieklient\u00f3w24\/7i dobrzeudokumentowane"},{"text":"Bezp\u0142atnawspierainstalacji"},{"text":"Elastyczny projekt"}],"pricing_button_text":"Dodajdo strony","pricing_button_url":"#demo"}],"related_apps_title":"","related_apps_hidden":"0","author":"","image":[],"title":"","job":"","social_networks":[]},"_links":{"self":[{"href":"https:\/\/elfsight.com\/pl\/wp-json\/wp\/v2\/pages\/8848","targetHints":{"allow":["GET"]}}],"collection":[{"href":"https:\/\/elfsight.com\/pl\/wp-json\/wp\/v2\/pages"}],"about":[{"href":"https:\/\/elfsight.com\/pl\/wp-json\/wp\/v2\/types\/page"}],"author":[{"embeddable":true,"href":"https:\/\/elfsight.com\/pl\/wp-json\/wp\/v2\/users\/9"}],"replies":[{"embeddable":true,"href":"https:\/\/elfsight.com\/pl\/wp-json\/wp\/v2\/comments?post=8848"}],"version-history":[{"count":2,"href":"https:\/\/elfsight.com\/pl\/wp-json\/wp\/v2\/pages\/8848\/revisions"}],"predecessor-version":[{"id":9658,"href":"https:\/\/elfsight.com\/pl\/wp-json\/wp\/v2\/pages\/8848\/revisions\/9658"}],"up":[{"embeddable":true,"href":"https:\/\/elfsight.com\/pl\/wp-json\/wp\/v2\/pages\/8254"}],"wp:attachment":[{"href":"https:\/\/elfsight.com\/pl\/wp-json\/wp\/v2\/media?parent=8848"}],"curies":[{"name":"wp","href":"https:\/\/api.w.org\/{rel}","templated":true}]}}