{"id":8847,"date":"2024-04-15T10:39:52","date_gmt":"2024-04-15T10:39:52","guid":{"rendered":"https:\/\/elfsight.com\/pl\/?page_id=8847"},"modified":"2024-12-25T10:59:49","modified_gmt":"2024-12-25T10:59:49","slug":"wix","status":"publish","type":"page","link":"https:\/\/elfsight.com\/pl\/calculator-form-widget\/wix\/","title":{"rendered":"Calculator &#8211; Wix"},"content":{"rendered":"<div class=\"application-platform-content-item-description application-platform-content-item\" id=\"description\" data-nav-section=\"description\">  <h2>Wstaw kalkulator do Wix za pomoc\u0105 aplikacji Elfsight<\/h2> <p>Widget kalkulatora umo\u017cliwia u\u017cytkownikom Twojej strony internetowej planowanie koszt\u00f3w, tras podr\u00f3\u017cy, proporcji do gotowania i wielu innych rzeczy, zale\u017cnie od Twojej bran\u017cy. Mo\u017cesz doda\u0107 konkretne pola i dodatkowe opcje do tego widgetu na stronie, aby u\u017cytkownicy mogli analizowa\u0107 korzy\u015bci bez opuszczania zak\u0142adki. Funkcja logiki warunkowej pozwala tworzy\u0107 uniwersalne wzorce dla Twojego scenariusza i ka\u017cdego klienta.<\/p><p>Elementy do zarz\u0105dzania, takie jak pola wyboru, suwaki i menu rozwijane, pozwalaj\u0105 na wprowadzenie dowolnego wzorca ustalania ceny dla r\u00f3\u017cnych produkt\u00f3w. Na przyk\u0142ad, mo\u017cesz obliczy\u0107 kredyty z okre\u015blonym oprocentowaniem na wygodny okres. Mo\u017cesz zaoferowa\u0107 wynajem samochod\u00f3w z wieloma dodatkowymi opcjami do wyboru. Kalkulator jest tak\u017ce w stanie zaplanowa\u0107 podr\u00f3\u017c marze\u0144, w kt\u00f3rej uwzgl\u0119dnione s\u0105 przeloty, zakwaterowanie oraz najlepsze wydarzenia.<\/p><p><b>Twoi klienci doceni\u0105 wygodne do\u015bwiadczenie kalkulacji, dzi\u0119ki wbudowanemu, u\u017cytkownikocentrycznemu widgetowi!<\/b><\/p><\/div> <div class=\"application-platform-content-item-features application-platform-content-item\" id=\"features\" data-nav-section=\"features\"> <h2>Podstawowe funkcje widgetu to<\/h2> <ul><li>Rozwi\u0105zanie z przejrzystym interfejsem umo\u017cliwiaj\u0105ce wszystkie operacje<\/li><li>Wielokrotne typy p\u00f3l do oblicze\u0144 dla r\u00f3\u017cnych pomys\u0142\u00f3w<\/li><li>Funkcja logiki warunkowej pozwalaj\u0105ca na skomplikowane obliczenia<\/li><li>Szablony szybkiego startu dla \u0142atwego pocz\u0105tku<\/li><li>Zintegrowane narz\u0119dzie wspieraj\u0105ce podejmowanie decyzji<\/li><\/ul><p><a href=\"#demo\">Po prostu wypr\u00f3buj demo, aby w pe\u0142ni zapozna\u0107 si\u0119 z ide\u0105<\/a><\/p><\/div> <div class=\"application-platform-content-item-installation application-platform-content-item\" id=\"installation\" data-nav-section=\"installation\"> <h2>Jak wstawi\u0107 kalkulator do mojej strony Wix?<\/h2><p>Po prostu zastosuj poni\u017csze instrukcje, aby aktywowa\u0107 narz\u0119dzie.<\/p> <ol><li><b>Skorzystaj z naszego darmowego edytora i zacznij tworzy\u0107 sw\u00f3j w\u0142asny instrument.<\/b><br> Wybierz preferowany wygl\u0105d i opcje widgetu, a nast\u0119pnie zastosuj zmiany.<\/li>  <li><b>Uzyskaj unikalny kod, kt\u00f3ry pojawi si\u0119 w specjalnym oknie na Elfsight Apps.<\/b><br> Po zako\u0144czeniu ustawiania swojego personalnego wtyczki, skopiuj kod, kt\u00f3ry pojawi si\u0119 w wyskakuj\u0105cym oknie, i zachowaj go do p\u00f3\u017aniejszego u\u017cycia.<\/li>  <li><b>Rozpocznij u\u017cywanie widgetu na stronie Wix.<\/b><br> Wstaw skopiowany wcze\u015bniej kod na swojej stronie g\u0142\u00f3wnej i zastosuj zmiany.<\/li>  <li><b>Gotowe! Integracja jest zako\u0144czona.<\/b><br> Przejd\u017a do swojej strony, aby sprawdzi\u0107 dzia\u0142anie wtyczki.<\/li><\/ol> <p>W razie jakichkolwiek pyta\u0144 lub problem\u00f3w, nie wahaj si\u0119 skontaktowa\u0107 z nasz\u0105 obs\u0142ug\u0105 klienta. Nasi konsultanci ch\u0119tnie rozwi\u0105\u017c\u0105 wszystkie trudno\u015bci, kt\u00f3re mo\u017cesz napotka\u0107 z wtyczk\u0105.<\/p><\/div> ","protected":false},"excerpt":{"rendered":"","protected":false},"author":9,"featured_media":0,"parent":8254,"menu_order":0,"comment_status":"closed","ping_status":"closed","template":"templates\/template-application-platform.php","meta":{"publish_to_discourse":"","publish_post_category":"","wpdc_auto_publish_overridden":"","wpdc_topic_tags":"","wpdc_pin_topic":"","wpdc_pin_until":"","discourse_post_id":"","discourse_permalink":"","wpdc_publishing_response":"","wpdc_publishing_error":"","footnotes":""},"class_list":["post-8847","page","type-page","status-publish","hentry"],"yoast_head":"<!-- This site is optimized with the Yoast SEO plugin v25.3.1 - https:\/\/yoast.com\/wordpress\/plugins\/seo\/ -->\n<title>KalkulatorWixBuilder-Stw\u00f3rzKalkulatorDlaTwojejStronyWix<\/title>\n<meta name=\"description\" content=\"DodajpersonalizowanyKalkulatordoupro\u015bceniaoblicze\u0144nastronie.U\u017cyjwygodnego,prostegoKalkulatorawWix.\" \/>\n<meta name=\"robots\" content=\"index, follow, max-snippet:-1, max-image-preview:large, max-video-preview:-1\" \/>\n<link rel=\"canonical\" href=\"https:\/\/elfsight.com\/pl\/calculator-form-widget\/wix\/\" \/>\n<meta property=\"og:locale\" content=\"pl_PL\" \/>\n<meta property=\"og:type\" content=\"article\" \/>\n<meta property=\"og:title\" content=\"KalkulatorWixBuilder-Stw\u00f3rzKalkulatorDlaTwojejStronyWix\" \/>\n<meta property=\"og:description\" content=\"DodajpersonalizowanyKalkulatordoupro\u015bceniaoblicze\u0144nastronie.U\u017cyjwygodnego,prostegoKalkulatorawWix.\" \/>\n<meta property=\"og:url\" content=\"https:\/\/elfsight.com\/pl\/calculator-form-widget\/wix\/\" \/>\n<meta property=\"og:site_name\" content=\"Elfsight PL\" \/>\n<meta property=\"article:modified_time\" content=\"2024-12-25T10:59:49+00:00\" \/>\n<meta name=\"twitter:card\" content=\"summary_large_image\" \/>\n<meta name=\"twitter:label1\" content=\"Szacowany czas czytania\" \/>\n\t<meta name=\"twitter:data1\" content=\"2 minuty\" \/>\n<!-- \/ Yoast SEO plugin. -->","yoast_head_json":{"title":"KalkulatorWixBuilder-Stw\u00f3rzKalkulatorDlaTwojejStronyWix","description":"DodajpersonalizowanyKalkulatordoupro\u015bceniaoblicze\u0144nastronie.U\u017cyjwygodnego,prostegoKalkulatorawWix.","robots":{"index":"index","follow":"follow","max-snippet":"max-snippet:-1","max-image-preview":"max-image-preview:large","max-video-preview":"max-video-preview:-1"},"canonical":"https:\/\/elfsight.com\/pl\/calculator-form-widget\/wix\/","og_locale":"pl_PL","og_type":"article","og_title":"KalkulatorWixBuilder-Stw\u00f3rzKalkulatorDlaTwojejStronyWix","og_description":"DodajpersonalizowanyKalkulatordoupro\u015bceniaoblicze\u0144nastronie.U\u017cyjwygodnego,prostegoKalkulatorawWix.","og_url":"https:\/\/elfsight.com\/pl\/calculator-form-widget\/wix\/","og_site_name":"Elfsight PL","article_modified_time":"2024-12-25T10:59:49+00:00","twitter_card":"summary_large_image","twitter_misc":{"Szacowany czas czytania":"2 minuty"},"schema":{"@context":"https:\/\/schema.org","@graph":[{"@type":"WebPage","@id":"https:\/\/elfsight.com\/pl\/calculator-form-widget\/wix\/","url":"https:\/\/elfsight.com\/pl\/calculator-form-widget\/wix\/","name":"KalkulatorWixBuilder-Stw\u00f3rzKalkulatorDlaTwojejStronyWix","isPartOf":{"@id":"https:\/\/elfsight.com\/pl\/#website"},"datePublished":"2024-04-15T10:39:52+00:00","dateModified":"2024-12-25T10:59:49+00:00","description":"DodajpersonalizowanyKalkulatordoupro\u015bceniaoblicze\u0144nastronie.U\u017cyjwygodnego,prostegoKalkulatorawWix.","breadcrumb":{"@id":"https:\/\/elfsight.com\/pl\/calculator-form-widget\/wix\/#breadcrumb"},"inLanguage":"pl-PL","potentialAction":[{"@type":"ReadAction","target":["https:\/\/elfsight.com\/pl\/calculator-form-widget\/wix\/"]}]},{"@type":"BreadcrumbList","@id":"https:\/\/elfsight.com\/pl\/calculator-form-widget\/wix\/#breadcrumb","itemListElement":[{"@type":"ListItem","position":1,"name":"Home","item":"https:\/\/elfsight.com\/pl\/"},{"@type":"ListItem","position":2,"name":"Calculator","item":"https:\/\/elfsight.com\/pl\/calculator-form-widget\/"},{"@type":"ListItem","position":3,"name":"Calculator &#8211; Wix"}]},{"@type":"WebSite","@id":"https:\/\/elfsight.com\/pl\/#website","url":"https:\/\/elfsight.com\/pl\/","name":"Elfsight PL","description":"Just another Elfsight Sites site","potentialAction":[{"@type":"SearchAction","target":{"@type":"EntryPoint","urlTemplate":"https:\/\/elfsight.com\/pl\/?s={search_term_string}"},"query-input":{"@type":"PropertyValueSpecification","valueRequired":true,"valueName":"search_term_string"}}],"inLanguage":"pl-PL"}]}},"meta_box":{"industry":"","seo_heading":"","heading":"","description":"","cta_heading":"","cta_description":"","application":"9524","h1":"Wix Kalkulator Builder","h1_caption":"","application_category":[],"applications_title":"","applications_request_title":"","applications_request_button_text":"","hero_text":"","hero_video":"","hero_video_schema_markup":"","selling_points_title":"","selling_points_caption":"","selling_points":[],"selling_points_cta_text":"","features_title":"","features":"","ed_cta_examples_text":"","ed_cta_examples_hidden":"","ed_cta_demo_text":"","ed_cta_demo_hidden":"","why_caption":"","why_editor_title":"","why_editor_text":"","why_team_title":"","why_team_text":"","why_service_title":"","why_service_text":"","template_catalog_visible":"0","template_catalog_title":"","template_catalog_text":"","template_catalog_categories_visible":"","demo_title":"Stw\u00f3rzswoj\u0105aplikacj\u0119Kalkulatora","demo_caption":"Skonfigurujsw\u00f3jKalkulatoraiDodajgoDoTwojejstronyWixzaDarmo!","default_faq_hidden":"","app_template_category":[],"platform":"30","template_public_id":"","codecanyon_url":"","codecanyon_item_id":"","codecanyon_price":"","pricing_caption":"","pricing_elfsight_apps_hide_column":"","pricing_elfsight_apps_url":"","pricing_codecanyon_price_caption":"","integration_category":[],"integration_request_title":"","integration_request_cta":"","integration_platform":"","integrations":[],"platform_category":[],"video_schema_markup":"","price":"od $ 0\/miesi\u0105c","trial":"","benefits":[{"text":"Bezp\u0142atnaservicainstalacji"},{"text":"Kompetentneserwisklienta"},{"text":"14-dniowagarancjazwrotempieni\u0119dzy"},{"text":"Do\u017cywotnieaktualizacjabezp\u0142atne"},{"text":""}],"button_url":"#demo","button_target_blank":"0","button_nofollow":"0","attributes":[{"name":"Instalacje","content":"50,000 - 100,000"},{"name":"Responsywny","content":"Tak"},{"name":"Kompatybilneprzegl\u0105darki","content":"Firefox, Safari, Opera, Chrome, Edge"}],"tags":[],"tags_disable_links":"0","hide_more_platforms":"","video_object":"","demo_hide_cta":"0","demo_hide_cloud_options":"0","pricing_title":"","pricing":[{"pricing_icon":"platform","pricing_title":"Elfsight Apps","pricing_title_caption":"Wieloplatformowe oprogramowanie, kt\u00f3re pasuje do ka\u017cdej strony","pricing_price":"od$0\/miesi\u0105c","pricing_price_caption":"Zacznijoddarmowego_planu","pricing_benefits":[{"text":"Nieograniczonedomeny"},{"text":"Szybkiewsparcieklienta"},{"text":"Bezp\u0142atnapomocinstalacyjna"},{"text":"W 100% dostosowywalny"}],"pricing_button_text":"Dodajdo strony","pricing_button_url":"#demo"}],"related_apps_title":"","related_apps_hidden":"0","author":"","image":[],"title":"","job":"","social_networks":[]},"_links":{"self":[{"href":"https:\/\/elfsight.com\/pl\/wp-json\/wp\/v2\/pages\/8847","targetHints":{"allow":["GET"]}}],"collection":[{"href":"https:\/\/elfsight.com\/pl\/wp-json\/wp\/v2\/pages"}],"about":[{"href":"https:\/\/elfsight.com\/pl\/wp-json\/wp\/v2\/types\/page"}],"author":[{"embeddable":true,"href":"https:\/\/elfsight.com\/pl\/wp-json\/wp\/v2\/users\/9"}],"replies":[{"embeddable":true,"href":"https:\/\/elfsight.com\/pl\/wp-json\/wp\/v2\/comments?post=8847"}],"version-history":[{"count":2,"href":"https:\/\/elfsight.com\/pl\/wp-json\/wp\/v2\/pages\/8847\/revisions"}],"predecessor-version":[{"id":9662,"href":"https:\/\/elfsight.com\/pl\/wp-json\/wp\/v2\/pages\/8847\/revisions\/9662"}],"up":[{"embeddable":true,"href":"https:\/\/elfsight.com\/pl\/wp-json\/wp\/v2\/pages\/8254"}],"wp:attachment":[{"href":"https:\/\/elfsight.com\/pl\/wp-json\/wp\/v2\/media?parent=8847"}],"curies":[{"name":"wp","href":"https:\/\/api.w.org\/{rel}","templated":true}]}}