{"id":8846,"date":"2024-04-15T10:43:37","date_gmt":"2024-04-15T10:43:37","guid":{"rendered":"https:\/\/elfsight.com\/pl\/?page_id=8846"},"modified":"2025-11-06T12:22:13","modified_gmt":"2025-11-06T12:22:13","slug":"html","status":"publish","type":"page","link":"https:\/\/elfsight.com\/pl\/calculator-form-widget\/html\/","title":{"rendered":"Calculator &#8211; HTML"},"content":{"rendered":"<div class=\"application-platform-content-item-description application-platform-content-item\" id=\"description\" data-nav-section=\"description\">  <h2>Osad\u017a Kalkulator w HTML za pomoc\u0105 wid\u017cetu Elfsight<\/h2> <p>Wid\u017cet Kalkulatora pozwala odwiedzaj\u0105cym Twoj\u0105 stron\u0119 internetow\u0105 skorzysta\u0107 z szansy zaplanowania wydatk\u00f3w, tras podr\u00f3\u017cy, proporcji do gotowania i wielu innych rzeczy, w zale\u017cno\u015bci od Twojej bran\u017cy. Mo\u017cna doda\u0107 wymagane pola i dodatkowe opcje do tego osadzonego wid\u017cetu, aby klienci mogli zobaczy\u0107 swoje korzy\u015bci bez opuszczania strony. Logika warunkowa pozwala na wymy\u015blenie uniwersalnych rozwi\u0105za\u0144 dla ka\u017cdego scenariusza i klienta.<\/p><p>Elementy zarz\u0105dzaj\u0105ce, takie jak pola wyboru, suwaki i listy rozwijane, pozwalaj\u0105 uwzgl\u0119dni\u0107 ka\u017cdy wz\u00f3r ustalania ceny dla okre\u015blonych produkt\u00f3w. Na przyk\u0142ad, mo\u017cna obliczy\u0107 po\u017cyczki z okre\u015blonym oprocentowaniem na rozs\u0105dny okres. Mo\u017cesz zaoferowa\u0107 wynajem samochodu z wieloma dodatkowymi opcjami do wyboru. Ponadto kalkulator mo\u017ce zaplanowa\u0107 wymarzon\u0105 podr\u00f3\u017c, uwzgl\u0119dniaj\u0105c transport, zakwaterowanie i niezb\u0119dne aktywno\u015bci.<\/p><p><b>Twoi odwiedzaj\u0105cy doceni\u0105 doskona\u0142e do\u015bwiadczenie kalkulacji, integruj\u0105c u\u017cytkownikocentryczny wid\u017cet liczenia!<\/b><\/p><\/div> <div class=\"application-platform-content-item-features application-platform-content-item\" id=\"features\" data-nav-section=\"features\"> <h2>Oferujemy warto\u015bciowe i proste funkcje, oto niekt\u00f3re z nich:<\/h2> <ul><li>Narz\u0119dzie z przejrzystym interfejsem, kt\u00f3re obejmuje wszystkie operacje<\/li><li>Wielu typ\u00f3w p\u00f3l kalkulacyjnych dla Twoich pomys\u0142\u00f3w<\/li><li>Logika warunkowa pozwalaj\u0105ca na wieloetapowe kalkulacje<\/li><li>Gotowe szablony, aby rozpocz\u0105\u0107 bez wysi\u0142ku<\/li><li>Zintegrowane rozwi\u0105zanie inspiruj\u0105ce podejmowanie decyzji<\/li><\/ul><p><a href=\"#demo\">Pe\u0142n\u0105 funkcjonalno\u015b\u0107 wid\u017cetu mo\u017cesz sprawdzi\u0107 w demonstracji poni\u017cej<\/a><\/p><\/div> <div class=\"application-platform-content-item-installation application-platform-content-item\" id=\"installation\" data-nav-section=\"installation\"> <h2>Jak zintegrowa\u0107 Kalkulator z moimi stronami HTML?<\/h2><div class=\"video-container\">\n<iframe width=\"720\" height=\"405\" src=\"https:\/\/www.youtube.com\/embed\/5Nt3crYUnfY?si=VsjmIEAdVqIaqG9S\" frameborder=\"0\" allowfullscreen=\"\"><\/iframe>\n<\/div> <p>Wystarczy, \u017ce post\u0119pujesz zgodnie z poni\u017cszymi wytycznymi, aby doda\u0107 narz\u0119dzie.<\/p> <ol><li><b>Skorzystaj z naszego darmowego edytora i rozpocznij tworzenie swojego narz\u0119dzia na miar\u0119.<\/b><br> Wybierz po\u017c\u0105dany wygl\u0105d i opcje wtyczki, a nast\u0119pnie zastosuj zmiany.<\/li>  <li><b>Odbierz sw\u00f3j unikalny kod, kt\u00f3ry pojawi si\u0119 w oknie w Elfsight Apps.<\/b><br> Po zako\u0144czeniu generowania wid\u017cetu, skopiuj indywidualny kod z pojawiaj\u0105cego si\u0119 okna i zapisz go na p\u00f3\u017aniej.<\/li>  <li><b>Rozpocznij u\u017cywanie narz\u0119dzia na swojej stronie HTML.<\/b><br> Wklej wcze\u015bniej skopiowany kod do swojej strony internetowej i zapisz poprawki.<\/li>  <li><b>Gotowe! Integracja zosta\u0142a zako\u0144czona pomy\u015blnie.<\/b><br> Przejd\u017a na swoj\u0105 stron\u0119, aby zobaczy\u0107, jak dzia\u0142a wtyczka.<\/li><\/ol> <p>W przypadku napotkania jakichkolwiek trudno\u015bci, nie wahaj si\u0119 zwr\u00f3ci\u0107 o pomoc do naszego zespo\u0142u obs\u0142ugi klienta. Nasi specjali\u015bci z ch\u0119ci\u0105 pomog\u0105 rozwi\u0105za\u0107 wszelkie problemy zwi\u0105zane z wid\u017cetem.<\/p><\/div> ","protected":false},"excerpt":{"rendered":"","protected":false},"author":9,"featured_media":0,"parent":8254,"menu_order":0,"comment_status":"closed","ping_status":"closed","template":"templates\/template-application-platform.php","meta":{"publish_to_discourse":"","publish_post_category":"","wpdc_auto_publish_overridden":"","wpdc_topic_tags":"","wpdc_pin_topic":"","wpdc_pin_until":"","discourse_post_id":"","discourse_permalink":"","wpdc_publishing_response":"","wpdc_publishing_error":"","footnotes":""},"class_list":["post-8846","page","type-page","status-publish","hentry"],"yoast_head":"<!-- This site is optimized with the Yoast SEO plugin v25.3.1 - https:\/\/yoast.com\/wordpress\/plugins\/seo\/ -->\n<title>KalkulatorHTML-ZbudujProstyKalkulatorDoHTML<\/title>\n<meta name=\"description\" content=\"Stw\u00f3rzprostyKalkulatorHTMLdlaTwojejstrony.ZbudujHTMLKalkulatordowszystkichpotrzebnastronie.\" \/>\n<meta name=\"robots\" content=\"index, follow, max-snippet:-1, max-image-preview:large, max-video-preview:-1\" \/>\n<link rel=\"canonical\" href=\"https:\/\/elfsight.com\/pl\/calculator-form-widget\/html\/\" \/>\n<meta property=\"og:locale\" content=\"pl_PL\" \/>\n<meta property=\"og:type\" content=\"article\" \/>\n<meta property=\"og:title\" content=\"KalkulatorHTML-ZbudujProstyKalkulatorDoHTML\" \/>\n<meta property=\"og:description\" content=\"Stw\u00f3rzprostyKalkulatorHTMLdlaTwojejstrony.ZbudujHTMLKalkulatordowszystkichpotrzebnastronie.\" \/>\n<meta property=\"og:url\" content=\"https:\/\/elfsight.com\/pl\/calculator-form-widget\/html\/\" \/>\n<meta property=\"og:site_name\" content=\"Elfsight PL\" \/>\n<meta property=\"article:modified_time\" content=\"2025-11-06T12:22:13+00:00\" \/>\n<meta name=\"twitter:card\" content=\"summary_large_image\" \/>\n<meta name=\"twitter:label1\" content=\"Szacowany czas czytania\" \/>\n\t<meta name=\"twitter:data1\" content=\"2 minuty\" \/>\n<!-- \/ Yoast SEO plugin. -->","yoast_head_json":{"title":"KalkulatorHTML-ZbudujProstyKalkulatorDoHTML","description":"Stw\u00f3rzprostyKalkulatorHTMLdlaTwojejstrony.ZbudujHTMLKalkulatordowszystkichpotrzebnastronie.","robots":{"index":"index","follow":"follow","max-snippet":"max-snippet:-1","max-image-preview":"max-image-preview:large","max-video-preview":"max-video-preview:-1"},"canonical":"https:\/\/elfsight.com\/pl\/calculator-form-widget\/html\/","og_locale":"pl_PL","og_type":"article","og_title":"KalkulatorHTML-ZbudujProstyKalkulatorDoHTML","og_description":"Stw\u00f3rzprostyKalkulatorHTMLdlaTwojejstrony.ZbudujHTMLKalkulatordowszystkichpotrzebnastronie.","og_url":"https:\/\/elfsight.com\/pl\/calculator-form-widget\/html\/","og_site_name":"Elfsight PL","article_modified_time":"2025-11-06T12:22:13+00:00","twitter_card":"summary_large_image","twitter_misc":{"Szacowany czas czytania":"2 minuty"},"schema":{"@context":"https:\/\/schema.org","@graph":[{"@type":"WebPage","@id":"https:\/\/elfsight.com\/pl\/calculator-form-widget\/html\/","url":"https:\/\/elfsight.com\/pl\/calculator-form-widget\/html\/","name":"KalkulatorHTML-ZbudujProstyKalkulatorDoHTML","isPartOf":{"@id":"https:\/\/elfsight.com\/pl\/#website"},"datePublished":"2024-04-15T10:43:37+00:00","dateModified":"2025-11-06T12:22:13+00:00","description":"Stw\u00f3rzprostyKalkulatorHTMLdlaTwojejstrony.ZbudujHTMLKalkulatordowszystkichpotrzebnastronie.","breadcrumb":{"@id":"https:\/\/elfsight.com\/pl\/calculator-form-widget\/html\/#breadcrumb"},"inLanguage":"pl-PL","potentialAction":[{"@type":"ReadAction","target":["https:\/\/elfsight.com\/pl\/calculator-form-widget\/html\/"]}]},{"@type":"BreadcrumbList","@id":"https:\/\/elfsight.com\/pl\/calculator-form-widget\/html\/#breadcrumb","itemListElement":[{"@type":"ListItem","position":1,"name":"Home","item":"https:\/\/elfsight.com\/pl\/"},{"@type":"ListItem","position":2,"name":"Calculator","item":"https:\/\/elfsight.com\/pl\/calculator-form-widget\/"},{"@type":"ListItem","position":3,"name":"Calculator &#8211; HTML"}]},{"@type":"WebSite","@id":"https:\/\/elfsight.com\/pl\/#website","url":"https:\/\/elfsight.com\/pl\/","name":"Elfsight PL","description":"Just another Elfsight Sites site","potentialAction":[{"@type":"SearchAction","target":{"@type":"EntryPoint","urlTemplate":"https:\/\/elfsight.com\/pl\/?s={search_term_string}"},"query-input":{"@type":"PropertyValueSpecification","valueRequired":true,"valueName":"search_term_string"}}],"inLanguage":"pl-PL"}]}},"meta_box":{"industry":"","seo_heading":"","heading":"","description":"","cta_heading":"","cta_description":"","application":"9524","h1":"Prosty HTML Kalkulator","h1_caption":"","application_category":[],"applications_title":"","applications_request_title":"","applications_request_button_text":"","hero_text":"","hero_video":"","hero_video_schema_markup":"","selling_points_title":"","selling_points_caption":"","selling_points":[],"selling_points_cta_text":"","features_title":"","features":"","ed_cta_examples_text":"","ed_cta_examples_hidden":"","ed_cta_demo_text":"","ed_cta_demo_hidden":"","why_caption":"","why_editor_title":"","why_editor_text":"","why_team_title":"","why_team_text":"","why_service_title":"","why_service_text":"","template_catalog_visible":"0","template_catalog_title":"","template_catalog_text":"","template_catalog_categories_visible":"","demo_title":"Stw\u00f3rzsw\u00f3jwidgetKalkulatora","demo_caption":"Skonfigurujsw\u00f3jKalkulatoraiDodajgoDoTwojejstronyHTMLzaDarmo!","default_faq_hidden":"","app_template_category":[],"platform":"50","template_public_id":"","codecanyon_url":"","codecanyon_item_id":"","codecanyon_price":"","pricing_caption":"","pricing_elfsight_apps_hide_column":"","pricing_elfsight_apps_url":"","pricing_codecanyon_price_caption":"","integration_category":[],"integration_request_title":"","integration_request_cta":"","integration_platform":"","integrations":[],"platform_category":[],"video_schema_markup":"","price":"od$0\/miesi\u0105c","trial":"","benefits":[{"text":"Bezp\u0142atnahelpoinstalacji"},{"text":"Profesjonalnaserwisklienta"},{"text":"14-dniowagarancjazwrotu"},{"text":"Regularneaktualizacjabezp\u0142atne"}],"button_url":"#demo","button_target_blank":"0","button_nofollow":"0","attributes":[{"name":"Instalacje","content":"50,000 - 100,000"},{"name":"Responsywny","content":"Tak"},{"name":"Kompatybilneprzegl\u0105darki","content":"Firefox, Safari, Opera, Chrome, Edge"}],"tags":[],"tags_disable_links":"0","hide_more_platforms":"0","video_object":"","demo_hide_cta":"0","demo_hide_cloud_options":"0","pricing_title":"","pricing":[{"pricing_icon":"platform","pricing_title":"Elfsight Apps","pricing_title_caption":"Oprogramowanie wieloplatformowe","pricing_price":"od$0\/miesi\u0105c","pricing_price_caption":"Zacznijoddarmowego_planu","pricing_benefits":[{"text":"Nieograniczonastrony"},{"text":"Premiumwsparciefirmowe"},{"text":"Bezp\u0142atnaasystencjainstalacyjna"},{"text":"Elastyczny projekt"}],"pricing_button_text":"Dodajdo strony","pricing_button_url":"#demo"}],"related_apps_title":"","related_apps_hidden":"0","author":"","image":[],"title":"","job":"","social_networks":[]},"_links":{"self":[{"href":"https:\/\/elfsight.com\/pl\/wp-json\/wp\/v2\/pages\/8846","targetHints":{"allow":["GET"]}}],"collection":[{"href":"https:\/\/elfsight.com\/pl\/wp-json\/wp\/v2\/pages"}],"about":[{"href":"https:\/\/elfsight.com\/pl\/wp-json\/wp\/v2\/types\/page"}],"author":[{"embeddable":true,"href":"https:\/\/elfsight.com\/pl\/wp-json\/wp\/v2\/users\/9"}],"replies":[{"embeddable":true,"href":"https:\/\/elfsight.com\/pl\/wp-json\/wp\/v2\/comments?post=8846"}],"version-history":[{"count":4,"href":"https:\/\/elfsight.com\/pl\/wp-json\/wp\/v2\/pages\/8846\/revisions"}],"predecessor-version":[{"id":10790,"href":"https:\/\/elfsight.com\/pl\/wp-json\/wp\/v2\/pages\/8846\/revisions\/10790"}],"up":[{"embeddable":true,"href":"https:\/\/elfsight.com\/pl\/wp-json\/wp\/v2\/pages\/8254"}],"wp:attachment":[{"href":"https:\/\/elfsight.com\/pl\/wp-json\/wp\/v2\/media?parent=8846"}],"curies":[{"name":"wp","href":"https:\/\/api.w.org\/{rel}","templated":true}]}}