{"id":8845,"date":"2024-04-15T10:48:16","date_gmt":"2024-04-15T10:48:16","guid":{"rendered":"https:\/\/elfsight.com\/pl\/?page_id=8845"},"modified":"2024-12-25T10:58:32","modified_gmt":"2024-12-25T10:58:32","slug":"webflow","status":"publish","type":"page","link":"https:\/\/elfsight.com\/pl\/calculator-form-widget\/webflow\/","title":{"rendered":"Calculator &#8211; Webflow"},"content":{"rendered":"<div class=\"application-platform-content-item-description application-platform-content-item\" id=\"description\" data-nav-section=\"description\">  <h2>Osad\u017a Kalkulator w Webflow za pomoc\u0105 wid\u017cetu Elfsight<\/h2> <p>Wid\u017cet Kalkulatora daje u\u017cytkownikom Twojej strony internetowej mo\u017cliwo\u015b\u0107 planowania koszt\u00f3w, tras podr\u00f3\u017cy, proporcji do gotowania i wielu innych rzeczy w zale\u017cno\u015bci od Twojej bran\u017cy. Mo\u017cna doda\u0107 r\u00f3\u017cne pola i dodatkowe opcje do osadzonego wid\u017cetu, dzi\u0119ki czemu klienci mog\u0105 zobaczy\u0107 korzy\u015bci bez opuszczania zak\u0142adki. Funkcja logiki warunkowej pomo\u017ce Ci stworzy\u0107 uniwersalne wzory dla ka\u017cdego scenariusza i u\u017cytkownika.<\/p><p>Elementy do zarz\u0105dzania, takie jak pola wyboru, suwaki i menu rozwijane, pozwalaj\u0105 uwzgl\u0119dni\u0107 ka\u017cdy aspekt ustalania cen dla okre\u015blonych ofert. Na przyk\u0142ad mo\u017cna obliczy\u0107 po\u017cyczki z okre\u015blonym oprocentowaniem na dogodny czas. Mo\u017cna zaoferowa\u0107 wynajem samochodu z licznymi dodatkowymi opcjami do wyboru. Podobnie kalkulator mo\u017ce zaplanowa\u0107 wymarzon\u0105 podr\u00f3\u017c, uwzgl\u0119dniaj\u0105c transfer, zakwaterowanie i najlepsze aktywno\u015bci.<\/p><p><b>Zachwy\u0107 swoich klient\u00f3w doskona\u0142ym do\u015bwiadczeniem kalkulacji, integruj\u0105c pot\u0119\u017cny wid\u017cet liczenia!<\/b><\/p><\/div> <div class=\"application-platform-content-item-features application-platform-content-item\" id=\"features\" data-nav-section=\"features\"> <h2>Oto kluczowe funkcje wid\u017cetu:<\/h2> <ul><li>Narz\u0119dzie z przyjaznym interfejsem, kt\u00f3re nadaje si\u0119 do wszelkich kalkulacji<\/li><li>Wielu typ\u00f3w p\u00f3l kalkulacyjnych dla r\u00f3\u017cnych scenariuszy<\/li><li>Funkcja logiki warunkowej, kt\u00f3ra upraszcza nawet wieloetapowe obliczenia<\/li><li>Wszechstronne szablony umo\u017cliwiaj\u0105ce p\u0142ynne rozpocz\u0119cie<\/li><li>Zintegrowane rozwi\u0105zanie wspieraj\u0105ce podejmowanie decyzji<\/li><\/ul><p><a href=\"#demo\">Wypr\u00f3buj wszystkie funkcje personalizacji w 100% funkcjonalnej demonstracji<\/a><\/p><\/div> <div class=\"application-platform-content-item-installation application-platform-content-item\" id=\"installation\" data-nav-section=\"installation\"> <h2>Jak zintegrowa\u0107 Kalkulator z moimi stronami Webflow?<\/h2> <p>Wystarczy, \u017ce post\u0119pujesz zgodnie z poni\u017cszymi instrukcjami, aby zintegrowa\u0107 narz\u0119dzie.<\/p> <ol><li><b>Otw\u00f3rz nasz\u0105 darmow\u0105 demonstracj\u0119 i rozpocznij tworzenie swojego narz\u0119dzia na miar\u0119.<\/b><br> Okre\u015bl niestandardowy wygl\u0105d i parametry wid\u017cetu, a nast\u0119pnie zastosuj zmiany.<\/li>  <li><b>Odbierz sw\u00f3j indywidualny kod, kt\u00f3ry pojawi si\u0119 w oknie w Elfsight Apps.<\/b><br> Po zako\u0144czeniu tworzenia narz\u0119dzia, skopiuj unikalny kod z pojawiaj\u0105cego si\u0119 okna i zapisz go na p\u00f3\u017aniej.<\/li>  <li><b>Rozpocznij wykorzystanie narz\u0119dzia na swojej stronie Webflow.<\/b><br> Wklej wcze\u015bniej skopiowany kod do swojej strony i zapisz poprawki.<\/li>  <li><b>Instalacja zosta\u0142a zako\u0144czona pomy\u015blnie.<\/b><br> Odwied\u017a swoj\u0105 stron\u0119, aby zobaczy\u0107, jak dzia\u0142a wid\u017cet.<\/li><\/ol> <p>W razie pyta\u0144 lub napotkania jakichkolwiek problem\u00f3w, nie wahaj si\u0119 skontaktowa\u0107 z naszym zespo\u0142em wsparcia. Nasi specjali\u015bci ch\u0119tnie pomog\u0105 Ci rozwi\u0105za\u0107 wszystkie problemy zwi\u0105zane z produktem.<\/p><\/div><div class=\"faq\" data-component=\"FAQ\"><div class=\"faq-item\">\r\n\t\t\t\t\t<div class=\"faq-item-question\">\r\n\t\t\t\t\t\t<h3 class=\"faq-item-question-text\">Czy istnieje rzeczywisty przyk\u0142ad Kalkulatora w Webflow?<\/h3>\r\n\r\n\t\t\t\t\t\t<div class=\"faq-item-question-icon\"><\/div>\r\n\t\t\t\t\t<\/div>\r\n\r\n\t\t\t\t\t<div class=\"faq-item-answer\">\r\n\t\t\t\t\t\t<div class=\"faq-item-answer-text\"><\/div>\r\n\t\t\t\t\t<\/div>\r\n\t\t\t\t<\/div>Nasza strona Webflow to \u015bwietne miejsce, aby zobaczy\u0107 nasze <a href=\"https:\/\/webflow.com\/made-in-webflow\/website\/webflow-calculator-widget-elfsight\" target=\"_blank\" rel=\"noreferrer noopener\">integracje Kalkulatora<\/a> w akcji. Mamy kilka wizualnych przyk\u0142ad\u00f3w, kt\u00f3re o\u017cywiaj\u0105 produkt.&lt;\/faq_item]<\/div>","protected":false},"excerpt":{"rendered":"","protected":false},"author":9,"featured_media":0,"parent":8254,"menu_order":0,"comment_status":"closed","ping_status":"closed","template":"templates\/template-application-platform.php","meta":{"publish_to_discourse":"","publish_post_category":"","wpdc_auto_publish_overridden":"","wpdc_topic_tags":"","wpdc_pin_topic":"","wpdc_pin_until":"","discourse_post_id":"","discourse_permalink":"","wpdc_publishing_response":"","wpdc_publishing_error":"","footnotes":""},"class_list":["post-8845","page","type-page","status-publish","hentry"],"yoast_head":"<!-- This site is optimized with the Yoast SEO plugin v25.3.1 - https:\/\/yoast.com\/wordpress\/plugins\/seo\/ -->\n<title>KalkulatorWebflow-ZbudujKalkulatorCenowyDoWebflow<\/title>\n<meta name=\"description\" content=\"U\u017cyjtw\u00f3rcyKalkulatoraWebflow,dlaintegrowaniasimplewidgetnastw\u00f3jstron\u0119.Zwi\u0119kszWebflow dzi\u0119kicennikowi lubkalkulatorowi szacunkowemu.\" \/>\n<meta name=\"robots\" content=\"index, follow, max-snippet:-1, max-image-preview:large, max-video-preview:-1\" \/>\n<link rel=\"canonical\" href=\"https:\/\/elfsight.com\/pl\/calculator-form-widget\/webflow\/\" \/>\n<meta property=\"og:locale\" content=\"pl_PL\" \/>\n<meta property=\"og:type\" content=\"article\" \/>\n<meta property=\"og:title\" content=\"KalkulatorWebflow-ZbudujKalkulatorCenowyDoWebflow\" \/>\n<meta property=\"og:description\" content=\"U\u017cyjtw\u00f3rcyKalkulatoraWebflow,dlaintegrowaniasimplewidgetnastw\u00f3jstron\u0119.Zwi\u0119kszWebflow dzi\u0119kicennikowi lubkalkulatorowi szacunkowemu.\" \/>\n<meta property=\"og:url\" content=\"https:\/\/elfsight.com\/pl\/calculator-form-widget\/webflow\/\" \/>\n<meta property=\"og:site_name\" content=\"Elfsight PL\" \/>\n<meta property=\"article:modified_time\" content=\"2024-12-25T10:58:32+00:00\" \/>\n<meta name=\"twitter:card\" content=\"summary_large_image\" \/>\n<meta name=\"twitter:label1\" content=\"Szacowany czas czytania\" \/>\n\t<meta name=\"twitter:data1\" content=\"2 minuty\" \/>\n<!-- \/ Yoast SEO plugin. -->","yoast_head_json":{"title":"KalkulatorWebflow-ZbudujKalkulatorCenowyDoWebflow","description":"U\u017cyjtw\u00f3rcyKalkulatoraWebflow,dlaintegrowaniasimplewidgetnastw\u00f3jstron\u0119.Zwi\u0119kszWebflow dzi\u0119kicennikowi lubkalkulatorowi szacunkowemu.","robots":{"index":"index","follow":"follow","max-snippet":"max-snippet:-1","max-image-preview":"max-image-preview:large","max-video-preview":"max-video-preview:-1"},"canonical":"https:\/\/elfsight.com\/pl\/calculator-form-widget\/webflow\/","og_locale":"pl_PL","og_type":"article","og_title":"KalkulatorWebflow-ZbudujKalkulatorCenowyDoWebflow","og_description":"U\u017cyjtw\u00f3rcyKalkulatoraWebflow,dlaintegrowaniasimplewidgetnastw\u00f3jstron\u0119.Zwi\u0119kszWebflow dzi\u0119kicennikowi lubkalkulatorowi szacunkowemu.","og_url":"https:\/\/elfsight.com\/pl\/calculator-form-widget\/webflow\/","og_site_name":"Elfsight PL","article_modified_time":"2024-12-25T10:58:32+00:00","twitter_card":"summary_large_image","twitter_misc":{"Szacowany czas czytania":"2 minuty"},"schema":{"@context":"https:\/\/schema.org","@graph":[{"@type":"WebPage","@id":"https:\/\/elfsight.com\/pl\/calculator-form-widget\/webflow\/","url":"https:\/\/elfsight.com\/pl\/calculator-form-widget\/webflow\/","name":"KalkulatorWebflow-ZbudujKalkulatorCenowyDoWebflow","isPartOf":{"@id":"https:\/\/elfsight.com\/pl\/#website"},"datePublished":"2024-04-15T10:48:16+00:00","dateModified":"2024-12-25T10:58:32+00:00","description":"U\u017cyjtw\u00f3rcyKalkulatoraWebflow,dlaintegrowaniasimplewidgetnastw\u00f3jstron\u0119.Zwi\u0119kszWebflow dzi\u0119kicennikowi lubkalkulatorowi szacunkowemu.","breadcrumb":{"@id":"https:\/\/elfsight.com\/pl\/calculator-form-widget\/webflow\/#breadcrumb"},"inLanguage":"pl-PL","potentialAction":[{"@type":"ReadAction","target":["https:\/\/elfsight.com\/pl\/calculator-form-widget\/webflow\/"]}]},{"@type":"BreadcrumbList","@id":"https:\/\/elfsight.com\/pl\/calculator-form-widget\/webflow\/#breadcrumb","itemListElement":[{"@type":"ListItem","position":1,"name":"Home","item":"https:\/\/elfsight.com\/pl\/"},{"@type":"ListItem","position":2,"name":"Calculator","item":"https:\/\/elfsight.com\/pl\/calculator-form-widget\/"},{"@type":"ListItem","position":3,"name":"Calculator &#8211; Webflow"}]},{"@type":"WebSite","@id":"https:\/\/elfsight.com\/pl\/#website","url":"https:\/\/elfsight.com\/pl\/","name":"Elfsight PL","description":"Just another Elfsight Sites site","potentialAction":[{"@type":"SearchAction","target":{"@type":"EntryPoint","urlTemplate":"https:\/\/elfsight.com\/pl\/?s={search_term_string}"},"query-input":{"@type":"PropertyValueSpecification","valueRequired":true,"valueName":"search_term_string"}}],"inLanguage":"pl-PL"}]}},"meta_box":{"industry":"","seo_heading":"","heading":"","description":"","cta_heading":"","cta_description":"","application":"9524","h1":"Webflow Kalkulator Builder","h1_caption":"","application_category":[],"applications_title":"","applications_request_title":"","applications_request_button_text":"","hero_text":"","hero_video":"","hero_video_schema_markup":"","selling_points_title":"","selling_points_caption":"","selling_points":[],"selling_points_cta_text":"","features_title":"","features":"","ed_cta_examples_text":"","ed_cta_examples_hidden":"","ed_cta_demo_text":"","ed_cta_demo_hidden":"","why_caption":"","why_editor_title":"","why_editor_text":"","why_team_title":"","why_team_text":"","why_service_title":"","why_service_text":"","template_catalog_visible":"0","template_catalog_title":"","template_catalog_text":"","template_catalog_categories_visible":"","demo_title":"Stw\u00f3rzsw\u00f3jwidgetKalkulatora","demo_caption":"Skonfigurujsw\u00f3jKalkulatoraiDodajgoDoTwojejstronyWebflowzaDarmo!","default_faq_hidden":"","app_template_category":[],"platform":"127","template_public_id":"","codecanyon_url":"","codecanyon_item_id":"","codecanyon_price":"","pricing_caption":"","pricing_elfsight_apps_hide_column":"","pricing_elfsight_apps_url":"","pricing_codecanyon_price_caption":"","integration_category":[],"integration_request_title":"","integration_request_cta":"","integration_platform":"","integrations":[],"platform_category":[],"video_schema_markup":"","price":"od $ 0\/miesi\u0105c","trial":"","benefits":[{"text":"Bezp\u0142atnaservicainstalacji"},{"text":"Profesjonalnaserwisklienta"},{"text":"14-dniowagarancjazwrotu"},{"text":"Ci\u0105g\u0142yrozw\u00f3j"},{"text":""}],"button_url":"#demo","button_target_blank":"0","button_nofollow":"0","attributes":[{"name":"Instalacje","content":"50,000 - 100,000"},{"name":"Responsywny","content":"Tak"},{"name":"Kompatybilneprzegl\u0105darki","content":"Firefox, Safari, Opera, Chrome, Edge"}],"tags":[],"tags_disable_links":"0","hide_more_platforms":"","video_object":"","demo_hide_cta":"0","demo_hide_cloud_options":"0","pricing_title":"","pricing":[{"pricing_icon":"platform","pricing_title":"Elfsight Apps","pricing_title_caption":"Wersja niezale\u017cna od platformy","pricing_price":"od$0\/miesi\u0105c","pricing_price_caption":"Zacznijoddarmowego_planu","pricing_benefits":[{"text":"Nieograniczonastrony"},{"text":"Dedykowanewsparcieklienta"},{"text":"Bezp\u0142atnas\u0142u\u017cbainstalacji"},{"text":"Elastyczny projekt"}],"pricing_button_text":"Dodajdo strony","pricing_button_url":"#demo"}],"related_apps_title":"","related_apps_hidden":"0","author":"","image":[],"title":"","job":"","social_networks":[]},"_links":{"self":[{"href":"https:\/\/elfsight.com\/pl\/wp-json\/wp\/v2\/pages\/8845","targetHints":{"allow":["GET"]}}],"collection":[{"href":"https:\/\/elfsight.com\/pl\/wp-json\/wp\/v2\/pages"}],"about":[{"href":"https:\/\/elfsight.com\/pl\/wp-json\/wp\/v2\/types\/page"}],"author":[{"embeddable":true,"href":"https:\/\/elfsight.com\/pl\/wp-json\/wp\/v2\/users\/9"}],"replies":[{"embeddable":true,"href":"https:\/\/elfsight.com\/pl\/wp-json\/wp\/v2\/comments?post=8845"}],"version-history":[{"count":2,"href":"https:\/\/elfsight.com\/pl\/wp-json\/wp\/v2\/pages\/8845\/revisions"}],"predecessor-version":[{"id":9659,"href":"https:\/\/elfsight.com\/pl\/wp-json\/wp\/v2\/pages\/8845\/revisions\/9659"}],"up":[{"embeddable":true,"href":"https:\/\/elfsight.com\/pl\/wp-json\/wp\/v2\/pages\/8254"}],"wp:attachment":[{"href":"https:\/\/elfsight.com\/pl\/wp-json\/wp\/v2\/media?parent=8845"}],"curies":[{"name":"wp","href":"https:\/\/api.w.org\/{rel}","templated":true}]}}