{"id":8840,"date":"2024-04-15T10:59:33","date_gmt":"2024-04-15T10:59:33","guid":{"rendered":"https:\/\/elfsight.com\/pl\/?page_id=8840"},"modified":"2024-12-25T10:57:49","modified_gmt":"2024-12-25T10:57:49","slug":"shopify","status":"publish","type":"page","link":"https:\/\/elfsight.com\/pl\/calculator-form-widget\/shopify\/","title":{"rendered":"Calculator &#8211; Shopify"},"content":{"rendered":"<div class=\"application-platform-content-item-description application-platform-content-item\" id=\"description\" data-nav-section=\"description\">  <h2>Osad\u017a Kalkulator w Shopify za pomoc\u0105 aplikacji Elfsight<\/h2> <p>Wid\u017cet Kalkulatora daje u\u017cytkownikom Twojej strony internetowej mo\u017cliwo\u015b\u0107 planowania wydatk\u00f3w, tras podr\u00f3\u017cy, proporcji do gotowania i wielu innych kwestii zwi\u0105zanych z Twoj\u0105 dzia\u0142alno\u015bci\u0105. Mo\u017cna doda\u0107 wymagane pola i dodatkowe opcje do osadzonego wid\u017cetu, dzi\u0119ki czemu odwiedzaj\u0105cy mog\u0105 analizowa\u0107 korzy\u015bci bez opuszczania strony. Logika warunkowa pozwala wymy\u015bli\u0107 uniwersalne rozwi\u0105zania dla Twojego scenariusza i ka\u017cdego u\u017cytkownika.<\/p><p>Elementy do zarz\u0105dzania, takie jak pola wyboru, suwaki i listy rozwijane, pozwalaj\u0105 uwzgl\u0119dni\u0107 dowolny wz\u00f3r ustalania cen dla konkretnych produkt\u00f3w. Na przyk\u0142ad mo\u017cesz obliczy\u0107 po\u017cyczki z okre\u015blonym oprocentowaniem na wymagany czas. Mo\u017cesz zaoferowa\u0107 wynajem samochodu z wieloma dodatkowymi opcjami do wyboru. Dodatkowo kalkulator mo\u017ce zaplanowa\u0107 wymarzon\u0105 podr\u00f3\u017c, uwzgl\u0119dniaj\u0105c transport, zakwaterowanie i niezb\u0119dne wycieczki.<\/p><p><b>Zapewnij swoim klientom wygodne do\u015bwiadczenie kalkulacji, dodaj\u0105c prosty wid\u017cet liczenia!<\/b><\/p><\/div> <div class=\"application-platform-content-item-features application-platform-content-item\" id=\"features\" data-nav-section=\"features\"> <h2>Wid\u017cet posiada przydatne i szybkie funkcje, oto niekt\u00f3re z nich:<\/h2> <ul><li>Rozwi\u0105zanie z prostym interfejsem umo\u017cliwiaj\u0105ce wszelkie kalkulacje<\/li><li>Wielokrotne opcje p\u00f3l kalkulacyjnych dla r\u00f3\u017cnych scenariuszy<\/li><li>Funkcja logiki warunkowej, kt\u00f3ra upraszcza nawet szczeg\u00f3\u0142owe obliczenia<\/li><li>Wszechstronne szablony, kt\u00f3re pozwalaj\u0105 rozpocz\u0105\u0107 bez wysi\u0142ku<\/li><li>Zintegrowane narz\u0119dzie wspomagaj\u0105ce podejmowanie decyzji<\/li><\/ul><p><a href=\"#demo\">Pe\u0142ne mo\u017cliwo\u015bci wid\u017cetu mo\u017cesz sprawdzi\u0107 w demonstracji na tej stronie<\/a><\/p><\/div> <div class=\"application-platform-content-item-installation application-platform-content-item\" id=\"installation\" data-nav-section=\"installation\"> <h2>Jak osadzi\u0107 Kalkulator na mojej stronie Shopify?<\/h2> <p>Wystarczy, \u017ce post\u0119pujesz zgodnie z poni\u017cszymi krokami, aby osadzi\u0107 wid\u017cet.<\/p> <ol><li><b>Skorzystaj z naszego darmowego konfiguratora i rozpocznij tworzenie narz\u0119dzia na miar\u0119.<\/b><br> Znajd\u017a po\u017c\u0105dany wygl\u0105d i funkcje wtyczki, a nast\u0119pnie zapisz zmiany.<\/li>  <li><b>Odbierz sw\u00f3j indywidualny kod, kt\u00f3ry pojawi si\u0119 w specjalnym formularzu w Elfsight Apps.<\/b><br> Po zako\u0144czeniu tworzenia narz\u0119dzia skopiuj indywidualny kod z okna popup i zapisz go na p\u00f3\u017aniej.<\/li>  <li><b>Rozpocznij u\u017cywanie wid\u017cetu na swojej stronie Shopify.<\/b><br> Wklej skopiowany kod do swojej strony g\u0142\u00f3wnej i zastosuj poprawki.<\/li>  <li><b>Gotowe! Integracja zosta\u0142a pomy\u015blnie zako\u0144czona.<\/b><br> Przejd\u017a na swoj\u0105 stron\u0119 internetow\u0105, aby zobaczy\u0107, jak dzia\u0142a narz\u0119dzie.<\/li><\/ol> <p>W razie napotkania jakichkolwiek problem\u00f3w, skontaktuj si\u0119 z naszym zespo\u0142em obs\u0142ugi klienta. Nasi pracownicy ch\u0119tnie pomog\u0105 rozwi\u0105za\u0107 wszelkie trudno\u015bci zwi\u0105zane z wtyczk\u0105.<\/p><\/div> ","protected":false},"excerpt":{"rendered":"","protected":false},"author":9,"featured_media":0,"parent":8254,"menu_order":0,"comment_status":"closed","ping_status":"closed","template":"templates\/template-application-platform.php","meta":{"publish_to_discourse":"","publish_post_category":"","wpdc_auto_publish_overridden":"","wpdc_topic_tags":"","wpdc_pin_topic":"","wpdc_pin_until":"","discourse_post_id":"","discourse_permalink":"","wpdc_publishing_response":"","wpdc_publishing_error":"","footnotes":""},"class_list":["post-8840","page","type-page","status-publish","hentry"],"yoast_head":"<!-- This site is optimized with the Yoast SEO plugin v25.3.1 - https:\/\/yoast.com\/wordpress\/plugins\/seo\/ -->\n<title>KalkulatorShopify-DodajInteraktywnyKalkulatorDoShopify<\/title>\n<meta name=\"description\" content=\"DodajinteraktywnykalkulatordoShopify.Zbudujkalkulatordoprozmaitychscenariuszyiwariant\u00f3wwprostymifreeappie.\" \/>\n<meta name=\"robots\" content=\"index, follow, max-snippet:-1, max-image-preview:large, max-video-preview:-1\" \/>\n<link rel=\"canonical\" href=\"https:\/\/elfsight.com\/pl\/calculator-form-widget\/shopify\/\" \/>\n<meta property=\"og:locale\" content=\"pl_PL\" \/>\n<meta property=\"og:type\" content=\"article\" \/>\n<meta property=\"og:title\" content=\"KalkulatorShopify-DodajInteraktywnyKalkulatorDoShopify\" \/>\n<meta property=\"og:description\" content=\"DodajinteraktywnykalkulatordoShopify.Zbudujkalkulatordoprozmaitychscenariuszyiwariant\u00f3wwprostymifreeappie.\" \/>\n<meta property=\"og:url\" content=\"https:\/\/elfsight.com\/pl\/calculator-form-widget\/shopify\/\" \/>\n<meta property=\"og:site_name\" content=\"Elfsight PL\" \/>\n<meta property=\"article:modified_time\" content=\"2024-12-25T10:57:49+00:00\" \/>\n<meta name=\"twitter:card\" content=\"summary_large_image\" \/>\n<meta name=\"twitter:label1\" content=\"Szacowany czas czytania\" \/>\n\t<meta name=\"twitter:data1\" content=\"2 minuty\" \/>\n<!-- \/ Yoast SEO plugin. -->","yoast_head_json":{"title":"KalkulatorShopify-DodajInteraktywnyKalkulatorDoShopify","description":"DodajinteraktywnykalkulatordoShopify.Zbudujkalkulatordoprozmaitychscenariuszyiwariant\u00f3wwprostymifreeappie.","robots":{"index":"index","follow":"follow","max-snippet":"max-snippet:-1","max-image-preview":"max-image-preview:large","max-video-preview":"max-video-preview:-1"},"canonical":"https:\/\/elfsight.com\/pl\/calculator-form-widget\/shopify\/","og_locale":"pl_PL","og_type":"article","og_title":"KalkulatorShopify-DodajInteraktywnyKalkulatorDoShopify","og_description":"DodajinteraktywnykalkulatordoShopify.Zbudujkalkulatordoprozmaitychscenariuszyiwariant\u00f3wwprostymifreeappie.","og_url":"https:\/\/elfsight.com\/pl\/calculator-form-widget\/shopify\/","og_site_name":"Elfsight PL","article_modified_time":"2024-12-25T10:57:49+00:00","twitter_card":"summary_large_image","twitter_misc":{"Szacowany czas czytania":"2 minuty"},"schema":{"@context":"https:\/\/schema.org","@graph":[{"@type":"WebPage","@id":"https:\/\/elfsight.com\/pl\/calculator-form-widget\/shopify\/","url":"https:\/\/elfsight.com\/pl\/calculator-form-widget\/shopify\/","name":"KalkulatorShopify-DodajInteraktywnyKalkulatorDoShopify","isPartOf":{"@id":"https:\/\/elfsight.com\/pl\/#website"},"datePublished":"2024-04-15T10:59:33+00:00","dateModified":"2024-12-25T10:57:49+00:00","description":"DodajinteraktywnykalkulatordoShopify.Zbudujkalkulatordoprozmaitychscenariuszyiwariant\u00f3wwprostymifreeappie.","breadcrumb":{"@id":"https:\/\/elfsight.com\/pl\/calculator-form-widget\/shopify\/#breadcrumb"},"inLanguage":"pl-PL","potentialAction":[{"@type":"ReadAction","target":["https:\/\/elfsight.com\/pl\/calculator-form-widget\/shopify\/"]}]},{"@type":"BreadcrumbList","@id":"https:\/\/elfsight.com\/pl\/calculator-form-widget\/shopify\/#breadcrumb","itemListElement":[{"@type":"ListItem","position":1,"name":"Home","item":"https:\/\/elfsight.com\/pl\/"},{"@type":"ListItem","position":2,"name":"Calculator","item":"https:\/\/elfsight.com\/pl\/calculator-form-widget\/"},{"@type":"ListItem","position":3,"name":"Calculator &#8211; Shopify"}]},{"@type":"WebSite","@id":"https:\/\/elfsight.com\/pl\/#website","url":"https:\/\/elfsight.com\/pl\/","name":"Elfsight PL","description":"Just another Elfsight Sites site","potentialAction":[{"@type":"SearchAction","target":{"@type":"EntryPoint","urlTemplate":"https:\/\/elfsight.com\/pl\/?s={search_term_string}"},"query-input":{"@type":"PropertyValueSpecification","valueRequired":true,"valueName":"search_term_string"}}],"inLanguage":"pl-PL"}]}},"meta_box":{"industry":"","seo_heading":"","heading":"","description":"","cta_heading":"","cta_description":"","application":"9524","h1":"Shopify Kalkulator","h1_caption":"","application_category":[],"applications_title":"","applications_request_title":"","applications_request_button_text":"","hero_text":"","hero_video":"","hero_video_schema_markup":"","selling_points_title":"","selling_points_caption":"","selling_points":[],"selling_points_cta_text":"","features_title":"","features":"","ed_cta_examples_text":"","ed_cta_examples_hidden":"","ed_cta_demo_text":"","ed_cta_demo_hidden":"","why_caption":"","why_editor_title":"","why_editor_text":"","why_team_title":"","why_team_text":"","why_service_title":"","why_service_text":"","template_catalog_visible":"0","template_catalog_title":"","template_catalog_text":"","template_catalog_categories_visible":"","demo_title":"Stw\u00f3rzswoj\u0105aplikacj\u0119Kalkulatora","demo_caption":"Skonfigurujsw\u00f3jKalkulatoraiDodajgoDoTwojejstronyShopifyzaDarmo!","default_faq_hidden":"","app_template_category":[],"platform":"7580","template_public_id":"","codecanyon_url":"","codecanyon_item_id":"","codecanyon_price":"","pricing_caption":"","pricing_elfsight_apps_hide_column":"","pricing_elfsight_apps_url":"","pricing_codecanyon_price_caption":"","integration_category":[],"integration_request_title":"","integration_request_cta":"","integration_platform":"","integrations":[],"platform_category":[],"video_schema_markup":"","price":"od$0\/miesi\u0105c","trial":"","benefits":[{"text":"Bezp\u0142atnaservicainstalacji"},{"text":"Skutecznaservisklienta"},{"text":"14-dniowagarancjazwrotu"},{"text":"Ci\u0105g\u0142yrozw\u00f3j"},{"text":""}],"button_url":"#demo","button_target_blank":"0","button_nofollow":"0","attributes":[{"name":"Instalacje","content":"50,000 - 100,000"},{"name":"Responsywny","content":"Tak"},{"name":"Kompatybilneprzegl\u0105darki","content":"Firefox, Safari, Opera, Chrome, Edge"}],"tags":[],"tags_disable_links":"0","hide_more_platforms":"","video_object":"","demo_hide_cta":"0","demo_hide_cloud_options":"0","pricing_title":"","pricing":[{"pricing_icon":"platform","pricing_title":"Elfsight Apps","pricing_title_caption":"Wieloplatformowe rozwi\u0105zanie cyfrowe","pricing_price":"od$0\/miesi\u0105c","pricing_price_caption":"Zacznijoddarmowego_planu","pricing_benefits":[{"text":"Nieograniczonedomeny"},{"text":"Dedykowaneiterminowewsparcie"},{"text":"Bezp\u0142atnapomocinstalacyjna"},{"text":"Elastyczny projekt"}],"pricing_button_text":"Dodajdo strony","pricing_button_url":"#demo"}],"related_apps_title":"","related_apps_hidden":"0","author":"","image":[],"title":"","job":"","social_networks":[]},"_links":{"self":[{"href":"https:\/\/elfsight.com\/pl\/wp-json\/wp\/v2\/pages\/8840","targetHints":{"allow":["GET"]}}],"collection":[{"href":"https:\/\/elfsight.com\/pl\/wp-json\/wp\/v2\/pages"}],"about":[{"href":"https:\/\/elfsight.com\/pl\/wp-json\/wp\/v2\/types\/page"}],"author":[{"embeddable":true,"href":"https:\/\/elfsight.com\/pl\/wp-json\/wp\/v2\/users\/9"}],"replies":[{"embeddable":true,"href":"https:\/\/elfsight.com\/pl\/wp-json\/wp\/v2\/comments?post=8840"}],"version-history":[{"count":2,"href":"https:\/\/elfsight.com\/pl\/wp-json\/wp\/v2\/pages\/8840\/revisions"}],"predecessor-version":[{"id":9657,"href":"https:\/\/elfsight.com\/pl\/wp-json\/wp\/v2\/pages\/8840\/revisions\/9657"}],"up":[{"embeddable":true,"href":"https:\/\/elfsight.com\/pl\/wp-json\/wp\/v2\/pages\/8254"}],"wp:attachment":[{"href":"https:\/\/elfsight.com\/pl\/wp-json\/wp\/v2\/media?parent=8840"}],"curies":[{"name":"wp","href":"https:\/\/api.w.org\/{rel}","templated":true}]}}