{"id":8839,"date":"2024-04-15T11:03:38","date_gmt":"2024-04-15T11:03:38","guid":{"rendered":"https:\/\/elfsight.com\/pl\/?page_id=8839"},"modified":"2024-12-25T10:35:42","modified_gmt":"2024-12-25T10:35:42","slug":"elementor","status":"publish","type":"page","link":"https:\/\/elfsight.com\/pl\/calculator-form-widget\/elementor\/","title":{"rendered":"Calculator &#8211; Elementor"},"content":{"rendered":"<div class=\"application-platform-content-item-description application-platform-content-item\" id=\"description\" data-nav-section=\"description\">  <h2>Osad\u017a kalkulator w Elementorze za pomoc\u0105 widgetu Elfsight<\/h2> <p>Widget kalkulatora daje Twoim klientom mo\u017cliwo\u015b\u0107 planowania bud\u017cetu, tras podr\u00f3\u017cy, proporcji do gotowania i wielu innych rzeczy, w zale\u017cno\u015bci od bran\u017cy. Mo\u017cna doda\u0107 konkretne pola i dodatkowe opcje do tego osadzonego widgetu, aby klienci mogli zobaczy\u0107 korzy\u015bci bez opuszczania strony internetowej. Funkcja logiki warunkowej pomaga tworzy\u0107 uniwersalne wzorce dla dowolnego scenariusza i ka\u017cdego klienta.<\/p><p>Elementy zarz\u0105dzalne, takie jak pola wyboru, suwaki i menu rozwijane, pozwalaj\u0105 na dodanie dowolnego wzoru cenowego dla okre\u015blonych produkt\u00f3w. Na przyk\u0142ad, u\u017cyj go do obliczenia kredyt\u00f3w przy okre\u015blonej stopie procentowej na rozs\u0105dny czas. Mo\u017cesz zaoferowa\u0107 wynajem samochod\u00f3w z wieloma dodatkowymi opcjami do wyboru. Ponadto, kalkulator mo\u017ce zaplanowa\u0107 wymarzon\u0105 podr\u00f3\u017c, uwzgl\u0119dniaj\u0105c loty, zakwaterowanie i najlepsze wydarzenia.<\/p><p><b>Odwiedzaj\u0105cy Twoj\u0105 stron\u0119 doceni\u0105 idealne do\u015bwiadczenie obliczeniowe, integruj\u0105c prosty widget licz\u0105cy!<\/b><\/p><\/div> <div class=\"application-platform-content-item-features application-platform-content-item\" id=\"features\" data-nav-section=\"features\"> <h2>Znajd\u017a poni\u017cej g\u0142\u00f3wne funkcje widgetu:<\/h2> <ul><li>Narz\u0119dzie z prostym interfejsem, kt\u00f3re obs\u0142uguje ka\u017cde obliczenia<\/li><li>Wielka liczba opcji p\u00f3l obliczeniowych dla r\u00f3\u017cnych potrzeb<\/li><li>Logika warunkowa, kt\u00f3ra upraszcza nawet wieloetapowe obliczenia<\/li><li>Szablony dostosowuj\u0105ce do \u0142atwego startu<\/li><li>Narz\u0119dzie na stronie, kt\u00f3re wspomaga podejmowanie decyzji<\/li><\/ul><p><a href=\"#demo\">Po prostu wypr\u00f3buj to demo, aby uzyska\u0107 pe\u0142ny obraz<\/a><\/p><\/div> <div class=\"application-platform-content-item-installation application-platform-content-item\" id=\"installation\" data-nav-section=\"installation\"> <h2>Jak wstawi\u0107 kalkulator na moj\u0105 stron\u0119 Elementor?<\/h2>  <p>Po prostu wykonaj poni\u017csze kroki, aby doda\u0107 narz\u0119dzie.<\/p> <ol><li><b>Skorzystaj z naszej darmowej wersji demo i rozpocznij tworzenie spersonalizowanego widgetu.<\/b><br> Okre\u015bl odpowiedni wygl\u0105d i cechy wtyczki i zastosuj zmiany.<\/li>  <li><b>Odbierz indywidualny kod wy\u015bwietlany w oknie na Elfsight Apps.<\/b><br> Po zako\u0144czeniu generowania Twojego widgetu, skopiuj unikalny kod z pojawiaj\u0105cego si\u0119 okna i zapisz go do p\u00f3\u017aniejszego u\u017cycia.<\/li>  <li><b>Rozpocznij u\u017cywanie narz\u0119dzia na swojej stronie Elementor.<\/b><br> Wstaw zapisany wcze\u015bniej kod na swoj\u0105 stron\u0119 g\u0142\u00f3wn\u0105 i zastosuj zmiany.<\/li>  <li><b>Konfiguracja zako\u0144czona pomy\u015blnie.<\/b><br> Odwied\u017a swoj\u0105 stron\u0119, aby zobaczy\u0107 dzia\u0142anie wtyczki.<\/li><\/ol> <p>Je\u015bli napotkasz jakiekolwiek trudno\u015bci, \u015bmia\u0142o skontaktuj si\u0119 z nasz\u0105 obs\u0142ug\u0105 klienta. Nasi specjali\u015bci ch\u0119tnie pomog\u0105 Ci rozwi\u0105za\u0107 wszelkie problemy z widgetem.<\/p> <\/div> ","protected":false},"excerpt":{"rendered":"","protected":false},"author":9,"featured_media":0,"parent":8254,"menu_order":0,"comment_status":"closed","ping_status":"closed","template":"templates\/template-application-platform.php","meta":{"publish_to_discourse":"","publish_post_category":"","wpdc_auto_publish_overridden":"","wpdc_topic_tags":"","wpdc_pin_topic":"","wpdc_pin_until":"","discourse_post_id":"","discourse_permalink":"","wpdc_publishing_response":"","wpdc_publishing_error":"","footnotes":""},"class_list":["post-8839","page","type-page","status-publish","hentry"],"yoast_head":"<!-- This site is optimized with the Yoast SEO plugin v25.3.1 - https:\/\/yoast.com\/wordpress\/plugins\/seo\/ -->\n<title>KalkulatorElementor-Stw\u00f3rzZaawansowanyKalkulatorDoElementora<\/title>\n<meta name=\"description\" content=\"Stw\u00f3rzwidgetKalkulatoraDlaElementora.Dajklientommo\u017cliwo\u015b\u0107liczeniawszystkiego bezpo\u015brednionastronieElementora.\" \/>\n<meta name=\"robots\" content=\"index, follow, max-snippet:-1, max-image-preview:large, max-video-preview:-1\" \/>\n<link rel=\"canonical\" href=\"https:\/\/elfsight.com\/pl\/calculator-form-widget\/elementor\/\" \/>\n<meta property=\"og:locale\" content=\"pl_PL\" \/>\n<meta property=\"og:type\" content=\"article\" \/>\n<meta property=\"og:title\" content=\"KalkulatorElementor-Stw\u00f3rzZaawansowanyKalkulatorDoElementora\" \/>\n<meta property=\"og:description\" content=\"Stw\u00f3rzwidgetKalkulatoraDlaElementora.Dajklientommo\u017cliwo\u015b\u0107liczeniawszystkiego bezpo\u015brednionastronieElementora.\" \/>\n<meta property=\"og:url\" content=\"https:\/\/elfsight.com\/pl\/calculator-form-widget\/elementor\/\" \/>\n<meta property=\"og:site_name\" content=\"Elfsight PL\" \/>\n<meta property=\"article:modified_time\" content=\"2024-12-25T10:35:42+00:00\" \/>\n<meta name=\"twitter:card\" content=\"summary_large_image\" \/>\n<meta name=\"twitter:label1\" content=\"Szacowany czas czytania\" \/>\n\t<meta name=\"twitter:data1\" content=\"2 minuty\" \/>\n<!-- \/ Yoast SEO plugin. -->","yoast_head_json":{"title":"KalkulatorElementor-Stw\u00f3rzZaawansowanyKalkulatorDoElementora","description":"Stw\u00f3rzwidgetKalkulatoraDlaElementora.Dajklientommo\u017cliwo\u015b\u0107liczeniawszystkiego bezpo\u015brednionastronieElementora.","robots":{"index":"index","follow":"follow","max-snippet":"max-snippet:-1","max-image-preview":"max-image-preview:large","max-video-preview":"max-video-preview:-1"},"canonical":"https:\/\/elfsight.com\/pl\/calculator-form-widget\/elementor\/","og_locale":"pl_PL","og_type":"article","og_title":"KalkulatorElementor-Stw\u00f3rzZaawansowanyKalkulatorDoElementora","og_description":"Stw\u00f3rzwidgetKalkulatoraDlaElementora.Dajklientommo\u017cliwo\u015b\u0107liczeniawszystkiego bezpo\u015brednionastronieElementora.","og_url":"https:\/\/elfsight.com\/pl\/calculator-form-widget\/elementor\/","og_site_name":"Elfsight PL","article_modified_time":"2024-12-25T10:35:42+00:00","twitter_card":"summary_large_image","twitter_misc":{"Szacowany czas czytania":"2 minuty"},"schema":{"@context":"https:\/\/schema.org","@graph":[{"@type":"WebPage","@id":"https:\/\/elfsight.com\/pl\/calculator-form-widget\/elementor\/","url":"https:\/\/elfsight.com\/pl\/calculator-form-widget\/elementor\/","name":"KalkulatorElementor-Stw\u00f3rzZaawansowanyKalkulatorDoElementora","isPartOf":{"@id":"https:\/\/elfsight.com\/pl\/#website"},"datePublished":"2024-04-15T11:03:38+00:00","dateModified":"2024-12-25T10:35:42+00:00","description":"Stw\u00f3rzwidgetKalkulatoraDlaElementora.Dajklientommo\u017cliwo\u015b\u0107liczeniawszystkiego bezpo\u015brednionastronieElementora.","breadcrumb":{"@id":"https:\/\/elfsight.com\/pl\/calculator-form-widget\/elementor\/#breadcrumb"},"inLanguage":"pl-PL","potentialAction":[{"@type":"ReadAction","target":["https:\/\/elfsight.com\/pl\/calculator-form-widget\/elementor\/"]}]},{"@type":"BreadcrumbList","@id":"https:\/\/elfsight.com\/pl\/calculator-form-widget\/elementor\/#breadcrumb","itemListElement":[{"@type":"ListItem","position":1,"name":"Home","item":"https:\/\/elfsight.com\/pl\/"},{"@type":"ListItem","position":2,"name":"Calculator","item":"https:\/\/elfsight.com\/pl\/calculator-form-widget\/"},{"@type":"ListItem","position":3,"name":"Calculator &#8211; Elementor"}]},{"@type":"WebSite","@id":"https:\/\/elfsight.com\/pl\/#website","url":"https:\/\/elfsight.com\/pl\/","name":"Elfsight PL","description":"Just another Elfsight Sites site","potentialAction":[{"@type":"SearchAction","target":{"@type":"EntryPoint","urlTemplate":"https:\/\/elfsight.com\/pl\/?s={search_term_string}"},"query-input":{"@type":"PropertyValueSpecification","valueRequired":true,"valueName":"search_term_string"}}],"inLanguage":"pl-PL"}]}},"meta_box":{"industry":"","seo_heading":"","heading":"","description":"","cta_heading":"","cta_description":"","application":"9524","h1":"Elementor Kalkulator","h1_caption":"","application_category":[],"applications_title":"","applications_request_title":"","applications_request_button_text":"","hero_text":"","hero_video":"","hero_video_schema_markup":"","selling_points_title":"","selling_points_caption":"","selling_points":[],"selling_points_cta_text":"","features_title":"","features":"","ed_cta_examples_text":"","ed_cta_examples_hidden":"","ed_cta_demo_text":"","ed_cta_demo_hidden":"","why_caption":"","why_editor_title":"","why_editor_text":"","why_team_title":"","why_team_text":"","why_service_title":"","why_service_text":"","template_catalog_visible":"0","template_catalog_title":"","template_catalog_text":"","template_catalog_categories_visible":"","demo_title":"Stw\u00f3rzsw\u00f3jwidgetKalkulatora","demo_caption":"Skonfigurujsw\u00f3jKalkulatoraiDodajgoDoTwojejstronyElementorzaDarmo!","default_faq_hidden":"","app_template_category":[],"platform":"268","template_public_id":"","codecanyon_url":"","codecanyon_item_id":"","codecanyon_price":"","pricing_caption":"","pricing_elfsight_apps_hide_column":"","pricing_elfsight_apps_url":"","pricing_codecanyon_price_caption":"","integration_category":[],"integration_request_title":"","integration_request_cta":"","integration_platform":"","integrations":[],"platform_category":[],"video_schema_markup":"","price":"od$0\/miesi\u0105c","trial":"","benefits":[{"text":"Bezp\u0142atnahelpoinstalacji"},{"text":"Do\u015bwiadczonawsparcieklienta"},{"text":"14-dniowagarancjazwrotempieni\u0119dzy"},{"text":"Ci\u0105g\u0142eaktualizacjabezp\u0142atne"},{"text":""}],"button_url":"#demo","button_target_blank":"0","button_nofollow":"0","attributes":[{"name":"Instalacje","content":"50,000 - 100,000"},{"name":"Responsywny","content":"Tak"},{"name":"Kompatybilneprzegl\u0105darki","content":"Firefox, Safari, Opera, Chrome, Edge"}],"tags":[],"tags_disable_links":"0","hide_more_platforms":"","video_object":"","demo_hide_cta":"0","demo_hide_cloud_options":"0","pricing_title":"","pricing":[{"pricing_icon":"platform","pricing_title":"Elfsight Apps","pricing_title_caption":"Rozwi\u0105zanie wieloplatformowe","pricing_price":"od$0\/miesi\u0105c","pricing_price_caption":"Zacznijoddarmowego_planu","pricing_benefits":[{"text":"Nieograniczonastrony"},{"text":"Premiumwsparciefirmowei dobrzeudokumentowane"},{"text":"Bezp\u0142atnapomocinstalacyjna"},{"text":"Elastyczny projekt"}],"pricing_button_text":"Dodajdo strony","pricing_button_url":"#demo"}],"related_apps_title":"","related_apps_hidden":"0","author":"","image":[],"title":"","job":"","social_networks":[]},"_links":{"self":[{"href":"https:\/\/elfsight.com\/pl\/wp-json\/wp\/v2\/pages\/8839","targetHints":{"allow":["GET"]}}],"collection":[{"href":"https:\/\/elfsight.com\/pl\/wp-json\/wp\/v2\/pages"}],"about":[{"href":"https:\/\/elfsight.com\/pl\/wp-json\/wp\/v2\/types\/page"}],"author":[{"embeddable":true,"href":"https:\/\/elfsight.com\/pl\/wp-json\/wp\/v2\/users\/9"}],"replies":[{"embeddable":true,"href":"https:\/\/elfsight.com\/pl\/wp-json\/wp\/v2\/comments?post=8839"}],"version-history":[{"count":2,"href":"https:\/\/elfsight.com\/pl\/wp-json\/wp\/v2\/pages\/8839\/revisions"}],"predecessor-version":[{"id":9643,"href":"https:\/\/elfsight.com\/pl\/wp-json\/wp\/v2\/pages\/8839\/revisions\/9643"}],"up":[{"embeddable":true,"href":"https:\/\/elfsight.com\/pl\/wp-json\/wp\/v2\/pages\/8254"}],"wp:attachment":[{"href":"https:\/\/elfsight.com\/pl\/wp-json\/wp\/v2\/media?parent=8839"}],"curies":[{"name":"wp","href":"https:\/\/api.w.org\/{rel}","templated":true}]}}