{"id":8838,"date":"2024-04-15T11:07:32","date_gmt":"2024-04-15T11:07:32","guid":{"rendered":"https:\/\/elfsight.com\/pl\/?page_id=8838"},"modified":"2024-12-25T10:54:18","modified_gmt":"2024-12-25T10:54:18","slug":"google-sites","status":"publish","type":"page","link":"https:\/\/elfsight.com\/pl\/calculator-form-widget\/google-sites\/","title":{"rendered":"Calculator &#8211; Google Sites"},"content":{"rendered":"<div class=\"application-platform-content-item-description application-platform-content-item\" id=\"description\" data-nav-section=\"description\">  <h2>Osad\u017a kalkulator na Google Sites za pomoc\u0105 wtyczki Elfsight<\/h2> <p>Widget kalkulatora daje u\u017cytkownikom Twojej strony internetowej mo\u017cliwo\u015b\u0107 planowania bud\u017cetu, tras podr\u00f3\u017cy, proporcji do gotowania i wielu innych rzeczy zwi\u0105zanych z Twoj\u0105 dzia\u0142alno\u015bci\u0105. Mo\u017cna zintegrowa\u0107 wymagane pola i przydatne opcje w tym osadzonym widgetcie, aby u\u017cytkownicy mogli sprawdzi\u0107 korzy\u015bci bez opuszczania karty. Funkcja logiki warunkowej pomaga tworzy\u0107 uniwersalne wzorce dla Twojego scenariusza i ka\u017cdego klienta.<\/p><p>Elementy zarz\u0105dzalne, takie jak pola wyboru, suwaki i menu rozwijane, pozwalaj\u0105 doda\u0107 dowolny wz\u00f3r cenowy dla r\u00f3\u017cnych produkt\u00f3w. Na przyk\u0142ad, mo\u017cesz obliczy\u0107 kredyty przy okre\u015blonej stopie procentowej na rozs\u0105dny czas. Mo\u017cesz zaoferowa\u0107 wynajem samochodu z wieloma dodatkowymi opcjami do wyboru. Co wi\u0119cej, kalkulator mo\u017ce zaplanowa\u0107 podr\u00f3\u017c Twoich marze\u0144, uwzgl\u0119dniaj\u0105c loty, zakwaterowanie i niezb\u0119dne wydarzenia.<\/p><p><b>Zapewnij odwiedzaj\u0105cym Twoj\u0105 stron\u0119 wygodne do\u015bwiadczenie obliczeniowe, integruj\u0105c widget licz\u0105cy skierowany na u\u017cytkownika!<\/b><\/p><\/div> <div class=\"application-platform-content-item-features application-platform-content-item\" id=\"features\" data-nav-section=\"features\"> <h2>Sprawd\u017a list\u0119 najprzydatniejszych funkcji:<\/h2> <ul><li>Rozwi\u0105zanie z czytelnym interfejsem, kt\u00f3re wykonuje wszelkie operacje<\/li><li>Wielka liczba opcji p\u00f3l obliczeniowych dostosowanych do Twoich potrzeb<\/li><li>Funkcja logiki warunkowej, kt\u00f3ra pozwala na obliczenia nawet w przypadku skomplikowanych oblicze\u0144<\/li><li>Szablony do szybkiego startu, kt\u00f3re u\u0142atwiaj\u0105 pocz\u0105tek<\/li><li>Zintegrowane rozwi\u0105zanie, kt\u00f3re inspiruje do podejmowania decyzji<\/li><\/ul><p><a href=\"#demo\">Mo\u017cesz przetestowa\u0107 pe\u0142ne mo\u017cliwo\u015bci widgetu w demo tutaj<\/a><\/p><\/div> <div class=\"application-platform-content-item-installation application-platform-content-item\" id=\"installation\" data-nav-section=\"installation\"> <h2>Jak wstawi\u0107 kalkulator na moj\u0105 stron\u0119 Google Sites?<\/h2> <p>Wykonaj poni\u017csze kroki, aby zacz\u0105\u0107 korzysta\u0107 z narz\u0119dzia.<\/p> <ol><li><b>Wykonaj nasz darmowy konfigurator i rozpocznij budowanie spersonalizowanego narz\u0119dzia.<\/b><br> Okre\u015bl wybrany wygl\u0105d i specyfikacj\u0119 wtyczki i zapisz zmiany.<\/li>  <li><b>Odbierz sw\u00f3j indywidualny kod wy\u015bwietlany w specjalnym formularzu na Elfsight Apps.<\/b><br> Po zako\u0144czeniu generowania Twojego narz\u0119dzia, skopiuj unikalny kod z pojawiaj\u0105cego si\u0119 okna i zapisz go na p\u00f3\u017aniej.<\/li>  <li><b>Rozpocznij u\u017cywanie narz\u0119dzia na stronie Google Sites.<\/b><br> Dodaj wcze\u015bniej skopiowany kod na swoj\u0105 stron\u0119 g\u0142\u00f3wn\u0105 i zastosuj zmiany.<\/li>  <li><b>Konfiguracja zako\u0144czona pomy\u015blnie.<\/b><br> Odwied\u017a swoj\u0105 stron\u0119, aby zobaczy\u0107 dzia\u0142anie wtyczki.<\/li><\/ol> <p>Je\u015bli napotkasz jakiekolwiek trudno\u015bci, nie wahaj si\u0119 skontaktowa\u0107 z nasz\u0105 obs\u0142ug\u0105 klienta. Nasi pracownicy ch\u0119tnie pomog\u0105 Ci rozwi\u0105za\u0107 wszelkie problemy z widgetem.<\/p><\/div>","protected":false},"excerpt":{"rendered":"","protected":false},"author":9,"featured_media":0,"parent":8254,"menu_order":0,"comment_status":"closed","ping_status":"closed","template":"templates\/template-application-platform.php","meta":{"publish_to_discourse":"","publish_post_category":"","wpdc_auto_publish_overridden":"","wpdc_topic_tags":"","wpdc_pin_topic":"","wpdc_pin_until":"","discourse_post_id":"","discourse_permalink":"","wpdc_publishing_response":"","wpdc_publishing_error":"","footnotes":""},"class_list":["post-8838","page","type-page","status-publish","hentry"],"yoast_head":"<!-- This site is optimized with the Yoast SEO plugin v25.3.1 - https:\/\/yoast.com\/wordpress\/plugins\/seo\/ -->\n<title>U\u017cyjKalkulatoraNaGoogleSites-Zwi\u0119kszOpcjeLiczeniaNaStronie<\/title>\n<meta name=\"description\" content=\"Upro\u015b\u0107nawetbardzoszczeg\u00f3\u0142oweliczeniezinteraktywnymKalkulatorem.Wypr\u00f3bujprostedemoodElfsight,abyzbudowa\u0107pot\u0119\u017cnywidget.\" \/>\n<meta name=\"robots\" content=\"index, follow, max-snippet:-1, max-image-preview:large, max-video-preview:-1\" \/>\n<link rel=\"canonical\" href=\"https:\/\/elfsight.com\/pl\/calculator-form-widget\/google-sites\/\" \/>\n<meta property=\"og:locale\" content=\"pl_PL\" \/>\n<meta property=\"og:type\" content=\"article\" \/>\n<meta property=\"og:title\" content=\"U\u017cyjKalkulatoraNaGoogleSites-Zwi\u0119kszOpcjeLiczeniaNaStronie\" \/>\n<meta property=\"og:description\" content=\"Upro\u015b\u0107nawetbardzoszczeg\u00f3\u0142oweliczeniezinteraktywnymKalkulatorem.Wypr\u00f3bujprostedemoodElfsight,abyzbudowa\u0107pot\u0119\u017cnywidget.\" \/>\n<meta property=\"og:url\" content=\"https:\/\/elfsight.com\/pl\/calculator-form-widget\/google-sites\/\" \/>\n<meta property=\"og:site_name\" content=\"Elfsight PL\" \/>\n<meta property=\"article:modified_time\" content=\"2024-12-25T10:54:18+00:00\" \/>\n<meta name=\"twitter:card\" content=\"summary_large_image\" \/>\n<meta name=\"twitter:label1\" content=\"Szacowany czas czytania\" \/>\n\t<meta name=\"twitter:data1\" content=\"2 minuty\" \/>\n<!-- \/ Yoast SEO plugin. -->","yoast_head_json":{"title":"U\u017cyjKalkulatoraNaGoogleSites-Zwi\u0119kszOpcjeLiczeniaNaStronie","description":"Upro\u015b\u0107nawetbardzoszczeg\u00f3\u0142oweliczeniezinteraktywnymKalkulatorem.Wypr\u00f3bujprostedemoodElfsight,abyzbudowa\u0107pot\u0119\u017cnywidget.","robots":{"index":"index","follow":"follow","max-snippet":"max-snippet:-1","max-image-preview":"max-image-preview:large","max-video-preview":"max-video-preview:-1"},"canonical":"https:\/\/elfsight.com\/pl\/calculator-form-widget\/google-sites\/","og_locale":"pl_PL","og_type":"article","og_title":"U\u017cyjKalkulatoraNaGoogleSites-Zwi\u0119kszOpcjeLiczeniaNaStronie","og_description":"Upro\u015b\u0107nawetbardzoszczeg\u00f3\u0142oweliczeniezinteraktywnymKalkulatorem.Wypr\u00f3bujprostedemoodElfsight,abyzbudowa\u0107pot\u0119\u017cnywidget.","og_url":"https:\/\/elfsight.com\/pl\/calculator-form-widget\/google-sites\/","og_site_name":"Elfsight PL","article_modified_time":"2024-12-25T10:54:18+00:00","twitter_card":"summary_large_image","twitter_misc":{"Szacowany czas czytania":"2 minuty"},"schema":{"@context":"https:\/\/schema.org","@graph":[{"@type":"WebPage","@id":"https:\/\/elfsight.com\/pl\/calculator-form-widget\/google-sites\/","url":"https:\/\/elfsight.com\/pl\/calculator-form-widget\/google-sites\/","name":"U\u017cyjKalkulatoraNaGoogleSites-Zwi\u0119kszOpcjeLiczeniaNaStronie","isPartOf":{"@id":"https:\/\/elfsight.com\/pl\/#website"},"datePublished":"2024-04-15T11:07:32+00:00","dateModified":"2024-12-25T10:54:18+00:00","description":"Upro\u015b\u0107nawetbardzoszczeg\u00f3\u0142oweliczeniezinteraktywnymKalkulatorem.Wypr\u00f3bujprostedemoodElfsight,abyzbudowa\u0107pot\u0119\u017cnywidget.","breadcrumb":{"@id":"https:\/\/elfsight.com\/pl\/calculator-form-widget\/google-sites\/#breadcrumb"},"inLanguage":"pl-PL","potentialAction":[{"@type":"ReadAction","target":["https:\/\/elfsight.com\/pl\/calculator-form-widget\/google-sites\/"]}]},{"@type":"BreadcrumbList","@id":"https:\/\/elfsight.com\/pl\/calculator-form-widget\/google-sites\/#breadcrumb","itemListElement":[{"@type":"ListItem","position":1,"name":"Home","item":"https:\/\/elfsight.com\/pl\/"},{"@type":"ListItem","position":2,"name":"Calculator","item":"https:\/\/elfsight.com\/pl\/calculator-form-widget\/"},{"@type":"ListItem","position":3,"name":"Calculator &#8211; Google Sites"}]},{"@type":"WebSite","@id":"https:\/\/elfsight.com\/pl\/#website","url":"https:\/\/elfsight.com\/pl\/","name":"Elfsight PL","description":"Just another Elfsight Sites site","potentialAction":[{"@type":"SearchAction","target":{"@type":"EntryPoint","urlTemplate":"https:\/\/elfsight.com\/pl\/?s={search_term_string}"},"query-input":{"@type":"PropertyValueSpecification","valueRequired":true,"valueName":"search_term_string"}}],"inLanguage":"pl-PL"}]}},"meta_box":{"industry":"","seo_heading":"","heading":"","description":"","cta_heading":"","cta_description":"","application":"9524","h1":"Google Sites Kalkulator Plugin","h1_caption":"","application_category":[],"applications_title":"","applications_request_title":"","applications_request_button_text":"","hero_text":"","hero_video":"","hero_video_schema_markup":"","selling_points_title":"","selling_points_caption":"","selling_points":[],"selling_points_cta_text":"","features_title":"","features":"","ed_cta_examples_text":"","ed_cta_examples_hidden":"","ed_cta_demo_text":"","ed_cta_demo_hidden":"","why_caption":"","why_editor_title":"","why_editor_text":"","why_team_title":"","why_team_text":"","why_service_title":"","why_service_text":"","template_catalog_visible":"0","template_catalog_title":"","template_catalog_text":"","template_catalog_categories_visible":"","demo_title":"Stw\u00f3rzsw\u00f3jwidgetKalkulatora","demo_caption":"Skonfigurujsw\u00f3jKalkulatoraiDodajgoDoTwojejstronyGoogleSiteszaDarmo!","default_faq_hidden":"","app_template_category":[],"platform":"484","template_public_id":"","codecanyon_url":"","codecanyon_item_id":"","codecanyon_price":"","pricing_caption":"","pricing_elfsight_apps_hide_column":"","pricing_elfsight_apps_url":"","pricing_codecanyon_price_caption":"","integration_category":[],"integration_request_title":"","integration_request_cta":"","integration_platform":"","integrations":[],"platform_category":[],"video_schema_markup":"","price":"od$0\/miesi\u0105c","trial":"","benefits":[{"text":"Bezp\u0142atnahelpoinstalacji"},{"text":"Skutecznaservisklienta"},{"text":"14-dniowagarancjazwrotu"},{"text":"Ci\u0105g\u0142yrozw\u00f3j"},{"text":""}],"button_url":"#demo","button_target_blank":"0","button_nofollow":"0","attributes":[{"name":"Instalacje","content":"50,000 - 100,000"},{"name":"Responsywny","content":"Tak"},{"name":"Kompatybilneprzegl\u0105darki","content":"Firefox, Safari, Opera, Chrome, Edge"}],"tags":[],"tags_disable_links":"0","hide_more_platforms":"","video_object":"","demo_hide_cta":"0","demo_hide_cloud_options":"0","pricing_title":"","pricing":[{"pricing_icon":"platform","pricing_title":"Elfsight Apps","pricing_title_caption":"Rozwi\u0105zanie niezale\u017cne od platformy, kt\u00f3re pasuje do ka\u017cdej strony","pricing_price":"od$0\/miesi\u0105c","pricing_price_caption":"Zacznijoddarmowego_planu","pricing_benefits":[{"text":"Nieograniczonastrony"},{"text":"Wsparciefirmowe24\/7i dobrzeudokumentowane"},{"text":"Bezp\u0142atnawspierainstalacji"},{"text":"W 100% dostosowywalny"}],"pricing_button_text":"Dodajdo strony","pricing_button_url":"#demo"}],"related_apps_title":"","related_apps_hidden":"0","author":"","image":[],"title":"","job":"","social_networks":[]},"_links":{"self":[{"href":"https:\/\/elfsight.com\/pl\/wp-json\/wp\/v2\/pages\/8838","targetHints":{"allow":["GET"]}}],"collection":[{"href":"https:\/\/elfsight.com\/pl\/wp-json\/wp\/v2\/pages"}],"about":[{"href":"https:\/\/elfsight.com\/pl\/wp-json\/wp\/v2\/types\/page"}],"author":[{"embeddable":true,"href":"https:\/\/elfsight.com\/pl\/wp-json\/wp\/v2\/users\/9"}],"replies":[{"embeddable":true,"href":"https:\/\/elfsight.com\/pl\/wp-json\/wp\/v2\/comments?post=8838"}],"version-history":[{"count":2,"href":"https:\/\/elfsight.com\/pl\/wp-json\/wp\/v2\/pages\/8838\/revisions"}],"predecessor-version":[{"id":9646,"href":"https:\/\/elfsight.com\/pl\/wp-json\/wp\/v2\/pages\/8838\/revisions\/9646"}],"up":[{"embeddable":true,"href":"https:\/\/elfsight.com\/pl\/wp-json\/wp\/v2\/pages\/8254"}],"wp:attachment":[{"href":"https:\/\/elfsight.com\/pl\/wp-json\/wp\/v2\/media?parent=8838"}],"curies":[{"name":"wp","href":"https:\/\/api.w.org\/{rel}","templated":true}]}}