{"id":8837,"date":"2024-04-15T11:12:02","date_gmt":"2024-04-15T11:12:02","guid":{"rendered":"https:\/\/elfsight.com\/pl\/?page_id=8837"},"modified":"2024-12-25T10:55:16","modified_gmt":"2024-12-25T10:55:16","slug":"iframe","status":"publish","type":"page","link":"https:\/\/elfsight.com\/pl\/calculator-form-widget\/iframe\/","title":{"rendered":"Calculator &#8211; iFrame"},"content":{"rendered":"<div class=\"application-platform-content-item-description application-platform-content-item\" id=\"description\" data-nav-section=\"description\">  <h2>Osad\u017a kalkulator w iFrame za pomoc\u0105 wtyczki Elfsight<\/h2> <p>Widget kalkulatora daje Twoim klientom mo\u017cliwo\u015b\u0107 planowania bud\u017cetu, tras podr\u00f3\u017cy, proporcji do gotowania i wielu innych rzeczy, w zale\u017cno\u015bci od bran\u017cy. Mo\u017cna doda\u0107 r\u00f3\u017cne pola i dodatkowe opcje do tego widgetu na stronie, aby odwiedzaj\u0105cy mogli analizowa\u0107 swoje korzy\u015bci bez opuszczania strony. Logika warunkowa pozwala tworzy\u0107 uniwersalne wzorce dla ka\u017cdego scenariusza i u\u017cytkownika.<\/p><p>Elementy zarz\u0105dzalne, takie jak pola wyboru, suwaki i menu rozwijane, pozwalaj\u0105 uwzgl\u0119dni\u0107 dowolny wz\u00f3r cenowy dla okre\u015blonych ofert. Na przyk\u0142ad, mo\u017cna obliczy\u0107 kredyty przy ustalonej stopie procentowej na okre\u015blony czas. Mo\u017cesz promowa\u0107 wynajem samochod\u00f3w z wieloma dodatkowymi opcjami do wyboru. Co wi\u0119cej, kalkulator mo\u017ce zaplanowa\u0107 wymarzon\u0105 podr\u00f3\u017c, uwzgl\u0119dniaj\u0105c transport, zakwaterowanie i najlepsze wydarzenia.<\/p><p><b>Zapewnij swoim klientom wygodne do\u015bwiadczenie oblicze\u0144, dodaj\u0105c widget licz\u0105cy skierowany na u\u017cytkownika!<\/b><\/p><\/div> <div class=\"application-platform-content-item-features application-platform-content-item\" id=\"features\" data-nav-section=\"features\"> <h2>Oto tylko kilka z wielu funkcji widgetu:<\/h2> <ul><li>Narz\u0119dzie z przyjaznym interfejsem, kt\u00f3re pozwala na wszelkiego rodzaju obliczenia<\/li><li>Wielka liczba opcji p\u00f3l obliczeniowych dla r\u00f3\u017cnych cel\u00f3w<\/li><li>Logika warunkowa, kt\u00f3ra radzi sobie z nawet skomplikowanymi obliczeniami<\/li><li>Szablony do szybkiego startu, u\u0142atwiaj\u0105ce pocz\u0105tek<\/li><li>Narz\u0119dzie na stronie, kt\u00f3re zwi\u0119ksza podejmowanie decyzji<\/li><\/ul><p><a href=\"#demo\">Po prostu wypr\u00f3buj ten demo, aby zobaczy\u0107, co jest wart widget<\/a><\/p><\/div> <div class=\"application-platform-content-item-installation application-platform-content-item\" id=\"installation\" data-nav-section=\"installation\"> <h2>Jak osadzi\u0107 kalkulator na mojej stronie iFrame?<\/h2> <p>Wykonaj poni\u017csze kroki, aby osadzi\u0107 narz\u0119dzie.<\/p> <ol><li><b>Skorzystaj z naszej darmowej wersji demo i rozpocznij tworzenie unikalnego widgetu.<\/b><br> Okre\u015bl odpowiedni wygl\u0105d i funkcjonalno\u015b\u0107 wtyczki i zapisz zmiany.<\/li>  <li><b>Odbierz sw\u00f3j indywidualny kod wy\u015bwietlany w specjalnym formularzu na Elfsight Apps.<\/b><br> Po zako\u0144czeniu konfiguracji swojego osobistego widgetu, skopiuj indywidualny kod w oknie pop-up i zapisz go do p\u00f3\u017aniejszego wykorzystania.<\/li>  <li><b>Rozpocznij u\u017cywanie wtyczki na stronie iFrame.<\/b><br> Osad\u017a zapisany kod na swojej stronie i zapisz zmiany.<\/li>  <li><b>Gotowe! Konfiguracja zosta\u0142a zako\u0144czona pomy\u015blnie.<\/b><br> Odwied\u017a swoj\u0105 stron\u0119, aby zobaczy\u0107 dzia\u0142anie narz\u0119dzia.<\/li><\/ol> <p>Je\u015bli napotkasz jakiekolwiek problemy, nie wahaj si\u0119 skontaktowa\u0107 z nasz\u0105 obs\u0142ug\u0105 klienta. Nasi pracownicy z przyjemno\u015bci\u0105 pomog\u0105 Ci rozwi\u0105za\u0107 wszelkie problemy z produktem.<\/p><\/div>","protected":false},"excerpt":{"rendered":"","protected":false},"author":9,"featured_media":0,"parent":8254,"menu_order":0,"comment_status":"closed","ping_status":"closed","template":"templates\/template-application-platform.php","meta":{"publish_to_discourse":"","publish_post_category":"","wpdc_auto_publish_overridden":"","wpdc_topic_tags":"","wpdc_pin_topic":"","wpdc_pin_until":"","discourse_post_id":"","discourse_permalink":"","wpdc_publishing_response":"","wpdc_publishing_error":"","footnotes":""},"class_list":["post-8837","page","type-page","status-publish","hentry"],"yoast_head":"<!-- This site is optimized with the Yoast SEO plugin v25.3.1 - https:\/\/yoast.com\/wordpress\/plugins\/seo\/ -->\n<title>DodajKalkulatorDoIFrame-DostarczRozwi\u0105zanieOblicze\u0144NaStronie<\/title>\n<meta name=\"description\" content=\"Porad\u017asobiezszerokimiobliczeniami,korzystaj\u0105czinteraktywnymKalkulatorem.Wypr\u00f3bujwygodnedemoodElfsight,abystworzy\u0107wszechstronnywidget.\" \/>\n<meta name=\"robots\" content=\"index, follow, max-snippet:-1, max-image-preview:large, max-video-preview:-1\" \/>\n<link rel=\"canonical\" href=\"https:\/\/elfsight.com\/pl\/calculator-form-widget\/iframe\/\" \/>\n<meta property=\"og:locale\" content=\"pl_PL\" \/>\n<meta property=\"og:type\" content=\"article\" \/>\n<meta property=\"og:title\" content=\"DodajKalkulatorDoIFrame-DostarczRozwi\u0105zanieOblicze\u0144NaStronie\" \/>\n<meta property=\"og:description\" content=\"Porad\u017asobiezszerokimiobliczeniami,korzystaj\u0105czinteraktywnymKalkulatorem.Wypr\u00f3bujwygodnedemoodElfsight,abystworzy\u0107wszechstronnywidget.\" \/>\n<meta property=\"og:url\" content=\"https:\/\/elfsight.com\/pl\/calculator-form-widget\/iframe\/\" \/>\n<meta property=\"og:site_name\" content=\"Elfsight PL\" \/>\n<meta property=\"article:modified_time\" content=\"2024-12-25T10:55:16+00:00\" \/>\n<meta name=\"twitter:card\" content=\"summary_large_image\" \/>\n<meta name=\"twitter:label1\" content=\"Szacowany czas czytania\" \/>\n\t<meta name=\"twitter:data1\" content=\"2 minuty\" \/>\n<!-- \/ Yoast SEO plugin. -->","yoast_head_json":{"title":"DodajKalkulatorDoIFrame-DostarczRozwi\u0105zanieOblicze\u0144NaStronie","description":"Porad\u017asobiezszerokimiobliczeniami,korzystaj\u0105czinteraktywnymKalkulatorem.Wypr\u00f3bujwygodnedemoodElfsight,abystworzy\u0107wszechstronnywidget.","robots":{"index":"index","follow":"follow","max-snippet":"max-snippet:-1","max-image-preview":"max-image-preview:large","max-video-preview":"max-video-preview:-1"},"canonical":"https:\/\/elfsight.com\/pl\/calculator-form-widget\/iframe\/","og_locale":"pl_PL","og_type":"article","og_title":"DodajKalkulatorDoIFrame-DostarczRozwi\u0105zanieOblicze\u0144NaStronie","og_description":"Porad\u017asobiezszerokimiobliczeniami,korzystaj\u0105czinteraktywnymKalkulatorem.Wypr\u00f3bujwygodnedemoodElfsight,abystworzy\u0107wszechstronnywidget.","og_url":"https:\/\/elfsight.com\/pl\/calculator-form-widget\/iframe\/","og_site_name":"Elfsight PL","article_modified_time":"2024-12-25T10:55:16+00:00","twitter_card":"summary_large_image","twitter_misc":{"Szacowany czas czytania":"2 minuty"},"schema":{"@context":"https:\/\/schema.org","@graph":[{"@type":"WebPage","@id":"https:\/\/elfsight.com\/pl\/calculator-form-widget\/iframe\/","url":"https:\/\/elfsight.com\/pl\/calculator-form-widget\/iframe\/","name":"DodajKalkulatorDoIFrame-DostarczRozwi\u0105zanieOblicze\u0144NaStronie","isPartOf":{"@id":"https:\/\/elfsight.com\/pl\/#website"},"datePublished":"2024-04-15T11:12:02+00:00","dateModified":"2024-12-25T10:55:16+00:00","description":"Porad\u017asobiezszerokimiobliczeniami,korzystaj\u0105czinteraktywnymKalkulatorem.Wypr\u00f3bujwygodnedemoodElfsight,abystworzy\u0107wszechstronnywidget.","breadcrumb":{"@id":"https:\/\/elfsight.com\/pl\/calculator-form-widget\/iframe\/#breadcrumb"},"inLanguage":"pl-PL","potentialAction":[{"@type":"ReadAction","target":["https:\/\/elfsight.com\/pl\/calculator-form-widget\/iframe\/"]}]},{"@type":"BreadcrumbList","@id":"https:\/\/elfsight.com\/pl\/calculator-form-widget\/iframe\/#breadcrumb","itemListElement":[{"@type":"ListItem","position":1,"name":"Home","item":"https:\/\/elfsight.com\/pl\/"},{"@type":"ListItem","position":2,"name":"Calculator","item":"https:\/\/elfsight.com\/pl\/calculator-form-widget\/"},{"@type":"ListItem","position":3,"name":"Calculator &#8211; iFrame"}]},{"@type":"WebSite","@id":"https:\/\/elfsight.com\/pl\/#website","url":"https:\/\/elfsight.com\/pl\/","name":"Elfsight PL","description":"Just another Elfsight Sites site","potentialAction":[{"@type":"SearchAction","target":{"@type":"EntryPoint","urlTemplate":"https:\/\/elfsight.com\/pl\/?s={search_term_string}"},"query-input":{"@type":"PropertyValueSpecification","valueRequired":true,"valueName":"search_term_string"}}],"inLanguage":"pl-PL"}]}},"meta_box":{"industry":"","seo_heading":"","heading":"","description":"","cta_heading":"","cta_description":"","application":"9524","h1":"iFrame Kalkulator Widget","h1_caption":"","application_category":[],"applications_title":"","applications_request_title":"","applications_request_button_text":"","hero_text":"","hero_video":"","hero_video_schema_markup":"","selling_points_title":"","selling_points_caption":"","selling_points":[],"selling_points_cta_text":"","features_title":"","features":"","ed_cta_examples_text":"","ed_cta_examples_hidden":"","ed_cta_demo_text":"","ed_cta_demo_hidden":"","why_caption":"","why_editor_title":"","why_editor_text":"","why_team_title":"","why_team_text":"","why_service_title":"","why_service_text":"","template_catalog_visible":"0","template_catalog_title":"","template_catalog_text":"","template_catalog_categories_visible":"","demo_title":"Stw\u00f3rzsw\u00f3jwidgetKalkulatora","demo_caption":"Skonfigurujsw\u00f3jKalkulatoraiDodajgoDoTwojejstronyiFramezaDarmo!","default_faq_hidden":"","app_template_category":[],"platform":"187","template_public_id":"","codecanyon_url":"","codecanyon_item_id":"","codecanyon_price":"","pricing_caption":"","pricing_elfsight_apps_hide_column":"","pricing_elfsight_apps_url":"","pricing_codecanyon_price_caption":"","integration_category":[],"integration_request_title":"","integration_request_cta":"","integration_platform":"","integrations":[],"platform_category":[],"video_schema_markup":"","price":"od$0\/miesi\u0105c","trial":"","benefits":[{"text":"Bezp\u0142atnaservicainstalacji"},{"text":"Premiumwsparcie"},{"text":"14-dniowagarancjazwrotu"},{"text":"Regularneulepszenia"},{"text":""}],"button_url":"#demo","button_target_blank":"0","button_nofollow":"0","attributes":[{"name":"Instalacje","content":"50,000 - 100,000"},{"name":"Responsywny","content":"Tak"},{"name":"Kompatybilneprzegl\u0105darki","content":"Firefox, Safari, Opera, Chrome, Edge"}],"tags":[],"tags_disable_links":"0","hide_more_platforms":"","video_object":"","demo_hide_cta":"0","demo_hide_cloud_options":"0","pricing_title":"","pricing":[{"pricing_icon":"platform","pricing_title":"Elfsight Apps","pricing_title_caption":"Wieloplatformowe rozwi\u0105zanie cyfrowe","pricing_price":"od$0\/miesi\u0105c","pricing_price_caption":"Zacznijoddarmowego_planu","pricing_benefits":[{"text":"Nieograniczonedomeny"},{"text":"Dedykowanewsparciefirmowei dobrzeudokumentowane"},{"text":"Bezp\u0142atnapomocinstalacyjna"},{"text":"W 100% dostosowywalny"}],"pricing_button_text":"Dodajdo strony","pricing_button_url":"#demo"}],"related_apps_title":"","related_apps_hidden":"0","author":"","image":[],"title":"","job":"","social_networks":[]},"_links":{"self":[{"href":"https:\/\/elfsight.com\/pl\/wp-json\/wp\/v2\/pages\/8837","targetHints":{"allow":["GET"]}}],"collection":[{"href":"https:\/\/elfsight.com\/pl\/wp-json\/wp\/v2\/pages"}],"about":[{"href":"https:\/\/elfsight.com\/pl\/wp-json\/wp\/v2\/types\/page"}],"author":[{"embeddable":true,"href":"https:\/\/elfsight.com\/pl\/wp-json\/wp\/v2\/users\/9"}],"replies":[{"embeddable":true,"href":"https:\/\/elfsight.com\/pl\/wp-json\/wp\/v2\/comments?post=8837"}],"version-history":[{"count":3,"href":"https:\/\/elfsight.com\/pl\/wp-json\/wp\/v2\/pages\/8837\/revisions"}],"predecessor-version":[{"id":9655,"href":"https:\/\/elfsight.com\/pl\/wp-json\/wp\/v2\/pages\/8837\/revisions\/9655"}],"up":[{"embeddable":true,"href":"https:\/\/elfsight.com\/pl\/wp-json\/wp\/v2\/pages\/8254"}],"wp:attachment":[{"href":"https:\/\/elfsight.com\/pl\/wp-json\/wp\/v2\/media?parent=8837"}],"curies":[{"name":"wp","href":"https:\/\/api.w.org\/{rel}","templated":true}]}}