{"id":8831,"date":"2024-04-15T11:19:22","date_gmt":"2024-04-15T11:19:22","guid":{"rendered":"https:\/\/elfsight.com\/pl\/?page_id=8831"},"modified":"2024-12-25T10:55:45","modified_gmt":"2024-12-25T10:55:45","slug":"joomla","status":"publish","type":"page","link":"https:\/\/elfsight.com\/pl\/calculator-form-widget\/joomla\/","title":{"rendered":"Calculator &#8211; Joomla"},"content":{"rendered":"<div class=\"application-platform-content-item-description application-platform-content-item\" id=\"description\" data-nav-section=\"description\">  <h2>Osad\u017a Kalkulator na Joomla za pomoc\u0105 rozszerzenia Elfsight<\/h2> <p>Widget Kalkulatora pozwala Twoim klientom na planowanie koszt\u00f3w, tras podr\u00f3\u017cy, proporcji do gotowania i wielu innych aspekt\u00f3w zwi\u0105zanych z Twoj\u0105 dzia\u0142alno\u015bci\u0105. Mo\u017cna doda\u0107 konkretne pola i przydatne opcje do tego osadzonego widgetu, aby klienci mogli sprawdza\u0107 swoje korzy\u015bci bez opuszczania karty. Funkcja logiki warunkowej pozwala na budowanie uniwersalnych wzorc\u00f3w dla ka\u017cdego scenariusza i ka\u017cdego klienta.<\/p><p>Elementy zarz\u0105dzalne, takie jak pola wyboru, suwaki i listy rozwijane, pozwalaj\u0105 na uwzgl\u0119dnienie ka\u017cdego wzorca budowania ceny dla r\u00f3\u017cnych produkt\u00f3w. Na przyk\u0142ad, mo\u017cna obliczy\u0107 po\u017cyczki po okre\u015blonym oprocentowaniu na rozs\u0105dny okres czasu. Mo\u017cesz promowa\u0107 wynajem samochod\u00f3w z wieloma dodatkowymi opcjami do wyboru. Podobnie kalkulator mo\u017ce zaplanowa\u0107 wymarzon\u0105 podr\u00f3\u017c, uwzgl\u0119dniaj\u0105c lot, zakwaterowanie i najlepsze wycieczki.<\/p><p><b>Pozw\u00f3l swoim klientom na doskona\u0142e do\u015bwiadczenie obliczeniowe, dodaj\u0105c przyjazny dla u\u017cytkownika widget kalkulacyjny!<\/b><\/p><\/div> <div class=\"application-platform-content-item-features application-platform-content-item\" id=\"features\" data-nav-section=\"features\"> <h2>Najpopularniejsze funkcje widgetu to<\/h2> <ul><li>Narz\u0119dzie z prostym interfejsem, kt\u00f3re umo\u017cliwia dowolne operacje<\/li><li>Wielu typ\u00f3w p\u00f3l operacji dla r\u00f3\u017cnych pomys\u0142\u00f3w<\/li><li>Logika warunkowa, kt\u00f3ra umo\u017cliwia obliczenia nawet wieloetapowe<\/li><li>Gotowe szablony do \u0142atwego rozpocz\u0119cia<\/li><li>Zintegrowane rozwi\u0105zanie, kt\u00f3re wspiera podejmowanie decyzji<\/li><\/ul><p><a href=\"#demo\">Przetestuj wszystkie ustawienia w pe\u0142nej wersji demo<\/a><\/p><\/div> <div class=\"application-platform-content-item-installation application-platform-content-item\" id=\"installation\" data-nav-section=\"installation\"> <h2>Jak doda\u0107 Kalkulator na stron\u0119 Joomla?<\/h2>  <p>Wykonaj poni\u017csze kroki, aby rozpocz\u0105\u0107 korzystanie z widgetu.<\/p> <ol><li><b>Skorzystaj z naszego darmowego edytora i zacznij tworzy\u0107 sw\u00f3j w\u0142asny widget.<\/b><br> Okre\u015bl preferowany wygl\u0105d i funkcjonalno\u015b\u0107 narz\u0119dzia, a nast\u0119pnie zastosuj zmiany.<\/li>  <li><b>Uzyskaj indywidualny kod, kt\u00f3ry pojawi si\u0119 w oknie na Elfsight Apps.<\/b><br> Po zako\u0144czeniu konfiguracji Twojego widgetu, skopiuj indywidualny kod z pojawiaj\u0105cego si\u0119 okna i zachowaj go do p\u00f3\u017aniejszego wykorzystania.<\/li>  <li><b>Rozpocznij u\u017cywanie wtyczki na stronie Joomla.<\/b><br> Wklej wcze\u015bniej zapisany kod na swojej stronie internetowej i zapisz zmiany.<\/li>  <li><b>Instalacja zosta\u0142a zako\u0144czona.<\/b><br> Odwied\u017a swoj\u0105 stron\u0119, aby sprawdzi\u0107, jak dzia\u0142a narz\u0119dzie.<\/li><\/ol> <p>W razie jakichkolwiek pyta\u0144 lub trudno\u015bci, prosimy o kontakt z naszym zespo\u0142em obs\u0142ugi klienta. Nasi specjali\u015bci ch\u0119tnie pomog\u0105 w rozwi\u0105zaniu wszelkich problem\u00f3w zwi\u0105zanych z narz\u0119dziem.<\/p> <\/div> ","protected":false},"excerpt":{"rendered":"","protected":false},"author":9,"featured_media":0,"parent":8254,"menu_order":0,"comment_status":"closed","ping_status":"closed","template":"templates\/template-application-platform.php","meta":{"publish_to_discourse":"","publish_post_category":"","wpdc_auto_publish_overridden":"","wpdc_topic_tags":"","wpdc_pin_topic":"","wpdc_pin_until":"","discourse_post_id":"","discourse_permalink":"","wpdc_publishing_response":"","wpdc_publishing_error":"","footnotes":""},"class_list":["post-8831","page","type-page","status-publish","hentry"],"yoast_head":"<!-- This site is optimized with the Yoast SEO plugin v25.3.1 - https:\/\/yoast.com\/wordpress\/plugins\/seo\/ -->\n<title>DodajKalkulatorDoJoomla-Upro\u015b\u0107OperacjeLiczeniaNaStronie<\/title>\n<meta name=\"description\" content=\"Porad\u017asobiezwielokrokowymliczeniemznaszymkalkulatoremukierowanymdouk\u017cytkownika.Wypr\u00f3bujwygodnedemoodElfsight,abystworzy\u0107interaktywnywidget.\" \/>\n<meta name=\"robots\" content=\"index, follow, max-snippet:-1, max-image-preview:large, max-video-preview:-1\" \/>\n<link rel=\"canonical\" href=\"https:\/\/elfsight.com\/pl\/calculator-form-widget\/joomla\/\" \/>\n<meta property=\"og:locale\" content=\"pl_PL\" \/>\n<meta property=\"og:type\" content=\"article\" \/>\n<meta property=\"og:title\" content=\"DodajKalkulatorDoJoomla-Upro\u015b\u0107OperacjeLiczeniaNaStronie\" \/>\n<meta property=\"og:description\" content=\"Porad\u017asobiezwielokrokowymliczeniemznaszymkalkulatoremukierowanymdouk\u017cytkownika.Wypr\u00f3bujwygodnedemoodElfsight,abystworzy\u0107interaktywnywidget.\" \/>\n<meta property=\"og:url\" content=\"https:\/\/elfsight.com\/pl\/calculator-form-widget\/joomla\/\" \/>\n<meta property=\"og:site_name\" content=\"Elfsight PL\" \/>\n<meta property=\"article:modified_time\" content=\"2024-12-25T10:55:45+00:00\" \/>\n<meta name=\"twitter:card\" content=\"summary_large_image\" \/>\n<meta name=\"twitter:label1\" content=\"Szacowany czas czytania\" \/>\n\t<meta name=\"twitter:data1\" content=\"2 minuty\" \/>\n<!-- \/ Yoast SEO plugin. -->","yoast_head_json":{"title":"DodajKalkulatorDoJoomla-Upro\u015b\u0107OperacjeLiczeniaNaStronie","description":"Porad\u017asobiezwielokrokowymliczeniemznaszymkalkulatoremukierowanymdouk\u017cytkownika.Wypr\u00f3bujwygodnedemoodElfsight,abystworzy\u0107interaktywnywidget.","robots":{"index":"index","follow":"follow","max-snippet":"max-snippet:-1","max-image-preview":"max-image-preview:large","max-video-preview":"max-video-preview:-1"},"canonical":"https:\/\/elfsight.com\/pl\/calculator-form-widget\/joomla\/","og_locale":"pl_PL","og_type":"article","og_title":"DodajKalkulatorDoJoomla-Upro\u015b\u0107OperacjeLiczeniaNaStronie","og_description":"Porad\u017asobiezwielokrokowymliczeniemznaszymkalkulatoremukierowanymdouk\u017cytkownika.Wypr\u00f3bujwygodnedemoodElfsight,abystworzy\u0107interaktywnywidget.","og_url":"https:\/\/elfsight.com\/pl\/calculator-form-widget\/joomla\/","og_site_name":"Elfsight PL","article_modified_time":"2024-12-25T10:55:45+00:00","twitter_card":"summary_large_image","twitter_misc":{"Szacowany czas czytania":"2 minuty"},"schema":{"@context":"https:\/\/schema.org","@graph":[{"@type":"WebPage","@id":"https:\/\/elfsight.com\/pl\/calculator-form-widget\/joomla\/","url":"https:\/\/elfsight.com\/pl\/calculator-form-widget\/joomla\/","name":"DodajKalkulatorDoJoomla-Upro\u015b\u0107OperacjeLiczeniaNaStronie","isPartOf":{"@id":"https:\/\/elfsight.com\/pl\/#website"},"datePublished":"2024-04-15T11:19:22+00:00","dateModified":"2024-12-25T10:55:45+00:00","description":"Porad\u017asobiezwielokrokowymliczeniemznaszymkalkulatoremukierowanymdouk\u017cytkownika.Wypr\u00f3bujwygodnedemoodElfsight,abystworzy\u0107interaktywnywidget.","breadcrumb":{"@id":"https:\/\/elfsight.com\/pl\/calculator-form-widget\/joomla\/#breadcrumb"},"inLanguage":"pl-PL","potentialAction":[{"@type":"ReadAction","target":["https:\/\/elfsight.com\/pl\/calculator-form-widget\/joomla\/"]}]},{"@type":"BreadcrumbList","@id":"https:\/\/elfsight.com\/pl\/calculator-form-widget\/joomla\/#breadcrumb","itemListElement":[{"@type":"ListItem","position":1,"name":"Home","item":"https:\/\/elfsight.com\/pl\/"},{"@type":"ListItem","position":2,"name":"Calculator","item":"https:\/\/elfsight.com\/pl\/calculator-form-widget\/"},{"@type":"ListItem","position":3,"name":"Calculator &#8211; Joomla"}]},{"@type":"WebSite","@id":"https:\/\/elfsight.com\/pl\/#website","url":"https:\/\/elfsight.com\/pl\/","name":"Elfsight PL","description":"Just another Elfsight Sites site","potentialAction":[{"@type":"SearchAction","target":{"@type":"EntryPoint","urlTemplate":"https:\/\/elfsight.com\/pl\/?s={search_term_string}"},"query-input":{"@type":"PropertyValueSpecification","valueRequired":true,"valueName":"search_term_string"}}],"inLanguage":"pl-PL"}]}},"meta_box":{"industry":"","seo_heading":"","heading":"","description":"","cta_heading":"","cta_description":"","application":"9524","h1":"Joomla Kalkulator Extension","h1_caption":"","application_category":[],"applications_title":"","applications_request_title":"","applications_request_button_text":"","hero_text":"","hero_video":"","hero_video_schema_markup":"","selling_points_title":"","selling_points_caption":"","selling_points":[],"selling_points_cta_text":"","features_title":"","features":"","ed_cta_examples_text":"","ed_cta_examples_hidden":"","ed_cta_demo_text":"","ed_cta_demo_hidden":"","why_caption":"","why_editor_title":"","why_editor_text":"","why_team_title":"","why_team_text":"","why_service_title":"","why_service_text":"","template_catalog_visible":"0","template_catalog_title":"","template_catalog_text":"","template_catalog_categories_visible":"","demo_title":"Stw\u00f3rzsw\u00f3jpluginKalkulatora","demo_caption":"Skonfigurujsw\u00f3jKalkulatoraiDodajgoDoTwojejstronyJoomlazaDarmo!","default_faq_hidden":"","app_template_category":[],"platform":"53","template_public_id":"","codecanyon_url":"","codecanyon_item_id":"","codecanyon_price":"","pricing_caption":"","pricing_elfsight_apps_hide_column":"","pricing_elfsight_apps_url":"","pricing_codecanyon_price_caption":"","integration_category":[],"integration_request_title":"","integration_request_cta":"","integration_platform":"","integrations":[],"platform_category":[],"video_schema_markup":"","price":"od$0\/miesi\u0105c","trial":"","benefits":[{"text":"Bezp\u0142atnaasystencjainstalacji"},{"text":"Premiumwsparcie"},{"text":"14-dniowagarancjazwrotu"},{"text":"Ci\u0105g\u0142yrozw\u00f3j"},{"text":""}],"button_url":"#demo","button_target_blank":"0","button_nofollow":"0","attributes":[{"name":"Instalacje","content":"50,000 - 100,000"},{"name":"Responsywny","content":"Tak"},{"name":"Kompatybilneprzegl\u0105darki","content":"Firefox, Safari, Opera, Chrome, Edge"}],"tags":[],"tags_disable_links":"0","hide_more_platforms":"","video_object":"","demo_hide_cta":"0","demo_hide_cloud_options":"0","pricing_title":"","pricing":[{"pricing_icon":"platform","pricing_title":"Elfsight Apps","pricing_title_caption":"Wersja niezale\u017cna od platformy, kt\u00f3ra dzia\u0142a na ka\u017cdej stronie","pricing_price":"od$0\/miesi\u0105c","pricing_price_caption":"Zacznijoddarmowego_planu","pricing_benefits":[{"text":"Nieograniczonedomeny"},{"text":"Wsparciefirmowe24\/7"},{"text":"Bezp\u0142atnawspierainstalacji"},{"text":"Elastyczny projekt"}],"pricing_button_text":"Dodajdo strony","pricing_button_url":"#demo"}],"related_apps_title":"","related_apps_hidden":"0","author":"","image":[],"title":"","job":"","social_networks":[]},"_links":{"self":[{"href":"https:\/\/elfsight.com\/pl\/wp-json\/wp\/v2\/pages\/8831","targetHints":{"allow":["GET"]}}],"collection":[{"href":"https:\/\/elfsight.com\/pl\/wp-json\/wp\/v2\/pages"}],"about":[{"href":"https:\/\/elfsight.com\/pl\/wp-json\/wp\/v2\/types\/page"}],"author":[{"embeddable":true,"href":"https:\/\/elfsight.com\/pl\/wp-json\/wp\/v2\/users\/9"}],"replies":[{"embeddable":true,"href":"https:\/\/elfsight.com\/pl\/wp-json\/wp\/v2\/comments?post=8831"}],"version-history":[{"count":2,"href":"https:\/\/elfsight.com\/pl\/wp-json\/wp\/v2\/pages\/8831\/revisions"}],"predecessor-version":[{"id":9650,"href":"https:\/\/elfsight.com\/pl\/wp-json\/wp\/v2\/pages\/8831\/revisions\/9650"}],"up":[{"embeddable":true,"href":"https:\/\/elfsight.com\/pl\/wp-json\/wp\/v2\/pages\/8254"}],"wp:attachment":[{"href":"https:\/\/elfsight.com\/pl\/wp-json\/wp\/v2\/media?parent=8831"}],"curies":[{"name":"wp","href":"https:\/\/api.w.org\/{rel}","templated":true}]}}