{"id":8824,"date":"2024-04-15T11:38:42","date_gmt":"2024-04-15T11:38:42","guid":{"rendered":"https:\/\/elfsight.com\/pl\/?page_id=8824"},"modified":"2024-12-25T10:34:37","modified_gmt":"2024-12-25T10:34:37","slug":"bigcommerce","status":"publish","type":"page","link":"https:\/\/elfsight.com\/pl\/calculator-form-widget\/bigcommerce\/","title":{"rendered":"Calculator &#8211; BigCommerce"},"content":{"rendered":"<div class=\"application-platform-content-item-description application-platform-content-item\" id=\"description\" data-nav-section=\"description\"><h2>Osad\u017a kalkulator w BigCommerce za pomoc\u0105 aplikacji Elfsight<\/h2><p>Widget kalkulatora zapewnia Twoim klientom mo\u017cliwo\u015b\u0107 planowania bud\u017cetu, tras podr\u00f3\u017cy, proporcji kulinarnych i wiele wi\u0119cej, w zale\u017cno\u015bci od Twojej bran\u017cy. Mo\u017cna doda\u0107 okre\u015blone pola i przydatne opcje do tego osadzonego widgetu, aby u\u017cytkownicy mogli zobaczy\u0107 korzy\u015bci bez opuszczania strony. Logika warunkowa pozwala tworzy\u0107 uniwersalne rozwi\u0105zania dla ka\u017cdego scenariusza i ka\u017cdego u\u017cytkownika.<\/p><p>Zmienne elementy, takie jak pola wyboru, suwaki i listy rozwijane, umo\u017cliwiaj\u0105 uwzgl\u0119dnienie dowolnego wzorca ustalania ceny dla okre\u015blonych ofert. Na przyk\u0142ad mo\u017cna obliczy\u0107 kredyty z okre\u015blonym oprocentowaniem na \u017c\u0105dany okres czasu. Mo\u017cesz zaoferowa\u0107 wynajem samochod\u00f3w z wieloma dodatkowymi opcjami do wyboru. Co wi\u0119cej, kalkulator potrafi zaplanowa\u0107 wymarzon\u0105 podr\u00f3\u017c, uwzgl\u0119dniaj\u0105c transfer, zakwaterowanie i niezb\u0119dne wydarzenia.<\/p><p><b>Zapewnij swoim klientom wygodne do\u015bwiadczenie kalkulacyjne, wstawiaj\u0105c prosty widget do liczenia!<\/b><\/p><\/div><div class=\"application-platform-content-item-features application-platform-content-item\" id=\"features\" data-nav-section=\"features\"><h2>Kluczowe funkcje widgetu:<\/h2><ul><li>Rozwi\u0105zanie z przyjaznym interfejsem, kt\u00f3re nadaje si\u0119 do wszelkich oblicze\u0144<\/li><li>Wiele typ\u00f3w p\u00f3l operacyjnych dla r\u00f3\u017cnych cel\u00f3w<\/li><li>Funkcja logiki warunkowej, kt\u00f3ra umo\u017cliwia nawet skomplikowane obliczenia<\/li><li>Gotowe szablony do \u0142atwego rozpocz\u0119cia<\/li><li>Zintegrowane narz\u0119dzie wspomagaj\u0105ce podejmowanie decyzji<\/li><\/ul><p><a href=\"#demo\">Sprawd\u017a, co oferuje widget, wypr\u00f3bowuj\u0105c demo<\/a><\/p><\/div><div class=\"application-platform-content-item-installation application-platform-content-item\" id=\"installation\" data-nav-section=\"installation\"><h2>Jak mog\u0119 osadzi\u0107 kalkulator na mojej stronie BigCommerce?<\/h2><p>Po prostu wykonaj poni\u017csze kroki, aby wstawi\u0107 narz\u0119dzie.<\/p><ol><li><b>Otw\u00f3rz nasze darmowe demo i zacznij tworzy\u0107 w\u0142asne narz\u0119dzie.<\/b><br> Okre\u015bl preferowany wygl\u0105d i specyfikacj\u0119 narz\u0119dzia, a nast\u0119pnie zapisz zmiany.<\/li><li><b>Odbierz sw\u00f3j unikalny kod, kt\u00f3ry pojawi si\u0119 w specjalnym formularzu na stronie Elfsight Apps.<\/b><br> Po zako\u0144czeniu generowania Twojego pluginu skopiuj kod i zapisz go do p\u00f3\u017aniejszego u\u017cycia.<\/li><li><b>Zacznij u\u017cywa\u0107 widgetu na stronie BigCommerce.<\/b><br> Wstaw skopiowany wcze\u015bniej kod na swoj\u0105 stron\u0119 i zapisz zmiany.<\/li><li><b>Instalacja zako\u0144czona sukcesem.<\/b><br> Odwied\u017a swoj\u0105 stron\u0119, aby sprawdzi\u0107 dzia\u0142anie narz\u0119dzia.<\/li><\/ol><p>W razie jakichkolwiek trudno\u015bci, nie wahaj si\u0119 skontaktowa\u0107 z naszym zespo\u0142em obs\u0142ugi klienta. Nasi pracownicy s\u0105 gotowi rozwi\u0105za\u0107 wszystkie problemy, kt\u00f3re mog\u0105 si\u0119 pojawi\u0107 z widgetem.<\/p><\/div>","protected":false},"excerpt":{"rendered":"","protected":false},"author":9,"featured_media":0,"parent":8254,"menu_order":0,"comment_status":"closed","ping_status":"closed","template":"templates\/template-application-platform.php","meta":{"publish_to_discourse":"","publish_post_category":"","wpdc_auto_publish_overridden":"","wpdc_topic_tags":"","wpdc_pin_topic":"","wpdc_pin_until":"","discourse_post_id":"","discourse_permalink":"","wpdc_publishing_response":"","wpdc_publishing_error":"","footnotes":""},"class_list":["post-8824","page","type-page","status-publish","hentry"],"yoast_head":"<!-- This site is optimized with the Yoast SEO plugin v25.3.1 - https:\/\/yoast.com\/wordpress\/plugins\/seo\/ -->\n<title>Osad\u017aKalkulatorWBigtCommerce-Zwi\u0119kszObliczeniaNaStronach<\/title>\n<meta name=\"description\" content=\"Upro\u015b\u0107nawetskomplikowanecalowaniazKalkulatoremukierowanymdouk\u017cytkownika.Wypr\u00f3bujwygodnedemoodElfsight,abystworzy\u0107wszechstronnywidget.\" \/>\n<meta name=\"robots\" content=\"index, follow, max-snippet:-1, max-image-preview:large, max-video-preview:-1\" \/>\n<link rel=\"canonical\" href=\"https:\/\/elfsight.com\/pl\/calculator-form-widget\/bigcommerce\/\" \/>\n<meta property=\"og:locale\" content=\"pl_PL\" \/>\n<meta property=\"og:type\" content=\"article\" \/>\n<meta property=\"og:title\" content=\"Osad\u017aKalkulatorWBigtCommerce-Zwi\u0119kszObliczeniaNaStronach\" \/>\n<meta property=\"og:description\" content=\"Upro\u015b\u0107nawetskomplikowanecalowaniazKalkulatoremukierowanymdouk\u017cytkownika.Wypr\u00f3bujwygodnedemoodElfsight,abystworzy\u0107wszechstronnywidget.\" \/>\n<meta property=\"og:url\" content=\"https:\/\/elfsight.com\/pl\/calculator-form-widget\/bigcommerce\/\" \/>\n<meta property=\"og:site_name\" content=\"Elfsight PL\" \/>\n<meta property=\"article:modified_time\" content=\"2024-12-25T10:34:37+00:00\" \/>\n<meta name=\"twitter:card\" content=\"summary_large_image\" \/>\n<meta name=\"twitter:label1\" content=\"Szacowany czas czytania\" \/>\n\t<meta name=\"twitter:data1\" content=\"2 minuty\" \/>\n<!-- \/ Yoast SEO plugin. -->","yoast_head_json":{"title":"Osad\u017aKalkulatorWBigtCommerce-Zwi\u0119kszObliczeniaNaStronach","description":"Upro\u015b\u0107nawetskomplikowanecalowaniazKalkulatoremukierowanymdouk\u017cytkownika.Wypr\u00f3bujwygodnedemoodElfsight,abystworzy\u0107wszechstronnywidget.","robots":{"index":"index","follow":"follow","max-snippet":"max-snippet:-1","max-image-preview":"max-image-preview:large","max-video-preview":"max-video-preview:-1"},"canonical":"https:\/\/elfsight.com\/pl\/calculator-form-widget\/bigcommerce\/","og_locale":"pl_PL","og_type":"article","og_title":"Osad\u017aKalkulatorWBigtCommerce-Zwi\u0119kszObliczeniaNaStronach","og_description":"Upro\u015b\u0107nawetskomplikowanecalowaniazKalkulatoremukierowanymdouk\u017cytkownika.Wypr\u00f3bujwygodnedemoodElfsight,abystworzy\u0107wszechstronnywidget.","og_url":"https:\/\/elfsight.com\/pl\/calculator-form-widget\/bigcommerce\/","og_site_name":"Elfsight PL","article_modified_time":"2024-12-25T10:34:37+00:00","twitter_card":"summary_large_image","twitter_misc":{"Szacowany czas czytania":"2 minuty"},"schema":{"@context":"https:\/\/schema.org","@graph":[{"@type":"WebPage","@id":"https:\/\/elfsight.com\/pl\/calculator-form-widget\/bigcommerce\/","url":"https:\/\/elfsight.com\/pl\/calculator-form-widget\/bigcommerce\/","name":"Osad\u017aKalkulatorWBigtCommerce-Zwi\u0119kszObliczeniaNaStronach","isPartOf":{"@id":"https:\/\/elfsight.com\/pl\/#website"},"datePublished":"2024-04-15T11:38:42+00:00","dateModified":"2024-12-25T10:34:37+00:00","description":"Upro\u015b\u0107nawetskomplikowanecalowaniazKalkulatoremukierowanymdouk\u017cytkownika.Wypr\u00f3bujwygodnedemoodElfsight,abystworzy\u0107wszechstronnywidget.","breadcrumb":{"@id":"https:\/\/elfsight.com\/pl\/calculator-form-widget\/bigcommerce\/#breadcrumb"},"inLanguage":"pl-PL","potentialAction":[{"@type":"ReadAction","target":["https:\/\/elfsight.com\/pl\/calculator-form-widget\/bigcommerce\/"]}]},{"@type":"BreadcrumbList","@id":"https:\/\/elfsight.com\/pl\/calculator-form-widget\/bigcommerce\/#breadcrumb","itemListElement":[{"@type":"ListItem","position":1,"name":"Home","item":"https:\/\/elfsight.com\/pl\/"},{"@type":"ListItem","position":2,"name":"Calculator","item":"https:\/\/elfsight.com\/pl\/calculator-form-widget\/"},{"@type":"ListItem","position":3,"name":"Calculator &#8211; BigCommerce"}]},{"@type":"WebSite","@id":"https:\/\/elfsight.com\/pl\/#website","url":"https:\/\/elfsight.com\/pl\/","name":"Elfsight PL","description":"Just another Elfsight Sites site","potentialAction":[{"@type":"SearchAction","target":{"@type":"EntryPoint","urlTemplate":"https:\/\/elfsight.com\/pl\/?s={search_term_string}"},"query-input":{"@type":"PropertyValueSpecification","valueRequired":true,"valueName":"search_term_string"}}],"inLanguage":"pl-PL"}]}},"meta_box":{"industry":"","seo_heading":"","heading":"","description":"","cta_heading":"","cta_description":"","application":"9524","h1":"BigCommerce Kalkulator App","h1_caption":"","application_category":[],"applications_title":"","applications_request_title":"","applications_request_button_text":"","hero_text":"","hero_video":"","hero_video_schema_markup":"","selling_points_title":"","selling_points_caption":"","selling_points":[],"selling_points_cta_text":"","features_title":"","features":"","ed_cta_examples_text":"","ed_cta_examples_hidden":"","ed_cta_demo_text":"","ed_cta_demo_hidden":"","why_caption":"","why_editor_title":"","why_editor_text":"","why_team_title":"","why_team_text":"","why_service_title":"","why_service_text":"","template_catalog_visible":"0","template_catalog_title":"","template_catalog_text":"","template_catalog_categories_visible":"","demo_title":"Stw\u00f3rzswoj\u0105aplikacj\u0119Kalkulatora","demo_caption":"Skonfigurujsw\u00f3jKalkulatoraiDodajgoDoTwojejstronyBigCommercezaDarmo!","default_faq_hidden":"","app_template_category":[],"platform":"41","template_public_id":"","codecanyon_url":"","codecanyon_item_id":"","codecanyon_price":"","pricing_caption":"","pricing_elfsight_apps_hide_column":"","pricing_elfsight_apps_url":"","pricing_codecanyon_price_caption":"","integration_category":[],"integration_request_title":"","integration_request_cta":"","integration_platform":"","integrations":[],"platform_category":[],"video_schema_markup":"","price":"od$0\/miesi\u0105c","trial":"","benefits":[{"text":"Bezp\u0142atnahelpoinstalacji"},{"text":"Profesjonalnaserwisklienta"},{"text":"14-dniowagarancjazwrotempieni\u0119dzy"},{"text":"Przysz\u0142eaktualizacjabezp\u0142atne"},{"text":""}],"button_url":"#demo","button_target_blank":"0","button_nofollow":"0","attributes":[{"name":"Instalacje","content":"50,000 - 100,000"},{"name":"Responsywny","content":"Tak"},{"name":"Kompatybilneprzegl\u0105darki","content":"Firefox, Safari, Opera, Chrome, Edge"}],"tags":[],"tags_disable_links":"0","hide_more_platforms":"","video_object":"","demo_hide_cta":"0","demo_hide_cloud_options":"0","pricing_title":"","pricing":[{"pricing_icon":"platform","pricing_title":"Elfsight Apps","pricing_title_caption":"Oprogramowanie wieloplatformowe","pricing_price":"od$0\/miesi\u0105c","pricing_price_caption":"Zacznijoddarmowego_planu","pricing_benefits":[{"text":"Nieograniczonastrony"},{"text":"Wsparciefirmowe24\/7i dobrzeudokumentowane"},{"text":"Bezp\u0142atnas\u0142u\u017cbainstalacji"},{"text":"W pe\u0142ni dostosowywalny"}],"pricing_button_text":"Dodajdo strony","pricing_button_url":"#demo"}],"related_apps_title":"","related_apps_hidden":"0","author":"","image":[],"title":"","job":"","social_networks":[]},"_links":{"self":[{"href":"https:\/\/elfsight.com\/pl\/wp-json\/wp\/v2\/pages\/8824","targetHints":{"allow":["GET"]}}],"collection":[{"href":"https:\/\/elfsight.com\/pl\/wp-json\/wp\/v2\/pages"}],"about":[{"href":"https:\/\/elfsight.com\/pl\/wp-json\/wp\/v2\/types\/page"}],"author":[{"embeddable":true,"href":"https:\/\/elfsight.com\/pl\/wp-json\/wp\/v2\/users\/9"}],"replies":[{"embeddable":true,"href":"https:\/\/elfsight.com\/pl\/wp-json\/wp\/v2\/comments?post=8824"}],"version-history":[{"count":2,"href":"https:\/\/elfsight.com\/pl\/wp-json\/wp\/v2\/pages\/8824\/revisions"}],"predecessor-version":[{"id":9640,"href":"https:\/\/elfsight.com\/pl\/wp-json\/wp\/v2\/pages\/8824\/revisions\/9640"}],"up":[{"embeddable":true,"href":"https:\/\/elfsight.com\/pl\/wp-json\/wp\/v2\/pages\/8254"}],"wp:attachment":[{"href":"https:\/\/elfsight.com\/pl\/wp-json\/wp\/v2\/media?parent=8824"}],"curies":[{"name":"wp","href":"https:\/\/api.w.org\/{rel}","templated":true}]}}