{"id":8823,"date":"2024-04-15T11:43:42","date_gmt":"2024-04-15T11:43:42","guid":{"rendered":"https:\/\/elfsight.com\/pl\/?page_id=8823"},"modified":"2024-12-25T10:34:52","modified_gmt":"2024-12-25T10:34:52","slug":"blogger","status":"publish","type":"page","link":"https:\/\/elfsight.com\/pl\/calculator-form-widget\/blogger\/","title":{"rendered":"Calculator &#8211; Blogger"},"content":{"rendered":"<div class=\"application-platform-content-item-description application-platform-content-item\" id=\"description\" data-nav-section=\"description\"><h2>Osad\u017a kalkulator w Bloggerze za pomoc\u0105 widgetu Elfsight<\/h2><p>Widget kalkulatora daje u\u017cytkownikom Twojej strony internetowej mo\u017cliwo\u015b\u0107 planowania wydatk\u00f3w, tras podr\u00f3\u017cy, proporcji kulinarnych i wiele wi\u0119cej w zale\u017cno\u015bci od Twojej bran\u017cy. Mo\u017cesz doda\u0107 wymagane pola i przydatne opcje do tego widgetu na stronie, aby u\u017cytkownicy mogli zobaczy\u0107 korzy\u015bci bez wychodzenia z strony. Logika warunkowa pozwala tworzy\u0107 uniwersalne wzorce dla ka\u017cdego scenariusza i ka\u017cdego klienta.<\/p><p>Elementy do personalizacji, takie jak pola wyboru, suwaki i listy rozwijane, umo\u017cliwiaj\u0105 uwzgl\u0119dnienie wszelkich aspekt\u00f3w ustalania ceny dla okre\u015blonych ofert. Na przyk\u0142ad, mo\u017cna obliczy\u0107 kredyty z okre\u015blonym oprocentowaniem na wygodny okres czasu. Mo\u017cesz promowa\u0107 wynajem samochod\u00f3w z wieloma dodatkowymi opcjami do wyboru. Ponadto kalkulator potrafi zaplanowa\u0107 podr\u00f3\u017c marze\u0144, uwzgl\u0119dniaj\u0105c transport, zakwaterowanie i niezb\u0119dne wydarzenia.<\/p><p><b>Zapewnij odwiedzaj\u0105cym Twoj\u0105 stron\u0119 solidne do\u015bwiadczenie kalkulacyjne, dodaj\u0105c widget do liczenia, dostosowany do u\u017cytkownik\u00f3w!<\/b><\/p><\/div><div class=\"application-platform-content-item-features application-platform-content-item\" id=\"features\" data-nav-section=\"features\"><h2>Poni\u017cej znajduj\u0105 si\u0119 kluczowe funkcje widgetu:<\/h2><ul><li>Narz\u0119dzie z przyjaznym interfejsem, kt\u00f3re nadaje si\u0119 do wszelkich oblicze\u0144<\/li><li>Wszystkie opcje p\u00f3l obliczeniowych, kt\u00f3re pasuj\u0105 do Twoich potrzeb<\/li><li>Funkcja logiki warunkowej, kt\u00f3ra obejmuje nawet szczeg\u00f3\u0142owe obliczenia<\/li><li>Zarz\u0105dzane szablony, kt\u00f3re u\u0142atwiaj\u0105 rozpocz\u0119cie<\/li><li>Zintegrowane rozwi\u0105zanie, kt\u00f3re wspomaga podejmowanie decyzji<\/li><\/ul><p><a href=\"#demo\">Po prostu wypr\u00f3buj demo, aby w pe\u0142ni zrozumie\u0107, jak dzia\u0142a<\/a><\/p><\/div><div class=\"application-platform-content-item-installation application-platform-content-item\" id=\"installation\" data-nav-section=\"installation\"><h2>Jak mog\u0119 wstawi\u0107 kalkulator na mojej stronie Blogger?<\/h2><p>Wykonaj poni\u017csze kroki, aby zacz\u0105\u0107 korzysta\u0107 z pluginu.<\/p><ol><li><b>Skorzystaj z naszego darmowego edytora i zacznij tworzy\u0107 spersonalizowany plugin.<\/b><br> Okre\u015bl preferowany interfejs i funkcjonalno\u015b\u0107 pluginu, a nast\u0119pnie zastosuj zmiany.<\/li><li><b>Odbierz sw\u00f3j unikalny kod, kt\u00f3ry pojawi si\u0119 w specjalnym formularzu na stronie Elfsight Apps.<\/b><br> Po zako\u0144czeniu konfiguracji widgetu skopiuj kod, kt\u00f3ry pojawi si\u0119 w oknie pop-up i zapisz go do p\u00f3\u017aniejszego u\u017cycia.<\/li><li><b>Zacznij u\u017cywa\u0107 pluginu na stronie g\u0142\u00f3wnej Bloggera.<\/b><br> Wklej skopiowany wcze\u015bniej kod na stronie g\u0142\u00f3wnej i zastosuj zmiany.<\/li><li><b>Gotowe! Instalacja zako\u0144czona pomy\u015blnie.<\/b><br> Odwied\u017a swoj\u0105 stron\u0119, aby sprawdzi\u0107 dzia\u0142anie pluginu.<\/li><\/ol><p>Je\u015bli masz jakiekolwiek pytania lub napotka\u0142e\u015b trudno\u015bci, skontaktuj si\u0119 z naszym zespo\u0142em wsparcia. Nasi specjali\u015bci ch\u0119tnie rozwi\u0105\u017c\u0105 wszystkie problemy, kt\u00f3re mog\u0105 si\u0119 pojawi\u0107.<\/p><\/div>","protected":false},"excerpt":{"rendered":"","protected":false},"author":9,"featured_media":0,"parent":8254,"menu_order":0,"comment_status":"closed","ping_status":"closed","template":"templates\/template-application-platform.php","meta":{"publish_to_discourse":"","publish_post_category":"","wpdc_auto_publish_overridden":"","wpdc_topic_tags":"","wpdc_pin_topic":"","wpdc_pin_until":"","discourse_post_id":"","discourse_permalink":"","wpdc_publishing_response":"","wpdc_publishing_error":"","footnotes":""},"class_list":["post-8823","page","type-page","status-publish","hentry"],"yoast_head":"<!-- This site is optimized with the Yoast SEO plugin v25.3.1 - https:\/\/yoast.com\/wordpress\/plugins\/seo\/ -->\n<title>DodajKalkulatorDoBlogger-U\u0142atwObliczeniaNaStronie<\/title>\n<meta name=\"description\" content=\"OpanujnawetkomplikowanewszystkieobliczeniaznaszymresponsywnymKalkulatorem.KorzystajzwygodnedemoodElfsight,abystworzy\u0107u\u017cytecznywidget.\" \/>\n<meta name=\"robots\" content=\"index, follow, max-snippet:-1, max-image-preview:large, max-video-preview:-1\" \/>\n<link rel=\"canonical\" href=\"https:\/\/elfsight.com\/pl\/calculator-form-widget\/blogger\/\" \/>\n<meta property=\"og:locale\" content=\"pl_PL\" \/>\n<meta property=\"og:type\" content=\"article\" \/>\n<meta property=\"og:title\" content=\"DodajKalkulatorDoBlogger-U\u0142atwObliczeniaNaStronie\" \/>\n<meta property=\"og:description\" content=\"OpanujnawetkomplikowanewszystkieobliczeniaznaszymresponsywnymKalkulatorem.KorzystajzwygodnedemoodElfsight,abystworzy\u0107u\u017cytecznywidget.\" \/>\n<meta property=\"og:url\" content=\"https:\/\/elfsight.com\/pl\/calculator-form-widget\/blogger\/\" \/>\n<meta property=\"og:site_name\" content=\"Elfsight PL\" \/>\n<meta property=\"article:modified_time\" content=\"2024-12-25T10:34:52+00:00\" \/>\n<meta name=\"twitter:card\" content=\"summary_large_image\" \/>\n<meta name=\"twitter:label1\" content=\"Szacowany czas czytania\" \/>\n\t<meta name=\"twitter:data1\" content=\"2 minuty\" \/>\n<!-- \/ Yoast SEO plugin. -->","yoast_head_json":{"title":"DodajKalkulatorDoBlogger-U\u0142atwObliczeniaNaStronie","description":"OpanujnawetkomplikowanewszystkieobliczeniaznaszymresponsywnymKalkulatorem.KorzystajzwygodnedemoodElfsight,abystworzy\u0107u\u017cytecznywidget.","robots":{"index":"index","follow":"follow","max-snippet":"max-snippet:-1","max-image-preview":"max-image-preview:large","max-video-preview":"max-video-preview:-1"},"canonical":"https:\/\/elfsight.com\/pl\/calculator-form-widget\/blogger\/","og_locale":"pl_PL","og_type":"article","og_title":"DodajKalkulatorDoBlogger-U\u0142atwObliczeniaNaStronie","og_description":"OpanujnawetkomplikowanewszystkieobliczeniaznaszymresponsywnymKalkulatorem.KorzystajzwygodnedemoodElfsight,abystworzy\u0107u\u017cytecznywidget.","og_url":"https:\/\/elfsight.com\/pl\/calculator-form-widget\/blogger\/","og_site_name":"Elfsight PL","article_modified_time":"2024-12-25T10:34:52+00:00","twitter_card":"summary_large_image","twitter_misc":{"Szacowany czas czytania":"2 minuty"},"schema":{"@context":"https:\/\/schema.org","@graph":[{"@type":"WebPage","@id":"https:\/\/elfsight.com\/pl\/calculator-form-widget\/blogger\/","url":"https:\/\/elfsight.com\/pl\/calculator-form-widget\/blogger\/","name":"DodajKalkulatorDoBlogger-U\u0142atwObliczeniaNaStronie","isPartOf":{"@id":"https:\/\/elfsight.com\/pl\/#website"},"datePublished":"2024-04-15T11:43:42+00:00","dateModified":"2024-12-25T10:34:52+00:00","description":"OpanujnawetkomplikowanewszystkieobliczeniaznaszymresponsywnymKalkulatorem.KorzystajzwygodnedemoodElfsight,abystworzy\u0107u\u017cytecznywidget.","breadcrumb":{"@id":"https:\/\/elfsight.com\/pl\/calculator-form-widget\/blogger\/#breadcrumb"},"inLanguage":"pl-PL","potentialAction":[{"@type":"ReadAction","target":["https:\/\/elfsight.com\/pl\/calculator-form-widget\/blogger\/"]}]},{"@type":"BreadcrumbList","@id":"https:\/\/elfsight.com\/pl\/calculator-form-widget\/blogger\/#breadcrumb","itemListElement":[{"@type":"ListItem","position":1,"name":"Home","item":"https:\/\/elfsight.com\/pl\/"},{"@type":"ListItem","position":2,"name":"Calculator","item":"https:\/\/elfsight.com\/pl\/calculator-form-widget\/"},{"@type":"ListItem","position":3,"name":"Calculator &#8211; Blogger"}]},{"@type":"WebSite","@id":"https:\/\/elfsight.com\/pl\/#website","url":"https:\/\/elfsight.com\/pl\/","name":"Elfsight PL","description":"Just another Elfsight Sites site","potentialAction":[{"@type":"SearchAction","target":{"@type":"EntryPoint","urlTemplate":"https:\/\/elfsight.com\/pl\/?s={search_term_string}"},"query-input":{"@type":"PropertyValueSpecification","valueRequired":true,"valueName":"search_term_string"}}],"inLanguage":"pl-PL"}]}},"meta_box":{"industry":"","seo_heading":"","heading":"","description":"","cta_heading":"","cta_description":"","application":"9524","h1":"Blogger Kalkulator Widget","h1_caption":"","application_category":[],"applications_title":"","applications_request_title":"","applications_request_button_text":"","hero_text":"","hero_video":"","hero_video_schema_markup":"","selling_points_title":"","selling_points_caption":"","selling_points":[],"selling_points_cta_text":"","features_title":"","features":"","ed_cta_examples_text":"","ed_cta_examples_hidden":"","ed_cta_demo_text":"","ed_cta_demo_hidden":"","why_caption":"","why_editor_title":"","why_editor_text":"","why_team_title":"","why_team_text":"","why_service_title":"","why_service_text":"","template_catalog_visible":"0","template_catalog_title":"","template_catalog_text":"","template_catalog_categories_visible":"","demo_title":"Stw\u00f3rzsw\u00f3jwidgetKalkulatora","demo_caption":"Skonfigurujsw\u00f3jKalkulatoraiDodajgoDoTwojejstronyBloggerzaDarmo!","default_faq_hidden":"","app_template_category":[],"platform":"44","template_public_id":"","codecanyon_url":"","codecanyon_item_id":"","codecanyon_price":"","pricing_caption":"","pricing_elfsight_apps_hide_column":"","pricing_elfsight_apps_url":"","pricing_codecanyon_price_caption":"","integration_category":[],"integration_request_title":"","integration_request_cta":"","integration_platform":"","integrations":[],"platform_category":[],"video_schema_markup":"","price":"od$0\/miesi\u0105c","trial":"","benefits":[{"text":"Bezp\u0142atnaservicainstalacji"},{"text":"Skutecznaservisklienta"},{"text":"14-dniowagarancjazwrotempieni\u0119dzy"},{"text":"Regularneaktualizacjabezp\u0142atne"},{"text":""}],"button_url":"#demo","button_target_blank":"0","button_nofollow":"0","attributes":[{"name":"Instalacje","content":"50,000 - 100,000"},{"name":"Responsywny","content":"Tak"},{"name":"Kompatybilneprzegl\u0105darki","content":"Firefox, Safari, Opera, Chrome, Edge"}],"tags":[],"tags_disable_links":"0","hide_more_platforms":"","video_object":"","demo_hide_cta":"0","demo_hide_cloud_options":"0","pricing_title":"","pricing":[{"pricing_icon":"platform","pricing_title":"Elfsight Apps","pricing_title_caption":"Oprogramowanie wieloplatformowe","pricing_price":"od$0\/miesi\u0105c","pricing_price_caption":"Zacznijoddarmowego_planu","pricing_benefits":[{"text":"Nieograniczonedomeny"},{"text":"Szybkieiterminowewsparciei dobrzeudokumentowane"},{"text":"Bezp\u0142atnas\u0142u\u017cbainstalacji"},{"text":"W pe\u0142ni dostosowywalny"}],"pricing_button_text":"Dodajdo strony","pricing_button_url":"#demo"}],"related_apps_title":"","related_apps_hidden":"0","author":"","image":[],"title":"","job":"","social_networks":[]},"_links":{"self":[{"href":"https:\/\/elfsight.com\/pl\/wp-json\/wp\/v2\/pages\/8823","targetHints":{"allow":["GET"]}}],"collection":[{"href":"https:\/\/elfsight.com\/pl\/wp-json\/wp\/v2\/pages"}],"about":[{"href":"https:\/\/elfsight.com\/pl\/wp-json\/wp\/v2\/types\/page"}],"author":[{"embeddable":true,"href":"https:\/\/elfsight.com\/pl\/wp-json\/wp\/v2\/users\/9"}],"replies":[{"embeddable":true,"href":"https:\/\/elfsight.com\/pl\/wp-json\/wp\/v2\/comments?post=8823"}],"version-history":[{"count":2,"href":"https:\/\/elfsight.com\/pl\/wp-json\/wp\/v2\/pages\/8823\/revisions"}],"predecessor-version":[{"id":9641,"href":"https:\/\/elfsight.com\/pl\/wp-json\/wp\/v2\/pages\/8823\/revisions\/9641"}],"up":[{"embeddable":true,"href":"https:\/\/elfsight.com\/pl\/wp-json\/wp\/v2\/pages\/8254"}],"wp:attachment":[{"href":"https:\/\/elfsight.com\/pl\/wp-json\/wp\/v2\/media?parent=8823"}],"curies":[{"name":"wp","href":"https:\/\/api.w.org\/{rel}","templated":true}]}}