{"id":8822,"date":"2024-04-15T11:50:29","date_gmt":"2024-04-15T11:50:29","guid":{"rendered":"https:\/\/elfsight.com\/pl\/?page_id=8822"},"modified":"2024-12-25T10:32:39","modified_gmt":"2024-12-25T10:32:39","slug":"woocommerce","status":"publish","type":"page","link":"https:\/\/elfsight.com\/pl\/calculator-form-widget\/woocommerce\/","title":{"rendered":"Calculator &#8211; WooCommerce"},"content":{"rendered":"<div class=\"application-platform-content-item-description application-platform-content-item\" id=\"description\" data-nav-section=\"description\"><h2>Wstaw kalkulator do WooCommerce za pomoc\u0105 wtyczki Elfsight<\/h2><p>Widget Kalkulator daje Twoim klientom mo\u017cliwo\u015b\u0107 planowania wydatk\u00f3w, tras podr\u00f3\u017cy, proporcji do gotowania i wielu innych, w zale\u017cno\u015bci od Twojej bran\u017cy. Mo\u017cna doda\u0107 r\u00f3\u017cne pola i dodatkowe opcje do tego osadzonego widgetu, aby u\u017cytkownicy mogli zobaczy\u0107 korzy\u015bci bez przechodzenia do innej karty. Funkcja logiki warunkowej pomaga tworzy\u0107 uniwersalne wzorce dla Twojego scenariusza i ka\u017cdego u\u017cytkownika.<\/p><p>Regulowane elementy, takie jak pola wyboru, suwaki i listy rozwijane, umo\u017cliwiaj\u0105 uwzgl\u0119dnienie dowolnych aspekt\u00f3w budowania cen dla r\u00f3\u017cnych ofert. Na przyk\u0142ad, mo\u017cesz obliczy\u0107 kredyty po okre\u015blonym oprocentowaniu na wymagany okres. Mo\u017cesz zaoferowa\u0107 wynajem samochod\u00f3w z wieloma dodatkowymi opcjami do wyboru. Kalkulator pozwala r\u00f3wnie\u017c zaplanowa\u0107 wymarzon\u0105 podr\u00f3\u017c, uwzgl\u0119dniaj\u0105c transport, zakwaterowanie i najlepsze wydarzenia.<\/p><p><b>Zachwy\u0107 swoich klient\u00f3w solidnym do\u015bwiadczeniem oblicze\u0144, wstawiaj\u0105c pot\u0119\u017cny widget do oblicze\u0144!<\/b><\/p><\/div><div class=\"application-platform-content-item-features application-platform-content-item\" id=\"features\" data-nav-section=\"features\"><h2>Widget zawiera u\u017cyteczne i \u0142atwe funkcje, sprawd\u017a niekt\u00f3re z nich:<\/h2><ul><li>Rozwi\u0105zanie z przyjaznym interfejsem, kt\u00f3re obs\u0142uguje wszystkie operacje<\/li><li>Wielu typ\u00f3w p\u00f3l obliczeniowych dla r\u00f3\u017cnych cel\u00f3w<\/li><li>Logika warunkowa, kt\u00f3ra obejmuje nawet obliczenia wieloetapowe<\/li><li>Regulowane szablony, kt\u00f3re umo\u017cliwiaj\u0105 \u0142atwy start<\/li><li>Rozwi\u0105zanie na stronie, kt\u00f3re inspiruje do podejmowania decyzji<\/li><\/ul><p><a href=\"#demo\">Mo\u017cesz zapozna\u0107 si\u0119 z pe\u0142nymi mo\u017cliwo\u015bciami widgetu w demo tutaj<\/a><\/p><\/div><div class=\"application-platform-content-item-installation application-platform-content-item\" id=\"installation\" data-nav-section=\"installation\"><h2>Jak wstawi\u0107 kalkulator na mojej stronie WooCommerce?<\/h2><p>Po prostu wykonaj kilka krok\u00f3w opisanych poni\u017cej, aby doda\u0107 wtyczk\u0119.<\/p><ol><li><b>Skorzystaj z naszego darmowego demo i zacznij tworzy\u0107 w\u0142asny plugin.<\/b><br>Okre\u015bl wygl\u0105d i funkcjonalno\u015b\u0107 widgetu, a nast\u0119pnie zastosuj zmiany.<\/li><li><b>Zdob\u0105d\u017a indywidualny kod wy\u015bwietlony w oknie na Elfsight Apps.<\/b><br>Po zako\u0144czeniu tworzenia widgetu, skopiuj kod z wy\u015bwietlonego okna i zachowaj go na p\u00f3\u017aniej.<\/li><li><b>Rozpocznij korzystanie z narz\u0119dzia na stronie WooCommerce.<\/b><br>Wklej skopiowany kod na swojej stronie i zastosuj zmiany.<\/li><li><b>Instalacja zako\u0144czona pomy\u015blnie.<\/b><br>Przejd\u017a na swoj\u0105 stron\u0119, aby sprawdzi\u0107, jak dzia\u0142a widget.<\/li><\/ol><p>Je\u015bli napotkasz jakiekolwiek problemy, nie wahaj si\u0119 skontaktowa\u0107 z naszym zespo\u0142em wsparcia. Nasi pracownicy ch\u0119tnie rozwi\u0105\u017c\u0105 wszelkie pytania zwi\u0105zane z widgetem.<\/p><\/div>","protected":false},"excerpt":{"rendered":"","protected":false},"author":9,"featured_media":0,"parent":8254,"menu_order":0,"comment_status":"closed","ping_status":"closed","template":"templates\/template-application-platform.php","meta":{"publish_to_discourse":"","publish_post_category":"","wpdc_auto_publish_overridden":"","wpdc_topic_tags":"","wpdc_pin_topic":"","wpdc_pin_until":"","discourse_post_id":"","discourse_permalink":"","wpdc_publishing_response":"","wpdc_publishing_error":"","footnotes":""},"class_list":["post-8822","page","type-page","status-publish","hentry"],"yoast_head":"<!-- This site is optimized with the Yoast SEO plugin v25.3.1 - https:\/\/yoast.com\/wordpress\/plugins\/seo\/ -->\n<title>DodajKalkulatorDoWooCommerce-Zwi\u0119kszLiczenieNaStronach<\/title>\n<meta name=\"description\" content=\"Porad\u017asobiezkomplikowanymobliczaniemwielokrotnychkrok\u00f3wznaszymresponsywnymKalkulatorem.KorzystajzwygodnedemoodElfsight,abystworzy\u0107wszechstronnywidget.\" \/>\n<meta name=\"robots\" content=\"index, follow, max-snippet:-1, max-image-preview:large, max-video-preview:-1\" \/>\n<link rel=\"canonical\" href=\"https:\/\/elfsight.com\/pl\/calculator-form-widget\/woocommerce\/\" \/>\n<meta property=\"og:locale\" content=\"pl_PL\" \/>\n<meta property=\"og:type\" content=\"article\" \/>\n<meta property=\"og:title\" content=\"DodajKalkulatorDoWooCommerce-Zwi\u0119kszLiczenieNaStronach\" \/>\n<meta property=\"og:description\" content=\"Porad\u017asobiezkomplikowanymobliczaniemwielokrotnychkrok\u00f3wznaszymresponsywnymKalkulatorem.KorzystajzwygodnedemoodElfsight,abystworzy\u0107wszechstronnywidget.\" \/>\n<meta property=\"og:url\" content=\"https:\/\/elfsight.com\/pl\/calculator-form-widget\/woocommerce\/\" \/>\n<meta property=\"og:site_name\" content=\"Elfsight PL\" \/>\n<meta property=\"article:modified_time\" content=\"2024-12-25T10:32:39+00:00\" \/>\n<meta name=\"twitter:card\" content=\"summary_large_image\" \/>\n<meta name=\"twitter:label1\" content=\"Szacowany czas czytania\" \/>\n\t<meta name=\"twitter:data1\" content=\"2 minuty\" \/>\n<!-- \/ Yoast SEO plugin. -->","yoast_head_json":{"title":"DodajKalkulatorDoWooCommerce-Zwi\u0119kszLiczenieNaStronach","description":"Porad\u017asobiezkomplikowanymobliczaniemwielokrotnychkrok\u00f3wznaszymresponsywnymKalkulatorem.KorzystajzwygodnedemoodElfsight,abystworzy\u0107wszechstronnywidget.","robots":{"index":"index","follow":"follow","max-snippet":"max-snippet:-1","max-image-preview":"max-image-preview:large","max-video-preview":"max-video-preview:-1"},"canonical":"https:\/\/elfsight.com\/pl\/calculator-form-widget\/woocommerce\/","og_locale":"pl_PL","og_type":"article","og_title":"DodajKalkulatorDoWooCommerce-Zwi\u0119kszLiczenieNaStronach","og_description":"Porad\u017asobiezkomplikowanymobliczaniemwielokrotnychkrok\u00f3wznaszymresponsywnymKalkulatorem.KorzystajzwygodnedemoodElfsight,abystworzy\u0107wszechstronnywidget.","og_url":"https:\/\/elfsight.com\/pl\/calculator-form-widget\/woocommerce\/","og_site_name":"Elfsight PL","article_modified_time":"2024-12-25T10:32:39+00:00","twitter_card":"summary_large_image","twitter_misc":{"Szacowany czas czytania":"2 minuty"},"schema":{"@context":"https:\/\/schema.org","@graph":[{"@type":"WebPage","@id":"https:\/\/elfsight.com\/pl\/calculator-form-widget\/woocommerce\/","url":"https:\/\/elfsight.com\/pl\/calculator-form-widget\/woocommerce\/","name":"DodajKalkulatorDoWooCommerce-Zwi\u0119kszLiczenieNaStronach","isPartOf":{"@id":"https:\/\/elfsight.com\/pl\/#website"},"datePublished":"2024-04-15T11:50:29+00:00","dateModified":"2024-12-25T10:32:39+00:00","description":"Porad\u017asobiezkomplikowanymobliczaniemwielokrotnychkrok\u00f3wznaszymresponsywnymKalkulatorem.KorzystajzwygodnedemoodElfsight,abystworzy\u0107wszechstronnywidget.","breadcrumb":{"@id":"https:\/\/elfsight.com\/pl\/calculator-form-widget\/woocommerce\/#breadcrumb"},"inLanguage":"pl-PL","potentialAction":[{"@type":"ReadAction","target":["https:\/\/elfsight.com\/pl\/calculator-form-widget\/woocommerce\/"]}]},{"@type":"BreadcrumbList","@id":"https:\/\/elfsight.com\/pl\/calculator-form-widget\/woocommerce\/#breadcrumb","itemListElement":[{"@type":"ListItem","position":1,"name":"Home","item":"https:\/\/elfsight.com\/pl\/"},{"@type":"ListItem","position":2,"name":"Calculator","item":"https:\/\/elfsight.com\/pl\/calculator-form-widget\/"},{"@type":"ListItem","position":3,"name":"Calculator &#8211; WooCommerce"}]},{"@type":"WebSite","@id":"https:\/\/elfsight.com\/pl\/#website","url":"https:\/\/elfsight.com\/pl\/","name":"Elfsight PL","description":"Just another Elfsight Sites site","potentialAction":[{"@type":"SearchAction","target":{"@type":"EntryPoint","urlTemplate":"https:\/\/elfsight.com\/pl\/?s={search_term_string}"},"query-input":{"@type":"PropertyValueSpecification","valueRequired":true,"valueName":"search_term_string"}}],"inLanguage":"pl-PL"}]}},"meta_box":{"industry":"","seo_heading":"","heading":"","description":"","cta_heading":"","cta_description":"","application":"9524","h1":"WooCommerce Kalkulator Plugin","h1_caption":"","application_category":[],"applications_title":"","applications_request_title":"","applications_request_button_text":"","hero_text":"","hero_video":"","hero_video_schema_markup":"","selling_points_title":"","selling_points_caption":"","selling_points":[],"selling_points_cta_text":"","features_title":"","features":"","ed_cta_examples_text":"","ed_cta_examples_hidden":"","ed_cta_demo_text":"","ed_cta_demo_hidden":"","why_caption":"","why_editor_title":"","why_editor_text":"","why_team_title":"","why_team_text":"","why_service_title":"","why_service_text":"","template_catalog_visible":"0","template_catalog_title":"","template_catalog_text":"","template_catalog_categories_visible":"","demo_title":"Stw\u00f3rzswoj\u0105aplikacj\u0119Kalkulatora","demo_caption":"Skonfigurujsw\u00f3jKalkulatoraiDodajgoDoTwojejstronyWooCommercezaDarmo!","default_faq_hidden":"","app_template_category":[],"platform":"335","template_public_id":"","codecanyon_url":"","codecanyon_item_id":"","codecanyon_price":"","pricing_caption":"","pricing_elfsight_apps_hide_column":"","pricing_elfsight_apps_url":"","pricing_codecanyon_price_caption":"","integration_category":[],"integration_request_title":"","integration_request_cta":"","integration_platform":"","integrations":[],"platform_category":[],"video_schema_markup":"","price":"od$0\/miesi\u0105c","trial":"","benefits":[{"text":"Bezp\u0142atnaservicainstalacji"},{"text":"Premiumwsparcie"},{"text":"14-dniowagarancjazwrotu"},{"text":"Ci\u0105g\u0142yrozw\u00f3j"},{"text":""}],"button_url":"#demo","button_target_blank":"0","button_nofollow":"0","attributes":[{"name":"Instalacje","content":"50,000 - 100,000"},{"name":"Responsywny","content":"Tak"},{"name":"Kompatybilneprzegl\u0105darki","content":"Firefox, Safari, Opera, Chrome, Edge"}],"tags":[],"tags_disable_links":"0","hide_more_platforms":"","video_object":"","demo_hide_cta":"0","demo_hide_cloud_options":"0","pricing_title":"","pricing":[{"pricing_icon":"platform","pricing_title":"Elfsight Apps","pricing_title_caption":"Rozwi\u0105zanie niezale\u017cne od platformy","pricing_price":"od$0\/miesi\u0105c","pricing_price_caption":"Zacznijoddarmowego_planu","pricing_benefits":[{"text":"Nieograniczonastrony"},{"text":"Szybkiewsparcieklientai dobrzeudokumentowane"},{"text":"Bezp\u0142atnawspierainstalacji"},{"text":"W pe\u0142ni dostosowywalny"}],"pricing_button_text":"Dodajdo strony","pricing_button_url":"#demo"}],"related_apps_title":"","related_apps_hidden":"0","author":"","image":[],"title":"","job":"","social_networks":[]},"_links":{"self":[{"href":"https:\/\/elfsight.com\/pl\/wp-json\/wp\/v2\/pages\/8822","targetHints":{"allow":["GET"]}}],"collection":[{"href":"https:\/\/elfsight.com\/pl\/wp-json\/wp\/v2\/pages"}],"about":[{"href":"https:\/\/elfsight.com\/pl\/wp-json\/wp\/v2\/types\/page"}],"author":[{"embeddable":true,"href":"https:\/\/elfsight.com\/pl\/wp-json\/wp\/v2\/users\/9"}],"replies":[{"embeddable":true,"href":"https:\/\/elfsight.com\/pl\/wp-json\/wp\/v2\/comments?post=8822"}],"version-history":[{"count":2,"href":"https:\/\/elfsight.com\/pl\/wp-json\/wp\/v2\/pages\/8822\/revisions"}],"predecessor-version":[{"id":9639,"href":"https:\/\/elfsight.com\/pl\/wp-json\/wp\/v2\/pages\/8822\/revisions\/9639"}],"up":[{"embeddable":true,"href":"https:\/\/elfsight.com\/pl\/wp-json\/wp\/v2\/pages\/8254"}],"wp:attachment":[{"href":"https:\/\/elfsight.com\/pl\/wp-json\/wp\/v2\/media?parent=8822"}],"curies":[{"name":"wp","href":"https:\/\/api.w.org\/{rel}","templated":true}]}}