{"id":8814,"date":"2024-04-15T12:22:18","date_gmt":"2024-04-15T12:22:18","guid":{"rendered":"https:\/\/elfsight.com\/pl\/?page_id=8814"},"modified":"2024-12-25T10:56:43","modified_gmt":"2024-12-25T10:56:43","slug":"opencart","status":"publish","type":"page","link":"https:\/\/elfsight.com\/pl\/calculator-form-widget\/opencart\/","title":{"rendered":"Calculator &#8211; OpenCart"},"content":{"rendered":"<div class=\"application-platform-content-item-description application-platform-content-item\" id=\"description\" data-nav-section=\"description\">  <h2>Wstaw kalkulator do OpenCart za pomoc\u0105 rozszerzenia Elfsight<\/h2> <p>Widget Kalkulatora daje u\u017cytkownikom Twojej strony internetowej mo\u017cliwo\u015b\u0107 planowania wydatk\u00f3w, tras podr\u00f3\u017cy, proporcji kulinarnych i wielu innych rzeczy, w zale\u017cno\u015bci od Twojej bran\u017cy. Mo\u017cesz doda\u0107 wymagane pola i przydatne opcje do tego osadzonego widgetu, aby klienci mogli analizowa\u0107 korzy\u015bci bez opuszczania strony. Funkcja logiki warunkowej pozwala budowa\u0107 uniwersalne wzorce dla ka\u017cdego scenariusza i ka\u017cdego klienta.<\/p><p>Zmienne elementy, takie jak pola wyboru, suwaki i listy rozwijane, umo\u017cliwiaj\u0105 uwzgl\u0119dnienie dowolnego wzorca cenowego dla r\u00f3\u017cnych ofert. Na przyk\u0142ad, mo\u017cna obliczy\u0107 po\u017cyczki z okre\u015blonym oprocentowaniem na wymagany okres czasu. Mo\u017cesz zaoferowa\u0107 wynajem samochod\u00f3w z wieloma dodatkowymi opcjami do wyboru. Ponadto kalkulator jest w stanie zaplanowa\u0107 wymarzon\u0105 podr\u00f3\u017c, obliczaj\u0105c transport, zakwaterowanie i najlepsze wydarzenia. <\/p><p><b>Twoi klienci doceni\u0105 przyjazne do\u015bwiadczenie kalkulacyjne, integruj\u0105c pot\u0119\u017cny widget do oblicze\u0144! <\/b><\/p><\/div> <div class=\"application-platform-content-item-features application-platform-content-item\" id=\"features\" data-nav-section=\"features\"> <h2>Najwa\u017cniejsze funkcje widgetu to<\/h2> <ul><li>Rozwi\u0105zanie z przejrzystym interfejsem, kt\u00f3re umo\u017cliwia wykonywanie dowolnych operacji<\/li><li>Wiele typ\u00f3w p\u00f3l obliczeniowych dopasowanych do Twoich potrzeb<\/li><li>Logika warunkowa do pracy nawet z szczeg\u00f3\u0142owymi obliczeniami<\/li><li>Gotowe szablony, kt\u00f3re umo\u017cliwiaj\u0105 \u0142atwy start<\/li><li>Zintegrowane narz\u0119dzie wspieraj\u0105ce podejmowanie decyzji<\/li><\/ul><p><a href=\"#demo\">Mo\u017cesz sprawdzi\u0107, czy widget Ci odpowiada, wypr\u00f3bowuj\u0105c demo<\/a><\/p><\/div> <div class=\"application-platform-content-item-installation application-platform-content-item\" id=\"installation\" data-nav-section=\"installation\"> <h2>Jak wstawi\u0107 Kalkulator na moj\u0105 stron\u0119 OpenCart?<\/h2> <p>Wykonaj poni\u017csze kroki, aby zintegrowa\u0107 wtyczk\u0119.<\/p> <ol><li><b>Przeprowad\u017a nasze darmowe demo i zacznij tworzy\u0107 sw\u00f3j niestandardowy instrument. <\/b><br> Okre\u015bl wybrany uk\u0142ad i opcje wtyczki, a nast\u0119pnie zapisz poprawki. <\/li>  <li><b>Otrzymaj unikalny kod wy\u015bwietlony w oknie na Elfsight Apps. <\/b><br> Gdy konfiguracja Twojego narz\u0119dzia zostanie zako\u0144czona, skopiuj indywidualny kod z wy\u015bwietlonego okna i zachowaj go na p\u00f3\u017aniej. <\/li>  <li><b>Rozpocznij u\u017cywanie narz\u0119dzia na swojej stronie OpenCart. <\/b><br> Wklej zapisany wcze\u015bniej kod na swoj\u0105 stron\u0119 i zastosuj poprawki. <\/li>  <li><b>Ustawienie zosta\u0142o pomy\u015blnie zako\u0144czone. <\/b><br> Odwied\u017a swoj\u0105 stron\u0119, aby sprawdzi\u0107, jak dzia\u0142a wtyczka. <\/li><\/ol> <p>W razie jakichkolwiek pyta\u0144 lub problem\u00f3w, skontaktuj si\u0119 z naszym zespo\u0142em wsparcia. Nasi specjali\u015bci z rado\u015bci\u0105 pomog\u0105 rozwi\u0105za\u0107 wszystkie problemy, kt\u00f3re mo\u017cesz napotka\u0107 przy korzystaniu z narz\u0119dzia. <\/p><\/div> ","protected":false},"excerpt":{"rendered":"","protected":false},"author":9,"featured_media":0,"parent":8254,"menu_order":0,"comment_status":"closed","ping_status":"closed","template":"templates\/template-application-platform.php","meta":{"publish_to_discourse":"","publish_post_category":"","wpdc_auto_publish_overridden":"","wpdc_topic_tags":"","wpdc_pin_topic":"","wpdc_pin_until":"","discourse_post_id":"","discourse_permalink":"","wpdc_publishing_response":"","wpdc_publishing_error":"","footnotes":""},"class_list":["post-8814","page","type-page","status-publish","hentry"],"yoast_head":"<!-- This site is optimized with the Yoast SEO plugin v25.3.1 - https:\/\/yoast.com\/wordpress\/plugins\/seo\/ -->\n<title>Osad\u017aKalkulatorWOpenCart-Zwi\u0119kszObliczeniaNaStronie<\/title>\n<meta name=\"description\" content=\"Upro\u015b\u0107nawetwielokrokoweobliczeniabeznaszymkalkulatoremukierowanymdouk\u017cytkownika.KorzystajzwygodnedemoodElfsight,abystworzy\u0107interaktywnywidget.\" \/>\n<meta name=\"robots\" content=\"index, follow, max-snippet:-1, max-image-preview:large, max-video-preview:-1\" \/>\n<link rel=\"canonical\" href=\"https:\/\/elfsight.com\/pl\/calculator-form-widget\/opencart\/\" \/>\n<meta property=\"og:locale\" content=\"pl_PL\" \/>\n<meta property=\"og:type\" content=\"article\" \/>\n<meta property=\"og:title\" content=\"Osad\u017aKalkulatorWOpenCart-Zwi\u0119kszObliczeniaNaStronie\" \/>\n<meta property=\"og:description\" content=\"Upro\u015b\u0107nawetwielokrokoweobliczeniabeznaszymkalkulatoremukierowanymdouk\u017cytkownika.KorzystajzwygodnedemoodElfsight,abystworzy\u0107interaktywnywidget.\" \/>\n<meta property=\"og:url\" content=\"https:\/\/elfsight.com\/pl\/calculator-form-widget\/opencart\/\" \/>\n<meta property=\"og:site_name\" content=\"Elfsight PL\" \/>\n<meta property=\"article:modified_time\" content=\"2024-12-25T10:56:43+00:00\" \/>\n<meta name=\"twitter:card\" content=\"summary_large_image\" \/>\n<meta name=\"twitter:label1\" content=\"Szacowany czas czytania\" \/>\n\t<meta name=\"twitter:data1\" content=\"2 minuty\" \/>\n<!-- \/ Yoast SEO plugin. -->","yoast_head_json":{"title":"Osad\u017aKalkulatorWOpenCart-Zwi\u0119kszObliczeniaNaStronie","description":"Upro\u015b\u0107nawetwielokrokoweobliczeniabeznaszymkalkulatoremukierowanymdouk\u017cytkownika.KorzystajzwygodnedemoodElfsight,abystworzy\u0107interaktywnywidget.","robots":{"index":"index","follow":"follow","max-snippet":"max-snippet:-1","max-image-preview":"max-image-preview:large","max-video-preview":"max-video-preview:-1"},"canonical":"https:\/\/elfsight.com\/pl\/calculator-form-widget\/opencart\/","og_locale":"pl_PL","og_type":"article","og_title":"Osad\u017aKalkulatorWOpenCart-Zwi\u0119kszObliczeniaNaStronie","og_description":"Upro\u015b\u0107nawetwielokrokoweobliczeniabeznaszymkalkulatoremukierowanymdouk\u017cytkownika.KorzystajzwygodnedemoodElfsight,abystworzy\u0107interaktywnywidget.","og_url":"https:\/\/elfsight.com\/pl\/calculator-form-widget\/opencart\/","og_site_name":"Elfsight PL","article_modified_time":"2024-12-25T10:56:43+00:00","twitter_card":"summary_large_image","twitter_misc":{"Szacowany czas czytania":"2 minuty"},"schema":{"@context":"https:\/\/schema.org","@graph":[{"@type":"WebPage","@id":"https:\/\/elfsight.com\/pl\/calculator-form-widget\/opencart\/","url":"https:\/\/elfsight.com\/pl\/calculator-form-widget\/opencart\/","name":"Osad\u017aKalkulatorWOpenCart-Zwi\u0119kszObliczeniaNaStronie","isPartOf":{"@id":"https:\/\/elfsight.com\/pl\/#website"},"datePublished":"2024-04-15T12:22:18+00:00","dateModified":"2024-12-25T10:56:43+00:00","description":"Upro\u015b\u0107nawetwielokrokoweobliczeniabeznaszymkalkulatoremukierowanymdouk\u017cytkownika.KorzystajzwygodnedemoodElfsight,abystworzy\u0107interaktywnywidget.","breadcrumb":{"@id":"https:\/\/elfsight.com\/pl\/calculator-form-widget\/opencart\/#breadcrumb"},"inLanguage":"pl-PL","potentialAction":[{"@type":"ReadAction","target":["https:\/\/elfsight.com\/pl\/calculator-form-widget\/opencart\/"]}]},{"@type":"BreadcrumbList","@id":"https:\/\/elfsight.com\/pl\/calculator-form-widget\/opencart\/#breadcrumb","itemListElement":[{"@type":"ListItem","position":1,"name":"Home","item":"https:\/\/elfsight.com\/pl\/"},{"@type":"ListItem","position":2,"name":"Calculator","item":"https:\/\/elfsight.com\/pl\/calculator-form-widget\/"},{"@type":"ListItem","position":3,"name":"Calculator &#8211; OpenCart"}]},{"@type":"WebSite","@id":"https:\/\/elfsight.com\/pl\/#website","url":"https:\/\/elfsight.com\/pl\/","name":"Elfsight PL","description":"Just another Elfsight Sites site","potentialAction":[{"@type":"SearchAction","target":{"@type":"EntryPoint","urlTemplate":"https:\/\/elfsight.com\/pl\/?s={search_term_string}"},"query-input":{"@type":"PropertyValueSpecification","valueRequired":true,"valueName":"search_term_string"}}],"inLanguage":"pl-PL"}]}},"meta_box":{"industry":"","seo_heading":"","heading":"","description":"","cta_heading":"","cta_description":"","application":"9524","h1":"OpenCart Kalkulator Extension","h1_caption":"","application_category":[],"applications_title":"","applications_request_title":"","applications_request_button_text":"","hero_text":"","hero_video":"","hero_video_schema_markup":"","selling_points_title":"","selling_points_caption":"","selling_points":[],"selling_points_cta_text":"","features_title":"","features":"","ed_cta_examples_text":"","ed_cta_examples_hidden":"","ed_cta_demo_text":"","ed_cta_demo_hidden":"","why_caption":"","why_editor_title":"","why_editor_text":"","why_team_title":"","why_team_text":"","why_service_title":"","why_service_text":"","template_catalog_visible":"0","template_catalog_title":"","template_catalog_text":"","template_catalog_categories_visible":"","demo_title":"Stw\u00f3rzswoj\u0105rozszerzenieKalkulatora","demo_caption":"Skonfigurujsw\u00f3jKalkulatoraiDodajgoDoTwojejstronyOpenCartzaDarmo!","default_faq_hidden":"","app_template_category":[],"platform":"107","template_public_id":"","codecanyon_url":"","codecanyon_item_id":"","codecanyon_price":"","pricing_caption":"","pricing_elfsight_apps_hide_column":"","pricing_elfsight_apps_url":"","pricing_codecanyon_price_caption":"","integration_category":[],"integration_request_title":"","integration_request_cta":"","integration_platform":"","integrations":[],"platform_category":[],"video_schema_markup":"","price":"od$0\/miesi\u0105c","trial":"","benefits":[{"text":"Bezp\u0142atnahelpoinstalacji"},{"text":"Profesjonalnaserwisklienta"},{"text":"14-dniowagarancjazwrotu"},{"text":"Regularnebezp\u0142atneulepszenia"},{"text":""}],"button_url":"#demo","button_target_blank":"0","button_nofollow":"0","attributes":[{"name":"Instalacje","content":"50,000 - 100,000"},{"name":"Responsywny","content":"Tak"},{"name":"Kompatybilneprzegl\u0105darki","content":"Firefox, Safari, Opera, Chrome, Edge"}],"tags":[],"tags_disable_links":"0","hide_more_platforms":"","video_object":"","demo_hide_cta":"0","demo_hide_cloud_options":"0","pricing_title":"","pricing":[{"pricing_icon":"platform","pricing_title":"Elfsight Apps","pricing_title_caption":"Oprogramowanie wieloplatformowe, kt\u00f3re pasuje do ka\u017cdej strony","pricing_price":"od$0\/miesi\u0105c","pricing_price_caption":"Zacznijoddarmowego_planu","pricing_benefits":[{"text":"Nieograniczonastrony"},{"text":"Dedykowanewsparcieklientai dobrzeudokumentowane"},{"text":"Bezp\u0142atnawspierainstalacji"},{"text":"Elastyczny projekt"}],"pricing_button_text":"Dodajdo strony","pricing_button_url":"#demo"}],"related_apps_title":"","related_apps_hidden":"0","author":"","image":[],"title":"","job":"","social_networks":[]},"_links":{"self":[{"href":"https:\/\/elfsight.com\/pl\/wp-json\/wp\/v2\/pages\/8814","targetHints":{"allow":["GET"]}}],"collection":[{"href":"https:\/\/elfsight.com\/pl\/wp-json\/wp\/v2\/pages"}],"about":[{"href":"https:\/\/elfsight.com\/pl\/wp-json\/wp\/v2\/types\/page"}],"author":[{"embeddable":true,"href":"https:\/\/elfsight.com\/pl\/wp-json\/wp\/v2\/users\/9"}],"replies":[{"embeddable":true,"href":"https:\/\/elfsight.com\/pl\/wp-json\/wp\/v2\/comments?post=8814"}],"version-history":[{"count":2,"href":"https:\/\/elfsight.com\/pl\/wp-json\/wp\/v2\/pages\/8814\/revisions"}],"predecessor-version":[{"id":9654,"href":"https:\/\/elfsight.com\/pl\/wp-json\/wp\/v2\/pages\/8814\/revisions\/9654"}],"up":[{"embeddable":true,"href":"https:\/\/elfsight.com\/pl\/wp-json\/wp\/v2\/pages\/8254"}],"wp:attachment":[{"href":"https:\/\/elfsight.com\/pl\/wp-json\/wp\/v2\/media?parent=8814"}],"curies":[{"name":"wp","href":"https:\/\/api.w.org\/{rel}","templated":true}]}}