{"id":8813,"date":"2024-04-15T12:25:51","date_gmt":"2024-04-15T12:25:51","guid":{"rendered":"https:\/\/elfsight.com\/pl\/?page_id=8813"},"modified":"2024-12-25T10:55:59","modified_gmt":"2024-12-25T10:55:59","slug":"jquery","status":"publish","type":"page","link":"https:\/\/elfsight.com\/pl\/calculator-form-widget\/jquery\/","title":{"rendered":"Calculator &#8211; jQuery"},"content":{"rendered":"<div class=\"application-platform-content-item-description application-platform-content-item\" id=\"description\" data-nav-section=\"description\">  <h2>Wstaw kalkulator do jQuery za pomoc\u0105 wtyczki Elfsight<\/h2> <p>Widget Kalkulatora daje u\u017cytkownikom Twojej strony internetowej mo\u017cliwo\u015b\u0107 planowania wydatk\u00f3w, tras podr\u00f3\u017cy, proporcji kulinarnych i wielu innych rzeczy, w zale\u017cno\u015bci od Twojej bran\u017cy. Mo\u017cesz doda\u0107 r\u00f3\u017cne pola i dodatkowe opcje do tego osadzonego widgetu, aby u\u017cytkownicy mogli sprawdzi\u0107 swoje korzy\u015bci bez opuszczania strony. Funkcja logiki warunkowej pozwala budowa\u0107 uniwersalne wzorce dla ka\u017cdego scenariusza i ka\u017cdego u\u017cytkownika.<\/p><p>Zmienne elementy, takie jak pola wyboru, suwaki i listy rozwijane, umo\u017cliwiaj\u0105 uwzgl\u0119dnienie dowolnego wzorca cenowego dla okre\u015blonych ofert. Na przyk\u0142ad mo\u017cesz obliczy\u0107 po\u017cyczki na okre\u015blony procent na wymagany okres czasu. Mo\u017cesz zaoferowa\u0107 wynajem samochod\u00f3w z wieloma dodatkowymi opcjami do wyboru. Ponadto kalkulator jest w stanie zaplanowa\u0107 wymarzon\u0105 podr\u00f3\u017c, obliczaj\u0105c transport, zakwaterowanie i najwa\u017cniejsze wydarzenia. <\/p><p><b>Zaimponuj swoim odwiedzaj\u0105cym solidnym do\u015bwiadczeniem kalkulacyjnym, integruj\u0105c pot\u0119\u017cny widget do oblicze\u0144! <\/b><\/p><\/div> <div class=\"application-platform-content-item-features application-platform-content-item\" id=\"features\" data-nav-section=\"features\"> <h2>Oto kluczowe funkcje widgetu:<\/h2> <ul><li>Narz\u0119dzie z przejrzystym interfejsem, kt\u00f3re wykonuje wszystkie operacje<\/li><li>Wiele rozwi\u0105za\u0144 w polach operacyjnych dostosowanych do Twoich cel\u00f3w<\/li><li>Logika warunkowa, kt\u00f3ra obs\u0142uguje nawet wieloetapowe obliczenia<\/li><li>Zarz\u0105dzalne szablony, kt\u00f3re umo\u017cliwiaj\u0105 \u0142atwy pocz\u0105tek<\/li><li>Rozwi\u0105zanie na stronie, kt\u00f3re wspomaga podejmowanie decyzji<\/li><\/ul><p><a href=\"#demo\">Mo\u017cesz zobaczy\u0107, co oferuje widget, pr\u00f3buj\u0105c demo<\/a><\/p><\/div> <div class=\"application-platform-content-item-installation application-platform-content-item\" id=\"installation\" data-nav-section=\"installation\"> <h2>Jak wstawi\u0107 Kalkulator na moj\u0105 stron\u0119 jQuery?<\/h2> <p>Wykonaj kilka krok\u00f3w poni\u017cej, aby zacz\u0105\u0107 korzysta\u0107 z widgetu.<\/p> <ol><li><b>Otw\u00f3rz nasz darmowy edytor i zacznij tworzy\u0107 swoj\u0105 unikaln\u0105 wtyczk\u0119. <\/b><br> Okre\u015bl preferowany wygl\u0105d i cechy narz\u0119dzia, a nast\u0119pnie zastosuj modyfikacje. <\/li>  <li><b>Otrzymaj unikalny kod wy\u015bwietlony w oknie na Elfsight Apps. <\/b><br> Po zako\u0144czeniu ustawiania swojej wtyczki, skopiuj indywidualny kod z wy\u015bwietlonego okna i zachowaj go do p\u00f3\u017aniejszego u\u017cycia. <\/li>  <li><b>Rozpocznij korzystanie z wtyczki na swojej stronie jQuery. <\/b><br> Wstaw skopiowany kod na swoj\u0105 stron\u0119 internetow\u0105 i zastosuj poprawki. <\/li>  <li><b>Zako\u0144czono! Ustawienia zosta\u0142y pomy\u015blnie zako\u0144czone. <\/b><br> Odwied\u017a swoj\u0105 stron\u0119, aby zobaczy\u0107 dzia\u0142anie widgetu. <\/li><\/ol> <p>W razie pyta\u0144 lub napotkania trudno\u015bci, skontaktuj si\u0119 z naszym zespo\u0142em obs\u0142ugi klienta. Nasi pracownicy z przyjemno\u015bci\u0105 pomog\u0105 rozwi\u0105za\u0107 wszelkie problemy, kt\u00f3re mo\u017cesz napotka\u0107 przy korzystaniu z narz\u0119dzia. <\/p><\/div> ","protected":false},"excerpt":{"rendered":"","protected":false},"author":9,"featured_media":0,"parent":8254,"menu_order":0,"comment_status":"closed","ping_status":"closed","template":"templates\/template-application-platform.php","meta":{"publish_to_discourse":"","publish_post_category":"","wpdc_auto_publish_overridden":"","wpdc_topic_tags":"","wpdc_pin_topic":"","wpdc_pin_until":"","discourse_post_id":"","discourse_permalink":"","wpdc_publishing_response":"","wpdc_publishing_error":"","footnotes":""},"class_list":["post-8813","page","type-page","status-publish","hentry"],"yoast_head":"<!-- This site is optimized with the Yoast SEO plugin v25.3.1 - https:\/\/yoast.com\/wordpress\/plugins\/seo\/ -->\n<title>DodajKalkulatorDojQuery-Osad\u017aCzytelnyPluginLiczeniaNaStronie<\/title>\n<meta name=\"description\" content=\"OpanujkomplikowanewszystkieobliczeniaznaszymresponsywnymKalkulatorem.Wypr\u00f3bujczysteDemoodElfsight,abystworzy\u0107u\u017cytecznywidget.\" \/>\n<meta name=\"robots\" content=\"index, follow, max-snippet:-1, max-image-preview:large, max-video-preview:-1\" \/>\n<link rel=\"canonical\" href=\"https:\/\/elfsight.com\/pl\/calculator-form-widget\/jquery\/\" \/>\n<meta property=\"og:locale\" content=\"pl_PL\" \/>\n<meta property=\"og:type\" content=\"article\" \/>\n<meta property=\"og:title\" content=\"DodajKalkulatorDojQuery-Osad\u017aCzytelnyPluginLiczeniaNaStronie\" \/>\n<meta property=\"og:description\" content=\"OpanujkomplikowanewszystkieobliczeniaznaszymresponsywnymKalkulatorem.Wypr\u00f3bujczysteDemoodElfsight,abystworzy\u0107u\u017cytecznywidget.\" \/>\n<meta property=\"og:url\" content=\"https:\/\/elfsight.com\/pl\/calculator-form-widget\/jquery\/\" \/>\n<meta property=\"og:site_name\" content=\"Elfsight PL\" \/>\n<meta property=\"article:modified_time\" content=\"2024-12-25T10:55:59+00:00\" \/>\n<meta name=\"twitter:card\" content=\"summary_large_image\" \/>\n<meta name=\"twitter:label1\" content=\"Szacowany czas czytania\" \/>\n\t<meta name=\"twitter:data1\" content=\"2 minuty\" \/>\n<!-- \/ Yoast SEO plugin. -->","yoast_head_json":{"title":"DodajKalkulatorDojQuery-Osad\u017aCzytelnyPluginLiczeniaNaStronie","description":"OpanujkomplikowanewszystkieobliczeniaznaszymresponsywnymKalkulatorem.Wypr\u00f3bujczysteDemoodElfsight,abystworzy\u0107u\u017cytecznywidget.","robots":{"index":"index","follow":"follow","max-snippet":"max-snippet:-1","max-image-preview":"max-image-preview:large","max-video-preview":"max-video-preview:-1"},"canonical":"https:\/\/elfsight.com\/pl\/calculator-form-widget\/jquery\/","og_locale":"pl_PL","og_type":"article","og_title":"DodajKalkulatorDojQuery-Osad\u017aCzytelnyPluginLiczeniaNaStronie","og_description":"OpanujkomplikowanewszystkieobliczeniaznaszymresponsywnymKalkulatorem.Wypr\u00f3bujczysteDemoodElfsight,abystworzy\u0107u\u017cytecznywidget.","og_url":"https:\/\/elfsight.com\/pl\/calculator-form-widget\/jquery\/","og_site_name":"Elfsight PL","article_modified_time":"2024-12-25T10:55:59+00:00","twitter_card":"summary_large_image","twitter_misc":{"Szacowany czas czytania":"2 minuty"},"schema":{"@context":"https:\/\/schema.org","@graph":[{"@type":"WebPage","@id":"https:\/\/elfsight.com\/pl\/calculator-form-widget\/jquery\/","url":"https:\/\/elfsight.com\/pl\/calculator-form-widget\/jquery\/","name":"DodajKalkulatorDojQuery-Osad\u017aCzytelnyPluginLiczeniaNaStronie","isPartOf":{"@id":"https:\/\/elfsight.com\/pl\/#website"},"datePublished":"2024-04-15T12:25:51+00:00","dateModified":"2024-12-25T10:55:59+00:00","description":"OpanujkomplikowanewszystkieobliczeniaznaszymresponsywnymKalkulatorem.Wypr\u00f3bujczysteDemoodElfsight,abystworzy\u0107u\u017cytecznywidget.","breadcrumb":{"@id":"https:\/\/elfsight.com\/pl\/calculator-form-widget\/jquery\/#breadcrumb"},"inLanguage":"pl-PL","potentialAction":[{"@type":"ReadAction","target":["https:\/\/elfsight.com\/pl\/calculator-form-widget\/jquery\/"]}]},{"@type":"BreadcrumbList","@id":"https:\/\/elfsight.com\/pl\/calculator-form-widget\/jquery\/#breadcrumb","itemListElement":[{"@type":"ListItem","position":1,"name":"Home","item":"https:\/\/elfsight.com\/pl\/"},{"@type":"ListItem","position":2,"name":"Calculator","item":"https:\/\/elfsight.com\/pl\/calculator-form-widget\/"},{"@type":"ListItem","position":3,"name":"Calculator &#8211; jQuery"}]},{"@type":"WebSite","@id":"https:\/\/elfsight.com\/pl\/#website","url":"https:\/\/elfsight.com\/pl\/","name":"Elfsight PL","description":"Just another Elfsight Sites site","potentialAction":[{"@type":"SearchAction","target":{"@type":"EntryPoint","urlTemplate":"https:\/\/elfsight.com\/pl\/?s={search_term_string}"},"query-input":{"@type":"PropertyValueSpecification","valueRequired":true,"valueName":"search_term_string"}}],"inLanguage":"pl-PL"}]}},"meta_box":{"industry":"","seo_heading":"","heading":"","description":"","cta_heading":"","cta_description":"","application":"9524","h1":"jQuery Kalkulator Plugin","h1_caption":"","application_category":[],"applications_title":"","applications_request_title":"","applications_request_button_text":"","hero_text":"","hero_video":"","hero_video_schema_markup":"","selling_points_title":"","selling_points_caption":"","selling_points":[],"selling_points_cta_text":"","features_title":"","features":"","ed_cta_examples_text":"","ed_cta_examples_hidden":"","ed_cta_demo_text":"","ed_cta_demo_hidden":"","why_caption":"","why_editor_title":"","why_editor_text":"","why_team_title":"","why_team_text":"","why_service_title":"","why_service_text":"","template_catalog_visible":"0","template_catalog_title":"","template_catalog_text":"","template_catalog_categories_visible":"","demo_title":"Stw\u00f3rzsw\u00f3jpluginKalkulatora","demo_caption":"Skonfigurujsw\u00f3jKalkulatoraiDodajgoDoTwojejstronyjQueryzaDarmo!","default_faq_hidden":"","app_template_category":[],"platform":"56","template_public_id":"","codecanyon_url":"","codecanyon_item_id":"","codecanyon_price":"","pricing_caption":"","pricing_elfsight_apps_hide_column":"","pricing_elfsight_apps_url":"","pricing_codecanyon_price_caption":"","integration_category":[],"integration_request_title":"","integration_request_cta":"","integration_platform":"","integrations":[],"platform_category":[],"video_schema_markup":"","price":"od$0\/miesi\u0105c","trial":"","benefits":[{"text":"Bezp\u0142atnaservicainstalacji"},{"text":"Premiumwsparcie"},{"text":"14-dniowagarancjazwrotu"},{"text":"Ci\u0105g\u0142eaktualizacje"},{"text":""}],"button_url":"#demo","button_target_blank":"0","button_nofollow":"0","attributes":[{"name":"Instalacje","content":"50,000 - 100,000"},{"name":"Responsywny","content":"Tak"},{"name":"Kompatybilneprzegl\u0105darki","content":"Firefox, Safari, Opera, Chrome, Edge"}],"tags":[],"tags_disable_links":"0","hide_more_platforms":"","video_object":"","demo_hide_cta":"0","demo_hide_cloud_options":"0","pricing_title":"","pricing":[{"pricing_icon":"platform","pricing_title":"Elfsight Apps","pricing_title_caption":"Oprogramowanie wieloplatformowe, kt\u00f3re dzia\u0142a na ka\u017cdej stronie","pricing_price":"od$0\/miesi\u0105c","pricing_price_caption":"Zacznijoddarmowego_planu","pricing_benefits":[{"text":"Nieograniczonastrony"},{"text":"Dedykowanewsparcieklientai dobrzeudokumentowane"},{"text":"Bezp\u0142atnapomocinstalacyjna"},{"text":"Elastyczny projekt"}],"pricing_button_text":"Dodajdo strony","pricing_button_url":"#demo"}],"related_apps_title":"","related_apps_hidden":"0","author":"","image":[],"title":"","job":"","social_networks":[]},"_links":{"self":[{"href":"https:\/\/elfsight.com\/pl\/wp-json\/wp\/v2\/pages\/8813","targetHints":{"allow":["GET"]}}],"collection":[{"href":"https:\/\/elfsight.com\/pl\/wp-json\/wp\/v2\/pages"}],"about":[{"href":"https:\/\/elfsight.com\/pl\/wp-json\/wp\/v2\/types\/page"}],"author":[{"embeddable":true,"href":"https:\/\/elfsight.com\/pl\/wp-json\/wp\/v2\/users\/9"}],"replies":[{"embeddable":true,"href":"https:\/\/elfsight.com\/pl\/wp-json\/wp\/v2\/comments?post=8813"}],"version-history":[{"count":2,"href":"https:\/\/elfsight.com\/pl\/wp-json\/wp\/v2\/pages\/8813\/revisions"}],"predecessor-version":[{"id":9651,"href":"https:\/\/elfsight.com\/pl\/wp-json\/wp\/v2\/pages\/8813\/revisions\/9651"}],"up":[{"embeddable":true,"href":"https:\/\/elfsight.com\/pl\/wp-json\/wp\/v2\/pages\/8254"}],"wp:attachment":[{"href":"https:\/\/elfsight.com\/pl\/wp-json\/wp\/v2\/media?parent=8813"}],"curies":[{"name":"wp","href":"https:\/\/api.w.org\/{rel}","templated":true}]}}